{"id":44907,"date":"2025-07-25T14:39:18","date_gmt":"2025-07-25T18:03:05","guid":{"rendered":"https:\/\/www.qnde.ca\/?post_type=product&#038;p=44907"},"modified":"2025-08-19T13:21:25","modified_gmt":"2025-08-19T17:21:25","slug":"drive-ndt-logiciel-gestion","status":"publish","type":"product","link":"https:\/\/www.qnde.ca\/fr\/produit\/drive-ndt-logiciel-gestion\/","title":{"rendered":"Drive NDT Logiciel de Gestion"},"content":{"rendered":"<p><strong>Drive NDT Logiciel de Gestion<\/strong><\/p>\n<p>Logiciel de gestion bas\u00e9 sur le cloud pour la g\u00e9n\u00e9ration de rapports d\u2019essais, manuelle ou automatis\u00e9e. Centralise l\u2019ensemble des m\u00e9thodes et processus li\u00e9s au NDT dans un syst\u00e8me unique. Prend en charge l\u2019int\u00e9gralit\u00e9 du processus de travail du NDT, y compris l\u2019organisation et le contr\u00f4le du personnel, des clients et des \u00e9quipements.<\/p>\n<p>Points forts :<\/p>\n<ul>\n<li>Application web : accessible depuis n\u2019importe quelle tablette ou smartphone<\/li>\n<li>Acc\u00e8s en temps r\u00e9el : toutes les donn\u00e9es sont consultables \u00e0 tout moment, sur n\u2019importe quel appareil<\/li>\n<li>Tra\u00e7abilit\u00e9 compl\u00e8te : garantie de la tra\u00e7abilit\u00e9 int\u00e9grale de chaque \u00e9tape et des proc\u00e9dures normalis\u00e9es<\/li>\n<\/ul>\n<p>Fonctionnalit\u00e9s :<\/p>\n<ul>\n<li>Vue d\u2019ensemble compl\u00e8te du processus de travail pour un contr\u00f4le optimal<\/li>\n<li>Gestion des commandes en temps r\u00e9el<\/li>\n<li>G\u00e9n\u00e9ration de rapports d\u2019essais NDT, automatique et manuelle<\/li>\n<li>Gestion des objets d\u2019essai et des \u00e9quipements<\/li>\n<li>Administration du personnel d\u2019inspection et des r\u00f4les utilisateurs<\/li>\n<li>Registre de services et historique des interventions<\/li>\n<li>Gestion des proc\u00e9dures et normes d\u2019inspection<\/li>\n<li>Suivi des revenus<\/li>\n<li>Gestion centralis\u00e9e des donn\u00e9es clients<\/li>\n<li>Gestionnaire de m\u00e9dias int\u00e9gr\u00e9 (photos, vid\u00e9os, fichiers)<\/li>\n<\/ul>\n<p>Contactez-nous pour discuter de votre application, de vos besoins, des options disponibles et\/ou pour obtenir un devis.<\/p>\n","protected":false},"excerpt":{"rendered":"<p>Drive NDT Logiciel de Gestion Logiciel de gestion bas\u00e9 sur le cloud pour la g\u00e9n\u00e9ration de rapports d\u2019essais, manuelle ou automatis\u00e9e. Centralise l\u2019ensemble des m\u00e9thodes et processus li\u00e9s au NDT dans un syst\u00e8me unique. Prend en charge l\u2019int\u00e9gralit\u00e9 du processus de travail du NDT, y compris l\u2019organisation et le contr\u00f4le du personnel, des clients et [&hellip;]<\/p>\n","protected":false},"featured_media":44902,"template":"","meta":{"_monsterinsights_skip_tracking":false,"_monsterinsights_sitenote_active":false,"_monsterinsights_sitenote_note":"","_monsterinsights_sitenote_category":0},"product_brand":[],"product_cat":[590,138,365,141,142],"product_tag":[572,580,565,571,498,581,575,570,566,579,437,497,475,582],"class_list":{"0":"post-44907","1":"product","2":"type-product","3":"status-publish","4":"has-post-thumbnail","6":"product_cat-durr-fr","7":"product_cat-radiographie","8":"product_cat-systeme-rayons-x","9":"product_cat-radiologie-numerique-cr","10":"product_cat-radiologie-numerique-dr","11":"product_tag-analyse-dimages-industrielles","12":"product_tag-cloud-fr","13":"product_tag-d-tect-x-fr","14":"product_tag-drive-ndt-fr","15":"product_tag-durr-fr","16":"product_tag-gestion","17":"product_tag-logiciel-de-controle-non-destructif","18":"product_tag-logiciel-de-generation-de-rapports","19":"product_tag-logiciel-de-radiographie-numerique","20":"product_tag-logiciel-pour-inspection-de-rayons-x","21":"product_tag-ndt-fr","22":"product_tag-qnde-fr","23":"product_tag-quality-control-fr","24":"product_tag-rapport-de-test","26":"first","27":"instock","28":"shipping-taxable","29":"product-type-simple"},"yoast_head":"<!-- This site is optimized with the Yoast SEO plugin v23.9 - https:\/\/yoast.com\/wordpress\/plugins\/seo\/ -->\n<title>Drive NDT Logiciel de Gestion &#060; Qualit\u00e9 NDE<\/title>\n<meta name=\"description\" content=\"Logiciel de gestion bas\u00e9 sur le cloud : g\u00e9n\u00e9ration de rapports manuelle\/automatis\u00e9e, centralisation des processus, des clients et des \u00e9quipements.\" \/>\n<meta name=\"robots\" content=\"index, follow, max-snippet:-1, max-image-preview:large, max-video-preview:-1\" \/>\n<link rel=\"canonical\" href=\"https:\/\/www.qnde.ca\/fr\/produit\/drive-ndt-logiciel-gestion\/\" \/>\n<meta name=\"twitter:label1\" content=\"Dur\u00e9e de lecture estim\u00e9e\" \/>\n\t<meta name=\"twitter:data1\" content=\"1 minute\" \/>\n<script type=\"application\/ld+json\" class=\"yoast-schema-graph\">{\"@context\":\"https:\/\/schema.org\",\"@graph\":[{\"@type\":[\"WebPage\",\"ItemPage\"],\"@id\":\"https:\/\/www.qnde.ca\/fr\/produit\/drive-ndt-logiciel-gestion\/\",\"url\":\"https:\/\/www.qnde.ca\/fr\/produit\/drive-ndt-logiciel-gestion\/\",\"name\":\"Drive NDT Logiciel de Gestion &#060; Qualit\u00e9 NDE\",\"isPartOf\":{\"@id\":\"https:\/\/www.qnde.ca\/#website\"},\"primaryImageOfPage\":{\"@id\":\"https:\/\/www.qnde.ca\/fr\/produit\/drive-ndt-logiciel-gestion\/#primaryimage\"},\"image\":{\"@id\":\"https:\/\/www.qnde.ca\/fr\/produit\/drive-ndt-logiciel-gestion\/#primaryimage\"},\"thumbnailUrl\":\"https:\/\/www.qnde.ca\/wp-content\/uploads\/2025\/07\/DRIVE-NDT_monitor-logo-quad.jpg\",\"datePublished\":\"2025-07-25T18:03:05+00:00\",\"dateModified\":\"2025-08-19T17:21:25+00:00\",\"description\":\"Logiciel de gestion bas\u00e9 sur le cloud : g\u00e9n\u00e9ration de rapports manuelle\/automatis\u00e9e, centralisation des processus, des clients et des \u00e9quipements.\",\"breadcrumb\":{\"@id\":\"https:\/\/www.qnde.ca\/fr\/produit\/drive-ndt-logiciel-gestion\/#breadcrumb\"},\"inLanguage\":\"fr-FR\",\"potentialAction\":[{\"@type\":\"ReadAction\",\"target\":[\"https:\/\/www.qnde.ca\/fr\/produit\/drive-ndt-logiciel-gestion\/\"]}]},{\"@type\":\"ImageObject\",\"inLanguage\":\"fr-FR\",\"@id\":\"https:\/\/www.qnde.ca\/fr\/produit\/drive-ndt-logiciel-gestion\/#primaryimage\",\"url\":\"https:\/\/www.qnde.ca\/wp-content\/uploads\/2025\/07\/DRIVE-NDT_monitor-logo-quad.jpg\",\"contentUrl\":\"https:\/\/www.qnde.ca\/wp-content\/uploads\/2025\/07\/DRIVE-NDT_monitor-logo-quad.jpg\",\"width\":540,\"height\":540,\"caption\":\"Drive NDT Logiciel de gestion\"},{\"@type\":\"BreadcrumbList\",\"@id\":\"https:\/\/www.qnde.ca\/fr\/produit\/drive-ndt-logiciel-gestion\/#breadcrumb\",\"itemListElement\":[{\"@type\":\"ListItem\",\"position\":1,\"name\":\"Accueil\",\"item\":\"https:\/\/www.qnde.ca\/fr\/\"},{\"@type\":\"ListItem\",\"position\":2,\"name\":\"Produits\",\"item\":\"https:\/\/www.qnde.ca\/fr\/produits\/\"},{\"@type\":\"ListItem\",\"position\":3,\"name\":\"Marques\",\"item\":\"https:\/\/www.qnde.ca\/fr\/product-category\/marques\/\"},{\"@type\":\"ListItem\",\"position\":4,\"name\":\"Durr\",\"item\":\"https:\/\/www.qnde.ca\/fr\/product-category\/marques\/durr-fr\/\"},{\"@type\":\"ListItem\",\"position\":5,\"name\":\"Drive NDT Logiciel de Gestion\"}]},{\"@type\":\"WebSite\",\"@id\":\"https:\/\/www.qnde.ca\/#website\",\"url\":\"https:\/\/www.qnde.ca\/\",\"name\":\"Qualit\u00e9 NDE\",\"description\":\"\u00c9quipements d&#039;essais non destructifs \",\"publisher\":{\"@id\":\"https:\/\/www.qnde.ca\/#organization\"},\"potentialAction\":[{\"@type\":\"SearchAction\",\"target\":{\"@type\":\"EntryPoint\",\"urlTemplate\":\"https:\/\/www.qnde.ca\/?s={search_term_string}\"},\"query-input\":{\"@type\":\"PropertyValueSpecification\",\"valueRequired\":true,\"valueName\":\"search_term_string\"}}],\"inLanguage\":\"fr-FR\"},{\"@type\":\"Organization\",\"@id\":\"https:\/\/www.qnde.ca\/#organization\",\"name\":\"Quality NDT Ltd.\",\"url\":\"https:\/\/www.qnde.ca\/\",\"logo\":{\"@type\":\"ImageObject\",\"inLanguage\":\"fr-FR\",\"@id\":\"https:\/\/www.qnde.ca\/#\/schema\/logo\/image\/\",\"url\":\"https:\/\/www.qnde.ca\/wp-content\/uploads\/2022\/02\/QNDE_logo_RGB-gif.gif\",\"contentUrl\":\"https:\/\/www.qnde.ca\/wp-content\/uploads\/2022\/02\/QNDE_logo_RGB-gif.gif\",\"width\":250,\"height\":64,\"caption\":\"Quality NDT Ltd.\"},\"image\":{\"@id\":\"https:\/\/www.qnde.ca\/#\/schema\/logo\/image\/\"},\"sameAs\":[\"https:\/\/www.linkedin.com\/company\/qnde\/about\/?viewAsMember=true\"]}]}<\/script>\n<!-- \/ Yoast SEO plugin. -->","yoast_head_json":{"title":"Drive NDT Logiciel de Gestion &#060; Qualit\u00e9 NDE","description":"Logiciel de gestion bas\u00e9 sur le cloud : g\u00e9n\u00e9ration de rapports manuelle\/automatis\u00e9e, centralisation des processus, des clients et des \u00e9quipements.","robots":{"index":"index","follow":"follow","max-snippet":"max-snippet:-1","max-image-preview":"max-image-preview:large","max-video-preview":"max-video-preview:-1"},"canonical":"https:\/\/www.qnde.ca\/fr\/produit\/drive-ndt-logiciel-gestion\/","twitter_misc":{"Dur\u00e9e de lecture estim\u00e9e":"1 minute"},"schema":{"@context":"https:\/\/schema.org","@graph":[{"@type":["WebPage","ItemPage"],"@id":"https:\/\/www.qnde.ca\/fr\/produit\/drive-ndt-logiciel-gestion\/","url":"https:\/\/www.qnde.ca\/fr\/produit\/drive-ndt-logiciel-gestion\/","name":"Drive NDT Logiciel de Gestion &#060; Qualit\u00e9 NDE","isPartOf":{"@id":"https:\/\/www.qnde.ca\/#website"},"primaryImageOfPage":{"@id":"https:\/\/www.qnde.ca\/fr\/produit\/drive-ndt-logiciel-gestion\/#primaryimage"},"image":{"@id":"https:\/\/www.qnde.ca\/fr\/produit\/drive-ndt-logiciel-gestion\/#primaryimage"},"thumbnailUrl":"https:\/\/www.qnde.ca\/wp-content\/uploads\/2025\/07\/DRIVE-NDT_monitor-logo-quad.jpg","datePublished":"2025-07-25T18:03:05+00:00","dateModified":"2025-08-19T17:21:25+00:00","description":"Logiciel de gestion bas\u00e9 sur le cloud : g\u00e9n\u00e9ration de rapports manuelle\/automatis\u00e9e, centralisation des processus, des clients et des \u00e9quipements.","breadcrumb":{"@id":"https:\/\/www.qnde.ca\/fr\/produit\/drive-ndt-logiciel-gestion\/#breadcrumb"},"inLanguage":"fr-FR","potentialAction":[{"@type":"ReadAction","target":["https:\/\/www.qnde.ca\/fr\/produit\/drive-ndt-logiciel-gestion\/"]}]},{"@type":"ImageObject","inLanguage":"fr-FR","@id":"https:\/\/www.qnde.ca\/fr\/produit\/drive-ndt-logiciel-gestion\/#primaryimage","url":"https:\/\/www.qnde.ca\/wp-content\/uploads\/2025\/07\/DRIVE-NDT_monitor-logo-quad.jpg","contentUrl":"https:\/\/www.qnde.ca\/wp-content\/uploads\/2025\/07\/DRIVE-NDT_monitor-logo-quad.jpg","width":540,"height":540,"caption":"Drive NDT Logiciel de gestion"},{"@type":"BreadcrumbList","@id":"https:\/\/www.qnde.ca\/fr\/produit\/drive-ndt-logiciel-gestion\/#breadcrumb","itemListElement":[{"@type":"ListItem","position":1,"name":"Accueil","item":"https:\/\/www.qnde.ca\/fr\/"},{"@type":"ListItem","position":2,"name":"Produits","item":"https:\/\/www.qnde.ca\/fr\/produits\/"},{"@type":"ListItem","position":3,"name":"Marques","item":"https:\/\/www.qnde.ca\/fr\/product-category\/marques\/"},{"@type":"ListItem","position":4,"name":"Durr","item":"https:\/\/www.qnde.ca\/fr\/product-category\/marques\/durr-fr\/"},{"@type":"ListItem","position":5,"name":"Drive NDT Logiciel de Gestion"}]},{"@type":"WebSite","@id":"https:\/\/www.qnde.ca\/#website","url":"https:\/\/www.qnde.ca\/","name":"Qualit\u00e9 NDE","description":"\u00c9quipements d&#039;essais non destructifs ","publisher":{"@id":"https:\/\/www.qnde.ca\/#organization"},"potentialAction":[{"@type":"SearchAction","target":{"@type":"EntryPoint","urlTemplate":"https:\/\/www.qnde.ca\/?s={search_term_string}"},"query-input":{"@type":"PropertyValueSpecification","valueRequired":true,"valueName":"search_term_string"}}],"inLanguage":"fr-FR"},{"@type":"Organization","@id":"https:\/\/www.qnde.ca\/#organization","name":"Quality NDT Ltd.","url":"https:\/\/www.qnde.ca\/","logo":{"@type":"ImageObject","inLanguage":"fr-FR","@id":"https:\/\/www.qnde.ca\/#\/schema\/logo\/image\/","url":"https:\/\/www.qnde.ca\/wp-content\/uploads\/2022\/02\/QNDE_logo_RGB-gif.gif","contentUrl":"https:\/\/www.qnde.ca\/wp-content\/uploads\/2022\/02\/QNDE_logo_RGB-gif.gif","width":250,"height":64,"caption":"Quality NDT Ltd."},"image":{"@id":"https:\/\/www.qnde.ca\/#\/schema\/logo\/image\/"},"sameAs":["https:\/\/www.linkedin.com\/company\/qnde\/about\/?viewAsMember=true"]}]}},"jetpack_sharing_enabled":true,"_links":{"self":[{"href":"https:\/\/www.qnde.ca\/fr\/wp-json\/wp\/v2\/product\/44907","targetHints":{"allow":["GET"]}}],"collection":[{"href":"https:\/\/www.qnde.ca\/fr\/wp-json\/wp\/v2\/product"}],"about":[{"href":"https:\/\/www.qnde.ca\/fr\/wp-json\/wp\/v2\/types\/product"}],"wp:featuredmedia":[{"embeddable":true,"href":"https:\/\/www.qnde.ca\/fr\/wp-json\/wp\/v2\/media\/44902"}],"wp:attachment":[{"href":"https:\/\/www.qnde.ca\/fr\/wp-json\/wp\/v2\/media?parent=44907"}],"wp:term":[{"taxonomy":"product_brand","embeddable":true,"href":"https:\/\/www.qnde.ca\/fr\/wp-json\/wp\/v2\/product_brand?post=44907"},{"taxonomy":"product_cat","embeddable":true,"href":"https:\/\/www.qnde.ca\/fr\/wp-json\/wp\/v2\/product_cat?post=44907"},{"taxonomy":"product_tag","embeddable":true,"href":"https:\/\/www.qnde.ca\/fr\/wp-json\/wp\/v2\/product_tag?post=44907"}],"curies":[{"name":"wp","href":"https:\/\/api.w.org\/{rel}","templated":true}]}}