{"id":44895,"date":"2025-07-25T11:05:58","date_gmt":"2025-07-25T18:10:37","guid":{"rendered":"https:\/\/www.qnde.ca\/?post_type=product&#038;p=44895"},"modified":"2025-08-19T13:28:35","modified_gmt":"2025-08-19T17:28:35","slug":"d-tect-x-logiciel-dinspection-rayons-x","status":"publish","type":"product","link":"https:\/\/www.qnde.ca\/fr\/produit\/d-tect-x-logiciel-dinspection-rayons-x\/","title":{"rendered":"D-Tect X \u2013 Logiciel d&rsquo;inspection pour Rayons X"},"content":{"rendered":"<h5>D-Tect X \u2013 Logiciel tout-en-un d&rsquo;inspection pour Rayons X<\/h5>\n<p>Logiciel tout-en-un d&rsquo;inspection pour rayons X compatible avec DICONDE. Il inclut l\u2019acquisition d\u2019images, l\u2019\u00e9valuation, la g\u00e9n\u00e9ration de rapports, ainsi que l\u2019importation et l\u2019exportation de donn\u00e9es.<\/p>\n<p>Le logiciel comprend :<\/p>\n<ul>\n<li>X-Filter pour l\u2019am\u00e9lioration d\u2019image<\/li>\n<li>Outils compatibles avec diff\u00e9rentes normes et prise en charge illimit\u00e9e des tailles de fichiers image<\/li>\n<li>\u00a0Historique des op\u00e9rations sur images et pr\u00e9r\u00e9glages<\/li>\n<li>D\u00e9termination intelligente de la r\u00e9solution spatiale de base (SRb)<\/li>\n<li>Affichage en temps r\u00e9el de l\u2019\u00e9tat de l\u2019appareil<\/li>\n<li>Gestion des rapports et des flux de travail avec DRIVE NDT<\/li>\n<li>Garantie de 1 an<\/li>\n<\/ul>\n<p>Configuration de syst\u00e8me recommand\u00e9e :<\/p>\n<ul>\n<li>Processeur : Intel Core i7 (8e g\u00e9n\u00e9ration ou ult\u00e9rieure) ou \u00e9quivalent AMD<\/li>\n<li>M\u00e9moire vive (RAM) : \u2265 16 Go<\/li>\n<li>\u00a0Syst\u00e8me d\u2019exploitation : Microsoft Windows 11 Pro<\/li>\n<li>Disque dur : SSD<\/li>\n<li>Espace libre : \u2265 50 Go<\/li>\n<\/ul>\n<p>Contactez-nous pour discuter de votre application, de vos besoins, des options disponibles et\/ou pour obtenir un devis.<\/p>\n","protected":false},"excerpt":{"rendered":"<p>D-Tect X \u2013 Logiciel tout-en-un d&rsquo;inspection pour Rayons X Logiciel tout-en-un d&rsquo;inspection pour rayons X compatible avec DICONDE. Il inclut l\u2019acquisition d\u2019images, l\u2019\u00e9valuation, la g\u00e9n\u00e9ration de rapports, ainsi que l\u2019importation et l\u2019exportation de donn\u00e9es. Le logiciel comprend : X-Filter pour l\u2019am\u00e9lioration d\u2019image Outils compatibles avec diff\u00e9rentes normes et prise en charge illimit\u00e9e des tailles de [&hellip;]<\/p>\n","protected":false},"featured_media":44890,"template":"","meta":{"_monsterinsights_skip_tracking":false,"_monsterinsights_sitenote_active":false,"_monsterinsights_sitenote_note":"","_monsterinsights_sitenote_category":0},"product_brand":[],"product_cat":[590,138,365,141,142],"product_tag":[574,572,565,567,571,498,575,570,566,568,579,437,569,497,475,573],"class_list":{"0":"post-44895","1":"product","2":"type-product","3":"status-publish","4":"has-post-thumbnail","6":"product_cat-durr-fr","7":"product_cat-radiographie","8":"product_cat-systeme-rayons-x","9":"product_cat-radiologie-numerique-cr","10":"product_cat-radiologie-numerique-dr","11":"product_tag-amelioration-dimages-radiographiques","12":"product_tag-analyse-dimages-industrielles","13":"product_tag-d-tect-x-fr","14":"product_tag-diconde-fr","15":"product_tag-drive-ndt-fr","16":"product_tag-durr-fr","17":"product_tag-logiciel-de-controle-non-destructif","18":"product_tag-logiciel-de-generation-de-rapports","19":"product_tag-logiciel-de-radiographie-numerique","20":"product_tag-logiciel-dacquisition-dimages","21":"product_tag-logiciel-pour-inspection-de-rayons-x","22":"product_tag-ndt-fr","23":"product_tag-outils-devaluation-dimages","24":"product_tag-qnde-fr","25":"product_tag-quality-control-fr","26":"product_tag-srb-fr","28":"first","29":"instock","30":"shipping-taxable","31":"product-type-simple"},"yoast_head":"<!-- This site is optimized with the Yoast SEO plugin v23.9 - https:\/\/yoast.com\/wordpress\/plugins\/seo\/ -->\n<title>D-Tect X \u2013 Logiciel d&#039;inspection pour Rayons X &#060; Qualit\u00e9 NDE<\/title>\n<meta name=\"description\" content=\"Logiciel tout-en-un d&#039;inspection pour rayons X (D-Tect X): capture, \u00e9valuation, rapport, am\u00e9lioration X-filter et \u00e9tat en temps.\" \/>\n<meta name=\"robots\" content=\"index, follow, max-snippet:-1, max-image-preview:large, max-video-preview:-1\" \/>\n<link rel=\"canonical\" href=\"https:\/\/www.qnde.ca\/fr\/produit\/d-tect-x-logiciel-dinspection-rayons-x\/\" \/>\n<meta name=\"twitter:label1\" content=\"Dur\u00e9e de lecture estim\u00e9e\" \/>\n\t<meta name=\"twitter:data1\" content=\"1 minute\" \/>\n<script type=\"application\/ld+json\" class=\"yoast-schema-graph\">{\"@context\":\"https:\/\/schema.org\",\"@graph\":[{\"@type\":[\"WebPage\",\"ItemPage\"],\"@id\":\"https:\/\/www.qnde.ca\/fr\/produit\/d-tect-x-logiciel-dinspection-rayons-x\/\",\"url\":\"https:\/\/www.qnde.ca\/fr\/produit\/d-tect-x-logiciel-dinspection-rayons-x\/\",\"name\":\"D-Tect X \u2013 Logiciel d'inspection pour Rayons X &#060; Qualit\u00e9 NDE\",\"isPartOf\":{\"@id\":\"https:\/\/www.qnde.ca\/#website\"},\"primaryImageOfPage\":{\"@id\":\"https:\/\/www.qnde.ca\/fr\/produit\/d-tect-x-logiciel-dinspection-rayons-x\/#primaryimage\"},\"image\":{\"@id\":\"https:\/\/www.qnde.ca\/fr\/produit\/d-tect-x-logiciel-dinspection-rayons-x\/#primaryimage\"},\"thumbnailUrl\":\"https:\/\/www.qnde.ca\/wp-content\/uploads\/2025\/07\/d-tect-x-monitor-front-astm-logo.jpg\",\"datePublished\":\"2025-07-25T18:10:37+00:00\",\"dateModified\":\"2025-08-19T17:28:35+00:00\",\"description\":\"Logiciel tout-en-un d'inspection pour rayons X (D-Tect X): capture, \u00e9valuation, rapport, am\u00e9lioration X-filter et \u00e9tat en temps.\",\"breadcrumb\":{\"@id\":\"https:\/\/www.qnde.ca\/fr\/produit\/d-tect-x-logiciel-dinspection-rayons-x\/#breadcrumb\"},\"inLanguage\":\"fr-FR\",\"potentialAction\":[{\"@type\":\"ReadAction\",\"target\":[\"https:\/\/www.qnde.ca\/fr\/produit\/d-tect-x-logiciel-dinspection-rayons-x\/\"]}]},{\"@type\":\"ImageObject\",\"inLanguage\":\"fr-FR\",\"@id\":\"https:\/\/www.qnde.ca\/fr\/produit\/d-tect-x-logiciel-dinspection-rayons-x\/#primaryimage\",\"url\":\"https:\/\/www.qnde.ca\/wp-content\/uploads\/2025\/07\/d-tect-x-monitor-front-astm-logo.jpg\",\"contentUrl\":\"https:\/\/www.qnde.ca\/wp-content\/uploads\/2025\/07\/d-tect-x-monitor-front-astm-logo.jpg\",\"width\":1200,\"height\":1200,\"caption\":\"D-Tect x software\"},{\"@type\":\"BreadcrumbList\",\"@id\":\"https:\/\/www.qnde.ca\/fr\/produit\/d-tect-x-logiciel-dinspection-rayons-x\/#breadcrumb\",\"itemListElement\":[{\"@type\":\"ListItem\",\"position\":1,\"name\":\"Accueil\",\"item\":\"https:\/\/www.qnde.ca\/fr\/\"},{\"@type\":\"ListItem\",\"position\":2,\"name\":\"Produits\",\"item\":\"https:\/\/www.qnde.ca\/fr\/produits\/\"},{\"@type\":\"ListItem\",\"position\":3,\"name\":\"Marques\",\"item\":\"https:\/\/www.qnde.ca\/fr\/product-category\/marques\/\"},{\"@type\":\"ListItem\",\"position\":4,\"name\":\"Durr\",\"item\":\"https:\/\/www.qnde.ca\/fr\/product-category\/marques\/durr-fr\/\"},{\"@type\":\"ListItem\",\"position\":5,\"name\":\"D-Tect X \u2013 Logiciel d&#8217;inspection pour Rayons X\"}]},{\"@type\":\"WebSite\",\"@id\":\"https:\/\/www.qnde.ca\/#website\",\"url\":\"https:\/\/www.qnde.ca\/\",\"name\":\"Qualit\u00e9 NDE\",\"description\":\"\u00c9quipements d&#039;essais non destructifs \",\"publisher\":{\"@id\":\"https:\/\/www.qnde.ca\/#organization\"},\"potentialAction\":[{\"@type\":\"SearchAction\",\"target\":{\"@type\":\"EntryPoint\",\"urlTemplate\":\"https:\/\/www.qnde.ca\/?s={search_term_string}\"},\"query-input\":{\"@type\":\"PropertyValueSpecification\",\"valueRequired\":true,\"valueName\":\"search_term_string\"}}],\"inLanguage\":\"fr-FR\"},{\"@type\":\"Organization\",\"@id\":\"https:\/\/www.qnde.ca\/#organization\",\"name\":\"Quality NDT Ltd.\",\"url\":\"https:\/\/www.qnde.ca\/\",\"logo\":{\"@type\":\"ImageObject\",\"inLanguage\":\"fr-FR\",\"@id\":\"https:\/\/www.qnde.ca\/#\/schema\/logo\/image\/\",\"url\":\"https:\/\/www.qnde.ca\/wp-content\/uploads\/2022\/02\/QNDE_logo_RGB-gif.gif\",\"contentUrl\":\"https:\/\/www.qnde.ca\/wp-content\/uploads\/2022\/02\/QNDE_logo_RGB-gif.gif\",\"width\":250,\"height\":64,\"caption\":\"Quality NDT Ltd.\"},\"image\":{\"@id\":\"https:\/\/www.qnde.ca\/#\/schema\/logo\/image\/\"},\"sameAs\":[\"https:\/\/www.linkedin.com\/company\/qnde\/about\/?viewAsMember=true\"]}]}<\/script>\n<!-- \/ Yoast SEO plugin. -->","yoast_head_json":{"title":"D-Tect X \u2013 Logiciel d'inspection pour Rayons X &#060; Qualit\u00e9 NDE","description":"Logiciel tout-en-un d'inspection pour rayons X (D-Tect X): capture, \u00e9valuation, rapport, am\u00e9lioration X-filter et \u00e9tat en temps.","robots":{"index":"index","follow":"follow","max-snippet":"max-snippet:-1","max-image-preview":"max-image-preview:large","max-video-preview":"max-video-preview:-1"},"canonical":"https:\/\/www.qnde.ca\/fr\/produit\/d-tect-x-logiciel-dinspection-rayons-x\/","twitter_misc":{"Dur\u00e9e de lecture estim\u00e9e":"1 minute"},"schema":{"@context":"https:\/\/schema.org","@graph":[{"@type":["WebPage","ItemPage"],"@id":"https:\/\/www.qnde.ca\/fr\/produit\/d-tect-x-logiciel-dinspection-rayons-x\/","url":"https:\/\/www.qnde.ca\/fr\/produit\/d-tect-x-logiciel-dinspection-rayons-x\/","name":"D-Tect X \u2013 Logiciel d'inspection pour Rayons X &#060; Qualit\u00e9 NDE","isPartOf":{"@id":"https:\/\/www.qnde.ca\/#website"},"primaryImageOfPage":{"@id":"https:\/\/www.qnde.ca\/fr\/produit\/d-tect-x-logiciel-dinspection-rayons-x\/#primaryimage"},"image":{"@id":"https:\/\/www.qnde.ca\/fr\/produit\/d-tect-x-logiciel-dinspection-rayons-x\/#primaryimage"},"thumbnailUrl":"https:\/\/www.qnde.ca\/wp-content\/uploads\/2025\/07\/d-tect-x-monitor-front-astm-logo.jpg","datePublished":"2025-07-25T18:10:37+00:00","dateModified":"2025-08-19T17:28:35+00:00","description":"Logiciel tout-en-un d'inspection pour rayons X (D-Tect X): capture, \u00e9valuation, rapport, am\u00e9lioration X-filter et \u00e9tat en temps.","breadcrumb":{"@id":"https:\/\/www.qnde.ca\/fr\/produit\/d-tect-x-logiciel-dinspection-rayons-x\/#breadcrumb"},"inLanguage":"fr-FR","potentialAction":[{"@type":"ReadAction","target":["https:\/\/www.qnde.ca\/fr\/produit\/d-tect-x-logiciel-dinspection-rayons-x\/"]}]},{"@type":"ImageObject","inLanguage":"fr-FR","@id":"https:\/\/www.qnde.ca\/fr\/produit\/d-tect-x-logiciel-dinspection-rayons-x\/#primaryimage","url":"https:\/\/www.qnde.ca\/wp-content\/uploads\/2025\/07\/d-tect-x-monitor-front-astm-logo.jpg","contentUrl":"https:\/\/www.qnde.ca\/wp-content\/uploads\/2025\/07\/d-tect-x-monitor-front-astm-logo.jpg","width":1200,"height":1200,"caption":"D-Tect x software"},{"@type":"BreadcrumbList","@id":"https:\/\/www.qnde.ca\/fr\/produit\/d-tect-x-logiciel-dinspection-rayons-x\/#breadcrumb","itemListElement":[{"@type":"ListItem","position":1,"name":"Accueil","item":"https:\/\/www.qnde.ca\/fr\/"},{"@type":"ListItem","position":2,"name":"Produits","item":"https:\/\/www.qnde.ca\/fr\/produits\/"},{"@type":"ListItem","position":3,"name":"Marques","item":"https:\/\/www.qnde.ca\/fr\/product-category\/marques\/"},{"@type":"ListItem","position":4,"name":"Durr","item":"https:\/\/www.qnde.ca\/fr\/product-category\/marques\/durr-fr\/"},{"@type":"ListItem","position":5,"name":"D-Tect X \u2013 Logiciel d&#8217;inspection pour Rayons X"}]},{"@type":"WebSite","@id":"https:\/\/www.qnde.ca\/#website","url":"https:\/\/www.qnde.ca\/","name":"Qualit\u00e9 NDE","description":"\u00c9quipements d&#039;essais non destructifs ","publisher":{"@id":"https:\/\/www.qnde.ca\/#organization"},"potentialAction":[{"@type":"SearchAction","target":{"@type":"EntryPoint","urlTemplate":"https:\/\/www.qnde.ca\/?s={search_term_string}"},"query-input":{"@type":"PropertyValueSpecification","valueRequired":true,"valueName":"search_term_string"}}],"inLanguage":"fr-FR"},{"@type":"Organization","@id":"https:\/\/www.qnde.ca\/#organization","name":"Quality NDT Ltd.","url":"https:\/\/www.qnde.ca\/","logo":{"@type":"ImageObject","inLanguage":"fr-FR","@id":"https:\/\/www.qnde.ca\/#\/schema\/logo\/image\/","url":"https:\/\/www.qnde.ca\/wp-content\/uploads\/2022\/02\/QNDE_logo_RGB-gif.gif","contentUrl":"https:\/\/www.qnde.ca\/wp-content\/uploads\/2022\/02\/QNDE_logo_RGB-gif.gif","width":250,"height":64,"caption":"Quality NDT Ltd."},"image":{"@id":"https:\/\/www.qnde.ca\/#\/schema\/logo\/image\/"},"sameAs":["https:\/\/www.linkedin.com\/company\/qnde\/about\/?viewAsMember=true"]}]}},"jetpack_sharing_enabled":true,"_links":{"self":[{"href":"https:\/\/www.qnde.ca\/fr\/wp-json\/wp\/v2\/product\/44895","targetHints":{"allow":["GET"]}}],"collection":[{"href":"https:\/\/www.qnde.ca\/fr\/wp-json\/wp\/v2\/product"}],"about":[{"href":"https:\/\/www.qnde.ca\/fr\/wp-json\/wp\/v2\/types\/product"}],"wp:featuredmedia":[{"embeddable":true,"href":"https:\/\/www.qnde.ca\/fr\/wp-json\/wp\/v2\/media\/44890"}],"wp:attachment":[{"href":"https:\/\/www.qnde.ca\/fr\/wp-json\/wp\/v2\/media?parent=44895"}],"wp:term":[{"taxonomy":"product_brand","embeddable":true,"href":"https:\/\/www.qnde.ca\/fr\/wp-json\/wp\/v2\/product_brand?post=44895"},{"taxonomy":"product_cat","embeddable":true,"href":"https:\/\/www.qnde.ca\/fr\/wp-json\/wp\/v2\/product_cat?post=44895"},{"taxonomy":"product_tag","embeddable":true,"href":"https:\/\/www.qnde.ca\/fr\/wp-json\/wp\/v2\/product_tag?post=44895"}],"curies":[{"name":"wp","href":"https:\/\/api.w.org\/{rel}","templated":true}]}}