{"id":4474,"date":"2016-01-11T15:30:47","date_gmt":"2016-01-11T15:30:47","guid":{"rendered":"https:\/\/www.qnde.ca\/?post_type=product&#038;p=4474"},"modified":"2025-08-12T08:27:03","modified_gmt":"2025-08-12T12:27:03","slug":"magnaflux-ensemble-numerique-amperemetre","status":"publish","type":"product","link":"https:\/\/www.qnde.ca\/fr\/produit\/magnaflux-ensemble-numerique-amperemetre\/","title":{"rendered":"Magnaflux, Ensemble Num\u00e9rique d\u2019Amp\u00e8rem\u00e8tre\/Temps de Magn\u00e9tisation"},"content":{"rendered":"<h3><strong>Magnaflux, Ensemble Num\u00e9rique d\u2019Amp\u00e8rem\u00e8tre\/Temps de Magn\u00e9tisation<\/strong><\/h3>\n<p>Appareil de mesure num\u00e9rique portatif pour v\u00e9rifier le temps de magn\u00e9tisation de 0.5 seconde et les lectures des pointes d\u2019amp\u00e9rage AC RMS et DC. Mesure le courant de magn\u00e9tisation jusqu\u2019\u00e0 10,000Amps HWDC, FWDC et jusqu&rsquo;\u00e0 6,000Amps AC. Livr\u00e9 avec certificat d&rsquo;\u00e9talonnage.<\/p>\n<ul>\n<li>622350: Ensemble num\u00e9rique d\u2019amp\u00e8rem\u00e8tre\/temps de magn\u00e9tisation avec certificat et valise de transport.<\/li>\n<\/ul>\n","protected":false},"excerpt":{"rendered":"<p>Magnaflux, Ensemble Num\u00e9rique d\u2019Amp\u00e8rem\u00e8tre\/Temps de Magn\u00e9tisation Appareil de mesure num\u00e9rique portatif pour v\u00e9rifier le temps de magn\u00e9tisation de 0.5 seconde et les lectures des pointes d\u2019amp\u00e9rage AC RMS et DC. Mesure le courant de magn\u00e9tisation jusqu\u2019\u00e0 10,000Amps HWDC, FWDC et jusqu&rsquo;\u00e0 6,000Amps AC. Livr\u00e9 avec certificat d&rsquo;\u00e9talonnage. 622350: Ensemble num\u00e9rique d\u2019amp\u00e8rem\u00e8tre\/temps de magn\u00e9tisation avec certificat [&hellip;]<\/p>\n","protected":false},"featured_media":12774,"template":"","meta":{"_monsterinsights_skip_tracking":false,"_monsterinsights_sitenote_active":false,"_monsterinsights_sitenote_note":"","_monsterinsights_sitenote_category":0},"product_brand":[],"product_cat":[369,134],"product_tag":[],"class_list":{"0":"post-4474","1":"product","2":"type-product","3":"status-publish","4":"has-post-thumbnail","6":"product_cat-magnaflux-fr","7":"product_cat-accessoires-magnetoscopie","9":"first","10":"instock","11":"shipping-taxable","12":"purchasable","13":"product-type-simple"},"yoast_head":"<!-- This site is optimized with the Yoast SEO plugin v23.9 - https:\/\/yoast.com\/wordpress\/plugins\/seo\/ -->\n<title>Magnaflux, Ensemble Num\u00e9rique d\u2019Amp\u00e8rem\u00e8tre\/Temps de Magn\u00e9tisation &#060; Qualit\u00e9 NDE<\/title>\n<meta name=\"description\" content=\"Magnaflux Ensemble Num\u00e9rique : mesure pr\u00e9cise du temps de magn\u00e9tisation et amp\u00e9rage AC\/DC jusqu\u2019\u00e0 10,000A, avec certificat et valise.\" \/>\n<meta name=\"robots\" content=\"index, follow, max-snippet:-1, max-image-preview:large, max-video-preview:-1\" \/>\n<link rel=\"canonical\" href=\"https:\/\/www.qnde.ca\/fr\/produit\/magnaflux-ensemble-numerique-amperemetre\/\" \/>\n<meta name=\"twitter:label1\" content=\"Dur\u00e9e de lecture estim\u00e9e\" \/>\n\t<meta name=\"twitter:data1\" content=\"1 minute\" \/>\n<script type=\"application\/ld+json\" class=\"yoast-schema-graph\">{\"@context\":\"https:\/\/schema.org\",\"@graph\":[{\"@type\":[\"WebPage\",\"ItemPage\"],\"@id\":\"https:\/\/www.qnde.ca\/fr\/produit\/magnaflux-ensemble-numerique-amperemetre\/\",\"url\":\"https:\/\/www.qnde.ca\/fr\/produit\/magnaflux-ensemble-numerique-amperemetre\/\",\"name\":\"Magnaflux, Ensemble Num\u00e9rique d\u2019Amp\u00e8rem\u00e8tre\/Temps de Magn\u00e9tisation &#060; Qualit\u00e9 NDE\",\"isPartOf\":{\"@id\":\"https:\/\/www.qnde.ca\/#website\"},\"primaryImageOfPage\":{\"@id\":\"https:\/\/www.qnde.ca\/fr\/produit\/magnaflux-ensemble-numerique-amperemetre\/#primaryimage\"},\"image\":{\"@id\":\"https:\/\/www.qnde.ca\/fr\/produit\/magnaflux-ensemble-numerique-amperemetre\/#primaryimage\"},\"thumbnailUrl\":\"https:\/\/www.qnde.ca\/wp-content\/uploads\/2020\/11\/Digital-Amperage-Meter-and-Shunt-Test-kit.jpg\",\"datePublished\":\"2016-01-11T15:30:47+00:00\",\"dateModified\":\"2025-08-12T12:27:03+00:00\",\"description\":\"Magnaflux Ensemble Num\u00e9rique : mesure pr\u00e9cise du temps de magn\u00e9tisation et amp\u00e9rage AC\/DC jusqu\u2019\u00e0 10,000A, avec certificat et valise.\",\"breadcrumb\":{\"@id\":\"https:\/\/www.qnde.ca\/fr\/produit\/magnaflux-ensemble-numerique-amperemetre\/#breadcrumb\"},\"inLanguage\":\"fr-FR\",\"potentialAction\":[{\"@type\":\"ReadAction\",\"target\":[\"https:\/\/www.qnde.ca\/fr\/produit\/magnaflux-ensemble-numerique-amperemetre\/\"]}]},{\"@type\":\"ImageObject\",\"inLanguage\":\"fr-FR\",\"@id\":\"https:\/\/www.qnde.ca\/fr\/produit\/magnaflux-ensemble-numerique-amperemetre\/#primaryimage\",\"url\":\"https:\/\/www.qnde.ca\/wp-content\/uploads\/2020\/11\/Digital-Amperage-Meter-and-Shunt-Test-kit.jpg\",\"contentUrl\":\"https:\/\/www.qnde.ca\/wp-content\/uploads\/2020\/11\/Digital-Amperage-Meter-and-Shunt-Test-kit.jpg\",\"width\":920,\"height\":737,\"caption\":\"Ensemble Num\u00e9rique d\u2019Amp\u00e8rem\u00e8tre\/Temps de Magn\u00e9tisation\"},{\"@type\":\"BreadcrumbList\",\"@id\":\"https:\/\/www.qnde.ca\/fr\/produit\/magnaflux-ensemble-numerique-amperemetre\/#breadcrumb\",\"itemListElement\":[{\"@type\":\"ListItem\",\"position\":1,\"name\":\"Accueil\",\"item\":\"https:\/\/www.qnde.ca\/fr\/\"},{\"@type\":\"ListItem\",\"position\":2,\"name\":\"Produits\",\"item\":\"https:\/\/www.qnde.ca\/fr\/produits\/\"},{\"@type\":\"ListItem\",\"position\":3,\"name\":\"Marques\",\"item\":\"https:\/\/www.qnde.ca\/fr\/product-category\/marques\/\"},{\"@type\":\"ListItem\",\"position\":4,\"name\":\"Magnaflux\",\"item\":\"https:\/\/www.qnde.ca\/fr\/product-category\/marques\/magnaflux-fr\/\"},{\"@type\":\"ListItem\",\"position\":5,\"name\":\"Magnaflux, Ensemble Num\u00e9rique d\u2019Amp\u00e8rem\u00e8tre\/Temps de Magn\u00e9tisation\"}]},{\"@type\":\"WebSite\",\"@id\":\"https:\/\/www.qnde.ca\/#website\",\"url\":\"https:\/\/www.qnde.ca\/\",\"name\":\"Qualit\u00e9 NDE\",\"description\":\"\u00c9quipements d&#039;essais non destructifs \",\"publisher\":{\"@id\":\"https:\/\/www.qnde.ca\/#organization\"},\"potentialAction\":[{\"@type\":\"SearchAction\",\"target\":{\"@type\":\"EntryPoint\",\"urlTemplate\":\"https:\/\/www.qnde.ca\/?s={search_term_string}\"},\"query-input\":{\"@type\":\"PropertyValueSpecification\",\"valueRequired\":true,\"valueName\":\"search_term_string\"}}],\"inLanguage\":\"fr-FR\"},{\"@type\":\"Organization\",\"@id\":\"https:\/\/www.qnde.ca\/#organization\",\"name\":\"Quality NDT Ltd.\",\"url\":\"https:\/\/www.qnde.ca\/\",\"logo\":{\"@type\":\"ImageObject\",\"inLanguage\":\"fr-FR\",\"@id\":\"https:\/\/www.qnde.ca\/#\/schema\/logo\/image\/\",\"url\":\"https:\/\/www.qnde.ca\/wp-content\/uploads\/2022\/02\/QNDE_logo_RGB-gif.gif\",\"contentUrl\":\"https:\/\/www.qnde.ca\/wp-content\/uploads\/2022\/02\/QNDE_logo_RGB-gif.gif\",\"width\":250,\"height\":64,\"caption\":\"Quality NDT Ltd.\"},\"image\":{\"@id\":\"https:\/\/www.qnde.ca\/#\/schema\/logo\/image\/\"},\"sameAs\":[\"https:\/\/www.linkedin.com\/company\/qnde\/about\/?viewAsMember=true\"]}]}<\/script>\n<!-- \/ Yoast SEO plugin. -->","yoast_head_json":{"title":"Magnaflux, Ensemble Num\u00e9rique d\u2019Amp\u00e8rem\u00e8tre\/Temps de Magn\u00e9tisation &#060; Qualit\u00e9 NDE","description":"Magnaflux Ensemble Num\u00e9rique : mesure pr\u00e9cise du temps de magn\u00e9tisation et amp\u00e9rage AC\/DC jusqu\u2019\u00e0 10,000A, avec certificat et valise.","robots":{"index":"index","follow":"follow","max-snippet":"max-snippet:-1","max-image-preview":"max-image-preview:large","max-video-preview":"max-video-preview:-1"},"canonical":"https:\/\/www.qnde.ca\/fr\/produit\/magnaflux-ensemble-numerique-amperemetre\/","twitter_misc":{"Dur\u00e9e de lecture estim\u00e9e":"1 minute"},"schema":{"@context":"https:\/\/schema.org","@graph":[{"@type":["WebPage","ItemPage"],"@id":"https:\/\/www.qnde.ca\/fr\/produit\/magnaflux-ensemble-numerique-amperemetre\/","url":"https:\/\/www.qnde.ca\/fr\/produit\/magnaflux-ensemble-numerique-amperemetre\/","name":"Magnaflux, Ensemble Num\u00e9rique d\u2019Amp\u00e8rem\u00e8tre\/Temps de Magn\u00e9tisation &#060; Qualit\u00e9 NDE","isPartOf":{"@id":"https:\/\/www.qnde.ca\/#website"},"primaryImageOfPage":{"@id":"https:\/\/www.qnde.ca\/fr\/produit\/magnaflux-ensemble-numerique-amperemetre\/#primaryimage"},"image":{"@id":"https:\/\/www.qnde.ca\/fr\/produit\/magnaflux-ensemble-numerique-amperemetre\/#primaryimage"},"thumbnailUrl":"https:\/\/www.qnde.ca\/wp-content\/uploads\/2020\/11\/Digital-Amperage-Meter-and-Shunt-Test-kit.jpg","datePublished":"2016-01-11T15:30:47+00:00","dateModified":"2025-08-12T12:27:03+00:00","description":"Magnaflux Ensemble Num\u00e9rique : mesure pr\u00e9cise du temps de magn\u00e9tisation et amp\u00e9rage AC\/DC jusqu\u2019\u00e0 10,000A, avec certificat et valise.","breadcrumb":{"@id":"https:\/\/www.qnde.ca\/fr\/produit\/magnaflux-ensemble-numerique-amperemetre\/#breadcrumb"},"inLanguage":"fr-FR","potentialAction":[{"@type":"ReadAction","target":["https:\/\/www.qnde.ca\/fr\/produit\/magnaflux-ensemble-numerique-amperemetre\/"]}]},{"@type":"ImageObject","inLanguage":"fr-FR","@id":"https:\/\/www.qnde.ca\/fr\/produit\/magnaflux-ensemble-numerique-amperemetre\/#primaryimage","url":"https:\/\/www.qnde.ca\/wp-content\/uploads\/2020\/11\/Digital-Amperage-Meter-and-Shunt-Test-kit.jpg","contentUrl":"https:\/\/www.qnde.ca\/wp-content\/uploads\/2020\/11\/Digital-Amperage-Meter-and-Shunt-Test-kit.jpg","width":920,"height":737,"caption":"Ensemble Num\u00e9rique d\u2019Amp\u00e8rem\u00e8tre\/Temps de Magn\u00e9tisation"},{"@type":"BreadcrumbList","@id":"https:\/\/www.qnde.ca\/fr\/produit\/magnaflux-ensemble-numerique-amperemetre\/#breadcrumb","itemListElement":[{"@type":"ListItem","position":1,"name":"Accueil","item":"https:\/\/www.qnde.ca\/fr\/"},{"@type":"ListItem","position":2,"name":"Produits","item":"https:\/\/www.qnde.ca\/fr\/produits\/"},{"@type":"ListItem","position":3,"name":"Marques","item":"https:\/\/www.qnde.ca\/fr\/product-category\/marques\/"},{"@type":"ListItem","position":4,"name":"Magnaflux","item":"https:\/\/www.qnde.ca\/fr\/product-category\/marques\/magnaflux-fr\/"},{"@type":"ListItem","position":5,"name":"Magnaflux, Ensemble Num\u00e9rique d\u2019Amp\u00e8rem\u00e8tre\/Temps de Magn\u00e9tisation"}]},{"@type":"WebSite","@id":"https:\/\/www.qnde.ca\/#website","url":"https:\/\/www.qnde.ca\/","name":"Qualit\u00e9 NDE","description":"\u00c9quipements d&#039;essais non destructifs ","publisher":{"@id":"https:\/\/www.qnde.ca\/#organization"},"potentialAction":[{"@type":"SearchAction","target":{"@type":"EntryPoint","urlTemplate":"https:\/\/www.qnde.ca\/?s={search_term_string}"},"query-input":{"@type":"PropertyValueSpecification","valueRequired":true,"valueName":"search_term_string"}}],"inLanguage":"fr-FR"},{"@type":"Organization","@id":"https:\/\/www.qnde.ca\/#organization","name":"Quality NDT Ltd.","url":"https:\/\/www.qnde.ca\/","logo":{"@type":"ImageObject","inLanguage":"fr-FR","@id":"https:\/\/www.qnde.ca\/#\/schema\/logo\/image\/","url":"https:\/\/www.qnde.ca\/wp-content\/uploads\/2022\/02\/QNDE_logo_RGB-gif.gif","contentUrl":"https:\/\/www.qnde.ca\/wp-content\/uploads\/2022\/02\/QNDE_logo_RGB-gif.gif","width":250,"height":64,"caption":"Quality NDT Ltd."},"image":{"@id":"https:\/\/www.qnde.ca\/#\/schema\/logo\/image\/"},"sameAs":["https:\/\/www.linkedin.com\/company\/qnde\/about\/?viewAsMember=true"]}]}},"jetpack_sharing_enabled":true,"_links":{"self":[{"href":"https:\/\/www.qnde.ca\/fr\/wp-json\/wp\/v2\/product\/4474","targetHints":{"allow":["GET"]}}],"collection":[{"href":"https:\/\/www.qnde.ca\/fr\/wp-json\/wp\/v2\/product"}],"about":[{"href":"https:\/\/www.qnde.ca\/fr\/wp-json\/wp\/v2\/types\/product"}],"wp:featuredmedia":[{"embeddable":true,"href":"https:\/\/www.qnde.ca\/fr\/wp-json\/wp\/v2\/media\/12774"}],"wp:attachment":[{"href":"https:\/\/www.qnde.ca\/fr\/wp-json\/wp\/v2\/media?parent=4474"}],"wp:term":[{"taxonomy":"product_brand","embeddable":true,"href":"https:\/\/www.qnde.ca\/fr\/wp-json\/wp\/v2\/product_brand?post=4474"},{"taxonomy":"product_cat","embeddable":true,"href":"https:\/\/www.qnde.ca\/fr\/wp-json\/wp\/v2\/product_cat?post=4474"},{"taxonomy":"product_tag","embeddable":true,"href":"https:\/\/www.qnde.ca\/fr\/wp-json\/wp\/v2\/product_tag?post=4474"}],"curies":[{"name":"wp","href":"https:\/\/api.w.org\/{rel}","templated":true}]}}