{"id":4461,"date":"2016-01-11T15:22:21","date_gmt":"2016-01-11T15:22:21","guid":{"rendered":"https:\/\/www.qnde.ca\/?post_type=product&#038;p=4461"},"modified":"2025-08-12T09:15:32","modified_gmt":"2025-08-12T13:15:32","slug":"pieces-essai-qqi-magnetique-2","status":"publish","type":"product","link":"https:\/\/www.qnde.ca\/fr\/produit\/pieces-essai-qqi-magnetique-2\/","title":{"rendered":"Pi\u00e8ces d&rsquo;Essai QQI &#8211; Standard"},"content":{"rendered":"<h3><strong>Pi\u00e8ces d&rsquo;Essai QQI, Standard<\/strong><\/h3>\n<p>Indicateurs quantitatifs de la qualit\u00e9, sont des pi\u00e8ces pr\u00e9sentant des d\u00e9fauts artificiels pour valider la qualit\u00e9 du champ magn\u00e9tique. V\u00e9rifie la direction et la force relative des champs magn\u00e9tiques.<\/p>\n<ul>\n<li>521048: QQI KSC-430 (CX-430), cercle avec croix, encoche de 30 % de l\u2019\u00e9paisseur de 0.004\u201d (102\u00b5m).<\/li>\n<li>CX230P6: QQI KSC-230 (CX-230) auto-adh\u00e9sif, cercle avec croix, encoche de 30 % de l\u2019\u00e9paisseur de 0.004\u201d (102\u00b5m).<\/li>\n<\/ul>\n","protected":false},"excerpt":{"rendered":"<p>Pi\u00e8ces d&rsquo;Essai QQI, Standard Indicateurs quantitatifs de la qualit\u00e9, sont des pi\u00e8ces pr\u00e9sentant des d\u00e9fauts artificiels pour valider la qualit\u00e9 du champ magn\u00e9tique. V\u00e9rifie la direction et la force relative des champs magn\u00e9tiques. 521048: QQI KSC-430 (CX-430), cercle avec croix, encoche de 30 % de l\u2019\u00e9paisseur de 0.004\u201d (102\u00b5m). CX230P6: QQI KSC-230 (CX-230) auto-adh\u00e9sif, cercle [&hellip;]<\/p>\n","protected":false},"featured_media":8492,"template":"","meta":{"_monsterinsights_skip_tracking":false,"_monsterinsights_sitenote_active":false,"_monsterinsights_sitenote_note":"","_monsterinsights_sitenote_category":0},"product_brand":[],"product_cat":[402,134],"product_tag":[],"class_list":{"0":"post-4461","1":"product","2":"type-product","3":"status-publish","4":"has-post-thumbnail","6":"product_cat-autres-marques","7":"product_cat-accessoires-magnetoscopie","9":"first","10":"instock","11":"shipping-taxable","12":"purchasable","13":"product-type-variable"},"yoast_head":"<!-- This site is optimized with the Yoast SEO plugin v23.9 - https:\/\/yoast.com\/wordpress\/plugins\/seo\/ -->\n<title>Pi\u00e8ces d&#039;Essai QQI - Standard &#060; Qualit\u00e9 NDE<\/title>\n<meta name=\"description\" content=\"Pi\u00e8ces d\u2019essai QQI standards: indicateurs avec cercle\/croix pour v\u00e9rifier la qualit\u00e9,direction &amp; force des champs magn\u00e9tiques. \u00c9paisseur de 0.004&quot; (102\u202f\u00b5m).\" \/>\n<meta name=\"robots\" content=\"index, follow, max-snippet:-1, max-image-preview:large, max-video-preview:-1\" \/>\n<link rel=\"canonical\" href=\"https:\/\/www.qnde.ca\/fr\/produit\/pieces-essai-qqi-magnetique-2\/\" \/>\n<meta name=\"twitter:label1\" content=\"Dur\u00e9e de lecture estim\u00e9e\" \/>\n\t<meta name=\"twitter:data1\" content=\"1 minute\" \/>\n<script type=\"application\/ld+json\" class=\"yoast-schema-graph\">{\"@context\":\"https:\/\/schema.org\",\"@graph\":[{\"@type\":[\"WebPage\",\"ItemPage\"],\"@id\":\"https:\/\/www.qnde.ca\/fr\/produit\/pieces-essai-qqi-magnetique-2\/\",\"url\":\"https:\/\/www.qnde.ca\/fr\/produit\/pieces-essai-qqi-magnetique-2\/\",\"name\":\"Pi\u00e8ces d'Essai QQI - Standard &#060; Qualit\u00e9 NDE\",\"isPartOf\":{\"@id\":\"https:\/\/www.qnde.ca\/#website\"},\"primaryImageOfPage\":{\"@id\":\"https:\/\/www.qnde.ca\/fr\/produit\/pieces-essai-qqi-magnetique-2\/#primaryimage\"},\"image\":{\"@id\":\"https:\/\/www.qnde.ca\/fr\/produit\/pieces-essai-qqi-magnetique-2\/#primaryimage\"},\"thumbnailUrl\":\"https:\/\/www.qnde.ca\/wp-content\/uploads\/2016\/01\/521048-QQI.jpg\",\"datePublished\":\"2016-01-11T15:22:21+00:00\",\"dateModified\":\"2025-08-12T13:15:32+00:00\",\"description\":\"Pi\u00e8ces d\u2019essai QQI standards: indicateurs avec cercle\/croix pour v\u00e9rifier la qualit\u00e9,direction & force des champs magn\u00e9tiques. \u00c9paisseur de 0.004\\\" (102\u202f\u00b5m).\",\"breadcrumb\":{\"@id\":\"https:\/\/www.qnde.ca\/fr\/produit\/pieces-essai-qqi-magnetique-2\/#breadcrumb\"},\"inLanguage\":\"fr-FR\",\"potentialAction\":[{\"@type\":\"ReadAction\",\"target\":[\"https:\/\/www.qnde.ca\/fr\/produit\/pieces-essai-qqi-magnetique-2\/\"]}]},{\"@type\":\"ImageObject\",\"inLanguage\":\"fr-FR\",\"@id\":\"https:\/\/www.qnde.ca\/fr\/produit\/pieces-essai-qqi-magnetique-2\/#primaryimage\",\"url\":\"https:\/\/www.qnde.ca\/wp-content\/uploads\/2016\/01\/521048-QQI.jpg\",\"contentUrl\":\"https:\/\/www.qnde.ca\/wp-content\/uploads\/2016\/01\/521048-QQI.jpg\",\"width\":1041,\"height\":1024},{\"@type\":\"BreadcrumbList\",\"@id\":\"https:\/\/www.qnde.ca\/fr\/produit\/pieces-essai-qqi-magnetique-2\/#breadcrumb\",\"itemListElement\":[{\"@type\":\"ListItem\",\"position\":1,\"name\":\"Accueil\",\"item\":\"https:\/\/www.qnde.ca\/fr\/\"},{\"@type\":\"ListItem\",\"position\":2,\"name\":\"Produits\",\"item\":\"https:\/\/www.qnde.ca\/fr\/produits\/\"},{\"@type\":\"ListItem\",\"position\":3,\"name\":\"Marques\",\"item\":\"https:\/\/www.qnde.ca\/fr\/product-category\/marques\/\"},{\"@type\":\"ListItem\",\"position\":4,\"name\":\"Autres Marques\",\"item\":\"https:\/\/www.qnde.ca\/fr\/product-category\/marques\/autres-marques\/\"},{\"@type\":\"ListItem\",\"position\":5,\"name\":\"Pi\u00e8ces d&#8217;Essai QQI &#8211; Standard\"}]},{\"@type\":\"WebSite\",\"@id\":\"https:\/\/www.qnde.ca\/#website\",\"url\":\"https:\/\/www.qnde.ca\/\",\"name\":\"Qualit\u00e9 NDE\",\"description\":\"\u00c9quipements d&#039;essais non destructifs \",\"publisher\":{\"@id\":\"https:\/\/www.qnde.ca\/#organization\"},\"potentialAction\":[{\"@type\":\"SearchAction\",\"target\":{\"@type\":\"EntryPoint\",\"urlTemplate\":\"https:\/\/www.qnde.ca\/?s={search_term_string}\"},\"query-input\":{\"@type\":\"PropertyValueSpecification\",\"valueRequired\":true,\"valueName\":\"search_term_string\"}}],\"inLanguage\":\"fr-FR\"},{\"@type\":\"Organization\",\"@id\":\"https:\/\/www.qnde.ca\/#organization\",\"name\":\"Quality NDT Ltd.\",\"url\":\"https:\/\/www.qnde.ca\/\",\"logo\":{\"@type\":\"ImageObject\",\"inLanguage\":\"fr-FR\",\"@id\":\"https:\/\/www.qnde.ca\/#\/schema\/logo\/image\/\",\"url\":\"https:\/\/www.qnde.ca\/wp-content\/uploads\/2022\/02\/QNDE_logo_RGB-gif.gif\",\"contentUrl\":\"https:\/\/www.qnde.ca\/wp-content\/uploads\/2022\/02\/QNDE_logo_RGB-gif.gif\",\"width\":250,\"height\":64,\"caption\":\"Quality NDT Ltd.\"},\"image\":{\"@id\":\"https:\/\/www.qnde.ca\/#\/schema\/logo\/image\/\"},\"sameAs\":[\"https:\/\/www.linkedin.com\/company\/qnde\/about\/?viewAsMember=true\"]}]}<\/script>\n<!-- \/ Yoast SEO plugin. -->","yoast_head_json":{"title":"Pi\u00e8ces d'Essai QQI - Standard &#060; Qualit\u00e9 NDE","description":"Pi\u00e8ces d\u2019essai QQI standards: indicateurs avec cercle\/croix pour v\u00e9rifier la qualit\u00e9,direction & force des champs magn\u00e9tiques. \u00c9paisseur de 0.004\" (102\u202f\u00b5m).","robots":{"index":"index","follow":"follow","max-snippet":"max-snippet:-1","max-image-preview":"max-image-preview:large","max-video-preview":"max-video-preview:-1"},"canonical":"https:\/\/www.qnde.ca\/fr\/produit\/pieces-essai-qqi-magnetique-2\/","twitter_misc":{"Dur\u00e9e de lecture estim\u00e9e":"1 minute"},"schema":{"@context":"https:\/\/schema.org","@graph":[{"@type":["WebPage","ItemPage"],"@id":"https:\/\/www.qnde.ca\/fr\/produit\/pieces-essai-qqi-magnetique-2\/","url":"https:\/\/www.qnde.ca\/fr\/produit\/pieces-essai-qqi-magnetique-2\/","name":"Pi\u00e8ces d'Essai QQI - Standard &#060; Qualit\u00e9 NDE","isPartOf":{"@id":"https:\/\/www.qnde.ca\/#website"},"primaryImageOfPage":{"@id":"https:\/\/www.qnde.ca\/fr\/produit\/pieces-essai-qqi-magnetique-2\/#primaryimage"},"image":{"@id":"https:\/\/www.qnde.ca\/fr\/produit\/pieces-essai-qqi-magnetique-2\/#primaryimage"},"thumbnailUrl":"https:\/\/www.qnde.ca\/wp-content\/uploads\/2016\/01\/521048-QQI.jpg","datePublished":"2016-01-11T15:22:21+00:00","dateModified":"2025-08-12T13:15:32+00:00","description":"Pi\u00e8ces d\u2019essai QQI standards: indicateurs avec cercle\/croix pour v\u00e9rifier la qualit\u00e9,direction & force des champs magn\u00e9tiques. \u00c9paisseur de 0.004\" (102\u202f\u00b5m).","breadcrumb":{"@id":"https:\/\/www.qnde.ca\/fr\/produit\/pieces-essai-qqi-magnetique-2\/#breadcrumb"},"inLanguage":"fr-FR","potentialAction":[{"@type":"ReadAction","target":["https:\/\/www.qnde.ca\/fr\/produit\/pieces-essai-qqi-magnetique-2\/"]}]},{"@type":"ImageObject","inLanguage":"fr-FR","@id":"https:\/\/www.qnde.ca\/fr\/produit\/pieces-essai-qqi-magnetique-2\/#primaryimage","url":"https:\/\/www.qnde.ca\/wp-content\/uploads\/2016\/01\/521048-QQI.jpg","contentUrl":"https:\/\/www.qnde.ca\/wp-content\/uploads\/2016\/01\/521048-QQI.jpg","width":1041,"height":1024},{"@type":"BreadcrumbList","@id":"https:\/\/www.qnde.ca\/fr\/produit\/pieces-essai-qqi-magnetique-2\/#breadcrumb","itemListElement":[{"@type":"ListItem","position":1,"name":"Accueil","item":"https:\/\/www.qnde.ca\/fr\/"},{"@type":"ListItem","position":2,"name":"Produits","item":"https:\/\/www.qnde.ca\/fr\/produits\/"},{"@type":"ListItem","position":3,"name":"Marques","item":"https:\/\/www.qnde.ca\/fr\/product-category\/marques\/"},{"@type":"ListItem","position":4,"name":"Autres Marques","item":"https:\/\/www.qnde.ca\/fr\/product-category\/marques\/autres-marques\/"},{"@type":"ListItem","position":5,"name":"Pi\u00e8ces d&#8217;Essai QQI &#8211; Standard"}]},{"@type":"WebSite","@id":"https:\/\/www.qnde.ca\/#website","url":"https:\/\/www.qnde.ca\/","name":"Qualit\u00e9 NDE","description":"\u00c9quipements d&#039;essais non destructifs ","publisher":{"@id":"https:\/\/www.qnde.ca\/#organization"},"potentialAction":[{"@type":"SearchAction","target":{"@type":"EntryPoint","urlTemplate":"https:\/\/www.qnde.ca\/?s={search_term_string}"},"query-input":{"@type":"PropertyValueSpecification","valueRequired":true,"valueName":"search_term_string"}}],"inLanguage":"fr-FR"},{"@type":"Organization","@id":"https:\/\/www.qnde.ca\/#organization","name":"Quality NDT Ltd.","url":"https:\/\/www.qnde.ca\/","logo":{"@type":"ImageObject","inLanguage":"fr-FR","@id":"https:\/\/www.qnde.ca\/#\/schema\/logo\/image\/","url":"https:\/\/www.qnde.ca\/wp-content\/uploads\/2022\/02\/QNDE_logo_RGB-gif.gif","contentUrl":"https:\/\/www.qnde.ca\/wp-content\/uploads\/2022\/02\/QNDE_logo_RGB-gif.gif","width":250,"height":64,"caption":"Quality NDT Ltd."},"image":{"@id":"https:\/\/www.qnde.ca\/#\/schema\/logo\/image\/"},"sameAs":["https:\/\/www.linkedin.com\/company\/qnde\/about\/?viewAsMember=true"]}]}},"jetpack_sharing_enabled":true,"_links":{"self":[{"href":"https:\/\/www.qnde.ca\/fr\/wp-json\/wp\/v2\/product\/4461","targetHints":{"allow":["GET"]}}],"collection":[{"href":"https:\/\/www.qnde.ca\/fr\/wp-json\/wp\/v2\/product"}],"about":[{"href":"https:\/\/www.qnde.ca\/fr\/wp-json\/wp\/v2\/types\/product"}],"wp:featuredmedia":[{"embeddable":true,"href":"https:\/\/www.qnde.ca\/fr\/wp-json\/wp\/v2\/media\/8492"}],"wp:attachment":[{"href":"https:\/\/www.qnde.ca\/fr\/wp-json\/wp\/v2\/media?parent=4461"}],"wp:term":[{"taxonomy":"product_brand","embeddable":true,"href":"https:\/\/www.qnde.ca\/fr\/wp-json\/wp\/v2\/product_brand?post=4461"},{"taxonomy":"product_cat","embeddable":true,"href":"https:\/\/www.qnde.ca\/fr\/wp-json\/wp\/v2\/product_cat?post=4461"},{"taxonomy":"product_tag","embeddable":true,"href":"https:\/\/www.qnde.ca\/fr\/wp-json\/wp\/v2\/product_tag?post=4461"}],"curies":[{"name":"wp","href":"https:\/\/api.w.org\/{rel}","templated":true}]}}