{"id":4458,"date":"2016-01-11T15:17:50","date_gmt":"2016-01-11T15:17:50","guid":{"rendered":"https:\/\/www.qnde.ca\/?post_type=product&#038;p=4458"},"modified":"2025-08-12T08:52:21","modified_gmt":"2025-08-12T12:52:21","slug":"pb1-fr","status":"publish","type":"product","link":"https:\/\/www.qnde.ca\/fr\/produit\/pb1-fr\/","title":{"rendered":"Parker PB-1 Applicateur de Poudre Magn\u00e9tique"},"content":{"rendered":"<h3>Parker PB-1 Applicateur de Poudre Magn\u00e9tique<\/h3>\n<p>Fournit une quantit\u00e9 fiable et contr\u00f4l\u00e9e de poudre \u00e0 des zones horizontales, verticales et dans les airs. Capacit\u00e9 de 455g (1lb).<\/p>\n<ul>\n<li>PB-1: Applicateur de poudre pour utilisation horizontale, verticale et dans les airs. Capacit\u00e9 de 455g (1lb).<\/li>\n<li><a href=\"https:\/\/www.qnde.ca\/fr\/produit\/rb4-fr\/\">RB-4<\/a>: Applicateur de poudre en caoutchouc vert.<\/li>\n<li><a href=\"https:\/\/www.qnde.ca\/fr\/produit\/rb1-fr\/\">RB-1<\/a>: Souffleur pour enlever l\u2019exc\u00e9dent de poudre.<\/li>\n<\/ul>\n","protected":false},"excerpt":{"rendered":"<p>Parker PB-1 Applicateur de Poudre Magn\u00e9tique Fournit une quantit\u00e9 fiable et contr\u00f4l\u00e9e de poudre \u00e0 des zones horizontales, verticales et dans les airs. Capacit\u00e9 de 455g (1lb). PB-1: Applicateur de poudre pour utilisation horizontale, verticale et dans les airs. Capacit\u00e9 de 455g (1lb). RB-4: Applicateur de poudre en caoutchouc vert. RB-1: Souffleur pour enlever l\u2019exc\u00e9dent [&hellip;]<\/p>\n","protected":false},"featured_media":7994,"template":"","meta":{"_monsterinsights_skip_tracking":false,"_monsterinsights_sitenote_active":false,"_monsterinsights_sitenote_note":"","_monsterinsights_sitenote_category":0},"product_brand":[],"product_cat":[395,134],"product_tag":[],"class_list":{"0":"post-4458","1":"product","2":"type-product","3":"status-publish","4":"has-post-thumbnail","6":"product_cat-parker-research-fr","7":"product_cat-accessoires-magnetoscopie","9":"first","10":"instock","11":"shipping-taxable","12":"purchasable","13":"product-type-variable"},"yoast_head":"<!-- This site is optimized with the Yoast SEO plugin v23.9 - https:\/\/yoast.com\/wordpress\/plugins\/seo\/ -->\n<title>Parker PB-1 Applicateur de Poudre Magn\u00e9tique &#060; Qualit\u00e9 NDE<\/title>\n<meta name=\"description\" content=\"Parker PB-1 : applicateur de poudre magn\u00e9tique pr\u00e9cis pour surfaces horizontales, verticales et a\u00e9riennes. Capacit\u00e9 de 455\u202fg (1\u202flb).\" \/>\n<meta name=\"robots\" content=\"index, follow, max-snippet:-1, max-image-preview:large, max-video-preview:-1\" \/>\n<link rel=\"canonical\" href=\"https:\/\/www.qnde.ca\/fr\/produit\/pb1-fr\/\" \/>\n<meta name=\"twitter:label1\" content=\"Dur\u00e9e de lecture estim\u00e9e\" \/>\n\t<meta name=\"twitter:data1\" content=\"1 minute\" \/>\n<script type=\"application\/ld+json\" class=\"yoast-schema-graph\">{\"@context\":\"https:\/\/schema.org\",\"@graph\":[{\"@type\":[\"WebPage\",\"ItemPage\"],\"@id\":\"https:\/\/www.qnde.ca\/fr\/produit\/pb1-fr\/\",\"url\":\"https:\/\/www.qnde.ca\/fr\/produit\/pb1-fr\/\",\"name\":\"Parker PB-1 Applicateur de Poudre Magn\u00e9tique &#060; Qualit\u00e9 NDE\",\"isPartOf\":{\"@id\":\"https:\/\/www.qnde.ca\/#website\"},\"primaryImageOfPage\":{\"@id\":\"https:\/\/www.qnde.ca\/fr\/produit\/pb1-fr\/#primaryimage\"},\"image\":{\"@id\":\"https:\/\/www.qnde.ca\/fr\/produit\/pb1-fr\/#primaryimage\"},\"thumbnailUrl\":\"https:\/\/www.qnde.ca\/wp-content\/uploads\/2016\/01\/pb1.jpg\",\"datePublished\":\"2016-01-11T15:17:50+00:00\",\"dateModified\":\"2025-08-12T12:52:21+00:00\",\"description\":\"Parker PB-1 : applicateur de poudre magn\u00e9tique pr\u00e9cis pour surfaces horizontales, verticales et a\u00e9riennes. Capacit\u00e9 de 455\u202fg (1\u202flb).\",\"breadcrumb\":{\"@id\":\"https:\/\/www.qnde.ca\/fr\/produit\/pb1-fr\/#breadcrumb\"},\"inLanguage\":\"fr-FR\",\"potentialAction\":[{\"@type\":\"ReadAction\",\"target\":[\"https:\/\/www.qnde.ca\/fr\/produit\/pb1-fr\/\"]}]},{\"@type\":\"ImageObject\",\"inLanguage\":\"fr-FR\",\"@id\":\"https:\/\/www.qnde.ca\/fr\/produit\/pb1-fr\/#primaryimage\",\"url\":\"https:\/\/www.qnde.ca\/wp-content\/uploads\/2016\/01\/pb1.jpg\",\"contentUrl\":\"https:\/\/www.qnde.ca\/wp-content\/uploads\/2016\/01\/pb1.jpg\",\"width\":400,\"height\":400,\"caption\":\"PB-1 - Applicateur\"},{\"@type\":\"BreadcrumbList\",\"@id\":\"https:\/\/www.qnde.ca\/fr\/produit\/pb1-fr\/#breadcrumb\",\"itemListElement\":[{\"@type\":\"ListItem\",\"position\":1,\"name\":\"Accueil\",\"item\":\"https:\/\/www.qnde.ca\/fr\/\"},{\"@type\":\"ListItem\",\"position\":2,\"name\":\"Produits\",\"item\":\"https:\/\/www.qnde.ca\/fr\/produits\/\"},{\"@type\":\"ListItem\",\"position\":3,\"name\":\"Magn\u00e9toscopie\",\"item\":\"https:\/\/www.qnde.ca\/fr\/product-category\/magnetoscopie\/\"},{\"@type\":\"ListItem\",\"position\":4,\"name\":\"Accessoires\",\"item\":\"https:\/\/www.qnde.ca\/fr\/product-category\/magnetoscopie\/accessoires-magnetoscopie\/\"},{\"@type\":\"ListItem\",\"position\":5,\"name\":\"Parker PB-1 Applicateur de Poudre Magn\u00e9tique\"}]},{\"@type\":\"WebSite\",\"@id\":\"https:\/\/www.qnde.ca\/#website\",\"url\":\"https:\/\/www.qnde.ca\/\",\"name\":\"Qualit\u00e9 NDE\",\"description\":\"\u00c9quipements d&#039;essais non destructifs \",\"publisher\":{\"@id\":\"https:\/\/www.qnde.ca\/#organization\"},\"potentialAction\":[{\"@type\":\"SearchAction\",\"target\":{\"@type\":\"EntryPoint\",\"urlTemplate\":\"https:\/\/www.qnde.ca\/?s={search_term_string}\"},\"query-input\":{\"@type\":\"PropertyValueSpecification\",\"valueRequired\":true,\"valueName\":\"search_term_string\"}}],\"inLanguage\":\"fr-FR\"},{\"@type\":\"Organization\",\"@id\":\"https:\/\/www.qnde.ca\/#organization\",\"name\":\"Quality NDT Ltd.\",\"url\":\"https:\/\/www.qnde.ca\/\",\"logo\":{\"@type\":\"ImageObject\",\"inLanguage\":\"fr-FR\",\"@id\":\"https:\/\/www.qnde.ca\/#\/schema\/logo\/image\/\",\"url\":\"https:\/\/www.qnde.ca\/wp-content\/uploads\/2022\/02\/QNDE_logo_RGB-gif.gif\",\"contentUrl\":\"https:\/\/www.qnde.ca\/wp-content\/uploads\/2022\/02\/QNDE_logo_RGB-gif.gif\",\"width\":250,\"height\":64,\"caption\":\"Quality NDT Ltd.\"},\"image\":{\"@id\":\"https:\/\/www.qnde.ca\/#\/schema\/logo\/image\/\"},\"sameAs\":[\"https:\/\/www.linkedin.com\/company\/qnde\/about\/?viewAsMember=true\"]}]}<\/script>\n<!-- \/ Yoast SEO plugin. -->","yoast_head_json":{"title":"Parker PB-1 Applicateur de Poudre Magn\u00e9tique &#060; Qualit\u00e9 NDE","description":"Parker PB-1 : applicateur de poudre magn\u00e9tique pr\u00e9cis pour surfaces horizontales, verticales et a\u00e9riennes. Capacit\u00e9 de 455\u202fg (1\u202flb).","robots":{"index":"index","follow":"follow","max-snippet":"max-snippet:-1","max-image-preview":"max-image-preview:large","max-video-preview":"max-video-preview:-1"},"canonical":"https:\/\/www.qnde.ca\/fr\/produit\/pb1-fr\/","twitter_misc":{"Dur\u00e9e de lecture estim\u00e9e":"1 minute"},"schema":{"@context":"https:\/\/schema.org","@graph":[{"@type":["WebPage","ItemPage"],"@id":"https:\/\/www.qnde.ca\/fr\/produit\/pb1-fr\/","url":"https:\/\/www.qnde.ca\/fr\/produit\/pb1-fr\/","name":"Parker PB-1 Applicateur de Poudre Magn\u00e9tique &#060; Qualit\u00e9 NDE","isPartOf":{"@id":"https:\/\/www.qnde.ca\/#website"},"primaryImageOfPage":{"@id":"https:\/\/www.qnde.ca\/fr\/produit\/pb1-fr\/#primaryimage"},"image":{"@id":"https:\/\/www.qnde.ca\/fr\/produit\/pb1-fr\/#primaryimage"},"thumbnailUrl":"https:\/\/www.qnde.ca\/wp-content\/uploads\/2016\/01\/pb1.jpg","datePublished":"2016-01-11T15:17:50+00:00","dateModified":"2025-08-12T12:52:21+00:00","description":"Parker PB-1 : applicateur de poudre magn\u00e9tique pr\u00e9cis pour surfaces horizontales, verticales et a\u00e9riennes. Capacit\u00e9 de 455\u202fg (1\u202flb).","breadcrumb":{"@id":"https:\/\/www.qnde.ca\/fr\/produit\/pb1-fr\/#breadcrumb"},"inLanguage":"fr-FR","potentialAction":[{"@type":"ReadAction","target":["https:\/\/www.qnde.ca\/fr\/produit\/pb1-fr\/"]}]},{"@type":"ImageObject","inLanguage":"fr-FR","@id":"https:\/\/www.qnde.ca\/fr\/produit\/pb1-fr\/#primaryimage","url":"https:\/\/www.qnde.ca\/wp-content\/uploads\/2016\/01\/pb1.jpg","contentUrl":"https:\/\/www.qnde.ca\/wp-content\/uploads\/2016\/01\/pb1.jpg","width":400,"height":400,"caption":"PB-1 - Applicateur"},{"@type":"BreadcrumbList","@id":"https:\/\/www.qnde.ca\/fr\/produit\/pb1-fr\/#breadcrumb","itemListElement":[{"@type":"ListItem","position":1,"name":"Accueil","item":"https:\/\/www.qnde.ca\/fr\/"},{"@type":"ListItem","position":2,"name":"Produits","item":"https:\/\/www.qnde.ca\/fr\/produits\/"},{"@type":"ListItem","position":3,"name":"Magn\u00e9toscopie","item":"https:\/\/www.qnde.ca\/fr\/product-category\/magnetoscopie\/"},{"@type":"ListItem","position":4,"name":"Accessoires","item":"https:\/\/www.qnde.ca\/fr\/product-category\/magnetoscopie\/accessoires-magnetoscopie\/"},{"@type":"ListItem","position":5,"name":"Parker PB-1 Applicateur de Poudre Magn\u00e9tique"}]},{"@type":"WebSite","@id":"https:\/\/www.qnde.ca\/#website","url":"https:\/\/www.qnde.ca\/","name":"Qualit\u00e9 NDE","description":"\u00c9quipements d&#039;essais non destructifs ","publisher":{"@id":"https:\/\/www.qnde.ca\/#organization"},"potentialAction":[{"@type":"SearchAction","target":{"@type":"EntryPoint","urlTemplate":"https:\/\/www.qnde.ca\/?s={search_term_string}"},"query-input":{"@type":"PropertyValueSpecification","valueRequired":true,"valueName":"search_term_string"}}],"inLanguage":"fr-FR"},{"@type":"Organization","@id":"https:\/\/www.qnde.ca\/#organization","name":"Quality NDT Ltd.","url":"https:\/\/www.qnde.ca\/","logo":{"@type":"ImageObject","inLanguage":"fr-FR","@id":"https:\/\/www.qnde.ca\/#\/schema\/logo\/image\/","url":"https:\/\/www.qnde.ca\/wp-content\/uploads\/2022\/02\/QNDE_logo_RGB-gif.gif","contentUrl":"https:\/\/www.qnde.ca\/wp-content\/uploads\/2022\/02\/QNDE_logo_RGB-gif.gif","width":250,"height":64,"caption":"Quality NDT Ltd."},"image":{"@id":"https:\/\/www.qnde.ca\/#\/schema\/logo\/image\/"},"sameAs":["https:\/\/www.linkedin.com\/company\/qnde\/about\/?viewAsMember=true"]}]}},"jetpack_sharing_enabled":true,"_links":{"self":[{"href":"https:\/\/www.qnde.ca\/fr\/wp-json\/wp\/v2\/product\/4458","targetHints":{"allow":["GET"]}}],"collection":[{"href":"https:\/\/www.qnde.ca\/fr\/wp-json\/wp\/v2\/product"}],"about":[{"href":"https:\/\/www.qnde.ca\/fr\/wp-json\/wp\/v2\/types\/product"}],"wp:featuredmedia":[{"embeddable":true,"href":"https:\/\/www.qnde.ca\/fr\/wp-json\/wp\/v2\/media\/7994"}],"wp:attachment":[{"href":"https:\/\/www.qnde.ca\/fr\/wp-json\/wp\/v2\/media?parent=4458"}],"wp:term":[{"taxonomy":"product_brand","embeddable":true,"href":"https:\/\/www.qnde.ca\/fr\/wp-json\/wp\/v2\/product_brand?post=4458"},{"taxonomy":"product_cat","embeddable":true,"href":"https:\/\/www.qnde.ca\/fr\/wp-json\/wp\/v2\/product_cat?post=4458"},{"taxonomy":"product_tag","embeddable":true,"href":"https:\/\/www.qnde.ca\/fr\/wp-json\/wp\/v2\/product_tag?post=4458"}],"curies":[{"name":"wp","href":"https:\/\/api.w.org\/{rel}","templated":true}]}}