{"id":44454,"date":"2025-07-25T09:30:56","date_gmt":"2025-07-25T13:34:00","guid":{"rendered":"https:\/\/www.qnde.ca\/?post_type=product&#038;p=44454"},"modified":"2026-01-29T10:19:29","modified_gmt":"2026-01-29T15:19:29","slug":"sondes-e-videoscope-ishot-imaging","status":"publish","type":"product","link":"https:\/\/www.qnde.ca\/fr\/produit\/sondes-e-videoscope-ishot-imaging\/","title":{"rendered":"Sondes E pour Vid\u00e9oscope iShot Imaging"},"content":{"rendered":"<h5>Sondes E pour Vid\u00e9oscope iShot Imaging<\/h5>\n<p>Les sondes iShot Model E sont con\u00e7ues pour \u00eatre utilis\u00e9es avec le moniteur portable Model E. La cam\u00e9ra CMOS articul\u00e9e haute r\u00e9solution, prot\u00e9g\u00e9e une gaine tress\u00e9e en tungst\u00e8ne, est disponible en plusieurs diam\u00e8tres (de 1,2 \u00e0 6 mm), avec diff\u00e9rentes directions de vue (DOV : directe, lat\u00e9rale ou double) en longueurs allant de 1,0 \u00e0 10 m\u00e8tres, et avec diff\u00e9rents types d\u2019articulation (articul\u00e9e, non articul\u00e9e ou rotative). Elle est \u00e9quip\u00e9e d\u2019un \u00e9clairage LED et offre une autonomie de batterie de 8 \u00e0 9 heures. Garantie de 1 an.<\/p>\n<p>Contactez-nous pour discuter de votre application, de vos besoins, des options disponibles et\/ou pour recevoir un devis<\/p>\n","protected":false},"excerpt":{"rendered":"<p>Sondes E pour Vid\u00e9oscope iShot Imaging Les sondes iShot Model E sont con\u00e7ues pour \u00eatre utilis\u00e9es avec le moniteur portable Model E. La cam\u00e9ra CMOS articul\u00e9e haute r\u00e9solution, prot\u00e9g\u00e9e une gaine tress\u00e9e en tungst\u00e8ne, est disponible en plusieurs diam\u00e8tres (de 1,2 \u00e0 6 mm), avec diff\u00e9rentes directions de vue (DOV : directe, lat\u00e9rale ou double) [&hellip;]<\/p>\n","protected":false},"featured_media":44017,"template":"","meta":{"_monsterinsights_skip_tracking":false,"_monsterinsights_sitenote_active":false,"_monsterinsights_sitenote_note":"","_monsterinsights_sitenote_category":0},"product_brand":[],"product_cat":[742,148,152],"product_tag":[474,450,452,461,463,437,462,475,473,472,453,456,451],"class_list":{"0":"post-44454","1":"product","2":"type-product","3":"status-publish","4":"has-post-thumbnail","6":"product_cat-intertest-produits","7":"product_cat-visuel","8":"product_cat-videoscopes-fr","9":"product_tag-articulated-scope-fr","10":"product_tag-boroscope-fr","11":"product_tag-endoscope-fr","12":"product_tag-fiberscope-fr","13":"product_tag-interchangeable-scope-fr","14":"product_tag-ndt-fr","15":"product_tag-probes-fr","16":"product_tag-quality-control-fr","17":"product_tag-remote-inspection-camera-fr","18":"product_tag-remote-visual-inspection-fr","19":"product_tag-rvi-fr","20":"product_tag-video-boroscope-fr","21":"product_tag-videoscope-fr","23":"first","24":"instock","25":"shipping-taxable","26":"product-type-variable"},"yoast_head":"<!-- This site is optimized with the Yoast SEO plugin v23.9 - https:\/\/yoast.com\/wordpress\/plugins\/seo\/ -->\n<title>Sondes E pour Vid\u00e9oscope iShot Imaging &#060; Qualit\u00e9 NDE<\/title>\n<meta name=\"description\" content=\"Sondes iShot Model E CMOS haute r\u00e9solution avec LED, plusieurs tailles, articulations, et jusqu\u2019\u00e0 9h d\u2019autonomie. Pour moniteur vid\u00e9o Model E.\" \/>\n<meta name=\"robots\" content=\"index, follow, max-snippet:-1, max-image-preview:large, max-video-preview:-1\" \/>\n<link rel=\"canonical\" href=\"https:\/\/www.qnde.ca\/fr\/produit\/sondes-e-videoscope-ishot-imaging\/\" \/>\n<meta name=\"twitter:label1\" content=\"Dur\u00e9e de lecture estim\u00e9e\" \/>\n\t<meta name=\"twitter:data1\" content=\"1 minute\" \/>\n<script type=\"application\/ld+json\" class=\"yoast-schema-graph\">{\"@context\":\"https:\/\/schema.org\",\"@graph\":[{\"@type\":[\"WebPage\",\"ItemPage\"],\"@id\":\"https:\/\/www.qnde.ca\/fr\/produit\/sondes-e-videoscope-ishot-imaging\/\",\"url\":\"https:\/\/www.qnde.ca\/fr\/produit\/sondes-e-videoscope-ishot-imaging\/\",\"name\":\"Sondes E pour Vid\u00e9oscope iShot Imaging &#060; Qualit\u00e9 NDE\",\"isPartOf\":{\"@id\":\"https:\/\/www.qnde.ca\/#website\"},\"primaryImageOfPage\":{\"@id\":\"https:\/\/www.qnde.ca\/fr\/produit\/sondes-e-videoscope-ishot-imaging\/#primaryimage\"},\"image\":{\"@id\":\"https:\/\/www.qnde.ca\/fr\/produit\/sondes-e-videoscope-ishot-imaging\/#primaryimage\"},\"thumbnailUrl\":\"https:\/\/www.qnde.ca\/wp-content\/uploads\/2025\/07\/iShot-Imaging-Model-E-probe-left-scaled.jpg\",\"datePublished\":\"2025-07-25T13:34:00+00:00\",\"dateModified\":\"2026-01-29T15:19:29+00:00\",\"description\":\"Sondes iShot Model E CMOS haute r\u00e9solution avec LED, plusieurs tailles, articulations, et jusqu\u2019\u00e0 9h d\u2019autonomie. Pour moniteur vid\u00e9o Model E.\",\"breadcrumb\":{\"@id\":\"https:\/\/www.qnde.ca\/fr\/produit\/sondes-e-videoscope-ishot-imaging\/#breadcrumb\"},\"inLanguage\":\"fr-FR\",\"potentialAction\":[{\"@type\":\"ReadAction\",\"target\":[\"https:\/\/www.qnde.ca\/fr\/produit\/sondes-e-videoscope-ishot-imaging\/\"]}]},{\"@type\":\"ImageObject\",\"inLanguage\":\"fr-FR\",\"@id\":\"https:\/\/www.qnde.ca\/fr\/produit\/sondes-e-videoscope-ishot-imaging\/#primaryimage\",\"url\":\"https:\/\/www.qnde.ca\/wp-content\/uploads\/2025\/07\/iShot-Imaging-Model-E-probe-left-scaled.jpg\",\"contentUrl\":\"https:\/\/www.qnde.ca\/wp-content\/uploads\/2025\/07\/iShot-Imaging-Model-E-probe-left-scaled.jpg\",\"width\":1655,\"height\":2048,\"caption\":\"iShot Imaging Model E probe side view\"},{\"@type\":\"BreadcrumbList\",\"@id\":\"https:\/\/www.qnde.ca\/fr\/produit\/sondes-e-videoscope-ishot-imaging\/#breadcrumb\",\"itemListElement\":[{\"@type\":\"ListItem\",\"position\":1,\"name\":\"Accueil\",\"item\":\"https:\/\/www.qnde.ca\/fr\/\"},{\"@type\":\"ListItem\",\"position\":2,\"name\":\"Produits\",\"item\":\"https:\/\/www.qnde.ca\/fr\/produits\/\"},{\"@type\":\"ListItem\",\"position\":3,\"name\":\"Marques\",\"item\":\"https:\/\/www.qnde.ca\/fr\/product-category\/marques\/\"},{\"@type\":\"ListItem\",\"position\":4,\"name\":\"Intertest\",\"item\":\"https:\/\/www.qnde.ca\/fr\/product-category\/marques\/intertest-produits\/\"},{\"@type\":\"ListItem\",\"position\":5,\"name\":\"Sondes E pour Vid\u00e9oscope iShot Imaging\"}]},{\"@type\":\"WebSite\",\"@id\":\"https:\/\/www.qnde.ca\/#website\",\"url\":\"https:\/\/www.qnde.ca\/\",\"name\":\"Qualit\u00e9 NDE\",\"description\":\"\u00c9quipements d&#039;essais non destructifs \",\"publisher\":{\"@id\":\"https:\/\/www.qnde.ca\/#organization\"},\"potentialAction\":[{\"@type\":\"SearchAction\",\"target\":{\"@type\":\"EntryPoint\",\"urlTemplate\":\"https:\/\/www.qnde.ca\/?s={search_term_string}\"},\"query-input\":{\"@type\":\"PropertyValueSpecification\",\"valueRequired\":true,\"valueName\":\"search_term_string\"}}],\"inLanguage\":\"fr-FR\"},{\"@type\":\"Organization\",\"@id\":\"https:\/\/www.qnde.ca\/#organization\",\"name\":\"Quality NDT Ltd.\",\"url\":\"https:\/\/www.qnde.ca\/\",\"logo\":{\"@type\":\"ImageObject\",\"inLanguage\":\"fr-FR\",\"@id\":\"https:\/\/www.qnde.ca\/#\/schema\/logo\/image\/\",\"url\":\"https:\/\/www.qnde.ca\/wp-content\/uploads\/2022\/02\/QNDE_logo_RGB-gif.gif\",\"contentUrl\":\"https:\/\/www.qnde.ca\/wp-content\/uploads\/2022\/02\/QNDE_logo_RGB-gif.gif\",\"width\":250,\"height\":64,\"caption\":\"Quality NDT Ltd.\"},\"image\":{\"@id\":\"https:\/\/www.qnde.ca\/#\/schema\/logo\/image\/\"},\"sameAs\":[\"https:\/\/www.linkedin.com\/company\/qnde\/about\/?viewAsMember=true\"]}]}<\/script>\n<!-- \/ Yoast SEO plugin. -->","yoast_head_json":{"title":"Sondes E pour Vid\u00e9oscope iShot Imaging &#060; Qualit\u00e9 NDE","description":"Sondes iShot Model E CMOS haute r\u00e9solution avec LED, plusieurs tailles, articulations, et jusqu\u2019\u00e0 9h d\u2019autonomie. Pour moniteur vid\u00e9o Model E.","robots":{"index":"index","follow":"follow","max-snippet":"max-snippet:-1","max-image-preview":"max-image-preview:large","max-video-preview":"max-video-preview:-1"},"canonical":"https:\/\/www.qnde.ca\/fr\/produit\/sondes-e-videoscope-ishot-imaging\/","twitter_misc":{"Dur\u00e9e de lecture estim\u00e9e":"1 minute"},"schema":{"@context":"https:\/\/schema.org","@graph":[{"@type":["WebPage","ItemPage"],"@id":"https:\/\/www.qnde.ca\/fr\/produit\/sondes-e-videoscope-ishot-imaging\/","url":"https:\/\/www.qnde.ca\/fr\/produit\/sondes-e-videoscope-ishot-imaging\/","name":"Sondes E pour Vid\u00e9oscope iShot Imaging &#060; Qualit\u00e9 NDE","isPartOf":{"@id":"https:\/\/www.qnde.ca\/#website"},"primaryImageOfPage":{"@id":"https:\/\/www.qnde.ca\/fr\/produit\/sondes-e-videoscope-ishot-imaging\/#primaryimage"},"image":{"@id":"https:\/\/www.qnde.ca\/fr\/produit\/sondes-e-videoscope-ishot-imaging\/#primaryimage"},"thumbnailUrl":"https:\/\/www.qnde.ca\/wp-content\/uploads\/2025\/07\/iShot-Imaging-Model-E-probe-left-scaled.jpg","datePublished":"2025-07-25T13:34:00+00:00","dateModified":"2026-01-29T15:19:29+00:00","description":"Sondes iShot Model E CMOS haute r\u00e9solution avec LED, plusieurs tailles, articulations, et jusqu\u2019\u00e0 9h d\u2019autonomie. Pour moniteur vid\u00e9o Model E.","breadcrumb":{"@id":"https:\/\/www.qnde.ca\/fr\/produit\/sondes-e-videoscope-ishot-imaging\/#breadcrumb"},"inLanguage":"fr-FR","potentialAction":[{"@type":"ReadAction","target":["https:\/\/www.qnde.ca\/fr\/produit\/sondes-e-videoscope-ishot-imaging\/"]}]},{"@type":"ImageObject","inLanguage":"fr-FR","@id":"https:\/\/www.qnde.ca\/fr\/produit\/sondes-e-videoscope-ishot-imaging\/#primaryimage","url":"https:\/\/www.qnde.ca\/wp-content\/uploads\/2025\/07\/iShot-Imaging-Model-E-probe-left-scaled.jpg","contentUrl":"https:\/\/www.qnde.ca\/wp-content\/uploads\/2025\/07\/iShot-Imaging-Model-E-probe-left-scaled.jpg","width":1655,"height":2048,"caption":"iShot Imaging Model E probe side view"},{"@type":"BreadcrumbList","@id":"https:\/\/www.qnde.ca\/fr\/produit\/sondes-e-videoscope-ishot-imaging\/#breadcrumb","itemListElement":[{"@type":"ListItem","position":1,"name":"Accueil","item":"https:\/\/www.qnde.ca\/fr\/"},{"@type":"ListItem","position":2,"name":"Produits","item":"https:\/\/www.qnde.ca\/fr\/produits\/"},{"@type":"ListItem","position":3,"name":"Marques","item":"https:\/\/www.qnde.ca\/fr\/product-category\/marques\/"},{"@type":"ListItem","position":4,"name":"Intertest","item":"https:\/\/www.qnde.ca\/fr\/product-category\/marques\/intertest-produits\/"},{"@type":"ListItem","position":5,"name":"Sondes E pour Vid\u00e9oscope iShot Imaging"}]},{"@type":"WebSite","@id":"https:\/\/www.qnde.ca\/#website","url":"https:\/\/www.qnde.ca\/","name":"Qualit\u00e9 NDE","description":"\u00c9quipements d&#039;essais non destructifs ","publisher":{"@id":"https:\/\/www.qnde.ca\/#organization"},"potentialAction":[{"@type":"SearchAction","target":{"@type":"EntryPoint","urlTemplate":"https:\/\/www.qnde.ca\/?s={search_term_string}"},"query-input":{"@type":"PropertyValueSpecification","valueRequired":true,"valueName":"search_term_string"}}],"inLanguage":"fr-FR"},{"@type":"Organization","@id":"https:\/\/www.qnde.ca\/#organization","name":"Quality NDT Ltd.","url":"https:\/\/www.qnde.ca\/","logo":{"@type":"ImageObject","inLanguage":"fr-FR","@id":"https:\/\/www.qnde.ca\/#\/schema\/logo\/image\/","url":"https:\/\/www.qnde.ca\/wp-content\/uploads\/2022\/02\/QNDE_logo_RGB-gif.gif","contentUrl":"https:\/\/www.qnde.ca\/wp-content\/uploads\/2022\/02\/QNDE_logo_RGB-gif.gif","width":250,"height":64,"caption":"Quality NDT Ltd."},"image":{"@id":"https:\/\/www.qnde.ca\/#\/schema\/logo\/image\/"},"sameAs":["https:\/\/www.linkedin.com\/company\/qnde\/about\/?viewAsMember=true"]}]}},"jetpack_sharing_enabled":true,"_links":{"self":[{"href":"https:\/\/www.qnde.ca\/fr\/wp-json\/wp\/v2\/product\/44454","targetHints":{"allow":["GET"]}}],"collection":[{"href":"https:\/\/www.qnde.ca\/fr\/wp-json\/wp\/v2\/product"}],"about":[{"href":"https:\/\/www.qnde.ca\/fr\/wp-json\/wp\/v2\/types\/product"}],"wp:featuredmedia":[{"embeddable":true,"href":"https:\/\/www.qnde.ca\/fr\/wp-json\/wp\/v2\/media\/44017"}],"wp:attachment":[{"href":"https:\/\/www.qnde.ca\/fr\/wp-json\/wp\/v2\/media?parent=44454"}],"wp:term":[{"taxonomy":"product_brand","embeddable":true,"href":"https:\/\/www.qnde.ca\/fr\/wp-json\/wp\/v2\/product_brand?post=44454"},{"taxonomy":"product_cat","embeddable":true,"href":"https:\/\/www.qnde.ca\/fr\/wp-json\/wp\/v2\/product_cat?post=44454"},{"taxonomy":"product_tag","embeddable":true,"href":"https:\/\/www.qnde.ca\/fr\/wp-json\/wp\/v2\/product_tag?post=44454"}],"curies":[{"name":"wp","href":"https:\/\/api.w.org\/{rel}","templated":true}]}}