{"id":4439,"date":"2016-01-11T14:50:04","date_gmt":"2016-01-11T14:50:04","guid":{"rendered":"https:\/\/www.qnde.ca\/?post_type=product&#038;p=4439"},"modified":"2025-08-12T09:55:43","modified_gmt":"2025-08-12T13:55:43","slug":"qnde-ndt-culasse-aimant-permanent-interrupteur-onoff","status":"publish","type":"product","link":"https:\/\/www.qnde.ca\/fr\/produit\/qnde-ndt-culasse-aimant-permanent-interrupteur-onoff\/","title":{"rendered":"Culasse Permanente \u2013 Interrupteur ON\/OFF"},"content":{"rendered":"<h3><strong>Culasse Permanente \u2013 Interrupteur ON\/OFF<\/strong><\/h3>\n<p>L\u00e9g\u00e8re culasse magn\u00e9tique permanente avec interrupteur ON\/OFF, sans source d&rsquo;\u00e9nergie \u00e9lectrique.<\/p>\n<p>Simplement mettre l&rsquo;interrupteur ON pour soulever 50lb (22.7kg). Mesures 5.3&Prime; H x 6.4&Prime; L x 1.9&Prime; E (13.5&#215;16.3&#215;4.7cm). \u00c9cart des pattes de 0.9&Prime; \u00e0 10.3&Prime; (2.3 \u00e0 26.2cm). 6.0lb (2.7kg).<\/p>\n<ul>\n<li>8100551: Culasse permanente &#8211; interrupteur ON\/OFF.<\/li>\n<\/ul>\n","protected":false},"excerpt":{"rendered":"<p>Culasse Permanente \u2013 Interrupteur ON\/OFF L\u00e9g\u00e8re culasse magn\u00e9tique permanente avec interrupteur ON\/OFF, sans source d&rsquo;\u00e9nergie \u00e9lectrique. Simplement mettre l&rsquo;interrupteur ON pour soulever 50lb (22.7kg). Mesures 5.3&Prime; H x 6.4&Prime; L x 1.9&Prime; E (13.5&#215;16.3&#215;4.7cm). \u00c9cart des pattes de 0.9&Prime; \u00e0 10.3&Prime; (2.3 \u00e0 26.2cm). 6.0lb (2.7kg). 8100551: Culasse permanente &#8211; interrupteur ON\/OFF.<\/p>\n","protected":false},"featured_media":13000,"template":"","meta":{"_monsterinsights_skip_tracking":false,"_monsterinsights_sitenote_active":false,"_monsterinsights_sitenote_note":"","_monsterinsights_sitenote_category":0},"product_brand":[],"product_cat":[402,132],"product_tag":[],"class_list":{"0":"post-4439","1":"product","2":"type-product","3":"status-publish","4":"has-post-thumbnail","6":"product_cat-autres-marques","7":"product_cat-equipements-magnetoscopie","9":"first","10":"instock","11":"shipping-taxable","12":"purchasable","13":"product-type-simple"},"yoast_head":"<!-- This site is optimized with the Yoast SEO plugin v23.9 - https:\/\/yoast.com\/wordpress\/plugins\/seo\/ -->\n<title>Culasse Permanente \u2013 Interrupteur ON\/OFF &#060; Qualit\u00e9 NDE<\/title>\n<meta name=\"description\" content=\"Culasse magn\u00e9tique permanente l\u00e9g\u00e8re avec interrupteur ON\/OFF. Soul\u00e8ve jusqu\u2019\u00e0 50\u202flb sans alimentation \u00e9lectrique. Compacte et facile \u00e0 utiliser.\" \/>\n<meta name=\"robots\" content=\"index, follow, max-snippet:-1, max-image-preview:large, max-video-preview:-1\" \/>\n<link rel=\"canonical\" href=\"https:\/\/www.qnde.ca\/fr\/produit\/qnde-ndt-culasse-aimant-permanent-interrupteur-onoff\/\" \/>\n<meta name=\"twitter:label1\" content=\"Dur\u00e9e de lecture estim\u00e9e\" \/>\n\t<meta name=\"twitter:data1\" content=\"1 minute\" \/>\n<script type=\"application\/ld+json\" class=\"yoast-schema-graph\">{\"@context\":\"https:\/\/schema.org\",\"@graph\":[{\"@type\":[\"WebPage\",\"ItemPage\"],\"@id\":\"https:\/\/www.qnde.ca\/fr\/produit\/qnde-ndt-culasse-aimant-permanent-interrupteur-onoff\/\",\"url\":\"https:\/\/www.qnde.ca\/fr\/produit\/qnde-ndt-culasse-aimant-permanent-interrupteur-onoff\/\",\"name\":\"Culasse Permanente \u2013 Interrupteur ON\/OFF &#060; Qualit\u00e9 NDE\",\"isPartOf\":{\"@id\":\"https:\/\/www.qnde.ca\/#website\"},\"primaryImageOfPage\":{\"@id\":\"https:\/\/www.qnde.ca\/fr\/produit\/qnde-ndt-culasse-aimant-permanent-interrupteur-onoff\/#primaryimage\"},\"image\":{\"@id\":\"https:\/\/www.qnde.ca\/fr\/produit\/qnde-ndt-culasse-aimant-permanent-interrupteur-onoff\/#primaryimage\"},\"thumbnailUrl\":\"https:\/\/www.qnde.ca\/wp-content\/uploads\/2020\/12\/8100551_up.jpg\",\"datePublished\":\"2016-01-11T14:50:04+00:00\",\"dateModified\":\"2025-08-12T13:55:43+00:00\",\"description\":\"Culasse magn\u00e9tique permanente l\u00e9g\u00e8re avec interrupteur ON\/OFF. Soul\u00e8ve jusqu\u2019\u00e0 50\u202flb sans alimentation \u00e9lectrique. Compacte et facile \u00e0 utiliser.\",\"breadcrumb\":{\"@id\":\"https:\/\/www.qnde.ca\/fr\/produit\/qnde-ndt-culasse-aimant-permanent-interrupteur-onoff\/#breadcrumb\"},\"inLanguage\":\"fr-FR\",\"potentialAction\":[{\"@type\":\"ReadAction\",\"target\":[\"https:\/\/www.qnde.ca\/fr\/produit\/qnde-ndt-culasse-aimant-permanent-interrupteur-onoff\/\"]}]},{\"@type\":\"ImageObject\",\"inLanguage\":\"fr-FR\",\"@id\":\"https:\/\/www.qnde.ca\/fr\/produit\/qnde-ndt-culasse-aimant-permanent-interrupteur-onoff\/#primaryimage\",\"url\":\"https:\/\/www.qnde.ca\/wp-content\/uploads\/2020\/12\/8100551_up.jpg\",\"contentUrl\":\"https:\/\/www.qnde.ca\/wp-content\/uploads\/2020\/12\/8100551_up.jpg\",\"width\":1500,\"height\":1500,\"caption\":\"Yoke_Upright\"},{\"@type\":\"BreadcrumbList\",\"@id\":\"https:\/\/www.qnde.ca\/fr\/produit\/qnde-ndt-culasse-aimant-permanent-interrupteur-onoff\/#breadcrumb\",\"itemListElement\":[{\"@type\":\"ListItem\",\"position\":1,\"name\":\"Accueil\",\"item\":\"https:\/\/www.qnde.ca\/fr\/\"},{\"@type\":\"ListItem\",\"position\":2,\"name\":\"Produits\",\"item\":\"https:\/\/www.qnde.ca\/fr\/produits\/\"},{\"@type\":\"ListItem\",\"position\":3,\"name\":\"Marques\",\"item\":\"https:\/\/www.qnde.ca\/fr\/product-category\/marques\/\"},{\"@type\":\"ListItem\",\"position\":4,\"name\":\"Autres Marques\",\"item\":\"https:\/\/www.qnde.ca\/fr\/product-category\/marques\/autres-marques\/\"},{\"@type\":\"ListItem\",\"position\":5,\"name\":\"Culasse Permanente \u2013 Interrupteur ON\/OFF\"}]},{\"@type\":\"WebSite\",\"@id\":\"https:\/\/www.qnde.ca\/#website\",\"url\":\"https:\/\/www.qnde.ca\/\",\"name\":\"Qualit\u00e9 NDE\",\"description\":\"\u00c9quipements d&#039;essais non destructifs \",\"publisher\":{\"@id\":\"https:\/\/www.qnde.ca\/#organization\"},\"potentialAction\":[{\"@type\":\"SearchAction\",\"target\":{\"@type\":\"EntryPoint\",\"urlTemplate\":\"https:\/\/www.qnde.ca\/?s={search_term_string}\"},\"query-input\":{\"@type\":\"PropertyValueSpecification\",\"valueRequired\":true,\"valueName\":\"search_term_string\"}}],\"inLanguage\":\"fr-FR\"},{\"@type\":\"Organization\",\"@id\":\"https:\/\/www.qnde.ca\/#organization\",\"name\":\"Quality NDT Ltd.\",\"url\":\"https:\/\/www.qnde.ca\/\",\"logo\":{\"@type\":\"ImageObject\",\"inLanguage\":\"fr-FR\",\"@id\":\"https:\/\/www.qnde.ca\/#\/schema\/logo\/image\/\",\"url\":\"https:\/\/www.qnde.ca\/wp-content\/uploads\/2022\/02\/QNDE_logo_RGB-gif.gif\",\"contentUrl\":\"https:\/\/www.qnde.ca\/wp-content\/uploads\/2022\/02\/QNDE_logo_RGB-gif.gif\",\"width\":250,\"height\":64,\"caption\":\"Quality NDT Ltd.\"},\"image\":{\"@id\":\"https:\/\/www.qnde.ca\/#\/schema\/logo\/image\/\"},\"sameAs\":[\"https:\/\/www.linkedin.com\/company\/qnde\/about\/?viewAsMember=true\"]}]}<\/script>\n<!-- \/ Yoast SEO plugin. -->","yoast_head_json":{"title":"Culasse Permanente \u2013 Interrupteur ON\/OFF &#060; Qualit\u00e9 NDE","description":"Culasse magn\u00e9tique permanente l\u00e9g\u00e8re avec interrupteur ON\/OFF. Soul\u00e8ve jusqu\u2019\u00e0 50\u202flb sans alimentation \u00e9lectrique. Compacte et facile \u00e0 utiliser.","robots":{"index":"index","follow":"follow","max-snippet":"max-snippet:-1","max-image-preview":"max-image-preview:large","max-video-preview":"max-video-preview:-1"},"canonical":"https:\/\/www.qnde.ca\/fr\/produit\/qnde-ndt-culasse-aimant-permanent-interrupteur-onoff\/","twitter_misc":{"Dur\u00e9e de lecture estim\u00e9e":"1 minute"},"schema":{"@context":"https:\/\/schema.org","@graph":[{"@type":["WebPage","ItemPage"],"@id":"https:\/\/www.qnde.ca\/fr\/produit\/qnde-ndt-culasse-aimant-permanent-interrupteur-onoff\/","url":"https:\/\/www.qnde.ca\/fr\/produit\/qnde-ndt-culasse-aimant-permanent-interrupteur-onoff\/","name":"Culasse Permanente \u2013 Interrupteur ON\/OFF &#060; Qualit\u00e9 NDE","isPartOf":{"@id":"https:\/\/www.qnde.ca\/#website"},"primaryImageOfPage":{"@id":"https:\/\/www.qnde.ca\/fr\/produit\/qnde-ndt-culasse-aimant-permanent-interrupteur-onoff\/#primaryimage"},"image":{"@id":"https:\/\/www.qnde.ca\/fr\/produit\/qnde-ndt-culasse-aimant-permanent-interrupteur-onoff\/#primaryimage"},"thumbnailUrl":"https:\/\/www.qnde.ca\/wp-content\/uploads\/2020\/12\/8100551_up.jpg","datePublished":"2016-01-11T14:50:04+00:00","dateModified":"2025-08-12T13:55:43+00:00","description":"Culasse magn\u00e9tique permanente l\u00e9g\u00e8re avec interrupteur ON\/OFF. Soul\u00e8ve jusqu\u2019\u00e0 50\u202flb sans alimentation \u00e9lectrique. Compacte et facile \u00e0 utiliser.","breadcrumb":{"@id":"https:\/\/www.qnde.ca\/fr\/produit\/qnde-ndt-culasse-aimant-permanent-interrupteur-onoff\/#breadcrumb"},"inLanguage":"fr-FR","potentialAction":[{"@type":"ReadAction","target":["https:\/\/www.qnde.ca\/fr\/produit\/qnde-ndt-culasse-aimant-permanent-interrupteur-onoff\/"]}]},{"@type":"ImageObject","inLanguage":"fr-FR","@id":"https:\/\/www.qnde.ca\/fr\/produit\/qnde-ndt-culasse-aimant-permanent-interrupteur-onoff\/#primaryimage","url":"https:\/\/www.qnde.ca\/wp-content\/uploads\/2020\/12\/8100551_up.jpg","contentUrl":"https:\/\/www.qnde.ca\/wp-content\/uploads\/2020\/12\/8100551_up.jpg","width":1500,"height":1500,"caption":"Yoke_Upright"},{"@type":"BreadcrumbList","@id":"https:\/\/www.qnde.ca\/fr\/produit\/qnde-ndt-culasse-aimant-permanent-interrupteur-onoff\/#breadcrumb","itemListElement":[{"@type":"ListItem","position":1,"name":"Accueil","item":"https:\/\/www.qnde.ca\/fr\/"},{"@type":"ListItem","position":2,"name":"Produits","item":"https:\/\/www.qnde.ca\/fr\/produits\/"},{"@type":"ListItem","position":3,"name":"Marques","item":"https:\/\/www.qnde.ca\/fr\/product-category\/marques\/"},{"@type":"ListItem","position":4,"name":"Autres Marques","item":"https:\/\/www.qnde.ca\/fr\/product-category\/marques\/autres-marques\/"},{"@type":"ListItem","position":5,"name":"Culasse Permanente \u2013 Interrupteur ON\/OFF"}]},{"@type":"WebSite","@id":"https:\/\/www.qnde.ca\/#website","url":"https:\/\/www.qnde.ca\/","name":"Qualit\u00e9 NDE","description":"\u00c9quipements d&#039;essais non destructifs ","publisher":{"@id":"https:\/\/www.qnde.ca\/#organization"},"potentialAction":[{"@type":"SearchAction","target":{"@type":"EntryPoint","urlTemplate":"https:\/\/www.qnde.ca\/?s={search_term_string}"},"query-input":{"@type":"PropertyValueSpecification","valueRequired":true,"valueName":"search_term_string"}}],"inLanguage":"fr-FR"},{"@type":"Organization","@id":"https:\/\/www.qnde.ca\/#organization","name":"Quality NDT Ltd.","url":"https:\/\/www.qnde.ca\/","logo":{"@type":"ImageObject","inLanguage":"fr-FR","@id":"https:\/\/www.qnde.ca\/#\/schema\/logo\/image\/","url":"https:\/\/www.qnde.ca\/wp-content\/uploads\/2022\/02\/QNDE_logo_RGB-gif.gif","contentUrl":"https:\/\/www.qnde.ca\/wp-content\/uploads\/2022\/02\/QNDE_logo_RGB-gif.gif","width":250,"height":64,"caption":"Quality NDT Ltd."},"image":{"@id":"https:\/\/www.qnde.ca\/#\/schema\/logo\/image\/"},"sameAs":["https:\/\/www.linkedin.com\/company\/qnde\/about\/?viewAsMember=true"]}]}},"jetpack_sharing_enabled":true,"_links":{"self":[{"href":"https:\/\/www.qnde.ca\/fr\/wp-json\/wp\/v2\/product\/4439","targetHints":{"allow":["GET"]}}],"collection":[{"href":"https:\/\/www.qnde.ca\/fr\/wp-json\/wp\/v2\/product"}],"about":[{"href":"https:\/\/www.qnde.ca\/fr\/wp-json\/wp\/v2\/types\/product"}],"wp:featuredmedia":[{"embeddable":true,"href":"https:\/\/www.qnde.ca\/fr\/wp-json\/wp\/v2\/media\/13000"}],"wp:attachment":[{"href":"https:\/\/www.qnde.ca\/fr\/wp-json\/wp\/v2\/media?parent=4439"}],"wp:term":[{"taxonomy":"product_brand","embeddable":true,"href":"https:\/\/www.qnde.ca\/fr\/wp-json\/wp\/v2\/product_brand?post=4439"},{"taxonomy":"product_cat","embeddable":true,"href":"https:\/\/www.qnde.ca\/fr\/wp-json\/wp\/v2\/product_cat?post=4439"},{"taxonomy":"product_tag","embeddable":true,"href":"https:\/\/www.qnde.ca\/fr\/wp-json\/wp\/v2\/product_tag?post=4439"}],"curies":[{"name":"wp","href":"https:\/\/api.w.org\/{rel}","templated":true}]}}