{"id":4431,"date":"2016-01-11T14:47:26","date_gmt":"2016-01-11T14:47:26","guid":{"rendered":"https:\/\/www.qnde.ca\/?post_type=product&#038;p=4431"},"modified":"2022-11-04T14:12:49","modified_gmt":"2022-11-04T18:12:49","slug":"da-400-fr","status":"publish","type":"product","link":"https:\/\/www.qnde.ca\/fr\/produit\/da-400-fr\/","title":{"rendered":"Parker DA-400 Culasse AC\/DC"},"content":{"rendered":"<h3><strong>Parker DA-400 Culasse AC\/DC<\/strong><\/h3>\n<p>Culasse robuste \u00e9lectromagn\u00e9tique AC\/DC, 120VAC, 60Hz, 6.0Amp. \u00c9cart des pattes de 6.4 \u00e0 30.5cm (2.5&Prime; \u00e0 12&Prime;). Cycle d&rsquo;utilisation: 50% ON\/OFF (2min maximum). 4.1kg (9.0lb).<\/p>\n<ul>\n<li>DA400: DA-400, robuste culasse scell\u00e9e.<\/li>\n<li>DA400-PLA: Ensemble de culasse Parker DA-400: comprend une culasse, une lumi\u00e8re 4W, un applicateur de poudre <a href=\"https:\/\/www.qnde.ca\/fr\/produit\/pb1-fr\/\">PB-1<\/a> rempli de 455g (1lb) de <a href=\"https:\/\/www.qnde.ca\/fr\/produit\/1-gris-fr\/\">poudre grise Magnaflux #1<\/a> et une bouteille de 455g (1lb) de <a href=\"https:\/\/www.qnde.ca\/fr\/produit\/8-rouge-fr\/\">poudre rouge Magnaflux #8A<\/a>, instructions et une valise de transport en plastique robuste.<\/li>\n<li>DA400-STA: identique au DA400-PLA mais livr\u00e9 avec une valise de transport de m\u00e9tal robuste.<\/li>\n<li><a href=\"https:\/\/www.qnde.ca\/fr\/produit\/lumieres-culasses\/\">Y400<\/a>: Lumi\u00e8re pour culasses Parker B-100 et DA-400.<\/li>\n<li id=\"ctl01_ctl00_cphMainContent_ProductTitle\"><a href=\"https:\/\/www.qnde.ca\/fr\/produit\/rechange-lumiere-culasse\/\">DE3175<\/a>: Ampoule pour les culasses Magnaflux Y-1, Y-6, Y-7, Parker B-100, B-300 et DA-400.<\/li>\n<\/ul>\n","protected":false},"excerpt":{"rendered":"<p>Parker DA-400 Culasse AC\/DC Culasse robuste \u00e9lectromagn\u00e9tique AC\/DC, 120VAC, 60Hz, 6.0Amp. \u00c9cart des pattes de 6.4 \u00e0 30.5cm (2.5&Prime; \u00e0 12&Prime;). Cycle d&rsquo;utilisation: 50% ON\/OFF (2min maximum). 4.1kg (9.0lb). DA400: DA-400, robuste culasse scell\u00e9e. DA400-PLA: Ensemble de culasse Parker DA-400: comprend une culasse, une lumi\u00e8re 4W, un applicateur de poudre PB-1 rempli de 455g (1lb) [&hellip;]<\/p>\n","protected":false},"featured_media":12977,"template":"","meta":{"_monsterinsights_skip_tracking":false,"_monsterinsights_sitenote_active":false,"_monsterinsights_sitenote_note":"","_monsterinsights_sitenote_category":0},"product_brand":[],"product_cat":[395,132],"product_tag":[],"class_list":{"0":"post-4431","1":"product","2":"type-product","3":"status-publish","4":"has-post-thumbnail","6":"product_cat-parker-research-fr","7":"product_cat-equipements-magnetoscopie","9":"first","10":"instock","11":"shipping-taxable","12":"purchasable","13":"product-type-variable"},"yoast_head":"<!-- This site is optimized with the Yoast SEO plugin v23.9 - https:\/\/yoast.com\/wordpress\/plugins\/seo\/ -->\n<title>Parker DA-400 Culasse AC\/DC &#060; Qualit\u00e9 NDE<\/title>\n<meta name=\"description\" content=\"Culasse robuste \u00e9lectromagn\u00e9tique scell\u00e9e AC\/DC. Disponible avec ou sans valise de transport (metal ou plastique).\" \/>\n<meta name=\"robots\" content=\"index, follow, max-snippet:-1, max-image-preview:large, max-video-preview:-1\" \/>\n<link rel=\"canonical\" href=\"https:\/\/www.qnde.ca\/fr\/produit\/da-400-fr\/\" \/>\n<meta name=\"twitter:label1\" content=\"Dur\u00e9e de lecture estim\u00e9e\" \/>\n\t<meta name=\"twitter:data1\" content=\"1 minute\" \/>\n<script type=\"application\/ld+json\" class=\"yoast-schema-graph\">{\"@context\":\"https:\/\/schema.org\",\"@graph\":[{\"@type\":[\"WebPage\",\"ItemPage\"],\"@id\":\"https:\/\/www.qnde.ca\/fr\/produit\/da-400-fr\/\",\"url\":\"https:\/\/www.qnde.ca\/fr\/produit\/da-400-fr\/\",\"name\":\"Parker DA-400 Culasse AC\/DC &#060; Qualit\u00e9 NDE\",\"isPartOf\":{\"@id\":\"https:\/\/www.qnde.ca\/#website\"},\"primaryImageOfPage\":{\"@id\":\"https:\/\/www.qnde.ca\/fr\/produit\/da-400-fr\/#primaryimage\"},\"image\":{\"@id\":\"https:\/\/www.qnde.ca\/fr\/produit\/da-400-fr\/#primaryimage\"},\"thumbnailUrl\":\"https:\/\/www.qnde.ca\/wp-content\/uploads\/2020\/12\/DA400.jpg\",\"datePublished\":\"2016-01-11T14:47:26+00:00\",\"dateModified\":\"2022-11-04T18:12:49+00:00\",\"description\":\"Culasse robuste \u00e9lectromagn\u00e9tique scell\u00e9e AC\/DC. Disponible avec ou sans valise de transport (metal ou plastique).\",\"breadcrumb\":{\"@id\":\"https:\/\/www.qnde.ca\/fr\/produit\/da-400-fr\/#breadcrumb\"},\"inLanguage\":\"fr-FR\",\"potentialAction\":[{\"@type\":\"ReadAction\",\"target\":[\"https:\/\/www.qnde.ca\/fr\/produit\/da-400-fr\/\"]}]},{\"@type\":\"ImageObject\",\"inLanguage\":\"fr-FR\",\"@id\":\"https:\/\/www.qnde.ca\/fr\/produit\/da-400-fr\/#primaryimage\",\"url\":\"https:\/\/www.qnde.ca\/wp-content\/uploads\/2020\/12\/DA400.jpg\",\"contentUrl\":\"https:\/\/www.qnde.ca\/wp-content\/uploads\/2020\/12\/DA400.jpg\",\"width\":1589,\"height\":1589,\"caption\":\"DA400\"},{\"@type\":\"BreadcrumbList\",\"@id\":\"https:\/\/www.qnde.ca\/fr\/produit\/da-400-fr\/#breadcrumb\",\"itemListElement\":[{\"@type\":\"ListItem\",\"position\":1,\"name\":\"Accueil\",\"item\":\"https:\/\/www.qnde.ca\/fr\/\"},{\"@type\":\"ListItem\",\"position\":2,\"name\":\"Produits\",\"item\":\"https:\/\/www.qnde.ca\/fr\/produits\/\"},{\"@type\":\"ListItem\",\"position\":3,\"name\":\"Magn\u00e9toscopie\",\"item\":\"https:\/\/www.qnde.ca\/fr\/product-category\/magnetoscopie\/\"},{\"@type\":\"ListItem\",\"position\":4,\"name\":\"\u00c9quipements\",\"item\":\"https:\/\/www.qnde.ca\/fr\/product-category\/magnetoscopie\/equipements-magnetoscopie\/\"},{\"@type\":\"ListItem\",\"position\":5,\"name\":\"Parker DA-400 Culasse AC\/DC\"}]},{\"@type\":\"WebSite\",\"@id\":\"https:\/\/www.qnde.ca\/#website\",\"url\":\"https:\/\/www.qnde.ca\/\",\"name\":\"Qualit\u00e9 NDE\",\"description\":\"\u00c9quipements d&#039;essais non destructifs \",\"publisher\":{\"@id\":\"https:\/\/www.qnde.ca\/#organization\"},\"potentialAction\":[{\"@type\":\"SearchAction\",\"target\":{\"@type\":\"EntryPoint\",\"urlTemplate\":\"https:\/\/www.qnde.ca\/?s={search_term_string}\"},\"query-input\":{\"@type\":\"PropertyValueSpecification\",\"valueRequired\":true,\"valueName\":\"search_term_string\"}}],\"inLanguage\":\"fr-FR\"},{\"@type\":\"Organization\",\"@id\":\"https:\/\/www.qnde.ca\/#organization\",\"name\":\"Quality NDT Ltd.\",\"url\":\"https:\/\/www.qnde.ca\/\",\"logo\":{\"@type\":\"ImageObject\",\"inLanguage\":\"fr-FR\",\"@id\":\"https:\/\/www.qnde.ca\/#\/schema\/logo\/image\/\",\"url\":\"https:\/\/www.qnde.ca\/wp-content\/uploads\/2022\/02\/QNDE_logo_RGB-gif.gif\",\"contentUrl\":\"https:\/\/www.qnde.ca\/wp-content\/uploads\/2022\/02\/QNDE_logo_RGB-gif.gif\",\"width\":250,\"height\":64,\"caption\":\"Quality NDT Ltd.\"},\"image\":{\"@id\":\"https:\/\/www.qnde.ca\/#\/schema\/logo\/image\/\"},\"sameAs\":[\"https:\/\/www.linkedin.com\/company\/qnde\/about\/?viewAsMember=true\"]}]}<\/script>\n<!-- \/ Yoast SEO plugin. -->","yoast_head_json":{"title":"Parker DA-400 Culasse AC\/DC &#060; Qualit\u00e9 NDE","description":"Culasse robuste \u00e9lectromagn\u00e9tique scell\u00e9e AC\/DC. Disponible avec ou sans valise de transport (metal ou plastique).","robots":{"index":"index","follow":"follow","max-snippet":"max-snippet:-1","max-image-preview":"max-image-preview:large","max-video-preview":"max-video-preview:-1"},"canonical":"https:\/\/www.qnde.ca\/fr\/produit\/da-400-fr\/","twitter_misc":{"Dur\u00e9e de lecture estim\u00e9e":"1 minute"},"schema":{"@context":"https:\/\/schema.org","@graph":[{"@type":["WebPage","ItemPage"],"@id":"https:\/\/www.qnde.ca\/fr\/produit\/da-400-fr\/","url":"https:\/\/www.qnde.ca\/fr\/produit\/da-400-fr\/","name":"Parker DA-400 Culasse AC\/DC &#060; Qualit\u00e9 NDE","isPartOf":{"@id":"https:\/\/www.qnde.ca\/#website"},"primaryImageOfPage":{"@id":"https:\/\/www.qnde.ca\/fr\/produit\/da-400-fr\/#primaryimage"},"image":{"@id":"https:\/\/www.qnde.ca\/fr\/produit\/da-400-fr\/#primaryimage"},"thumbnailUrl":"https:\/\/www.qnde.ca\/wp-content\/uploads\/2020\/12\/DA400.jpg","datePublished":"2016-01-11T14:47:26+00:00","dateModified":"2022-11-04T18:12:49+00:00","description":"Culasse robuste \u00e9lectromagn\u00e9tique scell\u00e9e AC\/DC. Disponible avec ou sans valise de transport (metal ou plastique).","breadcrumb":{"@id":"https:\/\/www.qnde.ca\/fr\/produit\/da-400-fr\/#breadcrumb"},"inLanguage":"fr-FR","potentialAction":[{"@type":"ReadAction","target":["https:\/\/www.qnde.ca\/fr\/produit\/da-400-fr\/"]}]},{"@type":"ImageObject","inLanguage":"fr-FR","@id":"https:\/\/www.qnde.ca\/fr\/produit\/da-400-fr\/#primaryimage","url":"https:\/\/www.qnde.ca\/wp-content\/uploads\/2020\/12\/DA400.jpg","contentUrl":"https:\/\/www.qnde.ca\/wp-content\/uploads\/2020\/12\/DA400.jpg","width":1589,"height":1589,"caption":"DA400"},{"@type":"BreadcrumbList","@id":"https:\/\/www.qnde.ca\/fr\/produit\/da-400-fr\/#breadcrumb","itemListElement":[{"@type":"ListItem","position":1,"name":"Accueil","item":"https:\/\/www.qnde.ca\/fr\/"},{"@type":"ListItem","position":2,"name":"Produits","item":"https:\/\/www.qnde.ca\/fr\/produits\/"},{"@type":"ListItem","position":3,"name":"Magn\u00e9toscopie","item":"https:\/\/www.qnde.ca\/fr\/product-category\/magnetoscopie\/"},{"@type":"ListItem","position":4,"name":"\u00c9quipements","item":"https:\/\/www.qnde.ca\/fr\/product-category\/magnetoscopie\/equipements-magnetoscopie\/"},{"@type":"ListItem","position":5,"name":"Parker DA-400 Culasse AC\/DC"}]},{"@type":"WebSite","@id":"https:\/\/www.qnde.ca\/#website","url":"https:\/\/www.qnde.ca\/","name":"Qualit\u00e9 NDE","description":"\u00c9quipements d&#039;essais non destructifs ","publisher":{"@id":"https:\/\/www.qnde.ca\/#organization"},"potentialAction":[{"@type":"SearchAction","target":{"@type":"EntryPoint","urlTemplate":"https:\/\/www.qnde.ca\/?s={search_term_string}"},"query-input":{"@type":"PropertyValueSpecification","valueRequired":true,"valueName":"search_term_string"}}],"inLanguage":"fr-FR"},{"@type":"Organization","@id":"https:\/\/www.qnde.ca\/#organization","name":"Quality NDT Ltd.","url":"https:\/\/www.qnde.ca\/","logo":{"@type":"ImageObject","inLanguage":"fr-FR","@id":"https:\/\/www.qnde.ca\/#\/schema\/logo\/image\/","url":"https:\/\/www.qnde.ca\/wp-content\/uploads\/2022\/02\/QNDE_logo_RGB-gif.gif","contentUrl":"https:\/\/www.qnde.ca\/wp-content\/uploads\/2022\/02\/QNDE_logo_RGB-gif.gif","width":250,"height":64,"caption":"Quality NDT Ltd."},"image":{"@id":"https:\/\/www.qnde.ca\/#\/schema\/logo\/image\/"},"sameAs":["https:\/\/www.linkedin.com\/company\/qnde\/about\/?viewAsMember=true"]}]}},"jetpack_sharing_enabled":true,"_links":{"self":[{"href":"https:\/\/www.qnde.ca\/fr\/wp-json\/wp\/v2\/product\/4431","targetHints":{"allow":["GET"]}}],"collection":[{"href":"https:\/\/www.qnde.ca\/fr\/wp-json\/wp\/v2\/product"}],"about":[{"href":"https:\/\/www.qnde.ca\/fr\/wp-json\/wp\/v2\/types\/product"}],"wp:featuredmedia":[{"embeddable":true,"href":"https:\/\/www.qnde.ca\/fr\/wp-json\/wp\/v2\/media\/12977"}],"wp:attachment":[{"href":"https:\/\/www.qnde.ca\/fr\/wp-json\/wp\/v2\/media?parent=4431"}],"wp:term":[{"taxonomy":"product_brand","embeddable":true,"href":"https:\/\/www.qnde.ca\/fr\/wp-json\/wp\/v2\/product_brand?post=4431"},{"taxonomy":"product_cat","embeddable":true,"href":"https:\/\/www.qnde.ca\/fr\/wp-json\/wp\/v2\/product_cat?post=4431"},{"taxonomy":"product_tag","embeddable":true,"href":"https:\/\/www.qnde.ca\/fr\/wp-json\/wp\/v2\/product_tag?post=4431"}],"curies":[{"name":"wp","href":"https:\/\/api.w.org\/{rel}","templated":true}]}}