{"id":4416,"date":"2016-01-11T14:24:42","date_gmt":"2016-01-11T14:24:42","guid":{"rendered":"https:\/\/www.qnde.ca\/?post_type=product&#038;p=4416"},"modified":"2025-08-12T10:51:53","modified_gmt":"2025-08-12T14:51:53","slug":"magnaflux-bancs-magnetiques-2","status":"publish","type":"product","link":"https:\/\/www.qnde.ca\/fr\/produit\/magnaflux-bancs-magnetiques-2\/","title":{"rendered":"Magnaflux Bancs magn\u00e9tiques MD-S\u00e9ries pour Magn\u00e9tisation AC, HWDC ou 1-phase FWDC"},"content":{"rendered":"<h3><strong>Magnaflux<\/strong> <strong>Bancs magn\u00e9tiques MD-S\u00e9ries pour Magn\u00e9tisation AC, HWDC ou 1-phase FWDC<\/strong><\/h3>\n<p>Le banc magn\u00e9tique multidirectionnel peut trouver des d\u00e9fauts dans toutes les orientations avec un seul cycle de magn\u00e9tisation. Les deux sorties (contact et bobines) offrent chacune du AC, HWDC ou 1-phase FWDC et sont ajustable de fa\u00e7on ind\u00e9pendante.<\/p>\n<p>Communiquez avec nous pour discuter des options disponibles et\/ou recevoir une soumission.<\/p>\n<ul>\n<li>MD-2030: 3,000Amp HWDC, FWDC et 2,500Amp AC, 2 Sorties: contacts et bobine (standard 30cm (12&Prime;)).<\/li>\n<li>MD-2060: 6,000Amp HWDC, FWDC et 5,000Amp AC, 2 sorties: contacts et bobine (standard 30cm (12&Prime;)).<\/li>\n<li>MD3-2060: 6,000Amp de capacit\u00e9s de sortie HWDC, FWDC et 5,000Amp AC, 2 sorties: contacts et bobine (standard 30cm (12&Prime;)).<\/li>\n<\/ul>\n","protected":false},"excerpt":{"rendered":"<p>Magnaflux Bancs magn\u00e9tiques MD-S\u00e9ries pour Magn\u00e9tisation AC, HWDC ou 1-phase FWDC Le banc magn\u00e9tique multidirectionnel peut trouver des d\u00e9fauts dans toutes les orientations avec un seul cycle de magn\u00e9tisation. Les deux sorties (contact et bobines) offrent chacune du AC, HWDC ou 1-phase FWDC et sont ajustable de fa\u00e7on ind\u00e9pendante. Communiquez avec nous pour discuter des [&hellip;]<\/p>\n","protected":false},"featured_media":13038,"template":"","meta":{"_monsterinsights_skip_tracking":false,"_monsterinsights_sitenote_active":false,"_monsterinsights_sitenote_note":"","_monsterinsights_sitenote_category":0},"product_brand":[],"product_cat":[369,132],"product_tag":[],"class_list":{"0":"post-4416","1":"product","2":"type-product","3":"status-publish","4":"has-post-thumbnail","6":"product_cat-magnaflux-fr","7":"product_cat-equipements-magnetoscopie","9":"first","10":"instock","11":"shipping-taxable","12":"purchasable","13":"product-type-variable"},"yoast_head":"<!-- This site is optimized with the Yoast SEO plugin v23.9 - https:\/\/yoast.com\/wordpress\/plugins\/seo\/ -->\n<title>Magnaflux Bancs magn\u00e9tiques MD-S\u00e9ries pour Magn\u00e9tisation AC, HWDC ou 1-phase FWDC &#060; Qualit\u00e9 NDE<\/title>\n<meta name=\"description\" content=\"Magnaflux Bancs magn\u00e9tiques MD-S\u00e9ries : magn\u00e9tisation AC, HWDC ou 1-phase FWDC. Sorties contact et bobines ajustables ind\u00e9pendamment.\" \/>\n<meta name=\"robots\" content=\"index, follow, max-snippet:-1, max-image-preview:large, max-video-preview:-1\" \/>\n<link rel=\"canonical\" href=\"https:\/\/www.qnde.ca\/fr\/produit\/magnaflux-bancs-magnetiques-2\/\" \/>\n<meta name=\"twitter:label1\" content=\"Dur\u00e9e de lecture estim\u00e9e\" \/>\n\t<meta name=\"twitter:data1\" content=\"1 minute\" \/>\n<script type=\"application\/ld+json\" class=\"yoast-schema-graph\">{\"@context\":\"https:\/\/schema.org\",\"@graph\":[{\"@type\":[\"WebPage\",\"ItemPage\"],\"@id\":\"https:\/\/www.qnde.ca\/fr\/produit\/magnaflux-bancs-magnetiques-2\/\",\"url\":\"https:\/\/www.qnde.ca\/fr\/produit\/magnaflux-bancs-magnetiques-2\/\",\"name\":\"Magnaflux Bancs magn\u00e9tiques MD-S\u00e9ries pour Magn\u00e9tisation AC, HWDC ou 1-phase FWDC &#060; Qualit\u00e9 NDE\",\"isPartOf\":{\"@id\":\"https:\/\/www.qnde.ca\/#website\"},\"primaryImageOfPage\":{\"@id\":\"https:\/\/www.qnde.ca\/fr\/produit\/magnaflux-bancs-magnetiques-2\/#primaryimage\"},\"image\":{\"@id\":\"https:\/\/www.qnde.ca\/fr\/produit\/magnaflux-bancs-magnetiques-2\/#primaryimage\"},\"thumbnailUrl\":\"https:\/\/www.qnde.ca\/wp-content\/uploads\/2020\/12\/MD-series.jpg\",\"datePublished\":\"2016-01-11T14:24:42+00:00\",\"dateModified\":\"2025-08-12T14:51:53+00:00\",\"description\":\"Magnaflux Bancs magn\u00e9tiques MD-S\u00e9ries : magn\u00e9tisation AC, HWDC ou 1-phase FWDC. Sorties contact et bobines ajustables ind\u00e9pendamment.\",\"breadcrumb\":{\"@id\":\"https:\/\/www.qnde.ca\/fr\/produit\/magnaflux-bancs-magnetiques-2\/#breadcrumb\"},\"inLanguage\":\"fr-FR\",\"potentialAction\":[{\"@type\":\"ReadAction\",\"target\":[\"https:\/\/www.qnde.ca\/fr\/produit\/magnaflux-bancs-magnetiques-2\/\"]}]},{\"@type\":\"ImageObject\",\"inLanguage\":\"fr-FR\",\"@id\":\"https:\/\/www.qnde.ca\/fr\/produit\/magnaflux-bancs-magnetiques-2\/#primaryimage\",\"url\":\"https:\/\/www.qnde.ca\/wp-content\/uploads\/2020\/12\/MD-series.jpg\",\"contentUrl\":\"https:\/\/www.qnde.ca\/wp-content\/uploads\/2020\/12\/MD-series.jpg\",\"width\":2000,\"height\":2000},{\"@type\":\"BreadcrumbList\",\"@id\":\"https:\/\/www.qnde.ca\/fr\/produit\/magnaflux-bancs-magnetiques-2\/#breadcrumb\",\"itemListElement\":[{\"@type\":\"ListItem\",\"position\":1,\"name\":\"Accueil\",\"item\":\"https:\/\/www.qnde.ca\/fr\/\"},{\"@type\":\"ListItem\",\"position\":2,\"name\":\"Produits\",\"item\":\"https:\/\/www.qnde.ca\/fr\/produits\/\"},{\"@type\":\"ListItem\",\"position\":3,\"name\":\"Marques\",\"item\":\"https:\/\/www.qnde.ca\/fr\/product-category\/marques\/\"},{\"@type\":\"ListItem\",\"position\":4,\"name\":\"Magnaflux\",\"item\":\"https:\/\/www.qnde.ca\/fr\/product-category\/marques\/magnaflux-fr\/\"},{\"@type\":\"ListItem\",\"position\":5,\"name\":\"Magnaflux Bancs magn\u00e9tiques MD-S\u00e9ries pour Magn\u00e9tisation AC, HWDC ou 1-phase FWDC\"}]},{\"@type\":\"WebSite\",\"@id\":\"https:\/\/www.qnde.ca\/#website\",\"url\":\"https:\/\/www.qnde.ca\/\",\"name\":\"Qualit\u00e9 NDE\",\"description\":\"\u00c9quipements d&#039;essais non destructifs \",\"publisher\":{\"@id\":\"https:\/\/www.qnde.ca\/#organization\"},\"potentialAction\":[{\"@type\":\"SearchAction\",\"target\":{\"@type\":\"EntryPoint\",\"urlTemplate\":\"https:\/\/www.qnde.ca\/?s={search_term_string}\"},\"query-input\":{\"@type\":\"PropertyValueSpecification\",\"valueRequired\":true,\"valueName\":\"search_term_string\"}}],\"inLanguage\":\"fr-FR\"},{\"@type\":\"Organization\",\"@id\":\"https:\/\/www.qnde.ca\/#organization\",\"name\":\"Quality NDT Ltd.\",\"url\":\"https:\/\/www.qnde.ca\/\",\"logo\":{\"@type\":\"ImageObject\",\"inLanguage\":\"fr-FR\",\"@id\":\"https:\/\/www.qnde.ca\/#\/schema\/logo\/image\/\",\"url\":\"https:\/\/www.qnde.ca\/wp-content\/uploads\/2022\/02\/QNDE_logo_RGB-gif.gif\",\"contentUrl\":\"https:\/\/www.qnde.ca\/wp-content\/uploads\/2022\/02\/QNDE_logo_RGB-gif.gif\",\"width\":250,\"height\":64,\"caption\":\"Quality NDT Ltd.\"},\"image\":{\"@id\":\"https:\/\/www.qnde.ca\/#\/schema\/logo\/image\/\"},\"sameAs\":[\"https:\/\/www.linkedin.com\/company\/qnde\/about\/?viewAsMember=true\"]}]}<\/script>\n<!-- \/ Yoast SEO plugin. -->","yoast_head_json":{"title":"Magnaflux Bancs magn\u00e9tiques MD-S\u00e9ries pour Magn\u00e9tisation AC, HWDC ou 1-phase FWDC &#060; Qualit\u00e9 NDE","description":"Magnaflux Bancs magn\u00e9tiques MD-S\u00e9ries : magn\u00e9tisation AC, HWDC ou 1-phase FWDC. Sorties contact et bobines ajustables ind\u00e9pendamment.","robots":{"index":"index","follow":"follow","max-snippet":"max-snippet:-1","max-image-preview":"max-image-preview:large","max-video-preview":"max-video-preview:-1"},"canonical":"https:\/\/www.qnde.ca\/fr\/produit\/magnaflux-bancs-magnetiques-2\/","twitter_misc":{"Dur\u00e9e de lecture estim\u00e9e":"1 minute"},"schema":{"@context":"https:\/\/schema.org","@graph":[{"@type":["WebPage","ItemPage"],"@id":"https:\/\/www.qnde.ca\/fr\/produit\/magnaflux-bancs-magnetiques-2\/","url":"https:\/\/www.qnde.ca\/fr\/produit\/magnaflux-bancs-magnetiques-2\/","name":"Magnaflux Bancs magn\u00e9tiques MD-S\u00e9ries pour Magn\u00e9tisation AC, HWDC ou 1-phase FWDC &#060; Qualit\u00e9 NDE","isPartOf":{"@id":"https:\/\/www.qnde.ca\/#website"},"primaryImageOfPage":{"@id":"https:\/\/www.qnde.ca\/fr\/produit\/magnaflux-bancs-magnetiques-2\/#primaryimage"},"image":{"@id":"https:\/\/www.qnde.ca\/fr\/produit\/magnaflux-bancs-magnetiques-2\/#primaryimage"},"thumbnailUrl":"https:\/\/www.qnde.ca\/wp-content\/uploads\/2020\/12\/MD-series.jpg","datePublished":"2016-01-11T14:24:42+00:00","dateModified":"2025-08-12T14:51:53+00:00","description":"Magnaflux Bancs magn\u00e9tiques MD-S\u00e9ries : magn\u00e9tisation AC, HWDC ou 1-phase FWDC. Sorties contact et bobines ajustables ind\u00e9pendamment.","breadcrumb":{"@id":"https:\/\/www.qnde.ca\/fr\/produit\/magnaflux-bancs-magnetiques-2\/#breadcrumb"},"inLanguage":"fr-FR","potentialAction":[{"@type":"ReadAction","target":["https:\/\/www.qnde.ca\/fr\/produit\/magnaflux-bancs-magnetiques-2\/"]}]},{"@type":"ImageObject","inLanguage":"fr-FR","@id":"https:\/\/www.qnde.ca\/fr\/produit\/magnaflux-bancs-magnetiques-2\/#primaryimage","url":"https:\/\/www.qnde.ca\/wp-content\/uploads\/2020\/12\/MD-series.jpg","contentUrl":"https:\/\/www.qnde.ca\/wp-content\/uploads\/2020\/12\/MD-series.jpg","width":2000,"height":2000},{"@type":"BreadcrumbList","@id":"https:\/\/www.qnde.ca\/fr\/produit\/magnaflux-bancs-magnetiques-2\/#breadcrumb","itemListElement":[{"@type":"ListItem","position":1,"name":"Accueil","item":"https:\/\/www.qnde.ca\/fr\/"},{"@type":"ListItem","position":2,"name":"Produits","item":"https:\/\/www.qnde.ca\/fr\/produits\/"},{"@type":"ListItem","position":3,"name":"Marques","item":"https:\/\/www.qnde.ca\/fr\/product-category\/marques\/"},{"@type":"ListItem","position":4,"name":"Magnaflux","item":"https:\/\/www.qnde.ca\/fr\/product-category\/marques\/magnaflux-fr\/"},{"@type":"ListItem","position":5,"name":"Magnaflux Bancs magn\u00e9tiques MD-S\u00e9ries pour Magn\u00e9tisation AC, HWDC ou 1-phase FWDC"}]},{"@type":"WebSite","@id":"https:\/\/www.qnde.ca\/#website","url":"https:\/\/www.qnde.ca\/","name":"Qualit\u00e9 NDE","description":"\u00c9quipements d&#039;essais non destructifs ","publisher":{"@id":"https:\/\/www.qnde.ca\/#organization"},"potentialAction":[{"@type":"SearchAction","target":{"@type":"EntryPoint","urlTemplate":"https:\/\/www.qnde.ca\/?s={search_term_string}"},"query-input":{"@type":"PropertyValueSpecification","valueRequired":true,"valueName":"search_term_string"}}],"inLanguage":"fr-FR"},{"@type":"Organization","@id":"https:\/\/www.qnde.ca\/#organization","name":"Quality NDT Ltd.","url":"https:\/\/www.qnde.ca\/","logo":{"@type":"ImageObject","inLanguage":"fr-FR","@id":"https:\/\/www.qnde.ca\/#\/schema\/logo\/image\/","url":"https:\/\/www.qnde.ca\/wp-content\/uploads\/2022\/02\/QNDE_logo_RGB-gif.gif","contentUrl":"https:\/\/www.qnde.ca\/wp-content\/uploads\/2022\/02\/QNDE_logo_RGB-gif.gif","width":250,"height":64,"caption":"Quality NDT Ltd."},"image":{"@id":"https:\/\/www.qnde.ca\/#\/schema\/logo\/image\/"},"sameAs":["https:\/\/www.linkedin.com\/company\/qnde\/about\/?viewAsMember=true"]}]}},"jetpack_sharing_enabled":true,"_links":{"self":[{"href":"https:\/\/www.qnde.ca\/fr\/wp-json\/wp\/v2\/product\/4416","targetHints":{"allow":["GET"]}}],"collection":[{"href":"https:\/\/www.qnde.ca\/fr\/wp-json\/wp\/v2\/product"}],"about":[{"href":"https:\/\/www.qnde.ca\/fr\/wp-json\/wp\/v2\/types\/product"}],"wp:featuredmedia":[{"embeddable":true,"href":"https:\/\/www.qnde.ca\/fr\/wp-json\/wp\/v2\/media\/13038"}],"wp:attachment":[{"href":"https:\/\/www.qnde.ca\/fr\/wp-json\/wp\/v2\/media?parent=4416"}],"wp:term":[{"taxonomy":"product_brand","embeddable":true,"href":"https:\/\/www.qnde.ca\/fr\/wp-json\/wp\/v2\/product_brand?post=4416"},{"taxonomy":"product_cat","embeddable":true,"href":"https:\/\/www.qnde.ca\/fr\/wp-json\/wp\/v2\/product_cat?post=4416"},{"taxonomy":"product_tag","embeddable":true,"href":"https:\/\/www.qnde.ca\/fr\/wp-json\/wp\/v2\/product_tag?post=4416"}],"curies":[{"name":"wp","href":"https:\/\/api.w.org\/{rel}","templated":true}]}}