{"id":4409,"date":"2016-01-08T21:38:37","date_gmt":"2016-01-08T21:38:37","guid":{"rendered":"https:\/\/www.qnde.ca\/?post_type=product&#038;p=4409"},"modified":"2025-08-19T09:49:35","modified_gmt":"2025-08-19T13:49:35","slug":"magnaflux-serie-m","status":"publish","type":"product","link":"https:\/\/www.qnde.ca\/fr\/produit\/magnaflux-serie-m\/","title":{"rendered":"Magnaflux S\u00e9rie-M, Bloc d&rsquo;Alimentation\u00a0G\u00e9n\u00e9rateur Magn\u00e9tique\u00a0Mobile\u00a0"},"content":{"rendered":"<h3><strong>Magnaflux S\u00e9rie-M, Bloc d&rsquo;Alimentation\u00a0<\/strong><strong>G\u00e9n\u00e9rateur Magn\u00e9tique\u00a0<\/strong><strong>Mobile\u00a0<\/strong><\/h3>\n<p>Les g\u00e9n\u00e9rateurs \u00e9lectromagn\u00e9tiques mobiles sont un choix id\u00e9al pour les pi\u00e8ces volumineuses ou lourdes, le service mobile ou l\u2019inspection en chantier.<\/p>\n<p>Communiquez avec nous pour discuter des options disponibles et\/ou recevoir une soumission.<\/p>\n<ul>\n<li>M-2030: Bloc d&rsquo;alimentation mobile, 575 VAC, 60 Hz, 1-phase. Sortie 3,000Amp HWDC ou AC.<\/li>\n<li>M-2040: Bloc d&rsquo;alimentation mobile, 575 VAC, 60 Hz, 1-phase. Sortie 4,000Amp HWDC ou AC.<\/li>\n<li>M-2060: Bloc d&rsquo;alimentation mobile, 575 VAC, 60 Hz, 1-phase. Sortie 6,000Amp HWDC ou AC.<\/li>\n<\/ul>\n","protected":false},"excerpt":{"rendered":"<p>Magnaflux S\u00e9rie-M, Bloc d&rsquo;Alimentation\u00a0G\u00e9n\u00e9rateur Magn\u00e9tique\u00a0Mobile\u00a0 Les g\u00e9n\u00e9rateurs \u00e9lectromagn\u00e9tiques mobiles sont un choix id\u00e9al pour les pi\u00e8ces volumineuses ou lourdes, le service mobile ou l\u2019inspection en chantier. Communiquez avec nous pour discuter des options disponibles et\/ou recevoir une soumission. M-2030: Bloc d&rsquo;alimentation mobile, 575 VAC, 60 Hz, 1-phase. Sortie 3,000Amp HWDC ou AC. M-2040: Bloc d&rsquo;alimentation [&hellip;]<\/p>\n","protected":false},"featured_media":13104,"template":"","meta":{"_monsterinsights_skip_tracking":false,"_monsterinsights_sitenote_active":false,"_monsterinsights_sitenote_note":"","_monsterinsights_sitenote_category":0},"product_brand":[],"product_cat":[369,132],"product_tag":[],"class_list":{"0":"post-4409","1":"product","2":"type-product","3":"status-publish","4":"has-post-thumbnail","6":"product_cat-magnaflux-fr","7":"product_cat-equipements-magnetoscopie","9":"first","10":"instock","11":"shipping-taxable","12":"purchasable","13":"product-type-variable"},"yoast_head":"<!-- This site is optimized with the Yoast SEO plugin v23.9 - https:\/\/yoast.com\/wordpress\/plugins\/seo\/ -->\n<title>Magnaflux S\u00e9rie-M, Bloc d&#039;Alimentation\u00a0G\u00e9n\u00e9rateur Magn\u00e9tique\u00a0Mobile\u00a0 &#060; Qualit\u00e9 NDE<\/title>\n<meta name=\"description\" content=\"Magnaflux S\u00e9rie-M, bloc d&#039;alimentation g\u00e9n\u00e9rateur \u00e9lectromagn\u00e9tique mobile. 575 VAC, 60 Hz, 1-phase. Contactez nous pour discuter des options disponibles\" \/>\n<meta name=\"robots\" content=\"index, follow, max-snippet:-1, max-image-preview:large, max-video-preview:-1\" \/>\n<link rel=\"canonical\" href=\"https:\/\/www.qnde.ca\/fr\/produit\/magnaflux-serie-m\/\" \/>\n<meta name=\"twitter:label1\" content=\"Dur\u00e9e de lecture estim\u00e9e\" \/>\n\t<meta name=\"twitter:data1\" content=\"1 minute\" \/>\n<script type=\"application\/ld+json\" class=\"yoast-schema-graph\">{\"@context\":\"https:\/\/schema.org\",\"@graph\":[{\"@type\":[\"WebPage\",\"ItemPage\"],\"@id\":\"https:\/\/www.qnde.ca\/fr\/produit\/magnaflux-serie-m\/\",\"url\":\"https:\/\/www.qnde.ca\/fr\/produit\/magnaflux-serie-m\/\",\"name\":\"Magnaflux S\u00e9rie-M, Bloc d'Alimentation\u00a0G\u00e9n\u00e9rateur Magn\u00e9tique\u00a0Mobile\u00a0 &#060; Qualit\u00e9 NDE\",\"isPartOf\":{\"@id\":\"https:\/\/www.qnde.ca\/#website\"},\"primaryImageOfPage\":{\"@id\":\"https:\/\/www.qnde.ca\/fr\/produit\/magnaflux-serie-m\/#primaryimage\"},\"image\":{\"@id\":\"https:\/\/www.qnde.ca\/fr\/produit\/magnaflux-serie-m\/#primaryimage\"},\"thumbnailUrl\":\"https:\/\/www.qnde.ca\/wp-content\/uploads\/2020\/12\/M-series.jpg\",\"datePublished\":\"2016-01-08T21:38:37+00:00\",\"dateModified\":\"2025-08-19T13:49:35+00:00\",\"description\":\"Magnaflux S\u00e9rie-M, bloc d'alimentation g\u00e9n\u00e9rateur \u00e9lectromagn\u00e9tique mobile. 575 VAC, 60 Hz, 1-phase. Contactez nous pour discuter des options disponibles\",\"breadcrumb\":{\"@id\":\"https:\/\/www.qnde.ca\/fr\/produit\/magnaflux-serie-m\/#breadcrumb\"},\"inLanguage\":\"fr-FR\",\"potentialAction\":[{\"@type\":\"ReadAction\",\"target\":[\"https:\/\/www.qnde.ca\/fr\/produit\/magnaflux-serie-m\/\"]}]},{\"@type\":\"ImageObject\",\"inLanguage\":\"fr-FR\",\"@id\":\"https:\/\/www.qnde.ca\/fr\/produit\/magnaflux-serie-m\/#primaryimage\",\"url\":\"https:\/\/www.qnde.ca\/wp-content\/uploads\/2020\/12\/M-series.jpg\",\"contentUrl\":\"https:\/\/www.qnde.ca\/wp-content\/uploads\/2020\/12\/M-series.jpg\",\"width\":600,\"height\":600,\"caption\":\"M-series\"},{\"@type\":\"BreadcrumbList\",\"@id\":\"https:\/\/www.qnde.ca\/fr\/produit\/magnaflux-serie-m\/#breadcrumb\",\"itemListElement\":[{\"@type\":\"ListItem\",\"position\":1,\"name\":\"Accueil\",\"item\":\"https:\/\/www.qnde.ca\/fr\/\"},{\"@type\":\"ListItem\",\"position\":2,\"name\":\"Produits\",\"item\":\"https:\/\/www.qnde.ca\/fr\/produits\/\"},{\"@type\":\"ListItem\",\"position\":3,\"name\":\"Marques\",\"item\":\"https:\/\/www.qnde.ca\/fr\/product-category\/marques\/\"},{\"@type\":\"ListItem\",\"position\":4,\"name\":\"Magnaflux\",\"item\":\"https:\/\/www.qnde.ca\/fr\/product-category\/marques\/magnaflux-fr\/\"},{\"@type\":\"ListItem\",\"position\":5,\"name\":\"Magnaflux S\u00e9rie-M, Bloc d&#8217;Alimentation\u00a0G\u00e9n\u00e9rateur Magn\u00e9tique\u00a0Mobile\u00a0\"}]},{\"@type\":\"WebSite\",\"@id\":\"https:\/\/www.qnde.ca\/#website\",\"url\":\"https:\/\/www.qnde.ca\/\",\"name\":\"Qualit\u00e9 NDE\",\"description\":\"\u00c9quipements d&#039;essais non destructifs \",\"publisher\":{\"@id\":\"https:\/\/www.qnde.ca\/#organization\"},\"potentialAction\":[{\"@type\":\"SearchAction\",\"target\":{\"@type\":\"EntryPoint\",\"urlTemplate\":\"https:\/\/www.qnde.ca\/?s={search_term_string}\"},\"query-input\":{\"@type\":\"PropertyValueSpecification\",\"valueRequired\":true,\"valueName\":\"search_term_string\"}}],\"inLanguage\":\"fr-FR\"},{\"@type\":\"Organization\",\"@id\":\"https:\/\/www.qnde.ca\/#organization\",\"name\":\"Quality NDT Ltd.\",\"url\":\"https:\/\/www.qnde.ca\/\",\"logo\":{\"@type\":\"ImageObject\",\"inLanguage\":\"fr-FR\",\"@id\":\"https:\/\/www.qnde.ca\/#\/schema\/logo\/image\/\",\"url\":\"https:\/\/www.qnde.ca\/wp-content\/uploads\/2022\/02\/QNDE_logo_RGB-gif.gif\",\"contentUrl\":\"https:\/\/www.qnde.ca\/wp-content\/uploads\/2022\/02\/QNDE_logo_RGB-gif.gif\",\"width\":250,\"height\":64,\"caption\":\"Quality NDT Ltd.\"},\"image\":{\"@id\":\"https:\/\/www.qnde.ca\/#\/schema\/logo\/image\/\"},\"sameAs\":[\"https:\/\/www.linkedin.com\/company\/qnde\/about\/?viewAsMember=true\"]}]}<\/script>\n<!-- \/ Yoast SEO plugin. -->","yoast_head_json":{"title":"Magnaflux S\u00e9rie-M, Bloc d'Alimentation\u00a0G\u00e9n\u00e9rateur Magn\u00e9tique\u00a0Mobile\u00a0 &#060; Qualit\u00e9 NDE","description":"Magnaflux S\u00e9rie-M, bloc d'alimentation g\u00e9n\u00e9rateur \u00e9lectromagn\u00e9tique mobile. 575 VAC, 60 Hz, 1-phase. Contactez nous pour discuter des options disponibles","robots":{"index":"index","follow":"follow","max-snippet":"max-snippet:-1","max-image-preview":"max-image-preview:large","max-video-preview":"max-video-preview:-1"},"canonical":"https:\/\/www.qnde.ca\/fr\/produit\/magnaflux-serie-m\/","twitter_misc":{"Dur\u00e9e de lecture estim\u00e9e":"1 minute"},"schema":{"@context":"https:\/\/schema.org","@graph":[{"@type":["WebPage","ItemPage"],"@id":"https:\/\/www.qnde.ca\/fr\/produit\/magnaflux-serie-m\/","url":"https:\/\/www.qnde.ca\/fr\/produit\/magnaflux-serie-m\/","name":"Magnaflux S\u00e9rie-M, Bloc d'Alimentation\u00a0G\u00e9n\u00e9rateur Magn\u00e9tique\u00a0Mobile\u00a0 &#060; Qualit\u00e9 NDE","isPartOf":{"@id":"https:\/\/www.qnde.ca\/#website"},"primaryImageOfPage":{"@id":"https:\/\/www.qnde.ca\/fr\/produit\/magnaflux-serie-m\/#primaryimage"},"image":{"@id":"https:\/\/www.qnde.ca\/fr\/produit\/magnaflux-serie-m\/#primaryimage"},"thumbnailUrl":"https:\/\/www.qnde.ca\/wp-content\/uploads\/2020\/12\/M-series.jpg","datePublished":"2016-01-08T21:38:37+00:00","dateModified":"2025-08-19T13:49:35+00:00","description":"Magnaflux S\u00e9rie-M, bloc d'alimentation g\u00e9n\u00e9rateur \u00e9lectromagn\u00e9tique mobile. 575 VAC, 60 Hz, 1-phase. Contactez nous pour discuter des options disponibles","breadcrumb":{"@id":"https:\/\/www.qnde.ca\/fr\/produit\/magnaflux-serie-m\/#breadcrumb"},"inLanguage":"fr-FR","potentialAction":[{"@type":"ReadAction","target":["https:\/\/www.qnde.ca\/fr\/produit\/magnaflux-serie-m\/"]}]},{"@type":"ImageObject","inLanguage":"fr-FR","@id":"https:\/\/www.qnde.ca\/fr\/produit\/magnaflux-serie-m\/#primaryimage","url":"https:\/\/www.qnde.ca\/wp-content\/uploads\/2020\/12\/M-series.jpg","contentUrl":"https:\/\/www.qnde.ca\/wp-content\/uploads\/2020\/12\/M-series.jpg","width":600,"height":600,"caption":"M-series"},{"@type":"BreadcrumbList","@id":"https:\/\/www.qnde.ca\/fr\/produit\/magnaflux-serie-m\/#breadcrumb","itemListElement":[{"@type":"ListItem","position":1,"name":"Accueil","item":"https:\/\/www.qnde.ca\/fr\/"},{"@type":"ListItem","position":2,"name":"Produits","item":"https:\/\/www.qnde.ca\/fr\/produits\/"},{"@type":"ListItem","position":3,"name":"Marques","item":"https:\/\/www.qnde.ca\/fr\/product-category\/marques\/"},{"@type":"ListItem","position":4,"name":"Magnaflux","item":"https:\/\/www.qnde.ca\/fr\/product-category\/marques\/magnaflux-fr\/"},{"@type":"ListItem","position":5,"name":"Magnaflux S\u00e9rie-M, Bloc d&#8217;Alimentation\u00a0G\u00e9n\u00e9rateur Magn\u00e9tique\u00a0Mobile\u00a0"}]},{"@type":"WebSite","@id":"https:\/\/www.qnde.ca\/#website","url":"https:\/\/www.qnde.ca\/","name":"Qualit\u00e9 NDE","description":"\u00c9quipements d&#039;essais non destructifs ","publisher":{"@id":"https:\/\/www.qnde.ca\/#organization"},"potentialAction":[{"@type":"SearchAction","target":{"@type":"EntryPoint","urlTemplate":"https:\/\/www.qnde.ca\/?s={search_term_string}"},"query-input":{"@type":"PropertyValueSpecification","valueRequired":true,"valueName":"search_term_string"}}],"inLanguage":"fr-FR"},{"@type":"Organization","@id":"https:\/\/www.qnde.ca\/#organization","name":"Quality NDT Ltd.","url":"https:\/\/www.qnde.ca\/","logo":{"@type":"ImageObject","inLanguage":"fr-FR","@id":"https:\/\/www.qnde.ca\/#\/schema\/logo\/image\/","url":"https:\/\/www.qnde.ca\/wp-content\/uploads\/2022\/02\/QNDE_logo_RGB-gif.gif","contentUrl":"https:\/\/www.qnde.ca\/wp-content\/uploads\/2022\/02\/QNDE_logo_RGB-gif.gif","width":250,"height":64,"caption":"Quality NDT Ltd."},"image":{"@id":"https:\/\/www.qnde.ca\/#\/schema\/logo\/image\/"},"sameAs":["https:\/\/www.linkedin.com\/company\/qnde\/about\/?viewAsMember=true"]}]}},"jetpack_sharing_enabled":true,"_links":{"self":[{"href":"https:\/\/www.qnde.ca\/fr\/wp-json\/wp\/v2\/product\/4409","targetHints":{"allow":["GET"]}}],"collection":[{"href":"https:\/\/www.qnde.ca\/fr\/wp-json\/wp\/v2\/product"}],"about":[{"href":"https:\/\/www.qnde.ca\/fr\/wp-json\/wp\/v2\/types\/product"}],"wp:featuredmedia":[{"embeddable":true,"href":"https:\/\/www.qnde.ca\/fr\/wp-json\/wp\/v2\/media\/13104"}],"wp:attachment":[{"href":"https:\/\/www.qnde.ca\/fr\/wp-json\/wp\/v2\/media?parent=4409"}],"wp:term":[{"taxonomy":"product_brand","embeddable":true,"href":"https:\/\/www.qnde.ca\/fr\/wp-json\/wp\/v2\/product_brand?post=4409"},{"taxonomy":"product_cat","embeddable":true,"href":"https:\/\/www.qnde.ca\/fr\/wp-json\/wp\/v2\/product_cat?post=4409"},{"taxonomy":"product_tag","embeddable":true,"href":"https:\/\/www.qnde.ca\/fr\/wp-json\/wp\/v2\/product_tag?post=4409"}],"curies":[{"name":"wp","href":"https:\/\/api.w.org\/{rel}","templated":true}]}}