{"id":4404,"date":"2016-01-08T21:20:04","date_gmt":"2016-01-08T21:20:04","guid":{"rendered":"https:\/\/www.qnde.ca\/?post_type=product&#038;p=4404"},"modified":"2025-06-13T08:39:16","modified_gmt":"2025-06-13T12:39:16","slug":"parker-barre-essai-particules-magnetiques","status":"publish","type":"product","link":"https:\/\/www.qnde.ca\/fr\/produit\/parker-barre-essai-particules-magnetiques\/","title":{"rendered":"Parker Barre de D\u2019Essai de Performance pour Particules Magn\u00e9tiques"},"content":{"rendered":"<h3><strong>Parker Barre de D\u2019Essai de Performance pour Particules Magn\u00e9tiques<\/strong><\/h3>\n<p>Contient des d\u00e9fauts de surface et de sous-surface artificiels grossiers et fins dans les deux directions pour utilisation avec les courants magn\u00e9tisants AC, HWDC et FWDC. Tous les d\u00e9fauts usin\u00e9s sont remplis d\u2019\u00e9poxy. Rencontre les normes NAVSEA, ASME et ASTM.<\/p>\n<ul>\n<li>189838: Barre d&rsquo;essai de performance pour particules magn\u00e9tiques avec certificat.<\/li>\n<\/ul>\n","protected":false},"excerpt":{"rendered":"<p>Parker Barre de D\u2019Essai de Performance pour Particules Magn\u00e9tiques Contient des d\u00e9fauts de surface et de sous-surface artificiels grossiers et fins dans les deux directions pour utilisation avec les courants magn\u00e9tisants AC, HWDC et FWDC. Tous les d\u00e9fauts usin\u00e9s sont remplis d\u2019\u00e9poxy. Rencontre les normes NAVSEA, ASME et ASTM. 189838: Barre d&rsquo;essai de performance pour [&hellip;]<\/p>\n","protected":false},"featured_media":12764,"template":"","meta":{"_monsterinsights_skip_tracking":false,"_monsterinsights_sitenote_active":false,"_monsterinsights_sitenote_note":"","_monsterinsights_sitenote_category":0},"product_brand":[],"product_cat":[395,134],"product_tag":[],"class_list":{"0":"post-4404","1":"product","2":"type-product","3":"status-publish","4":"has-post-thumbnail","6":"product_cat-parker-research-fr","7":"product_cat-accessoires-magnetoscopie","9":"first","10":"instock","11":"shipping-taxable","12":"purchasable","13":"product-type-simple"},"yoast_head":"<!-- This site is optimized with the Yoast SEO plugin v23.9 - https:\/\/yoast.com\/wordpress\/plugins\/seo\/ -->\n<title>Parker Barre de D\u2019Essai de Performance pour Particules Magn\u00e9tiques &#060; Qualit\u00e9 NDE<\/title>\n<meta name=\"description\" content=\"Contient des d\u00e9fauts de surface et sous-surface artificiels grossiers et fins en 2 directions pour utiliser avec les courants magn\u00e9tisants AC, HWDC et FWDC.\" \/>\n<meta name=\"robots\" content=\"index, follow, max-snippet:-1, max-image-preview:large, max-video-preview:-1\" \/>\n<link rel=\"canonical\" href=\"https:\/\/www.qnde.ca\/fr\/produit\/parker-barre-essai-particules-magnetiques\/\" \/>\n<meta name=\"twitter:label1\" content=\"Dur\u00e9e de lecture estim\u00e9e\" \/>\n\t<meta name=\"twitter:data1\" content=\"1 minute\" \/>\n<script type=\"application\/ld+json\" class=\"yoast-schema-graph\">{\"@context\":\"https:\/\/schema.org\",\"@graph\":[{\"@type\":[\"WebPage\",\"ItemPage\"],\"@id\":\"https:\/\/www.qnde.ca\/fr\/produit\/parker-barre-essai-particules-magnetiques\/\",\"url\":\"https:\/\/www.qnde.ca\/fr\/produit\/parker-barre-essai-particules-magnetiques\/\",\"name\":\"Parker Barre de D\u2019Essai de Performance pour Particules Magn\u00e9tiques &#060; Qualit\u00e9 NDE\",\"isPartOf\":{\"@id\":\"https:\/\/www.qnde.ca\/#website\"},\"primaryImageOfPage\":{\"@id\":\"https:\/\/www.qnde.ca\/fr\/produit\/parker-barre-essai-particules-magnetiques\/#primaryimage\"},\"image\":{\"@id\":\"https:\/\/www.qnde.ca\/fr\/produit\/parker-barre-essai-particules-magnetiques\/#primaryimage\"},\"thumbnailUrl\":\"https:\/\/www.qnde.ca\/wp-content\/uploads\/2020\/11\/Magnetic-Particle-Performance-Test-Bar.jpg\",\"datePublished\":\"2016-01-08T21:20:04+00:00\",\"dateModified\":\"2025-06-13T12:39:16+00:00\",\"description\":\"Contient des d\u00e9fauts de surface et sous-surface artificiels grossiers et fins en 2 directions pour utiliser avec les courants magn\u00e9tisants AC, HWDC et FWDC.\",\"breadcrumb\":{\"@id\":\"https:\/\/www.qnde.ca\/fr\/produit\/parker-barre-essai-particules-magnetiques\/#breadcrumb\"},\"inLanguage\":\"fr-FR\",\"potentialAction\":[{\"@type\":\"ReadAction\",\"target\":[\"https:\/\/www.qnde.ca\/fr\/produit\/parker-barre-essai-particules-magnetiques\/\"]}]},{\"@type\":\"ImageObject\",\"inLanguage\":\"fr-FR\",\"@id\":\"https:\/\/www.qnde.ca\/fr\/produit\/parker-barre-essai-particules-magnetiques\/#primaryimage\",\"url\":\"https:\/\/www.qnde.ca\/wp-content\/uploads\/2020\/11\/Magnetic-Particle-Performance-Test-Bar.jpg\",\"contentUrl\":\"https:\/\/www.qnde.ca\/wp-content\/uploads\/2020\/11\/Magnetic-Particle-Performance-Test-Bar.jpg\",\"width\":735,\"height\":525,\"caption\":\"Barre de D\u2019Essai de Performance pour Particules Magn\u00e9tiques\"},{\"@type\":\"BreadcrumbList\",\"@id\":\"https:\/\/www.qnde.ca\/fr\/produit\/parker-barre-essai-particules-magnetiques\/#breadcrumb\",\"itemListElement\":[{\"@type\":\"ListItem\",\"position\":1,\"name\":\"Accueil\",\"item\":\"https:\/\/www.qnde.ca\/fr\/\"},{\"@type\":\"ListItem\",\"position\":2,\"name\":\"Produits\",\"item\":\"https:\/\/www.qnde.ca\/fr\/produits\/\"},{\"@type\":\"ListItem\",\"position\":3,\"name\":\"Magn\u00e9toscopie\",\"item\":\"https:\/\/www.qnde.ca\/fr\/product-category\/magnetoscopie\/\"},{\"@type\":\"ListItem\",\"position\":4,\"name\":\"Accessoires\",\"item\":\"https:\/\/www.qnde.ca\/fr\/product-category\/magnetoscopie\/accessoires-magnetoscopie\/\"},{\"@type\":\"ListItem\",\"position\":5,\"name\":\"Parker Barre de D\u2019Essai de Performance pour Particules Magn\u00e9tiques\"}]},{\"@type\":\"WebSite\",\"@id\":\"https:\/\/www.qnde.ca\/#website\",\"url\":\"https:\/\/www.qnde.ca\/\",\"name\":\"Qualit\u00e9 NDE\",\"description\":\"\u00c9quipements d&#039;essais non destructifs \",\"publisher\":{\"@id\":\"https:\/\/www.qnde.ca\/#organization\"},\"potentialAction\":[{\"@type\":\"SearchAction\",\"target\":{\"@type\":\"EntryPoint\",\"urlTemplate\":\"https:\/\/www.qnde.ca\/?s={search_term_string}\"},\"query-input\":{\"@type\":\"PropertyValueSpecification\",\"valueRequired\":true,\"valueName\":\"search_term_string\"}}],\"inLanguage\":\"fr-FR\"},{\"@type\":\"Organization\",\"@id\":\"https:\/\/www.qnde.ca\/#organization\",\"name\":\"Quality NDT Ltd.\",\"url\":\"https:\/\/www.qnde.ca\/\",\"logo\":{\"@type\":\"ImageObject\",\"inLanguage\":\"fr-FR\",\"@id\":\"https:\/\/www.qnde.ca\/#\/schema\/logo\/image\/\",\"url\":\"https:\/\/www.qnde.ca\/wp-content\/uploads\/2022\/02\/QNDE_logo_RGB-gif.gif\",\"contentUrl\":\"https:\/\/www.qnde.ca\/wp-content\/uploads\/2022\/02\/QNDE_logo_RGB-gif.gif\",\"width\":250,\"height\":64,\"caption\":\"Quality NDT Ltd.\"},\"image\":{\"@id\":\"https:\/\/www.qnde.ca\/#\/schema\/logo\/image\/\"},\"sameAs\":[\"https:\/\/www.linkedin.com\/company\/qnde\/about\/?viewAsMember=true\"]}]}<\/script>\n<!-- \/ Yoast SEO plugin. -->","yoast_head_json":{"title":"Parker Barre de D\u2019Essai de Performance pour Particules Magn\u00e9tiques &#060; Qualit\u00e9 NDE","description":"Contient des d\u00e9fauts de surface et sous-surface artificiels grossiers et fins en 2 directions pour utiliser avec les courants magn\u00e9tisants AC, HWDC et FWDC.","robots":{"index":"index","follow":"follow","max-snippet":"max-snippet:-1","max-image-preview":"max-image-preview:large","max-video-preview":"max-video-preview:-1"},"canonical":"https:\/\/www.qnde.ca\/fr\/produit\/parker-barre-essai-particules-magnetiques\/","twitter_misc":{"Dur\u00e9e de lecture estim\u00e9e":"1 minute"},"schema":{"@context":"https:\/\/schema.org","@graph":[{"@type":["WebPage","ItemPage"],"@id":"https:\/\/www.qnde.ca\/fr\/produit\/parker-barre-essai-particules-magnetiques\/","url":"https:\/\/www.qnde.ca\/fr\/produit\/parker-barre-essai-particules-magnetiques\/","name":"Parker Barre de D\u2019Essai de Performance pour Particules Magn\u00e9tiques &#060; Qualit\u00e9 NDE","isPartOf":{"@id":"https:\/\/www.qnde.ca\/#website"},"primaryImageOfPage":{"@id":"https:\/\/www.qnde.ca\/fr\/produit\/parker-barre-essai-particules-magnetiques\/#primaryimage"},"image":{"@id":"https:\/\/www.qnde.ca\/fr\/produit\/parker-barre-essai-particules-magnetiques\/#primaryimage"},"thumbnailUrl":"https:\/\/www.qnde.ca\/wp-content\/uploads\/2020\/11\/Magnetic-Particle-Performance-Test-Bar.jpg","datePublished":"2016-01-08T21:20:04+00:00","dateModified":"2025-06-13T12:39:16+00:00","description":"Contient des d\u00e9fauts de surface et sous-surface artificiels grossiers et fins en 2 directions pour utiliser avec les courants magn\u00e9tisants AC, HWDC et FWDC.","breadcrumb":{"@id":"https:\/\/www.qnde.ca\/fr\/produit\/parker-barre-essai-particules-magnetiques\/#breadcrumb"},"inLanguage":"fr-FR","potentialAction":[{"@type":"ReadAction","target":["https:\/\/www.qnde.ca\/fr\/produit\/parker-barre-essai-particules-magnetiques\/"]}]},{"@type":"ImageObject","inLanguage":"fr-FR","@id":"https:\/\/www.qnde.ca\/fr\/produit\/parker-barre-essai-particules-magnetiques\/#primaryimage","url":"https:\/\/www.qnde.ca\/wp-content\/uploads\/2020\/11\/Magnetic-Particle-Performance-Test-Bar.jpg","contentUrl":"https:\/\/www.qnde.ca\/wp-content\/uploads\/2020\/11\/Magnetic-Particle-Performance-Test-Bar.jpg","width":735,"height":525,"caption":"Barre de D\u2019Essai de Performance pour Particules Magn\u00e9tiques"},{"@type":"BreadcrumbList","@id":"https:\/\/www.qnde.ca\/fr\/produit\/parker-barre-essai-particules-magnetiques\/#breadcrumb","itemListElement":[{"@type":"ListItem","position":1,"name":"Accueil","item":"https:\/\/www.qnde.ca\/fr\/"},{"@type":"ListItem","position":2,"name":"Produits","item":"https:\/\/www.qnde.ca\/fr\/produits\/"},{"@type":"ListItem","position":3,"name":"Magn\u00e9toscopie","item":"https:\/\/www.qnde.ca\/fr\/product-category\/magnetoscopie\/"},{"@type":"ListItem","position":4,"name":"Accessoires","item":"https:\/\/www.qnde.ca\/fr\/product-category\/magnetoscopie\/accessoires-magnetoscopie\/"},{"@type":"ListItem","position":5,"name":"Parker Barre de D\u2019Essai de Performance pour Particules Magn\u00e9tiques"}]},{"@type":"WebSite","@id":"https:\/\/www.qnde.ca\/#website","url":"https:\/\/www.qnde.ca\/","name":"Qualit\u00e9 NDE","description":"\u00c9quipements d&#039;essais non destructifs ","publisher":{"@id":"https:\/\/www.qnde.ca\/#organization"},"potentialAction":[{"@type":"SearchAction","target":{"@type":"EntryPoint","urlTemplate":"https:\/\/www.qnde.ca\/?s={search_term_string}"},"query-input":{"@type":"PropertyValueSpecification","valueRequired":true,"valueName":"search_term_string"}}],"inLanguage":"fr-FR"},{"@type":"Organization","@id":"https:\/\/www.qnde.ca\/#organization","name":"Quality NDT Ltd.","url":"https:\/\/www.qnde.ca\/","logo":{"@type":"ImageObject","inLanguage":"fr-FR","@id":"https:\/\/www.qnde.ca\/#\/schema\/logo\/image\/","url":"https:\/\/www.qnde.ca\/wp-content\/uploads\/2022\/02\/QNDE_logo_RGB-gif.gif","contentUrl":"https:\/\/www.qnde.ca\/wp-content\/uploads\/2022\/02\/QNDE_logo_RGB-gif.gif","width":250,"height":64,"caption":"Quality NDT Ltd."},"image":{"@id":"https:\/\/www.qnde.ca\/#\/schema\/logo\/image\/"},"sameAs":["https:\/\/www.linkedin.com\/company\/qnde\/about\/?viewAsMember=true"]}]}},"jetpack_sharing_enabled":true,"_links":{"self":[{"href":"https:\/\/www.qnde.ca\/fr\/wp-json\/wp\/v2\/product\/4404","targetHints":{"allow":["GET"]}}],"collection":[{"href":"https:\/\/www.qnde.ca\/fr\/wp-json\/wp\/v2\/product"}],"about":[{"href":"https:\/\/www.qnde.ca\/fr\/wp-json\/wp\/v2\/types\/product"}],"wp:featuredmedia":[{"embeddable":true,"href":"https:\/\/www.qnde.ca\/fr\/wp-json\/wp\/v2\/media\/12764"}],"wp:attachment":[{"href":"https:\/\/www.qnde.ca\/fr\/wp-json\/wp\/v2\/media?parent=4404"}],"wp:term":[{"taxonomy":"product_brand","embeddable":true,"href":"https:\/\/www.qnde.ca\/fr\/wp-json\/wp\/v2\/product_brand?post=4404"},{"taxonomy":"product_cat","embeddable":true,"href":"https:\/\/www.qnde.ca\/fr\/wp-json\/wp\/v2\/product_cat?post=4404"},{"taxonomy":"product_tag","embeddable":true,"href":"https:\/\/www.qnde.ca\/fr\/wp-json\/wp\/v2\/product_tag?post=4404"}],"curies":[{"name":"wp","href":"https:\/\/api.w.org\/{rel}","templated":true}]}}