{"id":4373,"date":"2016-01-08T21:02:33","date_gmt":"2016-01-08T21:02:33","guid":{"rendered":"https:\/\/www.qnde.ca\/?post_type=product&#038;p=4373"},"modified":"2025-08-12T11:24:36","modified_gmt":"2025-08-12T15:24:36","slug":"y7yoke-fr","status":"publish","type":"product","link":"https:\/\/www.qnde.ca\/fr\/produit\/y7yoke-fr\/","title":{"rendered":"Magnaflux Y-7 Culasse AC\/DC"},"content":{"rendered":"<h3><strong>Magnaflux Y-7 Culasse AC\/DC<\/strong><\/h3>\n<p>Robuste culasse \u00e9lectromagn\u00e9tique AC\/DC, 120VAC, 60Hz, 6.0Amp. \u00c9cart des pattes de 6.4 \u00e0 30.5cm (2.5&Prime; \u00e0 12&Prime;). Cycle d&rsquo;utilisation: 33% ON\/OFF (80sec maximum). 3.4kg (7.4lb).<\/p>\n<ul>\n<li>625643: Magnaflux Y-7, culasse \u00e9lectromagn\u00e9tique.<\/li>\n<li>43509: Ensemble Magnaflux Y-7: Comprend la culasse \u00e9lectromagn\u00e9tique,\u00a0455g (1lb) de <a href=\"https:\/\/www.qnde.ca\/fr\/produit\/1-gris-fr\/\">poudre grise Magnaflux #1<\/a>, 455g (1lb) de <a href=\"https:\/\/www.qnde.ca\/fr\/produit\/8-rouge-fr\/\">poudre rouge Magnaflux #8A\u00a0<\/a>, marqueur de peinture jaune, chiffon d\u2019atelier, instructions et valise de transport en plastique.<\/li>\n<\/ul>\n<p>Options:<\/p>\n<ul>\n<li><a href=\"https:\/\/www.qnde.ca\/produit\/yoke-replacement-bulb\/\">DE3175<\/a>: Lumi\u00e8re de culasse Magnaflux Y-1, Y-6, ou Y-7. Parker B-100, B-300 et DA-400.<\/li>\n<\/ul>\n","protected":false},"excerpt":{"rendered":"<p>Magnaflux Y-7 Culasse AC\/DC Robuste culasse \u00e9lectromagn\u00e9tique AC\/DC, 120VAC, 60Hz, 6.0Amp. \u00c9cart des pattes de 6.4 \u00e0 30.5cm (2.5&Prime; \u00e0 12&Prime;). Cycle d&rsquo;utilisation: 33% ON\/OFF (80sec maximum). 3.4kg (7.4lb). 625643: Magnaflux Y-7, culasse \u00e9lectromagn\u00e9tique. 43509: Ensemble Magnaflux Y-7: Comprend la culasse \u00e9lectromagn\u00e9tique,\u00a0455g (1lb) de poudre grise Magnaflux #1, 455g (1lb) de poudre rouge Magnaflux #8A\u00a0, [&hellip;]<\/p>\n","protected":false},"featured_media":9186,"template":"","meta":{"_monsterinsights_skip_tracking":false,"_monsterinsights_sitenote_active":false,"_monsterinsights_sitenote_note":"","_monsterinsights_sitenote_category":0},"product_brand":[],"product_cat":[369,132],"product_tag":[],"class_list":{"0":"post-4373","1":"product","2":"type-product","3":"status-publish","4":"has-post-thumbnail","6":"product_cat-magnaflux-fr","7":"product_cat-equipements-magnetoscopie","9":"first","10":"instock","11":"shipping-taxable","12":"purchasable","13":"product-type-variable"},"yoast_head":"<!-- This site is optimized with the Yoast SEO plugin v23.9 - https:\/\/yoast.com\/wordpress\/plugins\/seo\/ -->\n<title>Magnaflux Y-7 Culasse AC\/DC &#060; Qualit\u00e9 NDE<\/title>\n<meta name=\"description\" content=\"Magnaflux Y-7 : culasse \u00e9lectromagn\u00e9tique AC\/DC robuste, 120VAC, \u00e9cart des pattes 6.4\u201330.5\u202fcm. Offerte seule ou en ensemble complet.\" \/>\n<meta name=\"robots\" content=\"index, follow, max-snippet:-1, max-image-preview:large, max-video-preview:-1\" \/>\n<link rel=\"canonical\" href=\"https:\/\/www.qnde.ca\/fr\/produit\/y7yoke-fr\/\" \/>\n<meta name=\"twitter:label1\" content=\"Dur\u00e9e de lecture estim\u00e9e\" \/>\n\t<meta name=\"twitter:data1\" content=\"1 minute\" \/>\n<script type=\"application\/ld+json\" class=\"yoast-schema-graph\">{\"@context\":\"https:\/\/schema.org\",\"@graph\":[{\"@type\":[\"WebPage\",\"ItemPage\"],\"@id\":\"https:\/\/www.qnde.ca\/fr\/produit\/y7yoke-fr\/\",\"url\":\"https:\/\/www.qnde.ca\/fr\/produit\/y7yoke-fr\/\",\"name\":\"Magnaflux Y-7 Culasse AC\/DC &#060; Qualit\u00e9 NDE\",\"isPartOf\":{\"@id\":\"https:\/\/www.qnde.ca\/#website\"},\"primaryImageOfPage\":{\"@id\":\"https:\/\/www.qnde.ca\/fr\/produit\/y7yoke-fr\/#primaryimage\"},\"image\":{\"@id\":\"https:\/\/www.qnde.ca\/fr\/produit\/y7yoke-fr\/#primaryimage\"},\"thumbnailUrl\":\"https:\/\/www.qnde.ca\/wp-content\/uploads\/2016\/01\/43550-Y-7-YOKE-ONLY.jpg\",\"datePublished\":\"2016-01-08T21:02:33+00:00\",\"dateModified\":\"2025-08-12T15:24:36+00:00\",\"description\":\"Magnaflux Y-7 : culasse \u00e9lectromagn\u00e9tique AC\/DC robuste, 120VAC, \u00e9cart des pattes 6.4\u201330.5\u202fcm. Offerte seule ou en ensemble complet.\",\"breadcrumb\":{\"@id\":\"https:\/\/www.qnde.ca\/fr\/produit\/y7yoke-fr\/#breadcrumb\"},\"inLanguage\":\"fr-FR\",\"potentialAction\":[{\"@type\":\"ReadAction\",\"target\":[\"https:\/\/www.qnde.ca\/fr\/produit\/y7yoke-fr\/\"]}]},{\"@type\":\"ImageObject\",\"inLanguage\":\"fr-FR\",\"@id\":\"https:\/\/www.qnde.ca\/fr\/produit\/y7yoke-fr\/#primaryimage\",\"url\":\"https:\/\/www.qnde.ca\/wp-content\/uploads\/2016\/01\/43550-Y-7-YOKE-ONLY.jpg\",\"contentUrl\":\"https:\/\/www.qnde.ca\/wp-content\/uploads\/2016\/01\/43550-Y-7-YOKE-ONLY.jpg\",\"width\":1280,\"height\":884,\"caption\":\"Y-7 Yoke\"},{\"@type\":\"BreadcrumbList\",\"@id\":\"https:\/\/www.qnde.ca\/fr\/produit\/y7yoke-fr\/#breadcrumb\",\"itemListElement\":[{\"@type\":\"ListItem\",\"position\":1,\"name\":\"Accueil\",\"item\":\"https:\/\/www.qnde.ca\/fr\/\"},{\"@type\":\"ListItem\",\"position\":2,\"name\":\"Produits\",\"item\":\"https:\/\/www.qnde.ca\/fr\/produits\/\"},{\"@type\":\"ListItem\",\"position\":3,\"name\":\"Marques\",\"item\":\"https:\/\/www.qnde.ca\/fr\/product-category\/marques\/\"},{\"@type\":\"ListItem\",\"position\":4,\"name\":\"Magnaflux\",\"item\":\"https:\/\/www.qnde.ca\/fr\/product-category\/marques\/magnaflux-fr\/\"},{\"@type\":\"ListItem\",\"position\":5,\"name\":\"Magnaflux Y-7 Culasse AC\/DC\"}]},{\"@type\":\"WebSite\",\"@id\":\"https:\/\/www.qnde.ca\/#website\",\"url\":\"https:\/\/www.qnde.ca\/\",\"name\":\"Qualit\u00e9 NDE\",\"description\":\"\u00c9quipements d&#039;essais non destructifs \",\"publisher\":{\"@id\":\"https:\/\/www.qnde.ca\/#organization\"},\"potentialAction\":[{\"@type\":\"SearchAction\",\"target\":{\"@type\":\"EntryPoint\",\"urlTemplate\":\"https:\/\/www.qnde.ca\/?s={search_term_string}\"},\"query-input\":{\"@type\":\"PropertyValueSpecification\",\"valueRequired\":true,\"valueName\":\"search_term_string\"}}],\"inLanguage\":\"fr-FR\"},{\"@type\":\"Organization\",\"@id\":\"https:\/\/www.qnde.ca\/#organization\",\"name\":\"Quality NDT Ltd.\",\"url\":\"https:\/\/www.qnde.ca\/\",\"logo\":{\"@type\":\"ImageObject\",\"inLanguage\":\"fr-FR\",\"@id\":\"https:\/\/www.qnde.ca\/#\/schema\/logo\/image\/\",\"url\":\"https:\/\/www.qnde.ca\/wp-content\/uploads\/2022\/02\/QNDE_logo_RGB-gif.gif\",\"contentUrl\":\"https:\/\/www.qnde.ca\/wp-content\/uploads\/2022\/02\/QNDE_logo_RGB-gif.gif\",\"width\":250,\"height\":64,\"caption\":\"Quality NDT Ltd.\"},\"image\":{\"@id\":\"https:\/\/www.qnde.ca\/#\/schema\/logo\/image\/\"},\"sameAs\":[\"https:\/\/www.linkedin.com\/company\/qnde\/about\/?viewAsMember=true\"]}]}<\/script>\n<!-- \/ Yoast SEO plugin. -->","yoast_head_json":{"title":"Magnaflux Y-7 Culasse AC\/DC &#060; Qualit\u00e9 NDE","description":"Magnaflux Y-7 : culasse \u00e9lectromagn\u00e9tique AC\/DC robuste, 120VAC, \u00e9cart des pattes 6.4\u201330.5\u202fcm. Offerte seule ou en ensemble complet.","robots":{"index":"index","follow":"follow","max-snippet":"max-snippet:-1","max-image-preview":"max-image-preview:large","max-video-preview":"max-video-preview:-1"},"canonical":"https:\/\/www.qnde.ca\/fr\/produit\/y7yoke-fr\/","twitter_misc":{"Dur\u00e9e de lecture estim\u00e9e":"1 minute"},"schema":{"@context":"https:\/\/schema.org","@graph":[{"@type":["WebPage","ItemPage"],"@id":"https:\/\/www.qnde.ca\/fr\/produit\/y7yoke-fr\/","url":"https:\/\/www.qnde.ca\/fr\/produit\/y7yoke-fr\/","name":"Magnaflux Y-7 Culasse AC\/DC &#060; Qualit\u00e9 NDE","isPartOf":{"@id":"https:\/\/www.qnde.ca\/#website"},"primaryImageOfPage":{"@id":"https:\/\/www.qnde.ca\/fr\/produit\/y7yoke-fr\/#primaryimage"},"image":{"@id":"https:\/\/www.qnde.ca\/fr\/produit\/y7yoke-fr\/#primaryimage"},"thumbnailUrl":"https:\/\/www.qnde.ca\/wp-content\/uploads\/2016\/01\/43550-Y-7-YOKE-ONLY.jpg","datePublished":"2016-01-08T21:02:33+00:00","dateModified":"2025-08-12T15:24:36+00:00","description":"Magnaflux Y-7 : culasse \u00e9lectromagn\u00e9tique AC\/DC robuste, 120VAC, \u00e9cart des pattes 6.4\u201330.5\u202fcm. Offerte seule ou en ensemble complet.","breadcrumb":{"@id":"https:\/\/www.qnde.ca\/fr\/produit\/y7yoke-fr\/#breadcrumb"},"inLanguage":"fr-FR","potentialAction":[{"@type":"ReadAction","target":["https:\/\/www.qnde.ca\/fr\/produit\/y7yoke-fr\/"]}]},{"@type":"ImageObject","inLanguage":"fr-FR","@id":"https:\/\/www.qnde.ca\/fr\/produit\/y7yoke-fr\/#primaryimage","url":"https:\/\/www.qnde.ca\/wp-content\/uploads\/2016\/01\/43550-Y-7-YOKE-ONLY.jpg","contentUrl":"https:\/\/www.qnde.ca\/wp-content\/uploads\/2016\/01\/43550-Y-7-YOKE-ONLY.jpg","width":1280,"height":884,"caption":"Y-7 Yoke"},{"@type":"BreadcrumbList","@id":"https:\/\/www.qnde.ca\/fr\/produit\/y7yoke-fr\/#breadcrumb","itemListElement":[{"@type":"ListItem","position":1,"name":"Accueil","item":"https:\/\/www.qnde.ca\/fr\/"},{"@type":"ListItem","position":2,"name":"Produits","item":"https:\/\/www.qnde.ca\/fr\/produits\/"},{"@type":"ListItem","position":3,"name":"Marques","item":"https:\/\/www.qnde.ca\/fr\/product-category\/marques\/"},{"@type":"ListItem","position":4,"name":"Magnaflux","item":"https:\/\/www.qnde.ca\/fr\/product-category\/marques\/magnaflux-fr\/"},{"@type":"ListItem","position":5,"name":"Magnaflux Y-7 Culasse AC\/DC"}]},{"@type":"WebSite","@id":"https:\/\/www.qnde.ca\/#website","url":"https:\/\/www.qnde.ca\/","name":"Qualit\u00e9 NDE","description":"\u00c9quipements d&#039;essais non destructifs ","publisher":{"@id":"https:\/\/www.qnde.ca\/#organization"},"potentialAction":[{"@type":"SearchAction","target":{"@type":"EntryPoint","urlTemplate":"https:\/\/www.qnde.ca\/?s={search_term_string}"},"query-input":{"@type":"PropertyValueSpecification","valueRequired":true,"valueName":"search_term_string"}}],"inLanguage":"fr-FR"},{"@type":"Organization","@id":"https:\/\/www.qnde.ca\/#organization","name":"Quality NDT Ltd.","url":"https:\/\/www.qnde.ca\/","logo":{"@type":"ImageObject","inLanguage":"fr-FR","@id":"https:\/\/www.qnde.ca\/#\/schema\/logo\/image\/","url":"https:\/\/www.qnde.ca\/wp-content\/uploads\/2022\/02\/QNDE_logo_RGB-gif.gif","contentUrl":"https:\/\/www.qnde.ca\/wp-content\/uploads\/2022\/02\/QNDE_logo_RGB-gif.gif","width":250,"height":64,"caption":"Quality NDT Ltd."},"image":{"@id":"https:\/\/www.qnde.ca\/#\/schema\/logo\/image\/"},"sameAs":["https:\/\/www.linkedin.com\/company\/qnde\/about\/?viewAsMember=true"]}]}},"jetpack_sharing_enabled":true,"_links":{"self":[{"href":"https:\/\/www.qnde.ca\/fr\/wp-json\/wp\/v2\/product\/4373","targetHints":{"allow":["GET"]}}],"collection":[{"href":"https:\/\/www.qnde.ca\/fr\/wp-json\/wp\/v2\/product"}],"about":[{"href":"https:\/\/www.qnde.ca\/fr\/wp-json\/wp\/v2\/types\/product"}],"wp:featuredmedia":[{"embeddable":true,"href":"https:\/\/www.qnde.ca\/fr\/wp-json\/wp\/v2\/media\/9186"}],"wp:attachment":[{"href":"https:\/\/www.qnde.ca\/fr\/wp-json\/wp\/v2\/media?parent=4373"}],"wp:term":[{"taxonomy":"product_brand","embeddable":true,"href":"https:\/\/www.qnde.ca\/fr\/wp-json\/wp\/v2\/product_brand?post=4373"},{"taxonomy":"product_cat","embeddable":true,"href":"https:\/\/www.qnde.ca\/fr\/wp-json\/wp\/v2\/product_cat?post=4373"},{"taxonomy":"product_tag","embeddable":true,"href":"https:\/\/www.qnde.ca\/fr\/wp-json\/wp\/v2\/product_tag?post=4373"}],"curies":[{"name":"wp","href":"https:\/\/api.w.org\/{rel}","templated":true}]}}