{"id":4364,"date":"2016-01-08T20:48:03","date_gmt":"2016-01-08T20:48:03","guid":{"rendered":"https:\/\/www.qnde.ca\/?post_type=product&#038;p=4364"},"modified":"2025-08-11T14:04:15","modified_gmt":"2025-08-11T18:04:15","slug":"whitelightmeter-fr","status":"publish","type":"product","link":"https:\/\/www.qnde.ca\/fr\/produit\/whitelightmeter-fr\/","title":{"rendered":"Magnaflux Photom\u00e8tre Num\u00e9rique Lumi\u00e8re Visible"},"content":{"rendered":"<h3><strong>Magnaflux Photom\u00e8tre Num\u00e9rique Lumi\u00e8re Visible<\/strong><\/h3>\n<p>Appareil livr\u00e9 avec batterie 9V, certificat d\u2019\u00e9talonnage et valise. Mesure pr\u00e9cis\u00e9ment la lumi\u00e8re visible en pieds-chandelle (20, 200, 2000) et Lux (200, 2000, 20000). C\u00e2ble \u00e0 connexion directe de 114cm (45&Prime;).<\/p>\n<ul>\n<li>622338: Magnaflux, photom\u00e8tre lumi\u00e8re visible num\u00e9rique.<\/li>\n<li>525024: Magnaflux, radiom\u00e8tre UV num\u00e9rique.<\/li>\n<\/ul>\n","protected":false},"excerpt":{"rendered":"<p>Magnaflux Photom\u00e8tre Num\u00e9rique Lumi\u00e8re Visible Appareil livr\u00e9 avec batterie 9V, certificat d\u2019\u00e9talonnage et valise. Mesure pr\u00e9cis\u00e9ment la lumi\u00e8re visible en pieds-chandelle (20, 200, 2000) et Lux (200, 2000, 20000). C\u00e2ble \u00e0 connexion directe de 114cm (45&Prime;). 622338: Magnaflux, photom\u00e8tre lumi\u00e8re visible num\u00e9rique. 525024: Magnaflux, radiom\u00e8tre UV num\u00e9rique.<\/p>\n","protected":false},"featured_media":8172,"template":"","meta":{"_monsterinsights_skip_tracking":false,"_monsterinsights_sitenote_active":false,"_monsterinsights_sitenote_note":"","_monsterinsights_sitenote_category":0},"product_brand":[],"product_cat":[369,133],"product_tag":[],"class_list":{"0":"post-4364","1":"product","2":"type-product","3":"status-publish","4":"has-post-thumbnail","6":"product_cat-magnaflux-fr","7":"product_cat-lampes-uv","9":"first","10":"instock","11":"shipping-taxable","12":"purchasable","13":"product-type-variable"},"yoast_head":"<!-- This site is optimized with the Yoast SEO plugin v23.9 - https:\/\/yoast.com\/wordpress\/plugins\/seo\/ -->\n<title>Magnaflux Photom\u00e8tre Num\u00e9rique Lumi\u00e8re Visible &#060; Qualit\u00e9 NDE<\/title>\n<meta name=\"description\" content=\"Photom\u00e8tre num\u00e9rique Magnaflux , mesure pr\u00e9cise en pieds-chandelle et lux. Livr\u00e9 avec batterie, certificat d\u2019\u00e9talonnage &amp; valise de transport.\" \/>\n<meta name=\"robots\" content=\"index, follow, max-snippet:-1, max-image-preview:large, max-video-preview:-1\" \/>\n<link rel=\"canonical\" href=\"https:\/\/www.qnde.ca\/fr\/produit\/whitelightmeter-fr\/\" \/>\n<meta name=\"twitter:label1\" content=\"Dur\u00e9e de lecture estim\u00e9e\" \/>\n\t<meta name=\"twitter:data1\" content=\"1 minute\" \/>\n<script type=\"application\/ld+json\" class=\"yoast-schema-graph\">{\"@context\":\"https:\/\/schema.org\",\"@graph\":[{\"@type\":[\"WebPage\",\"ItemPage\"],\"@id\":\"https:\/\/www.qnde.ca\/fr\/produit\/whitelightmeter-fr\/\",\"url\":\"https:\/\/www.qnde.ca\/fr\/produit\/whitelightmeter-fr\/\",\"name\":\"Magnaflux Photom\u00e8tre Num\u00e9rique Lumi\u00e8re Visible &#060; Qualit\u00e9 NDE\",\"isPartOf\":{\"@id\":\"https:\/\/www.qnde.ca\/#website\"},\"primaryImageOfPage\":{\"@id\":\"https:\/\/www.qnde.ca\/fr\/produit\/whitelightmeter-fr\/#primaryimage\"},\"image\":{\"@id\":\"https:\/\/www.qnde.ca\/fr\/produit\/whitelightmeter-fr\/#primaryimage\"},\"thumbnailUrl\":\"https:\/\/www.qnde.ca\/wp-content\/uploads\/2015\/12\/622338-White-Light-Meter.jpg\",\"datePublished\":\"2016-01-08T20:48:03+00:00\",\"dateModified\":\"2025-08-11T18:04:15+00:00\",\"description\":\"Photom\u00e8tre num\u00e9rique Magnaflux , mesure pr\u00e9cise en pieds-chandelle et lux. Livr\u00e9 avec batterie, certificat d\u2019\u00e9talonnage & valise de transport.\",\"breadcrumb\":{\"@id\":\"https:\/\/www.qnde.ca\/fr\/produit\/whitelightmeter-fr\/#breadcrumb\"},\"inLanguage\":\"fr-FR\",\"potentialAction\":[{\"@type\":\"ReadAction\",\"target\":[\"https:\/\/www.qnde.ca\/fr\/produit\/whitelightmeter-fr\/\"]}]},{\"@type\":\"ImageObject\",\"inLanguage\":\"fr-FR\",\"@id\":\"https:\/\/www.qnde.ca\/fr\/produit\/whitelightmeter-fr\/#primaryimage\",\"url\":\"https:\/\/www.qnde.ca\/wp-content\/uploads\/2015\/12\/622338-White-Light-Meter.jpg\",\"contentUrl\":\"https:\/\/www.qnde.ca\/wp-content\/uploads\/2015\/12\/622338-White-Light-Meter.jpg\",\"width\":300,\"height\":252},{\"@type\":\"BreadcrumbList\",\"@id\":\"https:\/\/www.qnde.ca\/fr\/produit\/whitelightmeter-fr\/#breadcrumb\",\"itemListElement\":[{\"@type\":\"ListItem\",\"position\":1,\"name\":\"Accueil\",\"item\":\"https:\/\/www.qnde.ca\/fr\/\"},{\"@type\":\"ListItem\",\"position\":2,\"name\":\"Produits\",\"item\":\"https:\/\/www.qnde.ca\/fr\/produits\/\"},{\"@type\":\"ListItem\",\"position\":3,\"name\":\"Marques\",\"item\":\"https:\/\/www.qnde.ca\/fr\/product-category\/marques\/\"},{\"@type\":\"ListItem\",\"position\":4,\"name\":\"Magnaflux\",\"item\":\"https:\/\/www.qnde.ca\/fr\/product-category\/marques\/magnaflux-fr\/\"},{\"@type\":\"ListItem\",\"position\":5,\"name\":\"Magnaflux Photom\u00e8tre Num\u00e9rique Lumi\u00e8re Visible\"}]},{\"@type\":\"WebSite\",\"@id\":\"https:\/\/www.qnde.ca\/#website\",\"url\":\"https:\/\/www.qnde.ca\/\",\"name\":\"Qualit\u00e9 NDE\",\"description\":\"\u00c9quipements d&#039;essais non destructifs \",\"publisher\":{\"@id\":\"https:\/\/www.qnde.ca\/#organization\"},\"potentialAction\":[{\"@type\":\"SearchAction\",\"target\":{\"@type\":\"EntryPoint\",\"urlTemplate\":\"https:\/\/www.qnde.ca\/?s={search_term_string}\"},\"query-input\":{\"@type\":\"PropertyValueSpecification\",\"valueRequired\":true,\"valueName\":\"search_term_string\"}}],\"inLanguage\":\"fr-FR\"},{\"@type\":\"Organization\",\"@id\":\"https:\/\/www.qnde.ca\/#organization\",\"name\":\"Quality NDT Ltd.\",\"url\":\"https:\/\/www.qnde.ca\/\",\"logo\":{\"@type\":\"ImageObject\",\"inLanguage\":\"fr-FR\",\"@id\":\"https:\/\/www.qnde.ca\/#\/schema\/logo\/image\/\",\"url\":\"https:\/\/www.qnde.ca\/wp-content\/uploads\/2022\/02\/QNDE_logo_RGB-gif.gif\",\"contentUrl\":\"https:\/\/www.qnde.ca\/wp-content\/uploads\/2022\/02\/QNDE_logo_RGB-gif.gif\",\"width\":250,\"height\":64,\"caption\":\"Quality NDT Ltd.\"},\"image\":{\"@id\":\"https:\/\/www.qnde.ca\/#\/schema\/logo\/image\/\"},\"sameAs\":[\"https:\/\/www.linkedin.com\/company\/qnde\/about\/?viewAsMember=true\"]}]}<\/script>\n<!-- \/ Yoast SEO plugin. -->","yoast_head_json":{"title":"Magnaflux Photom\u00e8tre Num\u00e9rique Lumi\u00e8re Visible &#060; Qualit\u00e9 NDE","description":"Photom\u00e8tre num\u00e9rique Magnaflux , mesure pr\u00e9cise en pieds-chandelle et lux. Livr\u00e9 avec batterie, certificat d\u2019\u00e9talonnage & valise de transport.","robots":{"index":"index","follow":"follow","max-snippet":"max-snippet:-1","max-image-preview":"max-image-preview:large","max-video-preview":"max-video-preview:-1"},"canonical":"https:\/\/www.qnde.ca\/fr\/produit\/whitelightmeter-fr\/","twitter_misc":{"Dur\u00e9e de lecture estim\u00e9e":"1 minute"},"schema":{"@context":"https:\/\/schema.org","@graph":[{"@type":["WebPage","ItemPage"],"@id":"https:\/\/www.qnde.ca\/fr\/produit\/whitelightmeter-fr\/","url":"https:\/\/www.qnde.ca\/fr\/produit\/whitelightmeter-fr\/","name":"Magnaflux Photom\u00e8tre Num\u00e9rique Lumi\u00e8re Visible &#060; Qualit\u00e9 NDE","isPartOf":{"@id":"https:\/\/www.qnde.ca\/#website"},"primaryImageOfPage":{"@id":"https:\/\/www.qnde.ca\/fr\/produit\/whitelightmeter-fr\/#primaryimage"},"image":{"@id":"https:\/\/www.qnde.ca\/fr\/produit\/whitelightmeter-fr\/#primaryimage"},"thumbnailUrl":"https:\/\/www.qnde.ca\/wp-content\/uploads\/2015\/12\/622338-White-Light-Meter.jpg","datePublished":"2016-01-08T20:48:03+00:00","dateModified":"2025-08-11T18:04:15+00:00","description":"Photom\u00e8tre num\u00e9rique Magnaflux , mesure pr\u00e9cise en pieds-chandelle et lux. Livr\u00e9 avec batterie, certificat d\u2019\u00e9talonnage & valise de transport.","breadcrumb":{"@id":"https:\/\/www.qnde.ca\/fr\/produit\/whitelightmeter-fr\/#breadcrumb"},"inLanguage":"fr-FR","potentialAction":[{"@type":"ReadAction","target":["https:\/\/www.qnde.ca\/fr\/produit\/whitelightmeter-fr\/"]}]},{"@type":"ImageObject","inLanguage":"fr-FR","@id":"https:\/\/www.qnde.ca\/fr\/produit\/whitelightmeter-fr\/#primaryimage","url":"https:\/\/www.qnde.ca\/wp-content\/uploads\/2015\/12\/622338-White-Light-Meter.jpg","contentUrl":"https:\/\/www.qnde.ca\/wp-content\/uploads\/2015\/12\/622338-White-Light-Meter.jpg","width":300,"height":252},{"@type":"BreadcrumbList","@id":"https:\/\/www.qnde.ca\/fr\/produit\/whitelightmeter-fr\/#breadcrumb","itemListElement":[{"@type":"ListItem","position":1,"name":"Accueil","item":"https:\/\/www.qnde.ca\/fr\/"},{"@type":"ListItem","position":2,"name":"Produits","item":"https:\/\/www.qnde.ca\/fr\/produits\/"},{"@type":"ListItem","position":3,"name":"Marques","item":"https:\/\/www.qnde.ca\/fr\/product-category\/marques\/"},{"@type":"ListItem","position":4,"name":"Magnaflux","item":"https:\/\/www.qnde.ca\/fr\/product-category\/marques\/magnaflux-fr\/"},{"@type":"ListItem","position":5,"name":"Magnaflux Photom\u00e8tre Num\u00e9rique Lumi\u00e8re Visible"}]},{"@type":"WebSite","@id":"https:\/\/www.qnde.ca\/#website","url":"https:\/\/www.qnde.ca\/","name":"Qualit\u00e9 NDE","description":"\u00c9quipements d&#039;essais non destructifs ","publisher":{"@id":"https:\/\/www.qnde.ca\/#organization"},"potentialAction":[{"@type":"SearchAction","target":{"@type":"EntryPoint","urlTemplate":"https:\/\/www.qnde.ca\/?s={search_term_string}"},"query-input":{"@type":"PropertyValueSpecification","valueRequired":true,"valueName":"search_term_string"}}],"inLanguage":"fr-FR"},{"@type":"Organization","@id":"https:\/\/www.qnde.ca\/#organization","name":"Quality NDT Ltd.","url":"https:\/\/www.qnde.ca\/","logo":{"@type":"ImageObject","inLanguage":"fr-FR","@id":"https:\/\/www.qnde.ca\/#\/schema\/logo\/image\/","url":"https:\/\/www.qnde.ca\/wp-content\/uploads\/2022\/02\/QNDE_logo_RGB-gif.gif","contentUrl":"https:\/\/www.qnde.ca\/wp-content\/uploads\/2022\/02\/QNDE_logo_RGB-gif.gif","width":250,"height":64,"caption":"Quality NDT Ltd."},"image":{"@id":"https:\/\/www.qnde.ca\/#\/schema\/logo\/image\/"},"sameAs":["https:\/\/www.linkedin.com\/company\/qnde\/about\/?viewAsMember=true"]}]}},"jetpack_sharing_enabled":true,"_links":{"self":[{"href":"https:\/\/www.qnde.ca\/fr\/wp-json\/wp\/v2\/product\/4364","targetHints":{"allow":["GET"]}}],"collection":[{"href":"https:\/\/www.qnde.ca\/fr\/wp-json\/wp\/v2\/product"}],"about":[{"href":"https:\/\/www.qnde.ca\/fr\/wp-json\/wp\/v2\/types\/product"}],"wp:featuredmedia":[{"embeddable":true,"href":"https:\/\/www.qnde.ca\/fr\/wp-json\/wp\/v2\/media\/8172"}],"wp:attachment":[{"href":"https:\/\/www.qnde.ca\/fr\/wp-json\/wp\/v2\/media?parent=4364"}],"wp:term":[{"taxonomy":"product_brand","embeddable":true,"href":"https:\/\/www.qnde.ca\/fr\/wp-json\/wp\/v2\/product_brand?post=4364"},{"taxonomy":"product_cat","embeddable":true,"href":"https:\/\/www.qnde.ca\/fr\/wp-json\/wp\/v2\/product_cat?post=4364"},{"taxonomy":"product_tag","embeddable":true,"href":"https:\/\/www.qnde.ca\/fr\/wp-json\/wp\/v2\/product_tag?post=4364"}],"curies":[{"name":"wp","href":"https:\/\/api.w.org\/{rel}","templated":true}]}}