{"id":4361,"date":"2016-01-08T20:43:52","date_gmt":"2016-01-08T20:43:52","guid":{"rendered":"https:\/\/www.qnde.ca\/?post_type=product&#038;p=4361"},"modified":"2025-08-12T11:29:48","modified_gmt":"2025-08-12T15:29:48","slug":"pulverisation-particules-magnetiques","status":"publish","type":"product","link":"https:\/\/www.qnde.ca\/fr\/produit\/pulverisation-particules-magnetiques\/","title":{"rendered":"Magnaflux, Syst\u00e8me de Pulv\u00e9risation de Particules Magn\u00e9tiques"},"content":{"rendered":"<h3><strong>Magnaflux, Syst\u00e8me de Pulv\u00e9risation de Particules Magn\u00e9tiques<\/strong><\/h3>\n<p>Syst\u00e8me de pulv\u00e9risation de particules magn\u00e9tiques portatif pour l&rsquo;application de particules magn\u00e9tiques sur de grandes surfaces ou sur de petites surfaces. Bain continuellement agit\u00e9 (huile ou eau) afin de maintenir les particules en suspension et uniforme dans le r\u00e9servoir.<\/p>\n<ul>\n<li>69390: Magnaflux, syst\u00e8me de pulv\u00e9risation de particule magn\u00e9tique de 19L (5gal), 120VAC.<\/li>\n<li>621778: Magnaflux, syst\u00e8me de pulv\u00e9risation de particule magn\u00e9tique de 114L (30gal), 120VAC.<\/li>\n<\/ul>\n","protected":false},"excerpt":{"rendered":"<p>Magnaflux, Syst\u00e8me de Pulv\u00e9risation de Particules Magn\u00e9tiques Syst\u00e8me de pulv\u00e9risation de particules magn\u00e9tiques portatif pour l&rsquo;application de particules magn\u00e9tiques sur de grandes surfaces ou sur de petites surfaces. Bain continuellement agit\u00e9 (huile ou eau) afin de maintenir les particules en suspension et uniforme dans le r\u00e9servoir. 69390: Magnaflux, syst\u00e8me de pulv\u00e9risation de particule magn\u00e9tique de [&hellip;]<\/p>\n","protected":false},"featured_media":11002,"template":"","meta":{"_monsterinsights_skip_tracking":false,"_monsterinsights_sitenote_active":false,"_monsterinsights_sitenote_note":"","_monsterinsights_sitenote_category":0},"product_brand":[],"product_cat":[369,132],"product_tag":[],"class_list":{"0":"post-4361","1":"product","2":"type-product","3":"status-publish","4":"has-post-thumbnail","6":"product_cat-magnaflux-fr","7":"product_cat-equipements-magnetoscopie","9":"first","10":"instock","11":"shipping-taxable","12":"purchasable","13":"product-type-variable"},"yoast_head":"<!-- This site is optimized with the Yoast SEO plugin v23.9 - https:\/\/yoast.com\/wordpress\/plugins\/seo\/ -->\n<title>Magnaflux, Syst\u00e8me de Pulv\u00e9risation de Particules Magn\u00e9tiques &#060; Qualit\u00e9 NDE<\/title>\n<meta name=\"description\" content=\"Magnaflux Syst\u00e8me de Pulv\u00e9risation : unit\u00e9 portative pour appliquer des particules magn\u00e9tiques sur surfaces. Bain agit\u00e9, suspension uniforme.\" \/>\n<meta name=\"robots\" content=\"index, follow, max-snippet:-1, max-image-preview:large, max-video-preview:-1\" \/>\n<link rel=\"canonical\" href=\"https:\/\/www.qnde.ca\/fr\/produit\/pulverisation-particules-magnetiques\/\" \/>\n<meta name=\"twitter:label1\" content=\"Dur\u00e9e de lecture estim\u00e9e\" \/>\n\t<meta name=\"twitter:data1\" content=\"1 minute\" \/>\n<script type=\"application\/ld+json\" class=\"yoast-schema-graph\">{\"@context\":\"https:\/\/schema.org\",\"@graph\":[{\"@type\":[\"WebPage\",\"ItemPage\"],\"@id\":\"https:\/\/www.qnde.ca\/fr\/produit\/pulverisation-particules-magnetiques\/\",\"url\":\"https:\/\/www.qnde.ca\/fr\/produit\/pulverisation-particules-magnetiques\/\",\"name\":\"Magnaflux, Syst\u00e8me de Pulv\u00e9risation de Particules Magn\u00e9tiques &#060; Qualit\u00e9 NDE\",\"isPartOf\":{\"@id\":\"https:\/\/www.qnde.ca\/#website\"},\"primaryImageOfPage\":{\"@id\":\"https:\/\/www.qnde.ca\/fr\/produit\/pulverisation-particules-magnetiques\/#primaryimage\"},\"image\":{\"@id\":\"https:\/\/www.qnde.ca\/fr\/produit\/pulverisation-particules-magnetiques\/#primaryimage\"},\"thumbnailUrl\":\"https:\/\/www.qnde.ca\/wp-content\/uploads\/2016\/01\/magnaflux-mag-kit-pump-9.png\",\"datePublished\":\"2016-01-08T20:43:52+00:00\",\"dateModified\":\"2025-08-12T15:29:48+00:00\",\"description\":\"Magnaflux Syst\u00e8me de Pulv\u00e9risation : unit\u00e9 portative pour appliquer des particules magn\u00e9tiques sur surfaces. Bain agit\u00e9, suspension uniforme.\",\"breadcrumb\":{\"@id\":\"https:\/\/www.qnde.ca\/fr\/produit\/pulverisation-particules-magnetiques\/#breadcrumb\"},\"inLanguage\":\"fr-FR\",\"potentialAction\":[{\"@type\":\"ReadAction\",\"target\":[\"https:\/\/www.qnde.ca\/fr\/produit\/pulverisation-particules-magnetiques\/\"]}]},{\"@type\":\"ImageObject\",\"inLanguage\":\"fr-FR\",\"@id\":\"https:\/\/www.qnde.ca\/fr\/produit\/pulverisation-particules-magnetiques\/#primaryimage\",\"url\":\"https:\/\/www.qnde.ca\/wp-content\/uploads\/2016\/01\/magnaflux-mag-kit-pump-9.png\",\"contentUrl\":\"https:\/\/www.qnde.ca\/wp-content\/uploads\/2016\/01\/magnaflux-mag-kit-pump-9.png\",\"width\":490,\"height\":490,\"caption\":\"Spray System 5gal\"},{\"@type\":\"BreadcrumbList\",\"@id\":\"https:\/\/www.qnde.ca\/fr\/produit\/pulverisation-particules-magnetiques\/#breadcrumb\",\"itemListElement\":[{\"@type\":\"ListItem\",\"position\":1,\"name\":\"Accueil\",\"item\":\"https:\/\/www.qnde.ca\/fr\/\"},{\"@type\":\"ListItem\",\"position\":2,\"name\":\"Produits\",\"item\":\"https:\/\/www.qnde.ca\/fr\/produits\/\"},{\"@type\":\"ListItem\",\"position\":3,\"name\":\"Marques\",\"item\":\"https:\/\/www.qnde.ca\/fr\/product-category\/marques\/\"},{\"@type\":\"ListItem\",\"position\":4,\"name\":\"Magnaflux\",\"item\":\"https:\/\/www.qnde.ca\/fr\/product-category\/marques\/magnaflux-fr\/\"},{\"@type\":\"ListItem\",\"position\":5,\"name\":\"Magnaflux, Syst\u00e8me de Pulv\u00e9risation de Particules Magn\u00e9tiques\"}]},{\"@type\":\"WebSite\",\"@id\":\"https:\/\/www.qnde.ca\/#website\",\"url\":\"https:\/\/www.qnde.ca\/\",\"name\":\"Qualit\u00e9 NDE\",\"description\":\"\u00c9quipements d&#039;essais non destructifs \",\"publisher\":{\"@id\":\"https:\/\/www.qnde.ca\/#organization\"},\"potentialAction\":[{\"@type\":\"SearchAction\",\"target\":{\"@type\":\"EntryPoint\",\"urlTemplate\":\"https:\/\/www.qnde.ca\/?s={search_term_string}\"},\"query-input\":{\"@type\":\"PropertyValueSpecification\",\"valueRequired\":true,\"valueName\":\"search_term_string\"}}],\"inLanguage\":\"fr-FR\"},{\"@type\":\"Organization\",\"@id\":\"https:\/\/www.qnde.ca\/#organization\",\"name\":\"Quality NDT Ltd.\",\"url\":\"https:\/\/www.qnde.ca\/\",\"logo\":{\"@type\":\"ImageObject\",\"inLanguage\":\"fr-FR\",\"@id\":\"https:\/\/www.qnde.ca\/#\/schema\/logo\/image\/\",\"url\":\"https:\/\/www.qnde.ca\/wp-content\/uploads\/2022\/02\/QNDE_logo_RGB-gif.gif\",\"contentUrl\":\"https:\/\/www.qnde.ca\/wp-content\/uploads\/2022\/02\/QNDE_logo_RGB-gif.gif\",\"width\":250,\"height\":64,\"caption\":\"Quality NDT Ltd.\"},\"image\":{\"@id\":\"https:\/\/www.qnde.ca\/#\/schema\/logo\/image\/\"},\"sameAs\":[\"https:\/\/www.linkedin.com\/company\/qnde\/about\/?viewAsMember=true\"]}]}<\/script>\n<!-- \/ Yoast SEO plugin. -->","yoast_head_json":{"title":"Magnaflux, Syst\u00e8me de Pulv\u00e9risation de Particules Magn\u00e9tiques &#060; Qualit\u00e9 NDE","description":"Magnaflux Syst\u00e8me de Pulv\u00e9risation : unit\u00e9 portative pour appliquer des particules magn\u00e9tiques sur surfaces. Bain agit\u00e9, suspension uniforme.","robots":{"index":"index","follow":"follow","max-snippet":"max-snippet:-1","max-image-preview":"max-image-preview:large","max-video-preview":"max-video-preview:-1"},"canonical":"https:\/\/www.qnde.ca\/fr\/produit\/pulverisation-particules-magnetiques\/","twitter_misc":{"Dur\u00e9e de lecture estim\u00e9e":"1 minute"},"schema":{"@context":"https:\/\/schema.org","@graph":[{"@type":["WebPage","ItemPage"],"@id":"https:\/\/www.qnde.ca\/fr\/produit\/pulverisation-particules-magnetiques\/","url":"https:\/\/www.qnde.ca\/fr\/produit\/pulverisation-particules-magnetiques\/","name":"Magnaflux, Syst\u00e8me de Pulv\u00e9risation de Particules Magn\u00e9tiques &#060; Qualit\u00e9 NDE","isPartOf":{"@id":"https:\/\/www.qnde.ca\/#website"},"primaryImageOfPage":{"@id":"https:\/\/www.qnde.ca\/fr\/produit\/pulverisation-particules-magnetiques\/#primaryimage"},"image":{"@id":"https:\/\/www.qnde.ca\/fr\/produit\/pulverisation-particules-magnetiques\/#primaryimage"},"thumbnailUrl":"https:\/\/www.qnde.ca\/wp-content\/uploads\/2016\/01\/magnaflux-mag-kit-pump-9.png","datePublished":"2016-01-08T20:43:52+00:00","dateModified":"2025-08-12T15:29:48+00:00","description":"Magnaflux Syst\u00e8me de Pulv\u00e9risation : unit\u00e9 portative pour appliquer des particules magn\u00e9tiques sur surfaces. Bain agit\u00e9, suspension uniforme.","breadcrumb":{"@id":"https:\/\/www.qnde.ca\/fr\/produit\/pulverisation-particules-magnetiques\/#breadcrumb"},"inLanguage":"fr-FR","potentialAction":[{"@type":"ReadAction","target":["https:\/\/www.qnde.ca\/fr\/produit\/pulverisation-particules-magnetiques\/"]}]},{"@type":"ImageObject","inLanguage":"fr-FR","@id":"https:\/\/www.qnde.ca\/fr\/produit\/pulverisation-particules-magnetiques\/#primaryimage","url":"https:\/\/www.qnde.ca\/wp-content\/uploads\/2016\/01\/magnaflux-mag-kit-pump-9.png","contentUrl":"https:\/\/www.qnde.ca\/wp-content\/uploads\/2016\/01\/magnaflux-mag-kit-pump-9.png","width":490,"height":490,"caption":"Spray System 5gal"},{"@type":"BreadcrumbList","@id":"https:\/\/www.qnde.ca\/fr\/produit\/pulverisation-particules-magnetiques\/#breadcrumb","itemListElement":[{"@type":"ListItem","position":1,"name":"Accueil","item":"https:\/\/www.qnde.ca\/fr\/"},{"@type":"ListItem","position":2,"name":"Produits","item":"https:\/\/www.qnde.ca\/fr\/produits\/"},{"@type":"ListItem","position":3,"name":"Marques","item":"https:\/\/www.qnde.ca\/fr\/product-category\/marques\/"},{"@type":"ListItem","position":4,"name":"Magnaflux","item":"https:\/\/www.qnde.ca\/fr\/product-category\/marques\/magnaflux-fr\/"},{"@type":"ListItem","position":5,"name":"Magnaflux, Syst\u00e8me de Pulv\u00e9risation de Particules Magn\u00e9tiques"}]},{"@type":"WebSite","@id":"https:\/\/www.qnde.ca\/#website","url":"https:\/\/www.qnde.ca\/","name":"Qualit\u00e9 NDE","description":"\u00c9quipements d&#039;essais non destructifs ","publisher":{"@id":"https:\/\/www.qnde.ca\/#organization"},"potentialAction":[{"@type":"SearchAction","target":{"@type":"EntryPoint","urlTemplate":"https:\/\/www.qnde.ca\/?s={search_term_string}"},"query-input":{"@type":"PropertyValueSpecification","valueRequired":true,"valueName":"search_term_string"}}],"inLanguage":"fr-FR"},{"@type":"Organization","@id":"https:\/\/www.qnde.ca\/#organization","name":"Quality NDT Ltd.","url":"https:\/\/www.qnde.ca\/","logo":{"@type":"ImageObject","inLanguage":"fr-FR","@id":"https:\/\/www.qnde.ca\/#\/schema\/logo\/image\/","url":"https:\/\/www.qnde.ca\/wp-content\/uploads\/2022\/02\/QNDE_logo_RGB-gif.gif","contentUrl":"https:\/\/www.qnde.ca\/wp-content\/uploads\/2022\/02\/QNDE_logo_RGB-gif.gif","width":250,"height":64,"caption":"Quality NDT Ltd."},"image":{"@id":"https:\/\/www.qnde.ca\/#\/schema\/logo\/image\/"},"sameAs":["https:\/\/www.linkedin.com\/company\/qnde\/about\/?viewAsMember=true"]}]}},"jetpack_sharing_enabled":true,"_links":{"self":[{"href":"https:\/\/www.qnde.ca\/fr\/wp-json\/wp\/v2\/product\/4361","targetHints":{"allow":["GET"]}}],"collection":[{"href":"https:\/\/www.qnde.ca\/fr\/wp-json\/wp\/v2\/product"}],"about":[{"href":"https:\/\/www.qnde.ca\/fr\/wp-json\/wp\/v2\/types\/product"}],"wp:featuredmedia":[{"embeddable":true,"href":"https:\/\/www.qnde.ca\/fr\/wp-json\/wp\/v2\/media\/11002"}],"wp:attachment":[{"href":"https:\/\/www.qnde.ca\/fr\/wp-json\/wp\/v2\/media?parent=4361"}],"wp:term":[{"taxonomy":"product_brand","embeddable":true,"href":"https:\/\/www.qnde.ca\/fr\/wp-json\/wp\/v2\/product_brand?post=4361"},{"taxonomy":"product_cat","embeddable":true,"href":"https:\/\/www.qnde.ca\/fr\/wp-json\/wp\/v2\/product_cat?post=4361"},{"taxonomy":"product_tag","embeddable":true,"href":"https:\/\/www.qnde.ca\/fr\/wp-json\/wp\/v2\/product_tag?post=4361"}],"curies":[{"name":"wp","href":"https:\/\/api.w.org\/{rel}","templated":true}]}}