{"id":4357,"date":"2016-01-08T20:39:15","date_gmt":"2016-01-08T20:39:15","guid":{"rendered":"https:\/\/www.qnde.ca\/?post_type=product&#038;p=4357"},"modified":"2025-08-11T13:47:12","modified_gmt":"2025-08-11T17:47:12","slug":"uvg3","status":"publish","type":"product","link":"https:\/\/www.qnde.ca\/fr\/produit\/uvg3\/","title":{"rendered":"Labino Lampe de Poche UVG3"},"content":{"rendered":"<div class=\"row\">\n<div>\n<div class=\"row\">\n<div class=\"col-md-6\">\n<div id=\"translateContent\" class=\"htmlResultBox sysFocus\">\n<h3><strong>Labino UVG3, Lampe de Poche<\/strong><\/h3>\n<p>L\u00e9g\u00e8re, petite lampe de poche DEL UV, IP68, certifi\u00e9e ASTM E3022 et Rolls-Royce RRES90061. La batterie rechargeable offre jusqu\u2019\u00e0 3 heures d\u2019utilisation.<br \/>\nL\u2019ensemble comprend une lampe, un chargeur 120VAC, un chargeur 12V et une batterie rechargeable suppl\u00e9mentaire.<\/p>\n<ul>\n<li>UVG3 Spotlight: Intensit\u00e9 de 20,000 \u00b5W\/cm<sup>2<\/sup> pour un diam\u00e8tre de 1.2&Prime; (3cm) \u00e0 15&Prime; (38cm) de diam\u00e8tre.<\/li>\n<li>UVG3 Midlight: Intensit\u00e9 de 8,000 \u00b5W\/cm<sup>2<\/sup> pour un diam\u00e8tre de 3.9&Prime; (9.9cm) \u00e0 15&Prime; (38cm).<\/li>\n<li>UVG3 Floodlight: Intensit\u00e9 de 2,000 \u00b5W\/cm<sup>2<\/sup> pour un diam\u00e8tre de 5.1&Prime; (13cm) \u00e0 15&Prime; (38cm).<\/li>\n<\/ul>\n<\/div>\n<\/div>\n<\/div>\n<\/div>\n<\/div>\n","protected":false},"excerpt":{"rendered":"<p>Labino UVG3, Lampe de Poche L\u00e9g\u00e8re, petite lampe de poche DEL UV, IP68, certifi\u00e9e ASTM E3022 et Rolls-Royce RRES90061. La batterie rechargeable offre jusqu\u2019\u00e0 3 heures d\u2019utilisation. L\u2019ensemble comprend une lampe, un chargeur 120VAC, un chargeur 12V et une batterie rechargeable suppl\u00e9mentaire. UVG3 Spotlight: Intensit\u00e9 de 20,000 \u00b5W\/cm2 pour un diam\u00e8tre de 1.2&Prime; (3cm) \u00e0 [&hellip;]<\/p>\n","protected":false},"featured_media":8341,"template":"","meta":{"_monsterinsights_skip_tracking":false,"_monsterinsights_sitenote_active":false,"_monsterinsights_sitenote_note":"","_monsterinsights_sitenote_category":0},"product_brand":[],"product_cat":[402,133],"product_tag":[],"class_list":{"0":"post-4357","1":"product","2":"type-product","3":"status-publish","4":"has-post-thumbnail","6":"product_cat-autres-marques","7":"product_cat-lampes-uv","9":"first","10":"instock","11":"shipping-taxable","12":"purchasable","13":"product-type-variable"},"yoast_head":"<!-- This site is optimized with the Yoast SEO plugin v23.9 - https:\/\/yoast.com\/wordpress\/plugins\/seo\/ -->\n<title>Labino Lampe de Poche UVG3 &#060; Qualit\u00e9 NDE<\/title>\n<meta name=\"description\" content=\"Lampe UV Labino UVG3, compacte et rechargeable, 3 mod\u00e8les puissants (20,000 \u00e0 2,000 \u00b5W\/cm\u00b2), certifi\u00e9e IP68, id\u00e9ale pour inspections pr\u00e9cises et durables.\" \/>\n<meta name=\"robots\" content=\"index, follow, max-snippet:-1, max-image-preview:large, max-video-preview:-1\" \/>\n<link rel=\"canonical\" href=\"https:\/\/www.qnde.ca\/fr\/produit\/uvg3\/\" \/>\n<meta name=\"twitter:label1\" content=\"Dur\u00e9e de lecture estim\u00e9e\" \/>\n\t<meta name=\"twitter:data1\" content=\"1 minute\" \/>\n<script type=\"application\/ld+json\" class=\"yoast-schema-graph\">{\"@context\":\"https:\/\/schema.org\",\"@graph\":[{\"@type\":[\"WebPage\",\"ItemPage\"],\"@id\":\"https:\/\/www.qnde.ca\/fr\/produit\/uvg3\/\",\"url\":\"https:\/\/www.qnde.ca\/fr\/produit\/uvg3\/\",\"name\":\"Labino Lampe de Poche UVG3 &#060; Qualit\u00e9 NDE\",\"isPartOf\":{\"@id\":\"https:\/\/www.qnde.ca\/#website\"},\"primaryImageOfPage\":{\"@id\":\"https:\/\/www.qnde.ca\/fr\/produit\/uvg3\/#primaryimage\"},\"image\":{\"@id\":\"https:\/\/www.qnde.ca\/fr\/produit\/uvg3\/#primaryimage\"},\"thumbnailUrl\":\"https:\/\/www.qnde.ca\/wp-content\/uploads\/2016\/01\/uvg3.jpg\",\"datePublished\":\"2016-01-08T20:39:15+00:00\",\"dateModified\":\"2025-08-11T17:47:12+00:00\",\"description\":\"Lampe UV Labino UVG3, compacte et rechargeable, 3 mod\u00e8les puissants (20,000 \u00e0 2,000 \u00b5W\/cm\u00b2), certifi\u00e9e IP68, id\u00e9ale pour inspections pr\u00e9cises et durables.\",\"breadcrumb\":{\"@id\":\"https:\/\/www.qnde.ca\/fr\/produit\/uvg3\/#breadcrumb\"},\"inLanguage\":\"fr-FR\",\"potentialAction\":[{\"@type\":\"ReadAction\",\"target\":[\"https:\/\/www.qnde.ca\/fr\/produit\/uvg3\/\"]}]},{\"@type\":\"ImageObject\",\"inLanguage\":\"fr-FR\",\"@id\":\"https:\/\/www.qnde.ca\/fr\/produit\/uvg3\/#primaryimage\",\"url\":\"https:\/\/www.qnde.ca\/wp-content\/uploads\/2016\/01\/uvg3.jpg\",\"contentUrl\":\"https:\/\/www.qnde.ca\/wp-content\/uploads\/2016\/01\/uvg3.jpg\",\"width\":401,\"height\":349},{\"@type\":\"BreadcrumbList\",\"@id\":\"https:\/\/www.qnde.ca\/fr\/produit\/uvg3\/#breadcrumb\",\"itemListElement\":[{\"@type\":\"ListItem\",\"position\":1,\"name\":\"Accueil\",\"item\":\"https:\/\/www.qnde.ca\/fr\/\"},{\"@type\":\"ListItem\",\"position\":2,\"name\":\"Produits\",\"item\":\"https:\/\/www.qnde.ca\/fr\/produits\/\"},{\"@type\":\"ListItem\",\"position\":3,\"name\":\"Lampes UV\",\"item\":\"https:\/\/www.qnde.ca\/fr\/product-category\/lampes-uv\/\"},{\"@type\":\"ListItem\",\"position\":4,\"name\":\"Labino Lampe de Poche UVG3\"}]},{\"@type\":\"WebSite\",\"@id\":\"https:\/\/www.qnde.ca\/#website\",\"url\":\"https:\/\/www.qnde.ca\/\",\"name\":\"Qualit\u00e9 NDE\",\"description\":\"\u00c9quipements d&#039;essais non destructifs \",\"publisher\":{\"@id\":\"https:\/\/www.qnde.ca\/#organization\"},\"potentialAction\":[{\"@type\":\"SearchAction\",\"target\":{\"@type\":\"EntryPoint\",\"urlTemplate\":\"https:\/\/www.qnde.ca\/?s={search_term_string}\"},\"query-input\":{\"@type\":\"PropertyValueSpecification\",\"valueRequired\":true,\"valueName\":\"search_term_string\"}}],\"inLanguage\":\"fr-FR\"},{\"@type\":\"Organization\",\"@id\":\"https:\/\/www.qnde.ca\/#organization\",\"name\":\"Quality NDT Ltd.\",\"url\":\"https:\/\/www.qnde.ca\/\",\"logo\":{\"@type\":\"ImageObject\",\"inLanguage\":\"fr-FR\",\"@id\":\"https:\/\/www.qnde.ca\/#\/schema\/logo\/image\/\",\"url\":\"https:\/\/www.qnde.ca\/wp-content\/uploads\/2022\/02\/QNDE_logo_RGB-gif.gif\",\"contentUrl\":\"https:\/\/www.qnde.ca\/wp-content\/uploads\/2022\/02\/QNDE_logo_RGB-gif.gif\",\"width\":250,\"height\":64,\"caption\":\"Quality NDT Ltd.\"},\"image\":{\"@id\":\"https:\/\/www.qnde.ca\/#\/schema\/logo\/image\/\"},\"sameAs\":[\"https:\/\/www.linkedin.com\/company\/qnde\/about\/?viewAsMember=true\"]}]}<\/script>\n<!-- \/ Yoast SEO plugin. -->","yoast_head_json":{"title":"Labino Lampe de Poche UVG3 &#060; Qualit\u00e9 NDE","description":"Lampe UV Labino UVG3, compacte et rechargeable, 3 mod\u00e8les puissants (20,000 \u00e0 2,000 \u00b5W\/cm\u00b2), certifi\u00e9e IP68, id\u00e9ale pour inspections pr\u00e9cises et durables.","robots":{"index":"index","follow":"follow","max-snippet":"max-snippet:-1","max-image-preview":"max-image-preview:large","max-video-preview":"max-video-preview:-1"},"canonical":"https:\/\/www.qnde.ca\/fr\/produit\/uvg3\/","twitter_misc":{"Dur\u00e9e de lecture estim\u00e9e":"1 minute"},"schema":{"@context":"https:\/\/schema.org","@graph":[{"@type":["WebPage","ItemPage"],"@id":"https:\/\/www.qnde.ca\/fr\/produit\/uvg3\/","url":"https:\/\/www.qnde.ca\/fr\/produit\/uvg3\/","name":"Labino Lampe de Poche UVG3 &#060; Qualit\u00e9 NDE","isPartOf":{"@id":"https:\/\/www.qnde.ca\/#website"},"primaryImageOfPage":{"@id":"https:\/\/www.qnde.ca\/fr\/produit\/uvg3\/#primaryimage"},"image":{"@id":"https:\/\/www.qnde.ca\/fr\/produit\/uvg3\/#primaryimage"},"thumbnailUrl":"https:\/\/www.qnde.ca\/wp-content\/uploads\/2016\/01\/uvg3.jpg","datePublished":"2016-01-08T20:39:15+00:00","dateModified":"2025-08-11T17:47:12+00:00","description":"Lampe UV Labino UVG3, compacte et rechargeable, 3 mod\u00e8les puissants (20,000 \u00e0 2,000 \u00b5W\/cm\u00b2), certifi\u00e9e IP68, id\u00e9ale pour inspections pr\u00e9cises et durables.","breadcrumb":{"@id":"https:\/\/www.qnde.ca\/fr\/produit\/uvg3\/#breadcrumb"},"inLanguage":"fr-FR","potentialAction":[{"@type":"ReadAction","target":["https:\/\/www.qnde.ca\/fr\/produit\/uvg3\/"]}]},{"@type":"ImageObject","inLanguage":"fr-FR","@id":"https:\/\/www.qnde.ca\/fr\/produit\/uvg3\/#primaryimage","url":"https:\/\/www.qnde.ca\/wp-content\/uploads\/2016\/01\/uvg3.jpg","contentUrl":"https:\/\/www.qnde.ca\/wp-content\/uploads\/2016\/01\/uvg3.jpg","width":401,"height":349},{"@type":"BreadcrumbList","@id":"https:\/\/www.qnde.ca\/fr\/produit\/uvg3\/#breadcrumb","itemListElement":[{"@type":"ListItem","position":1,"name":"Accueil","item":"https:\/\/www.qnde.ca\/fr\/"},{"@type":"ListItem","position":2,"name":"Produits","item":"https:\/\/www.qnde.ca\/fr\/produits\/"},{"@type":"ListItem","position":3,"name":"Lampes UV","item":"https:\/\/www.qnde.ca\/fr\/product-category\/lampes-uv\/"},{"@type":"ListItem","position":4,"name":"Labino Lampe de Poche UVG3"}]},{"@type":"WebSite","@id":"https:\/\/www.qnde.ca\/#website","url":"https:\/\/www.qnde.ca\/","name":"Qualit\u00e9 NDE","description":"\u00c9quipements d&#039;essais non destructifs ","publisher":{"@id":"https:\/\/www.qnde.ca\/#organization"},"potentialAction":[{"@type":"SearchAction","target":{"@type":"EntryPoint","urlTemplate":"https:\/\/www.qnde.ca\/?s={search_term_string}"},"query-input":{"@type":"PropertyValueSpecification","valueRequired":true,"valueName":"search_term_string"}}],"inLanguage":"fr-FR"},{"@type":"Organization","@id":"https:\/\/www.qnde.ca\/#organization","name":"Quality NDT Ltd.","url":"https:\/\/www.qnde.ca\/","logo":{"@type":"ImageObject","inLanguage":"fr-FR","@id":"https:\/\/www.qnde.ca\/#\/schema\/logo\/image\/","url":"https:\/\/www.qnde.ca\/wp-content\/uploads\/2022\/02\/QNDE_logo_RGB-gif.gif","contentUrl":"https:\/\/www.qnde.ca\/wp-content\/uploads\/2022\/02\/QNDE_logo_RGB-gif.gif","width":250,"height":64,"caption":"Quality NDT Ltd."},"image":{"@id":"https:\/\/www.qnde.ca\/#\/schema\/logo\/image\/"},"sameAs":["https:\/\/www.linkedin.com\/company\/qnde\/about\/?viewAsMember=true"]}]}},"jetpack_sharing_enabled":true,"_links":{"self":[{"href":"https:\/\/www.qnde.ca\/fr\/wp-json\/wp\/v2\/product\/4357","targetHints":{"allow":["GET"]}}],"collection":[{"href":"https:\/\/www.qnde.ca\/fr\/wp-json\/wp\/v2\/product"}],"about":[{"href":"https:\/\/www.qnde.ca\/fr\/wp-json\/wp\/v2\/types\/product"}],"wp:featuredmedia":[{"embeddable":true,"href":"https:\/\/www.qnde.ca\/fr\/wp-json\/wp\/v2\/media\/8341"}],"wp:attachment":[{"href":"https:\/\/www.qnde.ca\/fr\/wp-json\/wp\/v2\/media?parent=4357"}],"wp:term":[{"taxonomy":"product_brand","embeddable":true,"href":"https:\/\/www.qnde.ca\/fr\/wp-json\/wp\/v2\/product_brand?post=4357"},{"taxonomy":"product_cat","embeddable":true,"href":"https:\/\/www.qnde.ca\/fr\/wp-json\/wp\/v2\/product_cat?post=4357"},{"taxonomy":"product_tag","embeddable":true,"href":"https:\/\/www.qnde.ca\/fr\/wp-json\/wp\/v2\/product_tag?post=4357"}],"curies":[{"name":"wp","href":"https:\/\/api.w.org\/{rel}","templated":true}]}}