{"id":43549,"date":"2025-07-24T13:23:58","date_gmt":"2025-07-24T17:19:45","guid":{"rendered":"https:\/\/www.qnde.ca\/?post_type=product&#038;p=43549"},"modified":"2025-08-19T13:34:40","modified_gmt":"2025-08-19T17:34:40","slug":"plaques-imagerie-durr","status":"publish","type":"product","link":"https:\/\/www.qnde.ca\/fr\/produit\/plaques-imagerie-durr\/","title":{"rendered":"Plaques d\u2019imagerie DURR"},"content":{"rendered":"<h5>Plaques d\u2019imagerie DURR<\/h5>\n<p>Plaques d\u2019imagerie au phosphore, d\u00e9tecteurs \u00e0 rayons X enti\u00e8rement flexibles et extr\u00eamement polyvalentes. R\u00e9utilisables jusqu\u2019\u00e0 1000 fois. Disponibles en diff\u00e9rentes r\u00e9solutions et formats, jusqu\u2019\u00e0 35 cm (14&Prime;) de largeur et une longueur pratiquement illimit\u00e9e. Garantie de 1 an.<\/p>\n<p>Types \/ Applications :<br \/>\n\u2022 UH (bleu) \u2013 30 \u00b5m<br \/>\n\u2022 XHD (bleu) \u2013 40 \u00b5m<br \/>\n\u2022 HD (blanc) \u2013 40 \u00b5m<br \/>\n\u2022 HCR (blanc) \u2013 63 \u00b5m<br \/>\n\u2022 CR \/ GCR (blanc) \u2013 100 \u00b5m<\/p>\n<p>Contactez-nous pour une d\u00e9monstration, discuter de votre application, de vos besoins, des options disponibles ou pour recevoir un devis.<\/p>\n","protected":false},"excerpt":{"rendered":"<p>Plaques d\u2019imagerie DURR Plaques d\u2019imagerie au phosphore, d\u00e9tecteurs \u00e0 rayons X enti\u00e8rement flexibles et extr\u00eamement polyvalentes. R\u00e9utilisables jusqu\u2019\u00e0 1000 fois. Disponibles en diff\u00e9rentes r\u00e9solutions et formats, jusqu\u2019\u00e0 35 cm (14&Prime;) de largeur et une longueur pratiquement illimit\u00e9e. Garantie de 1 an. Types \/ Applications : \u2022 UH (bleu) \u2013 30 \u00b5m \u2022 XHD (bleu) \u2013 [&hellip;]<\/p>\n","protected":false},"featured_media":43517,"template":"","meta":{"_monsterinsights_skip_tracking":false,"_monsterinsights_sitenote_active":false,"_monsterinsights_sitenote_note":"","_monsterinsights_sitenote_category":0},"product_brand":[],"product_cat":[590,402,138,141],"product_tag":[546,440,498,542,544,437,497,475,515,545,540,543],"class_list":{"0":"post-43549","1":"product","2":"type-product","3":"status-publish","4":"has-post-thumbnail","6":"product_cat-durr-fr","7":"product_cat-autres-marques","8":"product_cat-radiographie","9":"product_cat-radiologie-numerique-cr","10":"product_tag-computed-radiography-fr","11":"product_tag-cr-fr","12":"product_tag-durr-fr","13":"product_tag-imaging-plates","14":"product_tag-ip","15":"product_tag-ndt-fr","16":"product_tag-qnde-fr","17":"product_tag-quality-control-fr","18":"product_tag-resolution-fr","19":"product_tag-reusable","20":"product_tag-test-fr","21":"product_tag-x-ray","23":"first","24":"instock","25":"shipping-taxable","26":"product-type-simple"},"yoast_head":"<!-- This site is optimized with the Yoast SEO plugin v23.9 - https:\/\/yoast.com\/wordpress\/plugins\/seo\/ -->\n<title>Plaques d\u2019imagerie DURR &#060; Qualit\u00e9 NDE<\/title>\n<meta name=\"description\" content=\"Plaques d\u2019imagerie DURR flexibles, r\u00e9utilisables jusqu\u2019\u00e0 1000 fois, disponibles en plusieurs formats\/r\u00e9solutions jusqu\u2019\u00e0 35\u202fcm de largeur. Garantie 1 an.\" \/>\n<meta name=\"robots\" content=\"index, follow, max-snippet:-1, max-image-preview:large, max-video-preview:-1\" \/>\n<link rel=\"canonical\" href=\"https:\/\/www.qnde.ca\/fr\/produit\/plaques-imagerie-durr\/\" \/>\n<meta name=\"twitter:label1\" content=\"Dur\u00e9e de lecture estim\u00e9e\" \/>\n\t<meta name=\"twitter:data1\" content=\"1 minute\" \/>\n<script type=\"application\/ld+json\" class=\"yoast-schema-graph\">{\"@context\":\"https:\/\/schema.org\",\"@graph\":[{\"@type\":[\"WebPage\",\"ItemPage\"],\"@id\":\"https:\/\/www.qnde.ca\/fr\/produit\/plaques-imagerie-durr\/\",\"url\":\"https:\/\/www.qnde.ca\/fr\/produit\/plaques-imagerie-durr\/\",\"name\":\"Plaques d\u2019imagerie DURR &#060; Qualit\u00e9 NDE\",\"isPartOf\":{\"@id\":\"https:\/\/www.qnde.ca\/#website\"},\"primaryImageOfPage\":{\"@id\":\"https:\/\/www.qnde.ca\/fr\/produit\/plaques-imagerie-durr\/#primaryimage\"},\"image\":{\"@id\":\"https:\/\/www.qnde.ca\/fr\/produit\/plaques-imagerie-durr\/#primaryimage\"},\"thumbnailUrl\":\"https:\/\/www.qnde.ca\/wp-content\/uploads\/2025\/07\/Imaging_Plates-1.jpg\",\"datePublished\":\"2025-07-24T17:19:45+00:00\",\"dateModified\":\"2025-08-19T17:34:40+00:00\",\"description\":\"Plaques d\u2019imagerie DURR flexibles, r\u00e9utilisables jusqu\u2019\u00e0 1000 fois, disponibles en plusieurs formats\/r\u00e9solutions jusqu\u2019\u00e0 35\u202fcm de largeur. Garantie 1 an.\",\"breadcrumb\":{\"@id\":\"https:\/\/www.qnde.ca\/fr\/produit\/plaques-imagerie-durr\/#breadcrumb\"},\"inLanguage\":\"fr-FR\",\"potentialAction\":[{\"@type\":\"ReadAction\",\"target\":[\"https:\/\/www.qnde.ca\/fr\/produit\/plaques-imagerie-durr\/\"]}]},{\"@type\":\"ImageObject\",\"inLanguage\":\"fr-FR\",\"@id\":\"https:\/\/www.qnde.ca\/fr\/produit\/plaques-imagerie-durr\/#primaryimage\",\"url\":\"https:\/\/www.qnde.ca\/wp-content\/uploads\/2025\/07\/Imaging_Plates-1.jpg\",\"contentUrl\":\"https:\/\/www.qnde.ca\/wp-content\/uploads\/2025\/07\/Imaging_Plates-1.jpg\",\"width\":1344,\"height\":912,\"caption\":\"Plaques d'imagerie D\u00fcrr en diff\u00e9rents formats.\"},{\"@type\":\"BreadcrumbList\",\"@id\":\"https:\/\/www.qnde.ca\/fr\/produit\/plaques-imagerie-durr\/#breadcrumb\",\"itemListElement\":[{\"@type\":\"ListItem\",\"position\":1,\"name\":\"Accueil\",\"item\":\"https:\/\/www.qnde.ca\/fr\/\"},{\"@type\":\"ListItem\",\"position\":2,\"name\":\"Produits\",\"item\":\"https:\/\/www.qnde.ca\/fr\/produits\/\"},{\"@type\":\"ListItem\",\"position\":3,\"name\":\"Marques\",\"item\":\"https:\/\/www.qnde.ca\/fr\/product-category\/marques\/\"},{\"@type\":\"ListItem\",\"position\":4,\"name\":\"Durr\",\"item\":\"https:\/\/www.qnde.ca\/fr\/product-category\/marques\/durr-fr\/\"},{\"@type\":\"ListItem\",\"position\":5,\"name\":\"Plaques d\u2019imagerie DURR\"}]},{\"@type\":\"WebSite\",\"@id\":\"https:\/\/www.qnde.ca\/#website\",\"url\":\"https:\/\/www.qnde.ca\/\",\"name\":\"Qualit\u00e9 NDE\",\"description\":\"\u00c9quipements d&#039;essais non destructifs \",\"publisher\":{\"@id\":\"https:\/\/www.qnde.ca\/#organization\"},\"potentialAction\":[{\"@type\":\"SearchAction\",\"target\":{\"@type\":\"EntryPoint\",\"urlTemplate\":\"https:\/\/www.qnde.ca\/?s={search_term_string}\"},\"query-input\":{\"@type\":\"PropertyValueSpecification\",\"valueRequired\":true,\"valueName\":\"search_term_string\"}}],\"inLanguage\":\"fr-FR\"},{\"@type\":\"Organization\",\"@id\":\"https:\/\/www.qnde.ca\/#organization\",\"name\":\"Quality NDT Ltd.\",\"url\":\"https:\/\/www.qnde.ca\/\",\"logo\":{\"@type\":\"ImageObject\",\"inLanguage\":\"fr-FR\",\"@id\":\"https:\/\/www.qnde.ca\/#\/schema\/logo\/image\/\",\"url\":\"https:\/\/www.qnde.ca\/wp-content\/uploads\/2022\/02\/QNDE_logo_RGB-gif.gif\",\"contentUrl\":\"https:\/\/www.qnde.ca\/wp-content\/uploads\/2022\/02\/QNDE_logo_RGB-gif.gif\",\"width\":250,\"height\":64,\"caption\":\"Quality NDT Ltd.\"},\"image\":{\"@id\":\"https:\/\/www.qnde.ca\/#\/schema\/logo\/image\/\"},\"sameAs\":[\"https:\/\/www.linkedin.com\/company\/qnde\/about\/?viewAsMember=true\"]}]}<\/script>\n<!-- \/ Yoast SEO plugin. -->","yoast_head_json":{"title":"Plaques d\u2019imagerie DURR &#060; Qualit\u00e9 NDE","description":"Plaques d\u2019imagerie DURR flexibles, r\u00e9utilisables jusqu\u2019\u00e0 1000 fois, disponibles en plusieurs formats\/r\u00e9solutions jusqu\u2019\u00e0 35\u202fcm de largeur. Garantie 1 an.","robots":{"index":"index","follow":"follow","max-snippet":"max-snippet:-1","max-image-preview":"max-image-preview:large","max-video-preview":"max-video-preview:-1"},"canonical":"https:\/\/www.qnde.ca\/fr\/produit\/plaques-imagerie-durr\/","twitter_misc":{"Dur\u00e9e de lecture estim\u00e9e":"1 minute"},"schema":{"@context":"https:\/\/schema.org","@graph":[{"@type":["WebPage","ItemPage"],"@id":"https:\/\/www.qnde.ca\/fr\/produit\/plaques-imagerie-durr\/","url":"https:\/\/www.qnde.ca\/fr\/produit\/plaques-imagerie-durr\/","name":"Plaques d\u2019imagerie DURR &#060; Qualit\u00e9 NDE","isPartOf":{"@id":"https:\/\/www.qnde.ca\/#website"},"primaryImageOfPage":{"@id":"https:\/\/www.qnde.ca\/fr\/produit\/plaques-imagerie-durr\/#primaryimage"},"image":{"@id":"https:\/\/www.qnde.ca\/fr\/produit\/plaques-imagerie-durr\/#primaryimage"},"thumbnailUrl":"https:\/\/www.qnde.ca\/wp-content\/uploads\/2025\/07\/Imaging_Plates-1.jpg","datePublished":"2025-07-24T17:19:45+00:00","dateModified":"2025-08-19T17:34:40+00:00","description":"Plaques d\u2019imagerie DURR flexibles, r\u00e9utilisables jusqu\u2019\u00e0 1000 fois, disponibles en plusieurs formats\/r\u00e9solutions jusqu\u2019\u00e0 35\u202fcm de largeur. Garantie 1 an.","breadcrumb":{"@id":"https:\/\/www.qnde.ca\/fr\/produit\/plaques-imagerie-durr\/#breadcrumb"},"inLanguage":"fr-FR","potentialAction":[{"@type":"ReadAction","target":["https:\/\/www.qnde.ca\/fr\/produit\/plaques-imagerie-durr\/"]}]},{"@type":"ImageObject","inLanguage":"fr-FR","@id":"https:\/\/www.qnde.ca\/fr\/produit\/plaques-imagerie-durr\/#primaryimage","url":"https:\/\/www.qnde.ca\/wp-content\/uploads\/2025\/07\/Imaging_Plates-1.jpg","contentUrl":"https:\/\/www.qnde.ca\/wp-content\/uploads\/2025\/07\/Imaging_Plates-1.jpg","width":1344,"height":912,"caption":"Plaques d'imagerie D\u00fcrr en diff\u00e9rents formats."},{"@type":"BreadcrumbList","@id":"https:\/\/www.qnde.ca\/fr\/produit\/plaques-imagerie-durr\/#breadcrumb","itemListElement":[{"@type":"ListItem","position":1,"name":"Accueil","item":"https:\/\/www.qnde.ca\/fr\/"},{"@type":"ListItem","position":2,"name":"Produits","item":"https:\/\/www.qnde.ca\/fr\/produits\/"},{"@type":"ListItem","position":3,"name":"Marques","item":"https:\/\/www.qnde.ca\/fr\/product-category\/marques\/"},{"@type":"ListItem","position":4,"name":"Durr","item":"https:\/\/www.qnde.ca\/fr\/product-category\/marques\/durr-fr\/"},{"@type":"ListItem","position":5,"name":"Plaques d\u2019imagerie DURR"}]},{"@type":"WebSite","@id":"https:\/\/www.qnde.ca\/#website","url":"https:\/\/www.qnde.ca\/","name":"Qualit\u00e9 NDE","description":"\u00c9quipements d&#039;essais non destructifs ","publisher":{"@id":"https:\/\/www.qnde.ca\/#organization"},"potentialAction":[{"@type":"SearchAction","target":{"@type":"EntryPoint","urlTemplate":"https:\/\/www.qnde.ca\/?s={search_term_string}"},"query-input":{"@type":"PropertyValueSpecification","valueRequired":true,"valueName":"search_term_string"}}],"inLanguage":"fr-FR"},{"@type":"Organization","@id":"https:\/\/www.qnde.ca\/#organization","name":"Quality NDT Ltd.","url":"https:\/\/www.qnde.ca\/","logo":{"@type":"ImageObject","inLanguage":"fr-FR","@id":"https:\/\/www.qnde.ca\/#\/schema\/logo\/image\/","url":"https:\/\/www.qnde.ca\/wp-content\/uploads\/2022\/02\/QNDE_logo_RGB-gif.gif","contentUrl":"https:\/\/www.qnde.ca\/wp-content\/uploads\/2022\/02\/QNDE_logo_RGB-gif.gif","width":250,"height":64,"caption":"Quality NDT Ltd."},"image":{"@id":"https:\/\/www.qnde.ca\/#\/schema\/logo\/image\/"},"sameAs":["https:\/\/www.linkedin.com\/company\/qnde\/about\/?viewAsMember=true"]}]}},"jetpack_sharing_enabled":true,"_links":{"self":[{"href":"https:\/\/www.qnde.ca\/fr\/wp-json\/wp\/v2\/product\/43549","targetHints":{"allow":["GET"]}}],"collection":[{"href":"https:\/\/www.qnde.ca\/fr\/wp-json\/wp\/v2\/product"}],"about":[{"href":"https:\/\/www.qnde.ca\/fr\/wp-json\/wp\/v2\/types\/product"}],"wp:featuredmedia":[{"embeddable":true,"href":"https:\/\/www.qnde.ca\/fr\/wp-json\/wp\/v2\/media\/43517"}],"wp:attachment":[{"href":"https:\/\/www.qnde.ca\/fr\/wp-json\/wp\/v2\/media?parent=43549"}],"wp:term":[{"taxonomy":"product_brand","embeddable":true,"href":"https:\/\/www.qnde.ca\/fr\/wp-json\/wp\/v2\/product_brand?post=43549"},{"taxonomy":"product_cat","embeddable":true,"href":"https:\/\/www.qnde.ca\/fr\/wp-json\/wp\/v2\/product_cat?post=43549"},{"taxonomy":"product_tag","embeddable":true,"href":"https:\/\/www.qnde.ca\/fr\/wp-json\/wp\/v2\/product_tag?post=43549"}],"curies":[{"name":"wp","href":"https:\/\/api.w.org\/{rel}","templated":true}]}}