{"id":43499,"date":"2025-07-24T10:36:49","date_gmt":"2025-07-24T14:39:46","guid":{"rendered":"https:\/\/www.qnde.ca\/?post_type=product&#038;p=43499"},"modified":"2025-08-19T13:37:21","modified_gmt":"2025-08-19T17:37:21","slug":"durr-cr-phantom-specimen-essai","status":"publish","type":"product","link":"https:\/\/www.qnde.ca\/fr\/produit\/durr-cr-phantom-specimen-essai\/","title":{"rendered":"DURR, CR Phantom : Sp\u00e9cimen d\u2019essai pour les syst\u00e8mes de radiographie num\u00e9rique (CR)"},"content":{"rendered":"<h5>DURR \u2013 CR Phantom : Sp\u00e9cimen d\u2019essai pour les syst\u00e8mes de radiographie num\u00e9rique (CR)<\/h5>\n<p>Sp\u00e9cimen d\u2019essai utilis\u00e9e pour \u00e9valuer la r\u00e9solution spatiale de base, le contraste, la fonction de transfert de modulation (MTF), le jitter du faisceau laser, le glissement du scanner et l\u2019ombrage du scanner. Ce test doit \u00eatre r\u00e9alis\u00e9 r\u00e9guli\u00e8rement afin de garantir le bon fonctionnement et la pr\u00e9cision du syst\u00e8me. Il n\u2019est pas n\u00e9cessaire de faire pivoter le sp\u00e9cimen test pour obtenir les donn\u00e9es du second axe. Garantie de 1 an.<\/p>\n<p>Le kit comprend :<br \/>\n\u2022 Phantom CR ultra-compact : 200 x 275 x 15 mm (7,9 x 10,8 x 0,59 pouces)<br \/>\n\u2022 Rapports d\u2019essai conformes aux normes ISO 16371-1 et ASTM E 2445<br \/>\n\u2022 D\u00e9claration de conformit\u00e9 selon la norme EN 45014<br \/>\n\u2022 valise de transport en bois<\/p>\n<p>La proc\u00e9dure de test et le logiciel D-Tect Viewer sont disponibles s\u00e9par\u00e9ment, gratuitement.<\/p>\n<p>Contactez-nous pour une d\u00e9monstration, discuter de votre application, de vos besoins, des options disponibles ou pour recevoir un devis.<\/p>\n","protected":false},"excerpt":{"rendered":"<p>DURR \u2013 CR Phantom : Sp\u00e9cimen d\u2019essai pour les syst\u00e8mes de radiographie num\u00e9rique (CR) Sp\u00e9cimen d\u2019essai utilis\u00e9e pour \u00e9valuer la r\u00e9solution spatiale de base, le contraste, la fonction de transfert de modulation (MTF), le jitter du faisceau laser, le glissement du scanner et l\u2019ombrage du scanner. Ce test doit \u00eatre r\u00e9alis\u00e9 r\u00e9guli\u00e8rement afin de garantir [&hellip;]<\/p>\n","protected":false},"featured_media":43490,"template":"","meta":{"_monsterinsights_skip_tracking":false,"_monsterinsights_sitenote_active":false,"_monsterinsights_sitenote_note":"","_monsterinsights_sitenote_category":0},"product_brand":[],"product_cat":[590,138,141],"product_tag":[546,440,498,469,539,497,475,541,540],"class_list":{"0":"post-43499","1":"product","2":"type-product","3":"status-publish","4":"has-post-thumbnail","6":"product_cat-durr-fr","7":"product_cat-radiographie","8":"product_cat-radiologie-numerique-cr","9":"product_tag-computed-radiography-fr","10":"product_tag-cr-fr","11":"product_tag-durr-fr","12":"product_tag-ndt-fr-2","13":"product_tag-phantom-fr","14":"product_tag-qnde-fr","15":"product_tag-quality-control-fr","16":"product_tag-specimen-fr","17":"product_tag-test-fr","19":"first","20":"instock","21":"shipping-taxable","22":"product-type-simple"},"yoast_head":"<!-- This site is optimized with the Yoast SEO plugin v23.9 - https:\/\/yoast.com\/wordpress\/plugins\/seo\/ -->\n<title>DURR, CR Phantom : Sp\u00e9cimen d\u2019essai pour les syst\u00e8mes de radiographie num\u00e9rique (CR) &#060; Qualit\u00e9 NDE<\/title>\n<meta name=\"description\" content=\"CR Phantom DURR pour radiographie num\u00e9rique. Teste r\u00e9solution, contraste, MTF, etc. Livr\u00e9 avec rapports, mallette. Logiciel gratuit. D\u00e9mo &amp; devis.\" \/>\n<meta name=\"robots\" content=\"index, follow, max-snippet:-1, max-image-preview:large, max-video-preview:-1\" \/>\n<link rel=\"canonical\" href=\"https:\/\/www.qnde.ca\/fr\/produit\/durr-cr-phantom-specimen-essai\/\" \/>\n<meta name=\"twitter:label1\" content=\"Dur\u00e9e de lecture estim\u00e9e\" \/>\n\t<meta name=\"twitter:data1\" content=\"1 minute\" \/>\n<script type=\"application\/ld+json\" class=\"yoast-schema-graph\">{\"@context\":\"https:\/\/schema.org\",\"@graph\":[{\"@type\":[\"WebPage\",\"ItemPage\"],\"@id\":\"https:\/\/www.qnde.ca\/fr\/produit\/durr-cr-phantom-specimen-essai\/\",\"url\":\"https:\/\/www.qnde.ca\/fr\/produit\/durr-cr-phantom-specimen-essai\/\",\"name\":\"DURR, CR Phantom : Sp\u00e9cimen d\u2019essai pour les syst\u00e8mes de radiographie num\u00e9rique (CR) &#060; Qualit\u00e9 NDE\",\"isPartOf\":{\"@id\":\"https:\/\/www.qnde.ca\/#website\"},\"primaryImageOfPage\":{\"@id\":\"https:\/\/www.qnde.ca\/fr\/produit\/durr-cr-phantom-specimen-essai\/#primaryimage\"},\"image\":{\"@id\":\"https:\/\/www.qnde.ca\/fr\/produit\/durr-cr-phantom-specimen-essai\/#primaryimage\"},\"thumbnailUrl\":\"https:\/\/www.qnde.ca\/wp-content\/uploads\/2025\/07\/CR-Phantom.jpg\",\"datePublished\":\"2025-07-24T14:39:46+00:00\",\"dateModified\":\"2025-08-19T17:37:21+00:00\",\"description\":\"CR Phantom DURR pour radiographie num\u00e9rique. Teste r\u00e9solution, contraste, MTF, etc. Livr\u00e9 avec rapports, mallette. Logiciel gratuit. D\u00e9mo & devis.\",\"breadcrumb\":{\"@id\":\"https:\/\/www.qnde.ca\/fr\/produit\/durr-cr-phantom-specimen-essai\/#breadcrumb\"},\"inLanguage\":\"fr-FR\",\"potentialAction\":[{\"@type\":\"ReadAction\",\"target\":[\"https:\/\/www.qnde.ca\/fr\/produit\/durr-cr-phantom-specimen-essai\/\"]}]},{\"@type\":\"ImageObject\",\"inLanguage\":\"fr-FR\",\"@id\":\"https:\/\/www.qnde.ca\/fr\/produit\/durr-cr-phantom-specimen-essai\/#primaryimage\",\"url\":\"https:\/\/www.qnde.ca\/wp-content\/uploads\/2025\/07\/CR-Phantom.jpg\",\"contentUrl\":\"https:\/\/www.qnde.ca\/wp-content\/uploads\/2025\/07\/CR-Phantom.jpg\",\"width\":865,\"height\":865,\"caption\":\"CR Phantom test specimen overview\"},{\"@type\":\"BreadcrumbList\",\"@id\":\"https:\/\/www.qnde.ca\/fr\/produit\/durr-cr-phantom-specimen-essai\/#breadcrumb\",\"itemListElement\":[{\"@type\":\"ListItem\",\"position\":1,\"name\":\"Accueil\",\"item\":\"https:\/\/www.qnde.ca\/fr\/\"},{\"@type\":\"ListItem\",\"position\":2,\"name\":\"Produits\",\"item\":\"https:\/\/www.qnde.ca\/fr\/produits\/\"},{\"@type\":\"ListItem\",\"position\":3,\"name\":\"Marques\",\"item\":\"https:\/\/www.qnde.ca\/fr\/product-category\/marques\/\"},{\"@type\":\"ListItem\",\"position\":4,\"name\":\"Durr\",\"item\":\"https:\/\/www.qnde.ca\/fr\/product-category\/marques\/durr-fr\/\"},{\"@type\":\"ListItem\",\"position\":5,\"name\":\"DURR, CR Phantom : Sp\u00e9cimen d\u2019essai pour les syst\u00e8mes de radiographie num\u00e9rique (CR)\"}]},{\"@type\":\"WebSite\",\"@id\":\"https:\/\/www.qnde.ca\/#website\",\"url\":\"https:\/\/www.qnde.ca\/\",\"name\":\"Qualit\u00e9 NDE\",\"description\":\"\u00c9quipements d&#039;essais non destructifs \",\"publisher\":{\"@id\":\"https:\/\/www.qnde.ca\/#organization\"},\"potentialAction\":[{\"@type\":\"SearchAction\",\"target\":{\"@type\":\"EntryPoint\",\"urlTemplate\":\"https:\/\/www.qnde.ca\/?s={search_term_string}\"},\"query-input\":{\"@type\":\"PropertyValueSpecification\",\"valueRequired\":true,\"valueName\":\"search_term_string\"}}],\"inLanguage\":\"fr-FR\"},{\"@type\":\"Organization\",\"@id\":\"https:\/\/www.qnde.ca\/#organization\",\"name\":\"Quality NDT Ltd.\",\"url\":\"https:\/\/www.qnde.ca\/\",\"logo\":{\"@type\":\"ImageObject\",\"inLanguage\":\"fr-FR\",\"@id\":\"https:\/\/www.qnde.ca\/#\/schema\/logo\/image\/\",\"url\":\"https:\/\/www.qnde.ca\/wp-content\/uploads\/2022\/02\/QNDE_logo_RGB-gif.gif\",\"contentUrl\":\"https:\/\/www.qnde.ca\/wp-content\/uploads\/2022\/02\/QNDE_logo_RGB-gif.gif\",\"width\":250,\"height\":64,\"caption\":\"Quality NDT Ltd.\"},\"image\":{\"@id\":\"https:\/\/www.qnde.ca\/#\/schema\/logo\/image\/\"},\"sameAs\":[\"https:\/\/www.linkedin.com\/company\/qnde\/about\/?viewAsMember=true\"]}]}<\/script>\n<!-- \/ Yoast SEO plugin. -->","yoast_head_json":{"title":"DURR, CR Phantom : Sp\u00e9cimen d\u2019essai pour les syst\u00e8mes de radiographie num\u00e9rique (CR) &#060; Qualit\u00e9 NDE","description":"CR Phantom DURR pour radiographie num\u00e9rique. Teste r\u00e9solution, contraste, MTF, etc. Livr\u00e9 avec rapports, mallette. Logiciel gratuit. D\u00e9mo & devis.","robots":{"index":"index","follow":"follow","max-snippet":"max-snippet:-1","max-image-preview":"max-image-preview:large","max-video-preview":"max-video-preview:-1"},"canonical":"https:\/\/www.qnde.ca\/fr\/produit\/durr-cr-phantom-specimen-essai\/","twitter_misc":{"Dur\u00e9e de lecture estim\u00e9e":"1 minute"},"schema":{"@context":"https:\/\/schema.org","@graph":[{"@type":["WebPage","ItemPage"],"@id":"https:\/\/www.qnde.ca\/fr\/produit\/durr-cr-phantom-specimen-essai\/","url":"https:\/\/www.qnde.ca\/fr\/produit\/durr-cr-phantom-specimen-essai\/","name":"DURR, CR Phantom : Sp\u00e9cimen d\u2019essai pour les syst\u00e8mes de radiographie num\u00e9rique (CR) &#060; Qualit\u00e9 NDE","isPartOf":{"@id":"https:\/\/www.qnde.ca\/#website"},"primaryImageOfPage":{"@id":"https:\/\/www.qnde.ca\/fr\/produit\/durr-cr-phantom-specimen-essai\/#primaryimage"},"image":{"@id":"https:\/\/www.qnde.ca\/fr\/produit\/durr-cr-phantom-specimen-essai\/#primaryimage"},"thumbnailUrl":"https:\/\/www.qnde.ca\/wp-content\/uploads\/2025\/07\/CR-Phantom.jpg","datePublished":"2025-07-24T14:39:46+00:00","dateModified":"2025-08-19T17:37:21+00:00","description":"CR Phantom DURR pour radiographie num\u00e9rique. Teste r\u00e9solution, contraste, MTF, etc. Livr\u00e9 avec rapports, mallette. Logiciel gratuit. D\u00e9mo & devis.","breadcrumb":{"@id":"https:\/\/www.qnde.ca\/fr\/produit\/durr-cr-phantom-specimen-essai\/#breadcrumb"},"inLanguage":"fr-FR","potentialAction":[{"@type":"ReadAction","target":["https:\/\/www.qnde.ca\/fr\/produit\/durr-cr-phantom-specimen-essai\/"]}]},{"@type":"ImageObject","inLanguage":"fr-FR","@id":"https:\/\/www.qnde.ca\/fr\/produit\/durr-cr-phantom-specimen-essai\/#primaryimage","url":"https:\/\/www.qnde.ca\/wp-content\/uploads\/2025\/07\/CR-Phantom.jpg","contentUrl":"https:\/\/www.qnde.ca\/wp-content\/uploads\/2025\/07\/CR-Phantom.jpg","width":865,"height":865,"caption":"CR Phantom test specimen overview"},{"@type":"BreadcrumbList","@id":"https:\/\/www.qnde.ca\/fr\/produit\/durr-cr-phantom-specimen-essai\/#breadcrumb","itemListElement":[{"@type":"ListItem","position":1,"name":"Accueil","item":"https:\/\/www.qnde.ca\/fr\/"},{"@type":"ListItem","position":2,"name":"Produits","item":"https:\/\/www.qnde.ca\/fr\/produits\/"},{"@type":"ListItem","position":3,"name":"Marques","item":"https:\/\/www.qnde.ca\/fr\/product-category\/marques\/"},{"@type":"ListItem","position":4,"name":"Durr","item":"https:\/\/www.qnde.ca\/fr\/product-category\/marques\/durr-fr\/"},{"@type":"ListItem","position":5,"name":"DURR, CR Phantom : Sp\u00e9cimen d\u2019essai pour les syst\u00e8mes de radiographie num\u00e9rique (CR)"}]},{"@type":"WebSite","@id":"https:\/\/www.qnde.ca\/#website","url":"https:\/\/www.qnde.ca\/","name":"Qualit\u00e9 NDE","description":"\u00c9quipements d&#039;essais non destructifs ","publisher":{"@id":"https:\/\/www.qnde.ca\/#organization"},"potentialAction":[{"@type":"SearchAction","target":{"@type":"EntryPoint","urlTemplate":"https:\/\/www.qnde.ca\/?s={search_term_string}"},"query-input":{"@type":"PropertyValueSpecification","valueRequired":true,"valueName":"search_term_string"}}],"inLanguage":"fr-FR"},{"@type":"Organization","@id":"https:\/\/www.qnde.ca\/#organization","name":"Quality NDT Ltd.","url":"https:\/\/www.qnde.ca\/","logo":{"@type":"ImageObject","inLanguage":"fr-FR","@id":"https:\/\/www.qnde.ca\/#\/schema\/logo\/image\/","url":"https:\/\/www.qnde.ca\/wp-content\/uploads\/2022\/02\/QNDE_logo_RGB-gif.gif","contentUrl":"https:\/\/www.qnde.ca\/wp-content\/uploads\/2022\/02\/QNDE_logo_RGB-gif.gif","width":250,"height":64,"caption":"Quality NDT Ltd."},"image":{"@id":"https:\/\/www.qnde.ca\/#\/schema\/logo\/image\/"},"sameAs":["https:\/\/www.linkedin.com\/company\/qnde\/about\/?viewAsMember=true"]}]}},"jetpack_sharing_enabled":true,"_links":{"self":[{"href":"https:\/\/www.qnde.ca\/fr\/wp-json\/wp\/v2\/product\/43499","targetHints":{"allow":["GET"]}}],"collection":[{"href":"https:\/\/www.qnde.ca\/fr\/wp-json\/wp\/v2\/product"}],"about":[{"href":"https:\/\/www.qnde.ca\/fr\/wp-json\/wp\/v2\/types\/product"}],"wp:featuredmedia":[{"embeddable":true,"href":"https:\/\/www.qnde.ca\/fr\/wp-json\/wp\/v2\/media\/43490"}],"wp:attachment":[{"href":"https:\/\/www.qnde.ca\/fr\/wp-json\/wp\/v2\/media?parent=43499"}],"wp:term":[{"taxonomy":"product_brand","embeddable":true,"href":"https:\/\/www.qnde.ca\/fr\/wp-json\/wp\/v2\/product_brand?post=43499"},{"taxonomy":"product_cat","embeddable":true,"href":"https:\/\/www.qnde.ca\/fr\/wp-json\/wp\/v2\/product_cat?post=43499"},{"taxonomy":"product_tag","embeddable":true,"href":"https:\/\/www.qnde.ca\/fr\/wp-json\/wp\/v2\/product_tag?post=43499"}],"curies":[{"name":"wp","href":"https:\/\/api.w.org\/{rel}","templated":true}]}}