{"id":43323,"date":"2025-07-23T14:59:44","date_gmt":"2025-07-23T18:26:34","guid":{"rendered":"https:\/\/www.qnde.ca\/?post_type=product&#038;p=43323"},"modified":"2025-07-29T16:04:47","modified_gmt":"2025-07-29T20:04:47","slug":"durr-drc-2430he-panneau-radiographie-numerique","status":"publish","type":"product","link":"https:\/\/www.qnde.ca\/fr\/produit\/durr-drc-2430he-panneau-radiographie-numerique\/","title":{"rendered":"DURR, DRC 2430HE Panneau de Radiographie Num\u00e9rique"},"content":{"rendered":"<h5>DURR, DRC 2430HE Panneau de Radiographie Num\u00e9rique<\/h5>\n<p data-start=\"173\" data-end=\"478\">Panneau de radiographie num\u00e9rique\u00a0haute r\u00e9solution avec un pas de pixel de 76\u202f\u03bcm, con\u00e7u pour une utilisation avec des sources de rayons X et gamma jusqu\u2019\u00e0 450\u202fkV. 16 bits. D\u00e9velopp\u00e9 pour les applications \u00e0 haute \u00e9nergie. Con\u00e7u pour une utilisation mobile ou stationnaire. Indice de protection IP67.<\/p>\n<p>Le kit comprend :<\/p>\n<ul>\n<li data-start=\"513\" data-end=\"599\">Panneau DRC 2430HE avec Wi-Fi int\u00e9gr\u00e9 (port\u00e9e de 50\u202fm en champ libre \/ 150 pieds)<\/li>\n<li data-start=\"602\" data-end=\"620\">Poign\u00e9e int\u00e9gr\u00e9e<\/li>\n<li data-start=\"623\" data-end=\"651\">Deux batteries lithium-ion<\/li>\n<li data-start=\"654\" data-end=\"677\">Chargeur de batteries<\/li>\n<li data-start=\"680\" data-end=\"738\">Zone d\u2019imagerie active de 233\u202fmm \u00d7 291\u202fmm (9,2&Prime; \u00d7 11,5&Prime;)<\/li>\n<li data-start=\"741\" data-end=\"773\">Point d\u2019acc\u00e8s sans fil int\u00e9gr\u00e9<\/li>\n<li data-start=\"776\" data-end=\"823\">C\u00e2ble combin\u00e9 Ethernet + alimentation (5,5\u202fm)<\/li>\n<li data-start=\"826\" data-end=\"845\">Garantie de 2 ans<\/li>\n<\/ul>\n<p data-start=\"847\" data-end=\"903\">Ordinateur et logiciel D-TECT X vendus s\u00e9par\u00e9ment<\/p>\n<p data-start=\"910\" data-end=\"1059\">Contactez-nous pour une d\u00e9monstration ou pour discuter de votre application, de vos besoins, des options disponibles ou pour obtenir un devis.<\/p>\n","protected":false},"excerpt":{"rendered":"<p>DURR, DRC 2430HE Panneau de Radiographie Num\u00e9rique Panneau de radiographie num\u00e9rique\u00a0haute r\u00e9solution avec un pas de pixel de 76\u202f\u03bcm, con\u00e7u pour une utilisation avec des sources de rayons X et gamma jusqu\u2019\u00e0 450\u202fkV. 16 bits. D\u00e9velopp\u00e9 pour les applications \u00e0 haute \u00e9nergie. Con\u00e7u pour une utilisation mobile ou stationnaire. Indice de protection IP67. Le kit [&hellip;]<\/p>\n","protected":false},"featured_media":43318,"template":"","meta":{"_monsterinsights_skip_tracking":false,"_monsterinsights_sitenote_active":false,"_monsterinsights_sitenote_note":"","_monsterinsights_sitenote_category":0},"product_brand":[],"product_cat":[590,138,142],"product_tag":[488,489,499,498,496,495,437,494,490,524,523,525,497,475,491,492],"class_list":{"0":"post-43323","1":"product","2":"type-product","3":"status-publish","4":"has-post-thumbnail","6":"product_cat-durr-fr","7":"product_cat-radiographie","8":"product_cat-radiologie-numerique-dr","9":"product_tag-dda-fr","10":"product_tag-dr-fr","11":"product_tag-duerr-fr","12":"product_tag-durr-fr","13":"product_tag-image-gamma","14":"product_tag-image-xray","15":"product_tag-ndt-fr","16":"product_tag-panneau","17":"product_tag-panneau-dr","18":"product_tag-panneau-dr-de-radiographie-numerique","19":"product_tag-panneau-plat","20":"product_tag-panneau-portable","21":"product_tag-qnde-fr","22":"product_tag-quality-control-fr","23":"product_tag-radiographie-digitale","24":"product_tag-radiographie-direct","26":"first","27":"instock","28":"shipping-taxable","29":"product-type-simple"},"yoast_head":"<!-- This site is optimized with the Yoast SEO plugin v23.9 - https:\/\/yoast.com\/wordpress\/plugins\/seo\/ -->\n<title>DURR, DRC 2430HE Panneau de Radiographie Num\u00e9rique &#060; Qualit\u00e9 NDE<\/title>\n<meta name=\"description\" content=\"D\u00e9tecteur num\u00e9rique haute r\u00e9solution (76\u202f\u03bcm, 9,2\u00d711,5&quot;) pour rayons X\/gamma jusqu\u2019\u00e0 450\u202fkV. Portable, IP67, avec blindage, Ethernet et alimentation externe.\" \/>\n<meta name=\"robots\" content=\"index, follow, max-snippet:-1, max-image-preview:large, max-video-preview:-1\" \/>\n<link rel=\"canonical\" href=\"https:\/\/www.qnde.ca\/fr\/produit\/durr-drc-2430he-panneau-radiographie-numerique\/\" \/>\n<meta name=\"twitter:label1\" content=\"Dur\u00e9e de lecture estim\u00e9e\" \/>\n\t<meta name=\"twitter:data1\" content=\"1 minute\" \/>\n<script type=\"application\/ld+json\" class=\"yoast-schema-graph\">{\"@context\":\"https:\/\/schema.org\",\"@graph\":[{\"@type\":[\"WebPage\",\"ItemPage\"],\"@id\":\"https:\/\/www.qnde.ca\/fr\/produit\/durr-drc-2430he-panneau-radiographie-numerique\/\",\"url\":\"https:\/\/www.qnde.ca\/fr\/produit\/durr-drc-2430he-panneau-radiographie-numerique\/\",\"name\":\"DURR, DRC 2430HE Panneau de Radiographie Num\u00e9rique &#060; Qualit\u00e9 NDE\",\"isPartOf\":{\"@id\":\"https:\/\/www.qnde.ca\/#website\"},\"primaryImageOfPage\":{\"@id\":\"https:\/\/www.qnde.ca\/fr\/produit\/durr-drc-2430he-panneau-radiographie-numerique\/#primaryimage\"},\"image\":{\"@id\":\"https:\/\/www.qnde.ca\/fr\/produit\/durr-drc-2430he-panneau-radiographie-numerique\/#primaryimage\"},\"thumbnailUrl\":\"https:\/\/www.qnde.ca\/wp-content\/uploads\/2025\/07\/drc-2430he-ndt-01-1.png\",\"datePublished\":\"2025-07-23T18:26:34+00:00\",\"dateModified\":\"2025-07-29T20:04:47+00:00\",\"description\":\"D\u00e9tecteur num\u00e9rique haute r\u00e9solution (76\u202f\u03bcm, 9,2\u00d711,5\\\") pour rayons X\/gamma jusqu\u2019\u00e0 450\u202fkV. Portable, IP67, avec blindage, Ethernet et alimentation externe.\",\"breadcrumb\":{\"@id\":\"https:\/\/www.qnde.ca\/fr\/produit\/durr-drc-2430he-panneau-radiographie-numerique\/#breadcrumb\"},\"inLanguage\":\"fr-FR\",\"potentialAction\":[{\"@type\":\"ReadAction\",\"target\":[\"https:\/\/www.qnde.ca\/fr\/produit\/durr-drc-2430he-panneau-radiographie-numerique\/\"]}]},{\"@type\":\"ImageObject\",\"inLanguage\":\"fr-FR\",\"@id\":\"https:\/\/www.qnde.ca\/fr\/produit\/durr-drc-2430he-panneau-radiographie-numerique\/#primaryimage\",\"url\":\"https:\/\/www.qnde.ca\/wp-content\/uploads\/2025\/07\/drc-2430he-ndt-01-1.png\",\"contentUrl\":\"https:\/\/www.qnde.ca\/wp-content\/uploads\/2025\/07\/drc-2430he-ndt-01-1.png\",\"width\":2192,\"height\":2472,\"caption\":\"Panneau de radiographie num\u00e9rique DRC 2430 HE , DURR\"},{\"@type\":\"BreadcrumbList\",\"@id\":\"https:\/\/www.qnde.ca\/fr\/produit\/durr-drc-2430he-panneau-radiographie-numerique\/#breadcrumb\",\"itemListElement\":[{\"@type\":\"ListItem\",\"position\":1,\"name\":\"Accueil\",\"item\":\"https:\/\/www.qnde.ca\/fr\/\"},{\"@type\":\"ListItem\",\"position\":2,\"name\":\"Produits\",\"item\":\"https:\/\/www.qnde.ca\/fr\/produits\/\"},{\"@type\":\"ListItem\",\"position\":3,\"name\":\"Marques\",\"item\":\"https:\/\/www.qnde.ca\/fr\/product-category\/marques\/\"},{\"@type\":\"ListItem\",\"position\":4,\"name\":\"Durr\",\"item\":\"https:\/\/www.qnde.ca\/fr\/product-category\/marques\/durr-fr\/\"},{\"@type\":\"ListItem\",\"position\":5,\"name\":\"DURR, DRC 2430HE Panneau de Radiographie Num\u00e9rique\"}]},{\"@type\":\"WebSite\",\"@id\":\"https:\/\/www.qnde.ca\/#website\",\"url\":\"https:\/\/www.qnde.ca\/\",\"name\":\"Qualit\u00e9 NDE\",\"description\":\"\u00c9quipements d&#039;essais non destructifs \",\"publisher\":{\"@id\":\"https:\/\/www.qnde.ca\/#organization\"},\"potentialAction\":[{\"@type\":\"SearchAction\",\"target\":{\"@type\":\"EntryPoint\",\"urlTemplate\":\"https:\/\/www.qnde.ca\/?s={search_term_string}\"},\"query-input\":{\"@type\":\"PropertyValueSpecification\",\"valueRequired\":true,\"valueName\":\"search_term_string\"}}],\"inLanguage\":\"fr-FR\"},{\"@type\":\"Organization\",\"@id\":\"https:\/\/www.qnde.ca\/#organization\",\"name\":\"Quality NDT Ltd.\",\"url\":\"https:\/\/www.qnde.ca\/\",\"logo\":{\"@type\":\"ImageObject\",\"inLanguage\":\"fr-FR\",\"@id\":\"https:\/\/www.qnde.ca\/#\/schema\/logo\/image\/\",\"url\":\"https:\/\/www.qnde.ca\/wp-content\/uploads\/2022\/02\/QNDE_logo_RGB-gif.gif\",\"contentUrl\":\"https:\/\/www.qnde.ca\/wp-content\/uploads\/2022\/02\/QNDE_logo_RGB-gif.gif\",\"width\":250,\"height\":64,\"caption\":\"Quality NDT Ltd.\"},\"image\":{\"@id\":\"https:\/\/www.qnde.ca\/#\/schema\/logo\/image\/\"},\"sameAs\":[\"https:\/\/www.linkedin.com\/company\/qnde\/about\/?viewAsMember=true\"]}]}<\/script>\n<!-- \/ Yoast SEO plugin. -->","yoast_head_json":{"title":"DURR, DRC 2430HE Panneau de Radiographie Num\u00e9rique &#060; Qualit\u00e9 NDE","description":"D\u00e9tecteur num\u00e9rique haute r\u00e9solution (76\u202f\u03bcm, 9,2\u00d711,5\") pour rayons X\/gamma jusqu\u2019\u00e0 450\u202fkV. Portable, IP67, avec blindage, Ethernet et alimentation externe.","robots":{"index":"index","follow":"follow","max-snippet":"max-snippet:-1","max-image-preview":"max-image-preview:large","max-video-preview":"max-video-preview:-1"},"canonical":"https:\/\/www.qnde.ca\/fr\/produit\/durr-drc-2430he-panneau-radiographie-numerique\/","twitter_misc":{"Dur\u00e9e de lecture estim\u00e9e":"1 minute"},"schema":{"@context":"https:\/\/schema.org","@graph":[{"@type":["WebPage","ItemPage"],"@id":"https:\/\/www.qnde.ca\/fr\/produit\/durr-drc-2430he-panneau-radiographie-numerique\/","url":"https:\/\/www.qnde.ca\/fr\/produit\/durr-drc-2430he-panneau-radiographie-numerique\/","name":"DURR, DRC 2430HE Panneau de Radiographie Num\u00e9rique &#060; Qualit\u00e9 NDE","isPartOf":{"@id":"https:\/\/www.qnde.ca\/#website"},"primaryImageOfPage":{"@id":"https:\/\/www.qnde.ca\/fr\/produit\/durr-drc-2430he-panneau-radiographie-numerique\/#primaryimage"},"image":{"@id":"https:\/\/www.qnde.ca\/fr\/produit\/durr-drc-2430he-panneau-radiographie-numerique\/#primaryimage"},"thumbnailUrl":"https:\/\/www.qnde.ca\/wp-content\/uploads\/2025\/07\/drc-2430he-ndt-01-1.png","datePublished":"2025-07-23T18:26:34+00:00","dateModified":"2025-07-29T20:04:47+00:00","description":"D\u00e9tecteur num\u00e9rique haute r\u00e9solution (76\u202f\u03bcm, 9,2\u00d711,5\") pour rayons X\/gamma jusqu\u2019\u00e0 450\u202fkV. Portable, IP67, avec blindage, Ethernet et alimentation externe.","breadcrumb":{"@id":"https:\/\/www.qnde.ca\/fr\/produit\/durr-drc-2430he-panneau-radiographie-numerique\/#breadcrumb"},"inLanguage":"fr-FR","potentialAction":[{"@type":"ReadAction","target":["https:\/\/www.qnde.ca\/fr\/produit\/durr-drc-2430he-panneau-radiographie-numerique\/"]}]},{"@type":"ImageObject","inLanguage":"fr-FR","@id":"https:\/\/www.qnde.ca\/fr\/produit\/durr-drc-2430he-panneau-radiographie-numerique\/#primaryimage","url":"https:\/\/www.qnde.ca\/wp-content\/uploads\/2025\/07\/drc-2430he-ndt-01-1.png","contentUrl":"https:\/\/www.qnde.ca\/wp-content\/uploads\/2025\/07\/drc-2430he-ndt-01-1.png","width":2192,"height":2472,"caption":"Panneau de radiographie num\u00e9rique DRC 2430 HE , DURR"},{"@type":"BreadcrumbList","@id":"https:\/\/www.qnde.ca\/fr\/produit\/durr-drc-2430he-panneau-radiographie-numerique\/#breadcrumb","itemListElement":[{"@type":"ListItem","position":1,"name":"Accueil","item":"https:\/\/www.qnde.ca\/fr\/"},{"@type":"ListItem","position":2,"name":"Produits","item":"https:\/\/www.qnde.ca\/fr\/produits\/"},{"@type":"ListItem","position":3,"name":"Marques","item":"https:\/\/www.qnde.ca\/fr\/product-category\/marques\/"},{"@type":"ListItem","position":4,"name":"Durr","item":"https:\/\/www.qnde.ca\/fr\/product-category\/marques\/durr-fr\/"},{"@type":"ListItem","position":5,"name":"DURR, DRC 2430HE Panneau de Radiographie Num\u00e9rique"}]},{"@type":"WebSite","@id":"https:\/\/www.qnde.ca\/#website","url":"https:\/\/www.qnde.ca\/","name":"Qualit\u00e9 NDE","description":"\u00c9quipements d&#039;essais non destructifs ","publisher":{"@id":"https:\/\/www.qnde.ca\/#organization"},"potentialAction":[{"@type":"SearchAction","target":{"@type":"EntryPoint","urlTemplate":"https:\/\/www.qnde.ca\/?s={search_term_string}"},"query-input":{"@type":"PropertyValueSpecification","valueRequired":true,"valueName":"search_term_string"}}],"inLanguage":"fr-FR"},{"@type":"Organization","@id":"https:\/\/www.qnde.ca\/#organization","name":"Quality NDT Ltd.","url":"https:\/\/www.qnde.ca\/","logo":{"@type":"ImageObject","inLanguage":"fr-FR","@id":"https:\/\/www.qnde.ca\/#\/schema\/logo\/image\/","url":"https:\/\/www.qnde.ca\/wp-content\/uploads\/2022\/02\/QNDE_logo_RGB-gif.gif","contentUrl":"https:\/\/www.qnde.ca\/wp-content\/uploads\/2022\/02\/QNDE_logo_RGB-gif.gif","width":250,"height":64,"caption":"Quality NDT Ltd."},"image":{"@id":"https:\/\/www.qnde.ca\/#\/schema\/logo\/image\/"},"sameAs":["https:\/\/www.linkedin.com\/company\/qnde\/about\/?viewAsMember=true"]}]}},"jetpack_sharing_enabled":true,"_links":{"self":[{"href":"https:\/\/www.qnde.ca\/fr\/wp-json\/wp\/v2\/product\/43323","targetHints":{"allow":["GET"]}}],"collection":[{"href":"https:\/\/www.qnde.ca\/fr\/wp-json\/wp\/v2\/product"}],"about":[{"href":"https:\/\/www.qnde.ca\/fr\/wp-json\/wp\/v2\/types\/product"}],"wp:featuredmedia":[{"embeddable":true,"href":"https:\/\/www.qnde.ca\/fr\/wp-json\/wp\/v2\/media\/43318"}],"wp:attachment":[{"href":"https:\/\/www.qnde.ca\/fr\/wp-json\/wp\/v2\/media?parent=43323"}],"wp:term":[{"taxonomy":"product_brand","embeddable":true,"href":"https:\/\/www.qnde.ca\/fr\/wp-json\/wp\/v2\/product_brand?post=43323"},{"taxonomy":"product_cat","embeddable":true,"href":"https:\/\/www.qnde.ca\/fr\/wp-json\/wp\/v2\/product_cat?post=43323"},{"taxonomy":"product_tag","embeddable":true,"href":"https:\/\/www.qnde.ca\/fr\/wp-json\/wp\/v2\/product_tag?post=43323"}],"curies":[{"name":"wp","href":"https:\/\/api.w.org\/{rel}","templated":true}]}}