{"id":43311,"date":"2025-07-23T11:09:33","date_gmt":"2025-07-23T15:15:54","guid":{"rendered":"https:\/\/www.qnde.ca\/?post_type=product&#038;p=43311"},"modified":"2025-07-28T15:42:31","modified_gmt":"2025-07-28T19:42:31","slug":"durr-dr-3643-panneau-radiographie-numerique","status":"publish","type":"product","link":"https:\/\/www.qnde.ca\/fr\/produit\/durr-dr-3643-panneau-radiographie-numerique\/","title":{"rendered":"DURR D-DR 3643 Panneau DR de Radiographie Num\u00e9rique"},"content":{"rendered":"<p>DURR D-DR 3643 Panneau DR de Radiographie Num\u00e9rique<\/p>\n<p data-start=\"128\" data-end=\"427\">Grand panneau DR de radiographie num\u00e9rique haute r\u00e9solution avec une taille de pixel de 99\u202f\u03bcm. Con\u00e7u pour une utilisation avec des sources de rayons X et gamma jusqu\u2019\u00e0 450\u202fkV. Id\u00e9al pour les images de profil. 16 bits. Con\u00e7u pour une utilisation mobile ou stationnaire. IP67.<\/p>\n<p>Le kit comprend :<\/p>\n<ul>\n<li data-start=\"462\" data-end=\"548\">Panneau DDA D-DR 3643 avec Wi-Fi int\u00e9gr\u00e9 (port\u00e9e de 50\u202fm en champ libre \u2013 150 pieds)<\/li>\n<li data-start=\"551\" data-end=\"581\">Quatre batteries lithium-ion<\/li>\n<li data-start=\"584\" data-end=\"597\">Capteur TFT<\/li>\n<li data-start=\"600\" data-end=\"623\">Chargeur de batteries<\/li>\n<li data-start=\"626\" data-end=\"681\">Surface d\u2019imagerie de 351 mm x 427 mm (13,8&Prime; x 16,8&Prime;)<\/li>\n<li data-start=\"684\" data-end=\"707\">C\u00e2ble Ethernet de 7\u202fm<\/li>\n<li data-start=\"710\" data-end=\"729\">Garantie de 2 ans<\/li>\n<\/ul>\n<p>Ordinateur et logiciel D-TECT X vendus s\u00e9par\u00e9ment<\/p>\n<p>Contactez-nous pour une d\u00e9monstration ou pour discuter de votre application, de vos besoins, des options disponibles et\/ou recevoir un devis.<\/p>\n<p>&nbsp;<\/p>\n<p>Produits disponibles:<\/p>\n<p data-start=\"760\" data-end=\"806\">D-DR 3643<strong>: <\/strong>Panneau de radiographie num\u00e9rique haute r\u00e9solution DURR 17\u2033<\/p>\n<p data-start=\"876\" data-end=\"915\">D-DR 2329<strong>: <\/strong>Panneau de radiographie num\u00e9rique haute r\u00e9solution DURR 12\u2033<\/p>\n<p data-start=\"918\" data-end=\"957\">D-DR 1024: Panneau de radiographie num\u00e9rique haute r\u00e9solution DURR 10\u2033<\/p>\n<p>D-TECT X: Logiciel DURR D-TECT X : acquisition, visualisation, analyse, g\u00e9n\u00e9ration de rapports et gestion des images.<\/p>\n","protected":false},"excerpt":{"rendered":"<p>DURR D-DR 3643 Panneau DR de Radiographie Num\u00e9rique Grand panneau DR de radiographie num\u00e9rique haute r\u00e9solution avec une taille de pixel de 99\u202f\u03bcm. Con\u00e7u pour une utilisation avec des sources de rayons X et gamma jusqu\u2019\u00e0 450\u202fkV. Id\u00e9al pour les images de profil. 16 bits. Con\u00e7u pour une utilisation mobile ou stationnaire. IP67. Le kit [&hellip;]<\/p>\n","protected":false},"featured_media":43306,"template":"","meta":{"_monsterinsights_skip_tracking":false,"_monsterinsights_sitenote_active":false,"_monsterinsights_sitenote_note":"","_monsterinsights_sitenote_category":0},"product_brand":[],"product_cat":[590,138,142],"product_tag":[488,489,499,498,496,495,437,529,494,490,524,523,525,530,497,475,491,492,531],"class_list":{"0":"post-43311","1":"product","2":"type-product","3":"status-publish","4":"has-post-thumbnail","6":"product_cat-durr-fr","7":"product_cat-radiographie","8":"product_cat-radiologie-numerique-dr","9":"product_tag-dda-fr","10":"product_tag-dr-fr","11":"product_tag-duerr-fr","12":"product_tag-durr-fr","13":"product_tag-image-gamma","14":"product_tag-image-xray","15":"product_tag-ndt-fr","16":"product_tag-objets-large","17":"product_tag-panneau","18":"product_tag-panneau-dr","19":"product_tag-panneau-dr-de-radiographie-numerique","20":"product_tag-panneau-plat","21":"product_tag-panneau-portable","22":"product_tag-profiles-images-fr","23":"product_tag-qnde-fr","24":"product_tag-quality-control-fr","25":"product_tag-radiographie-digitale","26":"product_tag-radiographie-direct","27":"product_tag-radiographie-industrielle","29":"first","30":"instock","31":"shipping-taxable","32":"product-type-simple"},"yoast_head":"<!-- This site is optimized with the Yoast SEO plugin v23.9 - https:\/\/yoast.com\/wordpress\/plugins\/seo\/ -->\n<title>DURR D-DR 3643 Panneau DR de Radiographie Num\u00e9rique &#060; Qualit\u00e9 NDE<\/title>\n<meta name=\"description\" content=\"DURR D-DR 3643: Panneau radiographie num\u00e9rique (99\u202f\u03bcm, 16 bits) pour rayons X\/gamma jusqu\u2019\u00e0 450\u202fkV. IP67, Wi-Fi, zone d\u2019imagerie 351\u00d7427\u202fmm. Garantie 2 ans.\" \/>\n<meta name=\"robots\" content=\"index, follow, max-snippet:-1, max-image-preview:large, max-video-preview:-1\" \/>\n<link rel=\"canonical\" href=\"https:\/\/www.qnde.ca\/fr\/produit\/durr-dr-3643-panneau-radiographie-numerique\/\" \/>\n<meta name=\"twitter:label1\" content=\"Dur\u00e9e de lecture estim\u00e9e\" \/>\n\t<meta name=\"twitter:data1\" content=\"1 minute\" \/>\n<script type=\"application\/ld+json\" class=\"yoast-schema-graph\">{\"@context\":\"https:\/\/schema.org\",\"@graph\":[{\"@type\":[\"WebPage\",\"ItemPage\"],\"@id\":\"https:\/\/www.qnde.ca\/fr\/produit\/durr-dr-3643-panneau-radiographie-numerique\/\",\"url\":\"https:\/\/www.qnde.ca\/fr\/produit\/durr-dr-3643-panneau-radiographie-numerique\/\",\"name\":\"DURR D-DR 3643 Panneau DR de Radiographie Num\u00e9rique &#060; Qualit\u00e9 NDE\",\"isPartOf\":{\"@id\":\"https:\/\/www.qnde.ca\/#website\"},\"primaryImageOfPage\":{\"@id\":\"https:\/\/www.qnde.ca\/fr\/produit\/durr-dr-3643-panneau-radiographie-numerique\/#primaryimage\"},\"image\":{\"@id\":\"https:\/\/www.qnde.ca\/fr\/produit\/durr-dr-3643-panneau-radiographie-numerique\/#primaryimage\"},\"thumbnailUrl\":\"https:\/\/www.qnde.ca\/wp-content\/uploads\/2025\/07\/d-dr-3643-ndt-front-02-quad.png\",\"datePublished\":\"2025-07-23T15:15:54+00:00\",\"dateModified\":\"2025-07-28T19:42:31+00:00\",\"description\":\"DURR D-DR 3643: Panneau radiographie num\u00e9rique (99\u202f\u03bcm, 16 bits) pour rayons X\/gamma jusqu\u2019\u00e0 450\u202fkV. IP67, Wi-Fi, zone d\u2019imagerie 351\u00d7427\u202fmm. Garantie 2 ans.\",\"breadcrumb\":{\"@id\":\"https:\/\/www.qnde.ca\/fr\/produit\/durr-dr-3643-panneau-radiographie-numerique\/#breadcrumb\"},\"inLanguage\":\"fr-FR\",\"potentialAction\":[{\"@type\":\"ReadAction\",\"target\":[\"https:\/\/www.qnde.ca\/fr\/produit\/durr-dr-3643-panneau-radiographie-numerique\/\"]}]},{\"@type\":\"ImageObject\",\"inLanguage\":\"fr-FR\",\"@id\":\"https:\/\/www.qnde.ca\/fr\/produit\/durr-dr-3643-panneau-radiographie-numerique\/#primaryimage\",\"url\":\"https:\/\/www.qnde.ca\/wp-content\/uploads\/2025\/07\/d-dr-3643-ndt-front-02-quad.png\",\"contentUrl\":\"https:\/\/www.qnde.ca\/wp-content\/uploads\/2025\/07\/d-dr-3643-ndt-front-02-quad.png\",\"width\":2000,\"height\":2000,\"caption\":\"Aper\u00e7u du panneau radiographie num\u00e9rique portable industriel D-DR 3643\"},{\"@type\":\"BreadcrumbList\",\"@id\":\"https:\/\/www.qnde.ca\/fr\/produit\/durr-dr-3643-panneau-radiographie-numerique\/#breadcrumb\",\"itemListElement\":[{\"@type\":\"ListItem\",\"position\":1,\"name\":\"Accueil\",\"item\":\"https:\/\/www.qnde.ca\/fr\/\"},{\"@type\":\"ListItem\",\"position\":2,\"name\":\"Produits\",\"item\":\"https:\/\/www.qnde.ca\/fr\/produits\/\"},{\"@type\":\"ListItem\",\"position\":3,\"name\":\"Radiography\",\"item\":\"https:\/\/www.qnde.ca\/product-category\/radiography\/\"},{\"@type\":\"ListItem\",\"position\":4,\"name\":\"DURR D-DR 3643 Panneau DR de Radiographie Num\u00e9rique\"}]},{\"@type\":\"WebSite\",\"@id\":\"https:\/\/www.qnde.ca\/#website\",\"url\":\"https:\/\/www.qnde.ca\/\",\"name\":\"Qualit\u00e9 NDE\",\"description\":\"\u00c9quipements d&#039;essais non destructifs \",\"publisher\":{\"@id\":\"https:\/\/www.qnde.ca\/#organization\"},\"potentialAction\":[{\"@type\":\"SearchAction\",\"target\":{\"@type\":\"EntryPoint\",\"urlTemplate\":\"https:\/\/www.qnde.ca\/?s={search_term_string}\"},\"query-input\":{\"@type\":\"PropertyValueSpecification\",\"valueRequired\":true,\"valueName\":\"search_term_string\"}}],\"inLanguage\":\"fr-FR\"},{\"@type\":\"Organization\",\"@id\":\"https:\/\/www.qnde.ca\/#organization\",\"name\":\"Quality NDT Ltd.\",\"url\":\"https:\/\/www.qnde.ca\/\",\"logo\":{\"@type\":\"ImageObject\",\"inLanguage\":\"fr-FR\",\"@id\":\"https:\/\/www.qnde.ca\/#\/schema\/logo\/image\/\",\"url\":\"https:\/\/www.qnde.ca\/wp-content\/uploads\/2022\/02\/QNDE_logo_RGB-gif.gif\",\"contentUrl\":\"https:\/\/www.qnde.ca\/wp-content\/uploads\/2022\/02\/QNDE_logo_RGB-gif.gif\",\"width\":250,\"height\":64,\"caption\":\"Quality NDT Ltd.\"},\"image\":{\"@id\":\"https:\/\/www.qnde.ca\/#\/schema\/logo\/image\/\"},\"sameAs\":[\"https:\/\/www.linkedin.com\/company\/qnde\/about\/?viewAsMember=true\"]}]}<\/script>\n<!-- \/ Yoast SEO plugin. -->","yoast_head_json":{"title":"DURR D-DR 3643 Panneau DR de Radiographie Num\u00e9rique &#060; Qualit\u00e9 NDE","description":"DURR D-DR 3643: Panneau radiographie num\u00e9rique (99\u202f\u03bcm, 16 bits) pour rayons X\/gamma jusqu\u2019\u00e0 450\u202fkV. IP67, Wi-Fi, zone d\u2019imagerie 351\u00d7427\u202fmm. Garantie 2 ans.","robots":{"index":"index","follow":"follow","max-snippet":"max-snippet:-1","max-image-preview":"max-image-preview:large","max-video-preview":"max-video-preview:-1"},"canonical":"https:\/\/www.qnde.ca\/fr\/produit\/durr-dr-3643-panneau-radiographie-numerique\/","twitter_misc":{"Dur\u00e9e de lecture estim\u00e9e":"1 minute"},"schema":{"@context":"https:\/\/schema.org","@graph":[{"@type":["WebPage","ItemPage"],"@id":"https:\/\/www.qnde.ca\/fr\/produit\/durr-dr-3643-panneau-radiographie-numerique\/","url":"https:\/\/www.qnde.ca\/fr\/produit\/durr-dr-3643-panneau-radiographie-numerique\/","name":"DURR D-DR 3643 Panneau DR de Radiographie Num\u00e9rique &#060; Qualit\u00e9 NDE","isPartOf":{"@id":"https:\/\/www.qnde.ca\/#website"},"primaryImageOfPage":{"@id":"https:\/\/www.qnde.ca\/fr\/produit\/durr-dr-3643-panneau-radiographie-numerique\/#primaryimage"},"image":{"@id":"https:\/\/www.qnde.ca\/fr\/produit\/durr-dr-3643-panneau-radiographie-numerique\/#primaryimage"},"thumbnailUrl":"https:\/\/www.qnde.ca\/wp-content\/uploads\/2025\/07\/d-dr-3643-ndt-front-02-quad.png","datePublished":"2025-07-23T15:15:54+00:00","dateModified":"2025-07-28T19:42:31+00:00","description":"DURR D-DR 3643: Panneau radiographie num\u00e9rique (99\u202f\u03bcm, 16 bits) pour rayons X\/gamma jusqu\u2019\u00e0 450\u202fkV. IP67, Wi-Fi, zone d\u2019imagerie 351\u00d7427\u202fmm. Garantie 2 ans.","breadcrumb":{"@id":"https:\/\/www.qnde.ca\/fr\/produit\/durr-dr-3643-panneau-radiographie-numerique\/#breadcrumb"},"inLanguage":"fr-FR","potentialAction":[{"@type":"ReadAction","target":["https:\/\/www.qnde.ca\/fr\/produit\/durr-dr-3643-panneau-radiographie-numerique\/"]}]},{"@type":"ImageObject","inLanguage":"fr-FR","@id":"https:\/\/www.qnde.ca\/fr\/produit\/durr-dr-3643-panneau-radiographie-numerique\/#primaryimage","url":"https:\/\/www.qnde.ca\/wp-content\/uploads\/2025\/07\/d-dr-3643-ndt-front-02-quad.png","contentUrl":"https:\/\/www.qnde.ca\/wp-content\/uploads\/2025\/07\/d-dr-3643-ndt-front-02-quad.png","width":2000,"height":2000,"caption":"Aper\u00e7u du panneau radiographie num\u00e9rique portable industriel D-DR 3643"},{"@type":"BreadcrumbList","@id":"https:\/\/www.qnde.ca\/fr\/produit\/durr-dr-3643-panneau-radiographie-numerique\/#breadcrumb","itemListElement":[{"@type":"ListItem","position":1,"name":"Accueil","item":"https:\/\/www.qnde.ca\/fr\/"},{"@type":"ListItem","position":2,"name":"Produits","item":"https:\/\/www.qnde.ca\/fr\/produits\/"},{"@type":"ListItem","position":3,"name":"Radiography","item":"https:\/\/www.qnde.ca\/product-category\/radiography\/"},{"@type":"ListItem","position":4,"name":"DURR D-DR 3643 Panneau DR de Radiographie Num\u00e9rique"}]},{"@type":"WebSite","@id":"https:\/\/www.qnde.ca\/#website","url":"https:\/\/www.qnde.ca\/","name":"Qualit\u00e9 NDE","description":"\u00c9quipements d&#039;essais non destructifs ","publisher":{"@id":"https:\/\/www.qnde.ca\/#organization"},"potentialAction":[{"@type":"SearchAction","target":{"@type":"EntryPoint","urlTemplate":"https:\/\/www.qnde.ca\/?s={search_term_string}"},"query-input":{"@type":"PropertyValueSpecification","valueRequired":true,"valueName":"search_term_string"}}],"inLanguage":"fr-FR"},{"@type":"Organization","@id":"https:\/\/www.qnde.ca\/#organization","name":"Quality NDT Ltd.","url":"https:\/\/www.qnde.ca\/","logo":{"@type":"ImageObject","inLanguage":"fr-FR","@id":"https:\/\/www.qnde.ca\/#\/schema\/logo\/image\/","url":"https:\/\/www.qnde.ca\/wp-content\/uploads\/2022\/02\/QNDE_logo_RGB-gif.gif","contentUrl":"https:\/\/www.qnde.ca\/wp-content\/uploads\/2022\/02\/QNDE_logo_RGB-gif.gif","width":250,"height":64,"caption":"Quality NDT Ltd."},"image":{"@id":"https:\/\/www.qnde.ca\/#\/schema\/logo\/image\/"},"sameAs":["https:\/\/www.linkedin.com\/company\/qnde\/about\/?viewAsMember=true"]}]}},"jetpack_sharing_enabled":true,"_links":{"self":[{"href":"https:\/\/www.qnde.ca\/fr\/wp-json\/wp\/v2\/product\/43311","targetHints":{"allow":["GET"]}}],"collection":[{"href":"https:\/\/www.qnde.ca\/fr\/wp-json\/wp\/v2\/product"}],"about":[{"href":"https:\/\/www.qnde.ca\/fr\/wp-json\/wp\/v2\/types\/product"}],"wp:featuredmedia":[{"embeddable":true,"href":"https:\/\/www.qnde.ca\/fr\/wp-json\/wp\/v2\/media\/43306"}],"wp:attachment":[{"href":"https:\/\/www.qnde.ca\/fr\/wp-json\/wp\/v2\/media?parent=43311"}],"wp:term":[{"taxonomy":"product_brand","embeddable":true,"href":"https:\/\/www.qnde.ca\/fr\/wp-json\/wp\/v2\/product_brand?post=43311"},{"taxonomy":"product_cat","embeddable":true,"href":"https:\/\/www.qnde.ca\/fr\/wp-json\/wp\/v2\/product_cat?post=43311"},{"taxonomy":"product_tag","embeddable":true,"href":"https:\/\/www.qnde.ca\/fr\/wp-json\/wp\/v2\/product_tag?post=43311"}],"curies":[{"name":"wp","href":"https:\/\/api.w.org\/{rel}","templated":true}]}}