{"id":43270,"date":"2025-07-22T10:08:56","date_gmt":"2025-07-22T14:13:50","guid":{"rendered":"https:\/\/www.qnde.ca\/?post_type=product&#038;p=43270"},"modified":"2026-01-29T10:21:00","modified_gmt":"2026-01-29T15:21:00","slug":"moniteur-videoscope-ishot-imaging-sondes-e","status":"publish","type":"product","link":"https:\/\/www.qnde.ca\/fr\/produit\/moniteur-videoscope-ishot-imaging-sondes-e\/","title":{"rendered":"Moniteur de videoscope iShot imaging pour sondes E"},"content":{"rendered":"<p>Moniteur de Videoscope iShot Imaging pour sondes E<\/p>\n<p>Vid\u00e9oscope num\u00e9rique industriel avec \u00e9cran 4\u201d permettant la restitution d\u2019image \u00e0 l\u2019\u00e9chelle 1:1 pour une visibilit\u00e9 naturelle et pr\u00e9cise. Il offre une autonomie de 8 \u00e0 9 heures et comprend un port de chargement USB-C, ainsi que des sorties vid\u00e9o USB-C et HDMI. Compatible avec les sondes articul\u00e9es, non articul\u00e9es et rotatives iShot\u00ae Model E. Garantie de 1 an.<\/p>\n<p data-start=\"530\" data-end=\"659\">Contactez-nous pour discuter de votre application, de vos besoins, des options disponibles et\/ou pour recevoir un devis.<\/p>\n<ul>\n<li>iShotmodE : Vid\u00e9oscope num\u00e9rique iShot Imaging pour sondes Model E<\/li>\n<li data-start=\"779\" data-end=\"882\">iShotMON : Vid\u00e9oscope num\u00e9rique iShot Imaging pour sondes VX, avec batterie int\u00e9gr\u00e9e et base magn\u00e9tique<\/li>\n<li data-start=\"779\" data-end=\"882\">iShotFOS : Outil de r\u00e9cup\u00e9ration Fosar iShot pour syst\u00e8me de vid\u00e9o-endoscopie<\/li>\n<\/ul>\n","protected":false},"excerpt":{"rendered":"<p>Moniteur de Videoscope iShot Imaging pour sondes E Vid\u00e9oscope num\u00e9rique industriel avec \u00e9cran 4\u201d permettant la restitution d\u2019image \u00e0 l\u2019\u00e9chelle 1:1 pour une visibilit\u00e9 naturelle et pr\u00e9cise. Il offre une autonomie de 8 \u00e0 9 heures et comprend un port de chargement USB-C, ainsi que des sorties vid\u00e9o USB-C et HDMI. Compatible avec les sondes [&hellip;]<\/p>\n","protected":false},"featured_media":43265,"template":"","meta":{"_monsterinsights_skip_tracking":false,"_monsterinsights_sitenote_active":false,"_monsterinsights_sitenote_note":"","_monsterinsights_sitenote_category":0},"product_brand":[],"product_cat":[742,152],"product_tag":[474,450,452,519,437,518,475,473,472,453,456,451],"class_list":{"0":"post-43270","1":"product","2":"type-product","3":"status-publish","4":"has-post-thumbnail","6":"product_cat-intertest-produits","7":"product_cat-videoscopes-fr","8":"product_tag-articulated-scope-fr","9":"product_tag-boroscope-fr","10":"product_tag-endoscope-fr","11":"product_tag-moniteur-boroscope","12":"product_tag-ndt-fr","13":"product_tag-probes-rotatives","14":"product_tag-quality-control-fr","15":"product_tag-remote-inspection-camera-fr","16":"product_tag-remote-visual-inspection-fr","17":"product_tag-rvi-fr","18":"product_tag-video-boroscope-fr","19":"product_tag-videoscope-fr","21":"first","22":"instock","23":"shipping-taxable","24":"product-type-simple"},"yoast_head":"<!-- This site is optimized with the Yoast SEO plugin v23.9 - https:\/\/yoast.com\/wordpress\/plugins\/seo\/ -->\n<title>Moniteur de videoscope iShot imaging pour sondes E &#060; Qualit\u00e9 NDE<\/title>\n<meta name=\"description\" content=\"Vid\u00e9oscope industriel iShot E avec \u00e9cran 4\u201d, sorties USB-C\/HDMI et autonomie de 8 \u00e0 9 heures. Compatible avec les sondes Model E. Garantie de 1 an.\" \/>\n<meta name=\"robots\" content=\"index, follow, max-snippet:-1, max-image-preview:large, max-video-preview:-1\" \/>\n<link rel=\"canonical\" href=\"https:\/\/www.qnde.ca\/fr\/produit\/moniteur-videoscope-ishot-imaging-sondes-e\/\" \/>\n<meta name=\"twitter:label1\" content=\"Dur\u00e9e de lecture estim\u00e9e\" \/>\n\t<meta name=\"twitter:data1\" content=\"1 minute\" \/>\n<script type=\"application\/ld+json\" class=\"yoast-schema-graph\">{\"@context\":\"https:\/\/schema.org\",\"@graph\":[{\"@type\":[\"WebPage\",\"ItemPage\"],\"@id\":\"https:\/\/www.qnde.ca\/fr\/produit\/moniteur-videoscope-ishot-imaging-sondes-e\/\",\"url\":\"https:\/\/www.qnde.ca\/fr\/produit\/moniteur-videoscope-ishot-imaging-sondes-e\/\",\"name\":\"Moniteur de videoscope iShot imaging pour sondes E &#060; Qualit\u00e9 NDE\",\"isPartOf\":{\"@id\":\"https:\/\/www.qnde.ca\/#website\"},\"primaryImageOfPage\":{\"@id\":\"https:\/\/www.qnde.ca\/fr\/produit\/moniteur-videoscope-ishot-imaging-sondes-e\/#primaryimage\"},\"image\":{\"@id\":\"https:\/\/www.qnde.ca\/fr\/produit\/moniteur-videoscope-ishot-imaging-sondes-e\/#primaryimage\"},\"thumbnailUrl\":\"https:\/\/www.qnde.ca\/wp-content\/uploads\/2025\/07\/iShot-Imaging-Model-E-non-articulating-borescope_02-1-scaled.jpg\",\"datePublished\":\"2025-07-22T14:13:50+00:00\",\"dateModified\":\"2026-01-29T15:21:00+00:00\",\"description\":\"Vid\u00e9oscope industriel iShot E avec \u00e9cran 4\u201d, sorties USB-C\/HDMI et autonomie de 8 \u00e0 9 heures. Compatible avec les sondes Model E. Garantie de 1 an.\",\"breadcrumb\":{\"@id\":\"https:\/\/www.qnde.ca\/fr\/produit\/moniteur-videoscope-ishot-imaging-sondes-e\/#breadcrumb\"},\"inLanguage\":\"fr-FR\",\"potentialAction\":[{\"@type\":\"ReadAction\",\"target\":[\"https:\/\/www.qnde.ca\/fr\/produit\/moniteur-videoscope-ishot-imaging-sondes-e\/\"]}]},{\"@type\":\"ImageObject\",\"inLanguage\":\"fr-FR\",\"@id\":\"https:\/\/www.qnde.ca\/fr\/produit\/moniteur-videoscope-ishot-imaging-sondes-e\/#primaryimage\",\"url\":\"https:\/\/www.qnde.ca\/wp-content\/uploads\/2025\/07\/iShot-Imaging-Model-E-non-articulating-borescope_02-1-scaled.jpg\",\"contentUrl\":\"https:\/\/www.qnde.ca\/wp-content\/uploads\/2025\/07\/iShot-Imaging-Model-E-non-articulating-borescope_02-1-scaled.jpg\",\"width\":1579,\"height\":2048,\"caption\":\"Vid\u00e9o boroscope iShot Model E\"},{\"@type\":\"BreadcrumbList\",\"@id\":\"https:\/\/www.qnde.ca\/fr\/produit\/moniteur-videoscope-ishot-imaging-sondes-e\/#breadcrumb\",\"itemListElement\":[{\"@type\":\"ListItem\",\"position\":1,\"name\":\"Accueil\",\"item\":\"https:\/\/www.qnde.ca\/fr\/\"},{\"@type\":\"ListItem\",\"position\":2,\"name\":\"Produits\",\"item\":\"https:\/\/www.qnde.ca\/fr\/produits\/\"},{\"@type\":\"ListItem\",\"position\":3,\"name\":\"Marques\",\"item\":\"https:\/\/www.qnde.ca\/fr\/product-category\/marques\/\"},{\"@type\":\"ListItem\",\"position\":4,\"name\":\"Intertest\",\"item\":\"https:\/\/www.qnde.ca\/fr\/product-category\/marques\/intertest-produits\/\"},{\"@type\":\"ListItem\",\"position\":5,\"name\":\"Moniteur de videoscope iShot imaging pour sondes E\"}]},{\"@type\":\"WebSite\",\"@id\":\"https:\/\/www.qnde.ca\/#website\",\"url\":\"https:\/\/www.qnde.ca\/\",\"name\":\"Qualit\u00e9 NDE\",\"description\":\"\u00c9quipements d&#039;essais non destructifs \",\"publisher\":{\"@id\":\"https:\/\/www.qnde.ca\/#organization\"},\"potentialAction\":[{\"@type\":\"SearchAction\",\"target\":{\"@type\":\"EntryPoint\",\"urlTemplate\":\"https:\/\/www.qnde.ca\/?s={search_term_string}\"},\"query-input\":{\"@type\":\"PropertyValueSpecification\",\"valueRequired\":true,\"valueName\":\"search_term_string\"}}],\"inLanguage\":\"fr-FR\"},{\"@type\":\"Organization\",\"@id\":\"https:\/\/www.qnde.ca\/#organization\",\"name\":\"Quality NDT Ltd.\",\"url\":\"https:\/\/www.qnde.ca\/\",\"logo\":{\"@type\":\"ImageObject\",\"inLanguage\":\"fr-FR\",\"@id\":\"https:\/\/www.qnde.ca\/#\/schema\/logo\/image\/\",\"url\":\"https:\/\/www.qnde.ca\/wp-content\/uploads\/2022\/02\/QNDE_logo_RGB-gif.gif\",\"contentUrl\":\"https:\/\/www.qnde.ca\/wp-content\/uploads\/2022\/02\/QNDE_logo_RGB-gif.gif\",\"width\":250,\"height\":64,\"caption\":\"Quality NDT Ltd.\"},\"image\":{\"@id\":\"https:\/\/www.qnde.ca\/#\/schema\/logo\/image\/\"},\"sameAs\":[\"https:\/\/www.linkedin.com\/company\/qnde\/about\/?viewAsMember=true\"]}]}<\/script>\n<!-- \/ Yoast SEO plugin. -->","yoast_head_json":{"title":"Moniteur de videoscope iShot imaging pour sondes E &#060; Qualit\u00e9 NDE","description":"Vid\u00e9oscope industriel iShot E avec \u00e9cran 4\u201d, sorties USB-C\/HDMI et autonomie de 8 \u00e0 9 heures. Compatible avec les sondes Model E. Garantie de 1 an.","robots":{"index":"index","follow":"follow","max-snippet":"max-snippet:-1","max-image-preview":"max-image-preview:large","max-video-preview":"max-video-preview:-1"},"canonical":"https:\/\/www.qnde.ca\/fr\/produit\/moniteur-videoscope-ishot-imaging-sondes-e\/","twitter_misc":{"Dur\u00e9e de lecture estim\u00e9e":"1 minute"},"schema":{"@context":"https:\/\/schema.org","@graph":[{"@type":["WebPage","ItemPage"],"@id":"https:\/\/www.qnde.ca\/fr\/produit\/moniteur-videoscope-ishot-imaging-sondes-e\/","url":"https:\/\/www.qnde.ca\/fr\/produit\/moniteur-videoscope-ishot-imaging-sondes-e\/","name":"Moniteur de videoscope iShot imaging pour sondes E &#060; Qualit\u00e9 NDE","isPartOf":{"@id":"https:\/\/www.qnde.ca\/#website"},"primaryImageOfPage":{"@id":"https:\/\/www.qnde.ca\/fr\/produit\/moniteur-videoscope-ishot-imaging-sondes-e\/#primaryimage"},"image":{"@id":"https:\/\/www.qnde.ca\/fr\/produit\/moniteur-videoscope-ishot-imaging-sondes-e\/#primaryimage"},"thumbnailUrl":"https:\/\/www.qnde.ca\/wp-content\/uploads\/2025\/07\/iShot-Imaging-Model-E-non-articulating-borescope_02-1-scaled.jpg","datePublished":"2025-07-22T14:13:50+00:00","dateModified":"2026-01-29T15:21:00+00:00","description":"Vid\u00e9oscope industriel iShot E avec \u00e9cran 4\u201d, sorties USB-C\/HDMI et autonomie de 8 \u00e0 9 heures. Compatible avec les sondes Model E. Garantie de 1 an.","breadcrumb":{"@id":"https:\/\/www.qnde.ca\/fr\/produit\/moniteur-videoscope-ishot-imaging-sondes-e\/#breadcrumb"},"inLanguage":"fr-FR","potentialAction":[{"@type":"ReadAction","target":["https:\/\/www.qnde.ca\/fr\/produit\/moniteur-videoscope-ishot-imaging-sondes-e\/"]}]},{"@type":"ImageObject","inLanguage":"fr-FR","@id":"https:\/\/www.qnde.ca\/fr\/produit\/moniteur-videoscope-ishot-imaging-sondes-e\/#primaryimage","url":"https:\/\/www.qnde.ca\/wp-content\/uploads\/2025\/07\/iShot-Imaging-Model-E-non-articulating-borescope_02-1-scaled.jpg","contentUrl":"https:\/\/www.qnde.ca\/wp-content\/uploads\/2025\/07\/iShot-Imaging-Model-E-non-articulating-borescope_02-1-scaled.jpg","width":1579,"height":2048,"caption":"Vid\u00e9o boroscope iShot Model E"},{"@type":"BreadcrumbList","@id":"https:\/\/www.qnde.ca\/fr\/produit\/moniteur-videoscope-ishot-imaging-sondes-e\/#breadcrumb","itemListElement":[{"@type":"ListItem","position":1,"name":"Accueil","item":"https:\/\/www.qnde.ca\/fr\/"},{"@type":"ListItem","position":2,"name":"Produits","item":"https:\/\/www.qnde.ca\/fr\/produits\/"},{"@type":"ListItem","position":3,"name":"Marques","item":"https:\/\/www.qnde.ca\/fr\/product-category\/marques\/"},{"@type":"ListItem","position":4,"name":"Intertest","item":"https:\/\/www.qnde.ca\/fr\/product-category\/marques\/intertest-produits\/"},{"@type":"ListItem","position":5,"name":"Moniteur de videoscope iShot imaging pour sondes E"}]},{"@type":"WebSite","@id":"https:\/\/www.qnde.ca\/#website","url":"https:\/\/www.qnde.ca\/","name":"Qualit\u00e9 NDE","description":"\u00c9quipements d&#039;essais non destructifs ","publisher":{"@id":"https:\/\/www.qnde.ca\/#organization"},"potentialAction":[{"@type":"SearchAction","target":{"@type":"EntryPoint","urlTemplate":"https:\/\/www.qnde.ca\/?s={search_term_string}"},"query-input":{"@type":"PropertyValueSpecification","valueRequired":true,"valueName":"search_term_string"}}],"inLanguage":"fr-FR"},{"@type":"Organization","@id":"https:\/\/www.qnde.ca\/#organization","name":"Quality NDT Ltd.","url":"https:\/\/www.qnde.ca\/","logo":{"@type":"ImageObject","inLanguage":"fr-FR","@id":"https:\/\/www.qnde.ca\/#\/schema\/logo\/image\/","url":"https:\/\/www.qnde.ca\/wp-content\/uploads\/2022\/02\/QNDE_logo_RGB-gif.gif","contentUrl":"https:\/\/www.qnde.ca\/wp-content\/uploads\/2022\/02\/QNDE_logo_RGB-gif.gif","width":250,"height":64,"caption":"Quality NDT Ltd."},"image":{"@id":"https:\/\/www.qnde.ca\/#\/schema\/logo\/image\/"},"sameAs":["https:\/\/www.linkedin.com\/company\/qnde\/about\/?viewAsMember=true"]}]}},"jetpack_sharing_enabled":true,"_links":{"self":[{"href":"https:\/\/www.qnde.ca\/fr\/wp-json\/wp\/v2\/product\/43270","targetHints":{"allow":["GET"]}}],"collection":[{"href":"https:\/\/www.qnde.ca\/fr\/wp-json\/wp\/v2\/product"}],"about":[{"href":"https:\/\/www.qnde.ca\/fr\/wp-json\/wp\/v2\/types\/product"}],"wp:featuredmedia":[{"embeddable":true,"href":"https:\/\/www.qnde.ca\/fr\/wp-json\/wp\/v2\/media\/43265"}],"wp:attachment":[{"href":"https:\/\/www.qnde.ca\/fr\/wp-json\/wp\/v2\/media?parent=43270"}],"wp:term":[{"taxonomy":"product_brand","embeddable":true,"href":"https:\/\/www.qnde.ca\/fr\/wp-json\/wp\/v2\/product_brand?post=43270"},{"taxonomy":"product_cat","embeddable":true,"href":"https:\/\/www.qnde.ca\/fr\/wp-json\/wp\/v2\/product_cat?post=43270"},{"taxonomy":"product_tag","embeddable":true,"href":"https:\/\/www.qnde.ca\/fr\/wp-json\/wp\/v2\/product_tag?post=43270"}],"curies":[{"name":"wp","href":"https:\/\/api.w.org\/{rel}","templated":true}]}}