{"id":43252,"date":"2025-07-21T11:49:51","date_gmt":"2025-07-23T20:22:54","guid":{"rendered":"https:\/\/www.qnde.ca\/?post_type=product&#038;p=43252"},"modified":"2025-08-19T13:47:03","modified_gmt":"2025-08-19T17:47:03","slug":"durr-detecteurs-dr-flexible-1025b-4-x-17","status":"publish","type":"product","link":"https:\/\/www.qnde.ca\/fr\/produit\/durr-detecteurs-dr-flexible-1025b-4-x-17\/","title":{"rendered":"DURR, D\u00e9tecteurs DR Flexibles 1043B 4\u2033 \u00d7 17\u2033"},"content":{"rendered":"<p>DURR, D\u00e9tecteurs DR Flexibles 1043B 4\u2033 \u00d7 17\u2033<\/p>\n<p>D\u00e9tecteur flexible, robuste et haute r\u00e9solution, avec un pas de pixel de 99\u202f\u03bcm, con\u00e7u pour l\u2019inspection des soudures circonf\u00e9rentielles ayant un diam\u00e8tre de 300\u202fmm (12\u201d) de diam\u00e8tre et plus.<br \/>\nExposition possible des deux c\u00f4t\u00e9s du d\u00e9tecteur, prot\u00e9g\u00e9 pour utilisation jusqu\u2019\u00e0 450 kv.IP67.<\/p>\n<p>Le kit comprend :<\/p>\n<ul>\n<li>Panneau DDA 1043B avec Wi-Fi int\u00e9gr\u00e9 (port\u00e9e de 50\u202fm en champ libre, soit 150\u202fpieds)<\/li>\n<li>ECU (Unit\u00e9 de connexion externe) avec c\u00e2ble de 3\u202fm<\/li>\n<li>Deux batteries lithium-ion<\/li>\n<li>Zone d\u2019imagerie : 97 \u00d7 427\u202fmm (3,82\u201d \u00d7 16,8\u201d)<\/li>\n<li>Chargeur de batterie avec alimentation 120\u202fV CA<\/li>\n<li>C\u00e2ble Ethernet (7\u202fm)<\/li>\n<li>Garantie de 2 ans<\/li>\n<\/ul>\n<p>Ordinateur et logiciel D-TECT X vendus s\u00e9par\u00e9ment<\/p>\n<p>Contactez-nous pour une d\u00e9monstration, pour discuter de votre application, de vos besoins, des options disponibles et\/ou pour obtenir un devis.<\/p>\n<p>Produits associ\u00e9s :<\/p>\n<ul>\n<li>1043B : DURR, D\u00e9tecteur DR flexible 1043B \u2013 17\u201d<\/li>\n<li>1025B : DURR, D\u00e9tecteur DR flexible 1025B \u2013 10\u201d<\/li>\n<li>D-TECTX : Logiciel DURR D-TECT X (acquisition, visualisation, analyse, rapport et gestion des images)<\/li>\n<\/ul>\n","protected":false},"excerpt":{"rendered":"<p>DURR, D\u00e9tecteurs DR Flexibles 1043B 4\u2033 \u00d7 17\u2033 D\u00e9tecteur flexible, robuste et haute r\u00e9solution, avec un pas de pixel de 99\u202f\u03bcm, con\u00e7u pour l\u2019inspection des soudures circonf\u00e9rentielles ayant un diam\u00e8tre de 300\u202fmm (12\u201d) de diam\u00e8tre et plus. Exposition possible des deux c\u00f4t\u00e9s du d\u00e9tecteur, prot\u00e9g\u00e9 pour utilisation jusqu\u2019\u00e0 450 kv.IP67. Le kit comprend : Panneau [&hellip;]<\/p>\n","protected":false},"featured_media":43249,"template":"","meta":{"_monsterinsights_skip_tracking":false,"_monsterinsights_sitenote_active":false,"_monsterinsights_sitenote_note":"","_monsterinsights_sitenote_category":0},"product_brand":[],"product_cat":[590,402,138,142],"product_tag":[488,489,499,498,496,495,437,494,490,493,497,475,491,492],"class_list":{"0":"post-43252","1":"product","2":"type-product","3":"status-publish","4":"has-post-thumbnail","6":"product_cat-durr-fr","7":"product_cat-autres-marques","8":"product_cat-radiographie","9":"product_cat-radiologie-numerique-dr","10":"product_tag-dda-fr","11":"product_tag-dr-fr","12":"product_tag-duerr-fr","13":"product_tag-durr-fr","14":"product_tag-image-gamma","15":"product_tag-image-xray","16":"product_tag-ndt-fr","17":"product_tag-panneau","18":"product_tag-panneau-dr","19":"product_tag-panneau-flexible","20":"product_tag-qnde-fr","21":"product_tag-quality-control-fr","22":"product_tag-radiographie-digitale","23":"product_tag-radiographie-direct","25":"first","26":"instock","27":"shipping-taxable","28":"product-type-simple"},"yoast_head":"<!-- This site is optimized with the Yoast SEO plugin v23.9 - https:\/\/yoast.com\/wordpress\/plugins\/seo\/ -->\n<title>DURR, D\u00e9tecteurs DR Flexibles 1043B 4\u2033 \u00d7 17\u2033 &#060; Qualit\u00e9 NDE<\/title>\n<meta name=\"description\" content=\"DURR 1043B : d\u00e9tecteur DR flexible 4\u2033\u00d717\u2033, 99\u202f\u03bcm, IP67, jusqu\u2019\u00e0 450\u202fkV. Id\u00e9al pour soudures \u2265300\u202fmm. Wi-Fi, batteries, ECU, zone active 97\u00d7427\u202fmm.\" \/>\n<meta name=\"robots\" content=\"index, follow, max-snippet:-1, max-image-preview:large, max-video-preview:-1\" \/>\n<link rel=\"canonical\" href=\"https:\/\/www.qnde.ca\/fr\/produit\/durr-detecteurs-dr-flexible-1025b-4-x-17\/\" \/>\n<meta name=\"twitter:label1\" content=\"Dur\u00e9e de lecture estim\u00e9e\" \/>\n\t<meta name=\"twitter:data1\" content=\"1 minute\" \/>\n<script type=\"application\/ld+json\" class=\"yoast-schema-graph\">{\"@context\":\"https:\/\/schema.org\",\"@graph\":[{\"@type\":[\"WebPage\",\"ItemPage\"],\"@id\":\"https:\/\/www.qnde.ca\/fr\/produit\/durr-detecteurs-dr-flexible-1025b-4-x-17\/\",\"url\":\"https:\/\/www.qnde.ca\/fr\/produit\/durr-detecteurs-dr-flexible-1025b-4-x-17\/\",\"name\":\"DURR, D\u00e9tecteurs DR Flexibles 1043B 4\u2033 \u00d7 17\u2033 &#060; Qualit\u00e9 NDE\",\"isPartOf\":{\"@id\":\"https:\/\/www.qnde.ca\/#website\"},\"primaryImageOfPage\":{\"@id\":\"https:\/\/www.qnde.ca\/fr\/produit\/durr-detecteurs-dr-flexible-1025b-4-x-17\/#primaryimage\"},\"image\":{\"@id\":\"https:\/\/www.qnde.ca\/fr\/produit\/durr-detecteurs-dr-flexible-1025b-4-x-17\/#primaryimage\"},\"thumbnailUrl\":\"https:\/\/www.qnde.ca\/wp-content\/uploads\/2025\/07\/d-dr-1043b-ndt-pipe-01-quad.png\",\"datePublished\":\"2025-07-23T20:22:54+00:00\",\"dateModified\":\"2025-08-19T17:47:03+00:00\",\"description\":\"DURR 1043B : d\u00e9tecteur DR flexible 4\u2033\u00d717\u2033, 99\u202f\u03bcm, IP67, jusqu\u2019\u00e0 450\u202fkV. Id\u00e9al pour soudures \u2265300\u202fmm. Wi-Fi, batteries, ECU, zone active 97\u00d7427\u202fmm.\",\"breadcrumb\":{\"@id\":\"https:\/\/www.qnde.ca\/fr\/produit\/durr-detecteurs-dr-flexible-1025b-4-x-17\/#breadcrumb\"},\"inLanguage\":\"fr-FR\",\"potentialAction\":[{\"@type\":\"ReadAction\",\"target\":[\"https:\/\/www.qnde.ca\/fr\/produit\/durr-detecteurs-dr-flexible-1025b-4-x-17\/\"]}]},{\"@type\":\"ImageObject\",\"inLanguage\":\"fr-FR\",\"@id\":\"https:\/\/www.qnde.ca\/fr\/produit\/durr-detecteurs-dr-flexible-1025b-4-x-17\/#primaryimage\",\"url\":\"https:\/\/www.qnde.ca\/wp-content\/uploads\/2025\/07\/d-dr-1043b-ndt-pipe-01-quad.png\",\"contentUrl\":\"https:\/\/www.qnde.ca\/wp-content\/uploads\/2025\/07\/d-dr-1043b-ndt-pipe-01-quad.png\",\"width\":2000,\"height\":2000,\"caption\":\"D\u00e9tecteur DR flexible D\u00dcRR \u2013 Tuyau de 12 pouces\"},{\"@type\":\"BreadcrumbList\",\"@id\":\"https:\/\/www.qnde.ca\/fr\/produit\/durr-detecteurs-dr-flexible-1025b-4-x-17\/#breadcrumb\",\"itemListElement\":[{\"@type\":\"ListItem\",\"position\":1,\"name\":\"Accueil\",\"item\":\"https:\/\/www.qnde.ca\/fr\/\"},{\"@type\":\"ListItem\",\"position\":2,\"name\":\"Produits\",\"item\":\"https:\/\/www.qnde.ca\/fr\/produits\/\"},{\"@type\":\"ListItem\",\"position\":3,\"name\":\"Marques\",\"item\":\"https:\/\/www.qnde.ca\/fr\/product-category\/marques\/\"},{\"@type\":\"ListItem\",\"position\":4,\"name\":\"Durr\",\"item\":\"https:\/\/www.qnde.ca\/fr\/product-category\/marques\/durr-fr\/\"},{\"@type\":\"ListItem\",\"position\":5,\"name\":\"DURR, D\u00e9tecteurs DR Flexibles 1043B 4\u2033 \u00d7 17\u2033\"}]},{\"@type\":\"WebSite\",\"@id\":\"https:\/\/www.qnde.ca\/#website\",\"url\":\"https:\/\/www.qnde.ca\/\",\"name\":\"Qualit\u00e9 NDE\",\"description\":\"\u00c9quipements d&#039;essais non destructifs \",\"publisher\":{\"@id\":\"https:\/\/www.qnde.ca\/#organization\"},\"potentialAction\":[{\"@type\":\"SearchAction\",\"target\":{\"@type\":\"EntryPoint\",\"urlTemplate\":\"https:\/\/www.qnde.ca\/?s={search_term_string}\"},\"query-input\":{\"@type\":\"PropertyValueSpecification\",\"valueRequired\":true,\"valueName\":\"search_term_string\"}}],\"inLanguage\":\"fr-FR\"},{\"@type\":\"Organization\",\"@id\":\"https:\/\/www.qnde.ca\/#organization\",\"name\":\"Quality NDT Ltd.\",\"url\":\"https:\/\/www.qnde.ca\/\",\"logo\":{\"@type\":\"ImageObject\",\"inLanguage\":\"fr-FR\",\"@id\":\"https:\/\/www.qnde.ca\/#\/schema\/logo\/image\/\",\"url\":\"https:\/\/www.qnde.ca\/wp-content\/uploads\/2022\/02\/QNDE_logo_RGB-gif.gif\",\"contentUrl\":\"https:\/\/www.qnde.ca\/wp-content\/uploads\/2022\/02\/QNDE_logo_RGB-gif.gif\",\"width\":250,\"height\":64,\"caption\":\"Quality NDT Ltd.\"},\"image\":{\"@id\":\"https:\/\/www.qnde.ca\/#\/schema\/logo\/image\/\"},\"sameAs\":[\"https:\/\/www.linkedin.com\/company\/qnde\/about\/?viewAsMember=true\"]}]}<\/script>\n<!-- \/ Yoast SEO plugin. -->","yoast_head_json":{"title":"DURR, D\u00e9tecteurs DR Flexibles 1043B 4\u2033 \u00d7 17\u2033 &#060; Qualit\u00e9 NDE","description":"DURR 1043B : d\u00e9tecteur DR flexible 4\u2033\u00d717\u2033, 99\u202f\u03bcm, IP67, jusqu\u2019\u00e0 450\u202fkV. Id\u00e9al pour soudures \u2265300\u202fmm. Wi-Fi, batteries, ECU, zone active 97\u00d7427\u202fmm.","robots":{"index":"index","follow":"follow","max-snippet":"max-snippet:-1","max-image-preview":"max-image-preview:large","max-video-preview":"max-video-preview:-1"},"canonical":"https:\/\/www.qnde.ca\/fr\/produit\/durr-detecteurs-dr-flexible-1025b-4-x-17\/","twitter_misc":{"Dur\u00e9e de lecture estim\u00e9e":"1 minute"},"schema":{"@context":"https:\/\/schema.org","@graph":[{"@type":["WebPage","ItemPage"],"@id":"https:\/\/www.qnde.ca\/fr\/produit\/durr-detecteurs-dr-flexible-1025b-4-x-17\/","url":"https:\/\/www.qnde.ca\/fr\/produit\/durr-detecteurs-dr-flexible-1025b-4-x-17\/","name":"DURR, D\u00e9tecteurs DR Flexibles 1043B 4\u2033 \u00d7 17\u2033 &#060; Qualit\u00e9 NDE","isPartOf":{"@id":"https:\/\/www.qnde.ca\/#website"},"primaryImageOfPage":{"@id":"https:\/\/www.qnde.ca\/fr\/produit\/durr-detecteurs-dr-flexible-1025b-4-x-17\/#primaryimage"},"image":{"@id":"https:\/\/www.qnde.ca\/fr\/produit\/durr-detecteurs-dr-flexible-1025b-4-x-17\/#primaryimage"},"thumbnailUrl":"https:\/\/www.qnde.ca\/wp-content\/uploads\/2025\/07\/d-dr-1043b-ndt-pipe-01-quad.png","datePublished":"2025-07-23T20:22:54+00:00","dateModified":"2025-08-19T17:47:03+00:00","description":"DURR 1043B : d\u00e9tecteur DR flexible 4\u2033\u00d717\u2033, 99\u202f\u03bcm, IP67, jusqu\u2019\u00e0 450\u202fkV. Id\u00e9al pour soudures \u2265300\u202fmm. Wi-Fi, batteries, ECU, zone active 97\u00d7427\u202fmm.","breadcrumb":{"@id":"https:\/\/www.qnde.ca\/fr\/produit\/durr-detecteurs-dr-flexible-1025b-4-x-17\/#breadcrumb"},"inLanguage":"fr-FR","potentialAction":[{"@type":"ReadAction","target":["https:\/\/www.qnde.ca\/fr\/produit\/durr-detecteurs-dr-flexible-1025b-4-x-17\/"]}]},{"@type":"ImageObject","inLanguage":"fr-FR","@id":"https:\/\/www.qnde.ca\/fr\/produit\/durr-detecteurs-dr-flexible-1025b-4-x-17\/#primaryimage","url":"https:\/\/www.qnde.ca\/wp-content\/uploads\/2025\/07\/d-dr-1043b-ndt-pipe-01-quad.png","contentUrl":"https:\/\/www.qnde.ca\/wp-content\/uploads\/2025\/07\/d-dr-1043b-ndt-pipe-01-quad.png","width":2000,"height":2000,"caption":"D\u00e9tecteur DR flexible D\u00dcRR \u2013 Tuyau de 12 pouces"},{"@type":"BreadcrumbList","@id":"https:\/\/www.qnde.ca\/fr\/produit\/durr-detecteurs-dr-flexible-1025b-4-x-17\/#breadcrumb","itemListElement":[{"@type":"ListItem","position":1,"name":"Accueil","item":"https:\/\/www.qnde.ca\/fr\/"},{"@type":"ListItem","position":2,"name":"Produits","item":"https:\/\/www.qnde.ca\/fr\/produits\/"},{"@type":"ListItem","position":3,"name":"Marques","item":"https:\/\/www.qnde.ca\/fr\/product-category\/marques\/"},{"@type":"ListItem","position":4,"name":"Durr","item":"https:\/\/www.qnde.ca\/fr\/product-category\/marques\/durr-fr\/"},{"@type":"ListItem","position":5,"name":"DURR, D\u00e9tecteurs DR Flexibles 1043B 4\u2033 \u00d7 17\u2033"}]},{"@type":"WebSite","@id":"https:\/\/www.qnde.ca\/#website","url":"https:\/\/www.qnde.ca\/","name":"Qualit\u00e9 NDE","description":"\u00c9quipements d&#039;essais non destructifs ","publisher":{"@id":"https:\/\/www.qnde.ca\/#organization"},"potentialAction":[{"@type":"SearchAction","target":{"@type":"EntryPoint","urlTemplate":"https:\/\/www.qnde.ca\/?s={search_term_string}"},"query-input":{"@type":"PropertyValueSpecification","valueRequired":true,"valueName":"search_term_string"}}],"inLanguage":"fr-FR"},{"@type":"Organization","@id":"https:\/\/www.qnde.ca\/#organization","name":"Quality NDT Ltd.","url":"https:\/\/www.qnde.ca\/","logo":{"@type":"ImageObject","inLanguage":"fr-FR","@id":"https:\/\/www.qnde.ca\/#\/schema\/logo\/image\/","url":"https:\/\/www.qnde.ca\/wp-content\/uploads\/2022\/02\/QNDE_logo_RGB-gif.gif","contentUrl":"https:\/\/www.qnde.ca\/wp-content\/uploads\/2022\/02\/QNDE_logo_RGB-gif.gif","width":250,"height":64,"caption":"Quality NDT Ltd."},"image":{"@id":"https:\/\/www.qnde.ca\/#\/schema\/logo\/image\/"},"sameAs":["https:\/\/www.linkedin.com\/company\/qnde\/about\/?viewAsMember=true"]}]}},"jetpack_sharing_enabled":true,"_links":{"self":[{"href":"https:\/\/www.qnde.ca\/fr\/wp-json\/wp\/v2\/product\/43252","targetHints":{"allow":["GET"]}}],"collection":[{"href":"https:\/\/www.qnde.ca\/fr\/wp-json\/wp\/v2\/product"}],"about":[{"href":"https:\/\/www.qnde.ca\/fr\/wp-json\/wp\/v2\/types\/product"}],"wp:featuredmedia":[{"embeddable":true,"href":"https:\/\/www.qnde.ca\/fr\/wp-json\/wp\/v2\/media\/43249"}],"wp:attachment":[{"href":"https:\/\/www.qnde.ca\/fr\/wp-json\/wp\/v2\/media?parent=43252"}],"wp:term":[{"taxonomy":"product_brand","embeddable":true,"href":"https:\/\/www.qnde.ca\/fr\/wp-json\/wp\/v2\/product_brand?post=43252"},{"taxonomy":"product_cat","embeddable":true,"href":"https:\/\/www.qnde.ca\/fr\/wp-json\/wp\/v2\/product_cat?post=43252"},{"taxonomy":"product_tag","embeddable":true,"href":"https:\/\/www.qnde.ca\/fr\/wp-json\/wp\/v2\/product_tag?post=43252"}],"curies":[{"name":"wp","href":"https:\/\/api.w.org\/{rel}","templated":true}]}}