{"id":43241,"date":"2025-07-21T10:26:41","date_gmt":"2025-07-21T14:31:39","guid":{"rendered":"https:\/\/www.qnde.ca\/?post_type=product&#038;p=43241"},"modified":"2025-08-19T13:48:41","modified_gmt":"2025-08-19T17:48:41","slug":"radiographie-numerique-durr-hd35-cr","status":"publish","type":"product","link":"https:\/\/www.qnde.ca\/fr\/produit\/radiographie-numerique-durr-hd35-cr\/","title":{"rendered":"Syst\u00e8me de Radiographie Num\u00e9rique DURR HD-CR 35 NDT"},"content":{"rendered":"<table style=\"height: 523px;\" width=\"1470\">\n<tbody>\n<tr>\n<td width=\"467\">Syst\u00e8me de Radiographie Num\u00e9rique DURR HD-CR 35 NDT<\/p>\n<p>Ce scanner portable de radiographie num\u00e9rique est le seul de sa cat\u00e9gorie \u00e0 offrir une r\u00e9solution spatiale (SRb) certifi\u00e9e BAM de 30 microns, la plus \u00e9lev\u00e9e du march\u00e9. Il permet la lecture de plaques d\u2019imagerie extra-longues. Gr\u00e2ce \u00e0 ses lasers multi-focaux, il assure des valeurs SNR optimales. Le syst\u00e8me est pr\u00e9configur\u00e9 en usine et pr\u00eat \u00e0 l\u2019emploi apr\u00e8s quelques connexions simples. Garantie de 5 ans.<\/p>\n<p>Caract\u00e9ristiques :<\/p>\n<p>\u2022 Taille du faisceau delaser : 12,5 \/ 25 \/ 50 microns<br \/>\n\u2022 SRb : 30 microns (certifi\u00e9 BAM)<br \/>\n\u2022 16 bits<br \/>\n\u2022 Dimensions min.\/max. des plaques d\u2019imagerie :<br \/>\nde 2 \u00e0 35,5\u202fcm de large \u00d7 3 \u00e0 200\u202fcm de long (0,8\u201d \u00e0 14\u201d de large \u00d7 1,2\u201d \u00e0 79\u201d de long)<br \/>\n\u2022 Alimentation : 100\u2013240\u202fV CA, 50\u201360\u202fHz \u2013 140\u202fW<br \/>\n\u2022 Stockage interne : carte SDHC, jusqu\u2019\u00e0 32\u202fGo<\/p>\n<p>\u2022 Ordinateur et logiciel D-TECT X vendus s\u00e9par\u00e9ment.<\/p>\n<p>Contactez-nous pour une d\u00e9monstration, discuter de vos applications, de vos besoins, des options disponibles et\/ou recevoir un devis.<\/p>\n<ul>\n<li>HD-CR 35: Scanner DURR HD-CR 35, SRb 30<\/li>\n<li>CR 35 : Scanner DURR CR 35, SRb 80<\/li>\n<li>D-TECTX : Logiciel D\u00dcRR D-TECT X (acquisition, visualisation, analyse, rapports et gestion des images)<\/li>\n<\/ul>\n<p><strong>\u00a0<\/strong><\/td>\n<\/tr>\n<\/tbody>\n<\/table>\n","protected":false},"excerpt":{"rendered":"<p>Syst\u00e8me de Radiographie Num\u00e9rique DURR HD-CR 35 NDT Ce scanner portable de radiographie num\u00e9rique est le seul de sa cat\u00e9gorie \u00e0 offrir une r\u00e9solution spatiale (SRb) certifi\u00e9e BAM de 30 microns, la plus \u00e9lev\u00e9e du march\u00e9. Il permet la lecture de plaques d\u2019imagerie extra-longues. Gr\u00e2ce \u00e0 ses lasers multi-focaux, il assure des valeurs SNR optimales. [&hellip;]<\/p>\n","protected":false},"featured_media":43238,"template":"","meta":{"_monsterinsights_skip_tracking":false,"_monsterinsights_sitenote_active":false,"_monsterinsights_sitenote_note":"","_monsterinsights_sitenote_category":0},"product_brand":[],"product_cat":[590,138,141],"product_tag":[513,440,498,514,510,512,469,437,511,508,497,475,515,509],"class_list":{"0":"post-43241","1":"product","2":"type-product","3":"status-publish","4":"has-post-thumbnail","6":"product_cat-durr-fr","7":"product_cat-radiographie","8":"product_cat-radiologie-numerique-cr","9":"product_tag-compact-fr","10":"product_tag-cr-fr","11":"product_tag-durr-fr","12":"product_tag-haute","13":"product_tag-imagerie","14":"product_tag-industrielles","15":"product_tag-ndt-fr-2","16":"product_tag-ndt-fr","17":"product_tag-plaques","18":"product_tag-portatif","19":"product_tag-qnde-fr","20":"product_tag-quality-control-fr","21":"product_tag-resolution-fr","22":"product_tag-systeme-de-radiographie-numerique","24":"first","25":"instock","26":"shipping-taxable","27":"product-type-simple"},"yoast_head":"<!-- This site is optimized with the Yoast SEO plugin v23.9 - https:\/\/yoast.com\/wordpress\/plugins\/seo\/ -->\n<title>Syst\u00e8me de Radiographie Num\u00e9rique DURR HD-CR 35 NDT &#060; Qualit\u00e9 NDE<\/title>\n<meta name=\"description\" content=\"HD-CR 35 NDT Scanner de radiographie num\u00e9rique, compatible avec tous les formats de plaques d\u2019imagerie. Il permet l\u2019archivage num\u00e9rique sans chambre noire.\" \/>\n<meta name=\"robots\" content=\"index, follow, max-snippet:-1, max-image-preview:large, max-video-preview:-1\" \/>\n<link rel=\"canonical\" href=\"https:\/\/www.qnde.ca\/fr\/produit\/radiographie-numerique-durr-hd35-cr\/\" \/>\n<meta name=\"twitter:label1\" content=\"Dur\u00e9e de lecture estim\u00e9e\" \/>\n\t<meta name=\"twitter:data1\" content=\"2 minutes\" \/>\n<script type=\"application\/ld+json\" class=\"yoast-schema-graph\">{\"@context\":\"https:\/\/schema.org\",\"@graph\":[{\"@type\":[\"WebPage\",\"ItemPage\"],\"@id\":\"https:\/\/www.qnde.ca\/fr\/produit\/radiographie-numerique-durr-hd35-cr\/\",\"url\":\"https:\/\/www.qnde.ca\/fr\/produit\/radiographie-numerique-durr-hd35-cr\/\",\"name\":\"Syst\u00e8me de Radiographie Num\u00e9rique DURR HD-CR 35 NDT &#060; Qualit\u00e9 NDE\",\"isPartOf\":{\"@id\":\"https:\/\/www.qnde.ca\/#website\"},\"primaryImageOfPage\":{\"@id\":\"https:\/\/www.qnde.ca\/fr\/produit\/radiographie-numerique-durr-hd35-cr\/#primaryimage\"},\"image\":{\"@id\":\"https:\/\/www.qnde.ca\/fr\/produit\/radiographie-numerique-durr-hd35-cr\/#primaryimage\"},\"thumbnailUrl\":\"https:\/\/www.qnde.ca\/wp-content\/uploads\/2025\/07\/hd-cr35-ndt-ips.jpg\",\"datePublished\":\"2025-07-21T14:31:39+00:00\",\"dateModified\":\"2025-08-19T17:48:41+00:00\",\"description\":\"HD-CR 35 NDT Scanner de radiographie num\u00e9rique, compatible avec tous les formats de plaques d\u2019imagerie. Il permet l\u2019archivage num\u00e9rique sans chambre noire.\",\"breadcrumb\":{\"@id\":\"https:\/\/www.qnde.ca\/fr\/produit\/radiographie-numerique-durr-hd35-cr\/#breadcrumb\"},\"inLanguage\":\"fr-FR\",\"potentialAction\":[{\"@type\":\"ReadAction\",\"target\":[\"https:\/\/www.qnde.ca\/fr\/produit\/radiographie-numerique-durr-hd35-cr\/\"]}]},{\"@type\":\"ImageObject\",\"inLanguage\":\"fr-FR\",\"@id\":\"https:\/\/www.qnde.ca\/fr\/produit\/radiographie-numerique-durr-hd35-cr\/#primaryimage\",\"url\":\"https:\/\/www.qnde.ca\/wp-content\/uploads\/2025\/07\/hd-cr35-ndt-ips.jpg\",\"contentUrl\":\"https:\/\/www.qnde.ca\/wp-content\/uploads\/2025\/07\/hd-cr35-ndt-ips.jpg\",\"width\":1863,\"height\":1863,\"caption\":\"Syst\u00e8me de radiographie num\u00e9rique DURR HD-CR 35 NDT\"},{\"@type\":\"BreadcrumbList\",\"@id\":\"https:\/\/www.qnde.ca\/fr\/produit\/radiographie-numerique-durr-hd35-cr\/#breadcrumb\",\"itemListElement\":[{\"@type\":\"ListItem\",\"position\":1,\"name\":\"Accueil\",\"item\":\"https:\/\/www.qnde.ca\/fr\/\"},{\"@type\":\"ListItem\",\"position\":2,\"name\":\"Produits\",\"item\":\"https:\/\/www.qnde.ca\/fr\/produits\/\"},{\"@type\":\"ListItem\",\"position\":3,\"name\":\"Marques\",\"item\":\"https:\/\/www.qnde.ca\/fr\/product-category\/marques\/\"},{\"@type\":\"ListItem\",\"position\":4,\"name\":\"Durr\",\"item\":\"https:\/\/www.qnde.ca\/fr\/product-category\/marques\/durr-fr\/\"},{\"@type\":\"ListItem\",\"position\":5,\"name\":\"Syst\u00e8me de Radiographie Num\u00e9rique DURR HD-CR 35 NDT\"}]},{\"@type\":\"WebSite\",\"@id\":\"https:\/\/www.qnde.ca\/#website\",\"url\":\"https:\/\/www.qnde.ca\/\",\"name\":\"Qualit\u00e9 NDE\",\"description\":\"\u00c9quipements d&#039;essais non destructifs \",\"publisher\":{\"@id\":\"https:\/\/www.qnde.ca\/#organization\"},\"potentialAction\":[{\"@type\":\"SearchAction\",\"target\":{\"@type\":\"EntryPoint\",\"urlTemplate\":\"https:\/\/www.qnde.ca\/?s={search_term_string}\"},\"query-input\":{\"@type\":\"PropertyValueSpecification\",\"valueRequired\":true,\"valueName\":\"search_term_string\"}}],\"inLanguage\":\"fr-FR\"},{\"@type\":\"Organization\",\"@id\":\"https:\/\/www.qnde.ca\/#organization\",\"name\":\"Quality NDT Ltd.\",\"url\":\"https:\/\/www.qnde.ca\/\",\"logo\":{\"@type\":\"ImageObject\",\"inLanguage\":\"fr-FR\",\"@id\":\"https:\/\/www.qnde.ca\/#\/schema\/logo\/image\/\",\"url\":\"https:\/\/www.qnde.ca\/wp-content\/uploads\/2022\/02\/QNDE_logo_RGB-gif.gif\",\"contentUrl\":\"https:\/\/www.qnde.ca\/wp-content\/uploads\/2022\/02\/QNDE_logo_RGB-gif.gif\",\"width\":250,\"height\":64,\"caption\":\"Quality NDT Ltd.\"},\"image\":{\"@id\":\"https:\/\/www.qnde.ca\/#\/schema\/logo\/image\/\"},\"sameAs\":[\"https:\/\/www.linkedin.com\/company\/qnde\/about\/?viewAsMember=true\"]}]}<\/script>\n<!-- \/ Yoast SEO plugin. -->","yoast_head_json":{"title":"Syst\u00e8me de Radiographie Num\u00e9rique DURR HD-CR 35 NDT &#060; Qualit\u00e9 NDE","description":"HD-CR 35 NDT Scanner de radiographie num\u00e9rique, compatible avec tous les formats de plaques d\u2019imagerie. Il permet l\u2019archivage num\u00e9rique sans chambre noire.","robots":{"index":"index","follow":"follow","max-snippet":"max-snippet:-1","max-image-preview":"max-image-preview:large","max-video-preview":"max-video-preview:-1"},"canonical":"https:\/\/www.qnde.ca\/fr\/produit\/radiographie-numerique-durr-hd35-cr\/","twitter_misc":{"Dur\u00e9e de lecture estim\u00e9e":"2 minutes"},"schema":{"@context":"https:\/\/schema.org","@graph":[{"@type":["WebPage","ItemPage"],"@id":"https:\/\/www.qnde.ca\/fr\/produit\/radiographie-numerique-durr-hd35-cr\/","url":"https:\/\/www.qnde.ca\/fr\/produit\/radiographie-numerique-durr-hd35-cr\/","name":"Syst\u00e8me de Radiographie Num\u00e9rique DURR HD-CR 35 NDT &#060; Qualit\u00e9 NDE","isPartOf":{"@id":"https:\/\/www.qnde.ca\/#website"},"primaryImageOfPage":{"@id":"https:\/\/www.qnde.ca\/fr\/produit\/radiographie-numerique-durr-hd35-cr\/#primaryimage"},"image":{"@id":"https:\/\/www.qnde.ca\/fr\/produit\/radiographie-numerique-durr-hd35-cr\/#primaryimage"},"thumbnailUrl":"https:\/\/www.qnde.ca\/wp-content\/uploads\/2025\/07\/hd-cr35-ndt-ips.jpg","datePublished":"2025-07-21T14:31:39+00:00","dateModified":"2025-08-19T17:48:41+00:00","description":"HD-CR 35 NDT Scanner de radiographie num\u00e9rique, compatible avec tous les formats de plaques d\u2019imagerie. Il permet l\u2019archivage num\u00e9rique sans chambre noire.","breadcrumb":{"@id":"https:\/\/www.qnde.ca\/fr\/produit\/radiographie-numerique-durr-hd35-cr\/#breadcrumb"},"inLanguage":"fr-FR","potentialAction":[{"@type":"ReadAction","target":["https:\/\/www.qnde.ca\/fr\/produit\/radiographie-numerique-durr-hd35-cr\/"]}]},{"@type":"ImageObject","inLanguage":"fr-FR","@id":"https:\/\/www.qnde.ca\/fr\/produit\/radiographie-numerique-durr-hd35-cr\/#primaryimage","url":"https:\/\/www.qnde.ca\/wp-content\/uploads\/2025\/07\/hd-cr35-ndt-ips.jpg","contentUrl":"https:\/\/www.qnde.ca\/wp-content\/uploads\/2025\/07\/hd-cr35-ndt-ips.jpg","width":1863,"height":1863,"caption":"Syst\u00e8me de radiographie num\u00e9rique DURR HD-CR 35 NDT"},{"@type":"BreadcrumbList","@id":"https:\/\/www.qnde.ca\/fr\/produit\/radiographie-numerique-durr-hd35-cr\/#breadcrumb","itemListElement":[{"@type":"ListItem","position":1,"name":"Accueil","item":"https:\/\/www.qnde.ca\/fr\/"},{"@type":"ListItem","position":2,"name":"Produits","item":"https:\/\/www.qnde.ca\/fr\/produits\/"},{"@type":"ListItem","position":3,"name":"Marques","item":"https:\/\/www.qnde.ca\/fr\/product-category\/marques\/"},{"@type":"ListItem","position":4,"name":"Durr","item":"https:\/\/www.qnde.ca\/fr\/product-category\/marques\/durr-fr\/"},{"@type":"ListItem","position":5,"name":"Syst\u00e8me de Radiographie Num\u00e9rique DURR HD-CR 35 NDT"}]},{"@type":"WebSite","@id":"https:\/\/www.qnde.ca\/#website","url":"https:\/\/www.qnde.ca\/","name":"Qualit\u00e9 NDE","description":"\u00c9quipements d&#039;essais non destructifs ","publisher":{"@id":"https:\/\/www.qnde.ca\/#organization"},"potentialAction":[{"@type":"SearchAction","target":{"@type":"EntryPoint","urlTemplate":"https:\/\/www.qnde.ca\/?s={search_term_string}"},"query-input":{"@type":"PropertyValueSpecification","valueRequired":true,"valueName":"search_term_string"}}],"inLanguage":"fr-FR"},{"@type":"Organization","@id":"https:\/\/www.qnde.ca\/#organization","name":"Quality NDT Ltd.","url":"https:\/\/www.qnde.ca\/","logo":{"@type":"ImageObject","inLanguage":"fr-FR","@id":"https:\/\/www.qnde.ca\/#\/schema\/logo\/image\/","url":"https:\/\/www.qnde.ca\/wp-content\/uploads\/2022\/02\/QNDE_logo_RGB-gif.gif","contentUrl":"https:\/\/www.qnde.ca\/wp-content\/uploads\/2022\/02\/QNDE_logo_RGB-gif.gif","width":250,"height":64,"caption":"Quality NDT Ltd."},"image":{"@id":"https:\/\/www.qnde.ca\/#\/schema\/logo\/image\/"},"sameAs":["https:\/\/www.linkedin.com\/company\/qnde\/about\/?viewAsMember=true"]}]}},"jetpack_sharing_enabled":true,"_links":{"self":[{"href":"https:\/\/www.qnde.ca\/fr\/wp-json\/wp\/v2\/product\/43241","targetHints":{"allow":["GET"]}}],"collection":[{"href":"https:\/\/www.qnde.ca\/fr\/wp-json\/wp\/v2\/product"}],"about":[{"href":"https:\/\/www.qnde.ca\/fr\/wp-json\/wp\/v2\/types\/product"}],"wp:featuredmedia":[{"embeddable":true,"href":"https:\/\/www.qnde.ca\/fr\/wp-json\/wp\/v2\/media\/43238"}],"wp:attachment":[{"href":"https:\/\/www.qnde.ca\/fr\/wp-json\/wp\/v2\/media?parent=43241"}],"wp:term":[{"taxonomy":"product_brand","embeddable":true,"href":"https:\/\/www.qnde.ca\/fr\/wp-json\/wp\/v2\/product_brand?post=43241"},{"taxonomy":"product_cat","embeddable":true,"href":"https:\/\/www.qnde.ca\/fr\/wp-json\/wp\/v2\/product_cat?post=43241"},{"taxonomy":"product_tag","embeddable":true,"href":"https:\/\/www.qnde.ca\/fr\/wp-json\/wp\/v2\/product_tag?post=43241"}],"curies":[{"name":"wp","href":"https:\/\/api.w.org\/{rel}","templated":true}]}}