{"id":43232,"date":"2025-07-21T09:20:21","date_gmt":"2025-07-23T19:54:11","guid":{"rendered":"https:\/\/www.qnde.ca\/?post_type=product&#038;p=43232"},"modified":"2025-07-28T15:45:37","modified_gmt":"2025-07-28T19:45:37","slug":"durr-detecteurs-dr-flexible-1025b-4-x-10","status":"publish","type":"product","link":"https:\/\/www.qnde.ca\/fr\/produit\/durr-detecteurs-dr-flexible-1025b-4-x-10\/","title":{"rendered":"DURR, D\u00e9tecteurs DR flexibles 1025B 4&Prime; \u00d7 10&Prime;"},"content":{"rendered":"<p>DURR, D\u00e9tecteurs DR flexibles 1025B 4&Prime; \u00d7 10&Prime;<\/p>\n<p>D\u00e9tecteur flexible, robuste et de haute r\u00e9solution, avec un pas de pixel de 99\u03bcm, pour l\u2019inspection de soudures circonf\u00e9rentielles ayant un diam\u00e8tre de 150\u00a0mm (6\u201d) et plus.<br data-start=\"217\" data-end=\"220\" \/>Exposition possible des deux c\u00f4t\u00e9s du d\u00e9tecteur, prot\u00e9g\u00e9 pour une utilisation jusqu\u2019\u00e0 450\u00a0kV. IP67.<\/p>\n<p data-start=\"342\" data-end=\"740\">Le kit comprend :<br data-start=\"363\" data-end=\"366\" \/>\u2022 Panneau DDA 1025B avec Wifi int\u00e9gr\u00e9 (port\u00e9e de 50\u00a0m en champ libre, soit 150\u00a0pieds)<br data-start=\"451\" data-end=\"454\" \/>\u2022 ECU (unit\u00e9 de connexion externe) avec c\u00e2ble de 3\u00a0m<br data-start=\"506\" data-end=\"509\" \/>\u2022 Deux batteries lithium-ion<br data-start=\"537\" data-end=\"540\" \/>\u2022 Zone d\u2019imagerie de 97\u00a0x\u00a0249\u00a0mm (3,8\u201d\u00a0\u00d7\u00a09,8\u201d)<br data-start=\"586\" data-end=\"589\" \/>\u2022 Chargeur de batterie avec alimentation 120\u00a0V CA<br \/>\n\u2022 C\u00e2ble Ethernet (7\u00a0m)<br data-start=\"662\" data-end=\"665\" \/>\u2022 Garantie de 2\u00a0ans<br data-start=\"684\" data-end=\"687\" \/>\u2022 Ordinateur et logiciel D-TECT X vendus s\u00e9par\u00e9ment<\/p>\n<p data-start=\"742\" data-end=\"887\">Contactez-nous pour une d\u00e9monstration ou pour discuter de votre application, de vos besoins, des options disponibles et\/ou recevoir un devis.<\/p>\n<p data-start=\"889\" data-end=\"917\">Produits disponibles :<\/p>\n<ul>\n<li data-start=\"920\" data-end=\"975\">1025B: DURR, D\u00e9tecteurs DR flexibles 1025B (10\u201d)<\/li>\n<li data-start=\"978\" data-end=\"1033\">1043B: DURR, D\u00e9tecteurs DR flexibles 1043B (18\u201d)<\/li>\n<li data-start=\"1036\" data-end=\"1148\">D-TECTX: Logiciel DURR D-TECT X (acquisition d\u2019images, visualisation, analyse, rapport et gestion d\u2019images)<\/li>\n<\/ul>\n","protected":false},"excerpt":{"rendered":"<p>DURR, D\u00e9tecteurs DR flexibles 1025B 4&Prime; \u00d7 10&Prime; D\u00e9tecteur flexible, robuste et de haute r\u00e9solution, avec un pas de pixel de 99\u03bcm, pour l\u2019inspection de soudures circonf\u00e9rentielles ayant un diam\u00e8tre de 150\u00a0mm (6\u201d) et plus.Exposition possible des deux c\u00f4t\u00e9s du d\u00e9tecteur, prot\u00e9g\u00e9 pour une utilisation jusqu\u2019\u00e0 450\u00a0kV. IP67. Le kit comprend :\u2022 Panneau DDA 1025B [&hellip;]<\/p>\n","protected":false},"featured_media":43229,"template":"","meta":{"_monsterinsights_skip_tracking":false,"_monsterinsights_sitenote_active":false,"_monsterinsights_sitenote_note":"","_monsterinsights_sitenote_category":0},"product_brand":[],"product_cat":[590,142],"product_tag":[488,489,499,498,496,495,437,494,490,493,497,475,491,492],"class_list":{"0":"post-43232","1":"product","2":"type-product","3":"status-publish","4":"has-post-thumbnail","6":"product_cat-durr-fr","7":"product_cat-radiologie-numerique-dr","8":"product_tag-dda-fr","9":"product_tag-dr-fr","10":"product_tag-duerr-fr","11":"product_tag-durr-fr","12":"product_tag-image-gamma","13":"product_tag-image-xray","14":"product_tag-ndt-fr","15":"product_tag-panneau","16":"product_tag-panneau-dr","17":"product_tag-panneau-flexible","18":"product_tag-qnde-fr","19":"product_tag-quality-control-fr","20":"product_tag-radiographie-digitale","21":"product_tag-radiographie-direct","23":"first","24":"instock","25":"shipping-taxable","26":"product-type-simple"},"yoast_head":"<!-- This site is optimized with the Yoast SEO plugin v23.9 - https:\/\/yoast.com\/wordpress\/plugins\/seo\/ -->\n<title>DURR, D\u00e9tecteurs DR flexibles 1025B 4&quot; \u00d7 10&quot; &#060; Qualit\u00e9 NDE<\/title>\n<meta name=\"description\" content=\"DURR 1025B : d\u00e9tecteur DR flexible 4\u201d\u00d710\u201d, 99\u202f\u03bcm, IP67, jusqu\u2019\u00e0 450\u202fkV. Id\u00e9al pour soudures \u2265150\u202fmm. Wi-Fi, batteries, ECU, zone d\u2019imagerie 97\u00d7249\u202fmm.\" \/>\n<meta name=\"robots\" content=\"index, follow, max-snippet:-1, max-image-preview:large, max-video-preview:-1\" \/>\n<link rel=\"canonical\" href=\"https:\/\/www.qnde.ca\/fr\/produit\/durr-detecteurs-dr-flexible-1025b-4-x-10\/\" \/>\n<meta name=\"twitter:label1\" content=\"Dur\u00e9e de lecture estim\u00e9e\" \/>\n\t<meta name=\"twitter:data1\" content=\"1 minute\" \/>\n<script type=\"application\/ld+json\" class=\"yoast-schema-graph\">{\"@context\":\"https:\/\/schema.org\",\"@graph\":[{\"@type\":[\"WebPage\",\"ItemPage\"],\"@id\":\"https:\/\/www.qnde.ca\/fr\/produit\/durr-detecteurs-dr-flexible-1025b-4-x-10\/\",\"url\":\"https:\/\/www.qnde.ca\/fr\/produit\/durr-detecteurs-dr-flexible-1025b-4-x-10\/\",\"name\":\"DURR, D\u00e9tecteurs DR flexibles 1025B 4\\\" \u00d7 10\\\" &#060; Qualit\u00e9 NDE\",\"isPartOf\":{\"@id\":\"https:\/\/www.qnde.ca\/#website\"},\"primaryImageOfPage\":{\"@id\":\"https:\/\/www.qnde.ca\/fr\/produit\/durr-detecteurs-dr-flexible-1025b-4-x-10\/#primaryimage\"},\"image\":{\"@id\":\"https:\/\/www.qnde.ca\/fr\/produit\/durr-detecteurs-dr-flexible-1025b-4-x-10\/#primaryimage\"},\"thumbnailUrl\":\"https:\/\/www.qnde.ca\/wp-content\/uploads\/2025\/07\/d-dr-1025b-flexible-xray-detector1.png\",\"datePublished\":\"2025-07-23T19:54:11+00:00\",\"dateModified\":\"2025-07-28T19:45:37+00:00\",\"description\":\"DURR 1025B : d\u00e9tecteur DR flexible 4\u201d\u00d710\u201d, 99\u202f\u03bcm, IP67, jusqu\u2019\u00e0 450\u202fkV. Id\u00e9al pour soudures \u2265150\u202fmm. Wi-Fi, batteries, ECU, zone d\u2019imagerie 97\u00d7249\u202fmm.\",\"breadcrumb\":{\"@id\":\"https:\/\/www.qnde.ca\/fr\/produit\/durr-detecteurs-dr-flexible-1025b-4-x-10\/#breadcrumb\"},\"inLanguage\":\"fr-FR\",\"potentialAction\":[{\"@type\":\"ReadAction\",\"target\":[\"https:\/\/www.qnde.ca\/fr\/produit\/durr-detecteurs-dr-flexible-1025b-4-x-10\/\"]}]},{\"@type\":\"ImageObject\",\"inLanguage\":\"fr-FR\",\"@id\":\"https:\/\/www.qnde.ca\/fr\/produit\/durr-detecteurs-dr-flexible-1025b-4-x-10\/#primaryimage\",\"url\":\"https:\/\/www.qnde.ca\/wp-content\/uploads\/2025\/07\/d-dr-1025b-flexible-xray-detector1.png\",\"contentUrl\":\"https:\/\/www.qnde.ca\/wp-content\/uploads\/2025\/07\/d-dr-1025b-flexible-xray-detector1.png\",\"width\":700,\"height\":550,\"caption\":\"DURR DR d\u00e9tecteur flexible - tuyau de 6\u201c\"},{\"@type\":\"BreadcrumbList\",\"@id\":\"https:\/\/www.qnde.ca\/fr\/produit\/durr-detecteurs-dr-flexible-1025b-4-x-10\/#breadcrumb\",\"itemListElement\":[{\"@type\":\"ListItem\",\"position\":1,\"name\":\"Accueil\",\"item\":\"https:\/\/www.qnde.ca\/fr\/\"},{\"@type\":\"ListItem\",\"position\":2,\"name\":\"Produits\",\"item\":\"https:\/\/www.qnde.ca\/fr\/produits\/\"},{\"@type\":\"ListItem\",\"position\":3,\"name\":\"Radiography\",\"item\":\"https:\/\/www.qnde.ca\/product-category\/radiography\/\"},{\"@type\":\"ListItem\",\"position\":4,\"name\":\"Digital Radiography (DR)\",\"item\":\"https:\/\/www.qnde.ca\/product-category\/radiography\/digital-radiography-dr\/\"},{\"@type\":\"ListItem\",\"position\":5,\"name\":\"DURR, D\u00e9tecteurs DR flexibles 1025B 4&#8243; \u00d7 10&#8243;\"}]},{\"@type\":\"WebSite\",\"@id\":\"https:\/\/www.qnde.ca\/#website\",\"url\":\"https:\/\/www.qnde.ca\/\",\"name\":\"Qualit\u00e9 NDE\",\"description\":\"\u00c9quipements d&#039;essais non destructifs \",\"publisher\":{\"@id\":\"https:\/\/www.qnde.ca\/#organization\"},\"potentialAction\":[{\"@type\":\"SearchAction\",\"target\":{\"@type\":\"EntryPoint\",\"urlTemplate\":\"https:\/\/www.qnde.ca\/?s={search_term_string}\"},\"query-input\":{\"@type\":\"PropertyValueSpecification\",\"valueRequired\":true,\"valueName\":\"search_term_string\"}}],\"inLanguage\":\"fr-FR\"},{\"@type\":\"Organization\",\"@id\":\"https:\/\/www.qnde.ca\/#organization\",\"name\":\"Quality NDT Ltd.\",\"url\":\"https:\/\/www.qnde.ca\/\",\"logo\":{\"@type\":\"ImageObject\",\"inLanguage\":\"fr-FR\",\"@id\":\"https:\/\/www.qnde.ca\/#\/schema\/logo\/image\/\",\"url\":\"https:\/\/www.qnde.ca\/wp-content\/uploads\/2022\/02\/QNDE_logo_RGB-gif.gif\",\"contentUrl\":\"https:\/\/www.qnde.ca\/wp-content\/uploads\/2022\/02\/QNDE_logo_RGB-gif.gif\",\"width\":250,\"height\":64,\"caption\":\"Quality NDT Ltd.\"},\"image\":{\"@id\":\"https:\/\/www.qnde.ca\/#\/schema\/logo\/image\/\"},\"sameAs\":[\"https:\/\/www.linkedin.com\/company\/qnde\/about\/?viewAsMember=true\"]}]}<\/script>\n<!-- \/ Yoast SEO plugin. -->","yoast_head_json":{"title":"DURR, D\u00e9tecteurs DR flexibles 1025B 4\" \u00d7 10\" &#060; Qualit\u00e9 NDE","description":"DURR 1025B : d\u00e9tecteur DR flexible 4\u201d\u00d710\u201d, 99\u202f\u03bcm, IP67, jusqu\u2019\u00e0 450\u202fkV. Id\u00e9al pour soudures \u2265150\u202fmm. Wi-Fi, batteries, ECU, zone d\u2019imagerie 97\u00d7249\u202fmm.","robots":{"index":"index","follow":"follow","max-snippet":"max-snippet:-1","max-image-preview":"max-image-preview:large","max-video-preview":"max-video-preview:-1"},"canonical":"https:\/\/www.qnde.ca\/fr\/produit\/durr-detecteurs-dr-flexible-1025b-4-x-10\/","twitter_misc":{"Dur\u00e9e de lecture estim\u00e9e":"1 minute"},"schema":{"@context":"https:\/\/schema.org","@graph":[{"@type":["WebPage","ItemPage"],"@id":"https:\/\/www.qnde.ca\/fr\/produit\/durr-detecteurs-dr-flexible-1025b-4-x-10\/","url":"https:\/\/www.qnde.ca\/fr\/produit\/durr-detecteurs-dr-flexible-1025b-4-x-10\/","name":"DURR, D\u00e9tecteurs DR flexibles 1025B 4\" \u00d7 10\" &#060; Qualit\u00e9 NDE","isPartOf":{"@id":"https:\/\/www.qnde.ca\/#website"},"primaryImageOfPage":{"@id":"https:\/\/www.qnde.ca\/fr\/produit\/durr-detecteurs-dr-flexible-1025b-4-x-10\/#primaryimage"},"image":{"@id":"https:\/\/www.qnde.ca\/fr\/produit\/durr-detecteurs-dr-flexible-1025b-4-x-10\/#primaryimage"},"thumbnailUrl":"https:\/\/www.qnde.ca\/wp-content\/uploads\/2025\/07\/d-dr-1025b-flexible-xray-detector1.png","datePublished":"2025-07-23T19:54:11+00:00","dateModified":"2025-07-28T19:45:37+00:00","description":"DURR 1025B : d\u00e9tecteur DR flexible 4\u201d\u00d710\u201d, 99\u202f\u03bcm, IP67, jusqu\u2019\u00e0 450\u202fkV. Id\u00e9al pour soudures \u2265150\u202fmm. Wi-Fi, batteries, ECU, zone d\u2019imagerie 97\u00d7249\u202fmm.","breadcrumb":{"@id":"https:\/\/www.qnde.ca\/fr\/produit\/durr-detecteurs-dr-flexible-1025b-4-x-10\/#breadcrumb"},"inLanguage":"fr-FR","potentialAction":[{"@type":"ReadAction","target":["https:\/\/www.qnde.ca\/fr\/produit\/durr-detecteurs-dr-flexible-1025b-4-x-10\/"]}]},{"@type":"ImageObject","inLanguage":"fr-FR","@id":"https:\/\/www.qnde.ca\/fr\/produit\/durr-detecteurs-dr-flexible-1025b-4-x-10\/#primaryimage","url":"https:\/\/www.qnde.ca\/wp-content\/uploads\/2025\/07\/d-dr-1025b-flexible-xray-detector1.png","contentUrl":"https:\/\/www.qnde.ca\/wp-content\/uploads\/2025\/07\/d-dr-1025b-flexible-xray-detector1.png","width":700,"height":550,"caption":"DURR DR d\u00e9tecteur flexible - tuyau de 6\u201c"},{"@type":"BreadcrumbList","@id":"https:\/\/www.qnde.ca\/fr\/produit\/durr-detecteurs-dr-flexible-1025b-4-x-10\/#breadcrumb","itemListElement":[{"@type":"ListItem","position":1,"name":"Accueil","item":"https:\/\/www.qnde.ca\/fr\/"},{"@type":"ListItem","position":2,"name":"Produits","item":"https:\/\/www.qnde.ca\/fr\/produits\/"},{"@type":"ListItem","position":3,"name":"Radiography","item":"https:\/\/www.qnde.ca\/product-category\/radiography\/"},{"@type":"ListItem","position":4,"name":"Digital Radiography (DR)","item":"https:\/\/www.qnde.ca\/product-category\/radiography\/digital-radiography-dr\/"},{"@type":"ListItem","position":5,"name":"DURR, D\u00e9tecteurs DR flexibles 1025B 4&#8243; \u00d7 10&#8243;"}]},{"@type":"WebSite","@id":"https:\/\/www.qnde.ca\/#website","url":"https:\/\/www.qnde.ca\/","name":"Qualit\u00e9 NDE","description":"\u00c9quipements d&#039;essais non destructifs ","publisher":{"@id":"https:\/\/www.qnde.ca\/#organization"},"potentialAction":[{"@type":"SearchAction","target":{"@type":"EntryPoint","urlTemplate":"https:\/\/www.qnde.ca\/?s={search_term_string}"},"query-input":{"@type":"PropertyValueSpecification","valueRequired":true,"valueName":"search_term_string"}}],"inLanguage":"fr-FR"},{"@type":"Organization","@id":"https:\/\/www.qnde.ca\/#organization","name":"Quality NDT Ltd.","url":"https:\/\/www.qnde.ca\/","logo":{"@type":"ImageObject","inLanguage":"fr-FR","@id":"https:\/\/www.qnde.ca\/#\/schema\/logo\/image\/","url":"https:\/\/www.qnde.ca\/wp-content\/uploads\/2022\/02\/QNDE_logo_RGB-gif.gif","contentUrl":"https:\/\/www.qnde.ca\/wp-content\/uploads\/2022\/02\/QNDE_logo_RGB-gif.gif","width":250,"height":64,"caption":"Quality NDT Ltd."},"image":{"@id":"https:\/\/www.qnde.ca\/#\/schema\/logo\/image\/"},"sameAs":["https:\/\/www.linkedin.com\/company\/qnde\/about\/?viewAsMember=true"]}]}},"jetpack_sharing_enabled":true,"_links":{"self":[{"href":"https:\/\/www.qnde.ca\/fr\/wp-json\/wp\/v2\/product\/43232","targetHints":{"allow":["GET"]}}],"collection":[{"href":"https:\/\/www.qnde.ca\/fr\/wp-json\/wp\/v2\/product"}],"about":[{"href":"https:\/\/www.qnde.ca\/fr\/wp-json\/wp\/v2\/types\/product"}],"wp:featuredmedia":[{"embeddable":true,"href":"https:\/\/www.qnde.ca\/fr\/wp-json\/wp\/v2\/media\/43229"}],"wp:attachment":[{"href":"https:\/\/www.qnde.ca\/fr\/wp-json\/wp\/v2\/media?parent=43232"}],"wp:term":[{"taxonomy":"product_brand","embeddable":true,"href":"https:\/\/www.qnde.ca\/fr\/wp-json\/wp\/v2\/product_brand?post=43232"},{"taxonomy":"product_cat","embeddable":true,"href":"https:\/\/www.qnde.ca\/fr\/wp-json\/wp\/v2\/product_cat?post=43232"},{"taxonomy":"product_tag","embeddable":true,"href":"https:\/\/www.qnde.ca\/fr\/wp-json\/wp\/v2\/product_tag?post=43232"}],"curies":[{"name":"wp","href":"https:\/\/api.w.org\/{rel}","templated":true}]}}