{"id":4323,"date":"2016-01-08T20:07:33","date_gmt":"2016-01-08T20:07:33","guid":{"rendered":"https:\/\/www.qnde.ca\/?post_type=product&#038;p=4323"},"modified":"2025-08-12T08:36:22","modified_gmt":"2025-08-12T12:36:22","slug":"l10-fr","status":"publish","type":"product","link":"https:\/\/www.qnde.ca\/fr\/produit\/l10-fr\/","title":{"rendered":"Magnaflux, L-10 Bobine"},"content":{"rendered":"<h3><strong>Magnaflux, L-10 Bobine<\/strong><\/h3>\n<p>Bobine magn\u00e9tisant\/d\u00e9magn\u00e9tisant portable AC de 25.4cm (10&Prime;) livr\u00e9e avec interrupteur au pied. 115VAC-50\/60Hz ou 230VAC-50\/60Hz.<\/p>\n<ul>\n<li>L-10-115: Magnaflux L-10 115VAC-50\/60Hz, bobine portative AC, ID: 25.4cm (10&Prime;), c\u00e2ble d&rsquo;alimentation flexible de 3m (10&prime;), sortie: 2,800Amp-tour AC.<\/li>\n<li>L-10-230: Magnaflux L-10 230VAC-50\/60Hz, bobine portative AC, ID: 25.4cm (10&Prime;), c\u00e2ble d&rsquo;alimentation flexible de 3m (10&prime;), sortie: 2,800Amp-tour AC.<\/li>\n<\/ul>\n","protected":false},"excerpt":{"rendered":"<p>Magnaflux, L-10 Bobine Bobine magn\u00e9tisant\/d\u00e9magn\u00e9tisant portable AC de 25.4cm (10&Prime;) livr\u00e9e avec interrupteur au pied. 115VAC-50\/60Hz ou 230VAC-50\/60Hz. L-10-115: Magnaflux L-10 115VAC-50\/60Hz, bobine portative AC, ID: 25.4cm (10&Prime;), c\u00e2ble d&rsquo;alimentation flexible de 3m (10&prime;), sortie: 2,800Amp-tour AC. L-10-230: Magnaflux L-10 230VAC-50\/60Hz, bobine portative AC, ID: 25.4cm (10&Prime;), c\u00e2ble d&rsquo;alimentation flexible de 3m (10&prime;), sortie: 2,800Amp-tour [&hellip;]<\/p>\n","protected":false},"featured_media":13156,"template":"","meta":{"_monsterinsights_skip_tracking":false,"_monsterinsights_sitenote_active":false,"_monsterinsights_sitenote_note":"","_monsterinsights_sitenote_category":0},"product_brand":[],"product_cat":[369,134],"product_tag":[],"class_list":{"0":"post-4323","1":"product","2":"type-product","3":"status-publish","4":"has-post-thumbnail","6":"product_cat-magnaflux-fr","7":"product_cat-accessoires-magnetoscopie","9":"first","10":"instock","11":"shipping-taxable","12":"purchasable","13":"product-type-variable"},"yoast_head":"<!-- This site is optimized with the Yoast SEO plugin v23.9 - https:\/\/yoast.com\/wordpress\/plugins\/seo\/ -->\n<title>Magnaflux, L-10 Bobine &#060; Qualit\u00e9 NDE<\/title>\n<meta name=\"description\" content=\"Magnaflux L-10 : bobine AC portative 25,4\u202fcm pour magn\u00e9tisation\/d\u00e9magn\u00e9tisation, 2\u202f800\u202fAmp-tours, avec p\u00e9dale et c\u00e2ble 3\u202fm.\" \/>\n<meta name=\"robots\" content=\"index, follow, max-snippet:-1, max-image-preview:large, max-video-preview:-1\" \/>\n<link rel=\"canonical\" href=\"https:\/\/www.qnde.ca\/fr\/produit\/l10-fr\/\" \/>\n<meta name=\"twitter:label1\" content=\"Dur\u00e9e de lecture estim\u00e9e\" \/>\n\t<meta name=\"twitter:data1\" content=\"1 minute\" \/>\n<script type=\"application\/ld+json\" class=\"yoast-schema-graph\">{\"@context\":\"https:\/\/schema.org\",\"@graph\":[{\"@type\":[\"WebPage\",\"ItemPage\"],\"@id\":\"https:\/\/www.qnde.ca\/fr\/produit\/l10-fr\/\",\"url\":\"https:\/\/www.qnde.ca\/fr\/produit\/l10-fr\/\",\"name\":\"Magnaflux, L-10 Bobine &#060; Qualit\u00e9 NDE\",\"isPartOf\":{\"@id\":\"https:\/\/www.qnde.ca\/#website\"},\"primaryImageOfPage\":{\"@id\":\"https:\/\/www.qnde.ca\/fr\/produit\/l10-fr\/#primaryimage\"},\"image\":{\"@id\":\"https:\/\/www.qnde.ca\/fr\/produit\/l10-fr\/#primaryimage\"},\"thumbnailUrl\":\"https:\/\/www.qnde.ca\/wp-content\/uploads\/2020\/12\/50651_L-10-Coil-2000x2000px-Webwithlabel.jpg\",\"datePublished\":\"2016-01-08T20:07:33+00:00\",\"dateModified\":\"2025-08-12T12:36:22+00:00\",\"description\":\"Magnaflux L-10 : bobine AC portative 25,4\u202fcm pour magn\u00e9tisation\/d\u00e9magn\u00e9tisation, 2\u202f800\u202fAmp-tours, avec p\u00e9dale et c\u00e2ble 3\u202fm.\",\"breadcrumb\":{\"@id\":\"https:\/\/www.qnde.ca\/fr\/produit\/l10-fr\/#breadcrumb\"},\"inLanguage\":\"fr-FR\",\"potentialAction\":[{\"@type\":\"ReadAction\",\"target\":[\"https:\/\/www.qnde.ca\/fr\/produit\/l10-fr\/\"]}]},{\"@type\":\"ImageObject\",\"inLanguage\":\"fr-FR\",\"@id\":\"https:\/\/www.qnde.ca\/fr\/produit\/l10-fr\/#primaryimage\",\"url\":\"https:\/\/www.qnde.ca\/wp-content\/uploads\/2020\/12\/50651_L-10-Coil-2000x2000px-Webwithlabel.jpg\",\"contentUrl\":\"https:\/\/www.qnde.ca\/wp-content\/uploads\/2020\/12\/50651_L-10-Coil-2000x2000px-Webwithlabel.jpg\",\"width\":2000,\"height\":2000,\"caption\":\"L-10 Bobine portative_face\"},{\"@type\":\"BreadcrumbList\",\"@id\":\"https:\/\/www.qnde.ca\/fr\/produit\/l10-fr\/#breadcrumb\",\"itemListElement\":[{\"@type\":\"ListItem\",\"position\":1,\"name\":\"Accueil\",\"item\":\"https:\/\/www.qnde.ca\/fr\/\"},{\"@type\":\"ListItem\",\"position\":2,\"name\":\"Produits\",\"item\":\"https:\/\/www.qnde.ca\/fr\/produits\/\"},{\"@type\":\"ListItem\",\"position\":3,\"name\":\"Marques\",\"item\":\"https:\/\/www.qnde.ca\/fr\/product-category\/marques\/\"},{\"@type\":\"ListItem\",\"position\":4,\"name\":\"Magnaflux\",\"item\":\"https:\/\/www.qnde.ca\/fr\/product-category\/marques\/magnaflux-fr\/\"},{\"@type\":\"ListItem\",\"position\":5,\"name\":\"Magnaflux, L-10 Bobine\"}]},{\"@type\":\"WebSite\",\"@id\":\"https:\/\/www.qnde.ca\/#website\",\"url\":\"https:\/\/www.qnde.ca\/\",\"name\":\"Qualit\u00e9 NDE\",\"description\":\"\u00c9quipements d&#039;essais non destructifs \",\"publisher\":{\"@id\":\"https:\/\/www.qnde.ca\/#organization\"},\"potentialAction\":[{\"@type\":\"SearchAction\",\"target\":{\"@type\":\"EntryPoint\",\"urlTemplate\":\"https:\/\/www.qnde.ca\/?s={search_term_string}\"},\"query-input\":{\"@type\":\"PropertyValueSpecification\",\"valueRequired\":true,\"valueName\":\"search_term_string\"}}],\"inLanguage\":\"fr-FR\"},{\"@type\":\"Organization\",\"@id\":\"https:\/\/www.qnde.ca\/#organization\",\"name\":\"Quality NDT Ltd.\",\"url\":\"https:\/\/www.qnde.ca\/\",\"logo\":{\"@type\":\"ImageObject\",\"inLanguage\":\"fr-FR\",\"@id\":\"https:\/\/www.qnde.ca\/#\/schema\/logo\/image\/\",\"url\":\"https:\/\/www.qnde.ca\/wp-content\/uploads\/2022\/02\/QNDE_logo_RGB-gif.gif\",\"contentUrl\":\"https:\/\/www.qnde.ca\/wp-content\/uploads\/2022\/02\/QNDE_logo_RGB-gif.gif\",\"width\":250,\"height\":64,\"caption\":\"Quality NDT Ltd.\"},\"image\":{\"@id\":\"https:\/\/www.qnde.ca\/#\/schema\/logo\/image\/\"},\"sameAs\":[\"https:\/\/www.linkedin.com\/company\/qnde\/about\/?viewAsMember=true\"]}]}<\/script>\n<!-- \/ Yoast SEO plugin. -->","yoast_head_json":{"title":"Magnaflux, L-10 Bobine &#060; Qualit\u00e9 NDE","description":"Magnaflux L-10 : bobine AC portative 25,4\u202fcm pour magn\u00e9tisation\/d\u00e9magn\u00e9tisation, 2\u202f800\u202fAmp-tours, avec p\u00e9dale et c\u00e2ble 3\u202fm.","robots":{"index":"index","follow":"follow","max-snippet":"max-snippet:-1","max-image-preview":"max-image-preview:large","max-video-preview":"max-video-preview:-1"},"canonical":"https:\/\/www.qnde.ca\/fr\/produit\/l10-fr\/","twitter_misc":{"Dur\u00e9e de lecture estim\u00e9e":"1 minute"},"schema":{"@context":"https:\/\/schema.org","@graph":[{"@type":["WebPage","ItemPage"],"@id":"https:\/\/www.qnde.ca\/fr\/produit\/l10-fr\/","url":"https:\/\/www.qnde.ca\/fr\/produit\/l10-fr\/","name":"Magnaflux, L-10 Bobine &#060; Qualit\u00e9 NDE","isPartOf":{"@id":"https:\/\/www.qnde.ca\/#website"},"primaryImageOfPage":{"@id":"https:\/\/www.qnde.ca\/fr\/produit\/l10-fr\/#primaryimage"},"image":{"@id":"https:\/\/www.qnde.ca\/fr\/produit\/l10-fr\/#primaryimage"},"thumbnailUrl":"https:\/\/www.qnde.ca\/wp-content\/uploads\/2020\/12\/50651_L-10-Coil-2000x2000px-Webwithlabel.jpg","datePublished":"2016-01-08T20:07:33+00:00","dateModified":"2025-08-12T12:36:22+00:00","description":"Magnaflux L-10 : bobine AC portative 25,4\u202fcm pour magn\u00e9tisation\/d\u00e9magn\u00e9tisation, 2\u202f800\u202fAmp-tours, avec p\u00e9dale et c\u00e2ble 3\u202fm.","breadcrumb":{"@id":"https:\/\/www.qnde.ca\/fr\/produit\/l10-fr\/#breadcrumb"},"inLanguage":"fr-FR","potentialAction":[{"@type":"ReadAction","target":["https:\/\/www.qnde.ca\/fr\/produit\/l10-fr\/"]}]},{"@type":"ImageObject","inLanguage":"fr-FR","@id":"https:\/\/www.qnde.ca\/fr\/produit\/l10-fr\/#primaryimage","url":"https:\/\/www.qnde.ca\/wp-content\/uploads\/2020\/12\/50651_L-10-Coil-2000x2000px-Webwithlabel.jpg","contentUrl":"https:\/\/www.qnde.ca\/wp-content\/uploads\/2020\/12\/50651_L-10-Coil-2000x2000px-Webwithlabel.jpg","width":2000,"height":2000,"caption":"L-10 Bobine portative_face"},{"@type":"BreadcrumbList","@id":"https:\/\/www.qnde.ca\/fr\/produit\/l10-fr\/#breadcrumb","itemListElement":[{"@type":"ListItem","position":1,"name":"Accueil","item":"https:\/\/www.qnde.ca\/fr\/"},{"@type":"ListItem","position":2,"name":"Produits","item":"https:\/\/www.qnde.ca\/fr\/produits\/"},{"@type":"ListItem","position":3,"name":"Marques","item":"https:\/\/www.qnde.ca\/fr\/product-category\/marques\/"},{"@type":"ListItem","position":4,"name":"Magnaflux","item":"https:\/\/www.qnde.ca\/fr\/product-category\/marques\/magnaflux-fr\/"},{"@type":"ListItem","position":5,"name":"Magnaflux, L-10 Bobine"}]},{"@type":"WebSite","@id":"https:\/\/www.qnde.ca\/#website","url":"https:\/\/www.qnde.ca\/","name":"Qualit\u00e9 NDE","description":"\u00c9quipements d&#039;essais non destructifs ","publisher":{"@id":"https:\/\/www.qnde.ca\/#organization"},"potentialAction":[{"@type":"SearchAction","target":{"@type":"EntryPoint","urlTemplate":"https:\/\/www.qnde.ca\/?s={search_term_string}"},"query-input":{"@type":"PropertyValueSpecification","valueRequired":true,"valueName":"search_term_string"}}],"inLanguage":"fr-FR"},{"@type":"Organization","@id":"https:\/\/www.qnde.ca\/#organization","name":"Quality NDT Ltd.","url":"https:\/\/www.qnde.ca\/","logo":{"@type":"ImageObject","inLanguage":"fr-FR","@id":"https:\/\/www.qnde.ca\/#\/schema\/logo\/image\/","url":"https:\/\/www.qnde.ca\/wp-content\/uploads\/2022\/02\/QNDE_logo_RGB-gif.gif","contentUrl":"https:\/\/www.qnde.ca\/wp-content\/uploads\/2022\/02\/QNDE_logo_RGB-gif.gif","width":250,"height":64,"caption":"Quality NDT Ltd."},"image":{"@id":"https:\/\/www.qnde.ca\/#\/schema\/logo\/image\/"},"sameAs":["https:\/\/www.linkedin.com\/company\/qnde\/about\/?viewAsMember=true"]}]}},"jetpack_sharing_enabled":true,"_links":{"self":[{"href":"https:\/\/www.qnde.ca\/fr\/wp-json\/wp\/v2\/product\/4323","targetHints":{"allow":["GET"]}}],"collection":[{"href":"https:\/\/www.qnde.ca\/fr\/wp-json\/wp\/v2\/product"}],"about":[{"href":"https:\/\/www.qnde.ca\/fr\/wp-json\/wp\/v2\/types\/product"}],"wp:featuredmedia":[{"embeddable":true,"href":"https:\/\/www.qnde.ca\/fr\/wp-json\/wp\/v2\/media\/13156"}],"wp:attachment":[{"href":"https:\/\/www.qnde.ca\/fr\/wp-json\/wp\/v2\/media?parent=4323"}],"wp:term":[{"taxonomy":"product_brand","embeddable":true,"href":"https:\/\/www.qnde.ca\/fr\/wp-json\/wp\/v2\/product_brand?post=4323"},{"taxonomy":"product_cat","embeddable":true,"href":"https:\/\/www.qnde.ca\/fr\/wp-json\/wp\/v2\/product_cat?post=4323"},{"taxonomy":"product_tag","embeddable":true,"href":"https:\/\/www.qnde.ca\/fr\/wp-json\/wp\/v2\/product_tag?post=4323"}],"curies":[{"name":"wp","href":"https:\/\/api.w.org\/{rel}","templated":true}]}}