{"id":4317,"date":"2016-01-08T20:03:33","date_gmt":"2016-01-08T20:03:33","guid":{"rendered":"https:\/\/www.qnde.ca\/?post_type=product&#038;p=4317"},"modified":"2025-08-12T09:28:16","modified_gmt":"2025-08-12T13:28:16","slug":"qnde-abri-inspection","status":"publish","type":"product","link":"https:\/\/www.qnde.ca\/fr\/produit\/qnde-abri-inspection\/","title":{"rendered":"QNDE Abri d\u2019Inspection pour Banc Magn\u00e9tique ou Ligne de P\u00e9n\u00e9trant &#8211; SUR MESURE"},"content":{"rendered":"<h3><strong>QNDE Abri d\u2019Inspection pour Banc Magn\u00e9tique ou Ligne de P\u00e9n\u00e9trant &#8211; SUR MESURE<\/strong><\/h3>\n<p>Ces abris d\u2019inspection pour stations d\u2019inspection pour banc magn\u00e9tiques et lignes de p\u00e9n\u00e9trants sont fait sur-mesure par Qualit\u00e9 NDE. Concues avec rideaux r\u00e9sistants aux flammes, p\u00e9n\u00e9trant et moisissures, et avec ouverture avant de \u00ab style th\u00e9\u00e2tre \u00bb afin de d\u00e9placer les rideaux hors du chemin pour un acc\u00e8s facile.<\/p>\n<p>Ces abris d\u2019inspection fait sur-mesure peuvent etre concues avec une lampe DEL UV et\/ou lumi\u00e8re blanche (et interrupteur ON\/OFF), ainsi que des d\u00e9tails de ventilation.<\/p>\n<p>&nbsp;<\/p>\n<ul>\n<li>No. d\u2019article : QZZ1001<\/li>\n<\/ul>\n<p>&nbsp;<\/p>\n<p>Communiquez avec nous pour discuter les dimensions et longueur de rideaux besoin, et envoyez-nous quelques images de vos besoins pour recevoir une soumission pour votre abri d&rsquo;inspection sur mesure.<\/p>\n","protected":false},"excerpt":{"rendered":"<p>QNDE Abri d\u2019Inspection pour Banc Magn\u00e9tique ou Ligne de P\u00e9n\u00e9trant &#8211; SUR MESURE Ces abris d\u2019inspection pour stations d\u2019inspection pour banc magn\u00e9tiques et lignes de p\u00e9n\u00e9trants sont fait sur-mesure par Qualit\u00e9 NDE. Concues avec rideaux r\u00e9sistants aux flammes, p\u00e9n\u00e9trant et moisissures, et avec ouverture avant de \u00ab style th\u00e9\u00e2tre \u00bb afin de d\u00e9placer les rideaux [&hellip;]<\/p>\n","protected":false},"featured_media":27867,"template":"","meta":{"_monsterinsights_skip_tracking":false,"_monsterinsights_sitenote_active":false,"_monsterinsights_sitenote_note":"","_monsterinsights_sitenote_category":0},"product_brand":[],"product_cat":[392,134,361,123,122],"product_tag":[],"class_list":{"0":"post-4317","1":"product","2":"type-product","3":"status-publish","4":"has-post-thumbnail","6":"product_cat-qnde-fr","7":"product_cat-accessoires-magnetoscopie","8":"product_cat-ligne-de-penetrants","9":"product_cat-accessoires-ressuage","10":"product_cat-equipements-ressuage","12":"first","13":"instock","14":"shipping-taxable","15":"purchasable","16":"product-type-simple"},"yoast_head":"<!-- This site is optimized with the Yoast SEO plugin v23.9 - https:\/\/yoast.com\/wordpress\/plugins\/seo\/ -->\n<title>QNDE Abri d\u2019Inspection pour Banc Magn\u00e9tique ou Ligne de P\u00e9n\u00e9trant - SUR MESURE &#060; Qualit\u00e9 NDE<\/title>\n<meta name=\"description\" content=\"Abri d&#039;inspection pour banc magn\u00e9tique ou ligne de p\u00e9n\u00e9trant de QNDE. Rideaux r\u00e9sistants au flammes, p\u00e9n\u00e9trants, et moisissures.\" \/>\n<meta name=\"robots\" content=\"index, follow, max-snippet:-1, max-image-preview:large, max-video-preview:-1\" \/>\n<link rel=\"canonical\" href=\"https:\/\/www.qnde.ca\/fr\/produit\/qnde-abri-inspection\/\" \/>\n<meta name=\"twitter:label1\" content=\"Dur\u00e9e de lecture estim\u00e9e\" \/>\n\t<meta name=\"twitter:data1\" content=\"1 minute\" \/>\n<script type=\"application\/ld+json\" class=\"yoast-schema-graph\">{\"@context\":\"https:\/\/schema.org\",\"@graph\":[{\"@type\":[\"WebPage\",\"ItemPage\"],\"@id\":\"https:\/\/www.qnde.ca\/fr\/produit\/qnde-abri-inspection\/\",\"url\":\"https:\/\/www.qnde.ca\/fr\/produit\/qnde-abri-inspection\/\",\"name\":\"QNDE Abri d\u2019Inspection pour Banc Magn\u00e9tique ou Ligne de P\u00e9n\u00e9trant - SUR MESURE &#060; Qualit\u00e9 NDE\",\"isPartOf\":{\"@id\":\"https:\/\/www.qnde.ca\/#website\"},\"primaryImageOfPage\":{\"@id\":\"https:\/\/www.qnde.ca\/fr\/produit\/qnde-abri-inspection\/#primaryimage\"},\"image\":{\"@id\":\"https:\/\/www.qnde.ca\/fr\/produit\/qnde-abri-inspection\/#primaryimage\"},\"thumbnailUrl\":\"https:\/\/www.qnde.ca\/wp-content\/uploads\/2016\/01\/TVGX9256-scaled-scaled.jpg\",\"datePublished\":\"2016-01-08T20:03:33+00:00\",\"dateModified\":\"2025-08-12T13:28:16+00:00\",\"description\":\"Abri d'inspection pour banc magn\u00e9tique ou ligne de p\u00e9n\u00e9trant de QNDE. Rideaux r\u00e9sistants au flammes, p\u00e9n\u00e9trants, et moisissures.\",\"breadcrumb\":{\"@id\":\"https:\/\/www.qnde.ca\/fr\/produit\/qnde-abri-inspection\/#breadcrumb\"},\"inLanguage\":\"fr-FR\",\"potentialAction\":[{\"@type\":\"ReadAction\",\"target\":[\"https:\/\/www.qnde.ca\/fr\/produit\/qnde-abri-inspection\/\"]}]},{\"@type\":\"ImageObject\",\"inLanguage\":\"fr-FR\",\"@id\":\"https:\/\/www.qnde.ca\/fr\/produit\/qnde-abri-inspection\/#primaryimage\",\"url\":\"https:\/\/www.qnde.ca\/wp-content\/uploads\/2016\/01\/TVGX9256-scaled-scaled.jpg\",\"contentUrl\":\"https:\/\/www.qnde.ca\/wp-content\/uploads\/2016\/01\/TVGX9256-scaled-scaled.jpg\",\"width\":2048,\"height\":1536},{\"@type\":\"BreadcrumbList\",\"@id\":\"https:\/\/www.qnde.ca\/fr\/produit\/qnde-abri-inspection\/#breadcrumb\",\"itemListElement\":[{\"@type\":\"ListItem\",\"position\":1,\"name\":\"Accueil\",\"item\":\"https:\/\/www.qnde.ca\/fr\/\"},{\"@type\":\"ListItem\",\"position\":2,\"name\":\"Produits\",\"item\":\"https:\/\/www.qnde.ca\/fr\/produits\/\"},{\"@type\":\"ListItem\",\"position\":3,\"name\":\"Magn\u00e9toscopie\",\"item\":\"https:\/\/www.qnde.ca\/fr\/product-category\/magnetoscopie\/\"},{\"@type\":\"ListItem\",\"position\":4,\"name\":\"Accessoires\",\"item\":\"https:\/\/www.qnde.ca\/fr\/product-category\/magnetoscopie\/accessoires-magnetoscopie\/\"},{\"@type\":\"ListItem\",\"position\":5,\"name\":\"QNDE Abri d\u2019Inspection pour Banc Magn\u00e9tique ou Ligne de P\u00e9n\u00e9trant &#8211; SUR MESURE\"}]},{\"@type\":\"WebSite\",\"@id\":\"https:\/\/www.qnde.ca\/#website\",\"url\":\"https:\/\/www.qnde.ca\/\",\"name\":\"Qualit\u00e9 NDE\",\"description\":\"\u00c9quipements d&#039;essais non destructifs \",\"publisher\":{\"@id\":\"https:\/\/www.qnde.ca\/#organization\"},\"potentialAction\":[{\"@type\":\"SearchAction\",\"target\":{\"@type\":\"EntryPoint\",\"urlTemplate\":\"https:\/\/www.qnde.ca\/?s={search_term_string}\"},\"query-input\":{\"@type\":\"PropertyValueSpecification\",\"valueRequired\":true,\"valueName\":\"search_term_string\"}}],\"inLanguage\":\"fr-FR\"},{\"@type\":\"Organization\",\"@id\":\"https:\/\/www.qnde.ca\/#organization\",\"name\":\"Quality NDT Ltd.\",\"url\":\"https:\/\/www.qnde.ca\/\",\"logo\":{\"@type\":\"ImageObject\",\"inLanguage\":\"fr-FR\",\"@id\":\"https:\/\/www.qnde.ca\/#\/schema\/logo\/image\/\",\"url\":\"https:\/\/www.qnde.ca\/wp-content\/uploads\/2022\/02\/QNDE_logo_RGB-gif.gif\",\"contentUrl\":\"https:\/\/www.qnde.ca\/wp-content\/uploads\/2022\/02\/QNDE_logo_RGB-gif.gif\",\"width\":250,\"height\":64,\"caption\":\"Quality NDT Ltd.\"},\"image\":{\"@id\":\"https:\/\/www.qnde.ca\/#\/schema\/logo\/image\/\"},\"sameAs\":[\"https:\/\/www.linkedin.com\/company\/qnde\/about\/?viewAsMember=true\"]}]}<\/script>\n<!-- \/ Yoast SEO plugin. -->","yoast_head_json":{"title":"QNDE Abri d\u2019Inspection pour Banc Magn\u00e9tique ou Ligne de P\u00e9n\u00e9trant - SUR MESURE &#060; Qualit\u00e9 NDE","description":"Abri d'inspection pour banc magn\u00e9tique ou ligne de p\u00e9n\u00e9trant de QNDE. Rideaux r\u00e9sistants au flammes, p\u00e9n\u00e9trants, et moisissures.","robots":{"index":"index","follow":"follow","max-snippet":"max-snippet:-1","max-image-preview":"max-image-preview:large","max-video-preview":"max-video-preview:-1"},"canonical":"https:\/\/www.qnde.ca\/fr\/produit\/qnde-abri-inspection\/","twitter_misc":{"Dur\u00e9e de lecture estim\u00e9e":"1 minute"},"schema":{"@context":"https:\/\/schema.org","@graph":[{"@type":["WebPage","ItemPage"],"@id":"https:\/\/www.qnde.ca\/fr\/produit\/qnde-abri-inspection\/","url":"https:\/\/www.qnde.ca\/fr\/produit\/qnde-abri-inspection\/","name":"QNDE Abri d\u2019Inspection pour Banc Magn\u00e9tique ou Ligne de P\u00e9n\u00e9trant - SUR MESURE &#060; Qualit\u00e9 NDE","isPartOf":{"@id":"https:\/\/www.qnde.ca\/#website"},"primaryImageOfPage":{"@id":"https:\/\/www.qnde.ca\/fr\/produit\/qnde-abri-inspection\/#primaryimage"},"image":{"@id":"https:\/\/www.qnde.ca\/fr\/produit\/qnde-abri-inspection\/#primaryimage"},"thumbnailUrl":"https:\/\/www.qnde.ca\/wp-content\/uploads\/2016\/01\/TVGX9256-scaled-scaled.jpg","datePublished":"2016-01-08T20:03:33+00:00","dateModified":"2025-08-12T13:28:16+00:00","description":"Abri d'inspection pour banc magn\u00e9tique ou ligne de p\u00e9n\u00e9trant de QNDE. Rideaux r\u00e9sistants au flammes, p\u00e9n\u00e9trants, et moisissures.","breadcrumb":{"@id":"https:\/\/www.qnde.ca\/fr\/produit\/qnde-abri-inspection\/#breadcrumb"},"inLanguage":"fr-FR","potentialAction":[{"@type":"ReadAction","target":["https:\/\/www.qnde.ca\/fr\/produit\/qnde-abri-inspection\/"]}]},{"@type":"ImageObject","inLanguage":"fr-FR","@id":"https:\/\/www.qnde.ca\/fr\/produit\/qnde-abri-inspection\/#primaryimage","url":"https:\/\/www.qnde.ca\/wp-content\/uploads\/2016\/01\/TVGX9256-scaled-scaled.jpg","contentUrl":"https:\/\/www.qnde.ca\/wp-content\/uploads\/2016\/01\/TVGX9256-scaled-scaled.jpg","width":2048,"height":1536},{"@type":"BreadcrumbList","@id":"https:\/\/www.qnde.ca\/fr\/produit\/qnde-abri-inspection\/#breadcrumb","itemListElement":[{"@type":"ListItem","position":1,"name":"Accueil","item":"https:\/\/www.qnde.ca\/fr\/"},{"@type":"ListItem","position":2,"name":"Produits","item":"https:\/\/www.qnde.ca\/fr\/produits\/"},{"@type":"ListItem","position":3,"name":"Magn\u00e9toscopie","item":"https:\/\/www.qnde.ca\/fr\/product-category\/magnetoscopie\/"},{"@type":"ListItem","position":4,"name":"Accessoires","item":"https:\/\/www.qnde.ca\/fr\/product-category\/magnetoscopie\/accessoires-magnetoscopie\/"},{"@type":"ListItem","position":5,"name":"QNDE Abri d\u2019Inspection pour Banc Magn\u00e9tique ou Ligne de P\u00e9n\u00e9trant &#8211; SUR MESURE"}]},{"@type":"WebSite","@id":"https:\/\/www.qnde.ca\/#website","url":"https:\/\/www.qnde.ca\/","name":"Qualit\u00e9 NDE","description":"\u00c9quipements d&#039;essais non destructifs ","publisher":{"@id":"https:\/\/www.qnde.ca\/#organization"},"potentialAction":[{"@type":"SearchAction","target":{"@type":"EntryPoint","urlTemplate":"https:\/\/www.qnde.ca\/?s={search_term_string}"},"query-input":{"@type":"PropertyValueSpecification","valueRequired":true,"valueName":"search_term_string"}}],"inLanguage":"fr-FR"},{"@type":"Organization","@id":"https:\/\/www.qnde.ca\/#organization","name":"Quality NDT Ltd.","url":"https:\/\/www.qnde.ca\/","logo":{"@type":"ImageObject","inLanguage":"fr-FR","@id":"https:\/\/www.qnde.ca\/#\/schema\/logo\/image\/","url":"https:\/\/www.qnde.ca\/wp-content\/uploads\/2022\/02\/QNDE_logo_RGB-gif.gif","contentUrl":"https:\/\/www.qnde.ca\/wp-content\/uploads\/2022\/02\/QNDE_logo_RGB-gif.gif","width":250,"height":64,"caption":"Quality NDT Ltd."},"image":{"@id":"https:\/\/www.qnde.ca\/#\/schema\/logo\/image\/"},"sameAs":["https:\/\/www.linkedin.com\/company\/qnde\/about\/?viewAsMember=true"]}]}},"jetpack_sharing_enabled":true,"_links":{"self":[{"href":"https:\/\/www.qnde.ca\/fr\/wp-json\/wp\/v2\/product\/4317","targetHints":{"allow":["GET"]}}],"collection":[{"href":"https:\/\/www.qnde.ca\/fr\/wp-json\/wp\/v2\/product"}],"about":[{"href":"https:\/\/www.qnde.ca\/fr\/wp-json\/wp\/v2\/types\/product"}],"wp:featuredmedia":[{"embeddable":true,"href":"https:\/\/www.qnde.ca\/fr\/wp-json\/wp\/v2\/media\/27867"}],"wp:attachment":[{"href":"https:\/\/www.qnde.ca\/fr\/wp-json\/wp\/v2\/media?parent=4317"}],"wp:term":[{"taxonomy":"product_brand","embeddable":true,"href":"https:\/\/www.qnde.ca\/fr\/wp-json\/wp\/v2\/product_brand?post=4317"},{"taxonomy":"product_cat","embeddable":true,"href":"https:\/\/www.qnde.ca\/fr\/wp-json\/wp\/v2\/product_cat?post=4317"},{"taxonomy":"product_tag","embeddable":true,"href":"https:\/\/www.qnde.ca\/fr\/wp-json\/wp\/v2\/product_tag?post=4317"}],"curies":[{"name":"wp","href":"https:\/\/api.w.org\/{rel}","templated":true}]}}