{"id":4294,"date":"2016-01-08T19:43:39","date_gmt":"2016-01-08T19:43:39","guid":{"rendered":"https:\/\/www.qnde.ca\/?post_type=product&#038;p=4294"},"modified":"2025-08-11T16:27:02","modified_gmt":"2025-08-11T20:27:02","slug":"adaptateur-lug-a-deux-extremites","status":"publish","type":"product","link":"https:\/\/www.qnde.ca\/fr\/produit\/adaptateur-lug-a-deux-extremites\/","title":{"rendered":"Magnaflux Adaptateur \u00ab\u00a0lug\u00a0\u00bb \u00e0 2 extr\u00e9mit\u00e9s"},"content":{"rendered":"<h3 id=\"ctl01_ctl00_cphMainContent_ProductTitle\">Magnaflux Adaptateur \u00ab\u00a0lug\u00a0\u00bb \u00e0 2 extr\u00e9mit\u00e9s<\/h3>\n<p>Convertit les bornes du \u00ab\u00a0lug\u00a0\u00bb en bornes \u00e0 deux extr\u00e9mit\u00e9s.<\/p>\n<ul>\n<li><strong>1574: Adaptateur \u00ab\u00a0eitherend\u00a0\u00bb \u00ab\u00a0lug\u00a0\u00bb \u2013 \u00c9troit.<\/strong><\/li>\n<li><strong>1576: Adaptateur \u00ab\u00a0eitherend\u00a0\u00bb \u00ab\u00a0lug\u00a0\u00bb \u2013 90 degr\u00e9s.<\/strong><\/li>\n<\/ul>\n","protected":false},"excerpt":{"rendered":"<p>Magnaflux Adaptateur \u00ab\u00a0lug\u00a0\u00bb \u00e0 2 extr\u00e9mit\u00e9s Convertit les bornes du \u00ab\u00a0lug\u00a0\u00bb en bornes \u00e0 deux extr\u00e9mit\u00e9s. 1574: Adaptateur \u00ab\u00a0eitherend\u00a0\u00bb \u00ab\u00a0lug\u00a0\u00bb \u2013 \u00c9troit. 1576: Adaptateur \u00ab\u00a0eitherend\u00a0\u00bb \u00ab\u00a0lug\u00a0\u00bb \u2013 90 degr\u00e9s.<\/p>\n","protected":false},"featured_media":10985,"template":"","meta":{"_monsterinsights_skip_tracking":false,"_monsterinsights_sitenote_active":false,"_monsterinsights_sitenote_note":"","_monsterinsights_sitenote_category":0},"product_brand":[],"product_cat":[369,134],"product_tag":[],"class_list":{"0":"post-4294","1":"product","2":"type-product","3":"status-publish","4":"has-post-thumbnail","6":"product_cat-magnaflux-fr","7":"product_cat-accessoires-magnetoscopie","9":"first","10":"instock","11":"shipping-taxable","12":"purchasable","13":"product-type-variable"},"yoast_head":"<!-- This site is optimized with the Yoast SEO plugin v23.9 - https:\/\/yoast.com\/wordpress\/plugins\/seo\/ -->\n<title>Magnaflux Adaptateur &quot;lug&quot; \u00e0 2 extr\u00e9mit\u00e9s &#060; Qualit\u00e9 NDE<\/title>\n<meta name=\"description\" content=\"Adaptateurs &quot;lug&quot; Magnaflux convertissant en bornes \u00e0 deux extr\u00e9mit\u00e9s. Mod\u00e8les \u00e9troit (1574) et \u00e0 90\u00b0 (1576) disponibles.\" \/>\n<meta name=\"robots\" content=\"index, follow, max-snippet:-1, max-image-preview:large, max-video-preview:-1\" \/>\n<link rel=\"canonical\" href=\"https:\/\/www.qnde.ca\/fr\/produit\/adaptateur-lug-a-deux-extremites\/\" \/>\n<meta name=\"twitter:label1\" content=\"Dur\u00e9e de lecture estim\u00e9e\" \/>\n\t<meta name=\"twitter:data1\" content=\"1 minute\" \/>\n<script type=\"application\/ld+json\" class=\"yoast-schema-graph\">{\"@context\":\"https:\/\/schema.org\",\"@graph\":[{\"@type\":[\"WebPage\",\"ItemPage\"],\"@id\":\"https:\/\/www.qnde.ca\/fr\/produit\/adaptateur-lug-a-deux-extremites\/\",\"url\":\"https:\/\/www.qnde.ca\/fr\/produit\/adaptateur-lug-a-deux-extremites\/\",\"name\":\"Magnaflux Adaptateur \\\"lug\\\" \u00e0 2 extr\u00e9mit\u00e9s &#060; Qualit\u00e9 NDE\",\"isPartOf\":{\"@id\":\"https:\/\/www.qnde.ca\/#website\"},\"primaryImageOfPage\":{\"@id\":\"https:\/\/www.qnde.ca\/fr\/produit\/adaptateur-lug-a-deux-extremites\/#primaryimage\"},\"image\":{\"@id\":\"https:\/\/www.qnde.ca\/fr\/produit\/adaptateur-lug-a-deux-extremites\/#primaryimage\"},\"thumbnailUrl\":\"https:\/\/www.qnde.ca\/wp-content\/uploads\/2016\/01\/p-994-1576.jpg\",\"datePublished\":\"2016-01-08T19:43:39+00:00\",\"dateModified\":\"2025-08-11T20:27:02+00:00\",\"description\":\"Adaptateurs \\\"lug\\\" Magnaflux convertissant en bornes \u00e0 deux extr\u00e9mit\u00e9s. Mod\u00e8les \u00e9troit (1574) et \u00e0 90\u00b0 (1576) disponibles.\",\"breadcrumb\":{\"@id\":\"https:\/\/www.qnde.ca\/fr\/produit\/adaptateur-lug-a-deux-extremites\/#breadcrumb\"},\"inLanguage\":\"fr-FR\",\"potentialAction\":[{\"@type\":\"ReadAction\",\"target\":[\"https:\/\/www.qnde.ca\/fr\/produit\/adaptateur-lug-a-deux-extremites\/\"]}]},{\"@type\":\"ImageObject\",\"inLanguage\":\"fr-FR\",\"@id\":\"https:\/\/www.qnde.ca\/fr\/produit\/adaptateur-lug-a-deux-extremites\/#primaryimage\",\"url\":\"https:\/\/www.qnde.ca\/wp-content\/uploads\/2016\/01\/p-994-1576.jpg\",\"contentUrl\":\"https:\/\/www.qnde.ca\/wp-content\/uploads\/2016\/01\/p-994-1576.jpg\",\"width\":525,\"height\":571},{\"@type\":\"BreadcrumbList\",\"@id\":\"https:\/\/www.qnde.ca\/fr\/produit\/adaptateur-lug-a-deux-extremites\/#breadcrumb\",\"itemListElement\":[{\"@type\":\"ListItem\",\"position\":1,\"name\":\"Accueil\",\"item\":\"https:\/\/www.qnde.ca\/fr\/\"},{\"@type\":\"ListItem\",\"position\":2,\"name\":\"Produits\",\"item\":\"https:\/\/www.qnde.ca\/fr\/produits\/\"},{\"@type\":\"ListItem\",\"position\":3,\"name\":\"Magn\u00e9toscopie\",\"item\":\"https:\/\/www.qnde.ca\/fr\/product-category\/magnetoscopie\/\"},{\"@type\":\"ListItem\",\"position\":4,\"name\":\"Accessoires\",\"item\":\"https:\/\/www.qnde.ca\/fr\/product-category\/magnetoscopie\/accessoires-magnetoscopie\/\"},{\"@type\":\"ListItem\",\"position\":5,\"name\":\"Magnaflux Adaptateur &#8220;lug&#8221; \u00e0 2 extr\u00e9mit\u00e9s\"}]},{\"@type\":\"WebSite\",\"@id\":\"https:\/\/www.qnde.ca\/#website\",\"url\":\"https:\/\/www.qnde.ca\/\",\"name\":\"Qualit\u00e9 NDE\",\"description\":\"\u00c9quipements d&#039;essais non destructifs \",\"publisher\":{\"@id\":\"https:\/\/www.qnde.ca\/#organization\"},\"potentialAction\":[{\"@type\":\"SearchAction\",\"target\":{\"@type\":\"EntryPoint\",\"urlTemplate\":\"https:\/\/www.qnde.ca\/?s={search_term_string}\"},\"query-input\":{\"@type\":\"PropertyValueSpecification\",\"valueRequired\":true,\"valueName\":\"search_term_string\"}}],\"inLanguage\":\"fr-FR\"},{\"@type\":\"Organization\",\"@id\":\"https:\/\/www.qnde.ca\/#organization\",\"name\":\"Quality NDT Ltd.\",\"url\":\"https:\/\/www.qnde.ca\/\",\"logo\":{\"@type\":\"ImageObject\",\"inLanguage\":\"fr-FR\",\"@id\":\"https:\/\/www.qnde.ca\/#\/schema\/logo\/image\/\",\"url\":\"https:\/\/www.qnde.ca\/wp-content\/uploads\/2022\/02\/QNDE_logo_RGB-gif.gif\",\"contentUrl\":\"https:\/\/www.qnde.ca\/wp-content\/uploads\/2022\/02\/QNDE_logo_RGB-gif.gif\",\"width\":250,\"height\":64,\"caption\":\"Quality NDT Ltd.\"},\"image\":{\"@id\":\"https:\/\/www.qnde.ca\/#\/schema\/logo\/image\/\"},\"sameAs\":[\"https:\/\/www.linkedin.com\/company\/qnde\/about\/?viewAsMember=true\"]}]}<\/script>\n<!-- \/ Yoast SEO plugin. -->","yoast_head_json":{"title":"Magnaflux Adaptateur \"lug\" \u00e0 2 extr\u00e9mit\u00e9s &#060; Qualit\u00e9 NDE","description":"Adaptateurs \"lug\" Magnaflux convertissant en bornes \u00e0 deux extr\u00e9mit\u00e9s. Mod\u00e8les \u00e9troit (1574) et \u00e0 90\u00b0 (1576) disponibles.","robots":{"index":"index","follow":"follow","max-snippet":"max-snippet:-1","max-image-preview":"max-image-preview:large","max-video-preview":"max-video-preview:-1"},"canonical":"https:\/\/www.qnde.ca\/fr\/produit\/adaptateur-lug-a-deux-extremites\/","twitter_misc":{"Dur\u00e9e de lecture estim\u00e9e":"1 minute"},"schema":{"@context":"https:\/\/schema.org","@graph":[{"@type":["WebPage","ItemPage"],"@id":"https:\/\/www.qnde.ca\/fr\/produit\/adaptateur-lug-a-deux-extremites\/","url":"https:\/\/www.qnde.ca\/fr\/produit\/adaptateur-lug-a-deux-extremites\/","name":"Magnaflux Adaptateur \"lug\" \u00e0 2 extr\u00e9mit\u00e9s &#060; Qualit\u00e9 NDE","isPartOf":{"@id":"https:\/\/www.qnde.ca\/#website"},"primaryImageOfPage":{"@id":"https:\/\/www.qnde.ca\/fr\/produit\/adaptateur-lug-a-deux-extremites\/#primaryimage"},"image":{"@id":"https:\/\/www.qnde.ca\/fr\/produit\/adaptateur-lug-a-deux-extremites\/#primaryimage"},"thumbnailUrl":"https:\/\/www.qnde.ca\/wp-content\/uploads\/2016\/01\/p-994-1576.jpg","datePublished":"2016-01-08T19:43:39+00:00","dateModified":"2025-08-11T20:27:02+00:00","description":"Adaptateurs \"lug\" Magnaflux convertissant en bornes \u00e0 deux extr\u00e9mit\u00e9s. Mod\u00e8les \u00e9troit (1574) et \u00e0 90\u00b0 (1576) disponibles.","breadcrumb":{"@id":"https:\/\/www.qnde.ca\/fr\/produit\/adaptateur-lug-a-deux-extremites\/#breadcrumb"},"inLanguage":"fr-FR","potentialAction":[{"@type":"ReadAction","target":["https:\/\/www.qnde.ca\/fr\/produit\/adaptateur-lug-a-deux-extremites\/"]}]},{"@type":"ImageObject","inLanguage":"fr-FR","@id":"https:\/\/www.qnde.ca\/fr\/produit\/adaptateur-lug-a-deux-extremites\/#primaryimage","url":"https:\/\/www.qnde.ca\/wp-content\/uploads\/2016\/01\/p-994-1576.jpg","contentUrl":"https:\/\/www.qnde.ca\/wp-content\/uploads\/2016\/01\/p-994-1576.jpg","width":525,"height":571},{"@type":"BreadcrumbList","@id":"https:\/\/www.qnde.ca\/fr\/produit\/adaptateur-lug-a-deux-extremites\/#breadcrumb","itemListElement":[{"@type":"ListItem","position":1,"name":"Accueil","item":"https:\/\/www.qnde.ca\/fr\/"},{"@type":"ListItem","position":2,"name":"Produits","item":"https:\/\/www.qnde.ca\/fr\/produits\/"},{"@type":"ListItem","position":3,"name":"Magn\u00e9toscopie","item":"https:\/\/www.qnde.ca\/fr\/product-category\/magnetoscopie\/"},{"@type":"ListItem","position":4,"name":"Accessoires","item":"https:\/\/www.qnde.ca\/fr\/product-category\/magnetoscopie\/accessoires-magnetoscopie\/"},{"@type":"ListItem","position":5,"name":"Magnaflux Adaptateur &#8220;lug&#8221; \u00e0 2 extr\u00e9mit\u00e9s"}]},{"@type":"WebSite","@id":"https:\/\/www.qnde.ca\/#website","url":"https:\/\/www.qnde.ca\/","name":"Qualit\u00e9 NDE","description":"\u00c9quipements d&#039;essais non destructifs ","publisher":{"@id":"https:\/\/www.qnde.ca\/#organization"},"potentialAction":[{"@type":"SearchAction","target":{"@type":"EntryPoint","urlTemplate":"https:\/\/www.qnde.ca\/?s={search_term_string}"},"query-input":{"@type":"PropertyValueSpecification","valueRequired":true,"valueName":"search_term_string"}}],"inLanguage":"fr-FR"},{"@type":"Organization","@id":"https:\/\/www.qnde.ca\/#organization","name":"Quality NDT Ltd.","url":"https:\/\/www.qnde.ca\/","logo":{"@type":"ImageObject","inLanguage":"fr-FR","@id":"https:\/\/www.qnde.ca\/#\/schema\/logo\/image\/","url":"https:\/\/www.qnde.ca\/wp-content\/uploads\/2022\/02\/QNDE_logo_RGB-gif.gif","contentUrl":"https:\/\/www.qnde.ca\/wp-content\/uploads\/2022\/02\/QNDE_logo_RGB-gif.gif","width":250,"height":64,"caption":"Quality NDT Ltd."},"image":{"@id":"https:\/\/www.qnde.ca\/#\/schema\/logo\/image\/"},"sameAs":["https:\/\/www.linkedin.com\/company\/qnde\/about\/?viewAsMember=true"]}]}},"jetpack_sharing_enabled":true,"_links":{"self":[{"href":"https:\/\/www.qnde.ca\/fr\/wp-json\/wp\/v2\/product\/4294","targetHints":{"allow":["GET"]}}],"collection":[{"href":"https:\/\/www.qnde.ca\/fr\/wp-json\/wp\/v2\/product"}],"about":[{"href":"https:\/\/www.qnde.ca\/fr\/wp-json\/wp\/v2\/types\/product"}],"wp:featuredmedia":[{"embeddable":true,"href":"https:\/\/www.qnde.ca\/fr\/wp-json\/wp\/v2\/media\/10985"}],"wp:attachment":[{"href":"https:\/\/www.qnde.ca\/fr\/wp-json\/wp\/v2\/media?parent=4294"}],"wp:term":[{"taxonomy":"product_brand","embeddable":true,"href":"https:\/\/www.qnde.ca\/fr\/wp-json\/wp\/v2\/product_brand?post=4294"},{"taxonomy":"product_cat","embeddable":true,"href":"https:\/\/www.qnde.ca\/fr\/wp-json\/wp\/v2\/product_cat?post=4294"},{"taxonomy":"product_tag","embeddable":true,"href":"https:\/\/www.qnde.ca\/fr\/wp-json\/wp\/v2\/product_tag?post=4294"}],"curies":[{"name":"wp","href":"https:\/\/api.w.org\/{rel}","templated":true}]}}