{"id":4275,"date":"2016-01-08T19:26:13","date_gmt":"2016-01-08T19:26:13","guid":{"rendered":"https:\/\/www.qnde.ca\/?post_type=product&#038;p=4275"},"modified":"2025-12-03T11:00:08","modified_gmt":"2025-12-03T16:00:08","slug":"demag-sbseries-fr","status":"publish","type":"product","link":"https:\/\/www.qnde.ca\/fr\/produit\/demag-sbseries-fr\/","title":{"rendered":"Magnaflux SB-S\u00e9rie, D\u00e9magn\u00e9tiseurs Intermittents"},"content":{"rendered":"<h3><strong>Magnaflux SB-S\u00e9rie, D\u00e9magn\u00e9tiseurs Intermittents<\/strong><\/h3>\n<p>Puissant d\u00e9magn\u00e9tiseur intermittent, autoportant. Cycle d&rsquo;utilisation: 30 secondes ON, 30 secondes OFF.<\/p>\n<p>Communiquez avec nous pour discuter des options disponibles et\/ou recevoir une soumission.<\/p>\n<ul>\n<li>SB-1416: 8,000Amp-Tour, ouverture: 36cm l x 41cm h (14&Prime; x 16&Prime;).<\/li>\n<li>SB-1416P: 12,000Amp-Tour, ouverture: 36cm l x 41cm h (14&Prime; x 16&Prime;).<\/li>\n<li>SB-2824: 8,000Amp-Tour, ouverture: 71cm l x 61cm h (28&Prime; x 24&Prime;).<\/li>\n<li>SB-2824P: 12 000Amp-Tour, ouverture: 71cm l x 61cm h (28&Prime; x 24&Prime;).<\/li>\n<\/ul>\n<p><strong>Options:<\/strong><\/p>\n<ul>\n<li>TRC: Rail et charriot, capacit\u00e9 de 91kg (200lb).<\/li>\n<li>ACGIH upgrade\u00a0: Modifications au DEMAG afin que les utilisateurs rencontrent les limites d\u2019exposition aux champs magn\u00e9tiques de la American Conference of Governmental Industrial Hygienists (ACGIH) (1miliTesla (corps), 5miliTesla (extr\u00e9mit\u00e9s)).<\/li>\n<\/ul>\n","protected":false},"excerpt":{"rendered":"<p>Magnaflux SB-S\u00e9rie, D\u00e9magn\u00e9tiseurs Intermittents Puissant d\u00e9magn\u00e9tiseur intermittent, autoportant. Cycle d&rsquo;utilisation: 30 secondes ON, 30 secondes OFF. Communiquez avec nous pour discuter des options disponibles et\/ou recevoir une soumission. SB-1416: 8,000Amp-Tour, ouverture: 36cm l x 41cm h (14&Prime; x 16&Prime;). SB-1416P: 12,000Amp-Tour, ouverture: 36cm l x 41cm h (14&Prime; x 16&Prime;). SB-2824: 8,000Amp-Tour, ouverture: 71cm l [&hellip;]<\/p>\n","protected":false},"featured_media":13176,"template":"","meta":{"_monsterinsights_skip_tracking":false,"_monsterinsights_sitenote_active":false,"_monsterinsights_sitenote_note":"","_monsterinsights_sitenote_category":0},"product_brand":[],"product_cat":[369,132],"product_tag":[],"class_list":{"0":"post-4275","1":"product","2":"type-product","3":"status-publish","4":"has-post-thumbnail","6":"product_cat-magnaflux-fr","7":"product_cat-equipements-magnetoscopie","9":"first","10":"instock","11":"shipping-taxable","12":"purchasable","13":"product-type-variable"},"yoast_head":"<!-- This site is optimized with the Yoast SEO plugin v23.9 - https:\/\/yoast.com\/wordpress\/plugins\/seo\/ -->\n<title>Magnaflux SB-S\u00e9rie, D\u00e9magn\u00e9tiseurs Intermittents &#060; Qualit\u00e9 NDE<\/title>\n<meta name=\"description\" content=\"Magnaflux SB-S\u00e9rie : d\u00e9magn\u00e9tiseurs intermittents autoportants, cycle 30 s ON \/ 30 s OFF, puissants et fiables pour d\u00e9magn\u00e9tisation contr\u00f4l\u00e9e.\" \/>\n<meta name=\"robots\" content=\"index, follow, max-snippet:-1, max-image-preview:large, max-video-preview:-1\" \/>\n<link rel=\"canonical\" href=\"https:\/\/www.qnde.ca\/fr\/produit\/demag-sbseries-fr\/\" \/>\n<meta name=\"twitter:label1\" content=\"Dur\u00e9e de lecture estim\u00e9e\" \/>\n\t<meta name=\"twitter:data1\" content=\"1 minute\" \/>\n<script type=\"application\/ld+json\" class=\"yoast-schema-graph\">{\"@context\":\"https:\/\/schema.org\",\"@graph\":[{\"@type\":[\"WebPage\",\"ItemPage\"],\"@id\":\"https:\/\/www.qnde.ca\/fr\/produit\/demag-sbseries-fr\/\",\"url\":\"https:\/\/www.qnde.ca\/fr\/produit\/demag-sbseries-fr\/\",\"name\":\"Magnaflux SB-S\u00e9rie, D\u00e9magn\u00e9tiseurs Intermittents &#060; Qualit\u00e9 NDE\",\"isPartOf\":{\"@id\":\"https:\/\/www.qnde.ca\/#website\"},\"primaryImageOfPage\":{\"@id\":\"https:\/\/www.qnde.ca\/fr\/produit\/demag-sbseries-fr\/#primaryimage\"},\"image\":{\"@id\":\"https:\/\/www.qnde.ca\/fr\/produit\/demag-sbseries-fr\/#primaryimage\"},\"thumbnailUrl\":\"https:\/\/www.qnde.ca\/wp-content\/uploads\/2020\/12\/SB-1416-Demagnetizer.jpg\",\"datePublished\":\"2016-01-08T19:26:13+00:00\",\"dateModified\":\"2025-12-03T16:00:08+00:00\",\"description\":\"Magnaflux SB-S\u00e9rie : d\u00e9magn\u00e9tiseurs intermittents autoportants, cycle 30 s ON \/ 30 s OFF, puissants et fiables pour d\u00e9magn\u00e9tisation contr\u00f4l\u00e9e.\",\"breadcrumb\":{\"@id\":\"https:\/\/www.qnde.ca\/fr\/produit\/demag-sbseries-fr\/#breadcrumb\"},\"inLanguage\":\"fr-FR\",\"potentialAction\":[{\"@type\":\"ReadAction\",\"target\":[\"https:\/\/www.qnde.ca\/fr\/produit\/demag-sbseries-fr\/\"]}]},{\"@type\":\"ImageObject\",\"inLanguage\":\"fr-FR\",\"@id\":\"https:\/\/www.qnde.ca\/fr\/produit\/demag-sbseries-fr\/#primaryimage\",\"url\":\"https:\/\/www.qnde.ca\/wp-content\/uploads\/2020\/12\/SB-1416-Demagnetizer.jpg\",\"contentUrl\":\"https:\/\/www.qnde.ca\/wp-content\/uploads\/2020\/12\/SB-1416-Demagnetizer.jpg\",\"width\":2000,\"height\":2000,\"caption\":\"D\u00e9magn\u00e9tiseur intermittent pr\u00e9sent\u00e9 sur un fond blanc.\"},{\"@type\":\"BreadcrumbList\",\"@id\":\"https:\/\/www.qnde.ca\/fr\/produit\/demag-sbseries-fr\/#breadcrumb\",\"itemListElement\":[{\"@type\":\"ListItem\",\"position\":1,\"name\":\"Accueil\",\"item\":\"https:\/\/www.qnde.ca\/fr\/\"},{\"@type\":\"ListItem\",\"position\":2,\"name\":\"Produits\",\"item\":\"https:\/\/www.qnde.ca\/fr\/produits\/\"},{\"@type\":\"ListItem\",\"position\":3,\"name\":\"Marques\",\"item\":\"https:\/\/www.qnde.ca\/fr\/product-category\/marques\/\"},{\"@type\":\"ListItem\",\"position\":4,\"name\":\"Magnaflux\",\"item\":\"https:\/\/www.qnde.ca\/fr\/product-category\/marques\/magnaflux-fr\/\"},{\"@type\":\"ListItem\",\"position\":5,\"name\":\"Magnaflux SB-S\u00e9rie, D\u00e9magn\u00e9tiseurs Intermittents\"}]},{\"@type\":\"WebSite\",\"@id\":\"https:\/\/www.qnde.ca\/#website\",\"url\":\"https:\/\/www.qnde.ca\/\",\"name\":\"Qualit\u00e9 NDE\",\"description\":\"\u00c9quipements d&#039;essais non destructifs \",\"publisher\":{\"@id\":\"https:\/\/www.qnde.ca\/#organization\"},\"potentialAction\":[{\"@type\":\"SearchAction\",\"target\":{\"@type\":\"EntryPoint\",\"urlTemplate\":\"https:\/\/www.qnde.ca\/?s={search_term_string}\"},\"query-input\":{\"@type\":\"PropertyValueSpecification\",\"valueRequired\":true,\"valueName\":\"search_term_string\"}}],\"inLanguage\":\"fr-FR\"},{\"@type\":\"Organization\",\"@id\":\"https:\/\/www.qnde.ca\/#organization\",\"name\":\"Quality NDT Ltd.\",\"url\":\"https:\/\/www.qnde.ca\/\",\"logo\":{\"@type\":\"ImageObject\",\"inLanguage\":\"fr-FR\",\"@id\":\"https:\/\/www.qnde.ca\/#\/schema\/logo\/image\/\",\"url\":\"https:\/\/www.qnde.ca\/wp-content\/uploads\/2022\/02\/QNDE_logo_RGB-gif.gif\",\"contentUrl\":\"https:\/\/www.qnde.ca\/wp-content\/uploads\/2022\/02\/QNDE_logo_RGB-gif.gif\",\"width\":250,\"height\":64,\"caption\":\"Quality NDT Ltd.\"},\"image\":{\"@id\":\"https:\/\/www.qnde.ca\/#\/schema\/logo\/image\/\"},\"sameAs\":[\"https:\/\/www.linkedin.com\/company\/qnde\/about\/?viewAsMember=true\"]}]}<\/script>\n<!-- \/ Yoast SEO plugin. -->","yoast_head_json":{"title":"Magnaflux SB-S\u00e9rie, D\u00e9magn\u00e9tiseurs Intermittents &#060; Qualit\u00e9 NDE","description":"Magnaflux SB-S\u00e9rie : d\u00e9magn\u00e9tiseurs intermittents autoportants, cycle 30 s ON \/ 30 s OFF, puissants et fiables pour d\u00e9magn\u00e9tisation contr\u00f4l\u00e9e.","robots":{"index":"index","follow":"follow","max-snippet":"max-snippet:-1","max-image-preview":"max-image-preview:large","max-video-preview":"max-video-preview:-1"},"canonical":"https:\/\/www.qnde.ca\/fr\/produit\/demag-sbseries-fr\/","twitter_misc":{"Dur\u00e9e de lecture estim\u00e9e":"1 minute"},"schema":{"@context":"https:\/\/schema.org","@graph":[{"@type":["WebPage","ItemPage"],"@id":"https:\/\/www.qnde.ca\/fr\/produit\/demag-sbseries-fr\/","url":"https:\/\/www.qnde.ca\/fr\/produit\/demag-sbseries-fr\/","name":"Magnaflux SB-S\u00e9rie, D\u00e9magn\u00e9tiseurs Intermittents &#060; Qualit\u00e9 NDE","isPartOf":{"@id":"https:\/\/www.qnde.ca\/#website"},"primaryImageOfPage":{"@id":"https:\/\/www.qnde.ca\/fr\/produit\/demag-sbseries-fr\/#primaryimage"},"image":{"@id":"https:\/\/www.qnde.ca\/fr\/produit\/demag-sbseries-fr\/#primaryimage"},"thumbnailUrl":"https:\/\/www.qnde.ca\/wp-content\/uploads\/2020\/12\/SB-1416-Demagnetizer.jpg","datePublished":"2016-01-08T19:26:13+00:00","dateModified":"2025-12-03T16:00:08+00:00","description":"Magnaflux SB-S\u00e9rie : d\u00e9magn\u00e9tiseurs intermittents autoportants, cycle 30 s ON \/ 30 s OFF, puissants et fiables pour d\u00e9magn\u00e9tisation contr\u00f4l\u00e9e.","breadcrumb":{"@id":"https:\/\/www.qnde.ca\/fr\/produit\/demag-sbseries-fr\/#breadcrumb"},"inLanguage":"fr-FR","potentialAction":[{"@type":"ReadAction","target":["https:\/\/www.qnde.ca\/fr\/produit\/demag-sbseries-fr\/"]}]},{"@type":"ImageObject","inLanguage":"fr-FR","@id":"https:\/\/www.qnde.ca\/fr\/produit\/demag-sbseries-fr\/#primaryimage","url":"https:\/\/www.qnde.ca\/wp-content\/uploads\/2020\/12\/SB-1416-Demagnetizer.jpg","contentUrl":"https:\/\/www.qnde.ca\/wp-content\/uploads\/2020\/12\/SB-1416-Demagnetizer.jpg","width":2000,"height":2000,"caption":"D\u00e9magn\u00e9tiseur intermittent pr\u00e9sent\u00e9 sur un fond blanc."},{"@type":"BreadcrumbList","@id":"https:\/\/www.qnde.ca\/fr\/produit\/demag-sbseries-fr\/#breadcrumb","itemListElement":[{"@type":"ListItem","position":1,"name":"Accueil","item":"https:\/\/www.qnde.ca\/fr\/"},{"@type":"ListItem","position":2,"name":"Produits","item":"https:\/\/www.qnde.ca\/fr\/produits\/"},{"@type":"ListItem","position":3,"name":"Marques","item":"https:\/\/www.qnde.ca\/fr\/product-category\/marques\/"},{"@type":"ListItem","position":4,"name":"Magnaflux","item":"https:\/\/www.qnde.ca\/fr\/product-category\/marques\/magnaflux-fr\/"},{"@type":"ListItem","position":5,"name":"Magnaflux SB-S\u00e9rie, D\u00e9magn\u00e9tiseurs Intermittents"}]},{"@type":"WebSite","@id":"https:\/\/www.qnde.ca\/#website","url":"https:\/\/www.qnde.ca\/","name":"Qualit\u00e9 NDE","description":"\u00c9quipements d&#039;essais non destructifs ","publisher":{"@id":"https:\/\/www.qnde.ca\/#organization"},"potentialAction":[{"@type":"SearchAction","target":{"@type":"EntryPoint","urlTemplate":"https:\/\/www.qnde.ca\/?s={search_term_string}"},"query-input":{"@type":"PropertyValueSpecification","valueRequired":true,"valueName":"search_term_string"}}],"inLanguage":"fr-FR"},{"@type":"Organization","@id":"https:\/\/www.qnde.ca\/#organization","name":"Quality NDT Ltd.","url":"https:\/\/www.qnde.ca\/","logo":{"@type":"ImageObject","inLanguage":"fr-FR","@id":"https:\/\/www.qnde.ca\/#\/schema\/logo\/image\/","url":"https:\/\/www.qnde.ca\/wp-content\/uploads\/2022\/02\/QNDE_logo_RGB-gif.gif","contentUrl":"https:\/\/www.qnde.ca\/wp-content\/uploads\/2022\/02\/QNDE_logo_RGB-gif.gif","width":250,"height":64,"caption":"Quality NDT Ltd."},"image":{"@id":"https:\/\/www.qnde.ca\/#\/schema\/logo\/image\/"},"sameAs":["https:\/\/www.linkedin.com\/company\/qnde\/about\/?viewAsMember=true"]}]}},"jetpack_sharing_enabled":true,"_links":{"self":[{"href":"https:\/\/www.qnde.ca\/fr\/wp-json\/wp\/v2\/product\/4275","targetHints":{"allow":["GET"]}}],"collection":[{"href":"https:\/\/www.qnde.ca\/fr\/wp-json\/wp\/v2\/product"}],"about":[{"href":"https:\/\/www.qnde.ca\/fr\/wp-json\/wp\/v2\/types\/product"}],"wp:featuredmedia":[{"embeddable":true,"href":"https:\/\/www.qnde.ca\/fr\/wp-json\/wp\/v2\/media\/13176"}],"wp:attachment":[{"href":"https:\/\/www.qnde.ca\/fr\/wp-json\/wp\/v2\/media?parent=4275"}],"wp:term":[{"taxonomy":"product_brand","embeddable":true,"href":"https:\/\/www.qnde.ca\/fr\/wp-json\/wp\/v2\/product_brand?post=4275"},{"taxonomy":"product_cat","embeddable":true,"href":"https:\/\/www.qnde.ca\/fr\/wp-json\/wp\/v2\/product_cat?post=4275"},{"taxonomy":"product_tag","embeddable":true,"href":"https:\/\/www.qnde.ca\/fr\/wp-json\/wp\/v2\/product_tag?post=4275"}],"curies":[{"name":"wp","href":"https:\/\/api.w.org\/{rel}","templated":true}]}}