{"id":4208,"date":"2016-01-08T18:25:44","date_gmt":"2016-01-08T18:25:44","guid":{"rendered":"https:\/\/www.qnde.ca\/?post_type=product&#038;p=4208"},"modified":"2025-08-12T08:43:48","modified_gmt":"2025-08-12T12:43:48","slug":"qnde-ndt-cable-4-0-mpi","status":"publish","type":"product","link":"https:\/\/www.qnde.ca\/fr\/produit\/qnde-ndt-cable-4-0-mpi\/","title":{"rendered":"Parker C\u00e2bles 4\/0 pour MPI"},"content":{"rendered":"<p><strong>Parker C\u00e2bles 4\/0 pour MPI<\/strong><\/p>\n<p>Robuste c\u00e2bles flexibles 4\/0, recouverts d&rsquo;un rev\u00eatement en caoutchouc \u00e9pais et termin\u00e9 en usine d&rsquo;un connecteur, pour les \u00e9quipements d&rsquo;inspections aux particules magn\u00e9tiques. Contactez-nous pour des longueurs, des connecteurs sur mesure et\/ou recevoir une soumission.<\/p>\n<ul>\n<li>11307-15: C\u00e2ble flexible 4\/0, 15&prime; (4.57m), connecteurs crosse \u00e0 crosse (lug\/lug).<\/li>\n<li>11307-20: C\u00e2ble flexible 4\/0, 20&prime; (5.08m), connecteurs crosse \u00e0 crosse (lug\/lug).<\/li>\n<li>11307-XX: C\u00e2ble flexible 4\/0, longueur sur mesure, connecteurs crosse \u00e0 crosse (lug\/lug).<\/li>\n<li>11313-15: C\u00e2ble flexible 4\/0, 15&prime; (4.57m), connecteurs crosse (lug) \u00e0 \u00ab either-end \u00bb.<\/li>\n<li>11313-20: C\u00e2ble flexible 4\/0, 20&prime; (5.08m), connecteurs crosse (lug) \u00e0 \u00ab either-end \u00bb.<\/li>\n<li>11313-XX: C\u00e2ble flexible 4\/0, longueur sur mesure, connecteurs crosse (lug) \u00e0 \u00ab\u00a0either-end\u00a0\u00bb.<\/li>\n<li>11314-15: C\u00e2ble flexible 4\/0, 15&prime; (4.57m), connecteurs \u00ab either-end \u00bb \u00e0 \u00ab either-end \u00bb.<\/li>\n<li>11314-20: C\u00e2ble flexible 4\/0, 20&prime; (5.08m), connecteurs \u00ab either-end \u00bb \u00e0 \u00ab either-end \u00bb.<\/li>\n<li>11314-XX: C\u00e2ble flexible 4\/0, longueur sur mesure, connecteurs \u00ab\u00a0either-end\u00a0\u00bb \u00e0 \u00ab\u00a0either-end\u00a0\u00bb.<\/li>\n<\/ul>\n","protected":false},"excerpt":{"rendered":"<p>Parker C\u00e2bles 4\/0 pour MPI Robuste c\u00e2bles flexibles 4\/0, recouverts d&rsquo;un rev\u00eatement en caoutchouc \u00e9pais et termin\u00e9 en usine d&rsquo;un connecteur, pour les \u00e9quipements d&rsquo;inspections aux particules magn\u00e9tiques. Contactez-nous pour des longueurs, des connecteurs sur mesure et\/ou recevoir une soumission. 11307-15: C\u00e2ble flexible 4\/0, 15&prime; (4.57m), connecteurs crosse \u00e0 crosse (lug\/lug). 11307-20: C\u00e2ble flexible 4\/0, [&hellip;]<\/p>\n","protected":false},"featured_media":4222,"template":"","meta":{"_monsterinsights_skip_tracking":false,"_monsterinsights_sitenote_active":false,"_monsterinsights_sitenote_note":"","_monsterinsights_sitenote_category":0},"product_brand":[],"product_cat":[395,134],"product_tag":[],"class_list":{"0":"post-4208","1":"product","2":"type-product","3":"status-publish","4":"has-post-thumbnail","6":"product_cat-parker-research-fr","7":"product_cat-accessoires-magnetoscopie","9":"first","10":"instock","11":"shipping-taxable","12":"purchasable","13":"product-type-variable"},"yoast_head":"<!-- This site is optimized with the Yoast SEO plugin v23.9 - https:\/\/yoast.com\/wordpress\/plugins\/seo\/ -->\n<title>Parker C\u00e2bles 4\/0 pour MPI &#060; Qualit\u00e9 NDE<\/title>\n<meta name=\"description\" content=\"Parker c\u00e2bles 4\/0 robustes pour MPI, flexibles avec gaine en caoutchouc et connecteurs. Longueurs personnalis\u00e9es disponibles sur demande.\" \/>\n<meta name=\"robots\" content=\"index, follow, max-snippet:-1, max-image-preview:large, max-video-preview:-1\" \/>\n<link rel=\"canonical\" href=\"https:\/\/www.qnde.ca\/fr\/produit\/qnde-ndt-cable-4-0-mpi\/\" \/>\n<meta name=\"twitter:label1\" content=\"Dur\u00e9e de lecture estim\u00e9e\" \/>\n\t<meta name=\"twitter:data1\" content=\"1 minute\" \/>\n<script type=\"application\/ld+json\" class=\"yoast-schema-graph\">{\"@context\":\"https:\/\/schema.org\",\"@graph\":[{\"@type\":[\"WebPage\",\"ItemPage\"],\"@id\":\"https:\/\/www.qnde.ca\/fr\/produit\/qnde-ndt-cable-4-0-mpi\/\",\"url\":\"https:\/\/www.qnde.ca\/fr\/produit\/qnde-ndt-cable-4-0-mpi\/\",\"name\":\"Parker C\u00e2bles 4\/0 pour MPI &#060; Qualit\u00e9 NDE\",\"isPartOf\":{\"@id\":\"https:\/\/www.qnde.ca\/#website\"},\"primaryImageOfPage\":{\"@id\":\"https:\/\/www.qnde.ca\/fr\/produit\/qnde-ndt-cable-4-0-mpi\/#primaryimage\"},\"image\":{\"@id\":\"https:\/\/www.qnde.ca\/fr\/produit\/qnde-ndt-cable-4-0-mpi\/#primaryimage\"},\"thumbnailUrl\":\"https:\/\/www.qnde.ca\/wp-content\/uploads\/2016\/01\/4-0-Lug.jpg\",\"datePublished\":\"2016-01-08T18:25:44+00:00\",\"dateModified\":\"2025-08-12T12:43:48+00:00\",\"description\":\"Parker c\u00e2bles 4\/0 robustes pour MPI, flexibles avec gaine en caoutchouc et connecteurs. Longueurs personnalis\u00e9es disponibles sur demande.\",\"breadcrumb\":{\"@id\":\"https:\/\/www.qnde.ca\/fr\/produit\/qnde-ndt-cable-4-0-mpi\/#breadcrumb\"},\"inLanguage\":\"fr-FR\",\"potentialAction\":[{\"@type\":\"ReadAction\",\"target\":[\"https:\/\/www.qnde.ca\/fr\/produit\/qnde-ndt-cable-4-0-mpi\/\"]}]},{\"@type\":\"ImageObject\",\"inLanguage\":\"fr-FR\",\"@id\":\"https:\/\/www.qnde.ca\/fr\/produit\/qnde-ndt-cable-4-0-mpi\/#primaryimage\",\"url\":\"https:\/\/www.qnde.ca\/wp-content\/uploads\/2016\/01\/4-0-Lug.jpg\",\"contentUrl\":\"https:\/\/www.qnde.ca\/wp-content\/uploads\/2016\/01\/4-0-Lug.jpg\",\"width\":1006,\"height\":1024,\"caption\":\"Cable 4-0 Crosse-crosse\"},{\"@type\":\"BreadcrumbList\",\"@id\":\"https:\/\/www.qnde.ca\/fr\/produit\/qnde-ndt-cable-4-0-mpi\/#breadcrumb\",\"itemListElement\":[{\"@type\":\"ListItem\",\"position\":1,\"name\":\"Accueil\",\"item\":\"https:\/\/www.qnde.ca\/fr\/\"},{\"@type\":\"ListItem\",\"position\":2,\"name\":\"Produits\",\"item\":\"https:\/\/www.qnde.ca\/fr\/produits\/\"},{\"@type\":\"ListItem\",\"position\":3,\"name\":\"Magn\u00e9toscopie\",\"item\":\"https:\/\/www.qnde.ca\/fr\/product-category\/magnetoscopie\/\"},{\"@type\":\"ListItem\",\"position\":4,\"name\":\"Accessoires\",\"item\":\"https:\/\/www.qnde.ca\/fr\/product-category\/magnetoscopie\/accessoires-magnetoscopie\/\"},{\"@type\":\"ListItem\",\"position\":5,\"name\":\"Parker C\u00e2bles 4\/0 pour MPI\"}]},{\"@type\":\"WebSite\",\"@id\":\"https:\/\/www.qnde.ca\/#website\",\"url\":\"https:\/\/www.qnde.ca\/\",\"name\":\"Qualit\u00e9 NDE\",\"description\":\"\u00c9quipements d&#039;essais non destructifs \",\"publisher\":{\"@id\":\"https:\/\/www.qnde.ca\/#organization\"},\"potentialAction\":[{\"@type\":\"SearchAction\",\"target\":{\"@type\":\"EntryPoint\",\"urlTemplate\":\"https:\/\/www.qnde.ca\/?s={search_term_string}\"},\"query-input\":{\"@type\":\"PropertyValueSpecification\",\"valueRequired\":true,\"valueName\":\"search_term_string\"}}],\"inLanguage\":\"fr-FR\"},{\"@type\":\"Organization\",\"@id\":\"https:\/\/www.qnde.ca\/#organization\",\"name\":\"Quality NDT Ltd.\",\"url\":\"https:\/\/www.qnde.ca\/\",\"logo\":{\"@type\":\"ImageObject\",\"inLanguage\":\"fr-FR\",\"@id\":\"https:\/\/www.qnde.ca\/#\/schema\/logo\/image\/\",\"url\":\"https:\/\/www.qnde.ca\/wp-content\/uploads\/2022\/02\/QNDE_logo_RGB-gif.gif\",\"contentUrl\":\"https:\/\/www.qnde.ca\/wp-content\/uploads\/2022\/02\/QNDE_logo_RGB-gif.gif\",\"width\":250,\"height\":64,\"caption\":\"Quality NDT Ltd.\"},\"image\":{\"@id\":\"https:\/\/www.qnde.ca\/#\/schema\/logo\/image\/\"},\"sameAs\":[\"https:\/\/www.linkedin.com\/company\/qnde\/about\/?viewAsMember=true\"]}]}<\/script>\n<!-- \/ Yoast SEO plugin. -->","yoast_head_json":{"title":"Parker C\u00e2bles 4\/0 pour MPI &#060; Qualit\u00e9 NDE","description":"Parker c\u00e2bles 4\/0 robustes pour MPI, flexibles avec gaine en caoutchouc et connecteurs. Longueurs personnalis\u00e9es disponibles sur demande.","robots":{"index":"index","follow":"follow","max-snippet":"max-snippet:-1","max-image-preview":"max-image-preview:large","max-video-preview":"max-video-preview:-1"},"canonical":"https:\/\/www.qnde.ca\/fr\/produit\/qnde-ndt-cable-4-0-mpi\/","twitter_misc":{"Dur\u00e9e de lecture estim\u00e9e":"1 minute"},"schema":{"@context":"https:\/\/schema.org","@graph":[{"@type":["WebPage","ItemPage"],"@id":"https:\/\/www.qnde.ca\/fr\/produit\/qnde-ndt-cable-4-0-mpi\/","url":"https:\/\/www.qnde.ca\/fr\/produit\/qnde-ndt-cable-4-0-mpi\/","name":"Parker C\u00e2bles 4\/0 pour MPI &#060; Qualit\u00e9 NDE","isPartOf":{"@id":"https:\/\/www.qnde.ca\/#website"},"primaryImageOfPage":{"@id":"https:\/\/www.qnde.ca\/fr\/produit\/qnde-ndt-cable-4-0-mpi\/#primaryimage"},"image":{"@id":"https:\/\/www.qnde.ca\/fr\/produit\/qnde-ndt-cable-4-0-mpi\/#primaryimage"},"thumbnailUrl":"https:\/\/www.qnde.ca\/wp-content\/uploads\/2016\/01\/4-0-Lug.jpg","datePublished":"2016-01-08T18:25:44+00:00","dateModified":"2025-08-12T12:43:48+00:00","description":"Parker c\u00e2bles 4\/0 robustes pour MPI, flexibles avec gaine en caoutchouc et connecteurs. Longueurs personnalis\u00e9es disponibles sur demande.","breadcrumb":{"@id":"https:\/\/www.qnde.ca\/fr\/produit\/qnde-ndt-cable-4-0-mpi\/#breadcrumb"},"inLanguage":"fr-FR","potentialAction":[{"@type":"ReadAction","target":["https:\/\/www.qnde.ca\/fr\/produit\/qnde-ndt-cable-4-0-mpi\/"]}]},{"@type":"ImageObject","inLanguage":"fr-FR","@id":"https:\/\/www.qnde.ca\/fr\/produit\/qnde-ndt-cable-4-0-mpi\/#primaryimage","url":"https:\/\/www.qnde.ca\/wp-content\/uploads\/2016\/01\/4-0-Lug.jpg","contentUrl":"https:\/\/www.qnde.ca\/wp-content\/uploads\/2016\/01\/4-0-Lug.jpg","width":1006,"height":1024,"caption":"Cable 4-0 Crosse-crosse"},{"@type":"BreadcrumbList","@id":"https:\/\/www.qnde.ca\/fr\/produit\/qnde-ndt-cable-4-0-mpi\/#breadcrumb","itemListElement":[{"@type":"ListItem","position":1,"name":"Accueil","item":"https:\/\/www.qnde.ca\/fr\/"},{"@type":"ListItem","position":2,"name":"Produits","item":"https:\/\/www.qnde.ca\/fr\/produits\/"},{"@type":"ListItem","position":3,"name":"Magn\u00e9toscopie","item":"https:\/\/www.qnde.ca\/fr\/product-category\/magnetoscopie\/"},{"@type":"ListItem","position":4,"name":"Accessoires","item":"https:\/\/www.qnde.ca\/fr\/product-category\/magnetoscopie\/accessoires-magnetoscopie\/"},{"@type":"ListItem","position":5,"name":"Parker C\u00e2bles 4\/0 pour MPI"}]},{"@type":"WebSite","@id":"https:\/\/www.qnde.ca\/#website","url":"https:\/\/www.qnde.ca\/","name":"Qualit\u00e9 NDE","description":"\u00c9quipements d&#039;essais non destructifs ","publisher":{"@id":"https:\/\/www.qnde.ca\/#organization"},"potentialAction":[{"@type":"SearchAction","target":{"@type":"EntryPoint","urlTemplate":"https:\/\/www.qnde.ca\/?s={search_term_string}"},"query-input":{"@type":"PropertyValueSpecification","valueRequired":true,"valueName":"search_term_string"}}],"inLanguage":"fr-FR"},{"@type":"Organization","@id":"https:\/\/www.qnde.ca\/#organization","name":"Quality NDT Ltd.","url":"https:\/\/www.qnde.ca\/","logo":{"@type":"ImageObject","inLanguage":"fr-FR","@id":"https:\/\/www.qnde.ca\/#\/schema\/logo\/image\/","url":"https:\/\/www.qnde.ca\/wp-content\/uploads\/2022\/02\/QNDE_logo_RGB-gif.gif","contentUrl":"https:\/\/www.qnde.ca\/wp-content\/uploads\/2022\/02\/QNDE_logo_RGB-gif.gif","width":250,"height":64,"caption":"Quality NDT Ltd."},"image":{"@id":"https:\/\/www.qnde.ca\/#\/schema\/logo\/image\/"},"sameAs":["https:\/\/www.linkedin.com\/company\/qnde\/about\/?viewAsMember=true"]}]}},"jetpack_sharing_enabled":true,"_links":{"self":[{"href":"https:\/\/www.qnde.ca\/fr\/wp-json\/wp\/v2\/product\/4208","targetHints":{"allow":["GET"]}}],"collection":[{"href":"https:\/\/www.qnde.ca\/fr\/wp-json\/wp\/v2\/product"}],"about":[{"href":"https:\/\/www.qnde.ca\/fr\/wp-json\/wp\/v2\/types\/product"}],"wp:featuredmedia":[{"embeddable":true,"href":"https:\/\/www.qnde.ca\/fr\/wp-json\/wp\/v2\/media\/4222"}],"wp:attachment":[{"href":"https:\/\/www.qnde.ca\/fr\/wp-json\/wp\/v2\/media?parent=4208"}],"wp:term":[{"taxonomy":"product_brand","embeddable":true,"href":"https:\/\/www.qnde.ca\/fr\/wp-json\/wp\/v2\/product_brand?post=4208"},{"taxonomy":"product_cat","embeddable":true,"href":"https:\/\/www.qnde.ca\/fr\/wp-json\/wp\/v2\/product_cat?post=4208"},{"taxonomy":"product_tag","embeddable":true,"href":"https:\/\/www.qnde.ca\/fr\/wp-json\/wp\/v2\/product_tag?post=4208"}],"curies":[{"name":"wp","href":"https:\/\/api.w.org\/{rel}","templated":true}]}}