{"id":4160,"date":"2016-01-08T15:56:46","date_gmt":"2016-01-08T15:56:46","guid":{"rendered":"https:\/\/www.qnde.ca\/?post_type=product&#038;p=4160"},"modified":"2022-11-18T11:56:52","modified_gmt":"2022-11-18T16:56:52","slug":"blocs4-ultrason","status":"publish","type":"product","link":"https:\/\/www.qnde.ca\/fr\/produit\/blocs4-ultrason\/","title":{"rendered":"Curtis Industries Bloc 4-Paliers"},"content":{"rendered":"<h3><strong>Curtis Industries Bloc 4-Paliers<\/strong><\/h3>\n<p>Bloc d\u2019\u00e9talonnage \u00e0 4-paliers pour l\u2019\u00e9talonnage de l&rsquo;\u00e9paisseur et de la lin\u00e9arit\u00e9. 7.62cm L x 1.91cm l (3.00&Prime;L x 0.75&Prime;l); en incr\u00e9ments de 0.25cm jusqu\u2019\u00e0 2.54cm H (0.100&Prime; jusqu\u2019\u00e0 1.000&Prime;H). Mat\u00e9riaux standard disponible: Aluminium (7075), Stainless (304) et Acier (1018).<\/p>\n<p>Mat\u00e9riaux sp\u00e9ciaux aussi disponible: Aluminium (2024, 6061), Laiton, Cuivre, Cupro-Nickel, Hastelloy (C ou X), Inconel (600 ou 625), Monel 400, Nickel, Stainless (316 ou 321), Acier 4340, Titane, Titane 6\/4 et Zirconium.<\/p>\n<ul>\n<li><strong>QXX-5050<\/strong>: Bloc 4-paliers, acier 1018, avec certificat &#8211; 0.25cm \u00e0 2.54cm (0.1&Prime; \u00e0 1.0&Prime;).<\/li>\n<li><strong>QXX-5050A<\/strong>: Bloc 4-paliers, aluminium 7075, avec certificat &#8211; 0.25cm \u00e0 2.54cm (0.1&Prime; \u00e0 1.0&Prime;).<\/li>\n<li><strong>QXX-5052<\/strong>: Bloc 4-paliers, stainless 304, avec certificat &#8211; 0.25cm \u00e0 2.54cm (0.1&Prime; \u00e0 1.0&Prime;).<\/li>\n<\/ul>\n<h4><strong>Option<\/strong><\/h4>\n<ul>\n<li><strong>HC-SB<\/strong>: Bo\u00eetier standard en bois dur pour blocs \u00e0 paliers.<\/li>\n<\/ul>\n","protected":false},"excerpt":{"rendered":"<p>Curtis Industries Bloc 4-Paliers Bloc d\u2019\u00e9talonnage \u00e0 4-paliers pour l\u2019\u00e9talonnage de l&rsquo;\u00e9paisseur et de la lin\u00e9arit\u00e9. 7.62cm L x 1.91cm l (3.00&Prime;L x 0.75&Prime;l); en incr\u00e9ments de 0.25cm jusqu\u2019\u00e0 2.54cm H (0.100&Prime; jusqu\u2019\u00e0 1.000&Prime;H). Mat\u00e9riaux standard disponible: Aluminium (7075), Stainless (304) et Acier (1018). Mat\u00e9riaux sp\u00e9ciaux aussi disponible: Aluminium (2024, 6061), Laiton, Cuivre, Cupro-Nickel, Hastelloy [&hellip;]<\/p>\n","protected":false},"featured_media":19614,"template":"","meta":{"_monsterinsights_skip_tracking":false,"_monsterinsights_sitenote_active":false,"_monsterinsights_sitenote_note":"","_monsterinsights_sitenote_category":0},"product_brand":[],"product_cat":[403,332],"product_tag":[],"class_list":{"0":"post-4160","1":"product","2":"type-product","3":"status-publish","4":"has-post-thumbnail","6":"product_cat-curtis-industries-fr","7":"product_cat-blocs-etalonnage","9":"first","10":"instock","11":"shipping-taxable","12":"purchasable","13":"product-type-variable"},"yoast_head":"<!-- This site is optimized with the Yoast SEO plugin v23.9 - https:\/\/yoast.com\/wordpress\/plugins\/seo\/ -->\n<title>Curtis Industries Bloc 4-Paliers &#060; Qualit\u00e9 NDE<\/title>\n<meta name=\"description\" content=\"Bloc d\u2019\u00e9talonnage \u00e0 4-paliers pour l\u2019\u00e9talonnage de l&#039;\u00e9paisseur et de la lin\u00e9arit\u00e9 par ultrason.\" \/>\n<meta name=\"robots\" content=\"index, follow, max-snippet:-1, max-image-preview:large, max-video-preview:-1\" \/>\n<link rel=\"canonical\" href=\"https:\/\/www.qnde.ca\/fr\/produit\/blocs4-ultrason\/\" \/>\n<meta name=\"twitter:label1\" content=\"Dur\u00e9e de lecture estim\u00e9e\" \/>\n\t<meta name=\"twitter:data1\" content=\"1 minute\" \/>\n<script type=\"application\/ld+json\" class=\"yoast-schema-graph\">{\"@context\":\"https:\/\/schema.org\",\"@graph\":[{\"@type\":[\"WebPage\",\"ItemPage\"],\"@id\":\"https:\/\/www.qnde.ca\/fr\/produit\/blocs4-ultrason\/\",\"url\":\"https:\/\/www.qnde.ca\/fr\/produit\/blocs4-ultrason\/\",\"name\":\"Curtis Industries Bloc 4-Paliers &#060; Qualit\u00e9 NDE\",\"isPartOf\":{\"@id\":\"https:\/\/www.qnde.ca\/#website\"},\"primaryImageOfPage\":{\"@id\":\"https:\/\/www.qnde.ca\/fr\/produit\/blocs4-ultrason\/#primaryimage\"},\"image\":{\"@id\":\"https:\/\/www.qnde.ca\/fr\/produit\/blocs4-ultrason\/#primaryimage\"},\"thumbnailUrl\":\"https:\/\/www.qnde.ca\/wp-content\/uploads\/2021\/04\/4-step-block-carbon-steel-1018-with-wood-case.jpg\",\"datePublished\":\"2016-01-08T15:56:46+00:00\",\"dateModified\":\"2022-11-18T16:56:52+00:00\",\"description\":\"Bloc d\u2019\u00e9talonnage \u00e0 4-paliers pour l\u2019\u00e9talonnage de l'\u00e9paisseur et de la lin\u00e9arit\u00e9 par ultrason.\",\"breadcrumb\":{\"@id\":\"https:\/\/www.qnde.ca\/fr\/produit\/blocs4-ultrason\/#breadcrumb\"},\"inLanguage\":\"fr-FR\",\"potentialAction\":[{\"@type\":\"ReadAction\",\"target\":[\"https:\/\/www.qnde.ca\/fr\/produit\/blocs4-ultrason\/\"]}]},{\"@type\":\"ImageObject\",\"inLanguage\":\"fr-FR\",\"@id\":\"https:\/\/www.qnde.ca\/fr\/produit\/blocs4-ultrason\/#primaryimage\",\"url\":\"https:\/\/www.qnde.ca\/wp-content\/uploads\/2021\/04\/4-step-block-carbon-steel-1018-with-wood-case.jpg\",\"contentUrl\":\"https:\/\/www.qnde.ca\/wp-content\/uploads\/2021\/04\/4-step-block-carbon-steel-1018-with-wood-case.jpg\",\"width\":500,\"height\":375,\"caption\":\"4-step block, carbon steel 1018, with wood case\"},{\"@type\":\"BreadcrumbList\",\"@id\":\"https:\/\/www.qnde.ca\/fr\/produit\/blocs4-ultrason\/#breadcrumb\",\"itemListElement\":[{\"@type\":\"ListItem\",\"position\":1,\"name\":\"Accueil\",\"item\":\"https:\/\/www.qnde.ca\/fr\/\"},{\"@type\":\"ListItem\",\"position\":2,\"name\":\"Produits\",\"item\":\"https:\/\/www.qnde.ca\/fr\/produits\/\"},{\"@type\":\"ListItem\",\"position\":3,\"name\":\"Ultrasons\",\"item\":\"https:\/\/www.qnde.ca\/fr\/product-category\/ultrasons\/\"},{\"@type\":\"ListItem\",\"position\":4,\"name\":\"Blocs d'\u00c9talonnage\",\"item\":\"https:\/\/www.qnde.ca\/fr\/product-category\/ultrasons\/blocs-etalonnage\/\"},{\"@type\":\"ListItem\",\"position\":5,\"name\":\"Curtis Industries Bloc 4-Paliers\"}]},{\"@type\":\"WebSite\",\"@id\":\"https:\/\/www.qnde.ca\/#website\",\"url\":\"https:\/\/www.qnde.ca\/\",\"name\":\"Qualit\u00e9 NDE\",\"description\":\"\u00c9quipements d&#039;essais non destructifs \",\"publisher\":{\"@id\":\"https:\/\/www.qnde.ca\/#organization\"},\"potentialAction\":[{\"@type\":\"SearchAction\",\"target\":{\"@type\":\"EntryPoint\",\"urlTemplate\":\"https:\/\/www.qnde.ca\/?s={search_term_string}\"},\"query-input\":{\"@type\":\"PropertyValueSpecification\",\"valueRequired\":true,\"valueName\":\"search_term_string\"}}],\"inLanguage\":\"fr-FR\"},{\"@type\":\"Organization\",\"@id\":\"https:\/\/www.qnde.ca\/#organization\",\"name\":\"Quality NDT Ltd.\",\"url\":\"https:\/\/www.qnde.ca\/\",\"logo\":{\"@type\":\"ImageObject\",\"inLanguage\":\"fr-FR\",\"@id\":\"https:\/\/www.qnde.ca\/#\/schema\/logo\/image\/\",\"url\":\"https:\/\/www.qnde.ca\/wp-content\/uploads\/2022\/02\/QNDE_logo_RGB-gif.gif\",\"contentUrl\":\"https:\/\/www.qnde.ca\/wp-content\/uploads\/2022\/02\/QNDE_logo_RGB-gif.gif\",\"width\":250,\"height\":64,\"caption\":\"Quality NDT Ltd.\"},\"image\":{\"@id\":\"https:\/\/www.qnde.ca\/#\/schema\/logo\/image\/\"},\"sameAs\":[\"https:\/\/www.linkedin.com\/company\/qnde\/about\/?viewAsMember=true\"]}]}<\/script>\n<!-- \/ Yoast SEO plugin. -->","yoast_head_json":{"title":"Curtis Industries Bloc 4-Paliers &#060; Qualit\u00e9 NDE","description":"Bloc d\u2019\u00e9talonnage \u00e0 4-paliers pour l\u2019\u00e9talonnage de l'\u00e9paisseur et de la lin\u00e9arit\u00e9 par ultrason.","robots":{"index":"index","follow":"follow","max-snippet":"max-snippet:-1","max-image-preview":"max-image-preview:large","max-video-preview":"max-video-preview:-1"},"canonical":"https:\/\/www.qnde.ca\/fr\/produit\/blocs4-ultrason\/","twitter_misc":{"Dur\u00e9e de lecture estim\u00e9e":"1 minute"},"schema":{"@context":"https:\/\/schema.org","@graph":[{"@type":["WebPage","ItemPage"],"@id":"https:\/\/www.qnde.ca\/fr\/produit\/blocs4-ultrason\/","url":"https:\/\/www.qnde.ca\/fr\/produit\/blocs4-ultrason\/","name":"Curtis Industries Bloc 4-Paliers &#060; Qualit\u00e9 NDE","isPartOf":{"@id":"https:\/\/www.qnde.ca\/#website"},"primaryImageOfPage":{"@id":"https:\/\/www.qnde.ca\/fr\/produit\/blocs4-ultrason\/#primaryimage"},"image":{"@id":"https:\/\/www.qnde.ca\/fr\/produit\/blocs4-ultrason\/#primaryimage"},"thumbnailUrl":"https:\/\/www.qnde.ca\/wp-content\/uploads\/2021\/04\/4-step-block-carbon-steel-1018-with-wood-case.jpg","datePublished":"2016-01-08T15:56:46+00:00","dateModified":"2022-11-18T16:56:52+00:00","description":"Bloc d\u2019\u00e9talonnage \u00e0 4-paliers pour l\u2019\u00e9talonnage de l'\u00e9paisseur et de la lin\u00e9arit\u00e9 par ultrason.","breadcrumb":{"@id":"https:\/\/www.qnde.ca\/fr\/produit\/blocs4-ultrason\/#breadcrumb"},"inLanguage":"fr-FR","potentialAction":[{"@type":"ReadAction","target":["https:\/\/www.qnde.ca\/fr\/produit\/blocs4-ultrason\/"]}]},{"@type":"ImageObject","inLanguage":"fr-FR","@id":"https:\/\/www.qnde.ca\/fr\/produit\/blocs4-ultrason\/#primaryimage","url":"https:\/\/www.qnde.ca\/wp-content\/uploads\/2021\/04\/4-step-block-carbon-steel-1018-with-wood-case.jpg","contentUrl":"https:\/\/www.qnde.ca\/wp-content\/uploads\/2021\/04\/4-step-block-carbon-steel-1018-with-wood-case.jpg","width":500,"height":375,"caption":"4-step block, carbon steel 1018, with wood case"},{"@type":"BreadcrumbList","@id":"https:\/\/www.qnde.ca\/fr\/produit\/blocs4-ultrason\/#breadcrumb","itemListElement":[{"@type":"ListItem","position":1,"name":"Accueil","item":"https:\/\/www.qnde.ca\/fr\/"},{"@type":"ListItem","position":2,"name":"Produits","item":"https:\/\/www.qnde.ca\/fr\/produits\/"},{"@type":"ListItem","position":3,"name":"Ultrasons","item":"https:\/\/www.qnde.ca\/fr\/product-category\/ultrasons\/"},{"@type":"ListItem","position":4,"name":"Blocs d'\u00c9talonnage","item":"https:\/\/www.qnde.ca\/fr\/product-category\/ultrasons\/blocs-etalonnage\/"},{"@type":"ListItem","position":5,"name":"Curtis Industries Bloc 4-Paliers"}]},{"@type":"WebSite","@id":"https:\/\/www.qnde.ca\/#website","url":"https:\/\/www.qnde.ca\/","name":"Qualit\u00e9 NDE","description":"\u00c9quipements d&#039;essais non destructifs ","publisher":{"@id":"https:\/\/www.qnde.ca\/#organization"},"potentialAction":[{"@type":"SearchAction","target":{"@type":"EntryPoint","urlTemplate":"https:\/\/www.qnde.ca\/?s={search_term_string}"},"query-input":{"@type":"PropertyValueSpecification","valueRequired":true,"valueName":"search_term_string"}}],"inLanguage":"fr-FR"},{"@type":"Organization","@id":"https:\/\/www.qnde.ca\/#organization","name":"Quality NDT Ltd.","url":"https:\/\/www.qnde.ca\/","logo":{"@type":"ImageObject","inLanguage":"fr-FR","@id":"https:\/\/www.qnde.ca\/#\/schema\/logo\/image\/","url":"https:\/\/www.qnde.ca\/wp-content\/uploads\/2022\/02\/QNDE_logo_RGB-gif.gif","contentUrl":"https:\/\/www.qnde.ca\/wp-content\/uploads\/2022\/02\/QNDE_logo_RGB-gif.gif","width":250,"height":64,"caption":"Quality NDT Ltd."},"image":{"@id":"https:\/\/www.qnde.ca\/#\/schema\/logo\/image\/"},"sameAs":["https:\/\/www.linkedin.com\/company\/qnde\/about\/?viewAsMember=true"]}]}},"jetpack_sharing_enabled":true,"_links":{"self":[{"href":"https:\/\/www.qnde.ca\/fr\/wp-json\/wp\/v2\/product\/4160","targetHints":{"allow":["GET"]}}],"collection":[{"href":"https:\/\/www.qnde.ca\/fr\/wp-json\/wp\/v2\/product"}],"about":[{"href":"https:\/\/www.qnde.ca\/fr\/wp-json\/wp\/v2\/types\/product"}],"wp:featuredmedia":[{"embeddable":true,"href":"https:\/\/www.qnde.ca\/fr\/wp-json\/wp\/v2\/media\/19614"}],"wp:attachment":[{"href":"https:\/\/www.qnde.ca\/fr\/wp-json\/wp\/v2\/media?parent=4160"}],"wp:term":[{"taxonomy":"product_brand","embeddable":true,"href":"https:\/\/www.qnde.ca\/fr\/wp-json\/wp\/v2\/product_brand?post=4160"},{"taxonomy":"product_cat","embeddable":true,"href":"https:\/\/www.qnde.ca\/fr\/wp-json\/wp\/v2\/product_cat?post=4160"},{"taxonomy":"product_tag","embeddable":true,"href":"https:\/\/www.qnde.ca\/fr\/wp-json\/wp\/v2\/product_tag?post=4160"}],"curies":[{"name":"wp","href":"https:\/\/api.w.org\/{rel}","templated":true}]}}