{"id":4156,"date":"2016-01-08T15:46:34","date_gmt":"2016-01-08T15:46:34","guid":{"rendered":"https:\/\/www.qnde.ca\/?post_type=product&#038;p=4156"},"modified":"2025-11-25T16:02:16","modified_gmt":"2025-11-25T21:02:16","slug":"bloc-detalonnage-de-sensibilite","status":"publish","type":"product","link":"https:\/\/www.qnde.ca\/fr\/produit\/bloc-detalonnage-de-sensibilite\/","title":{"rendered":"Curtis Industries Bloc d&rsquo;\u00e9talonnage de sensibilit\u00e9 \u2013 SC"},"content":{"rendered":"<h3>Curtis Industries Bloc d&rsquo;\u00e9talonnage de sensibilit\u00e9 \u2013 SC<\/h3>\n<h4>QXX-5006<\/h4>\n<ul>\n<li>Bloc SC, acier au carbone 1018, avec \u00e9tui de bois.<\/li>\n<\/ul>\n<h4>QXX-5006A<\/h4>\n<ul>\n<li>Bloc SC, aluminium 7075-T6, avec \u00e9tui de bois.<\/li>\n<\/ul>\n<h4>QXX-5008<\/h4>\n<ul>\n<li>Bloc SC, acier inoxydable 304, avec \u00e9tui de bois.<\/li>\n<\/ul>\n","protected":false},"excerpt":{"rendered":"<p>Curtis Industries Bloc d&rsquo;\u00e9talonnage de sensibilit\u00e9 \u2013 SC QXX-5006 Bloc SC, acier au carbone 1018, avec \u00e9tui de bois. QXX-5006A Bloc SC, aluminium 7075-T6, avec \u00e9tui de bois. QXX-5008 Bloc SC, acier inoxydable 304, avec \u00e9tui de bois.<\/p>\n","protected":false},"featured_media":7647,"template":"","meta":{"_monsterinsights_skip_tracking":false,"_monsterinsights_sitenote_active":false,"_monsterinsights_sitenote_note":"","_monsterinsights_sitenote_category":0},"product_brand":[],"product_cat":[403,128],"product_tag":[],"class_list":{"0":"post-4156","1":"product","2":"type-product","3":"status-publish","4":"has-post-thumbnail","6":"product_cat-curtis-industries-fr","7":"product_cat-accessoires-ultrasons","9":"first","10":"instock","11":"shipping-taxable","12":"purchasable","13":"product-type-variable"},"yoast_head":"<!-- This site is optimized with the Yoast SEO plugin v23.9 - https:\/\/yoast.com\/wordpress\/plugins\/seo\/ -->\n<title>Curtis Industries Bloc d&#039;\u00e9talonnage de sensibilit\u00e9 \u2013 SC &#060; Qualit\u00e9 NDE<\/title>\n<meta name=\"description\" content=\"Curtis Industries Bloc d&#039;\u00e9talonnage de sensibilit\u00e9 \u2013 SC.\" \/>\n<meta name=\"robots\" content=\"index, follow, max-snippet:-1, max-image-preview:large, max-video-preview:-1\" \/>\n<link rel=\"canonical\" href=\"https:\/\/www.qnde.ca\/fr\/produit\/bloc-detalonnage-de-sensibilite\/\" \/>\n<meta name=\"twitter:label1\" content=\"Dur\u00e9e de lecture estim\u00e9e\" \/>\n\t<meta name=\"twitter:data1\" content=\"1 minute\" \/>\n<script type=\"application\/ld+json\" class=\"yoast-schema-graph\">{\"@context\":\"https:\/\/schema.org\",\"@graph\":[{\"@type\":[\"WebPage\",\"ItemPage\"],\"@id\":\"https:\/\/www.qnde.ca\/fr\/produit\/bloc-detalonnage-de-sensibilite\/\",\"url\":\"https:\/\/www.qnde.ca\/fr\/produit\/bloc-detalonnage-de-sensibilite\/\",\"name\":\"Curtis Industries Bloc d'\u00e9talonnage de sensibilit\u00e9 \u2013 SC &#060; Qualit\u00e9 NDE\",\"isPartOf\":{\"@id\":\"https:\/\/www.qnde.ca\/#website\"},\"primaryImageOfPage\":{\"@id\":\"https:\/\/www.qnde.ca\/fr\/produit\/bloc-detalonnage-de-sensibilite\/#primaryimage\"},\"image\":{\"@id\":\"https:\/\/www.qnde.ca\/fr\/produit\/bloc-detalonnage-de-sensibilite\/#primaryimage\"},\"thumbnailUrl\":\"https:\/\/www.qnde.ca\/wp-content\/uploads\/2016\/01\/SC-Block.jpg\",\"datePublished\":\"2016-01-08T15:46:34+00:00\",\"dateModified\":\"2025-11-25T21:02:16+00:00\",\"description\":\"Curtis Industries Bloc d'\u00e9talonnage de sensibilit\u00e9 \u2013 SC.\",\"breadcrumb\":{\"@id\":\"https:\/\/www.qnde.ca\/fr\/produit\/bloc-detalonnage-de-sensibilite\/#breadcrumb\"},\"inLanguage\":\"fr-FR\",\"potentialAction\":[{\"@type\":\"ReadAction\",\"target\":[\"https:\/\/www.qnde.ca\/fr\/produit\/bloc-detalonnage-de-sensibilite\/\"]}]},{\"@type\":\"ImageObject\",\"inLanguage\":\"fr-FR\",\"@id\":\"https:\/\/www.qnde.ca\/fr\/produit\/bloc-detalonnage-de-sensibilite\/#primaryimage\",\"url\":\"https:\/\/www.qnde.ca\/wp-content\/uploads\/2016\/01\/SC-Block.jpg\",\"contentUrl\":\"https:\/\/www.qnde.ca\/wp-content\/uploads\/2016\/01\/SC-Block.jpg\",\"width\":340,\"height\":243,\"caption\":\"Une petite bo\u00eete m\u00e9tallique \u00e9tiquet\u00e9e comme un mesureur de teneur en ferrite, pos\u00e9e sur un fond blanc uni.\"},{\"@type\":\"BreadcrumbList\",\"@id\":\"https:\/\/www.qnde.ca\/fr\/produit\/bloc-detalonnage-de-sensibilite\/#breadcrumb\",\"itemListElement\":[{\"@type\":\"ListItem\",\"position\":1,\"name\":\"Accueil\",\"item\":\"https:\/\/www.qnde.ca\/fr\/\"},{\"@type\":\"ListItem\",\"position\":2,\"name\":\"Produits\",\"item\":\"https:\/\/www.qnde.ca\/fr\/produits\/\"},{\"@type\":\"ListItem\",\"position\":3,\"name\":\"Marques\",\"item\":\"https:\/\/www.qnde.ca\/fr\/product-category\/marques\/\"},{\"@type\":\"ListItem\",\"position\":4,\"name\":\"Curtis Industries\",\"item\":\"https:\/\/www.qnde.ca\/fr\/product-category\/marques\/curtis-industries-fr\/\"},{\"@type\":\"ListItem\",\"position\":5,\"name\":\"Curtis Industries Bloc d&#8217;\u00e9talonnage de sensibilit\u00e9 \u2013 SC\"}]},{\"@type\":\"WebSite\",\"@id\":\"https:\/\/www.qnde.ca\/#website\",\"url\":\"https:\/\/www.qnde.ca\/\",\"name\":\"Qualit\u00e9 NDE\",\"description\":\"\u00c9quipements d&#039;essais non destructifs \",\"publisher\":{\"@id\":\"https:\/\/www.qnde.ca\/#organization\"},\"potentialAction\":[{\"@type\":\"SearchAction\",\"target\":{\"@type\":\"EntryPoint\",\"urlTemplate\":\"https:\/\/www.qnde.ca\/?s={search_term_string}\"},\"query-input\":{\"@type\":\"PropertyValueSpecification\",\"valueRequired\":true,\"valueName\":\"search_term_string\"}}],\"inLanguage\":\"fr-FR\"},{\"@type\":\"Organization\",\"@id\":\"https:\/\/www.qnde.ca\/#organization\",\"name\":\"Quality NDT Ltd.\",\"url\":\"https:\/\/www.qnde.ca\/\",\"logo\":{\"@type\":\"ImageObject\",\"inLanguage\":\"fr-FR\",\"@id\":\"https:\/\/www.qnde.ca\/#\/schema\/logo\/image\/\",\"url\":\"https:\/\/www.qnde.ca\/wp-content\/uploads\/2022\/02\/QNDE_logo_RGB-gif.gif\",\"contentUrl\":\"https:\/\/www.qnde.ca\/wp-content\/uploads\/2022\/02\/QNDE_logo_RGB-gif.gif\",\"width\":250,\"height\":64,\"caption\":\"Quality NDT Ltd.\"},\"image\":{\"@id\":\"https:\/\/www.qnde.ca\/#\/schema\/logo\/image\/\"},\"sameAs\":[\"https:\/\/www.linkedin.com\/company\/qnde\/about\/?viewAsMember=true\"]}]}<\/script>\n<!-- \/ Yoast SEO plugin. -->","yoast_head_json":{"title":"Curtis Industries Bloc d'\u00e9talonnage de sensibilit\u00e9 \u2013 SC &#060; Qualit\u00e9 NDE","description":"Curtis Industries Bloc d'\u00e9talonnage de sensibilit\u00e9 \u2013 SC.","robots":{"index":"index","follow":"follow","max-snippet":"max-snippet:-1","max-image-preview":"max-image-preview:large","max-video-preview":"max-video-preview:-1"},"canonical":"https:\/\/www.qnde.ca\/fr\/produit\/bloc-detalonnage-de-sensibilite\/","twitter_misc":{"Dur\u00e9e de lecture estim\u00e9e":"1 minute"},"schema":{"@context":"https:\/\/schema.org","@graph":[{"@type":["WebPage","ItemPage"],"@id":"https:\/\/www.qnde.ca\/fr\/produit\/bloc-detalonnage-de-sensibilite\/","url":"https:\/\/www.qnde.ca\/fr\/produit\/bloc-detalonnage-de-sensibilite\/","name":"Curtis Industries Bloc d'\u00e9talonnage de sensibilit\u00e9 \u2013 SC &#060; Qualit\u00e9 NDE","isPartOf":{"@id":"https:\/\/www.qnde.ca\/#website"},"primaryImageOfPage":{"@id":"https:\/\/www.qnde.ca\/fr\/produit\/bloc-detalonnage-de-sensibilite\/#primaryimage"},"image":{"@id":"https:\/\/www.qnde.ca\/fr\/produit\/bloc-detalonnage-de-sensibilite\/#primaryimage"},"thumbnailUrl":"https:\/\/www.qnde.ca\/wp-content\/uploads\/2016\/01\/SC-Block.jpg","datePublished":"2016-01-08T15:46:34+00:00","dateModified":"2025-11-25T21:02:16+00:00","description":"Curtis Industries Bloc d'\u00e9talonnage de sensibilit\u00e9 \u2013 SC.","breadcrumb":{"@id":"https:\/\/www.qnde.ca\/fr\/produit\/bloc-detalonnage-de-sensibilite\/#breadcrumb"},"inLanguage":"fr-FR","potentialAction":[{"@type":"ReadAction","target":["https:\/\/www.qnde.ca\/fr\/produit\/bloc-detalonnage-de-sensibilite\/"]}]},{"@type":"ImageObject","inLanguage":"fr-FR","@id":"https:\/\/www.qnde.ca\/fr\/produit\/bloc-detalonnage-de-sensibilite\/#primaryimage","url":"https:\/\/www.qnde.ca\/wp-content\/uploads\/2016\/01\/SC-Block.jpg","contentUrl":"https:\/\/www.qnde.ca\/wp-content\/uploads\/2016\/01\/SC-Block.jpg","width":340,"height":243,"caption":"Une petite bo\u00eete m\u00e9tallique \u00e9tiquet\u00e9e comme un mesureur de teneur en ferrite, pos\u00e9e sur un fond blanc uni."},{"@type":"BreadcrumbList","@id":"https:\/\/www.qnde.ca\/fr\/produit\/bloc-detalonnage-de-sensibilite\/#breadcrumb","itemListElement":[{"@type":"ListItem","position":1,"name":"Accueil","item":"https:\/\/www.qnde.ca\/fr\/"},{"@type":"ListItem","position":2,"name":"Produits","item":"https:\/\/www.qnde.ca\/fr\/produits\/"},{"@type":"ListItem","position":3,"name":"Marques","item":"https:\/\/www.qnde.ca\/fr\/product-category\/marques\/"},{"@type":"ListItem","position":4,"name":"Curtis Industries","item":"https:\/\/www.qnde.ca\/fr\/product-category\/marques\/curtis-industries-fr\/"},{"@type":"ListItem","position":5,"name":"Curtis Industries Bloc d&#8217;\u00e9talonnage de sensibilit\u00e9 \u2013 SC"}]},{"@type":"WebSite","@id":"https:\/\/www.qnde.ca\/#website","url":"https:\/\/www.qnde.ca\/","name":"Qualit\u00e9 NDE","description":"\u00c9quipements d&#039;essais non destructifs ","publisher":{"@id":"https:\/\/www.qnde.ca\/#organization"},"potentialAction":[{"@type":"SearchAction","target":{"@type":"EntryPoint","urlTemplate":"https:\/\/www.qnde.ca\/?s={search_term_string}"},"query-input":{"@type":"PropertyValueSpecification","valueRequired":true,"valueName":"search_term_string"}}],"inLanguage":"fr-FR"},{"@type":"Organization","@id":"https:\/\/www.qnde.ca\/#organization","name":"Quality NDT Ltd.","url":"https:\/\/www.qnde.ca\/","logo":{"@type":"ImageObject","inLanguage":"fr-FR","@id":"https:\/\/www.qnde.ca\/#\/schema\/logo\/image\/","url":"https:\/\/www.qnde.ca\/wp-content\/uploads\/2022\/02\/QNDE_logo_RGB-gif.gif","contentUrl":"https:\/\/www.qnde.ca\/wp-content\/uploads\/2022\/02\/QNDE_logo_RGB-gif.gif","width":250,"height":64,"caption":"Quality NDT Ltd."},"image":{"@id":"https:\/\/www.qnde.ca\/#\/schema\/logo\/image\/"},"sameAs":["https:\/\/www.linkedin.com\/company\/qnde\/about\/?viewAsMember=true"]}]}},"jetpack_sharing_enabled":true,"_links":{"self":[{"href":"https:\/\/www.qnde.ca\/fr\/wp-json\/wp\/v2\/product\/4156","targetHints":{"allow":["GET"]}}],"collection":[{"href":"https:\/\/www.qnde.ca\/fr\/wp-json\/wp\/v2\/product"}],"about":[{"href":"https:\/\/www.qnde.ca\/fr\/wp-json\/wp\/v2\/types\/product"}],"wp:featuredmedia":[{"embeddable":true,"href":"https:\/\/www.qnde.ca\/fr\/wp-json\/wp\/v2\/media\/7647"}],"wp:attachment":[{"href":"https:\/\/www.qnde.ca\/fr\/wp-json\/wp\/v2\/media?parent=4156"}],"wp:term":[{"taxonomy":"product_brand","embeddable":true,"href":"https:\/\/www.qnde.ca\/fr\/wp-json\/wp\/v2\/product_brand?post=4156"},{"taxonomy":"product_cat","embeddable":true,"href":"https:\/\/www.qnde.ca\/fr\/wp-json\/wp\/v2\/product_cat?post=4156"},{"taxonomy":"product_tag","embeddable":true,"href":"https:\/\/www.qnde.ca\/fr\/wp-json\/wp\/v2\/product_tag?post=4156"}],"curies":[{"name":"wp","href":"https:\/\/api.w.org\/{rel}","templated":true}]}}