{"id":4080,"date":"2016-01-08T14:36:08","date_gmt":"2016-01-08T14:36:08","guid":{"rendered":"https:\/\/www.qnde.ca\/?post_type=product&#038;p=4080"},"modified":"2025-08-19T10:52:25","modified_gmt":"2025-08-19T14:52:25","slug":"palpeurs-contact","status":"publish","type":"product","link":"https:\/\/www.qnde.ca\/fr\/produit\/palpeurs-contact\/","title":{"rendered":"NDT Systems Palpeurs Contact"},"content":{"rendered":"<h3><strong>NDT Systems Palpeurs Contact <\/strong><\/h3>\n<p>Palpeurs contact de NDT Systems. Disponible pour <u>Usage G\u00e9n\u00e9ral<\/u> (CHRF= connecteur BNC &amp; CHF=connecteur Microdot) et <u>Haut Gain<\/u> (CMRF=connecteur BNC &amp; CHG=connecteur Microdot).<\/p>\n<p>Seuls les palpeurs courants sont list\u00e9s ci-dessous. Cliquez sur le bouton <strong>CATALOGUE<\/strong> pour la liste compl\u00e8te.<\/p>\n<p>Contactez-nous afin de discuter de votre application, vos exigences, les options disponibles et\/ou recevoir une soumission.<\/p>\n<h4><strong>BNC:<\/strong><\/h4>\n<ul>\n<li>CHRF018: Palpeurs contact, usage g\u00e9n\u00e9ral, 1.0 MHz, 1.0&Prime;, connecteur BNC lat\u00e9ral.<\/li>\n<li>CHRF024: Palpeurs contact, usage g\u00e9n\u00e9ral, 2.25 MHz, 0.50&Prime;, connecteur BNC lat\u00e9ral.<\/li>\n<li>CHRF026: Palpeurs contact, usage g\u00e9n\u00e9ral, 2.25 MHz, 0.75&Prime;, connecteur BNC lat\u00e9ral.<\/li>\n<li>CHRF028: Palpeurs contact, usage g\u00e9n\u00e9ral, 2.25 MHz, 1.0&Prime;, connecteur BNC lat\u00e9ral.<\/li>\n<li>CHRF054: Palpeurs contact, usage g\u00e9n\u00e9ral, 5.0 MHz, 0.50&Prime;, connecteur BNC lat\u00e9ral.<\/li>\n<li>CHRF056: Palpeurs contact, usage g\u00e9n\u00e9ral, 5.0 MHz, 0.75&Prime;, connecteur BNC lat\u00e9ral.<\/li>\n<li>CHRF058: Palpeurs contact, usage g\u00e9n\u00e9ral, 5.0 MHz, 1.0&Prime;, connecteur BNC montage lat\u00e9ral.<\/li>\n<\/ul>\n<h4><strong>Microdot:<\/strong><\/h4>\n<ul>\n<li>CHF022: Palpeurs de contact, usage g\u00e9n\u00e9ral, 2.25 MHz, 0.250&Prime;, connecteur microdot lat\u00e9ral.<\/li>\n<li>CHF023: Palpeurs de contact, usage g\u00e9n\u00e9ral, 2.25 MHz, 0.375&Prime;, connecteur microdot lat\u00e9ral.<\/li>\n<li>CHF024: Palpeurs de contact, usage g\u00e9n\u00e9ral, 2.25 MHz, 0.500&Prime;, connecteur microdot lat\u00e9ral.<\/li>\n<li>CHF052: Palpeurs de contact, usage g\u00e9n\u00e9ral, 5.0 MHz, 0.250&Prime;, connecteur microdot lat\u00e9ral.<\/li>\n<li>CHF053: Palpeurs de contact, usage g\u00e9n\u00e9ral, 5.0 MHz, 0.375&Prime;, connecteur microdot lat\u00e9ral.<\/li>\n<li>CHF054: Palpeurs de contact, usage g\u00e9n\u00e9ral, 5.0 MHz, 0.500&Prime;, connecteur microdot lat\u00e9ral.<\/li>\n<\/ul>\n","protected":false},"excerpt":{"rendered":"<p>NDT Systems Palpeurs Contact Palpeurs contact de NDT Systems. Disponible pour Usage G\u00e9n\u00e9ral (CHRF= connecteur BNC &amp; CHF=connecteur Microdot) et Haut Gain (CMRF=connecteur BNC &amp; CHG=connecteur Microdot). Seuls les palpeurs courants sont list\u00e9s ci-dessous. Cliquez sur le bouton CATALOGUE pour la liste compl\u00e8te. Contactez-nous afin de discuter de votre application, vos exigences, les options disponibles [&hellip;]<\/p>\n","protected":false},"featured_media":19476,"template":"","meta":{"_monsterinsights_skip_tracking":false,"_monsterinsights_sitenote_active":false,"_monsterinsights_sitenote_note":"","_monsterinsights_sitenote_category":0},"product_brand":[],"product_cat":[407,330],"product_tag":[],"class_list":{"0":"post-4080","1":"product","2":"type-product","3":"status-publish","4":"has-post-thumbnail","6":"product_cat-ndt-systems-fr","7":"product_cat-palpeurs","9":"first","10":"instock","11":"shipping-taxable","12":"purchasable","13":"product-type-variable"},"yoast_head":"<!-- This site is optimized with the Yoast SEO plugin v23.9 - https:\/\/yoast.com\/wordpress\/plugins\/seo\/ -->\n<title>NDT Systems Palpeurs Contact &#060; Qualit\u00e9 NDE<\/title>\n<meta name=\"description\" content=\"Palpeurs de contact NDT Systems pour usage g\u00e9n\u00e9ral ou haut gain, connecteurs BNC ou Microdot. Mod\u00e8les courants list\u00e9s, catalogue complet en ligne.\" \/>\n<meta name=\"robots\" content=\"index, follow, max-snippet:-1, max-image-preview:large, max-video-preview:-1\" \/>\n<link rel=\"canonical\" href=\"https:\/\/www.qnde.ca\/fr\/produit\/palpeurs-contact\/\" \/>\n<meta name=\"twitter:label1\" content=\"Dur\u00e9e de lecture estim\u00e9e\" \/>\n\t<meta name=\"twitter:data1\" content=\"2 minutes\" \/>\n<script type=\"application\/ld+json\" class=\"yoast-schema-graph\">{\"@context\":\"https:\/\/schema.org\",\"@graph\":[{\"@type\":[\"WebPage\",\"ItemPage\"],\"@id\":\"https:\/\/www.qnde.ca\/fr\/produit\/palpeurs-contact\/\",\"url\":\"https:\/\/www.qnde.ca\/fr\/produit\/palpeurs-contact\/\",\"name\":\"NDT Systems Palpeurs Contact &#060; Qualit\u00e9 NDE\",\"isPartOf\":{\"@id\":\"https:\/\/www.qnde.ca\/#website\"},\"primaryImageOfPage\":{\"@id\":\"https:\/\/www.qnde.ca\/fr\/produit\/palpeurs-contact\/#primaryimage\"},\"image\":{\"@id\":\"https:\/\/www.qnde.ca\/fr\/produit\/palpeurs-contact\/#primaryimage\"},\"thumbnailUrl\":\"https:\/\/www.qnde.ca\/wp-content\/uploads\/2021\/04\/NDT-Systems-Contact-Transducer-Standard-rugged-BNC-connectors.png\",\"datePublished\":\"2016-01-08T14:36:08+00:00\",\"dateModified\":\"2025-08-19T14:52:25+00:00\",\"description\":\"Palpeurs de contact NDT Systems pour usage g\u00e9n\u00e9ral ou haut gain, connecteurs BNC ou Microdot. Mod\u00e8les courants list\u00e9s, catalogue complet en ligne.\",\"breadcrumb\":{\"@id\":\"https:\/\/www.qnde.ca\/fr\/produit\/palpeurs-contact\/#breadcrumb\"},\"inLanguage\":\"fr-FR\",\"potentialAction\":[{\"@type\":\"ReadAction\",\"target\":[\"https:\/\/www.qnde.ca\/fr\/produit\/palpeurs-contact\/\"]}]},{\"@type\":\"ImageObject\",\"inLanguage\":\"fr-FR\",\"@id\":\"https:\/\/www.qnde.ca\/fr\/produit\/palpeurs-contact\/#primaryimage\",\"url\":\"https:\/\/www.qnde.ca\/wp-content\/uploads\/2021\/04\/NDT-Systems-Contact-Transducer-Standard-rugged-BNC-connectors.png\",\"contentUrl\":\"https:\/\/www.qnde.ca\/wp-content\/uploads\/2021\/04\/NDT-Systems-Contact-Transducer-Standard-rugged-BNC-connectors.png\",\"width\":508,\"height\":508,\"caption\":\"Contact Transducer - Standard rugged - Side BNC\"},{\"@type\":\"BreadcrumbList\",\"@id\":\"https:\/\/www.qnde.ca\/fr\/produit\/palpeurs-contact\/#breadcrumb\",\"itemListElement\":[{\"@type\":\"ListItem\",\"position\":1,\"name\":\"Accueil\",\"item\":\"https:\/\/www.qnde.ca\/fr\/\"},{\"@type\":\"ListItem\",\"position\":2,\"name\":\"Produits\",\"item\":\"https:\/\/www.qnde.ca\/fr\/produits\/\"},{\"@type\":\"ListItem\",\"position\":3,\"name\":\"Ultrasons\",\"item\":\"https:\/\/www.qnde.ca\/fr\/product-category\/ultrasons\/\"},{\"@type\":\"ListItem\",\"position\":4,\"name\":\"Palpeurs\",\"item\":\"https:\/\/www.qnde.ca\/fr\/product-category\/ultrasons\/palpeurs\/\"},{\"@type\":\"ListItem\",\"position\":5,\"name\":\"NDT Systems Palpeurs Contact\"}]},{\"@type\":\"WebSite\",\"@id\":\"https:\/\/www.qnde.ca\/#website\",\"url\":\"https:\/\/www.qnde.ca\/\",\"name\":\"Qualit\u00e9 NDE\",\"description\":\"\u00c9quipements d&#039;essais non destructifs \",\"publisher\":{\"@id\":\"https:\/\/www.qnde.ca\/#organization\"},\"potentialAction\":[{\"@type\":\"SearchAction\",\"target\":{\"@type\":\"EntryPoint\",\"urlTemplate\":\"https:\/\/www.qnde.ca\/?s={search_term_string}\"},\"query-input\":{\"@type\":\"PropertyValueSpecification\",\"valueRequired\":true,\"valueName\":\"search_term_string\"}}],\"inLanguage\":\"fr-FR\"},{\"@type\":\"Organization\",\"@id\":\"https:\/\/www.qnde.ca\/#organization\",\"name\":\"Quality NDT Ltd.\",\"url\":\"https:\/\/www.qnde.ca\/\",\"logo\":{\"@type\":\"ImageObject\",\"inLanguage\":\"fr-FR\",\"@id\":\"https:\/\/www.qnde.ca\/#\/schema\/logo\/image\/\",\"url\":\"https:\/\/www.qnde.ca\/wp-content\/uploads\/2022\/02\/QNDE_logo_RGB-gif.gif\",\"contentUrl\":\"https:\/\/www.qnde.ca\/wp-content\/uploads\/2022\/02\/QNDE_logo_RGB-gif.gif\",\"width\":250,\"height\":64,\"caption\":\"Quality NDT Ltd.\"},\"image\":{\"@id\":\"https:\/\/www.qnde.ca\/#\/schema\/logo\/image\/\"},\"sameAs\":[\"https:\/\/www.linkedin.com\/company\/qnde\/about\/?viewAsMember=true\"]}]}<\/script>\n<!-- \/ Yoast SEO plugin. -->","yoast_head_json":{"title":"NDT Systems Palpeurs Contact &#060; Qualit\u00e9 NDE","description":"Palpeurs de contact NDT Systems pour usage g\u00e9n\u00e9ral ou haut gain, connecteurs BNC ou Microdot. Mod\u00e8les courants list\u00e9s, catalogue complet en ligne.","robots":{"index":"index","follow":"follow","max-snippet":"max-snippet:-1","max-image-preview":"max-image-preview:large","max-video-preview":"max-video-preview:-1"},"canonical":"https:\/\/www.qnde.ca\/fr\/produit\/palpeurs-contact\/","twitter_misc":{"Dur\u00e9e de lecture estim\u00e9e":"2 minutes"},"schema":{"@context":"https:\/\/schema.org","@graph":[{"@type":["WebPage","ItemPage"],"@id":"https:\/\/www.qnde.ca\/fr\/produit\/palpeurs-contact\/","url":"https:\/\/www.qnde.ca\/fr\/produit\/palpeurs-contact\/","name":"NDT Systems Palpeurs Contact &#060; Qualit\u00e9 NDE","isPartOf":{"@id":"https:\/\/www.qnde.ca\/#website"},"primaryImageOfPage":{"@id":"https:\/\/www.qnde.ca\/fr\/produit\/palpeurs-contact\/#primaryimage"},"image":{"@id":"https:\/\/www.qnde.ca\/fr\/produit\/palpeurs-contact\/#primaryimage"},"thumbnailUrl":"https:\/\/www.qnde.ca\/wp-content\/uploads\/2021\/04\/NDT-Systems-Contact-Transducer-Standard-rugged-BNC-connectors.png","datePublished":"2016-01-08T14:36:08+00:00","dateModified":"2025-08-19T14:52:25+00:00","description":"Palpeurs de contact NDT Systems pour usage g\u00e9n\u00e9ral ou haut gain, connecteurs BNC ou Microdot. Mod\u00e8les courants list\u00e9s, catalogue complet en ligne.","breadcrumb":{"@id":"https:\/\/www.qnde.ca\/fr\/produit\/palpeurs-contact\/#breadcrumb"},"inLanguage":"fr-FR","potentialAction":[{"@type":"ReadAction","target":["https:\/\/www.qnde.ca\/fr\/produit\/palpeurs-contact\/"]}]},{"@type":"ImageObject","inLanguage":"fr-FR","@id":"https:\/\/www.qnde.ca\/fr\/produit\/palpeurs-contact\/#primaryimage","url":"https:\/\/www.qnde.ca\/wp-content\/uploads\/2021\/04\/NDT-Systems-Contact-Transducer-Standard-rugged-BNC-connectors.png","contentUrl":"https:\/\/www.qnde.ca\/wp-content\/uploads\/2021\/04\/NDT-Systems-Contact-Transducer-Standard-rugged-BNC-connectors.png","width":508,"height":508,"caption":"Contact Transducer - Standard rugged - Side BNC"},{"@type":"BreadcrumbList","@id":"https:\/\/www.qnde.ca\/fr\/produit\/palpeurs-contact\/#breadcrumb","itemListElement":[{"@type":"ListItem","position":1,"name":"Accueil","item":"https:\/\/www.qnde.ca\/fr\/"},{"@type":"ListItem","position":2,"name":"Produits","item":"https:\/\/www.qnde.ca\/fr\/produits\/"},{"@type":"ListItem","position":3,"name":"Ultrasons","item":"https:\/\/www.qnde.ca\/fr\/product-category\/ultrasons\/"},{"@type":"ListItem","position":4,"name":"Palpeurs","item":"https:\/\/www.qnde.ca\/fr\/product-category\/ultrasons\/palpeurs\/"},{"@type":"ListItem","position":5,"name":"NDT Systems Palpeurs Contact"}]},{"@type":"WebSite","@id":"https:\/\/www.qnde.ca\/#website","url":"https:\/\/www.qnde.ca\/","name":"Qualit\u00e9 NDE","description":"\u00c9quipements d&#039;essais non destructifs ","publisher":{"@id":"https:\/\/www.qnde.ca\/#organization"},"potentialAction":[{"@type":"SearchAction","target":{"@type":"EntryPoint","urlTemplate":"https:\/\/www.qnde.ca\/?s={search_term_string}"},"query-input":{"@type":"PropertyValueSpecification","valueRequired":true,"valueName":"search_term_string"}}],"inLanguage":"fr-FR"},{"@type":"Organization","@id":"https:\/\/www.qnde.ca\/#organization","name":"Quality NDT Ltd.","url":"https:\/\/www.qnde.ca\/","logo":{"@type":"ImageObject","inLanguage":"fr-FR","@id":"https:\/\/www.qnde.ca\/#\/schema\/logo\/image\/","url":"https:\/\/www.qnde.ca\/wp-content\/uploads\/2022\/02\/QNDE_logo_RGB-gif.gif","contentUrl":"https:\/\/www.qnde.ca\/wp-content\/uploads\/2022\/02\/QNDE_logo_RGB-gif.gif","width":250,"height":64,"caption":"Quality NDT Ltd."},"image":{"@id":"https:\/\/www.qnde.ca\/#\/schema\/logo\/image\/"},"sameAs":["https:\/\/www.linkedin.com\/company\/qnde\/about\/?viewAsMember=true"]}]}},"jetpack_sharing_enabled":true,"_links":{"self":[{"href":"https:\/\/www.qnde.ca\/fr\/wp-json\/wp\/v2\/product\/4080","targetHints":{"allow":["GET"]}}],"collection":[{"href":"https:\/\/www.qnde.ca\/fr\/wp-json\/wp\/v2\/product"}],"about":[{"href":"https:\/\/www.qnde.ca\/fr\/wp-json\/wp\/v2\/types\/product"}],"wp:featuredmedia":[{"embeddable":true,"href":"https:\/\/www.qnde.ca\/fr\/wp-json\/wp\/v2\/media\/19476"}],"wp:attachment":[{"href":"https:\/\/www.qnde.ca\/fr\/wp-json\/wp\/v2\/media?parent=4080"}],"wp:term":[{"taxonomy":"product_brand","embeddable":true,"href":"https:\/\/www.qnde.ca\/fr\/wp-json\/wp\/v2\/product_brand?post=4080"},{"taxonomy":"product_cat","embeddable":true,"href":"https:\/\/www.qnde.ca\/fr\/wp-json\/wp\/v2\/product_cat?post=4080"},{"taxonomy":"product_tag","embeddable":true,"href":"https:\/\/www.qnde.ca\/fr\/wp-json\/wp\/v2\/product_tag?post=4080"}],"curies":[{"name":"wp","href":"https:\/\/api.w.org\/{rel}","templated":true}]}}