{"id":4063,"date":"2016-01-07T21:03:09","date_gmt":"2016-01-07T21:03:09","guid":{"rendered":"https:\/\/www.qnde.ca\/?post_type=product&#038;p=4063"},"modified":"2025-08-19T11:07:27","modified_gmt":"2025-08-19T15:07:27","slug":"palpeurs-angles","status":"publish","type":"product","link":"https:\/\/www.qnde.ca\/fr\/produit\/palpeurs-angles\/","title":{"rendered":"NDT Systems Palpeurs \u00e0 Angle TAB"},"content":{"rendered":"<h3>NST Systems Palpeurs \u00e0 Angle TAB<\/h3>\n<p>Palpeurs \u00e0 angle de NDT Systems avec embout filet\u00e9 pour installation rapide aux sabots de diff\u00e9rents angles.<\/p>\n<p>Seuls les palpeurs courants sont list\u00e9s ci-dessous. Cliquez sur le bouton <strong>CATALOGUE<\/strong> pour la liste compl\u00e8te.<\/p>\n<p>Contactez-nous afin de discuter de votre application, vos exigences, les options disponibles et\/ou recevoir une soumission.<\/p>\n<ul>\n<li>TAB022: Palpeurs \u00e0 angle (pour l\u2019acier), 2.25 MHz, 0.25&Prime;, connecteur microdot sur le dessus.<\/li>\n<li>TAB052: Palpeurs \u00e0 angle (pour l\u2019acier), 5.0 MHz, 0.25&Prime;, connecteur microdot sur le dessus.<\/li>\n<li>TAB023: Palpeurs \u00e0 angle (pour l\u2019acier), 2.25 MHz, 0.375&Prime;, connecteur microdot sur le dessus.<\/li>\n<li>TAB053: Palpeurs \u00e0 angle (pour l\u2019acier), 5.0 MHz, 0.375&Prime;, connecteur microdot sur le dessus.<\/li>\n<li>TAB024: Palpeurs \u00e0 angle (pour l\u2019acier), 2.25 MHz, 0.50&Prime;, connecteur microdot sur le dessus.<\/li>\n<li>TAB054: Palpeurs \u00e0 angle (pour l\u2019acier), 5.0 MHz, 0.50&Prime;, connecteur microdot sur le dessus.<\/li>\n<\/ul>\n","protected":false},"excerpt":{"rendered":"<p>NST Systems Palpeurs \u00e0 Angle TAB Palpeurs \u00e0 angle de NDT Systems avec embout filet\u00e9 pour installation rapide aux sabots de diff\u00e9rents angles. Seuls les palpeurs courants sont list\u00e9s ci-dessous. Cliquez sur le bouton CATALOGUE pour la liste compl\u00e8te. Contactez-nous afin de discuter de votre application, vos exigences, les options disponibles et\/ou recevoir une soumission. [&hellip;]<\/p>\n","protected":false},"featured_media":19485,"template":"","meta":{"_monsterinsights_skip_tracking":false,"_monsterinsights_sitenote_active":false,"_monsterinsights_sitenote_note":"","_monsterinsights_sitenote_category":0},"product_brand":[],"product_cat":[407,330],"product_tag":[],"class_list":{"0":"post-4063","1":"product","2":"type-product","3":"status-publish","4":"has-post-thumbnail","6":"product_cat-ndt-systems-fr","7":"product_cat-palpeurs","9":"first","10":"instock","11":"shipping-taxable","12":"purchasable","13":"product-type-variable"},"yoast_head":"<!-- This site is optimized with the Yoast SEO plugin v23.9 - https:\/\/yoast.com\/wordpress\/plugins\/seo\/ -->\n<title>NDT Systems Palpeurs \u00e0 Angle TAB &#060; Qualit\u00e9 NDE<\/title>\n<meta name=\"description\" content=\"Palpeurs \u00e0 angle TAB avec embout filet\u00e9 pour installation rapide aux sabots de diff\u00e9rents angles. Pour l&#039;acier. Connecteur microdot sur le dessus\" \/>\n<meta name=\"robots\" content=\"index, follow, max-snippet:-1, max-image-preview:large, max-video-preview:-1\" \/>\n<link rel=\"canonical\" href=\"https:\/\/www.qnde.ca\/fr\/produit\/palpeurs-angles\/\" \/>\n<meta name=\"twitter:label1\" content=\"Dur\u00e9e de lecture estim\u00e9e\" \/>\n\t<meta name=\"twitter:data1\" content=\"1 minute\" \/>\n<script type=\"application\/ld+json\" class=\"yoast-schema-graph\">{\"@context\":\"https:\/\/schema.org\",\"@graph\":[{\"@type\":[\"WebPage\",\"ItemPage\"],\"@id\":\"https:\/\/www.qnde.ca\/fr\/produit\/palpeurs-angles\/\",\"url\":\"https:\/\/www.qnde.ca\/fr\/produit\/palpeurs-angles\/\",\"name\":\"NDT Systems Palpeurs \u00e0 Angle TAB &#060; Qualit\u00e9 NDE\",\"isPartOf\":{\"@id\":\"https:\/\/www.qnde.ca\/#website\"},\"primaryImageOfPage\":{\"@id\":\"https:\/\/www.qnde.ca\/fr\/produit\/palpeurs-angles\/#primaryimage\"},\"image\":{\"@id\":\"https:\/\/www.qnde.ca\/fr\/produit\/palpeurs-angles\/#primaryimage\"},\"thumbnailUrl\":\"https:\/\/www.qnde.ca\/wp-content\/uploads\/2021\/04\/NDT-Systems-\u2013-TAB-Transducer-Angle-Beam-\u2013-Quick-change-\u2013-Top-microdot.png\",\"datePublished\":\"2016-01-07T21:03:09+00:00\",\"dateModified\":\"2025-08-19T15:07:27+00:00\",\"description\":\"Palpeurs \u00e0 angle TAB avec embout filet\u00e9 pour installation rapide aux sabots de diff\u00e9rents angles. Pour l'acier. Connecteur microdot sur le dessus\",\"breadcrumb\":{\"@id\":\"https:\/\/www.qnde.ca\/fr\/produit\/palpeurs-angles\/#breadcrumb\"},\"inLanguage\":\"fr-FR\",\"potentialAction\":[{\"@type\":\"ReadAction\",\"target\":[\"https:\/\/www.qnde.ca\/fr\/produit\/palpeurs-angles\/\"]}]},{\"@type\":\"ImageObject\",\"inLanguage\":\"fr-FR\",\"@id\":\"https:\/\/www.qnde.ca\/fr\/produit\/palpeurs-angles\/#primaryimage\",\"url\":\"https:\/\/www.qnde.ca\/wp-content\/uploads\/2021\/04\/NDT-Systems-\u2013-TAB-Transducer-Angle-Beam-\u2013-Quick-change-\u2013-Top-microdot.png\",\"contentUrl\":\"https:\/\/www.qnde.ca\/wp-content\/uploads\/2021\/04\/NDT-Systems-\u2013-TAB-Transducer-Angle-Beam-\u2013-Quick-change-\u2013-Top-microdot.png\",\"width\":400,\"height\":400,\"caption\":\"TAB Transducer Angle Beam\u2013 Quick change \u2013 Top microdot\"},{\"@type\":\"BreadcrumbList\",\"@id\":\"https:\/\/www.qnde.ca\/fr\/produit\/palpeurs-angles\/#breadcrumb\",\"itemListElement\":[{\"@type\":\"ListItem\",\"position\":1,\"name\":\"Accueil\",\"item\":\"https:\/\/www.qnde.ca\/fr\/\"},{\"@type\":\"ListItem\",\"position\":2,\"name\":\"Produits\",\"item\":\"https:\/\/www.qnde.ca\/fr\/produits\/\"},{\"@type\":\"ListItem\",\"position\":3,\"name\":\"Ultrasons\",\"item\":\"https:\/\/www.qnde.ca\/fr\/product-category\/ultrasons\/\"},{\"@type\":\"ListItem\",\"position\":4,\"name\":\"Palpeurs\",\"item\":\"https:\/\/www.qnde.ca\/fr\/product-category\/ultrasons\/palpeurs\/\"},{\"@type\":\"ListItem\",\"position\":5,\"name\":\"NDT Systems Palpeurs \u00e0 Angle TAB\"}]},{\"@type\":\"WebSite\",\"@id\":\"https:\/\/www.qnde.ca\/#website\",\"url\":\"https:\/\/www.qnde.ca\/\",\"name\":\"Qualit\u00e9 NDE\",\"description\":\"\u00c9quipements d&#039;essais non destructifs \",\"publisher\":{\"@id\":\"https:\/\/www.qnde.ca\/#organization\"},\"potentialAction\":[{\"@type\":\"SearchAction\",\"target\":{\"@type\":\"EntryPoint\",\"urlTemplate\":\"https:\/\/www.qnde.ca\/?s={search_term_string}\"},\"query-input\":{\"@type\":\"PropertyValueSpecification\",\"valueRequired\":true,\"valueName\":\"search_term_string\"}}],\"inLanguage\":\"fr-FR\"},{\"@type\":\"Organization\",\"@id\":\"https:\/\/www.qnde.ca\/#organization\",\"name\":\"Quality NDT Ltd.\",\"url\":\"https:\/\/www.qnde.ca\/\",\"logo\":{\"@type\":\"ImageObject\",\"inLanguage\":\"fr-FR\",\"@id\":\"https:\/\/www.qnde.ca\/#\/schema\/logo\/image\/\",\"url\":\"https:\/\/www.qnde.ca\/wp-content\/uploads\/2022\/02\/QNDE_logo_RGB-gif.gif\",\"contentUrl\":\"https:\/\/www.qnde.ca\/wp-content\/uploads\/2022\/02\/QNDE_logo_RGB-gif.gif\",\"width\":250,\"height\":64,\"caption\":\"Quality NDT Ltd.\"},\"image\":{\"@id\":\"https:\/\/www.qnde.ca\/#\/schema\/logo\/image\/\"},\"sameAs\":[\"https:\/\/www.linkedin.com\/company\/qnde\/about\/?viewAsMember=true\"]}]}<\/script>\n<!-- \/ Yoast SEO plugin. -->","yoast_head_json":{"title":"NDT Systems Palpeurs \u00e0 Angle TAB &#060; Qualit\u00e9 NDE","description":"Palpeurs \u00e0 angle TAB avec embout filet\u00e9 pour installation rapide aux sabots de diff\u00e9rents angles. Pour l'acier. Connecteur microdot sur le dessus","robots":{"index":"index","follow":"follow","max-snippet":"max-snippet:-1","max-image-preview":"max-image-preview:large","max-video-preview":"max-video-preview:-1"},"canonical":"https:\/\/www.qnde.ca\/fr\/produit\/palpeurs-angles\/","twitter_misc":{"Dur\u00e9e de lecture estim\u00e9e":"1 minute"},"schema":{"@context":"https:\/\/schema.org","@graph":[{"@type":["WebPage","ItemPage"],"@id":"https:\/\/www.qnde.ca\/fr\/produit\/palpeurs-angles\/","url":"https:\/\/www.qnde.ca\/fr\/produit\/palpeurs-angles\/","name":"NDT Systems Palpeurs \u00e0 Angle TAB &#060; Qualit\u00e9 NDE","isPartOf":{"@id":"https:\/\/www.qnde.ca\/#website"},"primaryImageOfPage":{"@id":"https:\/\/www.qnde.ca\/fr\/produit\/palpeurs-angles\/#primaryimage"},"image":{"@id":"https:\/\/www.qnde.ca\/fr\/produit\/palpeurs-angles\/#primaryimage"},"thumbnailUrl":"https:\/\/www.qnde.ca\/wp-content\/uploads\/2021\/04\/NDT-Systems-\u2013-TAB-Transducer-Angle-Beam-\u2013-Quick-change-\u2013-Top-microdot.png","datePublished":"2016-01-07T21:03:09+00:00","dateModified":"2025-08-19T15:07:27+00:00","description":"Palpeurs \u00e0 angle TAB avec embout filet\u00e9 pour installation rapide aux sabots de diff\u00e9rents angles. Pour l'acier. Connecteur microdot sur le dessus","breadcrumb":{"@id":"https:\/\/www.qnde.ca\/fr\/produit\/palpeurs-angles\/#breadcrumb"},"inLanguage":"fr-FR","potentialAction":[{"@type":"ReadAction","target":["https:\/\/www.qnde.ca\/fr\/produit\/palpeurs-angles\/"]}]},{"@type":"ImageObject","inLanguage":"fr-FR","@id":"https:\/\/www.qnde.ca\/fr\/produit\/palpeurs-angles\/#primaryimage","url":"https:\/\/www.qnde.ca\/wp-content\/uploads\/2021\/04\/NDT-Systems-\u2013-TAB-Transducer-Angle-Beam-\u2013-Quick-change-\u2013-Top-microdot.png","contentUrl":"https:\/\/www.qnde.ca\/wp-content\/uploads\/2021\/04\/NDT-Systems-\u2013-TAB-Transducer-Angle-Beam-\u2013-Quick-change-\u2013-Top-microdot.png","width":400,"height":400,"caption":"TAB Transducer Angle Beam\u2013 Quick change \u2013 Top microdot"},{"@type":"BreadcrumbList","@id":"https:\/\/www.qnde.ca\/fr\/produit\/palpeurs-angles\/#breadcrumb","itemListElement":[{"@type":"ListItem","position":1,"name":"Accueil","item":"https:\/\/www.qnde.ca\/fr\/"},{"@type":"ListItem","position":2,"name":"Produits","item":"https:\/\/www.qnde.ca\/fr\/produits\/"},{"@type":"ListItem","position":3,"name":"Ultrasons","item":"https:\/\/www.qnde.ca\/fr\/product-category\/ultrasons\/"},{"@type":"ListItem","position":4,"name":"Palpeurs","item":"https:\/\/www.qnde.ca\/fr\/product-category\/ultrasons\/palpeurs\/"},{"@type":"ListItem","position":5,"name":"NDT Systems Palpeurs \u00e0 Angle TAB"}]},{"@type":"WebSite","@id":"https:\/\/www.qnde.ca\/#website","url":"https:\/\/www.qnde.ca\/","name":"Qualit\u00e9 NDE","description":"\u00c9quipements d&#039;essais non destructifs ","publisher":{"@id":"https:\/\/www.qnde.ca\/#organization"},"potentialAction":[{"@type":"SearchAction","target":{"@type":"EntryPoint","urlTemplate":"https:\/\/www.qnde.ca\/?s={search_term_string}"},"query-input":{"@type":"PropertyValueSpecification","valueRequired":true,"valueName":"search_term_string"}}],"inLanguage":"fr-FR"},{"@type":"Organization","@id":"https:\/\/www.qnde.ca\/#organization","name":"Quality NDT Ltd.","url":"https:\/\/www.qnde.ca\/","logo":{"@type":"ImageObject","inLanguage":"fr-FR","@id":"https:\/\/www.qnde.ca\/#\/schema\/logo\/image\/","url":"https:\/\/www.qnde.ca\/wp-content\/uploads\/2022\/02\/QNDE_logo_RGB-gif.gif","contentUrl":"https:\/\/www.qnde.ca\/wp-content\/uploads\/2022\/02\/QNDE_logo_RGB-gif.gif","width":250,"height":64,"caption":"Quality NDT Ltd."},"image":{"@id":"https:\/\/www.qnde.ca\/#\/schema\/logo\/image\/"},"sameAs":["https:\/\/www.linkedin.com\/company\/qnde\/about\/?viewAsMember=true"]}]}},"jetpack_sharing_enabled":true,"_links":{"self":[{"href":"https:\/\/www.qnde.ca\/fr\/wp-json\/wp\/v2\/product\/4063","targetHints":{"allow":["GET"]}}],"collection":[{"href":"https:\/\/www.qnde.ca\/fr\/wp-json\/wp\/v2\/product"}],"about":[{"href":"https:\/\/www.qnde.ca\/fr\/wp-json\/wp\/v2\/types\/product"}],"wp:featuredmedia":[{"embeddable":true,"href":"https:\/\/www.qnde.ca\/fr\/wp-json\/wp\/v2\/media\/19485"}],"wp:attachment":[{"href":"https:\/\/www.qnde.ca\/fr\/wp-json\/wp\/v2\/media?parent=4063"}],"wp:term":[{"taxonomy":"product_brand","embeddable":true,"href":"https:\/\/www.qnde.ca\/fr\/wp-json\/wp\/v2\/product_brand?post=4063"},{"taxonomy":"product_cat","embeddable":true,"href":"https:\/\/www.qnde.ca\/fr\/wp-json\/wp\/v2\/product_cat?post=4063"},{"taxonomy":"product_tag","embeddable":true,"href":"https:\/\/www.qnde.ca\/fr\/wp-json\/wp\/v2\/product_tag?post=4063"}],"curies":[{"name":"wp","href":"https:\/\/api.w.org\/{rel}","templated":true}]}}