{"id":40278,"date":"2025-07-17T11:04:45","date_gmt":"2025-07-17T15:06:13","guid":{"rendered":"https:\/\/www.qnde.ca\/?post_type=product&#038;p=40278"},"modified":"2025-08-19T13:51:56","modified_gmt":"2025-08-19T17:51:56","slug":"tank-007-lampe-poche-del-uv","status":"publish","type":"product","link":"https:\/\/www.qnde.ca\/fr\/produit\/tank-007-lampe-poche-del-uv\/","title":{"rendered":"Tank 007, Lampe de Poche DEL UV"},"content":{"rendered":"<p>Tank 007, Lampe de Poche DEL UV<\/p>\n<p>Lampe de poche UV industrielle pour NDT avec une intensit\u00e9 maximale de 9000 \u00b5W\/cm\u00b2 \u00e0 15\u201d (38 cm), elle \u00e9claire un diam\u00e8tre de 11\u201d (28cm) \u00e0 1000 \u00b5W\/cm\u00b2. Autonomie de 3 heures. Test\u00e9e contre les chutes \u00e0 1,5 m, IP67.<\/p>\n<p>Livr\u00e9e avec un certificat ASTM E3022, une batterie Li-ion, alimentation 100-240VAC avec c\u00e2ble de recharge USB-C, une dragonne, lunettes de protection UV, manuel d\u2019instructions, valise de transport en aluminium.<\/p>\n<p>&nbsp;<\/p>\n<p>UVC31: Lampe de poche DEL UV Tank 007, 1000 \u00b5W\/cm\u00b2 de 11\u201d (28 cm) de diam\u00e8tre.<\/p>\n","protected":false},"excerpt":{"rendered":"<p>Tank 007, Lampe de Poche DEL UV Lampe de poche UV industrielle pour NDT avec une intensit\u00e9 maximale de 9000 \u00b5W\/cm\u00b2 \u00e0 15\u201d (38 cm), elle \u00e9claire un diam\u00e8tre de 11\u201d (28cm) \u00e0 1000 \u00b5W\/cm\u00b2. Autonomie de 3 heures. Test\u00e9e contre les chutes \u00e0 1,5 m, IP67. Livr\u00e9e avec un certificat ASTM E3022, une batterie [&hellip;]<\/p>\n","protected":false},"featured_media":40273,"template":"","meta":{"_monsterinsights_skip_tracking":false,"_monsterinsights_sitenote_active":false,"_monsterinsights_sitenote_note":"","_monsterinsights_sitenote_category":0},"product_brand":[],"product_cat":[402,133],"product_tag":[470,471,468,437,475],"class_list":{"0":"post-40278","1":"product","2":"type-product","3":"status-publish","4":"has-post-thumbnail","6":"product_cat-autres-marques","7":"product_cat-lampes-uv","8":"product_tag-lampe-de-poche","9":"product_tag-lampe-de-poche-uv","10":"product_tag-lampe-uv","11":"product_tag-ndt-fr","12":"product_tag-quality-control-fr","14":"first","15":"instock","16":"shipping-taxable","17":"product-type-simple"},"yoast_head":"<!-- This site is optimized with the Yoast SEO plugin v23.9 - https:\/\/yoast.com\/wordpress\/plugins\/seo\/ -->\n<title>Tank 007, Lampe de Poche DEL UV &#060; Qualit\u00e9 NDE<\/title>\n<meta name=\"description\" content=\"Lampe UV LED Tank 007 pour CND : 9000\u202f\u00b5W\/cm\u00b2 max, faisceau de 11\u201d \u00e0 1000\u202f\u00b5W\/cm\u00b2. IP67, 3h d\u2019autonomie, certifi\u00e9e ASTM E3022, avec mallette et accessoires.\" \/>\n<meta name=\"robots\" content=\"index, follow, max-snippet:-1, max-image-preview:large, max-video-preview:-1\" \/>\n<link rel=\"canonical\" href=\"https:\/\/www.qnde.ca\/fr\/produit\/tank-007-lampe-poche-del-uv\/\" \/>\n<meta name=\"twitter:label1\" content=\"Dur\u00e9e de lecture estim\u00e9e\" \/>\n\t<meta name=\"twitter:data1\" content=\"1 minute\" \/>\n<script type=\"application\/ld+json\" class=\"yoast-schema-graph\">{\"@context\":\"https:\/\/schema.org\",\"@graph\":[{\"@type\":[\"WebPage\",\"ItemPage\"],\"@id\":\"https:\/\/www.qnde.ca\/fr\/produit\/tank-007-lampe-poche-del-uv\/\",\"url\":\"https:\/\/www.qnde.ca\/fr\/produit\/tank-007-lampe-poche-del-uv\/\",\"name\":\"Tank 007, Lampe de Poche DEL UV &#060; Qualit\u00e9 NDE\",\"isPartOf\":{\"@id\":\"https:\/\/www.qnde.ca\/#website\"},\"primaryImageOfPage\":{\"@id\":\"https:\/\/www.qnde.ca\/fr\/produit\/tank-007-lampe-poche-del-uv\/#primaryimage\"},\"image\":{\"@id\":\"https:\/\/www.qnde.ca\/fr\/produit\/tank-007-lampe-poche-del-uv\/#primaryimage\"},\"thumbnailUrl\":\"https:\/\/www.qnde.ca\/wp-content\/uploads\/2025\/07\/Tank-007-LED-UV-Flashlight.jpg\",\"datePublished\":\"2025-07-17T15:06:13+00:00\",\"dateModified\":\"2025-08-19T17:51:56+00:00\",\"description\":\"Lampe UV LED Tank 007 pour CND : 9000\u202f\u00b5W\/cm\u00b2 max, faisceau de 11\u201d \u00e0 1000\u202f\u00b5W\/cm\u00b2. IP67, 3h d\u2019autonomie, certifi\u00e9e ASTM E3022, avec mallette et accessoires.\",\"breadcrumb\":{\"@id\":\"https:\/\/www.qnde.ca\/fr\/produit\/tank-007-lampe-poche-del-uv\/#breadcrumb\"},\"inLanguage\":\"fr-FR\",\"potentialAction\":[{\"@type\":\"ReadAction\",\"target\":[\"https:\/\/www.qnde.ca\/fr\/produit\/tank-007-lampe-poche-del-uv\/\"]}]},{\"@type\":\"ImageObject\",\"inLanguage\":\"fr-FR\",\"@id\":\"https:\/\/www.qnde.ca\/fr\/produit\/tank-007-lampe-poche-del-uv\/#primaryimage\",\"url\":\"https:\/\/www.qnde.ca\/wp-content\/uploads\/2025\/07\/Tank-007-LED-UV-Flashlight.jpg\",\"contentUrl\":\"https:\/\/www.qnde.ca\/wp-content\/uploads\/2025\/07\/Tank-007-LED-UV-Flashlight.jpg\",\"width\":790,\"height\":784,\"caption\":\"Tank 007 LED UV Flashlight\"},{\"@type\":\"BreadcrumbList\",\"@id\":\"https:\/\/www.qnde.ca\/fr\/produit\/tank-007-lampe-poche-del-uv\/#breadcrumb\",\"itemListElement\":[{\"@type\":\"ListItem\",\"position\":1,\"name\":\"Accueil\",\"item\":\"https:\/\/www.qnde.ca\/fr\/\"},{\"@type\":\"ListItem\",\"position\":2,\"name\":\"Produits\",\"item\":\"https:\/\/www.qnde.ca\/fr\/produits\/\"},{\"@type\":\"ListItem\",\"position\":3,\"name\":\"Marques\",\"item\":\"https:\/\/www.qnde.ca\/fr\/product-category\/marques\/\"},{\"@type\":\"ListItem\",\"position\":4,\"name\":\"Autres Marques\",\"item\":\"https:\/\/www.qnde.ca\/fr\/product-category\/marques\/autres-marques\/\"},{\"@type\":\"ListItem\",\"position\":5,\"name\":\"Tank 007, Lampe de Poche DEL UV\"}]},{\"@type\":\"WebSite\",\"@id\":\"https:\/\/www.qnde.ca\/#website\",\"url\":\"https:\/\/www.qnde.ca\/\",\"name\":\"Qualit\u00e9 NDE\",\"description\":\"\u00c9quipements d&#039;essais non destructifs \",\"publisher\":{\"@id\":\"https:\/\/www.qnde.ca\/#organization\"},\"potentialAction\":[{\"@type\":\"SearchAction\",\"target\":{\"@type\":\"EntryPoint\",\"urlTemplate\":\"https:\/\/www.qnde.ca\/?s={search_term_string}\"},\"query-input\":{\"@type\":\"PropertyValueSpecification\",\"valueRequired\":true,\"valueName\":\"search_term_string\"}}],\"inLanguage\":\"fr-FR\"},{\"@type\":\"Organization\",\"@id\":\"https:\/\/www.qnde.ca\/#organization\",\"name\":\"Quality NDT Ltd.\",\"url\":\"https:\/\/www.qnde.ca\/\",\"logo\":{\"@type\":\"ImageObject\",\"inLanguage\":\"fr-FR\",\"@id\":\"https:\/\/www.qnde.ca\/#\/schema\/logo\/image\/\",\"url\":\"https:\/\/www.qnde.ca\/wp-content\/uploads\/2022\/02\/QNDE_logo_RGB-gif.gif\",\"contentUrl\":\"https:\/\/www.qnde.ca\/wp-content\/uploads\/2022\/02\/QNDE_logo_RGB-gif.gif\",\"width\":250,\"height\":64,\"caption\":\"Quality NDT Ltd.\"},\"image\":{\"@id\":\"https:\/\/www.qnde.ca\/#\/schema\/logo\/image\/\"},\"sameAs\":[\"https:\/\/www.linkedin.com\/company\/qnde\/about\/?viewAsMember=true\"]}]}<\/script>\n<!-- \/ Yoast SEO plugin. -->","yoast_head_json":{"title":"Tank 007, Lampe de Poche DEL UV &#060; Qualit\u00e9 NDE","description":"Lampe UV LED Tank 007 pour CND : 9000\u202f\u00b5W\/cm\u00b2 max, faisceau de 11\u201d \u00e0 1000\u202f\u00b5W\/cm\u00b2. IP67, 3h d\u2019autonomie, certifi\u00e9e ASTM E3022, avec mallette et accessoires.","robots":{"index":"index","follow":"follow","max-snippet":"max-snippet:-1","max-image-preview":"max-image-preview:large","max-video-preview":"max-video-preview:-1"},"canonical":"https:\/\/www.qnde.ca\/fr\/produit\/tank-007-lampe-poche-del-uv\/","twitter_misc":{"Dur\u00e9e de lecture estim\u00e9e":"1 minute"},"schema":{"@context":"https:\/\/schema.org","@graph":[{"@type":["WebPage","ItemPage"],"@id":"https:\/\/www.qnde.ca\/fr\/produit\/tank-007-lampe-poche-del-uv\/","url":"https:\/\/www.qnde.ca\/fr\/produit\/tank-007-lampe-poche-del-uv\/","name":"Tank 007, Lampe de Poche DEL UV &#060; Qualit\u00e9 NDE","isPartOf":{"@id":"https:\/\/www.qnde.ca\/#website"},"primaryImageOfPage":{"@id":"https:\/\/www.qnde.ca\/fr\/produit\/tank-007-lampe-poche-del-uv\/#primaryimage"},"image":{"@id":"https:\/\/www.qnde.ca\/fr\/produit\/tank-007-lampe-poche-del-uv\/#primaryimage"},"thumbnailUrl":"https:\/\/www.qnde.ca\/wp-content\/uploads\/2025\/07\/Tank-007-LED-UV-Flashlight.jpg","datePublished":"2025-07-17T15:06:13+00:00","dateModified":"2025-08-19T17:51:56+00:00","description":"Lampe UV LED Tank 007 pour CND : 9000\u202f\u00b5W\/cm\u00b2 max, faisceau de 11\u201d \u00e0 1000\u202f\u00b5W\/cm\u00b2. IP67, 3h d\u2019autonomie, certifi\u00e9e ASTM E3022, avec mallette et accessoires.","breadcrumb":{"@id":"https:\/\/www.qnde.ca\/fr\/produit\/tank-007-lampe-poche-del-uv\/#breadcrumb"},"inLanguage":"fr-FR","potentialAction":[{"@type":"ReadAction","target":["https:\/\/www.qnde.ca\/fr\/produit\/tank-007-lampe-poche-del-uv\/"]}]},{"@type":"ImageObject","inLanguage":"fr-FR","@id":"https:\/\/www.qnde.ca\/fr\/produit\/tank-007-lampe-poche-del-uv\/#primaryimage","url":"https:\/\/www.qnde.ca\/wp-content\/uploads\/2025\/07\/Tank-007-LED-UV-Flashlight.jpg","contentUrl":"https:\/\/www.qnde.ca\/wp-content\/uploads\/2025\/07\/Tank-007-LED-UV-Flashlight.jpg","width":790,"height":784,"caption":"Tank 007 LED UV Flashlight"},{"@type":"BreadcrumbList","@id":"https:\/\/www.qnde.ca\/fr\/produit\/tank-007-lampe-poche-del-uv\/#breadcrumb","itemListElement":[{"@type":"ListItem","position":1,"name":"Accueil","item":"https:\/\/www.qnde.ca\/fr\/"},{"@type":"ListItem","position":2,"name":"Produits","item":"https:\/\/www.qnde.ca\/fr\/produits\/"},{"@type":"ListItem","position":3,"name":"Marques","item":"https:\/\/www.qnde.ca\/fr\/product-category\/marques\/"},{"@type":"ListItem","position":4,"name":"Autres Marques","item":"https:\/\/www.qnde.ca\/fr\/product-category\/marques\/autres-marques\/"},{"@type":"ListItem","position":5,"name":"Tank 007, Lampe de Poche DEL UV"}]},{"@type":"WebSite","@id":"https:\/\/www.qnde.ca\/#website","url":"https:\/\/www.qnde.ca\/","name":"Qualit\u00e9 NDE","description":"\u00c9quipements d&#039;essais non destructifs ","publisher":{"@id":"https:\/\/www.qnde.ca\/#organization"},"potentialAction":[{"@type":"SearchAction","target":{"@type":"EntryPoint","urlTemplate":"https:\/\/www.qnde.ca\/?s={search_term_string}"},"query-input":{"@type":"PropertyValueSpecification","valueRequired":true,"valueName":"search_term_string"}}],"inLanguage":"fr-FR"},{"@type":"Organization","@id":"https:\/\/www.qnde.ca\/#organization","name":"Quality NDT Ltd.","url":"https:\/\/www.qnde.ca\/","logo":{"@type":"ImageObject","inLanguage":"fr-FR","@id":"https:\/\/www.qnde.ca\/#\/schema\/logo\/image\/","url":"https:\/\/www.qnde.ca\/wp-content\/uploads\/2022\/02\/QNDE_logo_RGB-gif.gif","contentUrl":"https:\/\/www.qnde.ca\/wp-content\/uploads\/2022\/02\/QNDE_logo_RGB-gif.gif","width":250,"height":64,"caption":"Quality NDT Ltd."},"image":{"@id":"https:\/\/www.qnde.ca\/#\/schema\/logo\/image\/"},"sameAs":["https:\/\/www.linkedin.com\/company\/qnde\/about\/?viewAsMember=true"]}]}},"jetpack_sharing_enabled":true,"_links":{"self":[{"href":"https:\/\/www.qnde.ca\/fr\/wp-json\/wp\/v2\/product\/40278","targetHints":{"allow":["GET"]}}],"collection":[{"href":"https:\/\/www.qnde.ca\/fr\/wp-json\/wp\/v2\/product"}],"about":[{"href":"https:\/\/www.qnde.ca\/fr\/wp-json\/wp\/v2\/types\/product"}],"wp:featuredmedia":[{"embeddable":true,"href":"https:\/\/www.qnde.ca\/fr\/wp-json\/wp\/v2\/media\/40273"}],"wp:attachment":[{"href":"https:\/\/www.qnde.ca\/fr\/wp-json\/wp\/v2\/media?parent=40278"}],"wp:term":[{"taxonomy":"product_brand","embeddable":true,"href":"https:\/\/www.qnde.ca\/fr\/wp-json\/wp\/v2\/product_brand?post=40278"},{"taxonomy":"product_cat","embeddable":true,"href":"https:\/\/www.qnde.ca\/fr\/wp-json\/wp\/v2\/product_cat?post=40278"},{"taxonomy":"product_tag","embeddable":true,"href":"https:\/\/www.qnde.ca\/fr\/wp-json\/wp\/v2\/product_tag?post=40278"}],"curies":[{"name":"wp","href":"https:\/\/api.w.org\/{rel}","templated":true}]}}