{"id":4009,"date":"2016-01-07T20:14:05","date_gmt":"2016-01-07T20:14:05","guid":{"rendered":"https:\/\/www.qnde.ca\/?post_type=product&#038;p=4009"},"modified":"2025-08-14T14:06:38","modified_gmt":"2025-08-14T18:06:38","slug":"prismaut-fr","status":"publish","type":"product","link":"https:\/\/www.qnde.ca\/fr\/produit\/prismaut-fr\/","title":{"rendered":"Sonatest PRISMA UT\/PA, D\u00e9tecteur de D\u00e9fauts \u00e0 Ultrasons et \u00ab\u00a0Phase Array\u00a0\u00bb"},"content":{"rendered":"<h5><strong>Sonatest PRISMA UT\/PA, D\u00e9tecteur de D\u00e9fauts \u00e0 Ultrasons et \u00ab\u00a0Phase Array\u00a0\u00bb<\/strong><\/h5>\n<p>Le PRISMA offre \u00e0 l&rsquo;utilisateur un moyen \u00e9conomique de passer \u00e0 l&rsquo;inspection multi-\u00e9l\u00e9ments \u00ab Phase Array \u00bb. Le PRISMA vient tout \u00e9quip\u00e9, avec tous les logiciels de bases et avanc\u00e9s des d\u00e9tecteurs de d\u00e9fauts \u00e0 ultrasons Sonatest. Il offre un contr\u00f4le de l\u2019onde pour optimiser soit la r\u00e9solution de surface ou la transmission d&rsquo;\u00e9nergie. La capacit\u00e9 de prendre une image des \u00e9crans est standard combin\u00e9e avec la capacit\u00e9 de g\u00e9n\u00e9rer automatiquement de rapports, permettant la mise en page de rapports personnalis\u00e9s avec des informations telles que les logos, etc.<\/p>\n<h5><strong>L\u2019ensemble de base inclut: <\/strong><\/h5>\n<p>PRISMA avec canaux UT double et enregistrement A-scan, encodage 2 axes, d\u00e9clencheur d&rsquo;interface (IFT), \u00ab Phase Array \u00bb 16:16 manuel et TOFD, affichages A, B et C-scan, DAC, AWS, DGS\/AVG, TGC, Backwal Echo Attenuation, AWS, API, Corrosion B\/Scan, clef USB 8GB, batterie Lithium-ion, bloc d\u2019alimentation et c\u00e2ble, protecteur pour l\u2019\u00e9cran, bandouli\u00e8re, logiciel UTstudio, manuel de l\u2019utilisateur, certificat de conformit\u00e9, certificat d\u2019\u00e9talonnage et valise de transport rigide.<\/p>\n<h5><strong>Options de logiciels: <\/strong><\/h5>\n<p>16:64 PA, encodage 2 axes et enregistrement pour PA, encodeur Y-splitter, logiciel CSV export, Wifi, acc\u00e8s \u00e0 distance avec le logiciel Xpair.<\/p>\n<p>Contactez-nous pour discuter de votre application, vos exigences, options disponibles et\/ou recevoir une soumission.<\/p>\n<p>&nbsp;<\/p>\n<ul>\n<li>PRISMA-UT\/PA: Sonatest PRISMA UT \u2013 d\u00e9tecteur de d\u00e9fauts \u00e0 ultrason et \u00ab\u00a0Phase Array\u00a0\u00bb \u2013 syst\u00e8me complet.<\/li>\n<li>PRISMA-UT: Sonatest PRISMA UT \u2013 d\u00e9tecteur de d\u00e9fauts \u00e0 ultrason \u2013 syst\u00e8me complet.<\/li>\n<\/ul>\n<p>&nbsp;<\/p>\n<h4><\/h4>\n","protected":false},"excerpt":{"rendered":"<p>Sonatest PRISMA UT\/PA, D\u00e9tecteur de D\u00e9fauts \u00e0 Ultrasons et \u00ab\u00a0Phase Array\u00a0\u00bb Le PRISMA offre \u00e0 l&rsquo;utilisateur un moyen \u00e9conomique de passer \u00e0 l&rsquo;inspection multi-\u00e9l\u00e9ments \u00ab Phase Array \u00bb. Le PRISMA vient tout \u00e9quip\u00e9, avec tous les logiciels de bases et avanc\u00e9s des d\u00e9tecteurs de d\u00e9fauts \u00e0 ultrasons Sonatest. Il offre un contr\u00f4le de l\u2019onde pour [&hellip;]<\/p>\n","protected":false},"featured_media":7642,"template":"","meta":{"_monsterinsights_skip_tracking":false,"_monsterinsights_sitenote_active":false,"_monsterinsights_sitenote_note":"","_monsterinsights_sitenote_category":0},"product_brand":[],"product_cat":[401,125],"product_tag":[],"class_list":{"0":"post-4009","1":"product","2":"type-product","3":"status-publish","4":"has-post-thumbnail","6":"product_cat-sonatest-fr","7":"product_cat-detecteurs-defauts","9":"first","10":"instock","11":"shipping-taxable","12":"purchasable","13":"product-type-variable"},"yoast_head":"<!-- This site is optimized with the Yoast SEO plugin v23.9 - https:\/\/yoast.com\/wordpress\/plugins\/seo\/ -->\n<title>Sonatest PRISMA UT\/PA, D\u00e9tecteur de D\u00e9fauts \u00e0 Ultrasons et \u00ab\u00a0Phase Array\u00a0\u00bb &#060; Qualit\u00e9 NDE<\/title>\n<meta name=\"description\" content=\"Moyen \u00e9conomique de passer \u00e0 l&#039;inspection multi-\u00e9l\u00e9ments \u00ab Phase Array \u00bb. Le PRISMA vient tout \u00e9quip\u00e9, avec tous les logiciels de bases et avanc\u00e9s.\" \/>\n<meta name=\"robots\" content=\"index, follow, max-snippet:-1, max-image-preview:large, max-video-preview:-1\" \/>\n<link rel=\"canonical\" href=\"https:\/\/www.qnde.ca\/fr\/produit\/prismaut-fr\/\" \/>\n<meta name=\"twitter:label1\" content=\"Dur\u00e9e de lecture estim\u00e9e\" \/>\n\t<meta name=\"twitter:data1\" content=\"2 minutes\" \/>\n<script type=\"application\/ld+json\" class=\"yoast-schema-graph\">{\"@context\":\"https:\/\/schema.org\",\"@graph\":[{\"@type\":[\"WebPage\",\"ItemPage\"],\"@id\":\"https:\/\/www.qnde.ca\/fr\/produit\/prismaut-fr\/\",\"url\":\"https:\/\/www.qnde.ca\/fr\/produit\/prismaut-fr\/\",\"name\":\"Sonatest PRISMA UT\/PA, D\u00e9tecteur de D\u00e9fauts \u00e0 Ultrasons et \u00ab\u00a0Phase Array\u00a0\u00bb &#060; Qualit\u00e9 NDE\",\"isPartOf\":{\"@id\":\"https:\/\/www.qnde.ca\/#website\"},\"primaryImageOfPage\":{\"@id\":\"https:\/\/www.qnde.ca\/fr\/produit\/prismaut-fr\/#primaryimage\"},\"image\":{\"@id\":\"https:\/\/www.qnde.ca\/fr\/produit\/prismaut-fr\/#primaryimage\"},\"thumbnailUrl\":\"https:\/\/www.qnde.ca\/wp-content\/uploads\/2016\/01\/Prisma.jpg\",\"datePublished\":\"2016-01-07T20:14:05+00:00\",\"dateModified\":\"2025-08-14T18:06:38+00:00\",\"description\":\"Moyen \u00e9conomique de passer \u00e0 l'inspection multi-\u00e9l\u00e9ments \u00ab Phase Array \u00bb. Le PRISMA vient tout \u00e9quip\u00e9, avec tous les logiciels de bases et avanc\u00e9s.\",\"breadcrumb\":{\"@id\":\"https:\/\/www.qnde.ca\/fr\/produit\/prismaut-fr\/#breadcrumb\"},\"inLanguage\":\"fr-FR\",\"potentialAction\":[{\"@type\":\"ReadAction\",\"target\":[\"https:\/\/www.qnde.ca\/fr\/produit\/prismaut-fr\/\"]}]},{\"@type\":\"ImageObject\",\"inLanguage\":\"fr-FR\",\"@id\":\"https:\/\/www.qnde.ca\/fr\/produit\/prismaut-fr\/#primaryimage\",\"url\":\"https:\/\/www.qnde.ca\/wp-content\/uploads\/2016\/01\/Prisma.jpg\",\"contentUrl\":\"https:\/\/www.qnde.ca\/wp-content\/uploads\/2016\/01\/Prisma.jpg\",\"width\":1460,\"height\":1238,\"caption\":\"PRISMA: Sonatest PRISMA flaw and Phase Array detector complete system.\"},{\"@type\":\"BreadcrumbList\",\"@id\":\"https:\/\/www.qnde.ca\/fr\/produit\/prismaut-fr\/#breadcrumb\",\"itemListElement\":[{\"@type\":\"ListItem\",\"position\":1,\"name\":\"Accueil\",\"item\":\"https:\/\/www.qnde.ca\/fr\/\"},{\"@type\":\"ListItem\",\"position\":2,\"name\":\"Produits\",\"item\":\"https:\/\/www.qnde.ca\/fr\/produits\/\"},{\"@type\":\"ListItem\",\"position\":3,\"name\":\"Marques\",\"item\":\"https:\/\/www.qnde.ca\/fr\/product-category\/marques\/\"},{\"@type\":\"ListItem\",\"position\":4,\"name\":\"Sonatest\",\"item\":\"https:\/\/www.qnde.ca\/fr\/product-category\/marques\/sonatest-fr\/\"},{\"@type\":\"ListItem\",\"position\":5,\"name\":\"Sonatest PRISMA UT\/PA, D\u00e9tecteur de D\u00e9fauts \u00e0 Ultrasons et \u00ab\u00a0Phase Array\u00a0\u00bb\"}]},{\"@type\":\"WebSite\",\"@id\":\"https:\/\/www.qnde.ca\/#website\",\"url\":\"https:\/\/www.qnde.ca\/\",\"name\":\"Qualit\u00e9 NDE\",\"description\":\"\u00c9quipements d&#039;essais non destructifs \",\"publisher\":{\"@id\":\"https:\/\/www.qnde.ca\/#organization\"},\"potentialAction\":[{\"@type\":\"SearchAction\",\"target\":{\"@type\":\"EntryPoint\",\"urlTemplate\":\"https:\/\/www.qnde.ca\/?s={search_term_string}\"},\"query-input\":{\"@type\":\"PropertyValueSpecification\",\"valueRequired\":true,\"valueName\":\"search_term_string\"}}],\"inLanguage\":\"fr-FR\"},{\"@type\":\"Organization\",\"@id\":\"https:\/\/www.qnde.ca\/#organization\",\"name\":\"Quality NDT Ltd.\",\"url\":\"https:\/\/www.qnde.ca\/\",\"logo\":{\"@type\":\"ImageObject\",\"inLanguage\":\"fr-FR\",\"@id\":\"https:\/\/www.qnde.ca\/#\/schema\/logo\/image\/\",\"url\":\"https:\/\/www.qnde.ca\/wp-content\/uploads\/2022\/02\/QNDE_logo_RGB-gif.gif\",\"contentUrl\":\"https:\/\/www.qnde.ca\/wp-content\/uploads\/2022\/02\/QNDE_logo_RGB-gif.gif\",\"width\":250,\"height\":64,\"caption\":\"Quality NDT Ltd.\"},\"image\":{\"@id\":\"https:\/\/www.qnde.ca\/#\/schema\/logo\/image\/\"},\"sameAs\":[\"https:\/\/www.linkedin.com\/company\/qnde\/about\/?viewAsMember=true\"]}]}<\/script>\n<!-- \/ Yoast SEO plugin. -->","yoast_head_json":{"title":"Sonatest PRISMA UT\/PA, D\u00e9tecteur de D\u00e9fauts \u00e0 Ultrasons et \u00ab\u00a0Phase Array\u00a0\u00bb &#060; Qualit\u00e9 NDE","description":"Moyen \u00e9conomique de passer \u00e0 l'inspection multi-\u00e9l\u00e9ments \u00ab Phase Array \u00bb. Le PRISMA vient tout \u00e9quip\u00e9, avec tous les logiciels de bases et avanc\u00e9s.","robots":{"index":"index","follow":"follow","max-snippet":"max-snippet:-1","max-image-preview":"max-image-preview:large","max-video-preview":"max-video-preview:-1"},"canonical":"https:\/\/www.qnde.ca\/fr\/produit\/prismaut-fr\/","twitter_misc":{"Dur\u00e9e de lecture estim\u00e9e":"2 minutes"},"schema":{"@context":"https:\/\/schema.org","@graph":[{"@type":["WebPage","ItemPage"],"@id":"https:\/\/www.qnde.ca\/fr\/produit\/prismaut-fr\/","url":"https:\/\/www.qnde.ca\/fr\/produit\/prismaut-fr\/","name":"Sonatest PRISMA UT\/PA, D\u00e9tecteur de D\u00e9fauts \u00e0 Ultrasons et \u00ab\u00a0Phase Array\u00a0\u00bb &#060; Qualit\u00e9 NDE","isPartOf":{"@id":"https:\/\/www.qnde.ca\/#website"},"primaryImageOfPage":{"@id":"https:\/\/www.qnde.ca\/fr\/produit\/prismaut-fr\/#primaryimage"},"image":{"@id":"https:\/\/www.qnde.ca\/fr\/produit\/prismaut-fr\/#primaryimage"},"thumbnailUrl":"https:\/\/www.qnde.ca\/wp-content\/uploads\/2016\/01\/Prisma.jpg","datePublished":"2016-01-07T20:14:05+00:00","dateModified":"2025-08-14T18:06:38+00:00","description":"Moyen \u00e9conomique de passer \u00e0 l'inspection multi-\u00e9l\u00e9ments \u00ab Phase Array \u00bb. Le PRISMA vient tout \u00e9quip\u00e9, avec tous les logiciels de bases et avanc\u00e9s.","breadcrumb":{"@id":"https:\/\/www.qnde.ca\/fr\/produit\/prismaut-fr\/#breadcrumb"},"inLanguage":"fr-FR","potentialAction":[{"@type":"ReadAction","target":["https:\/\/www.qnde.ca\/fr\/produit\/prismaut-fr\/"]}]},{"@type":"ImageObject","inLanguage":"fr-FR","@id":"https:\/\/www.qnde.ca\/fr\/produit\/prismaut-fr\/#primaryimage","url":"https:\/\/www.qnde.ca\/wp-content\/uploads\/2016\/01\/Prisma.jpg","contentUrl":"https:\/\/www.qnde.ca\/wp-content\/uploads\/2016\/01\/Prisma.jpg","width":1460,"height":1238,"caption":"PRISMA: Sonatest PRISMA flaw and Phase Array detector complete system."},{"@type":"BreadcrumbList","@id":"https:\/\/www.qnde.ca\/fr\/produit\/prismaut-fr\/#breadcrumb","itemListElement":[{"@type":"ListItem","position":1,"name":"Accueil","item":"https:\/\/www.qnde.ca\/fr\/"},{"@type":"ListItem","position":2,"name":"Produits","item":"https:\/\/www.qnde.ca\/fr\/produits\/"},{"@type":"ListItem","position":3,"name":"Marques","item":"https:\/\/www.qnde.ca\/fr\/product-category\/marques\/"},{"@type":"ListItem","position":4,"name":"Sonatest","item":"https:\/\/www.qnde.ca\/fr\/product-category\/marques\/sonatest-fr\/"},{"@type":"ListItem","position":5,"name":"Sonatest PRISMA UT\/PA, D\u00e9tecteur de D\u00e9fauts \u00e0 Ultrasons et \u00ab\u00a0Phase Array\u00a0\u00bb"}]},{"@type":"WebSite","@id":"https:\/\/www.qnde.ca\/#website","url":"https:\/\/www.qnde.ca\/","name":"Qualit\u00e9 NDE","description":"\u00c9quipements d&#039;essais non destructifs ","publisher":{"@id":"https:\/\/www.qnde.ca\/#organization"},"potentialAction":[{"@type":"SearchAction","target":{"@type":"EntryPoint","urlTemplate":"https:\/\/www.qnde.ca\/?s={search_term_string}"},"query-input":{"@type":"PropertyValueSpecification","valueRequired":true,"valueName":"search_term_string"}}],"inLanguage":"fr-FR"},{"@type":"Organization","@id":"https:\/\/www.qnde.ca\/#organization","name":"Quality NDT Ltd.","url":"https:\/\/www.qnde.ca\/","logo":{"@type":"ImageObject","inLanguage":"fr-FR","@id":"https:\/\/www.qnde.ca\/#\/schema\/logo\/image\/","url":"https:\/\/www.qnde.ca\/wp-content\/uploads\/2022\/02\/QNDE_logo_RGB-gif.gif","contentUrl":"https:\/\/www.qnde.ca\/wp-content\/uploads\/2022\/02\/QNDE_logo_RGB-gif.gif","width":250,"height":64,"caption":"Quality NDT Ltd."},"image":{"@id":"https:\/\/www.qnde.ca\/#\/schema\/logo\/image\/"},"sameAs":["https:\/\/www.linkedin.com\/company\/qnde\/about\/?viewAsMember=true"]}]}},"jetpack_sharing_enabled":true,"_links":{"self":[{"href":"https:\/\/www.qnde.ca\/fr\/wp-json\/wp\/v2\/product\/4009","targetHints":{"allow":["GET"]}}],"collection":[{"href":"https:\/\/www.qnde.ca\/fr\/wp-json\/wp\/v2\/product"}],"about":[{"href":"https:\/\/www.qnde.ca\/fr\/wp-json\/wp\/v2\/types\/product"}],"wp:featuredmedia":[{"embeddable":true,"href":"https:\/\/www.qnde.ca\/fr\/wp-json\/wp\/v2\/media\/7642"}],"wp:attachment":[{"href":"https:\/\/www.qnde.ca\/fr\/wp-json\/wp\/v2\/media?parent=4009"}],"wp:term":[{"taxonomy":"product_brand","embeddable":true,"href":"https:\/\/www.qnde.ca\/fr\/wp-json\/wp\/v2\/product_brand?post=4009"},{"taxonomy":"product_cat","embeddable":true,"href":"https:\/\/www.qnde.ca\/fr\/wp-json\/wp\/v2\/product_cat?post=4009"},{"taxonomy":"product_tag","embeddable":true,"href":"https:\/\/www.qnde.ca\/fr\/wp-json\/wp\/v2\/product_tag?post=4009"}],"curies":[{"name":"wp","href":"https:\/\/api.w.org\/{rel}","templated":true}]}}