{"id":40066,"date":"2025-07-17T10:07:57","date_gmt":"2025-07-18T17:33:27","guid":{"rendered":"https:\/\/www.qnde.ca\/?post_type=product&#038;p=40066"},"modified":"2026-01-29T10:25:31","modified_gmt":"2026-01-29T15:25:31","slug":"sondes-vx-videoscope-ishot-imaging","status":"publish","type":"product","link":"https:\/\/www.qnde.ca\/fr\/produit\/sondes-vx-videoscope-ishot-imaging\/","title":{"rendered":"Sondes VX pour Vid\u00e9oscope iShot Imaging"},"content":{"rendered":"<p>Sondes VX pour vid\u00e9oscope iShot Imaging<\/p>\n<p data-start=\"180\" data-end=\"595\">Les sondes endoscopiques iShot sont con\u00e7ues pour \u00eatre utilis\u00e9es avec le moniteur portable VX. La cam\u00e9ra CMOS articul\u00e9e haute r\u00e9solution, prot\u00e9g\u00e9e par une gaine en tungst\u00e8ne tress\u00e9, est disponible en plusieurs diam\u00e8tres (0,85 ; 1,0 ; 1,6 ; 1,8 ; 2,0 ; 2,4 ; 2,8 ; 3,9 ; 6,0 ; 6,2 ; 6,4 ou 8,4 mm), longueurs (1,0 ; 1,5 ; 2,0 ; 3,0 ; 3,5 ; 6,0 ou 10,0 m\u00e8tres) et directions de vue (DOV\u00a0: directe, lat\u00e9rale ou double).<\/p>\n<p data-start=\"597\" data-end=\"772\">Elles existent en version articul\u00e9e (motoris\u00e9e ou manuelle, 2 ou 4 directions) ou non articul\u00e9e, avec \u00e9clairage par fibre optique LED pour des inspections visuelles optimales.<\/p>\n<p data-start=\"774\" data-end=\"897\">Contactez-nous pour discuter de votre application, de vos besoins, des options disponibles ou pour obtenir un devis.<\/p>\n","protected":false},"excerpt":{"rendered":"<p>Sondes VX pour vid\u00e9oscope iShot Imaging Les sondes endoscopiques iShot sont con\u00e7ues pour \u00eatre utilis\u00e9es avec le moniteur portable VX. La cam\u00e9ra CMOS articul\u00e9e haute r\u00e9solution, prot\u00e9g\u00e9e par une gaine en tungst\u00e8ne tress\u00e9, est disponible en plusieurs diam\u00e8tres (0,85 ; 1,0 ; 1,6 ; 1,8 ; 2,0 ; 2,4 ; 2,8 ; 3,9 ; 6,0 [&hellip;]<\/p>\n","protected":false},"featured_media":40065,"template":"","meta":{"_monsterinsights_skip_tracking":false,"_monsterinsights_sitenote_active":false,"_monsterinsights_sitenote_note":"","_monsterinsights_sitenote_category":0},"product_brand":[],"product_cat":[742,152],"product_tag":[474,450,452,461,463,437,462,475,473,472,453,456,451],"class_list":{"0":"post-40066","1":"product","2":"type-product","3":"status-publish","4":"has-post-thumbnail","6":"product_cat-intertest-produits","7":"product_cat-videoscopes-fr","8":"product_tag-articulated-scope-fr","9":"product_tag-boroscope-fr","10":"product_tag-endoscope-fr","11":"product_tag-fiberscope-fr","12":"product_tag-interchangeable-scope-fr","13":"product_tag-ndt-fr","14":"product_tag-probes-fr","15":"product_tag-quality-control-fr","16":"product_tag-remote-inspection-camera-fr","17":"product_tag-remote-visual-inspection-fr","18":"product_tag-rvi-fr","19":"product_tag-video-boroscope-fr","20":"product_tag-videoscope-fr","22":"first","23":"instock","24":"shipping-taxable","25":"product-type-variable"},"yoast_head":"<!-- This site is optimized with the Yoast SEO plugin v23.9 - https:\/\/yoast.com\/wordpress\/plugins\/seo\/ -->\n<title>Sondes VX pour Vid\u00e9oscope iShot Imaging &#060; Qualit\u00e9 NDE<\/title>\n<meta name=\"description\" content=\"Dot\u00e9e d\u2019un \u00e9clairage par fibre optique, d\u2019une articulation 2 directions et d\u2019un diam\u00e8tre de 1,8 mm, cette sonde est id\u00e9ale pour des inspections pr\u00e9cises dans des zones \u00e9troites et difficiles d\u2019acc\u00e8s.\" \/>\n<meta name=\"robots\" content=\"index, follow, max-snippet:-1, max-image-preview:large, max-video-preview:-1\" \/>\n<link rel=\"canonical\" href=\"https:\/\/www.qnde.ca\/fr\/produit\/sondes-vx-pour-videoscope-ishot-imaging\/\" \/>\n<meta name=\"twitter:label1\" content=\"Dur\u00e9e de lecture estim\u00e9e\" \/>\n\t<meta name=\"twitter:data1\" content=\"1 minute\" \/>\n<script type=\"application\/ld+json\" class=\"yoast-schema-graph\">{\"@context\":\"https:\/\/schema.org\",\"@graph\":[{\"@type\":[\"WebPage\",\"ItemPage\"],\"@id\":\"https:\/\/www.qnde.ca\/fr\/produit\/sondes-vx-pour-videoscope-ishot-imaging\/\",\"url\":\"https:\/\/www.qnde.ca\/fr\/produit\/sondes-vx-pour-videoscope-ishot-imaging\/\",\"name\":\"Sondes VX pour Vid\u00e9oscope iShot Imaging &#060; Qualit\u00e9 NDE\",\"isPartOf\":{\"@id\":\"https:\/\/www.qnde.ca\/#website\"},\"primaryImageOfPage\":{\"@id\":\"https:\/\/www.qnde.ca\/fr\/produit\/sondes-vx-pour-videoscope-ishot-imaging\/#primaryimage\"},\"image\":{\"@id\":\"https:\/\/www.qnde.ca\/fr\/produit\/sondes-vx-pour-videoscope-ishot-imaging\/#primaryimage\"},\"thumbnailUrl\":\"https:\/\/www.qnde.ca\/wp-content\/uploads\/2025\/07\/iShot-VX-Probe-scaled.jpg\",\"datePublished\":\"2025-07-18T17:33:27+00:00\",\"dateModified\":\"2026-01-29T15:25:31+00:00\",\"description\":\"Dot\u00e9e d\u2019un \u00e9clairage par fibre optique, d\u2019une articulation 2 directions et d\u2019un diam\u00e8tre de 1,8 mm, cette sonde est id\u00e9ale pour des inspections pr\u00e9cises dans des zones \u00e9troites et difficiles d\u2019acc\u00e8s.\",\"breadcrumb\":{\"@id\":\"https:\/\/www.qnde.ca\/fr\/produit\/sondes-vx-pour-videoscope-ishot-imaging\/#breadcrumb\"},\"inLanguage\":\"fr-FR\",\"potentialAction\":[{\"@type\":\"ReadAction\",\"target\":[\"https:\/\/www.qnde.ca\/fr\/produit\/sondes-vx-pour-videoscope-ishot-imaging\/\"]}]},{\"@type\":\"ImageObject\",\"inLanguage\":\"fr-FR\",\"@id\":\"https:\/\/www.qnde.ca\/fr\/produit\/sondes-vx-pour-videoscope-ishot-imaging\/#primaryimage\",\"url\":\"https:\/\/www.qnde.ca\/wp-content\/uploads\/2025\/07\/iShot-VX-Probe-scaled.jpg\",\"contentUrl\":\"https:\/\/www.qnde.ca\/wp-content\/uploads\/2025\/07\/iShot-VX-Probe-scaled.jpg\",\"width\":2048,\"height\":1544,\"caption\":\"iShot VX Probe\"},{\"@type\":\"BreadcrumbList\",\"@id\":\"https:\/\/www.qnde.ca\/fr\/produit\/sondes-vx-pour-videoscope-ishot-imaging\/#breadcrumb\",\"itemListElement\":[{\"@type\":\"ListItem\",\"position\":1,\"name\":\"Accueil\",\"item\":\"https:\/\/www.qnde.ca\/fr\/\"},{\"@type\":\"ListItem\",\"position\":2,\"name\":\"Produits\",\"item\":\"https:\/\/www.qnde.ca\/fr\/produits\/\"},{\"@type\":\"ListItem\",\"position\":3,\"name\":\"Brands\",\"item\":\"https:\/\/www.qnde.ca\/product-category\/brands\/\"},{\"@type\":\"ListItem\",\"position\":4,\"name\":\"Other Brands\",\"item\":\"https:\/\/www.qnde.ca\/product-category\/brands\/other-brands\/\"},{\"@type\":\"ListItem\",\"position\":5,\"name\":\"Sondes VX pour Vid\u00e9oscope iShot Imaging\"}]},{\"@type\":\"WebSite\",\"@id\":\"https:\/\/www.qnde.ca\/#website\",\"url\":\"https:\/\/www.qnde.ca\/\",\"name\":\"Qualit\u00e9 NDE\",\"description\":\"\u00c9quipements d&#039;essais non destructifs \",\"publisher\":{\"@id\":\"https:\/\/www.qnde.ca\/#organization\"},\"potentialAction\":[{\"@type\":\"SearchAction\",\"target\":{\"@type\":\"EntryPoint\",\"urlTemplate\":\"https:\/\/www.qnde.ca\/?s={search_term_string}\"},\"query-input\":{\"@type\":\"PropertyValueSpecification\",\"valueRequired\":true,\"valueName\":\"search_term_string\"}}],\"inLanguage\":\"fr-FR\"},{\"@type\":\"Organization\",\"@id\":\"https:\/\/www.qnde.ca\/#organization\",\"name\":\"Quality NDT Ltd.\",\"url\":\"https:\/\/www.qnde.ca\/\",\"logo\":{\"@type\":\"ImageObject\",\"inLanguage\":\"fr-FR\",\"@id\":\"https:\/\/www.qnde.ca\/#\/schema\/logo\/image\/\",\"url\":\"https:\/\/www.qnde.ca\/wp-content\/uploads\/2022\/02\/QNDE_logo_RGB-gif.gif\",\"contentUrl\":\"https:\/\/www.qnde.ca\/wp-content\/uploads\/2022\/02\/QNDE_logo_RGB-gif.gif\",\"width\":250,\"height\":64,\"caption\":\"Quality NDT Ltd.\"},\"image\":{\"@id\":\"https:\/\/www.qnde.ca\/#\/schema\/logo\/image\/\"},\"sameAs\":[\"https:\/\/www.linkedin.com\/company\/qnde\/about\/?viewAsMember=true\"]}]}<\/script>\n<!-- \/ Yoast SEO plugin. -->","yoast_head_json":{"title":"Sondes VX pour Vid\u00e9oscope iShot Imaging &#060; Qualit\u00e9 NDE","description":"Dot\u00e9e d\u2019un \u00e9clairage par fibre optique, d\u2019une articulation 2 directions et d\u2019un diam\u00e8tre de 1,8 mm, cette sonde est id\u00e9ale pour des inspections pr\u00e9cises dans des zones \u00e9troites et difficiles d\u2019acc\u00e8s.","robots":{"index":"index","follow":"follow","max-snippet":"max-snippet:-1","max-image-preview":"max-image-preview:large","max-video-preview":"max-video-preview:-1"},"canonical":"https:\/\/www.qnde.ca\/fr\/produit\/sondes-vx-pour-videoscope-ishot-imaging\/","twitter_misc":{"Dur\u00e9e de lecture estim\u00e9e":"1 minute"},"schema":{"@context":"https:\/\/schema.org","@graph":[{"@type":["WebPage","ItemPage"],"@id":"https:\/\/www.qnde.ca\/fr\/produit\/sondes-vx-pour-videoscope-ishot-imaging\/","url":"https:\/\/www.qnde.ca\/fr\/produit\/sondes-vx-pour-videoscope-ishot-imaging\/","name":"Sondes VX pour Vid\u00e9oscope iShot Imaging &#060; Qualit\u00e9 NDE","isPartOf":{"@id":"https:\/\/www.qnde.ca\/#website"},"primaryImageOfPage":{"@id":"https:\/\/www.qnde.ca\/fr\/produit\/sondes-vx-pour-videoscope-ishot-imaging\/#primaryimage"},"image":{"@id":"https:\/\/www.qnde.ca\/fr\/produit\/sondes-vx-pour-videoscope-ishot-imaging\/#primaryimage"},"thumbnailUrl":"https:\/\/www.qnde.ca\/wp-content\/uploads\/2025\/07\/iShot-VX-Probe-scaled.jpg","datePublished":"2025-07-18T17:33:27+00:00","dateModified":"2026-01-29T15:25:31+00:00","description":"Dot\u00e9e d\u2019un \u00e9clairage par fibre optique, d\u2019une articulation 2 directions et d\u2019un diam\u00e8tre de 1,8 mm, cette sonde est id\u00e9ale pour des inspections pr\u00e9cises dans des zones \u00e9troites et difficiles d\u2019acc\u00e8s.","breadcrumb":{"@id":"https:\/\/www.qnde.ca\/fr\/produit\/sondes-vx-pour-videoscope-ishot-imaging\/#breadcrumb"},"inLanguage":"fr-FR","potentialAction":[{"@type":"ReadAction","target":["https:\/\/www.qnde.ca\/fr\/produit\/sondes-vx-pour-videoscope-ishot-imaging\/"]}]},{"@type":"ImageObject","inLanguage":"fr-FR","@id":"https:\/\/www.qnde.ca\/fr\/produit\/sondes-vx-pour-videoscope-ishot-imaging\/#primaryimage","url":"https:\/\/www.qnde.ca\/wp-content\/uploads\/2025\/07\/iShot-VX-Probe-scaled.jpg","contentUrl":"https:\/\/www.qnde.ca\/wp-content\/uploads\/2025\/07\/iShot-VX-Probe-scaled.jpg","width":2048,"height":1544,"caption":"iShot VX Probe"},{"@type":"BreadcrumbList","@id":"https:\/\/www.qnde.ca\/fr\/produit\/sondes-vx-pour-videoscope-ishot-imaging\/#breadcrumb","itemListElement":[{"@type":"ListItem","position":1,"name":"Accueil","item":"https:\/\/www.qnde.ca\/fr\/"},{"@type":"ListItem","position":2,"name":"Produits","item":"https:\/\/www.qnde.ca\/fr\/produits\/"},{"@type":"ListItem","position":3,"name":"Brands","item":"https:\/\/www.qnde.ca\/product-category\/brands\/"},{"@type":"ListItem","position":4,"name":"Other Brands","item":"https:\/\/www.qnde.ca\/product-category\/brands\/other-brands\/"},{"@type":"ListItem","position":5,"name":"Sondes VX pour Vid\u00e9oscope iShot Imaging"}]},{"@type":"WebSite","@id":"https:\/\/www.qnde.ca\/#website","url":"https:\/\/www.qnde.ca\/","name":"Qualit\u00e9 NDE","description":"\u00c9quipements d&#039;essais non destructifs ","publisher":{"@id":"https:\/\/www.qnde.ca\/#organization"},"potentialAction":[{"@type":"SearchAction","target":{"@type":"EntryPoint","urlTemplate":"https:\/\/www.qnde.ca\/?s={search_term_string}"},"query-input":{"@type":"PropertyValueSpecification","valueRequired":true,"valueName":"search_term_string"}}],"inLanguage":"fr-FR"},{"@type":"Organization","@id":"https:\/\/www.qnde.ca\/#organization","name":"Quality NDT Ltd.","url":"https:\/\/www.qnde.ca\/","logo":{"@type":"ImageObject","inLanguage":"fr-FR","@id":"https:\/\/www.qnde.ca\/#\/schema\/logo\/image\/","url":"https:\/\/www.qnde.ca\/wp-content\/uploads\/2022\/02\/QNDE_logo_RGB-gif.gif","contentUrl":"https:\/\/www.qnde.ca\/wp-content\/uploads\/2022\/02\/QNDE_logo_RGB-gif.gif","width":250,"height":64,"caption":"Quality NDT Ltd."},"image":{"@id":"https:\/\/www.qnde.ca\/#\/schema\/logo\/image\/"},"sameAs":["https:\/\/www.linkedin.com\/company\/qnde\/about\/?viewAsMember=true"]}]}},"jetpack_sharing_enabled":true,"_links":{"self":[{"href":"https:\/\/www.qnde.ca\/fr\/wp-json\/wp\/v2\/product\/40066","targetHints":{"allow":["GET"]}}],"collection":[{"href":"https:\/\/www.qnde.ca\/fr\/wp-json\/wp\/v2\/product"}],"about":[{"href":"https:\/\/www.qnde.ca\/fr\/wp-json\/wp\/v2\/types\/product"}],"wp:featuredmedia":[{"embeddable":true,"href":"https:\/\/www.qnde.ca\/fr\/wp-json\/wp\/v2\/media\/40065"}],"wp:attachment":[{"href":"https:\/\/www.qnde.ca\/fr\/wp-json\/wp\/v2\/media?parent=40066"}],"wp:term":[{"taxonomy":"product_brand","embeddable":true,"href":"https:\/\/www.qnde.ca\/fr\/wp-json\/wp\/v2\/product_brand?post=40066"},{"taxonomy":"product_cat","embeddable":true,"href":"https:\/\/www.qnde.ca\/fr\/wp-json\/wp\/v2\/product_cat?post=40066"},{"taxonomy":"product_tag","embeddable":true,"href":"https:\/\/www.qnde.ca\/fr\/wp-json\/wp\/v2\/product_tag?post=40066"}],"curies":[{"name":"wp","href":"https:\/\/api.w.org\/{rel}","templated":true}]}}