{"id":40057,"date":"2025-07-17T09:33:13","date_gmt":"2025-07-22T13:34:27","guid":{"rendered":"https:\/\/www.qnde.ca\/?post_type=product&#038;p=40057"},"modified":"2026-01-29T10:24:04","modified_gmt":"2026-01-29T15:24:04","slug":"moniteur-de-videoscope-ishot-imaging-pour-sondes-vx","status":"publish","type":"product","link":"https:\/\/www.qnde.ca\/fr\/produit\/moniteur-de-videoscope-ishot-imaging-pour-sondes-vx\/","title":{"rendered":"Moniteur de vid\u00e9oscope iShot Imaging pour sondes VX"},"content":{"rendered":"<p data-start=\"40\" data-end=\"481\">Moniteur de vid\u00e9oscope iShot Imaging pour sondes VX<\/p>\n<p data-start=\"40\" data-end=\"481\">Vid\u00e9oscope num\u00e9rique industriel avec \u00e9cran tactile HD de 5 pouces et menu interactif pour l\u2019inspection visuelle \u00e0 distance (RVI). Contr\u00f4le par joystick motoris\u00e9. Lampe LED int\u00e9gr\u00e9e \u00e0 l\u2019arri\u00e8re du moniteur. Dimensions du moniteur : 330 x 90 x 150 mm (13\u201d x 4\u201d x 6\u201d). Sorties : SD, HDMI, TYPE-C (charge), mini USB, prise casque 3,5 mm. Compatible avec les sondes iShot VX, disponibles en plusieurs diam\u00e8tres, longueurs et angles de vision.<\/p>\n<p data-start=\"483\" data-end=\"556\">Le kit comprend : le moniteur, une batterie et un support magn\u00e9tique.<\/p>\n<p data-start=\"558\" data-end=\"682\">Contactez-nous pour discuter de votre application, de vos besoins, des options disponibles et\/ou pour recevoir un devis.<\/p>\n<p data-start=\"684\" data-end=\"785\" data-is-last-node=\"\" data-is-only-node=\"\">iShotMON : Vid\u00e9oscope num\u00e9rique iShot Imaging pour sondes VX, avec batterie et base magn\u00e9tique.<\/p>\n","protected":false},"excerpt":{"rendered":"<p>Moniteur de vid\u00e9oscope iShot Imaging pour sondes VX Vid\u00e9oscope num\u00e9rique industriel avec \u00e9cran tactile HD de 5 pouces et menu interactif pour l\u2019inspection visuelle \u00e0 distance (RVI). Contr\u00f4le par joystick motoris\u00e9. Lampe LED int\u00e9gr\u00e9e \u00e0 l\u2019arri\u00e8re du moniteur. Dimensions du moniteur : 330 x 90 x 150 mm (13\u201d x 4\u201d x 6\u201d). Sorties : [&hellip;]<\/p>\n","protected":false},"featured_media":40054,"template":"","meta":{"_monsterinsights_skip_tracking":false,"_monsterinsights_sitenote_active":false,"_monsterinsights_sitenote_note":"","_monsterinsights_sitenote_category":0},"product_brand":[],"product_cat":[742,152],"product_tag":[474,450,452,437,475,473,472,453,456,451],"class_list":{"0":"post-40057","1":"product","2":"type-product","3":"status-publish","4":"has-post-thumbnail","6":"product_cat-intertest-produits","7":"product_cat-videoscopes-fr","8":"product_tag-articulated-scope-fr","9":"product_tag-boroscope-fr","10":"product_tag-endoscope-fr","11":"product_tag-ndt-fr","12":"product_tag-quality-control-fr","13":"product_tag-remote-inspection-camera-fr","14":"product_tag-remote-visual-inspection-fr","15":"product_tag-rvi-fr","16":"product_tag-video-boroscope-fr","17":"product_tag-videoscope-fr","19":"first","20":"instock","21":"shipping-taxable","22":"product-type-simple"},"yoast_head":"<!-- This site is optimized with the Yoast SEO plugin v23.9 - https:\/\/yoast.com\/wordpress\/plugins\/seo\/ -->\n<title>Moniteur de vid\u00e9oscope iShot Imaging pour sondes VX &#060; Qualit\u00e9 NDE<\/title>\n<meta name=\"description\" content=\"Moniteur iShot Imaging HD 5&quot; pour sondes VX : vid\u00e9oscope industriel avec joystick, LED, sorties HDMI\/USB, batterie et support magn\u00e9tique.\" \/>\n<meta name=\"robots\" content=\"index, follow, max-snippet:-1, max-image-preview:large, max-video-preview:-1\" \/>\n<link rel=\"canonical\" href=\"https:\/\/www.qnde.ca\/fr\/produit\/moniteur-de-videoscope-ishot-imaging-pour-sondes-vx\/\" \/>\n<meta name=\"twitter:label1\" content=\"Dur\u00e9e de lecture estim\u00e9e\" \/>\n\t<meta name=\"twitter:data1\" content=\"1 minute\" \/>\n<script type=\"application\/ld+json\" class=\"yoast-schema-graph\">{\"@context\":\"https:\/\/schema.org\",\"@graph\":[{\"@type\":[\"WebPage\",\"ItemPage\"],\"@id\":\"https:\/\/www.qnde.ca\/fr\/produit\/moniteur-de-videoscope-ishot-imaging-pour-sondes-vx\/\",\"url\":\"https:\/\/www.qnde.ca\/fr\/produit\/moniteur-de-videoscope-ishot-imaging-pour-sondes-vx\/\",\"name\":\"Moniteur de vid\u00e9oscope iShot Imaging pour sondes VX &#060; Qualit\u00e9 NDE\",\"isPartOf\":{\"@id\":\"https:\/\/www.qnde.ca\/#website\"},\"primaryImageOfPage\":{\"@id\":\"https:\/\/www.qnde.ca\/fr\/produit\/moniteur-de-videoscope-ishot-imaging-pour-sondes-vx\/#primaryimage\"},\"image\":{\"@id\":\"https:\/\/www.qnde.ca\/fr\/produit\/moniteur-de-videoscope-ishot-imaging-pour-sondes-vx\/#primaryimage\"},\"thumbnailUrl\":\"https:\/\/www.qnde.ca\/wp-content\/uploads\/2025\/07\/iShot-Imaging-Model-VX-Video-Borescope-battery-out-scaled.jpg\",\"datePublished\":\"2025-07-22T13:34:27+00:00\",\"dateModified\":\"2026-01-29T15:24:04+00:00\",\"description\":\"Moniteur iShot Imaging HD 5\\\" pour sondes VX : vid\u00e9oscope industriel avec joystick, LED, sorties HDMI\/USB, batterie et support magn\u00e9tique.\",\"breadcrumb\":{\"@id\":\"https:\/\/www.qnde.ca\/fr\/produit\/moniteur-de-videoscope-ishot-imaging-pour-sondes-vx\/#breadcrumb\"},\"inLanguage\":\"fr-FR\",\"potentialAction\":[{\"@type\":\"ReadAction\",\"target\":[\"https:\/\/www.qnde.ca\/fr\/produit\/moniteur-de-videoscope-ishot-imaging-pour-sondes-vx\/\"]}]},{\"@type\":\"ImageObject\",\"inLanguage\":\"fr-FR\",\"@id\":\"https:\/\/www.qnde.ca\/fr\/produit\/moniteur-de-videoscope-ishot-imaging-pour-sondes-vx\/#primaryimage\",\"url\":\"https:\/\/www.qnde.ca\/wp-content\/uploads\/2025\/07\/iShot-Imaging-Model-VX-Video-Borescope-battery-out-scaled.jpg\",\"contentUrl\":\"https:\/\/www.qnde.ca\/wp-content\/uploads\/2025\/07\/iShot-Imaging-Model-VX-Video-Borescope-battery-out-scaled.jpg\",\"width\":2048,\"height\":1896,\"caption\":\"iShot Imaging Videoscope Monitor with articulated VX Probes and battery\"},{\"@type\":\"BreadcrumbList\",\"@id\":\"https:\/\/www.qnde.ca\/fr\/produit\/moniteur-de-videoscope-ishot-imaging-pour-sondes-vx\/#breadcrumb\",\"itemListElement\":[{\"@type\":\"ListItem\",\"position\":1,\"name\":\"Accueil\",\"item\":\"https:\/\/www.qnde.ca\/fr\/\"},{\"@type\":\"ListItem\",\"position\":2,\"name\":\"Produits\",\"item\":\"https:\/\/www.qnde.ca\/fr\/produits\/\"},{\"@type\":\"ListItem\",\"position\":3,\"name\":\"Marques\",\"item\":\"https:\/\/www.qnde.ca\/fr\/product-category\/marques\/\"},{\"@type\":\"ListItem\",\"position\":4,\"name\":\"Intertest\",\"item\":\"https:\/\/www.qnde.ca\/fr\/product-category\/marques\/intertest-produits\/\"},{\"@type\":\"ListItem\",\"position\":5,\"name\":\"Moniteur de vid\u00e9oscope iShot Imaging pour sondes VX\"}]},{\"@type\":\"WebSite\",\"@id\":\"https:\/\/www.qnde.ca\/#website\",\"url\":\"https:\/\/www.qnde.ca\/\",\"name\":\"Qualit\u00e9 NDE\",\"description\":\"\u00c9quipements d&#039;essais non destructifs \",\"publisher\":{\"@id\":\"https:\/\/www.qnde.ca\/#organization\"},\"potentialAction\":[{\"@type\":\"SearchAction\",\"target\":{\"@type\":\"EntryPoint\",\"urlTemplate\":\"https:\/\/www.qnde.ca\/?s={search_term_string}\"},\"query-input\":{\"@type\":\"PropertyValueSpecification\",\"valueRequired\":true,\"valueName\":\"search_term_string\"}}],\"inLanguage\":\"fr-FR\"},{\"@type\":\"Organization\",\"@id\":\"https:\/\/www.qnde.ca\/#organization\",\"name\":\"Quality NDT Ltd.\",\"url\":\"https:\/\/www.qnde.ca\/\",\"logo\":{\"@type\":\"ImageObject\",\"inLanguage\":\"fr-FR\",\"@id\":\"https:\/\/www.qnde.ca\/#\/schema\/logo\/image\/\",\"url\":\"https:\/\/www.qnde.ca\/wp-content\/uploads\/2022\/02\/QNDE_logo_RGB-gif.gif\",\"contentUrl\":\"https:\/\/www.qnde.ca\/wp-content\/uploads\/2022\/02\/QNDE_logo_RGB-gif.gif\",\"width\":250,\"height\":64,\"caption\":\"Quality NDT Ltd.\"},\"image\":{\"@id\":\"https:\/\/www.qnde.ca\/#\/schema\/logo\/image\/\"},\"sameAs\":[\"https:\/\/www.linkedin.com\/company\/qnde\/about\/?viewAsMember=true\"]}]}<\/script>\n<!-- \/ Yoast SEO plugin. -->","yoast_head_json":{"title":"Moniteur de vid\u00e9oscope iShot Imaging pour sondes VX &#060; Qualit\u00e9 NDE","description":"Moniteur iShot Imaging HD 5\" pour sondes VX : vid\u00e9oscope industriel avec joystick, LED, sorties HDMI\/USB, batterie et support magn\u00e9tique.","robots":{"index":"index","follow":"follow","max-snippet":"max-snippet:-1","max-image-preview":"max-image-preview:large","max-video-preview":"max-video-preview:-1"},"canonical":"https:\/\/www.qnde.ca\/fr\/produit\/moniteur-de-videoscope-ishot-imaging-pour-sondes-vx\/","twitter_misc":{"Dur\u00e9e de lecture estim\u00e9e":"1 minute"},"schema":{"@context":"https:\/\/schema.org","@graph":[{"@type":["WebPage","ItemPage"],"@id":"https:\/\/www.qnde.ca\/fr\/produit\/moniteur-de-videoscope-ishot-imaging-pour-sondes-vx\/","url":"https:\/\/www.qnde.ca\/fr\/produit\/moniteur-de-videoscope-ishot-imaging-pour-sondes-vx\/","name":"Moniteur de vid\u00e9oscope iShot Imaging pour sondes VX &#060; Qualit\u00e9 NDE","isPartOf":{"@id":"https:\/\/www.qnde.ca\/#website"},"primaryImageOfPage":{"@id":"https:\/\/www.qnde.ca\/fr\/produit\/moniteur-de-videoscope-ishot-imaging-pour-sondes-vx\/#primaryimage"},"image":{"@id":"https:\/\/www.qnde.ca\/fr\/produit\/moniteur-de-videoscope-ishot-imaging-pour-sondes-vx\/#primaryimage"},"thumbnailUrl":"https:\/\/www.qnde.ca\/wp-content\/uploads\/2025\/07\/iShot-Imaging-Model-VX-Video-Borescope-battery-out-scaled.jpg","datePublished":"2025-07-22T13:34:27+00:00","dateModified":"2026-01-29T15:24:04+00:00","description":"Moniteur iShot Imaging HD 5\" pour sondes VX : vid\u00e9oscope industriel avec joystick, LED, sorties HDMI\/USB, batterie et support magn\u00e9tique.","breadcrumb":{"@id":"https:\/\/www.qnde.ca\/fr\/produit\/moniteur-de-videoscope-ishot-imaging-pour-sondes-vx\/#breadcrumb"},"inLanguage":"fr-FR","potentialAction":[{"@type":"ReadAction","target":["https:\/\/www.qnde.ca\/fr\/produit\/moniteur-de-videoscope-ishot-imaging-pour-sondes-vx\/"]}]},{"@type":"ImageObject","inLanguage":"fr-FR","@id":"https:\/\/www.qnde.ca\/fr\/produit\/moniteur-de-videoscope-ishot-imaging-pour-sondes-vx\/#primaryimage","url":"https:\/\/www.qnde.ca\/wp-content\/uploads\/2025\/07\/iShot-Imaging-Model-VX-Video-Borescope-battery-out-scaled.jpg","contentUrl":"https:\/\/www.qnde.ca\/wp-content\/uploads\/2025\/07\/iShot-Imaging-Model-VX-Video-Borescope-battery-out-scaled.jpg","width":2048,"height":1896,"caption":"iShot Imaging Videoscope Monitor with articulated VX Probes and battery"},{"@type":"BreadcrumbList","@id":"https:\/\/www.qnde.ca\/fr\/produit\/moniteur-de-videoscope-ishot-imaging-pour-sondes-vx\/#breadcrumb","itemListElement":[{"@type":"ListItem","position":1,"name":"Accueil","item":"https:\/\/www.qnde.ca\/fr\/"},{"@type":"ListItem","position":2,"name":"Produits","item":"https:\/\/www.qnde.ca\/fr\/produits\/"},{"@type":"ListItem","position":3,"name":"Marques","item":"https:\/\/www.qnde.ca\/fr\/product-category\/marques\/"},{"@type":"ListItem","position":4,"name":"Intertest","item":"https:\/\/www.qnde.ca\/fr\/product-category\/marques\/intertest-produits\/"},{"@type":"ListItem","position":5,"name":"Moniteur de vid\u00e9oscope iShot Imaging pour sondes VX"}]},{"@type":"WebSite","@id":"https:\/\/www.qnde.ca\/#website","url":"https:\/\/www.qnde.ca\/","name":"Qualit\u00e9 NDE","description":"\u00c9quipements d&#039;essais non destructifs ","publisher":{"@id":"https:\/\/www.qnde.ca\/#organization"},"potentialAction":[{"@type":"SearchAction","target":{"@type":"EntryPoint","urlTemplate":"https:\/\/www.qnde.ca\/?s={search_term_string}"},"query-input":{"@type":"PropertyValueSpecification","valueRequired":true,"valueName":"search_term_string"}}],"inLanguage":"fr-FR"},{"@type":"Organization","@id":"https:\/\/www.qnde.ca\/#organization","name":"Quality NDT Ltd.","url":"https:\/\/www.qnde.ca\/","logo":{"@type":"ImageObject","inLanguage":"fr-FR","@id":"https:\/\/www.qnde.ca\/#\/schema\/logo\/image\/","url":"https:\/\/www.qnde.ca\/wp-content\/uploads\/2022\/02\/QNDE_logo_RGB-gif.gif","contentUrl":"https:\/\/www.qnde.ca\/wp-content\/uploads\/2022\/02\/QNDE_logo_RGB-gif.gif","width":250,"height":64,"caption":"Quality NDT Ltd."},"image":{"@id":"https:\/\/www.qnde.ca\/#\/schema\/logo\/image\/"},"sameAs":["https:\/\/www.linkedin.com\/company\/qnde\/about\/?viewAsMember=true"]}]}},"jetpack_sharing_enabled":true,"_links":{"self":[{"href":"https:\/\/www.qnde.ca\/fr\/wp-json\/wp\/v2\/product\/40057","targetHints":{"allow":["GET"]}}],"collection":[{"href":"https:\/\/www.qnde.ca\/fr\/wp-json\/wp\/v2\/product"}],"about":[{"href":"https:\/\/www.qnde.ca\/fr\/wp-json\/wp\/v2\/types\/product"}],"wp:featuredmedia":[{"embeddable":true,"href":"https:\/\/www.qnde.ca\/fr\/wp-json\/wp\/v2\/media\/40054"}],"wp:attachment":[{"href":"https:\/\/www.qnde.ca\/fr\/wp-json\/wp\/v2\/media?parent=40057"}],"wp:term":[{"taxonomy":"product_brand","embeddable":true,"href":"https:\/\/www.qnde.ca\/fr\/wp-json\/wp\/v2\/product_brand?post=40057"},{"taxonomy":"product_cat","embeddable":true,"href":"https:\/\/www.qnde.ca\/fr\/wp-json\/wp\/v2\/product_cat?post=40057"},{"taxonomy":"product_tag","embeddable":true,"href":"https:\/\/www.qnde.ca\/fr\/wp-json\/wp\/v2\/product_tag?post=40057"}],"curies":[{"name":"wp","href":"https:\/\/api.w.org\/{rel}","templated":true}]}}