{"id":40048,"date":"2025-07-17T08:58:54","date_gmt":"2025-07-17T13:01:55","guid":{"rendered":"https:\/\/www.qnde.ca\/?post_type=product&#038;p=40048"},"modified":"2025-07-17T09:04:28","modified_gmt":"2025-07-17T13:04:28","slug":"effaceur-koworase-x-plaques-cr","status":"publish","type":"product","link":"https:\/\/www.qnde.ca\/fr\/produit\/effaceur-koworase-x-plaques-cr\/","title":{"rendered":"Effaceur Koworase X pour plaques d\u2019imagerie CR"},"content":{"rendered":"<p>Effaceur pour plaques d\u2019imagerie CR avec un processus de nettoyage en 2 phases. La phase 1 expose la plaque \u00e0 une lumi\u00e8re UV de 40W pour une saturation compl\u00e8te (65 000 niveaux de gris), puis, lorsqu\u2019elle est expuls\u00e9e (phase 2), elle est expos\u00e9e \u00e0 une lumi\u00e8re LED blanche de 80W (6500K), ce qui permet d&rsquo;effacer compl\u00e8tement les artefacts de r\u00e9manence afin que la plaque soit conforme \u00e0 la norme ASTM E2445. Le processus d\u2019effacement complet dure entre 3 et 6 minutes. Alimentation \u00e9lectrique de 90-260V, 47-63Hz. Garantie de 1 an.<\/p>\n<p>Livr\u00e9 avec l\u2019effaceur Koworase X, l\u2019alimentation, et le certificat de conformit\u00e9.<\/p>\n<p>&nbsp;<\/p>\n<p><strong data-start=\"35\" data-end=\"45\">KERASE<\/strong> : Koworase X, effaceur pour plaques d\u2019imagerie CR.<br data-start=\"93\" data-end=\"96\" data-is-only-node=\"\" \/><strong data-start=\"96\" data-end=\"105\">KFEED<\/strong> : Accessoire de table d\u2019alimentation Koworase X pour plaques d\u2019imagerie longues.<\/p>\n","protected":false},"excerpt":{"rendered":"<p>Effaceur pour plaques d\u2019imagerie CR avec un processus de nettoyage en 2 phases. La phase 1 expose la plaque \u00e0 une lumi\u00e8re UV de 40W pour une saturation compl\u00e8te (65 000 niveaux de gris), puis, lorsqu\u2019elle est expuls\u00e9e (phase 2), elle est expos\u00e9e \u00e0 une lumi\u00e8re LED blanche de 80W (6500K), ce qui permet d&rsquo;effacer [&hellip;]<\/p>\n","protected":false},"featured_media":40045,"template":"","meta":{"_monsterinsights_skip_tracking":false,"_monsterinsights_sitenote_active":false,"_monsterinsights_sitenote_note":"","_monsterinsights_sitenote_category":0},"product_brand":[],"product_cat":[402,141],"product_tag":[438,440,436,434,439,435,433,437,441],"class_list":{"0":"post-40048","1":"product","2":"type-product","3":"status-publish","4":"has-post-thumbnail","6":"product_cat-autres-marques","7":"product_cat-radiologie-numerique-cr","8":"product_tag-controle-qualite","9":"product_tag-cr-fr","10":"product_tag-efface-pour-film-digital","11":"product_tag-efface-pour-plaques","12":"product_tag-effaceur","13":"product_tag-effaceur-pour-plaques-digitales","14":"product_tag-koworase-fr","15":"product_tag-ndt-fr","16":"product_tag-radiographie-numerique","18":"first","19":"instock","20":"shipping-taxable","21":"product-type-simple"},"yoast_head":"<!-- This site is optimized with the Yoast SEO plugin v23.9 - https:\/\/yoast.com\/wordpress\/plugins\/seo\/ -->\n<title>Effaceur Koworase X pour plaques d\u2019imagerie CR &#060; Qualit\u00e9 NDE<\/title>\n<meta name=\"description\" content=\"Appareil d\u2019effacement de plaques d\u2019imagerie CR avec nettoyage en 2 phases. Plaque d\u2019imagerie effac\u00e9e selon la norme ASTM E2445.\" \/>\n<meta name=\"robots\" content=\"index, follow, max-snippet:-1, max-image-preview:large, max-video-preview:-1\" \/>\n<link rel=\"canonical\" href=\"https:\/\/www.qnde.ca\/fr\/produit\/effaceur-koworase-x-plaques-cr\/\" \/>\n<meta name=\"twitter:label1\" content=\"Dur\u00e9e de lecture estim\u00e9e\" \/>\n\t<meta name=\"twitter:data1\" content=\"1 minute\" \/>\n<script type=\"application\/ld+json\" class=\"yoast-schema-graph\">{\"@context\":\"https:\/\/schema.org\",\"@graph\":[{\"@type\":[\"WebPage\",\"ItemPage\"],\"@id\":\"https:\/\/www.qnde.ca\/fr\/produit\/effaceur-koworase-x-plaques-cr\/\",\"url\":\"https:\/\/www.qnde.ca\/fr\/produit\/effaceur-koworase-x-plaques-cr\/\",\"name\":\"Effaceur Koworase X pour plaques d\u2019imagerie CR &#060; Qualit\u00e9 NDE\",\"isPartOf\":{\"@id\":\"https:\/\/www.qnde.ca\/#website\"},\"primaryImageOfPage\":{\"@id\":\"https:\/\/www.qnde.ca\/fr\/produit\/effaceur-koworase-x-plaques-cr\/#primaryimage\"},\"image\":{\"@id\":\"https:\/\/www.qnde.ca\/fr\/produit\/effaceur-koworase-x-plaques-cr\/#primaryimage\"},\"thumbnailUrl\":\"https:\/\/www.qnde.ca\/wp-content\/uploads\/2025\/07\/Koworase-X-CR-imaging-Plates-Eraser.png\",\"datePublished\":\"2025-07-17T13:01:55+00:00\",\"dateModified\":\"2025-07-17T13:04:28+00:00\",\"description\":\"Appareil d\u2019effacement de plaques d\u2019imagerie CR avec nettoyage en 2 phases. Plaque d\u2019imagerie effac\u00e9e selon la norme ASTM E2445.\",\"breadcrumb\":{\"@id\":\"https:\/\/www.qnde.ca\/fr\/produit\/effaceur-koworase-x-plaques-cr\/#breadcrumb\"},\"inLanguage\":\"fr-FR\",\"potentialAction\":[{\"@type\":\"ReadAction\",\"target\":[\"https:\/\/www.qnde.ca\/fr\/produit\/effaceur-koworase-x-plaques-cr\/\"]}]},{\"@type\":\"ImageObject\",\"inLanguage\":\"fr-FR\",\"@id\":\"https:\/\/www.qnde.ca\/fr\/produit\/effaceur-koworase-x-plaques-cr\/#primaryimage\",\"url\":\"https:\/\/www.qnde.ca\/wp-content\/uploads\/2025\/07\/Koworase-X-CR-imaging-Plates-Eraser.png\",\"contentUrl\":\"https:\/\/www.qnde.ca\/wp-content\/uploads\/2025\/07\/Koworase-X-CR-imaging-Plates-Eraser.png\",\"width\":339,\"height\":296,\"caption\":\"Un petit contenant m\u00e9tallique portant l\u2019\u00e9tiquette \u00ab Koworase X \u00bb sur son ext\u00e9rieur, utilis\u00e9 pour effacer les films num\u00e9riques (plaques d\u2019imagerie).\"},{\"@type\":\"BreadcrumbList\",\"@id\":\"https:\/\/www.qnde.ca\/fr\/produit\/effaceur-koworase-x-plaques-cr\/#breadcrumb\",\"itemListElement\":[{\"@type\":\"ListItem\",\"position\":1,\"name\":\"Accueil\",\"item\":\"https:\/\/www.qnde.ca\/fr\/\"},{\"@type\":\"ListItem\",\"position\":2,\"name\":\"Produits\",\"item\":\"https:\/\/www.qnde.ca\/fr\/produits\/\"},{\"@type\":\"ListItem\",\"position\":3,\"name\":\"Marques\",\"item\":\"https:\/\/www.qnde.ca\/fr\/product-category\/marques\/\"},{\"@type\":\"ListItem\",\"position\":4,\"name\":\"Autres Marques\",\"item\":\"https:\/\/www.qnde.ca\/fr\/product-category\/marques\/autres-marques\/\"},{\"@type\":\"ListItem\",\"position\":5,\"name\":\"Effaceur Koworase X pour plaques d\u2019imagerie CR\"}]},{\"@type\":\"WebSite\",\"@id\":\"https:\/\/www.qnde.ca\/#website\",\"url\":\"https:\/\/www.qnde.ca\/\",\"name\":\"Qualit\u00e9 NDE\",\"description\":\"\u00c9quipements d&#039;essais non destructifs \",\"publisher\":{\"@id\":\"https:\/\/www.qnde.ca\/#organization\"},\"potentialAction\":[{\"@type\":\"SearchAction\",\"target\":{\"@type\":\"EntryPoint\",\"urlTemplate\":\"https:\/\/www.qnde.ca\/?s={search_term_string}\"},\"query-input\":{\"@type\":\"PropertyValueSpecification\",\"valueRequired\":true,\"valueName\":\"search_term_string\"}}],\"inLanguage\":\"fr-FR\"},{\"@type\":\"Organization\",\"@id\":\"https:\/\/www.qnde.ca\/#organization\",\"name\":\"Quality NDT Ltd.\",\"url\":\"https:\/\/www.qnde.ca\/\",\"logo\":{\"@type\":\"ImageObject\",\"inLanguage\":\"fr-FR\",\"@id\":\"https:\/\/www.qnde.ca\/#\/schema\/logo\/image\/\",\"url\":\"https:\/\/www.qnde.ca\/wp-content\/uploads\/2022\/02\/QNDE_logo_RGB-gif.gif\",\"contentUrl\":\"https:\/\/www.qnde.ca\/wp-content\/uploads\/2022\/02\/QNDE_logo_RGB-gif.gif\",\"width\":250,\"height\":64,\"caption\":\"Quality NDT Ltd.\"},\"image\":{\"@id\":\"https:\/\/www.qnde.ca\/#\/schema\/logo\/image\/\"},\"sameAs\":[\"https:\/\/www.linkedin.com\/company\/qnde\/about\/?viewAsMember=true\"]}]}<\/script>\n<!-- \/ Yoast SEO plugin. -->","yoast_head_json":{"title":"Effaceur Koworase X pour plaques d\u2019imagerie CR &#060; Qualit\u00e9 NDE","description":"Appareil d\u2019effacement de plaques d\u2019imagerie CR avec nettoyage en 2 phases. Plaque d\u2019imagerie effac\u00e9e selon la norme ASTM E2445.","robots":{"index":"index","follow":"follow","max-snippet":"max-snippet:-1","max-image-preview":"max-image-preview:large","max-video-preview":"max-video-preview:-1"},"canonical":"https:\/\/www.qnde.ca\/fr\/produit\/effaceur-koworase-x-plaques-cr\/","twitter_misc":{"Dur\u00e9e de lecture estim\u00e9e":"1 minute"},"schema":{"@context":"https:\/\/schema.org","@graph":[{"@type":["WebPage","ItemPage"],"@id":"https:\/\/www.qnde.ca\/fr\/produit\/effaceur-koworase-x-plaques-cr\/","url":"https:\/\/www.qnde.ca\/fr\/produit\/effaceur-koworase-x-plaques-cr\/","name":"Effaceur Koworase X pour plaques d\u2019imagerie CR &#060; Qualit\u00e9 NDE","isPartOf":{"@id":"https:\/\/www.qnde.ca\/#website"},"primaryImageOfPage":{"@id":"https:\/\/www.qnde.ca\/fr\/produit\/effaceur-koworase-x-plaques-cr\/#primaryimage"},"image":{"@id":"https:\/\/www.qnde.ca\/fr\/produit\/effaceur-koworase-x-plaques-cr\/#primaryimage"},"thumbnailUrl":"https:\/\/www.qnde.ca\/wp-content\/uploads\/2025\/07\/Koworase-X-CR-imaging-Plates-Eraser.png","datePublished":"2025-07-17T13:01:55+00:00","dateModified":"2025-07-17T13:04:28+00:00","description":"Appareil d\u2019effacement de plaques d\u2019imagerie CR avec nettoyage en 2 phases. Plaque d\u2019imagerie effac\u00e9e selon la norme ASTM E2445.","breadcrumb":{"@id":"https:\/\/www.qnde.ca\/fr\/produit\/effaceur-koworase-x-plaques-cr\/#breadcrumb"},"inLanguage":"fr-FR","potentialAction":[{"@type":"ReadAction","target":["https:\/\/www.qnde.ca\/fr\/produit\/effaceur-koworase-x-plaques-cr\/"]}]},{"@type":"ImageObject","inLanguage":"fr-FR","@id":"https:\/\/www.qnde.ca\/fr\/produit\/effaceur-koworase-x-plaques-cr\/#primaryimage","url":"https:\/\/www.qnde.ca\/wp-content\/uploads\/2025\/07\/Koworase-X-CR-imaging-Plates-Eraser.png","contentUrl":"https:\/\/www.qnde.ca\/wp-content\/uploads\/2025\/07\/Koworase-X-CR-imaging-Plates-Eraser.png","width":339,"height":296,"caption":"Un petit contenant m\u00e9tallique portant l\u2019\u00e9tiquette \u00ab Koworase X \u00bb sur son ext\u00e9rieur, utilis\u00e9 pour effacer les films num\u00e9riques (plaques d\u2019imagerie)."},{"@type":"BreadcrumbList","@id":"https:\/\/www.qnde.ca\/fr\/produit\/effaceur-koworase-x-plaques-cr\/#breadcrumb","itemListElement":[{"@type":"ListItem","position":1,"name":"Accueil","item":"https:\/\/www.qnde.ca\/fr\/"},{"@type":"ListItem","position":2,"name":"Produits","item":"https:\/\/www.qnde.ca\/fr\/produits\/"},{"@type":"ListItem","position":3,"name":"Marques","item":"https:\/\/www.qnde.ca\/fr\/product-category\/marques\/"},{"@type":"ListItem","position":4,"name":"Autres Marques","item":"https:\/\/www.qnde.ca\/fr\/product-category\/marques\/autres-marques\/"},{"@type":"ListItem","position":5,"name":"Effaceur Koworase X pour plaques d\u2019imagerie CR"}]},{"@type":"WebSite","@id":"https:\/\/www.qnde.ca\/#website","url":"https:\/\/www.qnde.ca\/","name":"Qualit\u00e9 NDE","description":"\u00c9quipements d&#039;essais non destructifs ","publisher":{"@id":"https:\/\/www.qnde.ca\/#organization"},"potentialAction":[{"@type":"SearchAction","target":{"@type":"EntryPoint","urlTemplate":"https:\/\/www.qnde.ca\/?s={search_term_string}"},"query-input":{"@type":"PropertyValueSpecification","valueRequired":true,"valueName":"search_term_string"}}],"inLanguage":"fr-FR"},{"@type":"Organization","@id":"https:\/\/www.qnde.ca\/#organization","name":"Quality NDT Ltd.","url":"https:\/\/www.qnde.ca\/","logo":{"@type":"ImageObject","inLanguage":"fr-FR","@id":"https:\/\/www.qnde.ca\/#\/schema\/logo\/image\/","url":"https:\/\/www.qnde.ca\/wp-content\/uploads\/2022\/02\/QNDE_logo_RGB-gif.gif","contentUrl":"https:\/\/www.qnde.ca\/wp-content\/uploads\/2022\/02\/QNDE_logo_RGB-gif.gif","width":250,"height":64,"caption":"Quality NDT Ltd."},"image":{"@id":"https:\/\/www.qnde.ca\/#\/schema\/logo\/image\/"},"sameAs":["https:\/\/www.linkedin.com\/company\/qnde\/about\/?viewAsMember=true"]}]}},"jetpack_sharing_enabled":true,"_links":{"self":[{"href":"https:\/\/www.qnde.ca\/fr\/wp-json\/wp\/v2\/product\/40048","targetHints":{"allow":["GET"]}}],"collection":[{"href":"https:\/\/www.qnde.ca\/fr\/wp-json\/wp\/v2\/product"}],"about":[{"href":"https:\/\/www.qnde.ca\/fr\/wp-json\/wp\/v2\/types\/product"}],"wp:featuredmedia":[{"embeddable":true,"href":"https:\/\/www.qnde.ca\/fr\/wp-json\/wp\/v2\/media\/40045"}],"wp:attachment":[{"href":"https:\/\/www.qnde.ca\/fr\/wp-json\/wp\/v2\/media?parent=40048"}],"wp:term":[{"taxonomy":"product_brand","embeddable":true,"href":"https:\/\/www.qnde.ca\/fr\/wp-json\/wp\/v2\/product_brand?post=40048"},{"taxonomy":"product_cat","embeddable":true,"href":"https:\/\/www.qnde.ca\/fr\/wp-json\/wp\/v2\/product_cat?post=40048"},{"taxonomy":"product_tag","embeddable":true,"href":"https:\/\/www.qnde.ca\/fr\/wp-json\/wp\/v2\/product_tag?post=40048"}],"curies":[{"name":"wp","href":"https:\/\/api.w.org\/{rel}","templated":true}]}}