{"id":3996,"date":"2016-01-07T19:56:03","date_gmt":"2016-01-07T19:56:03","guid":{"rendered":"https:\/\/www.qnde.ca\/?post_type=product&#038;p=3996"},"modified":"2025-08-07T11:40:42","modified_gmt":"2025-08-07T15:40:42","slug":"raptor-fr","status":"publish","type":"product","link":"https:\/\/www.qnde.ca\/fr\/produit\/raptor-fr\/","title":{"rendered":"NDT Systems Raptor, D\u00e9tecteur de D\u00e9fauts \u00e0 Ultrasons"},"content":{"rendered":"<h3><strong>NDT Systems Raptor, D\u00e9tecteur de D\u00e9fauts \u00e0 Ultrasons<\/strong><\/h3>\n<p>Le Raptor est un d\u00e9tecteur de d\u00e9fauts \u00e0 ultrasons portatif l\u00e9ger dot\u00e9 d&rsquo;un affichage couleur am\u00e9lior\u00e9, et la possibilit\u00e9 de piloter manuellement ou automatiquement des scanneurs pour la collecte de donn\u00e9es A, B et C-scan. Avec ses capacit\u00e9s de num\u00e9risation et d&rsquo;imagerie 3D, le Raptor peut s&rsquo;attaquer aux applications les plus difficiles dans des environnements extr\u00eames.<\/p>\n<h4><strong>L\u2019ensemble de base inclut: <\/strong><\/h4>\n<p>D\u00e9tecteur de d\u00e9fauts \u00e0 ultrasons portatif, DAC\/TGC, AWS, A, B et C-Scan couleur, batterie lithium-ion, chargeur, c\u00e2ble USB, bandouli\u00e8re, manuel de l\u2019utilisateur, certificat d\u2019\u00e9talonnage et valise de transport rigide.<\/p>\n<p>Cliquez la fiche descriptive et la vid\u00e9o pour plus d\u2019information.<\/p>\n<p>Contactez-nous pour discuter de votre application, vos exigences, options disponibles et\/ou recevoir une soumission.<\/p>\n<p>&nbsp;<\/p>\n<ul>\n<li>RAPTOR: NDT Systems Raptor, d\u00e9tecteur de d\u00e9fauts \u00e0 ultrasons portatif, syst\u00e8me complet.<\/li>\n<\/ul>\n<p style=\"font-style: inherit; font-weight: inherit;\">\n","protected":false},"excerpt":{"rendered":"<p>NDT Systems Raptor, D\u00e9tecteur de D\u00e9fauts \u00e0 Ultrasons Le Raptor est un d\u00e9tecteur de d\u00e9fauts \u00e0 ultrasons portatif l\u00e9ger dot\u00e9 d&rsquo;un affichage couleur am\u00e9lior\u00e9, et la possibilit\u00e9 de piloter manuellement ou automatiquement des scanneurs pour la collecte de donn\u00e9es A, B et C-scan. Avec ses capacit\u00e9s de num\u00e9risation et d&rsquo;imagerie 3D, le Raptor peut s&rsquo;attaquer [&hellip;]<\/p>\n","protected":false},"featured_media":7626,"template":"","meta":{"_monsterinsights_skip_tracking":false,"_monsterinsights_sitenote_active":false,"_monsterinsights_sitenote_note":"","_monsterinsights_sitenote_category":0},"product_brand":[],"product_cat":[407,125],"product_tag":[],"class_list":{"0":"post-3996","1":"product","2":"type-product","3":"status-publish","4":"has-post-thumbnail","6":"product_cat-ndt-systems-fr","7":"product_cat-detecteurs-defauts","9":"first","10":"instock","11":"shipping-taxable","12":"purchasable","13":"product-type-simple"},"yoast_head":"<!-- This site is optimized with the Yoast SEO plugin v23.9 - https:\/\/yoast.com\/wordpress\/plugins\/seo\/ -->\n<title>NDT Systems Raptor, D\u00e9tecteur de D\u00e9fauts \u00e0 Ultrasons &#060; Qualit\u00e9 NDE<\/title>\n<meta name=\"description\" content=\"D\u00e9tecteur de d\u00e9fauts \u00e0 ultrasons portatif l\u00e9ger avec possibilit\u00e9 de piloter manuellement ou automatiquement des scanneurs pour la collecte de donn\u00e9es.\" \/>\n<meta name=\"robots\" content=\"index, follow, max-snippet:-1, max-image-preview:large, max-video-preview:-1\" \/>\n<link rel=\"canonical\" href=\"https:\/\/www.qnde.ca\/fr\/produit\/raptor-fr\/\" \/>\n<meta name=\"twitter:label1\" content=\"Dur\u00e9e de lecture estim\u00e9e\" \/>\n\t<meta name=\"twitter:data1\" content=\"1 minute\" \/>\n<script type=\"application\/ld+json\" class=\"yoast-schema-graph\">{\"@context\":\"https:\/\/schema.org\",\"@graph\":[{\"@type\":[\"WebPage\",\"ItemPage\"],\"@id\":\"https:\/\/www.qnde.ca\/fr\/produit\/raptor-fr\/\",\"url\":\"https:\/\/www.qnde.ca\/fr\/produit\/raptor-fr\/\",\"name\":\"NDT Systems Raptor, D\u00e9tecteur de D\u00e9fauts \u00e0 Ultrasons &#060; Qualit\u00e9 NDE\",\"isPartOf\":{\"@id\":\"https:\/\/www.qnde.ca\/#website\"},\"primaryImageOfPage\":{\"@id\":\"https:\/\/www.qnde.ca\/fr\/produit\/raptor-fr\/#primaryimage\"},\"image\":{\"@id\":\"https:\/\/www.qnde.ca\/fr\/produit\/raptor-fr\/#primaryimage\"},\"thumbnailUrl\":\"https:\/\/www.qnde.ca\/wp-content\/uploads\/2016\/01\/Raptor-e1459967833674.jpg\",\"datePublished\":\"2016-01-07T19:56:03+00:00\",\"dateModified\":\"2025-08-07T15:40:42+00:00\",\"description\":\"D\u00e9tecteur de d\u00e9fauts \u00e0 ultrasons portatif l\u00e9ger avec possibilit\u00e9 de piloter manuellement ou automatiquement des scanneurs pour la collecte de donn\u00e9es.\",\"breadcrumb\":{\"@id\":\"https:\/\/www.qnde.ca\/fr\/produit\/raptor-fr\/#breadcrumb\"},\"inLanguage\":\"fr-FR\",\"potentialAction\":[{\"@type\":\"ReadAction\",\"target\":[\"https:\/\/www.qnde.ca\/fr\/produit\/raptor-fr\/\"]}]},{\"@type\":\"ImageObject\",\"inLanguage\":\"fr-FR\",\"@id\":\"https:\/\/www.qnde.ca\/fr\/produit\/raptor-fr\/#primaryimage\",\"url\":\"https:\/\/www.qnde.ca\/wp-content\/uploads\/2016\/01\/Raptor-e1459967833674.jpg\",\"contentUrl\":\"https:\/\/www.qnde.ca\/wp-content\/uploads\/2016\/01\/Raptor-e1459967833674.jpg\",\"width\":520,\"height\":665},{\"@type\":\"BreadcrumbList\",\"@id\":\"https:\/\/www.qnde.ca\/fr\/produit\/raptor-fr\/#breadcrumb\",\"itemListElement\":[{\"@type\":\"ListItem\",\"position\":1,\"name\":\"Accueil\",\"item\":\"https:\/\/www.qnde.ca\/fr\/\"},{\"@type\":\"ListItem\",\"position\":2,\"name\":\"Produits\",\"item\":\"https:\/\/www.qnde.ca\/fr\/produits\/\"},{\"@type\":\"ListItem\",\"position\":3,\"name\":\"Ultrasons\",\"item\":\"https:\/\/www.qnde.ca\/fr\/product-category\/ultrasons\/\"},{\"@type\":\"ListItem\",\"position\":4,\"name\":\"D\u00e9tecteurs de D\u00e9fauts\",\"item\":\"https:\/\/www.qnde.ca\/fr\/product-category\/ultrasons\/detecteurs-defauts\/\"},{\"@type\":\"ListItem\",\"position\":5,\"name\":\"NDT Systems Raptor, D\u00e9tecteur de D\u00e9fauts \u00e0 Ultrasons\"}]},{\"@type\":\"WebSite\",\"@id\":\"https:\/\/www.qnde.ca\/#website\",\"url\":\"https:\/\/www.qnde.ca\/\",\"name\":\"Qualit\u00e9 NDE\",\"description\":\"\u00c9quipements d&#039;essais non destructifs \",\"publisher\":{\"@id\":\"https:\/\/www.qnde.ca\/#organization\"},\"potentialAction\":[{\"@type\":\"SearchAction\",\"target\":{\"@type\":\"EntryPoint\",\"urlTemplate\":\"https:\/\/www.qnde.ca\/?s={search_term_string}\"},\"query-input\":{\"@type\":\"PropertyValueSpecification\",\"valueRequired\":true,\"valueName\":\"search_term_string\"}}],\"inLanguage\":\"fr-FR\"},{\"@type\":\"Organization\",\"@id\":\"https:\/\/www.qnde.ca\/#organization\",\"name\":\"Quality NDT Ltd.\",\"url\":\"https:\/\/www.qnde.ca\/\",\"logo\":{\"@type\":\"ImageObject\",\"inLanguage\":\"fr-FR\",\"@id\":\"https:\/\/www.qnde.ca\/#\/schema\/logo\/image\/\",\"url\":\"https:\/\/www.qnde.ca\/wp-content\/uploads\/2022\/02\/QNDE_logo_RGB-gif.gif\",\"contentUrl\":\"https:\/\/www.qnde.ca\/wp-content\/uploads\/2022\/02\/QNDE_logo_RGB-gif.gif\",\"width\":250,\"height\":64,\"caption\":\"Quality NDT Ltd.\"},\"image\":{\"@id\":\"https:\/\/www.qnde.ca\/#\/schema\/logo\/image\/\"},\"sameAs\":[\"https:\/\/www.linkedin.com\/company\/qnde\/about\/?viewAsMember=true\"]}]}<\/script>\n<!-- \/ Yoast SEO plugin. -->","yoast_head_json":{"title":"NDT Systems Raptor, D\u00e9tecteur de D\u00e9fauts \u00e0 Ultrasons &#060; Qualit\u00e9 NDE","description":"D\u00e9tecteur de d\u00e9fauts \u00e0 ultrasons portatif l\u00e9ger avec possibilit\u00e9 de piloter manuellement ou automatiquement des scanneurs pour la collecte de donn\u00e9es.","robots":{"index":"index","follow":"follow","max-snippet":"max-snippet:-1","max-image-preview":"max-image-preview:large","max-video-preview":"max-video-preview:-1"},"canonical":"https:\/\/www.qnde.ca\/fr\/produit\/raptor-fr\/","twitter_misc":{"Dur\u00e9e de lecture estim\u00e9e":"1 minute"},"schema":{"@context":"https:\/\/schema.org","@graph":[{"@type":["WebPage","ItemPage"],"@id":"https:\/\/www.qnde.ca\/fr\/produit\/raptor-fr\/","url":"https:\/\/www.qnde.ca\/fr\/produit\/raptor-fr\/","name":"NDT Systems Raptor, D\u00e9tecteur de D\u00e9fauts \u00e0 Ultrasons &#060; Qualit\u00e9 NDE","isPartOf":{"@id":"https:\/\/www.qnde.ca\/#website"},"primaryImageOfPage":{"@id":"https:\/\/www.qnde.ca\/fr\/produit\/raptor-fr\/#primaryimage"},"image":{"@id":"https:\/\/www.qnde.ca\/fr\/produit\/raptor-fr\/#primaryimage"},"thumbnailUrl":"https:\/\/www.qnde.ca\/wp-content\/uploads\/2016\/01\/Raptor-e1459967833674.jpg","datePublished":"2016-01-07T19:56:03+00:00","dateModified":"2025-08-07T15:40:42+00:00","description":"D\u00e9tecteur de d\u00e9fauts \u00e0 ultrasons portatif l\u00e9ger avec possibilit\u00e9 de piloter manuellement ou automatiquement des scanneurs pour la collecte de donn\u00e9es.","breadcrumb":{"@id":"https:\/\/www.qnde.ca\/fr\/produit\/raptor-fr\/#breadcrumb"},"inLanguage":"fr-FR","potentialAction":[{"@type":"ReadAction","target":["https:\/\/www.qnde.ca\/fr\/produit\/raptor-fr\/"]}]},{"@type":"ImageObject","inLanguage":"fr-FR","@id":"https:\/\/www.qnde.ca\/fr\/produit\/raptor-fr\/#primaryimage","url":"https:\/\/www.qnde.ca\/wp-content\/uploads\/2016\/01\/Raptor-e1459967833674.jpg","contentUrl":"https:\/\/www.qnde.ca\/wp-content\/uploads\/2016\/01\/Raptor-e1459967833674.jpg","width":520,"height":665},{"@type":"BreadcrumbList","@id":"https:\/\/www.qnde.ca\/fr\/produit\/raptor-fr\/#breadcrumb","itemListElement":[{"@type":"ListItem","position":1,"name":"Accueil","item":"https:\/\/www.qnde.ca\/fr\/"},{"@type":"ListItem","position":2,"name":"Produits","item":"https:\/\/www.qnde.ca\/fr\/produits\/"},{"@type":"ListItem","position":3,"name":"Ultrasons","item":"https:\/\/www.qnde.ca\/fr\/product-category\/ultrasons\/"},{"@type":"ListItem","position":4,"name":"D\u00e9tecteurs de D\u00e9fauts","item":"https:\/\/www.qnde.ca\/fr\/product-category\/ultrasons\/detecteurs-defauts\/"},{"@type":"ListItem","position":5,"name":"NDT Systems Raptor, D\u00e9tecteur de D\u00e9fauts \u00e0 Ultrasons"}]},{"@type":"WebSite","@id":"https:\/\/www.qnde.ca\/#website","url":"https:\/\/www.qnde.ca\/","name":"Qualit\u00e9 NDE","description":"\u00c9quipements d&#039;essais non destructifs ","publisher":{"@id":"https:\/\/www.qnde.ca\/#organization"},"potentialAction":[{"@type":"SearchAction","target":{"@type":"EntryPoint","urlTemplate":"https:\/\/www.qnde.ca\/?s={search_term_string}"},"query-input":{"@type":"PropertyValueSpecification","valueRequired":true,"valueName":"search_term_string"}}],"inLanguage":"fr-FR"},{"@type":"Organization","@id":"https:\/\/www.qnde.ca\/#organization","name":"Quality NDT Ltd.","url":"https:\/\/www.qnde.ca\/","logo":{"@type":"ImageObject","inLanguage":"fr-FR","@id":"https:\/\/www.qnde.ca\/#\/schema\/logo\/image\/","url":"https:\/\/www.qnde.ca\/wp-content\/uploads\/2022\/02\/QNDE_logo_RGB-gif.gif","contentUrl":"https:\/\/www.qnde.ca\/wp-content\/uploads\/2022\/02\/QNDE_logo_RGB-gif.gif","width":250,"height":64,"caption":"Quality NDT Ltd."},"image":{"@id":"https:\/\/www.qnde.ca\/#\/schema\/logo\/image\/"},"sameAs":["https:\/\/www.linkedin.com\/company\/qnde\/about\/?viewAsMember=true"]}]}},"jetpack_sharing_enabled":true,"_links":{"self":[{"href":"https:\/\/www.qnde.ca\/fr\/wp-json\/wp\/v2\/product\/3996","targetHints":{"allow":["GET"]}}],"collection":[{"href":"https:\/\/www.qnde.ca\/fr\/wp-json\/wp\/v2\/product"}],"about":[{"href":"https:\/\/www.qnde.ca\/fr\/wp-json\/wp\/v2\/types\/product"}],"wp:featuredmedia":[{"embeddable":true,"href":"https:\/\/www.qnde.ca\/fr\/wp-json\/wp\/v2\/media\/7626"}],"wp:attachment":[{"href":"https:\/\/www.qnde.ca\/fr\/wp-json\/wp\/v2\/media?parent=3996"}],"wp:term":[{"taxonomy":"product_brand","embeddable":true,"href":"https:\/\/www.qnde.ca\/fr\/wp-json\/wp\/v2\/product_brand?post=3996"},{"taxonomy":"product_cat","embeddable":true,"href":"https:\/\/www.qnde.ca\/fr\/wp-json\/wp\/v2\/product_cat?post=3996"},{"taxonomy":"product_tag","embeddable":true,"href":"https:\/\/www.qnde.ca\/fr\/wp-json\/wp\/v2\/product_tag?post=3996"}],"curies":[{"name":"wp","href":"https:\/\/api.w.org\/{rel}","templated":true}]}}