{"id":3991,"date":"2016-01-07T19:53:28","date_gmt":"2016-01-07T19:53:28","guid":{"rendered":"https:\/\/www.qnde.ca\/?post_type=product&#038;p=3991"},"modified":"2025-08-19T11:24:11","modified_gmt":"2025-08-19T15:24:11","slug":"rsflite-fr","status":"publish","type":"product","link":"https:\/\/www.qnde.ca\/fr\/produit\/rsflite-fr\/","title":{"rendered":"Sonatest RSflite Inspection Composite par Ultrasons Portable"},"content":{"rendered":"<h3><strong>Sonatest RSflite Inspection Composite par Ultrasons Portable<\/strong><\/h3>\n<p>Le RSflite est une solution ultrasonique rapide et portable pour la cartographie d&rsquo;\u00e9paisseur de composite, d\u2019adh\u00e9rence, d\u00e9tection de d\u00e9lamination, d\u00e9fauts ou dommages d\u2019impact. Qu\u2019il s\u2019agisse d\u2019un lamin\u00e9 traditionnel d\u2019aluminium ou de composite en fibre de carbone, ce syst\u00e8me peut voir au travers des pi\u00e8ces et cr\u00e9er une carte d\u2019inspection compl\u00e8te.<\/p>\n<p>Ensemble de base inclut: appareil RSflite, WheelProbe 2 roue ultrasonique de 5MHz avec c\u00e2ble de 5m, ensemble WP2 pour composite, ensemble WP2 avanc\u00e9 avec poign\u00e9 horizontale, logiciels UTmap et logiciel Xpair.<\/p>\n<p>Visionnez la fiche technique et les vid\u00e9os pour plus d\u2019information.<\/p>\n<p>Contactez-nous afin de discuter de votre application, vos exigences, les options disponibles et\/ou recevoir une soumission.<\/p>\n<ul>\n<li>RSFLITE: Sonatest RSflite, syst\u00e8me complet d&rsquo;inspection de composite (connecteurs BNC ou LEMO disponible).<\/li>\n<li>RSFLITE-Plus: Sonatest RSflite, syst\u00e8me complet d&rsquo;inspection de composite (connecteurs BNC ou LEMO disponible) avec option \u00ab\u00a0Glider Probe\u00a0\u00bb.<\/li>\n<li>RSFLITE-WP2: Sonatest RSflite, syst\u00e8me complet d&rsquo;inspection de composite (connecteurs BNC ou LEMO disponible) avec une roue ultrasonique WheelProbe 2 suppl\u00e9mentaire (2, 3.5, 5 ou 10MHz).<\/li>\n<\/ul>\n<p>&nbsp;<\/p>\n","protected":false},"excerpt":{"rendered":"<p>Sonatest RSflite Inspection Composite par Ultrasons Portable Le RSflite est une solution ultrasonique rapide et portable pour la cartographie d&rsquo;\u00e9paisseur de composite, d\u2019adh\u00e9rence, d\u00e9tection de d\u00e9lamination, d\u00e9fauts ou dommages d\u2019impact. Qu\u2019il s\u2019agisse d\u2019un lamin\u00e9 traditionnel d\u2019aluminium ou de composite en fibre de carbone, ce syst\u00e8me peut voir au travers des pi\u00e8ces et cr\u00e9er une carte [&hellip;]<\/p>\n","protected":false},"featured_media":19763,"template":"","meta":{"_monsterinsights_skip_tracking":false,"_monsterinsights_sitenote_active":false,"_monsterinsights_sitenote_note":"","_monsterinsights_sitenote_category":0},"product_brand":[],"product_cat":[401,127],"product_tag":[],"class_list":{"0":"post-3991","1":"product","2":"type-product","3":"status-publish","4":"has-post-thumbnail","6":"product_cat-sonatest-fr","7":"product_cat-composites-ultrasons","9":"first","10":"instock","11":"shipping-taxable","12":"purchasable","13":"product-type-variable"},"yoast_head":"<!-- This site is optimized with the Yoast SEO plugin v23.9 - https:\/\/yoast.com\/wordpress\/plugins\/seo\/ -->\n<title>Sonatest RSflite Inspection Composite par Ultrasons Portable &#060; Qualit\u00e9 NDE<\/title>\n<meta name=\"description\" content=\"Sonatest RSflite inspection\/solutipn pour composite par ultrasons portable. Voit au travers des pi\u00e8ces + cr\u00e9e une carte d&#039;inspection compl\u00e8te.\" \/>\n<meta name=\"robots\" content=\"index, follow, max-snippet:-1, max-image-preview:large, max-video-preview:-1\" \/>\n<link rel=\"canonical\" href=\"https:\/\/www.qnde.ca\/fr\/produit\/rsflite-fr\/\" \/>\n<meta name=\"twitter:label1\" content=\"Dur\u00e9e de lecture estim\u00e9e\" \/>\n\t<meta name=\"twitter:data1\" content=\"1 minute\" \/>\n<script type=\"application\/ld+json\" class=\"yoast-schema-graph\">{\"@context\":\"https:\/\/schema.org\",\"@graph\":[{\"@type\":[\"WebPage\",\"ItemPage\"],\"@id\":\"https:\/\/www.qnde.ca\/fr\/produit\/rsflite-fr\/\",\"url\":\"https:\/\/www.qnde.ca\/fr\/produit\/rsflite-fr\/\",\"name\":\"Sonatest RSflite Inspection Composite par Ultrasons Portable &#060; Qualit\u00e9 NDE\",\"isPartOf\":{\"@id\":\"https:\/\/www.qnde.ca\/#website\"},\"primaryImageOfPage\":{\"@id\":\"https:\/\/www.qnde.ca\/fr\/produit\/rsflite-fr\/#primaryimage\"},\"image\":{\"@id\":\"https:\/\/www.qnde.ca\/fr\/produit\/rsflite-fr\/#primaryimage\"},\"thumbnailUrl\":\"https:\/\/www.qnde.ca\/wp-content\/uploads\/2021\/04\/Sonatest-RSflite-complete-composite-inspection-system.png\",\"datePublished\":\"2016-01-07T19:53:28+00:00\",\"dateModified\":\"2025-08-19T15:24:11+00:00\",\"description\":\"Sonatest RSflite inspection\/solutipn pour composite par ultrasons portable. Voit au travers des pi\u00e8ces + cr\u00e9e une carte d'inspection compl\u00e8te.\",\"breadcrumb\":{\"@id\":\"https:\/\/www.qnde.ca\/fr\/produit\/rsflite-fr\/#breadcrumb\"},\"inLanguage\":\"fr-FR\",\"potentialAction\":[{\"@type\":\"ReadAction\",\"target\":[\"https:\/\/www.qnde.ca\/fr\/produit\/rsflite-fr\/\"]}]},{\"@type\":\"ImageObject\",\"inLanguage\":\"fr-FR\",\"@id\":\"https:\/\/www.qnde.ca\/fr\/produit\/rsflite-fr\/#primaryimage\",\"url\":\"https:\/\/www.qnde.ca\/wp-content\/uploads\/2021\/04\/Sonatest-RSflite-complete-composite-inspection-system.png\",\"contentUrl\":\"https:\/\/www.qnde.ca\/wp-content\/uploads\/2021\/04\/Sonatest-RSflite-complete-composite-inspection-system.png\",\"width\":800,\"height\":600,\"caption\":\"Sonatest RSflite complete composite inspection system\"},{\"@type\":\"BreadcrumbList\",\"@id\":\"https:\/\/www.qnde.ca\/fr\/produit\/rsflite-fr\/#breadcrumb\",\"itemListElement\":[{\"@type\":\"ListItem\",\"position\":1,\"name\":\"Accueil\",\"item\":\"https:\/\/www.qnde.ca\/fr\/\"},{\"@type\":\"ListItem\",\"position\":2,\"name\":\"Produits\",\"item\":\"https:\/\/www.qnde.ca\/fr\/produits\/\"},{\"@type\":\"ListItem\",\"position\":3,\"name\":\"Ultrasons\",\"item\":\"https:\/\/www.qnde.ca\/fr\/product-category\/ultrasons\/\"},{\"@type\":\"ListItem\",\"position\":4,\"name\":\"Composites\",\"item\":\"https:\/\/www.qnde.ca\/fr\/product-category\/ultrasons\/composites-ultrasons\/\"},{\"@type\":\"ListItem\",\"position\":5,\"name\":\"Sonatest RSflite Inspection Composite par Ultrasons Portable\"}]},{\"@type\":\"WebSite\",\"@id\":\"https:\/\/www.qnde.ca\/#website\",\"url\":\"https:\/\/www.qnde.ca\/\",\"name\":\"Qualit\u00e9 NDE\",\"description\":\"\u00c9quipements d&#039;essais non destructifs \",\"publisher\":{\"@id\":\"https:\/\/www.qnde.ca\/#organization\"},\"potentialAction\":[{\"@type\":\"SearchAction\",\"target\":{\"@type\":\"EntryPoint\",\"urlTemplate\":\"https:\/\/www.qnde.ca\/?s={search_term_string}\"},\"query-input\":{\"@type\":\"PropertyValueSpecification\",\"valueRequired\":true,\"valueName\":\"search_term_string\"}}],\"inLanguage\":\"fr-FR\"},{\"@type\":\"Organization\",\"@id\":\"https:\/\/www.qnde.ca\/#organization\",\"name\":\"Quality NDT Ltd.\",\"url\":\"https:\/\/www.qnde.ca\/\",\"logo\":{\"@type\":\"ImageObject\",\"inLanguage\":\"fr-FR\",\"@id\":\"https:\/\/www.qnde.ca\/#\/schema\/logo\/image\/\",\"url\":\"https:\/\/www.qnde.ca\/wp-content\/uploads\/2022\/02\/QNDE_logo_RGB-gif.gif\",\"contentUrl\":\"https:\/\/www.qnde.ca\/wp-content\/uploads\/2022\/02\/QNDE_logo_RGB-gif.gif\",\"width\":250,\"height\":64,\"caption\":\"Quality NDT Ltd.\"},\"image\":{\"@id\":\"https:\/\/www.qnde.ca\/#\/schema\/logo\/image\/\"},\"sameAs\":[\"https:\/\/www.linkedin.com\/company\/qnde\/about\/?viewAsMember=true\"]}]}<\/script>\n<!-- \/ Yoast SEO plugin. -->","yoast_head_json":{"title":"Sonatest RSflite Inspection Composite par Ultrasons Portable &#060; Qualit\u00e9 NDE","description":"Sonatest RSflite inspection\/solutipn pour composite par ultrasons portable. Voit au travers des pi\u00e8ces + cr\u00e9e une carte d'inspection compl\u00e8te.","robots":{"index":"index","follow":"follow","max-snippet":"max-snippet:-1","max-image-preview":"max-image-preview:large","max-video-preview":"max-video-preview:-1"},"canonical":"https:\/\/www.qnde.ca\/fr\/produit\/rsflite-fr\/","twitter_misc":{"Dur\u00e9e de lecture estim\u00e9e":"1 minute"},"schema":{"@context":"https:\/\/schema.org","@graph":[{"@type":["WebPage","ItemPage"],"@id":"https:\/\/www.qnde.ca\/fr\/produit\/rsflite-fr\/","url":"https:\/\/www.qnde.ca\/fr\/produit\/rsflite-fr\/","name":"Sonatest RSflite Inspection Composite par Ultrasons Portable &#060; Qualit\u00e9 NDE","isPartOf":{"@id":"https:\/\/www.qnde.ca\/#website"},"primaryImageOfPage":{"@id":"https:\/\/www.qnde.ca\/fr\/produit\/rsflite-fr\/#primaryimage"},"image":{"@id":"https:\/\/www.qnde.ca\/fr\/produit\/rsflite-fr\/#primaryimage"},"thumbnailUrl":"https:\/\/www.qnde.ca\/wp-content\/uploads\/2021\/04\/Sonatest-RSflite-complete-composite-inspection-system.png","datePublished":"2016-01-07T19:53:28+00:00","dateModified":"2025-08-19T15:24:11+00:00","description":"Sonatest RSflite inspection\/solutipn pour composite par ultrasons portable. Voit au travers des pi\u00e8ces + cr\u00e9e une carte d'inspection compl\u00e8te.","breadcrumb":{"@id":"https:\/\/www.qnde.ca\/fr\/produit\/rsflite-fr\/#breadcrumb"},"inLanguage":"fr-FR","potentialAction":[{"@type":"ReadAction","target":["https:\/\/www.qnde.ca\/fr\/produit\/rsflite-fr\/"]}]},{"@type":"ImageObject","inLanguage":"fr-FR","@id":"https:\/\/www.qnde.ca\/fr\/produit\/rsflite-fr\/#primaryimage","url":"https:\/\/www.qnde.ca\/wp-content\/uploads\/2021\/04\/Sonatest-RSflite-complete-composite-inspection-system.png","contentUrl":"https:\/\/www.qnde.ca\/wp-content\/uploads\/2021\/04\/Sonatest-RSflite-complete-composite-inspection-system.png","width":800,"height":600,"caption":"Sonatest RSflite complete composite inspection system"},{"@type":"BreadcrumbList","@id":"https:\/\/www.qnde.ca\/fr\/produit\/rsflite-fr\/#breadcrumb","itemListElement":[{"@type":"ListItem","position":1,"name":"Accueil","item":"https:\/\/www.qnde.ca\/fr\/"},{"@type":"ListItem","position":2,"name":"Produits","item":"https:\/\/www.qnde.ca\/fr\/produits\/"},{"@type":"ListItem","position":3,"name":"Ultrasons","item":"https:\/\/www.qnde.ca\/fr\/product-category\/ultrasons\/"},{"@type":"ListItem","position":4,"name":"Composites","item":"https:\/\/www.qnde.ca\/fr\/product-category\/ultrasons\/composites-ultrasons\/"},{"@type":"ListItem","position":5,"name":"Sonatest RSflite Inspection Composite par Ultrasons Portable"}]},{"@type":"WebSite","@id":"https:\/\/www.qnde.ca\/#website","url":"https:\/\/www.qnde.ca\/","name":"Qualit\u00e9 NDE","description":"\u00c9quipements d&#039;essais non destructifs ","publisher":{"@id":"https:\/\/www.qnde.ca\/#organization"},"potentialAction":[{"@type":"SearchAction","target":{"@type":"EntryPoint","urlTemplate":"https:\/\/www.qnde.ca\/?s={search_term_string}"},"query-input":{"@type":"PropertyValueSpecification","valueRequired":true,"valueName":"search_term_string"}}],"inLanguage":"fr-FR"},{"@type":"Organization","@id":"https:\/\/www.qnde.ca\/#organization","name":"Quality NDT Ltd.","url":"https:\/\/www.qnde.ca\/","logo":{"@type":"ImageObject","inLanguage":"fr-FR","@id":"https:\/\/www.qnde.ca\/#\/schema\/logo\/image\/","url":"https:\/\/www.qnde.ca\/wp-content\/uploads\/2022\/02\/QNDE_logo_RGB-gif.gif","contentUrl":"https:\/\/www.qnde.ca\/wp-content\/uploads\/2022\/02\/QNDE_logo_RGB-gif.gif","width":250,"height":64,"caption":"Quality NDT Ltd."},"image":{"@id":"https:\/\/www.qnde.ca\/#\/schema\/logo\/image\/"},"sameAs":["https:\/\/www.linkedin.com\/company\/qnde\/about\/?viewAsMember=true"]}]}},"jetpack_sharing_enabled":true,"_links":{"self":[{"href":"https:\/\/www.qnde.ca\/fr\/wp-json\/wp\/v2\/product\/3991","targetHints":{"allow":["GET"]}}],"collection":[{"href":"https:\/\/www.qnde.ca\/fr\/wp-json\/wp\/v2\/product"}],"about":[{"href":"https:\/\/www.qnde.ca\/fr\/wp-json\/wp\/v2\/types\/product"}],"wp:featuredmedia":[{"embeddable":true,"href":"https:\/\/www.qnde.ca\/fr\/wp-json\/wp\/v2\/media\/19763"}],"wp:attachment":[{"href":"https:\/\/www.qnde.ca\/fr\/wp-json\/wp\/v2\/media?parent=3991"}],"wp:term":[{"taxonomy":"product_brand","embeddable":true,"href":"https:\/\/www.qnde.ca\/fr\/wp-json\/wp\/v2\/product_brand?post=3991"},{"taxonomy":"product_cat","embeddable":true,"href":"https:\/\/www.qnde.ca\/fr\/wp-json\/wp\/v2\/product_cat?post=3991"},{"taxonomy":"product_tag","embeddable":true,"href":"https:\/\/www.qnde.ca\/fr\/wp-json\/wp\/v2\/product_tag?post=3991"}],"curies":[{"name":"wp","href":"https:\/\/api.w.org\/{rel}","templated":true}]}}