{"id":3989,"date":"2016-01-07T19:44:04","date_gmt":"2016-01-07T19:44:04","guid":{"rendered":"https:\/\/www.qnde.ca\/?post_type=product&#038;p=3989"},"modified":"2025-08-14T14:08:23","modified_gmt":"2025-08-14T18:08:23","slug":"railscan125-fr","status":"publish","type":"product","link":"https:\/\/www.qnde.ca\/fr\/produit\/railscan125-fr\/","title":{"rendered":"Sonatest Railscan 125+, D\u00e9tecteur de D\u00e9fauts \u00e0 Ultrasons pour Rail"},"content":{"rendered":"<h3><strong>Sonatest Railscan 125+, D\u00e9tecteur de D\u00e9fauts \u00e0 Ultrasons pour Rail<\/strong><\/h3>\n<p>Con\u00e7u pour l\u2019inspection de rail, le Railscan 125+ offre une excellente r\u00e9solution de surface et grande \u00a0puissance de p\u00e9n\u00e9tration dans un robuste d\u00e9tecteur de d\u00e9fauts \u00e0 ultrason portatif. Amplificateurs \u00e0 bande \u00e9troite, 2 et 5MHz, d\u00e9clencheur +ve, d\u00e9clencheur G2-ne (d\u00e9lai 0.6 seconde pour la surveillance de la distance du fond de rail).<\/p>\n<p>Compatible avec l\u2019unit\u00e9 portative, une impulsion PRF unique pour le multiplexage \u00e0 grande vitesse. Sorties RS232 et USB (fonctionne avec les logiciels personnalis\u00e9s (Sperry palmtop avec GPS et autres)). IP67, l\u2019appareil vient avec une garantie de 2 ans.<\/p>\n<p>Contactez-nous pour discuter de votre application, vos exigences, options disponibles et\/ou recevoir une soumission.<\/p>\n<p>&nbsp;<\/p>\n<ul>\n<li>R125: Sonatest Railscan 125+, d\u00e9tecteur de d\u00e9fauts \u00e0 ultrason pour rail.<\/li>\n<\/ul>\n<p>&nbsp;<\/p>\n<h4><\/h4>\n","protected":false},"excerpt":{"rendered":"<p>Sonatest Railscan 125+, D\u00e9tecteur de D\u00e9fauts \u00e0 Ultrasons pour Rail Con\u00e7u pour l\u2019inspection de rail, le Railscan 125+ offre une excellente r\u00e9solution de surface et grande \u00a0puissance de p\u00e9n\u00e9tration dans un robuste d\u00e9tecteur de d\u00e9fauts \u00e0 ultrason portatif. Amplificateurs \u00e0 bande \u00e9troite, 2 et 5MHz, d\u00e9clencheur +ve, d\u00e9clencheur G2-ne (d\u00e9lai 0.6 seconde pour la surveillance [&hellip;]<\/p>\n","protected":false},"featured_media":17874,"template":"","meta":{"_monsterinsights_skip_tracking":false,"_monsterinsights_sitenote_active":false,"_monsterinsights_sitenote_note":"","_monsterinsights_sitenote_category":0},"product_brand":[],"product_cat":[401,125],"product_tag":[],"class_list":{"0":"post-3989","1":"product","2":"type-product","3":"status-publish","4":"has-post-thumbnail","6":"product_cat-sonatest-fr","7":"product_cat-detecteurs-defauts","9":"first","10":"instock","11":"shipping-taxable","12":"purchasable","13":"product-type-simple"},"yoast_head":"<!-- This site is optimized with the Yoast SEO plugin v23.9 - https:\/\/yoast.com\/wordpress\/plugins\/seo\/ -->\n<title>Sonatest Railscan 125+, D\u00e9tecteur de D\u00e9fauts \u00e0 Ultrasons pour Rail &#060; Qualit\u00e9 NDE<\/title>\n<meta name=\"description\" content=\"Excellente r\u00e9solution de surface et grande \u00a0puissance de p\u00e9n\u00e9tration dans un robuste d\u00e9tecteur de d\u00e9fauts \u00e0 ultrason portatif.\" \/>\n<meta name=\"robots\" content=\"index, follow, max-snippet:-1, max-image-preview:large, max-video-preview:-1\" \/>\n<link rel=\"canonical\" href=\"https:\/\/www.qnde.ca\/fr\/produit\/railscan125-fr\/\" \/>\n<meta name=\"twitter:label1\" content=\"Dur\u00e9e de lecture estim\u00e9e\" \/>\n\t<meta name=\"twitter:data1\" content=\"1 minute\" \/>\n<script type=\"application\/ld+json\" class=\"yoast-schema-graph\">{\"@context\":\"https:\/\/schema.org\",\"@graph\":[{\"@type\":[\"WebPage\",\"ItemPage\"],\"@id\":\"https:\/\/www.qnde.ca\/fr\/produit\/railscan125-fr\/\",\"url\":\"https:\/\/www.qnde.ca\/fr\/produit\/railscan125-fr\/\",\"name\":\"Sonatest Railscan 125+, D\u00e9tecteur de D\u00e9fauts \u00e0 Ultrasons pour Rail &#060; Qualit\u00e9 NDE\",\"isPartOf\":{\"@id\":\"https:\/\/www.qnde.ca\/#website\"},\"primaryImageOfPage\":{\"@id\":\"https:\/\/www.qnde.ca\/fr\/produit\/railscan125-fr\/#primaryimage\"},\"image\":{\"@id\":\"https:\/\/www.qnde.ca\/fr\/produit\/railscan125-fr\/#primaryimage\"},\"thumbnailUrl\":\"https:\/\/www.qnde.ca\/wp-content\/uploads\/2021\/04\/Railscan-125.jpg\",\"datePublished\":\"2016-01-07T19:44:04+00:00\",\"dateModified\":\"2025-08-14T18:08:23+00:00\",\"description\":\"Excellente r\u00e9solution de surface et grande \u00a0puissance de p\u00e9n\u00e9tration dans un robuste d\u00e9tecteur de d\u00e9fauts \u00e0 ultrason portatif.\",\"breadcrumb\":{\"@id\":\"https:\/\/www.qnde.ca\/fr\/produit\/railscan125-fr\/#breadcrumb\"},\"inLanguage\":\"fr-FR\",\"potentialAction\":[{\"@type\":\"ReadAction\",\"target\":[\"https:\/\/www.qnde.ca\/fr\/produit\/railscan125-fr\/\"]}]},{\"@type\":\"ImageObject\",\"inLanguage\":\"fr-FR\",\"@id\":\"https:\/\/www.qnde.ca\/fr\/produit\/railscan125-fr\/#primaryimage\",\"url\":\"https:\/\/www.qnde.ca\/wp-content\/uploads\/2021\/04\/Railscan-125.jpg\",\"contentUrl\":\"https:\/\/www.qnde.ca\/wp-content\/uploads\/2021\/04\/Railscan-125.jpg\",\"width\":850,\"height\":682,\"caption\":\"R125: Sonatest Railscan 125+, rail flaw detector\"},{\"@type\":\"BreadcrumbList\",\"@id\":\"https:\/\/www.qnde.ca\/fr\/produit\/railscan125-fr\/#breadcrumb\",\"itemListElement\":[{\"@type\":\"ListItem\",\"position\":1,\"name\":\"Accueil\",\"item\":\"https:\/\/www.qnde.ca\/fr\/\"},{\"@type\":\"ListItem\",\"position\":2,\"name\":\"Produits\",\"item\":\"https:\/\/www.qnde.ca\/fr\/produits\/\"},{\"@type\":\"ListItem\",\"position\":3,\"name\":\"Marques\",\"item\":\"https:\/\/www.qnde.ca\/fr\/product-category\/marques\/\"},{\"@type\":\"ListItem\",\"position\":4,\"name\":\"Sonatest\",\"item\":\"https:\/\/www.qnde.ca\/fr\/product-category\/marques\/sonatest-fr\/\"},{\"@type\":\"ListItem\",\"position\":5,\"name\":\"Sonatest Railscan 125+, D\u00e9tecteur de D\u00e9fauts \u00e0 Ultrasons pour Rail\"}]},{\"@type\":\"WebSite\",\"@id\":\"https:\/\/www.qnde.ca\/#website\",\"url\":\"https:\/\/www.qnde.ca\/\",\"name\":\"Qualit\u00e9 NDE\",\"description\":\"\u00c9quipements d&#039;essais non destructifs \",\"publisher\":{\"@id\":\"https:\/\/www.qnde.ca\/#organization\"},\"potentialAction\":[{\"@type\":\"SearchAction\",\"target\":{\"@type\":\"EntryPoint\",\"urlTemplate\":\"https:\/\/www.qnde.ca\/?s={search_term_string}\"},\"query-input\":{\"@type\":\"PropertyValueSpecification\",\"valueRequired\":true,\"valueName\":\"search_term_string\"}}],\"inLanguage\":\"fr-FR\"},{\"@type\":\"Organization\",\"@id\":\"https:\/\/www.qnde.ca\/#organization\",\"name\":\"Quality NDT Ltd.\",\"url\":\"https:\/\/www.qnde.ca\/\",\"logo\":{\"@type\":\"ImageObject\",\"inLanguage\":\"fr-FR\",\"@id\":\"https:\/\/www.qnde.ca\/#\/schema\/logo\/image\/\",\"url\":\"https:\/\/www.qnde.ca\/wp-content\/uploads\/2022\/02\/QNDE_logo_RGB-gif.gif\",\"contentUrl\":\"https:\/\/www.qnde.ca\/wp-content\/uploads\/2022\/02\/QNDE_logo_RGB-gif.gif\",\"width\":250,\"height\":64,\"caption\":\"Quality NDT Ltd.\"},\"image\":{\"@id\":\"https:\/\/www.qnde.ca\/#\/schema\/logo\/image\/\"},\"sameAs\":[\"https:\/\/www.linkedin.com\/company\/qnde\/about\/?viewAsMember=true\"]}]}<\/script>\n<!-- \/ Yoast SEO plugin. -->","yoast_head_json":{"title":"Sonatest Railscan 125+, D\u00e9tecteur de D\u00e9fauts \u00e0 Ultrasons pour Rail &#060; Qualit\u00e9 NDE","description":"Excellente r\u00e9solution de surface et grande \u00a0puissance de p\u00e9n\u00e9tration dans un robuste d\u00e9tecteur de d\u00e9fauts \u00e0 ultrason portatif.","robots":{"index":"index","follow":"follow","max-snippet":"max-snippet:-1","max-image-preview":"max-image-preview:large","max-video-preview":"max-video-preview:-1"},"canonical":"https:\/\/www.qnde.ca\/fr\/produit\/railscan125-fr\/","twitter_misc":{"Dur\u00e9e de lecture estim\u00e9e":"1 minute"},"schema":{"@context":"https:\/\/schema.org","@graph":[{"@type":["WebPage","ItemPage"],"@id":"https:\/\/www.qnde.ca\/fr\/produit\/railscan125-fr\/","url":"https:\/\/www.qnde.ca\/fr\/produit\/railscan125-fr\/","name":"Sonatest Railscan 125+, D\u00e9tecteur de D\u00e9fauts \u00e0 Ultrasons pour Rail &#060; Qualit\u00e9 NDE","isPartOf":{"@id":"https:\/\/www.qnde.ca\/#website"},"primaryImageOfPage":{"@id":"https:\/\/www.qnde.ca\/fr\/produit\/railscan125-fr\/#primaryimage"},"image":{"@id":"https:\/\/www.qnde.ca\/fr\/produit\/railscan125-fr\/#primaryimage"},"thumbnailUrl":"https:\/\/www.qnde.ca\/wp-content\/uploads\/2021\/04\/Railscan-125.jpg","datePublished":"2016-01-07T19:44:04+00:00","dateModified":"2025-08-14T18:08:23+00:00","description":"Excellente r\u00e9solution de surface et grande \u00a0puissance de p\u00e9n\u00e9tration dans un robuste d\u00e9tecteur de d\u00e9fauts \u00e0 ultrason portatif.","breadcrumb":{"@id":"https:\/\/www.qnde.ca\/fr\/produit\/railscan125-fr\/#breadcrumb"},"inLanguage":"fr-FR","potentialAction":[{"@type":"ReadAction","target":["https:\/\/www.qnde.ca\/fr\/produit\/railscan125-fr\/"]}]},{"@type":"ImageObject","inLanguage":"fr-FR","@id":"https:\/\/www.qnde.ca\/fr\/produit\/railscan125-fr\/#primaryimage","url":"https:\/\/www.qnde.ca\/wp-content\/uploads\/2021\/04\/Railscan-125.jpg","contentUrl":"https:\/\/www.qnde.ca\/wp-content\/uploads\/2021\/04\/Railscan-125.jpg","width":850,"height":682,"caption":"R125: Sonatest Railscan 125+, rail flaw detector"},{"@type":"BreadcrumbList","@id":"https:\/\/www.qnde.ca\/fr\/produit\/railscan125-fr\/#breadcrumb","itemListElement":[{"@type":"ListItem","position":1,"name":"Accueil","item":"https:\/\/www.qnde.ca\/fr\/"},{"@type":"ListItem","position":2,"name":"Produits","item":"https:\/\/www.qnde.ca\/fr\/produits\/"},{"@type":"ListItem","position":3,"name":"Marques","item":"https:\/\/www.qnde.ca\/fr\/product-category\/marques\/"},{"@type":"ListItem","position":4,"name":"Sonatest","item":"https:\/\/www.qnde.ca\/fr\/product-category\/marques\/sonatest-fr\/"},{"@type":"ListItem","position":5,"name":"Sonatest Railscan 125+, D\u00e9tecteur de D\u00e9fauts \u00e0 Ultrasons pour Rail"}]},{"@type":"WebSite","@id":"https:\/\/www.qnde.ca\/#website","url":"https:\/\/www.qnde.ca\/","name":"Qualit\u00e9 NDE","description":"\u00c9quipements d&#039;essais non destructifs ","publisher":{"@id":"https:\/\/www.qnde.ca\/#organization"},"potentialAction":[{"@type":"SearchAction","target":{"@type":"EntryPoint","urlTemplate":"https:\/\/www.qnde.ca\/?s={search_term_string}"},"query-input":{"@type":"PropertyValueSpecification","valueRequired":true,"valueName":"search_term_string"}}],"inLanguage":"fr-FR"},{"@type":"Organization","@id":"https:\/\/www.qnde.ca\/#organization","name":"Quality NDT Ltd.","url":"https:\/\/www.qnde.ca\/","logo":{"@type":"ImageObject","inLanguage":"fr-FR","@id":"https:\/\/www.qnde.ca\/#\/schema\/logo\/image\/","url":"https:\/\/www.qnde.ca\/wp-content\/uploads\/2022\/02\/QNDE_logo_RGB-gif.gif","contentUrl":"https:\/\/www.qnde.ca\/wp-content\/uploads\/2022\/02\/QNDE_logo_RGB-gif.gif","width":250,"height":64,"caption":"Quality NDT Ltd."},"image":{"@id":"https:\/\/www.qnde.ca\/#\/schema\/logo\/image\/"},"sameAs":["https:\/\/www.linkedin.com\/company\/qnde\/about\/?viewAsMember=true"]}]}},"jetpack_sharing_enabled":true,"_links":{"self":[{"href":"https:\/\/www.qnde.ca\/fr\/wp-json\/wp\/v2\/product\/3989","targetHints":{"allow":["GET"]}}],"collection":[{"href":"https:\/\/www.qnde.ca\/fr\/wp-json\/wp\/v2\/product"}],"about":[{"href":"https:\/\/www.qnde.ca\/fr\/wp-json\/wp\/v2\/types\/product"}],"wp:featuredmedia":[{"embeddable":true,"href":"https:\/\/www.qnde.ca\/fr\/wp-json\/wp\/v2\/media\/17874"}],"wp:attachment":[{"href":"https:\/\/www.qnde.ca\/fr\/wp-json\/wp\/v2\/media?parent=3989"}],"wp:term":[{"taxonomy":"product_brand","embeddable":true,"href":"https:\/\/www.qnde.ca\/fr\/wp-json\/wp\/v2\/product_brand?post=3989"},{"taxonomy":"product_cat","embeddable":true,"href":"https:\/\/www.qnde.ca\/fr\/wp-json\/wp\/v2\/product_cat?post=3989"},{"taxonomy":"product_tag","embeddable":true,"href":"https:\/\/www.qnde.ca\/fr\/wp-json\/wp\/v2\/product_tag?post=3989"}],"curies":[{"name":"wp","href":"https:\/\/api.w.org\/{rel}","templated":true}]}}