{"id":3971,"date":"2016-01-07T19:36:00","date_gmt":"2016-01-07T19:36:00","guid":{"rendered":"https:\/\/www.qnde.ca\/?post_type=product&#038;p=3971"},"modified":"2025-08-07T11:42:44","modified_gmt":"2025-08-07T15:42:44","slug":"tg900-fr","status":"publish","type":"product","link":"https:\/\/www.qnde.ca\/fr\/produit\/tg900-fr\/","title":{"rendered":"NDT Systems TG900 Mesureur d\u2019\u00c9paisseur de Pr\u00e9cision"},"content":{"rendered":"<h3><strong>NDT Systems TG900 Mesureur d\u2019\u00c9paisseur de Pr\u00e9cision<\/strong><\/h3>\n<p>La s\u00e9rie d\u2019instruments TG-900 sont des mesureurs d\u2019\u00e9paisseur ultrasoniques de pr\u00e9cisions. L\u2019appareil peut \u00eatre utilis\u00e9 pour des mesures de 0.0050 \u00e0 20.0000&Prime; (0.0127 \u00e0 50.8cm), \u00e0 travers la peinture, balayage haute vitesse (50 lectures par second) et mesures B-scan encod\u00e9es dans le temps en unit\u00e9s m\u00e9triques et imp\u00e9riales.<\/p>\n<h4><strong>L\u2019ensemble de base inclut: <\/strong><\/h4>\n<p>Unit\u00e9 de mesure d\u2019\u00e9paisseur TG900, palpeur de 0.25&Prime; &#8211; 15MHz (selon l\u2019ensemble command\u00e9), c\u00e2ble, batteries rechargeables, chargeur 120\/240 VAC, logiciel de transfert de donn\u00e9es, bouteille de 2oz de couplant, manuel de l\u2019utilisateur, certificat de conformit\u00e9 et valise de transport rigide.<\/p>\n<ul>\n<li>TG-900: Ensemble complet de mesureur d\u2019\u00e9paisseur de pr\u00e9cision avec palpeur25&Prime;.<\/li>\n<li>TG-930: Ensemble complet de mesureur d\u2019\u00e9paisseur de pr\u00e9cision avanc\u00e9 avec palpeur 0.25&Prime;.<\/li>\n<li>TG-950: Ensemble complet de mesureur d\u2019\u00e9paisseur de pr\u00e9cision de table avec palpeur25&Prime;.<\/li>\n<\/ul>\n<h4><strong>C\u00e2ble:<\/strong><\/h4>\n<ul>\n<li>LMD1: C\u00e2ble microdot \u00e0 LEMO, 6&prime; (182cm).<\/li>\n<\/ul>\n<h4><strong>Palpeurs:<\/strong><\/h4>\n<ul>\n<li>D11: Palpeur \u00e0 d\u00e9lais, 15MHz, plage d&rsquo;\u00e9paisseur de 0.0050 \u00e0 0.7000&Prime;.<\/li>\n<li>D11R: Palpeur \u00e0 d\u00e9lais (d\u00e9lais rempla\u00e7able), 15MHz, plage d&rsquo;\u00e9paisseur de 0.0050 \u00e0 0.7000&Prime;.<\/li>\n<li>D15: Palpeur \u00e0 d\u00e9lais, 15MHz, plage d&rsquo;\u00e9paisseur de 0.0050 \u00e0 0.2500&Prime;.<\/li>\n<li>D16R: Palpeur \u00e0 d\u00e9lais (d\u00e9lais rempla\u00e7able), 15 MHz, plage d&rsquo;\u00e9paisseur de 0.0025 \u00e0 1.1000&Prime;.<\/li>\n<li>Autres palpeurs aussi disponibles (autre fr\u00e9quence, diam\u00e8tre, temp\u00e9rature, type et emplacement du connecteur, longueur de c\u00e2ble, type crayon, type \u00ab\u00a0bubbler\u00a0\u00bb, etc.).<\/li>\n<\/ul>\n","protected":false},"excerpt":{"rendered":"<p>NDT Systems TG900 Mesureur d\u2019\u00c9paisseur de Pr\u00e9cision La s\u00e9rie d\u2019instruments TG-900 sont des mesureurs d\u2019\u00e9paisseur ultrasoniques de pr\u00e9cisions. L\u2019appareil peut \u00eatre utilis\u00e9 pour des mesures de 0.0050 \u00e0 20.0000&Prime; (0.0127 \u00e0 50.8cm), \u00e0 travers la peinture, balayage haute vitesse (50 lectures par second) et mesures B-scan encod\u00e9es dans le temps en unit\u00e9s m\u00e9triques et imp\u00e9riales. [&hellip;]<\/p>\n","protected":false},"featured_media":3973,"template":"","meta":{"_monsterinsights_skip_tracking":false,"_monsterinsights_sitenote_active":false,"_monsterinsights_sitenote_note":"","_monsterinsights_sitenote_category":0},"product_brand":[],"product_cat":[407,126],"product_tag":[],"class_list":{"0":"post-3971","1":"product","2":"type-product","3":"status-publish","4":"has-post-thumbnail","6":"product_cat-ndt-systems-fr","7":"product_cat-mesureurs-epaisseur","9":"first","10":"instock","11":"shipping-taxable","12":"purchasable","13":"product-type-variable"},"yoast_head":"<!-- This site is optimized with the Yoast SEO plugin v23.9 - https:\/\/yoast.com\/wordpress\/plugins\/seo\/ -->\n<title>NDT Systems TG900 Mesureur d\u2019\u00c9paisseur de Pr\u00e9cision &#060; Qualit\u00e9 NDE<\/title>\n<meta name=\"description\" content=\"Mesureurs d\u2019\u00e9paisseur ultrasoniques de pr\u00e9cisions pouvant \u00eatre utilis\u00e9s pour des mesures de 0.0050 \u00e0 20.0000&quot; (0.0127 \u00e0 50.8cm).\" \/>\n<meta name=\"robots\" content=\"index, follow, max-snippet:-1, max-image-preview:large, max-video-preview:-1\" \/>\n<link rel=\"canonical\" href=\"https:\/\/www.qnde.ca\/fr\/produit\/tg900-fr\/\" \/>\n<meta name=\"twitter:label1\" content=\"Dur\u00e9e de lecture estim\u00e9e\" \/>\n\t<meta name=\"twitter:data1\" content=\"2 minutes\" \/>\n<script type=\"application\/ld+json\" class=\"yoast-schema-graph\">{\"@context\":\"https:\/\/schema.org\",\"@graph\":[{\"@type\":[\"WebPage\",\"ItemPage\"],\"@id\":\"https:\/\/www.qnde.ca\/fr\/produit\/tg900-fr\/\",\"url\":\"https:\/\/www.qnde.ca\/fr\/produit\/tg900-fr\/\",\"name\":\"NDT Systems TG900 Mesureur d\u2019\u00c9paisseur de Pr\u00e9cision &#060; Qualit\u00e9 NDE\",\"isPartOf\":{\"@id\":\"https:\/\/www.qnde.ca\/#website\"},\"primaryImageOfPage\":{\"@id\":\"https:\/\/www.qnde.ca\/fr\/produit\/tg900-fr\/#primaryimage\"},\"image\":{\"@id\":\"https:\/\/www.qnde.ca\/fr\/produit\/tg900-fr\/#primaryimage\"},\"thumbnailUrl\":\"https:\/\/www.qnde.ca\/wp-content\/uploads\/2016\/01\/Jauge---paisseur-pr--cis-TG900-Serie.jpg\",\"datePublished\":\"2016-01-07T19:36:00+00:00\",\"dateModified\":\"2025-08-07T15:42:44+00:00\",\"description\":\"Mesureurs d\u2019\u00e9paisseur ultrasoniques de pr\u00e9cisions pouvant \u00eatre utilis\u00e9s pour des mesures de 0.0050 \u00e0 20.0000\\\" (0.0127 \u00e0 50.8cm).\",\"breadcrumb\":{\"@id\":\"https:\/\/www.qnde.ca\/fr\/produit\/tg900-fr\/#breadcrumb\"},\"inLanguage\":\"fr-FR\",\"potentialAction\":[{\"@type\":\"ReadAction\",\"target\":[\"https:\/\/www.qnde.ca\/fr\/produit\/tg900-fr\/\"]}]},{\"@type\":\"ImageObject\",\"inLanguage\":\"fr-FR\",\"@id\":\"https:\/\/www.qnde.ca\/fr\/produit\/tg900-fr\/#primaryimage\",\"url\":\"https:\/\/www.qnde.ca\/wp-content\/uploads\/2016\/01\/Jauge---paisseur-pr--cis-TG900-Serie.jpg\",\"contentUrl\":\"https:\/\/www.qnde.ca\/wp-content\/uploads\/2016\/01\/Jauge---paisseur-pr--cis-TG900-Serie.jpg\",\"width\":300,\"height\":220,\"caption\":\"TG900 Serie, Precision Thickness Gauge.\"},{\"@type\":\"BreadcrumbList\",\"@id\":\"https:\/\/www.qnde.ca\/fr\/produit\/tg900-fr\/#breadcrumb\",\"itemListElement\":[{\"@type\":\"ListItem\",\"position\":1,\"name\":\"Accueil\",\"item\":\"https:\/\/www.qnde.ca\/fr\/\"},{\"@type\":\"ListItem\",\"position\":2,\"name\":\"Produits\",\"item\":\"https:\/\/www.qnde.ca\/fr\/produits\/\"},{\"@type\":\"ListItem\",\"position\":3,\"name\":\"Ultrasons\",\"item\":\"https:\/\/www.qnde.ca\/fr\/product-category\/ultrasons\/\"},{\"@type\":\"ListItem\",\"position\":4,\"name\":\"Mesureurs d\u2019\u00c9paisseur\",\"item\":\"https:\/\/www.qnde.ca\/fr\/product-category\/ultrasons\/mesureurs-epaisseur\/\"},{\"@type\":\"ListItem\",\"position\":5,\"name\":\"NDT Systems TG900 Mesureur d\u2019\u00c9paisseur de Pr\u00e9cision\"}]},{\"@type\":\"WebSite\",\"@id\":\"https:\/\/www.qnde.ca\/#website\",\"url\":\"https:\/\/www.qnde.ca\/\",\"name\":\"Qualit\u00e9 NDE\",\"description\":\"\u00c9quipements d&#039;essais non destructifs \",\"publisher\":{\"@id\":\"https:\/\/www.qnde.ca\/#organization\"},\"potentialAction\":[{\"@type\":\"SearchAction\",\"target\":{\"@type\":\"EntryPoint\",\"urlTemplate\":\"https:\/\/www.qnde.ca\/?s={search_term_string}\"},\"query-input\":{\"@type\":\"PropertyValueSpecification\",\"valueRequired\":true,\"valueName\":\"search_term_string\"}}],\"inLanguage\":\"fr-FR\"},{\"@type\":\"Organization\",\"@id\":\"https:\/\/www.qnde.ca\/#organization\",\"name\":\"Quality NDT Ltd.\",\"url\":\"https:\/\/www.qnde.ca\/\",\"logo\":{\"@type\":\"ImageObject\",\"inLanguage\":\"fr-FR\",\"@id\":\"https:\/\/www.qnde.ca\/#\/schema\/logo\/image\/\",\"url\":\"https:\/\/www.qnde.ca\/wp-content\/uploads\/2022\/02\/QNDE_logo_RGB-gif.gif\",\"contentUrl\":\"https:\/\/www.qnde.ca\/wp-content\/uploads\/2022\/02\/QNDE_logo_RGB-gif.gif\",\"width\":250,\"height\":64,\"caption\":\"Quality NDT Ltd.\"},\"image\":{\"@id\":\"https:\/\/www.qnde.ca\/#\/schema\/logo\/image\/\"},\"sameAs\":[\"https:\/\/www.linkedin.com\/company\/qnde\/about\/?viewAsMember=true\"]}]}<\/script>\n<!-- \/ Yoast SEO plugin. -->","yoast_head_json":{"title":"NDT Systems TG900 Mesureur d\u2019\u00c9paisseur de Pr\u00e9cision &#060; Qualit\u00e9 NDE","description":"Mesureurs d\u2019\u00e9paisseur ultrasoniques de pr\u00e9cisions pouvant \u00eatre utilis\u00e9s pour des mesures de 0.0050 \u00e0 20.0000\" (0.0127 \u00e0 50.8cm).","robots":{"index":"index","follow":"follow","max-snippet":"max-snippet:-1","max-image-preview":"max-image-preview:large","max-video-preview":"max-video-preview:-1"},"canonical":"https:\/\/www.qnde.ca\/fr\/produit\/tg900-fr\/","twitter_misc":{"Dur\u00e9e de lecture estim\u00e9e":"2 minutes"},"schema":{"@context":"https:\/\/schema.org","@graph":[{"@type":["WebPage","ItemPage"],"@id":"https:\/\/www.qnde.ca\/fr\/produit\/tg900-fr\/","url":"https:\/\/www.qnde.ca\/fr\/produit\/tg900-fr\/","name":"NDT Systems TG900 Mesureur d\u2019\u00c9paisseur de Pr\u00e9cision &#060; Qualit\u00e9 NDE","isPartOf":{"@id":"https:\/\/www.qnde.ca\/#website"},"primaryImageOfPage":{"@id":"https:\/\/www.qnde.ca\/fr\/produit\/tg900-fr\/#primaryimage"},"image":{"@id":"https:\/\/www.qnde.ca\/fr\/produit\/tg900-fr\/#primaryimage"},"thumbnailUrl":"https:\/\/www.qnde.ca\/wp-content\/uploads\/2016\/01\/Jauge---paisseur-pr--cis-TG900-Serie.jpg","datePublished":"2016-01-07T19:36:00+00:00","dateModified":"2025-08-07T15:42:44+00:00","description":"Mesureurs d\u2019\u00e9paisseur ultrasoniques de pr\u00e9cisions pouvant \u00eatre utilis\u00e9s pour des mesures de 0.0050 \u00e0 20.0000\" (0.0127 \u00e0 50.8cm).","breadcrumb":{"@id":"https:\/\/www.qnde.ca\/fr\/produit\/tg900-fr\/#breadcrumb"},"inLanguage":"fr-FR","potentialAction":[{"@type":"ReadAction","target":["https:\/\/www.qnde.ca\/fr\/produit\/tg900-fr\/"]}]},{"@type":"ImageObject","inLanguage":"fr-FR","@id":"https:\/\/www.qnde.ca\/fr\/produit\/tg900-fr\/#primaryimage","url":"https:\/\/www.qnde.ca\/wp-content\/uploads\/2016\/01\/Jauge---paisseur-pr--cis-TG900-Serie.jpg","contentUrl":"https:\/\/www.qnde.ca\/wp-content\/uploads\/2016\/01\/Jauge---paisseur-pr--cis-TG900-Serie.jpg","width":300,"height":220,"caption":"TG900 Serie, Precision Thickness Gauge."},{"@type":"BreadcrumbList","@id":"https:\/\/www.qnde.ca\/fr\/produit\/tg900-fr\/#breadcrumb","itemListElement":[{"@type":"ListItem","position":1,"name":"Accueil","item":"https:\/\/www.qnde.ca\/fr\/"},{"@type":"ListItem","position":2,"name":"Produits","item":"https:\/\/www.qnde.ca\/fr\/produits\/"},{"@type":"ListItem","position":3,"name":"Ultrasons","item":"https:\/\/www.qnde.ca\/fr\/product-category\/ultrasons\/"},{"@type":"ListItem","position":4,"name":"Mesureurs d\u2019\u00c9paisseur","item":"https:\/\/www.qnde.ca\/fr\/product-category\/ultrasons\/mesureurs-epaisseur\/"},{"@type":"ListItem","position":5,"name":"NDT Systems TG900 Mesureur d\u2019\u00c9paisseur de Pr\u00e9cision"}]},{"@type":"WebSite","@id":"https:\/\/www.qnde.ca\/#website","url":"https:\/\/www.qnde.ca\/","name":"Qualit\u00e9 NDE","description":"\u00c9quipements d&#039;essais non destructifs ","publisher":{"@id":"https:\/\/www.qnde.ca\/#organization"},"potentialAction":[{"@type":"SearchAction","target":{"@type":"EntryPoint","urlTemplate":"https:\/\/www.qnde.ca\/?s={search_term_string}"},"query-input":{"@type":"PropertyValueSpecification","valueRequired":true,"valueName":"search_term_string"}}],"inLanguage":"fr-FR"},{"@type":"Organization","@id":"https:\/\/www.qnde.ca\/#organization","name":"Quality NDT Ltd.","url":"https:\/\/www.qnde.ca\/","logo":{"@type":"ImageObject","inLanguage":"fr-FR","@id":"https:\/\/www.qnde.ca\/#\/schema\/logo\/image\/","url":"https:\/\/www.qnde.ca\/wp-content\/uploads\/2022\/02\/QNDE_logo_RGB-gif.gif","contentUrl":"https:\/\/www.qnde.ca\/wp-content\/uploads\/2022\/02\/QNDE_logo_RGB-gif.gif","width":250,"height":64,"caption":"Quality NDT Ltd."},"image":{"@id":"https:\/\/www.qnde.ca\/#\/schema\/logo\/image\/"},"sameAs":["https:\/\/www.linkedin.com\/company\/qnde\/about\/?viewAsMember=true"]}]}},"jetpack_sharing_enabled":true,"_links":{"self":[{"href":"https:\/\/www.qnde.ca\/fr\/wp-json\/wp\/v2\/product\/3971","targetHints":{"allow":["GET"]}}],"collection":[{"href":"https:\/\/www.qnde.ca\/fr\/wp-json\/wp\/v2\/product"}],"about":[{"href":"https:\/\/www.qnde.ca\/fr\/wp-json\/wp\/v2\/types\/product"}],"wp:featuredmedia":[{"embeddable":true,"href":"https:\/\/www.qnde.ca\/fr\/wp-json\/wp\/v2\/media\/3973"}],"wp:attachment":[{"href":"https:\/\/www.qnde.ca\/fr\/wp-json\/wp\/v2\/media?parent=3971"}],"wp:term":[{"taxonomy":"product_brand","embeddable":true,"href":"https:\/\/www.qnde.ca\/fr\/wp-json\/wp\/v2\/product_brand?post=3971"},{"taxonomy":"product_cat","embeddable":true,"href":"https:\/\/www.qnde.ca\/fr\/wp-json\/wp\/v2\/product_cat?post=3971"},{"taxonomy":"product_tag","embeddable":true,"href":"https:\/\/www.qnde.ca\/fr\/wp-json\/wp\/v2\/product_tag?post=3971"}],"curies":[{"name":"wp","href":"https:\/\/api.w.org\/{rel}","templated":true}]}}