{"id":3952,"date":"2016-01-07T19:17:56","date_gmt":"2016-01-07T19:17:56","guid":{"rendered":"https:\/\/www.qnde.ca\/?post_type=product&#038;p=3952"},"modified":"2025-12-03T11:38:35","modified_gmt":"2025-12-03T16:38:35","slug":"sitescan500s-fr","status":"publish","type":"product","link":"https:\/\/www.qnde.ca\/fr\/produit\/sitescan500s-fr\/","title":{"rendered":"Sonatest Sitescan 500S, D\u00e9tecteur de D\u00e9fauts \u00e0 Ultrasons"},"content":{"rendered":"<h3><strong>Sonatest Sitescan 500S, D\u00e9tecteur de D\u00e9fauts \u00e0 Ultrasons<\/strong><\/h3>\n<p>Le Sitescan 500S offre \u00e0 l\u2019inspecteur un d\u00e9tecteur de d\u00e9fauts \u00e0 ultrasons de table \u00e0 large bande d&rsquo;entr\u00e9e de gamme avec un affichage VGA complet, pulseur de 200V de 50ns, r\u00e9solution du gain de 0.5dB.<\/p>\n<h4><strong>L\u2019ensemble de base inclut:<\/strong><\/h4>\n<p>D\u00e9tecteur de d\u00e9fauts \u00e0 ultrason de table, DAC, B-Scan, batterie, chargeur, sac de transport, protecteur pour fen\u00eatre d\u2019affichage, c\u00e2ble USB, manuel de l\u2019utilisateur, certificat de conformit\u00e9 et certificat d\u2019\u00e9talonnage.<\/p>\n<h4><strong>Options de logiciels:<\/strong><\/h4>\n<p>Split DAC, DGS\/AVG, TCG, Backwall Echo Attenuation, AWS, API, d\u00e9clencheur d&rsquo;interface, Corrosion B\/Scan, fonction Dryscan.<\/p>\n<p>Contactez-nous pour discuter de votre application, vos exigences, options disponibles et\/ou recevoir une soumission.<\/p>\n<p>&nbsp;<\/p>\n<ul>\n<li>500S: Sonatest Sitescan 500S, d\u00e9tecteur de d\u00e9fauts \u00e0 ultrason de table, syst\u00e8me complet \u2013 connecteur BNC.<\/li>\n<li><a href=\"https:\/\/www.qnde.ca\/fr\/produit\/sitescan-d50-fr\/\">D-50<\/a>: Sonatest Sitescan D-50, d\u00e9tecteur de d\u00e9fauts \u00e0 ultrason portatif, syst\u00e8me complet \u2013 connecteur BNC.<\/li>\n<\/ul>\n<h4><\/h4>\n","protected":false},"excerpt":{"rendered":"<p>Sonatest Sitescan 500S, D\u00e9tecteur de D\u00e9fauts \u00e0 Ultrasons Le Sitescan 500S offre \u00e0 l\u2019inspecteur un d\u00e9tecteur de d\u00e9fauts \u00e0 ultrasons de table \u00e0 large bande d&rsquo;entr\u00e9e de gamme avec un affichage VGA complet, pulseur de 200V de 50ns, r\u00e9solution du gain de 0.5dB. L\u2019ensemble de base inclut: D\u00e9tecteur de d\u00e9fauts \u00e0 ultrason de table, DAC, [&hellip;]<\/p>\n","protected":false},"featured_media":7586,"template":"","meta":{"_monsterinsights_skip_tracking":false,"_monsterinsights_sitenote_active":false,"_monsterinsights_sitenote_note":"","_monsterinsights_sitenote_category":0},"product_brand":[],"product_cat":[401,125],"product_tag":[],"class_list":{"0":"post-3952","1":"product","2":"type-product","3":"status-publish","4":"has-post-thumbnail","6":"product_cat-sonatest-fr","7":"product_cat-detecteurs-defauts","9":"first","10":"instock","11":"shipping-taxable","12":"purchasable","13":"product-type-variable"},"yoast_head":"<!-- This site is optimized with the Yoast SEO plugin v23.9 - https:\/\/yoast.com\/wordpress\/plugins\/seo\/ -->\n<title>Sonatest Sitescan 500S, D\u00e9tecteur de D\u00e9fauts \u00e0 Ultrasons &#060; Qualit\u00e9 NDE<\/title>\n<meta name=\"description\" content=\"D\u00e9tecteur de d\u00e9fauts \u00e0 ultrasons de table \u00e0 large bande d&#039;entr\u00e9e de gamme avec affichage VGA complet, pulseur de 200V de 50ns, r\u00e9solution du gain de 0.5dB.\" \/>\n<meta name=\"robots\" content=\"index, follow, max-snippet:-1, max-image-preview:large, max-video-preview:-1\" \/>\n<link rel=\"canonical\" href=\"https:\/\/www.qnde.ca\/fr\/produit\/sitescan500s-fr\/\" \/>\n<meta name=\"twitter:label1\" content=\"Dur\u00e9e de lecture estim\u00e9e\" \/>\n\t<meta name=\"twitter:data1\" content=\"1 minute\" \/>\n<script type=\"application\/ld+json\" class=\"yoast-schema-graph\">{\"@context\":\"https:\/\/schema.org\",\"@graph\":[{\"@type\":[\"WebPage\",\"ItemPage\"],\"@id\":\"https:\/\/www.qnde.ca\/fr\/produit\/sitescan500s-fr\/\",\"url\":\"https:\/\/www.qnde.ca\/fr\/produit\/sitescan500s-fr\/\",\"name\":\"Sonatest Sitescan 500S, D\u00e9tecteur de D\u00e9fauts \u00e0 Ultrasons &#060; Qualit\u00e9 NDE\",\"isPartOf\":{\"@id\":\"https:\/\/www.qnde.ca\/#website\"},\"primaryImageOfPage\":{\"@id\":\"https:\/\/www.qnde.ca\/fr\/produit\/sitescan500s-fr\/#primaryimage\"},\"image\":{\"@id\":\"https:\/\/www.qnde.ca\/fr\/produit\/sitescan500s-fr\/#primaryimage\"},\"thumbnailUrl\":\"https:\/\/www.qnde.ca\/wp-content\/uploads\/2016\/01\/Sitescan-500S.jpg\",\"datePublished\":\"2016-01-07T19:17:56+00:00\",\"dateModified\":\"2025-12-03T16:38:35+00:00\",\"description\":\"D\u00e9tecteur de d\u00e9fauts \u00e0 ultrasons de table \u00e0 large bande d'entr\u00e9e de gamme avec affichage VGA complet, pulseur de 200V de 50ns, r\u00e9solution du gain de 0.5dB.\",\"breadcrumb\":{\"@id\":\"https:\/\/www.qnde.ca\/fr\/produit\/sitescan500s-fr\/#breadcrumb\"},\"inLanguage\":\"fr-FR\",\"potentialAction\":[{\"@type\":\"ReadAction\",\"target\":[\"https:\/\/www.qnde.ca\/fr\/produit\/sitescan500s-fr\/\"]}]},{\"@type\":\"ImageObject\",\"inLanguage\":\"fr-FR\",\"@id\":\"https:\/\/www.qnde.ca\/fr\/produit\/sitescan500s-fr\/#primaryimage\",\"url\":\"https:\/\/www.qnde.ca\/wp-content\/uploads\/2016\/01\/Sitescan-500S.jpg\",\"contentUrl\":\"https:\/\/www.qnde.ca\/wp-content\/uploads\/2016\/01\/Sitescan-500S.jpg\",\"width\":550,\"height\":424,\"caption\":\"500S: Sonatest Sitescan D-50, tabletop flaw detector complete system - BNC connectors\"},{\"@type\":\"BreadcrumbList\",\"@id\":\"https:\/\/www.qnde.ca\/fr\/produit\/sitescan500s-fr\/#breadcrumb\",\"itemListElement\":[{\"@type\":\"ListItem\",\"position\":1,\"name\":\"Accueil\",\"item\":\"https:\/\/www.qnde.ca\/fr\/\"},{\"@type\":\"ListItem\",\"position\":2,\"name\":\"Produits\",\"item\":\"https:\/\/www.qnde.ca\/fr\/produits\/\"},{\"@type\":\"ListItem\",\"position\":3,\"name\":\"Marques\",\"item\":\"https:\/\/www.qnde.ca\/fr\/product-category\/marques\/\"},{\"@type\":\"ListItem\",\"position\":4,\"name\":\"Sonatest\",\"item\":\"https:\/\/www.qnde.ca\/fr\/product-category\/marques\/sonatest-fr\/\"},{\"@type\":\"ListItem\",\"position\":5,\"name\":\"Sonatest Sitescan 500S, D\u00e9tecteur de D\u00e9fauts \u00e0 Ultrasons\"}]},{\"@type\":\"WebSite\",\"@id\":\"https:\/\/www.qnde.ca\/#website\",\"url\":\"https:\/\/www.qnde.ca\/\",\"name\":\"Qualit\u00e9 NDE\",\"description\":\"\u00c9quipements d&#039;essais non destructifs \",\"publisher\":{\"@id\":\"https:\/\/www.qnde.ca\/#organization\"},\"potentialAction\":[{\"@type\":\"SearchAction\",\"target\":{\"@type\":\"EntryPoint\",\"urlTemplate\":\"https:\/\/www.qnde.ca\/?s={search_term_string}\"},\"query-input\":{\"@type\":\"PropertyValueSpecification\",\"valueRequired\":true,\"valueName\":\"search_term_string\"}}],\"inLanguage\":\"fr-FR\"},{\"@type\":\"Organization\",\"@id\":\"https:\/\/www.qnde.ca\/#organization\",\"name\":\"Quality NDT Ltd.\",\"url\":\"https:\/\/www.qnde.ca\/\",\"logo\":{\"@type\":\"ImageObject\",\"inLanguage\":\"fr-FR\",\"@id\":\"https:\/\/www.qnde.ca\/#\/schema\/logo\/image\/\",\"url\":\"https:\/\/www.qnde.ca\/wp-content\/uploads\/2022\/02\/QNDE_logo_RGB-gif.gif\",\"contentUrl\":\"https:\/\/www.qnde.ca\/wp-content\/uploads\/2022\/02\/QNDE_logo_RGB-gif.gif\",\"width\":250,\"height\":64,\"caption\":\"Quality NDT Ltd.\"},\"image\":{\"@id\":\"https:\/\/www.qnde.ca\/#\/schema\/logo\/image\/\"},\"sameAs\":[\"https:\/\/www.linkedin.com\/company\/qnde\/about\/?viewAsMember=true\"]}]}<\/script>\n<!-- \/ Yoast SEO plugin. -->","yoast_head_json":{"title":"Sonatest Sitescan 500S, D\u00e9tecteur de D\u00e9fauts \u00e0 Ultrasons &#060; Qualit\u00e9 NDE","description":"D\u00e9tecteur de d\u00e9fauts \u00e0 ultrasons de table \u00e0 large bande d'entr\u00e9e de gamme avec affichage VGA complet, pulseur de 200V de 50ns, r\u00e9solution du gain de 0.5dB.","robots":{"index":"index","follow":"follow","max-snippet":"max-snippet:-1","max-image-preview":"max-image-preview:large","max-video-preview":"max-video-preview:-1"},"canonical":"https:\/\/www.qnde.ca\/fr\/produit\/sitescan500s-fr\/","twitter_misc":{"Dur\u00e9e de lecture estim\u00e9e":"1 minute"},"schema":{"@context":"https:\/\/schema.org","@graph":[{"@type":["WebPage","ItemPage"],"@id":"https:\/\/www.qnde.ca\/fr\/produit\/sitescan500s-fr\/","url":"https:\/\/www.qnde.ca\/fr\/produit\/sitescan500s-fr\/","name":"Sonatest Sitescan 500S, D\u00e9tecteur de D\u00e9fauts \u00e0 Ultrasons &#060; Qualit\u00e9 NDE","isPartOf":{"@id":"https:\/\/www.qnde.ca\/#website"},"primaryImageOfPage":{"@id":"https:\/\/www.qnde.ca\/fr\/produit\/sitescan500s-fr\/#primaryimage"},"image":{"@id":"https:\/\/www.qnde.ca\/fr\/produit\/sitescan500s-fr\/#primaryimage"},"thumbnailUrl":"https:\/\/www.qnde.ca\/wp-content\/uploads\/2016\/01\/Sitescan-500S.jpg","datePublished":"2016-01-07T19:17:56+00:00","dateModified":"2025-12-03T16:38:35+00:00","description":"D\u00e9tecteur de d\u00e9fauts \u00e0 ultrasons de table \u00e0 large bande d'entr\u00e9e de gamme avec affichage VGA complet, pulseur de 200V de 50ns, r\u00e9solution du gain de 0.5dB.","breadcrumb":{"@id":"https:\/\/www.qnde.ca\/fr\/produit\/sitescan500s-fr\/#breadcrumb"},"inLanguage":"fr-FR","potentialAction":[{"@type":"ReadAction","target":["https:\/\/www.qnde.ca\/fr\/produit\/sitescan500s-fr\/"]}]},{"@type":"ImageObject","inLanguage":"fr-FR","@id":"https:\/\/www.qnde.ca\/fr\/produit\/sitescan500s-fr\/#primaryimage","url":"https:\/\/www.qnde.ca\/wp-content\/uploads\/2016\/01\/Sitescan-500S.jpg","contentUrl":"https:\/\/www.qnde.ca\/wp-content\/uploads\/2016\/01\/Sitescan-500S.jpg","width":550,"height":424,"caption":"500S: Sonatest Sitescan D-50, tabletop flaw detector complete system - BNC connectors"},{"@type":"BreadcrumbList","@id":"https:\/\/www.qnde.ca\/fr\/produit\/sitescan500s-fr\/#breadcrumb","itemListElement":[{"@type":"ListItem","position":1,"name":"Accueil","item":"https:\/\/www.qnde.ca\/fr\/"},{"@type":"ListItem","position":2,"name":"Produits","item":"https:\/\/www.qnde.ca\/fr\/produits\/"},{"@type":"ListItem","position":3,"name":"Marques","item":"https:\/\/www.qnde.ca\/fr\/product-category\/marques\/"},{"@type":"ListItem","position":4,"name":"Sonatest","item":"https:\/\/www.qnde.ca\/fr\/product-category\/marques\/sonatest-fr\/"},{"@type":"ListItem","position":5,"name":"Sonatest Sitescan 500S, D\u00e9tecteur de D\u00e9fauts \u00e0 Ultrasons"}]},{"@type":"WebSite","@id":"https:\/\/www.qnde.ca\/#website","url":"https:\/\/www.qnde.ca\/","name":"Qualit\u00e9 NDE","description":"\u00c9quipements d&#039;essais non destructifs ","publisher":{"@id":"https:\/\/www.qnde.ca\/#organization"},"potentialAction":[{"@type":"SearchAction","target":{"@type":"EntryPoint","urlTemplate":"https:\/\/www.qnde.ca\/?s={search_term_string}"},"query-input":{"@type":"PropertyValueSpecification","valueRequired":true,"valueName":"search_term_string"}}],"inLanguage":"fr-FR"},{"@type":"Organization","@id":"https:\/\/www.qnde.ca\/#organization","name":"Quality NDT Ltd.","url":"https:\/\/www.qnde.ca\/","logo":{"@type":"ImageObject","inLanguage":"fr-FR","@id":"https:\/\/www.qnde.ca\/#\/schema\/logo\/image\/","url":"https:\/\/www.qnde.ca\/wp-content\/uploads\/2022\/02\/QNDE_logo_RGB-gif.gif","contentUrl":"https:\/\/www.qnde.ca\/wp-content\/uploads\/2022\/02\/QNDE_logo_RGB-gif.gif","width":250,"height":64,"caption":"Quality NDT Ltd."},"image":{"@id":"https:\/\/www.qnde.ca\/#\/schema\/logo\/image\/"},"sameAs":["https:\/\/www.linkedin.com\/company\/qnde\/about\/?viewAsMember=true"]}]}},"jetpack_sharing_enabled":true,"_links":{"self":[{"href":"https:\/\/www.qnde.ca\/fr\/wp-json\/wp\/v2\/product\/3952","targetHints":{"allow":["GET"]}}],"collection":[{"href":"https:\/\/www.qnde.ca\/fr\/wp-json\/wp\/v2\/product"}],"about":[{"href":"https:\/\/www.qnde.ca\/fr\/wp-json\/wp\/v2\/types\/product"}],"wp:featuredmedia":[{"embeddable":true,"href":"https:\/\/www.qnde.ca\/fr\/wp-json\/wp\/v2\/media\/7586"}],"wp:attachment":[{"href":"https:\/\/www.qnde.ca\/fr\/wp-json\/wp\/v2\/media?parent=3952"}],"wp:term":[{"taxonomy":"product_brand","embeddable":true,"href":"https:\/\/www.qnde.ca\/fr\/wp-json\/wp\/v2\/product_brand?post=3952"},{"taxonomy":"product_cat","embeddable":true,"href":"https:\/\/www.qnde.ca\/fr\/wp-json\/wp\/v2\/product_cat?post=3952"},{"taxonomy":"product_tag","embeddable":true,"href":"https:\/\/www.qnde.ca\/fr\/wp-json\/wp\/v2\/product_tag?post=3952"}],"curies":[{"name":"wp","href":"https:\/\/api.w.org\/{rel}","templated":true}]}}