{"id":3946,"date":"2016-01-07T19:14:39","date_gmt":"2016-01-07T19:14:39","guid":{"rendered":"https:\/\/www.qnde.ca\/?post_type=product&#038;p=3946"},"modified":"2025-06-04T13:54:54","modified_gmt":"2025-06-04T17:54:54","slug":"masterscan-700m-fr","status":"publish","type":"product","link":"https:\/\/www.qnde.ca\/fr\/produit\/masterscan-700m-fr\/","title":{"rendered":"Sonatest Masterscan 700M, D\u00e9tecteur de D\u00e9fauts \u00e0 Ultrasons"},"content":{"rendered":"<h3><strong>Sonatest Masterscan 700M, D\u00e9tecteur de D\u00e9fauts \u00e0 Ultrasons<\/strong><\/h3>\n<p>Le Mastercan 700M offre \u00e0 l\u2019inspecteur un ensemble complet et fonctionnel d&rsquo;outils et de logiciels pour l&rsquo;inspection dans toutes les applications.<\/p>\n<ul>\n<li>L\u2019ensemble de base inclut: d\u00e9tecteur de d\u00e9fauts \u00e0 ultrason de table, DAC, AVG, DGS, B-Scan encod\u00e9, fonction dryscan, enregistrement de l&rsquo;\u00e9paisseur avanc\u00e9, sortie vid\u00e9o pour la formation, batterie, chargeur, sac de transport, protecteur pour l\u2019\u00e9cran, c\u00e2ble USB, manuel de l\u2019utilisateur, certificat de conformit\u00e9 et certificat d\u2019\u00e9talonnage.<\/li>\n<li>Options de logiciels:\n<ul>\n<li>Split DAC, DGS\/AVG, TCG, Backwall Echo Attenuation, AWS, API, d\u00e9clencheur d&rsquo;interface, Corrosion B\/Scan, fonction Dryscan.<\/li>\n<\/ul>\n<\/li>\n<\/ul>\n<p>Contactez-nous pour discuter de votre application, vos exigences, options disponibles et\/ou recevoir une soumission.<\/p>\n<ul>\n<li>700M: Sonatest Masterscan 700M, d\u00e9tecteur de d\u00e9fauts \u00e0 ultrason de table, syst\u00e8me complet \u2013 connecteur BNC.<\/li>\n<li>D-70: Sonatest Masterscan D-70, d\u00e9tecteur de d\u00e9fauts \u00e0 ultrason portatif, syst\u00e8me complet \u2013 connecteur BNC.<\/li>\n<\/ul>\n","protected":false},"excerpt":{"rendered":"<p>Sonatest Masterscan 700M, D\u00e9tecteur de D\u00e9fauts \u00e0 Ultrasons Le Mastercan 700M offre \u00e0 l\u2019inspecteur un ensemble complet et fonctionnel d&rsquo;outils et de logiciels pour l&rsquo;inspection dans toutes les applications. L\u2019ensemble de base inclut: d\u00e9tecteur de d\u00e9fauts \u00e0 ultrason de table, DAC, AVG, DGS, B-Scan encod\u00e9, fonction dryscan, enregistrement de l&rsquo;\u00e9paisseur avanc\u00e9, sortie vid\u00e9o pour la [&hellip;]<\/p>\n","protected":false},"featured_media":7580,"template":"","meta":{"_monsterinsights_skip_tracking":false,"_monsterinsights_sitenote_active":false,"_monsterinsights_sitenote_note":"","_monsterinsights_sitenote_category":0},"product_brand":[],"product_cat":[401,125],"product_tag":[],"class_list":{"0":"post-3946","1":"product","2":"type-product","3":"status-publish","4":"has-post-thumbnail","6":"product_cat-sonatest-fr","7":"product_cat-detecteurs-defauts","9":"first","10":"instock","11":"shipping-taxable","12":"purchasable","13":"product-type-variable"},"yoast_head":"<!-- This site is optimized with the Yoast SEO plugin v23.9 - https:\/\/yoast.com\/wordpress\/plugins\/seo\/ -->\n<title>Sonatest Masterscan 700M, D\u00e9tecteur de D\u00e9fauts \u00e0 Ultrasons &#060; Qualit\u00e9 NDE<\/title>\n<meta name=\"description\" content=\"Le Mastercan 700M offre \u00e0 l\u2019inspecteur un ensemble complet et fonctionnel d&#039;outils et de logiciels pour l&#039;inspection dans toutes les applications.\" \/>\n<meta name=\"robots\" content=\"index, follow, max-snippet:-1, max-image-preview:large, max-video-preview:-1\" \/>\n<link rel=\"canonical\" href=\"https:\/\/www.qnde.ca\/fr\/produit\/masterscan-700m-fr\/\" \/>\n<meta name=\"twitter:label1\" content=\"Dur\u00e9e de lecture estim\u00e9e\" \/>\n\t<meta name=\"twitter:data1\" content=\"1 minute\" \/>\n<script type=\"application\/ld+json\" class=\"yoast-schema-graph\">{\"@context\":\"https:\/\/schema.org\",\"@graph\":[{\"@type\":[\"WebPage\",\"ItemPage\"],\"@id\":\"https:\/\/www.qnde.ca\/fr\/produit\/masterscan-700m-fr\/\",\"url\":\"https:\/\/www.qnde.ca\/fr\/produit\/masterscan-700m-fr\/\",\"name\":\"Sonatest Masterscan 700M, D\u00e9tecteur de D\u00e9fauts \u00e0 Ultrasons &#060; Qualit\u00e9 NDE\",\"isPartOf\":{\"@id\":\"https:\/\/www.qnde.ca\/#website\"},\"primaryImageOfPage\":{\"@id\":\"https:\/\/www.qnde.ca\/fr\/produit\/masterscan-700m-fr\/#primaryimage\"},\"image\":{\"@id\":\"https:\/\/www.qnde.ca\/fr\/produit\/masterscan-700m-fr\/#primaryimage\"},\"thumbnailUrl\":\"https:\/\/www.qnde.ca\/wp-content\/uploads\/2016\/01\/Masterscan-700M_Split-DGS-BNC-scaled-scaled.jpg\",\"datePublished\":\"2016-01-07T19:14:39+00:00\",\"dateModified\":\"2025-06-04T17:54:54+00:00\",\"description\":\"Le Mastercan 700M offre \u00e0 l\u2019inspecteur un ensemble complet et fonctionnel d'outils et de logiciels pour l'inspection dans toutes les applications.\",\"breadcrumb\":{\"@id\":\"https:\/\/www.qnde.ca\/fr\/produit\/masterscan-700m-fr\/#breadcrumb\"},\"inLanguage\":\"fr-FR\",\"potentialAction\":[{\"@type\":\"ReadAction\",\"target\":[\"https:\/\/www.qnde.ca\/fr\/produit\/masterscan-700m-fr\/\"]}]},{\"@type\":\"ImageObject\",\"inLanguage\":\"fr-FR\",\"@id\":\"https:\/\/www.qnde.ca\/fr\/produit\/masterscan-700m-fr\/#primaryimage\",\"url\":\"https:\/\/www.qnde.ca\/wp-content\/uploads\/2016\/01\/Masterscan-700M_Split-DGS-BNC-scaled-scaled.jpg\",\"contentUrl\":\"https:\/\/www.qnde.ca\/wp-content\/uploads\/2016\/01\/Masterscan-700M_Split-DGS-BNC-scaled-scaled.jpg\",\"width\":2048,\"height\":1582,\"caption\":\"700M: Sonatest Masterscan D-70, tabletop flaw detector complete system - BNC connectors.\"},{\"@type\":\"BreadcrumbList\",\"@id\":\"https:\/\/www.qnde.ca\/fr\/produit\/masterscan-700m-fr\/#breadcrumb\",\"itemListElement\":[{\"@type\":\"ListItem\",\"position\":1,\"name\":\"Accueil\",\"item\":\"https:\/\/www.qnde.ca\/fr\/\"},{\"@type\":\"ListItem\",\"position\":2,\"name\":\"Produits\",\"item\":\"https:\/\/www.qnde.ca\/fr\/produits\/\"},{\"@type\":\"ListItem\",\"position\":3,\"name\":\"Marques\",\"item\":\"https:\/\/www.qnde.ca\/fr\/product-category\/marques\/\"},{\"@type\":\"ListItem\",\"position\":4,\"name\":\"Sonatest\",\"item\":\"https:\/\/www.qnde.ca\/fr\/product-category\/marques\/sonatest-fr\/\"},{\"@type\":\"ListItem\",\"position\":5,\"name\":\"Sonatest Masterscan 700M, D\u00e9tecteur de D\u00e9fauts \u00e0 Ultrasons\"}]},{\"@type\":\"WebSite\",\"@id\":\"https:\/\/www.qnde.ca\/#website\",\"url\":\"https:\/\/www.qnde.ca\/\",\"name\":\"Qualit\u00e9 NDE\",\"description\":\"\u00c9quipements d&#039;essais non destructifs \",\"publisher\":{\"@id\":\"https:\/\/www.qnde.ca\/#organization\"},\"potentialAction\":[{\"@type\":\"SearchAction\",\"target\":{\"@type\":\"EntryPoint\",\"urlTemplate\":\"https:\/\/www.qnde.ca\/?s={search_term_string}\"},\"query-input\":{\"@type\":\"PropertyValueSpecification\",\"valueRequired\":true,\"valueName\":\"search_term_string\"}}],\"inLanguage\":\"fr-FR\"},{\"@type\":\"Organization\",\"@id\":\"https:\/\/www.qnde.ca\/#organization\",\"name\":\"Quality NDT Ltd.\",\"url\":\"https:\/\/www.qnde.ca\/\",\"logo\":{\"@type\":\"ImageObject\",\"inLanguage\":\"fr-FR\",\"@id\":\"https:\/\/www.qnde.ca\/#\/schema\/logo\/image\/\",\"url\":\"https:\/\/www.qnde.ca\/wp-content\/uploads\/2022\/02\/QNDE_logo_RGB-gif.gif\",\"contentUrl\":\"https:\/\/www.qnde.ca\/wp-content\/uploads\/2022\/02\/QNDE_logo_RGB-gif.gif\",\"width\":250,\"height\":64,\"caption\":\"Quality NDT Ltd.\"},\"image\":{\"@id\":\"https:\/\/www.qnde.ca\/#\/schema\/logo\/image\/\"},\"sameAs\":[\"https:\/\/www.linkedin.com\/company\/qnde\/about\/?viewAsMember=true\"]}]}<\/script>\n<!-- \/ Yoast SEO plugin. -->","yoast_head_json":{"title":"Sonatest Masterscan 700M, D\u00e9tecteur de D\u00e9fauts \u00e0 Ultrasons &#060; Qualit\u00e9 NDE","description":"Le Mastercan 700M offre \u00e0 l\u2019inspecteur un ensemble complet et fonctionnel d'outils et de logiciels pour l'inspection dans toutes les applications.","robots":{"index":"index","follow":"follow","max-snippet":"max-snippet:-1","max-image-preview":"max-image-preview:large","max-video-preview":"max-video-preview:-1"},"canonical":"https:\/\/www.qnde.ca\/fr\/produit\/masterscan-700m-fr\/","twitter_misc":{"Dur\u00e9e de lecture estim\u00e9e":"1 minute"},"schema":{"@context":"https:\/\/schema.org","@graph":[{"@type":["WebPage","ItemPage"],"@id":"https:\/\/www.qnde.ca\/fr\/produit\/masterscan-700m-fr\/","url":"https:\/\/www.qnde.ca\/fr\/produit\/masterscan-700m-fr\/","name":"Sonatest Masterscan 700M, D\u00e9tecteur de D\u00e9fauts \u00e0 Ultrasons &#060; Qualit\u00e9 NDE","isPartOf":{"@id":"https:\/\/www.qnde.ca\/#website"},"primaryImageOfPage":{"@id":"https:\/\/www.qnde.ca\/fr\/produit\/masterscan-700m-fr\/#primaryimage"},"image":{"@id":"https:\/\/www.qnde.ca\/fr\/produit\/masterscan-700m-fr\/#primaryimage"},"thumbnailUrl":"https:\/\/www.qnde.ca\/wp-content\/uploads\/2016\/01\/Masterscan-700M_Split-DGS-BNC-scaled-scaled.jpg","datePublished":"2016-01-07T19:14:39+00:00","dateModified":"2025-06-04T17:54:54+00:00","description":"Le Mastercan 700M offre \u00e0 l\u2019inspecteur un ensemble complet et fonctionnel d'outils et de logiciels pour l'inspection dans toutes les applications.","breadcrumb":{"@id":"https:\/\/www.qnde.ca\/fr\/produit\/masterscan-700m-fr\/#breadcrumb"},"inLanguage":"fr-FR","potentialAction":[{"@type":"ReadAction","target":["https:\/\/www.qnde.ca\/fr\/produit\/masterscan-700m-fr\/"]}]},{"@type":"ImageObject","inLanguage":"fr-FR","@id":"https:\/\/www.qnde.ca\/fr\/produit\/masterscan-700m-fr\/#primaryimage","url":"https:\/\/www.qnde.ca\/wp-content\/uploads\/2016\/01\/Masterscan-700M_Split-DGS-BNC-scaled-scaled.jpg","contentUrl":"https:\/\/www.qnde.ca\/wp-content\/uploads\/2016\/01\/Masterscan-700M_Split-DGS-BNC-scaled-scaled.jpg","width":2048,"height":1582,"caption":"700M: Sonatest Masterscan D-70, tabletop flaw detector complete system - BNC connectors."},{"@type":"BreadcrumbList","@id":"https:\/\/www.qnde.ca\/fr\/produit\/masterscan-700m-fr\/#breadcrumb","itemListElement":[{"@type":"ListItem","position":1,"name":"Accueil","item":"https:\/\/www.qnde.ca\/fr\/"},{"@type":"ListItem","position":2,"name":"Produits","item":"https:\/\/www.qnde.ca\/fr\/produits\/"},{"@type":"ListItem","position":3,"name":"Marques","item":"https:\/\/www.qnde.ca\/fr\/product-category\/marques\/"},{"@type":"ListItem","position":4,"name":"Sonatest","item":"https:\/\/www.qnde.ca\/fr\/product-category\/marques\/sonatest-fr\/"},{"@type":"ListItem","position":5,"name":"Sonatest Masterscan 700M, D\u00e9tecteur de D\u00e9fauts \u00e0 Ultrasons"}]},{"@type":"WebSite","@id":"https:\/\/www.qnde.ca\/#website","url":"https:\/\/www.qnde.ca\/","name":"Qualit\u00e9 NDE","description":"\u00c9quipements d&#039;essais non destructifs ","publisher":{"@id":"https:\/\/www.qnde.ca\/#organization"},"potentialAction":[{"@type":"SearchAction","target":{"@type":"EntryPoint","urlTemplate":"https:\/\/www.qnde.ca\/?s={search_term_string}"},"query-input":{"@type":"PropertyValueSpecification","valueRequired":true,"valueName":"search_term_string"}}],"inLanguage":"fr-FR"},{"@type":"Organization","@id":"https:\/\/www.qnde.ca\/#organization","name":"Quality NDT Ltd.","url":"https:\/\/www.qnde.ca\/","logo":{"@type":"ImageObject","inLanguage":"fr-FR","@id":"https:\/\/www.qnde.ca\/#\/schema\/logo\/image\/","url":"https:\/\/www.qnde.ca\/wp-content\/uploads\/2022\/02\/QNDE_logo_RGB-gif.gif","contentUrl":"https:\/\/www.qnde.ca\/wp-content\/uploads\/2022\/02\/QNDE_logo_RGB-gif.gif","width":250,"height":64,"caption":"Quality NDT Ltd."},"image":{"@id":"https:\/\/www.qnde.ca\/#\/schema\/logo\/image\/"},"sameAs":["https:\/\/www.linkedin.com\/company\/qnde\/about\/?viewAsMember=true"]}]}},"jetpack_sharing_enabled":true,"_links":{"self":[{"href":"https:\/\/www.qnde.ca\/fr\/wp-json\/wp\/v2\/product\/3946","targetHints":{"allow":["GET"]}}],"collection":[{"href":"https:\/\/www.qnde.ca\/fr\/wp-json\/wp\/v2\/product"}],"about":[{"href":"https:\/\/www.qnde.ca\/fr\/wp-json\/wp\/v2\/types\/product"}],"wp:featuredmedia":[{"embeddable":true,"href":"https:\/\/www.qnde.ca\/fr\/wp-json\/wp\/v2\/media\/7580"}],"wp:attachment":[{"href":"https:\/\/www.qnde.ca\/fr\/wp-json\/wp\/v2\/media?parent=3946"}],"wp:term":[{"taxonomy":"product_brand","embeddable":true,"href":"https:\/\/www.qnde.ca\/fr\/wp-json\/wp\/v2\/product_brand?post=3946"},{"taxonomy":"product_cat","embeddable":true,"href":"https:\/\/www.qnde.ca\/fr\/wp-json\/wp\/v2\/product_cat?post=3946"},{"taxonomy":"product_tag","embeddable":true,"href":"https:\/\/www.qnde.ca\/fr\/wp-json\/wp\/v2\/product_tag?post=3946"}],"curies":[{"name":"wp","href":"https:\/\/api.w.org\/{rel}","templated":true}]}}