{"id":3925,"date":"2016-01-07T18:59:14","date_gmt":"2016-01-07T18:59:14","guid":{"rendered":"https:\/\/www.qnde.ca\/?post_type=product&#038;p=3925"},"modified":"2025-08-20T11:27:51","modified_gmt":"2025-08-20T15:27:51","slug":"positector6000-fr","status":"publish","type":"product","link":"https:\/\/www.qnde.ca\/fr\/produit\/positector6000-fr\/","title":{"rendered":"Defelsko PosiTector 6000 Mesureur d&rsquo;\u00c9paisseur de Rev\u00eatement"},"content":{"rendered":"<h3><strong>Defelsko <\/strong><strong>PosiTector 6000 Mesureur d&rsquo;\u00c9paisseur de Rev\u00eatement<\/strong><\/h3>\n<p>Mesureur d&rsquo;\u00e9paisseur de rev\u00eatement robuste, enti\u00e8rement \u00e9lectronique, disponible en plusieurs mod\u00e8les pour mesurer l\u2019\u00e9paisseur de rev\u00eatement sur des m\u00e9taux ferreux et non-ferreux, avec pr\u00e9cision et rapidit\u00e9. L\u2019unit\u00e9 de contr\u00f4le PosiTector accepte toutes les sondes PosiTector. Il convertit votre mesureur d&rsquo;\u00e9paisseur de rev\u00eatement en un mesureur du point de ros\u00e9e. Il mesure les\u00a0 profils de surface, durom\u00e8tre Shore, mesureur d&rsquo;\u00e9paisseur et plus (voir le tableau de compatibilit\u00e9 des sondes ci-joint).<\/p>\n<p>Connexion USB, Wifi et Bluetooth au logiciel PosiSoft PC, MAC et t\u00e9l\u00e9phone intelligent. Durable, il est r\u00e9sistant aux solvants, acides, huiles, \u00e9tanche \u00e0 l&rsquo;eau et \u00e0 la poussi\u00e8re (IP65), il est livr\u00e9 avec une garantie de 2 ans.<\/p>\n<h4><strong>Ensemble de base inclut: <\/strong><\/h4>\n<ul>\n<li>Unit\u00e9 de contr\u00f4le PosiTector 6000.<\/li>\n<li>sonde PosiTector (selon l\u2019ensemble command\u00e9).<\/li>\n<li>avec c\u00e2ble de 4 pieds (1.2m).<\/li>\n<li>\u00e9talon de plastique.<\/li>\n<li>\u00e9tui de protection en caoutchouc avec sangle de ceinture.<\/li>\n<li>dragonne.<\/li>\n<li>trois batteries alcaline AAA.<\/li>\n<li>c\u00e2ble USB.<\/li>\n<li>logiciel PosiSoft.<\/li>\n<li>manuel de l\u2019utilisateur.<\/li>\n<li>certificat d\u2019\u00e9talonnage.<\/li>\n<li>valise de transport rigide.<\/li>\n<\/ul>\n<p>SEULS les mesureurs de rev\u00eatement courants sont \u00e9num\u00e9r\u00e9s ci-dessous. D\u2019autres sont aussi disponibles &#8211; sp\u00e9cifiez le mat\u00e9riel du rev\u00eatement, l&rsquo;\u00e9paisseur du rev\u00eatement, le substrat, le style de la sonde et le type de connecteur.<\/p>\n<ul>\n<li>6000-FS1: POSITECTOR 6000 pour rev\u00eatement non-magn\u00e9tique (0 \u00e0 60 mils) sur m\u00e9taux ferreux avec sonde externe \u2013 m\u00e9moire pour 1,000 lectures.<\/li>\n<li>6000-FS3: Advanced POSITECTOR 6000 pour rev\u00eatement non-magn\u00e9tique (0 \u00e0 60 mils) sur m\u00e9taux ferreux avec sonde s\u00e9par\u00e9e \u2013 m\u00e9moire de 250,000 lectures.<\/li>\n<li>6000-NS1: POSITECTOR 6000 pour rev\u00eatement non-conducteur (0 \u00e0 60 mils) sur m\u00e9taux non-ferreux avec sonde s\u00e9par\u00e9e \u2013 m\u00e9moire de 1,000 lectures.<\/li>\n<li>6000-NS3: Advanced POSITECTOR 6000 pour rev\u00eatement non-conducteur (0 \u00e0 60 mils) sur m\u00e9taux non-ferreux avec sonde s\u00e9par\u00e9e \u2013 m\u00e9moire de 250,000 lectures.<\/li>\n<li>6000-FNS1: POSITECTOR 6000 pour rev\u00eatement (0 \u00e0 60 mils) sur tout type de m\u00e9taux avec sonde s\u00e9par\u00e9e \u2013 m\u00e9moire pour 1,000 lectures.<\/li>\n<li>6000-FNS3: Advanced POSITECTOR 6000 pour rev\u00eatement (0 \u00e0 60 mils) sur tout type de m\u00e9taux avec sonde s\u00e9par\u00e9e \u2013 m\u00e9moire de 250,000 lectures.<\/li>\n<\/ul>\n<p>* Chaque sonde peut \u00eatre vendue s\u00e9par\u00e9ment.<\/p>\n<p>* Autres palpeurs aussi disponibles (dimension, temp\u00e9rature, \u00e9paisseur du rev\u00eatement, etc.).<\/p>\n","protected":false},"excerpt":{"rendered":"<p>Defelsko PosiTector 6000 Mesureur d&rsquo;\u00c9paisseur de Rev\u00eatement Mesureur d&rsquo;\u00e9paisseur de rev\u00eatement robuste, enti\u00e8rement \u00e9lectronique, disponible en plusieurs mod\u00e8les pour mesurer l\u2019\u00e9paisseur de rev\u00eatement sur des m\u00e9taux ferreux et non-ferreux, avec pr\u00e9cision et rapidit\u00e9. L\u2019unit\u00e9 de contr\u00f4le PosiTector accepte toutes les sondes PosiTector. Il convertit votre mesureur d&rsquo;\u00e9paisseur de rev\u00eatement en un mesureur du point de [&hellip;]<\/p>\n","protected":false},"featured_media":19087,"template":"","meta":{"_monsterinsights_skip_tracking":false,"_monsterinsights_sitenote_active":false,"_monsterinsights_sitenote_note":"","_monsterinsights_sitenote_category":0},"product_brand":[],"product_cat":[406,355,326],"product_tag":[],"class_list":{"0":"post-3925","1":"product","2":"type-product","3":"status-publish","4":"has-post-thumbnail","6":"product_cat-defelsko-fr","7":"product_cat-mesureurs-revetement","8":"product_cat-mesureurs-revetements","10":"first","11":"instock","12":"shipping-taxable","13":"purchasable","14":"product-type-variable"},"yoast_head":"<!-- This site is optimized with the Yoast SEO plugin v23.9 - https:\/\/yoast.com\/wordpress\/plugins\/seo\/ -->\n<title>Defelsko PosiTector 6000 Mesureur d&#039;\u00c9paisseur de Rev\u00eatement &#060; Qualit\u00e9 NDE<\/title>\n<meta name=\"description\" content=\"PosiTector 6000 : mesureur d&#039;\u00e9paisseur de rev\u00eatement pr\u00e9cis pour m\u00e9taux ferreux\/non-ferreux, avec connectivit\u00e9 USB, Wi-Fi, Bluetooth.\" \/>\n<meta name=\"robots\" content=\"index, follow, max-snippet:-1, max-image-preview:large, max-video-preview:-1\" \/>\n<link rel=\"canonical\" href=\"https:\/\/www.qnde.ca\/fr\/produit\/positector6000-fr\/\" \/>\n<meta name=\"twitter:label1\" content=\"Dur\u00e9e de lecture estim\u00e9e\" \/>\n\t<meta name=\"twitter:data1\" content=\"2 minutes\" \/>\n<script type=\"application\/ld+json\" class=\"yoast-schema-graph\">{\"@context\":\"https:\/\/schema.org\",\"@graph\":[{\"@type\":[\"WebPage\",\"ItemPage\"],\"@id\":\"https:\/\/www.qnde.ca\/fr\/produit\/positector6000-fr\/\",\"url\":\"https:\/\/www.qnde.ca\/fr\/produit\/positector6000-fr\/\",\"name\":\"Defelsko PosiTector 6000 Mesureur d'\u00c9paisseur de Rev\u00eatement &#060; Qualit\u00e9 NDE\",\"isPartOf\":{\"@id\":\"https:\/\/www.qnde.ca\/#website\"},\"primaryImageOfPage\":{\"@id\":\"https:\/\/www.qnde.ca\/fr\/produit\/positector6000-fr\/#primaryimage\"},\"image\":{\"@id\":\"https:\/\/www.qnde.ca\/fr\/produit\/positector6000-fr\/#primaryimage\"},\"thumbnailUrl\":\"https:\/\/www.qnde.ca\/wp-content\/uploads\/2021\/04\/PosiTector-6000-Coating-Thickness-Gauge-FNS-unit-shown.jpg\",\"datePublished\":\"2016-01-07T18:59:14+00:00\",\"dateModified\":\"2025-08-20T15:27:51+00:00\",\"description\":\"PosiTector 6000 : mesureur d'\u00e9paisseur de rev\u00eatement pr\u00e9cis pour m\u00e9taux ferreux\/non-ferreux, avec connectivit\u00e9 USB, Wi-Fi, Bluetooth.\",\"breadcrumb\":{\"@id\":\"https:\/\/www.qnde.ca\/fr\/produit\/positector6000-fr\/#breadcrumb\"},\"inLanguage\":\"fr-FR\",\"potentialAction\":[{\"@type\":\"ReadAction\",\"target\":[\"https:\/\/www.qnde.ca\/fr\/produit\/positector6000-fr\/\"]}]},{\"@type\":\"ImageObject\",\"inLanguage\":\"fr-FR\",\"@id\":\"https:\/\/www.qnde.ca\/fr\/produit\/positector6000-fr\/#primaryimage\",\"url\":\"https:\/\/www.qnde.ca\/wp-content\/uploads\/2021\/04\/PosiTector-6000-Coating-Thickness-Gauge-FNS-unit-shown.jpg\",\"contentUrl\":\"https:\/\/www.qnde.ca\/wp-content\/uploads\/2021\/04\/PosiTector-6000-Coating-Thickness-Gauge-FNS-unit-shown.jpg\",\"width\":270,\"height\":454,\"caption\":\"PosiTector 6000, Coating Thickness Gauge, FNS unit shown\"},{\"@type\":\"BreadcrumbList\",\"@id\":\"https:\/\/www.qnde.ca\/fr\/produit\/positector6000-fr\/#breadcrumb\",\"itemListElement\":[{\"@type\":\"ListItem\",\"position\":1,\"name\":\"Accueil\",\"item\":\"https:\/\/www.qnde.ca\/fr\/\"},{\"@type\":\"ListItem\",\"position\":2,\"name\":\"Produits\",\"item\":\"https:\/\/www.qnde.ca\/fr\/produits\/\"},{\"@type\":\"ListItem\",\"position\":3,\"name\":\"Ultrasons\",\"item\":\"https:\/\/www.qnde.ca\/fr\/product-category\/ultrasons\/\"},{\"@type\":\"ListItem\",\"position\":4,\"name\":\"Mesureurs de Rev\u00eatements\",\"item\":\"https:\/\/www.qnde.ca\/fr\/product-category\/ultrasons\/mesureurs-revetements\/\"},{\"@type\":\"ListItem\",\"position\":5,\"name\":\"Defelsko PosiTector 6000 Mesureur d&#8217;\u00c9paisseur de Rev\u00eatement\"}]},{\"@type\":\"WebSite\",\"@id\":\"https:\/\/www.qnde.ca\/#website\",\"url\":\"https:\/\/www.qnde.ca\/\",\"name\":\"Qualit\u00e9 NDE\",\"description\":\"\u00c9quipements d&#039;essais non destructifs \",\"publisher\":{\"@id\":\"https:\/\/www.qnde.ca\/#organization\"},\"potentialAction\":[{\"@type\":\"SearchAction\",\"target\":{\"@type\":\"EntryPoint\",\"urlTemplate\":\"https:\/\/www.qnde.ca\/?s={search_term_string}\"},\"query-input\":{\"@type\":\"PropertyValueSpecification\",\"valueRequired\":true,\"valueName\":\"search_term_string\"}}],\"inLanguage\":\"fr-FR\"},{\"@type\":\"Organization\",\"@id\":\"https:\/\/www.qnde.ca\/#organization\",\"name\":\"Quality NDT Ltd.\",\"url\":\"https:\/\/www.qnde.ca\/\",\"logo\":{\"@type\":\"ImageObject\",\"inLanguage\":\"fr-FR\",\"@id\":\"https:\/\/www.qnde.ca\/#\/schema\/logo\/image\/\",\"url\":\"https:\/\/www.qnde.ca\/wp-content\/uploads\/2022\/02\/QNDE_logo_RGB-gif.gif\",\"contentUrl\":\"https:\/\/www.qnde.ca\/wp-content\/uploads\/2022\/02\/QNDE_logo_RGB-gif.gif\",\"width\":250,\"height\":64,\"caption\":\"Quality NDT Ltd.\"},\"image\":{\"@id\":\"https:\/\/www.qnde.ca\/#\/schema\/logo\/image\/\"},\"sameAs\":[\"https:\/\/www.linkedin.com\/company\/qnde\/about\/?viewAsMember=true\"]}]}<\/script>\n<!-- \/ Yoast SEO plugin. -->","yoast_head_json":{"title":"Defelsko PosiTector 6000 Mesureur d'\u00c9paisseur de Rev\u00eatement &#060; Qualit\u00e9 NDE","description":"PosiTector 6000 : mesureur d'\u00e9paisseur de rev\u00eatement pr\u00e9cis pour m\u00e9taux ferreux\/non-ferreux, avec connectivit\u00e9 USB, Wi-Fi, Bluetooth.","robots":{"index":"index","follow":"follow","max-snippet":"max-snippet:-1","max-image-preview":"max-image-preview:large","max-video-preview":"max-video-preview:-1"},"canonical":"https:\/\/www.qnde.ca\/fr\/produit\/positector6000-fr\/","twitter_misc":{"Dur\u00e9e de lecture estim\u00e9e":"2 minutes"},"schema":{"@context":"https:\/\/schema.org","@graph":[{"@type":["WebPage","ItemPage"],"@id":"https:\/\/www.qnde.ca\/fr\/produit\/positector6000-fr\/","url":"https:\/\/www.qnde.ca\/fr\/produit\/positector6000-fr\/","name":"Defelsko PosiTector 6000 Mesureur d'\u00c9paisseur de Rev\u00eatement &#060; Qualit\u00e9 NDE","isPartOf":{"@id":"https:\/\/www.qnde.ca\/#website"},"primaryImageOfPage":{"@id":"https:\/\/www.qnde.ca\/fr\/produit\/positector6000-fr\/#primaryimage"},"image":{"@id":"https:\/\/www.qnde.ca\/fr\/produit\/positector6000-fr\/#primaryimage"},"thumbnailUrl":"https:\/\/www.qnde.ca\/wp-content\/uploads\/2021\/04\/PosiTector-6000-Coating-Thickness-Gauge-FNS-unit-shown.jpg","datePublished":"2016-01-07T18:59:14+00:00","dateModified":"2025-08-20T15:27:51+00:00","description":"PosiTector 6000 : mesureur d'\u00e9paisseur de rev\u00eatement pr\u00e9cis pour m\u00e9taux ferreux\/non-ferreux, avec connectivit\u00e9 USB, Wi-Fi, Bluetooth.","breadcrumb":{"@id":"https:\/\/www.qnde.ca\/fr\/produit\/positector6000-fr\/#breadcrumb"},"inLanguage":"fr-FR","potentialAction":[{"@type":"ReadAction","target":["https:\/\/www.qnde.ca\/fr\/produit\/positector6000-fr\/"]}]},{"@type":"ImageObject","inLanguage":"fr-FR","@id":"https:\/\/www.qnde.ca\/fr\/produit\/positector6000-fr\/#primaryimage","url":"https:\/\/www.qnde.ca\/wp-content\/uploads\/2021\/04\/PosiTector-6000-Coating-Thickness-Gauge-FNS-unit-shown.jpg","contentUrl":"https:\/\/www.qnde.ca\/wp-content\/uploads\/2021\/04\/PosiTector-6000-Coating-Thickness-Gauge-FNS-unit-shown.jpg","width":270,"height":454,"caption":"PosiTector 6000, Coating Thickness Gauge, FNS unit shown"},{"@type":"BreadcrumbList","@id":"https:\/\/www.qnde.ca\/fr\/produit\/positector6000-fr\/#breadcrumb","itemListElement":[{"@type":"ListItem","position":1,"name":"Accueil","item":"https:\/\/www.qnde.ca\/fr\/"},{"@type":"ListItem","position":2,"name":"Produits","item":"https:\/\/www.qnde.ca\/fr\/produits\/"},{"@type":"ListItem","position":3,"name":"Ultrasons","item":"https:\/\/www.qnde.ca\/fr\/product-category\/ultrasons\/"},{"@type":"ListItem","position":4,"name":"Mesureurs de Rev\u00eatements","item":"https:\/\/www.qnde.ca\/fr\/product-category\/ultrasons\/mesureurs-revetements\/"},{"@type":"ListItem","position":5,"name":"Defelsko PosiTector 6000 Mesureur d&#8217;\u00c9paisseur de Rev\u00eatement"}]},{"@type":"WebSite","@id":"https:\/\/www.qnde.ca\/#website","url":"https:\/\/www.qnde.ca\/","name":"Qualit\u00e9 NDE","description":"\u00c9quipements d&#039;essais non destructifs ","publisher":{"@id":"https:\/\/www.qnde.ca\/#organization"},"potentialAction":[{"@type":"SearchAction","target":{"@type":"EntryPoint","urlTemplate":"https:\/\/www.qnde.ca\/?s={search_term_string}"},"query-input":{"@type":"PropertyValueSpecification","valueRequired":true,"valueName":"search_term_string"}}],"inLanguage":"fr-FR"},{"@type":"Organization","@id":"https:\/\/www.qnde.ca\/#organization","name":"Quality NDT Ltd.","url":"https:\/\/www.qnde.ca\/","logo":{"@type":"ImageObject","inLanguage":"fr-FR","@id":"https:\/\/www.qnde.ca\/#\/schema\/logo\/image\/","url":"https:\/\/www.qnde.ca\/wp-content\/uploads\/2022\/02\/QNDE_logo_RGB-gif.gif","contentUrl":"https:\/\/www.qnde.ca\/wp-content\/uploads\/2022\/02\/QNDE_logo_RGB-gif.gif","width":250,"height":64,"caption":"Quality NDT Ltd."},"image":{"@id":"https:\/\/www.qnde.ca\/#\/schema\/logo\/image\/"},"sameAs":["https:\/\/www.linkedin.com\/company\/qnde\/about\/?viewAsMember=true"]}]}},"jetpack_sharing_enabled":true,"_links":{"self":[{"href":"https:\/\/www.qnde.ca\/fr\/wp-json\/wp\/v2\/product\/3925","targetHints":{"allow":["GET"]}}],"collection":[{"href":"https:\/\/www.qnde.ca\/fr\/wp-json\/wp\/v2\/product"}],"about":[{"href":"https:\/\/www.qnde.ca\/fr\/wp-json\/wp\/v2\/types\/product"}],"wp:featuredmedia":[{"embeddable":true,"href":"https:\/\/www.qnde.ca\/fr\/wp-json\/wp\/v2\/media\/19087"}],"wp:attachment":[{"href":"https:\/\/www.qnde.ca\/fr\/wp-json\/wp\/v2\/media?parent=3925"}],"wp:term":[{"taxonomy":"product_brand","embeddable":true,"href":"https:\/\/www.qnde.ca\/fr\/wp-json\/wp\/v2\/product_brand?post=3925"},{"taxonomy":"product_cat","embeddable":true,"href":"https:\/\/www.qnde.ca\/fr\/wp-json\/wp\/v2\/product_cat?post=3925"},{"taxonomy":"product_tag","embeddable":true,"href":"https:\/\/www.qnde.ca\/fr\/wp-json\/wp\/v2\/product_tag?post=3925"}],"curies":[{"name":"wp","href":"https:\/\/api.w.org\/{rel}","templated":true}]}}