{"id":3910,"date":"2016-01-07T18:50:29","date_gmt":"2016-01-07T18:50:29","guid":{"rendered":"https:\/\/www.qnde.ca\/?post_type=product&#038;p=3910"},"modified":"2025-08-14T16:05:11","modified_gmt":"2025-08-14T20:05:11","slug":"cables-fr","status":"publish","type":"product","link":"https:\/\/www.qnde.ca\/fr\/produit\/cables-fr\/","title":{"rendered":"Palpeurs, C\u00e2bles Simples"},"content":{"rendered":"<h3><strong>Palpeurs, C\u00e2bles Simples<\/strong><\/h3>\n<p>C\u00e2ble \u00e0 un conducteur avec gaine de silicone r\u00e9sistante aux produits chimiques pour une utilisation sur une large plage de temp\u00e9rature. Disponible avec divers types de connecteurs droits ou \u00e0 angle droit (Microdot, Mini-microdot, BNC, LEMO, LEMO-00, LEMO-1, Subvis and UHF).<\/p>\n<p><strong>OPTIONS:<\/strong><\/p>\n<ul>\n<li>C\u00e2ble de longueur sur mesure (livraison 24 heures dans la plupart des cas).<\/li>\n<li>C\u00e2ble blind\u00e9 de stainless.<\/li>\n<\/ul>\n<p>Seuls les c\u00e2bles courants sont list\u00e9s ci-dessous.<\/p>\n<h4><strong>C\u00c2BLES SIMPLES \u2013 RG-174<\/strong><\/h4>\n<ul>\n<li>CBNCM-6: BNC \u2013 Microdot, c\u00e2ble simple RG-174, 6&prime; (182cm).<\/li>\n<li>CBNCM-12: BNC \u2013 Microdot, c\u00e2ble simple RG-174, 12&prime; (304cm).<\/li>\n<li>RC-08: BNC \u2013 Mini-microdot, c\u00e2ble simple RG-174, 6&prime; (182cm).<\/li>\n<li>ACBNCM-6: BNC \u2013 Microdot, c\u00e2ble simple blind\u00e9 de stainless, RG-174, 6&prime; (182cm).<\/li>\n<li>RC-47: BNC \u2013 Microdot angle droit, c\u00e2ble simple RG-174, 6&prime; (182cm).<\/li>\n<li>RC-03: BNC \u2013 BNC, c\u00e2ble simple RG-174, 6&prime; (182cm).<\/li>\n<li>RC-12: BNC \u2013 LEMO-00, c\u00e2ble simple RG-174, 6&prime; (182cm).<\/li>\n<li>RC-14: BNC \u2013 LEMO-1, c\u00e2ble simple RG-174, 6&prime; (182cm).<\/li>\n<li>LMD1: LEMO \u2013 Microdot, c\u00e2ble simple RG-174, 6&prime; (182cm).<\/li>\n<li>LMD1-S: LEMO \u2013 Microdot, c\u00e2ble simple blind\u00e9 de stainless, RG-174, 6&prime; (182cm).<\/li>\n<li>RC-25: LEMO-00 \u2013 Microdot, c\u00e2ble simple RG-174, 6&prime; (182cm).<\/li>\n<li>RC-40: LEMO-1 \u2013 LEMO-00, c\u00e2ble simple RG-174, 6&prime; (182cm).<\/li>\n<li>RC-56: BNC \u2013 Subvis, c\u00e2ble simple RG-174, 6&prime; (182cm).<\/li>\n<li>RC-69: BNC \u2013 UHF, c\u00e2ble simple \u00e9tanche \u00e0 l\u2019eau RG-174, 6&prime; (182cm).<\/li>\n<\/ul>\n<h4><strong>C\u00c2BLES SIMPLES \u2013 RG-58<\/strong><\/h4>\n<ul>\n<li>RC005: BNC \u2013 BNC, c\u00e2ble simple RG-58, 6&prime; (182cm).<\/li>\n<li>AMV12446: BNC \u2013 BNC, c\u00e2ble simple blind\u00e9 en stainless, RG-58, 6&prime; (182cm).<\/li>\n<\/ul>\n<h4><strong>C\u00c2BLES DOUBLES<\/strong><\/h4>\n<ul>\n<li>RC-09: BNC \u2013 Mini-microdot, c\u00e2ble double, 6&prime; (182cm).<\/li>\n<li>RC-13: BNC \u2013 LEMO-00, c\u00e2ble double, 6&prime; (182cm).<\/li>\n<li>RC-24: LEMO #00 \u2013 Microdot, c\u00e2ble double, 6&prime; (182cm).<\/li>\n<li>RC-56: BNC \u2013 Subvis, c\u00e2ble double RG-174, 6&prime; (182cm).<\/li>\n<\/ul>\n","protected":false},"excerpt":{"rendered":"<p>Palpeurs, C\u00e2bles Simples C\u00e2ble \u00e0 un conducteur avec gaine de silicone r\u00e9sistante aux produits chimiques pour une utilisation sur une large plage de temp\u00e9rature. Disponible avec divers types de connecteurs droits ou \u00e0 angle droit (Microdot, Mini-microdot, BNC, LEMO, LEMO-00, LEMO-1, Subvis and UHF). OPTIONS: C\u00e2ble de longueur sur mesure (livraison 24 heures dans la [&hellip;]<\/p>\n","protected":false},"featured_media":19546,"template":"","meta":{"_monsterinsights_skip_tracking":false,"_monsterinsights_sitenote_active":false,"_monsterinsights_sitenote_note":"","_monsterinsights_sitenote_category":0},"product_brand":[],"product_cat":[402,128],"product_tag":[],"class_list":{"0":"post-3910","1":"product","2":"type-product","3":"status-publish","4":"has-post-thumbnail","6":"product_cat-autres-marques","7":"product_cat-accessoires-ultrasons","9":"first","10":"instock","11":"shipping-taxable","12":"purchasable","13":"product-type-variable"},"yoast_head":"<!-- This site is optimized with the Yoast SEO plugin v23.9 - https:\/\/yoast.com\/wordpress\/plugins\/seo\/ -->\n<title>Palpeurs, C\u00e2bles Simples &#060; Qualit\u00e9 NDE<\/title>\n<meta name=\"description\" content=\"Palpeurs et c\u00e2bles \u00e0 un conducteur avec gaine de silicone r\u00e9sistante aux produits chimiques. Disponible avec divers types de connecteurs.\" \/>\n<meta name=\"robots\" content=\"index, follow, max-snippet:-1, max-image-preview:large, max-video-preview:-1\" \/>\n<link rel=\"canonical\" href=\"https:\/\/www.qnde.ca\/fr\/produit\/cables-fr\/\" \/>\n<meta name=\"twitter:label1\" content=\"Dur\u00e9e de lecture estim\u00e9e\" \/>\n\t<meta name=\"twitter:data1\" content=\"2 minutes\" \/>\n<script type=\"application\/ld+json\" class=\"yoast-schema-graph\">{\"@context\":\"https:\/\/schema.org\",\"@graph\":[{\"@type\":[\"WebPage\",\"ItemPage\"],\"@id\":\"https:\/\/www.qnde.ca\/fr\/produit\/cables-fr\/\",\"url\":\"https:\/\/www.qnde.ca\/fr\/produit\/cables-fr\/\",\"name\":\"Palpeurs, C\u00e2bles Simples &#060; Qualit\u00e9 NDE\",\"isPartOf\":{\"@id\":\"https:\/\/www.qnde.ca\/#website\"},\"primaryImageOfPage\":{\"@id\":\"https:\/\/www.qnde.ca\/fr\/produit\/cables-fr\/#primaryimage\"},\"image\":{\"@id\":\"https:\/\/www.qnde.ca\/fr\/produit\/cables-fr\/#primaryimage\"},\"thumbnailUrl\":\"https:\/\/www.qnde.ca\/wp-content\/uploads\/2021\/04\/Cable-Single-RG-174-Various-connector-types.jpg\",\"datePublished\":\"2016-01-07T18:50:29+00:00\",\"dateModified\":\"2025-08-14T20:05:11+00:00\",\"description\":\"Palpeurs et c\u00e2bles \u00e0 un conducteur avec gaine de silicone r\u00e9sistante aux produits chimiques. Disponible avec divers types de connecteurs.\",\"breadcrumb\":{\"@id\":\"https:\/\/www.qnde.ca\/fr\/produit\/cables-fr\/#breadcrumb\"},\"inLanguage\":\"fr-FR\",\"potentialAction\":[{\"@type\":\"ReadAction\",\"target\":[\"https:\/\/www.qnde.ca\/fr\/produit\/cables-fr\/\"]}]},{\"@type\":\"ImageObject\",\"inLanguage\":\"fr-FR\",\"@id\":\"https:\/\/www.qnde.ca\/fr\/produit\/cables-fr\/#primaryimage\",\"url\":\"https:\/\/www.qnde.ca\/wp-content\/uploads\/2021\/04\/Cable-Single-RG-174-Various-connector-types.jpg\",\"contentUrl\":\"https:\/\/www.qnde.ca\/wp-content\/uploads\/2021\/04\/Cable-Single-RG-174-Various-connector-types.jpg\",\"width\":375,\"height\":375,\"caption\":\"Cable, Single RG-174, Various connector types (microdot, mini-microdot, BNC, LEMO, LEMO-00, LEMO-1, UHF)\"},{\"@type\":\"BreadcrumbList\",\"@id\":\"https:\/\/www.qnde.ca\/fr\/produit\/cables-fr\/#breadcrumb\",\"itemListElement\":[{\"@type\":\"ListItem\",\"position\":1,\"name\":\"Accueil\",\"item\":\"https:\/\/www.qnde.ca\/fr\/\"},{\"@type\":\"ListItem\",\"position\":2,\"name\":\"Produits\",\"item\":\"https:\/\/www.qnde.ca\/fr\/produits\/\"},{\"@type\":\"ListItem\",\"position\":3,\"name\":\"Ultrasons\",\"item\":\"https:\/\/www.qnde.ca\/fr\/product-category\/ultrasons\/\"},{\"@type\":\"ListItem\",\"position\":4,\"name\":\"Accessoires\",\"item\":\"https:\/\/www.qnde.ca\/fr\/product-category\/ultrasons\/accessoires-ultrasons\/\"},{\"@type\":\"ListItem\",\"position\":5,\"name\":\"Palpeurs, C\u00e2bles Simples\"}]},{\"@type\":\"WebSite\",\"@id\":\"https:\/\/www.qnde.ca\/#website\",\"url\":\"https:\/\/www.qnde.ca\/\",\"name\":\"Qualit\u00e9 NDE\",\"description\":\"\u00c9quipements d&#039;essais non destructifs \",\"publisher\":{\"@id\":\"https:\/\/www.qnde.ca\/#organization\"},\"potentialAction\":[{\"@type\":\"SearchAction\",\"target\":{\"@type\":\"EntryPoint\",\"urlTemplate\":\"https:\/\/www.qnde.ca\/?s={search_term_string}\"},\"query-input\":{\"@type\":\"PropertyValueSpecification\",\"valueRequired\":true,\"valueName\":\"search_term_string\"}}],\"inLanguage\":\"fr-FR\"},{\"@type\":\"Organization\",\"@id\":\"https:\/\/www.qnde.ca\/#organization\",\"name\":\"Quality NDT Ltd.\",\"url\":\"https:\/\/www.qnde.ca\/\",\"logo\":{\"@type\":\"ImageObject\",\"inLanguage\":\"fr-FR\",\"@id\":\"https:\/\/www.qnde.ca\/#\/schema\/logo\/image\/\",\"url\":\"https:\/\/www.qnde.ca\/wp-content\/uploads\/2022\/02\/QNDE_logo_RGB-gif.gif\",\"contentUrl\":\"https:\/\/www.qnde.ca\/wp-content\/uploads\/2022\/02\/QNDE_logo_RGB-gif.gif\",\"width\":250,\"height\":64,\"caption\":\"Quality NDT Ltd.\"},\"image\":{\"@id\":\"https:\/\/www.qnde.ca\/#\/schema\/logo\/image\/\"},\"sameAs\":[\"https:\/\/www.linkedin.com\/company\/qnde\/about\/?viewAsMember=true\"]}]}<\/script>\n<!-- \/ Yoast SEO plugin. -->","yoast_head_json":{"title":"Palpeurs, C\u00e2bles Simples &#060; Qualit\u00e9 NDE","description":"Palpeurs et c\u00e2bles \u00e0 un conducteur avec gaine de silicone r\u00e9sistante aux produits chimiques. Disponible avec divers types de connecteurs.","robots":{"index":"index","follow":"follow","max-snippet":"max-snippet:-1","max-image-preview":"max-image-preview:large","max-video-preview":"max-video-preview:-1"},"canonical":"https:\/\/www.qnde.ca\/fr\/produit\/cables-fr\/","twitter_misc":{"Dur\u00e9e de lecture estim\u00e9e":"2 minutes"},"schema":{"@context":"https:\/\/schema.org","@graph":[{"@type":["WebPage","ItemPage"],"@id":"https:\/\/www.qnde.ca\/fr\/produit\/cables-fr\/","url":"https:\/\/www.qnde.ca\/fr\/produit\/cables-fr\/","name":"Palpeurs, C\u00e2bles Simples &#060; Qualit\u00e9 NDE","isPartOf":{"@id":"https:\/\/www.qnde.ca\/#website"},"primaryImageOfPage":{"@id":"https:\/\/www.qnde.ca\/fr\/produit\/cables-fr\/#primaryimage"},"image":{"@id":"https:\/\/www.qnde.ca\/fr\/produit\/cables-fr\/#primaryimage"},"thumbnailUrl":"https:\/\/www.qnde.ca\/wp-content\/uploads\/2021\/04\/Cable-Single-RG-174-Various-connector-types.jpg","datePublished":"2016-01-07T18:50:29+00:00","dateModified":"2025-08-14T20:05:11+00:00","description":"Palpeurs et c\u00e2bles \u00e0 un conducteur avec gaine de silicone r\u00e9sistante aux produits chimiques. Disponible avec divers types de connecteurs.","breadcrumb":{"@id":"https:\/\/www.qnde.ca\/fr\/produit\/cables-fr\/#breadcrumb"},"inLanguage":"fr-FR","potentialAction":[{"@type":"ReadAction","target":["https:\/\/www.qnde.ca\/fr\/produit\/cables-fr\/"]}]},{"@type":"ImageObject","inLanguage":"fr-FR","@id":"https:\/\/www.qnde.ca\/fr\/produit\/cables-fr\/#primaryimage","url":"https:\/\/www.qnde.ca\/wp-content\/uploads\/2021\/04\/Cable-Single-RG-174-Various-connector-types.jpg","contentUrl":"https:\/\/www.qnde.ca\/wp-content\/uploads\/2021\/04\/Cable-Single-RG-174-Various-connector-types.jpg","width":375,"height":375,"caption":"Cable, Single RG-174, Various connector types (microdot, mini-microdot, BNC, LEMO, LEMO-00, LEMO-1, UHF)"},{"@type":"BreadcrumbList","@id":"https:\/\/www.qnde.ca\/fr\/produit\/cables-fr\/#breadcrumb","itemListElement":[{"@type":"ListItem","position":1,"name":"Accueil","item":"https:\/\/www.qnde.ca\/fr\/"},{"@type":"ListItem","position":2,"name":"Produits","item":"https:\/\/www.qnde.ca\/fr\/produits\/"},{"@type":"ListItem","position":3,"name":"Ultrasons","item":"https:\/\/www.qnde.ca\/fr\/product-category\/ultrasons\/"},{"@type":"ListItem","position":4,"name":"Accessoires","item":"https:\/\/www.qnde.ca\/fr\/product-category\/ultrasons\/accessoires-ultrasons\/"},{"@type":"ListItem","position":5,"name":"Palpeurs, C\u00e2bles Simples"}]},{"@type":"WebSite","@id":"https:\/\/www.qnde.ca\/#website","url":"https:\/\/www.qnde.ca\/","name":"Qualit\u00e9 NDE","description":"\u00c9quipements d&#039;essais non destructifs ","publisher":{"@id":"https:\/\/www.qnde.ca\/#organization"},"potentialAction":[{"@type":"SearchAction","target":{"@type":"EntryPoint","urlTemplate":"https:\/\/www.qnde.ca\/?s={search_term_string}"},"query-input":{"@type":"PropertyValueSpecification","valueRequired":true,"valueName":"search_term_string"}}],"inLanguage":"fr-FR"},{"@type":"Organization","@id":"https:\/\/www.qnde.ca\/#organization","name":"Quality NDT Ltd.","url":"https:\/\/www.qnde.ca\/","logo":{"@type":"ImageObject","inLanguage":"fr-FR","@id":"https:\/\/www.qnde.ca\/#\/schema\/logo\/image\/","url":"https:\/\/www.qnde.ca\/wp-content\/uploads\/2022\/02\/QNDE_logo_RGB-gif.gif","contentUrl":"https:\/\/www.qnde.ca\/wp-content\/uploads\/2022\/02\/QNDE_logo_RGB-gif.gif","width":250,"height":64,"caption":"Quality NDT Ltd."},"image":{"@id":"https:\/\/www.qnde.ca\/#\/schema\/logo\/image\/"},"sameAs":["https:\/\/www.linkedin.com\/company\/qnde\/about\/?viewAsMember=true"]}]}},"jetpack_sharing_enabled":true,"_links":{"self":[{"href":"https:\/\/www.qnde.ca\/fr\/wp-json\/wp\/v2\/product\/3910","targetHints":{"allow":["GET"]}}],"collection":[{"href":"https:\/\/www.qnde.ca\/fr\/wp-json\/wp\/v2\/product"}],"about":[{"href":"https:\/\/www.qnde.ca\/fr\/wp-json\/wp\/v2\/types\/product"}],"wp:featuredmedia":[{"embeddable":true,"href":"https:\/\/www.qnde.ca\/fr\/wp-json\/wp\/v2\/media\/19546"}],"wp:attachment":[{"href":"https:\/\/www.qnde.ca\/fr\/wp-json\/wp\/v2\/media?parent=3910"}],"wp:term":[{"taxonomy":"product_brand","embeddable":true,"href":"https:\/\/www.qnde.ca\/fr\/wp-json\/wp\/v2\/product_brand?post=3910"},{"taxonomy":"product_cat","embeddable":true,"href":"https:\/\/www.qnde.ca\/fr\/wp-json\/wp\/v2\/product_cat?post=3910"},{"taxonomy":"product_tag","embeddable":true,"href":"https:\/\/www.qnde.ca\/fr\/wp-json\/wp\/v2\/product_tag?post=3910"}],"curies":[{"name":"wp","href":"https:\/\/api.w.org\/{rel}","templated":true}]}}