{"id":3907,"date":"2016-01-07T18:38:51","date_gmt":"2016-01-07T18:38:51","guid":{"rendered":"https:\/\/www.qnde.ca\/?post_type=product&#038;p=3907"},"modified":"2025-08-13T14:12:49","modified_gmt":"2025-08-13T18:12:49","slug":"x2spider-fr","status":"publish","type":"product","link":"https:\/\/www.qnde.ca\/fr\/produit\/x2spider-fr\/","title":{"rendered":"ScanTech X2 Spider Robot de Cartographie de Corrosion"},"content":{"rendered":"<h3><strong>ScanTech X2 Spider Robot de Cartographie de Corrosion <\/strong><\/h3>\n<p>Le robot de cartographie de la corrosion X2 Spider de ScanTech inclut un encodeur scell\u00e9 pour des B-Scan jusqu\u2019\u00e0 25.4cm (10&Prime;) par secondes. Capable de traverser des obstructions jusqu\u2019\u00e0 5.08cm (2&Prime;) de haut, il est fabriqu\u00e9 avec d\u2019engrenages \u00e0 entra\u00eenement direct ce qui \u00e9limine les glissements. L&rsquo;appareil est compl\u00e8tement scell\u00e9 et a un rev\u00eatement externe anodis\u00e9 pour r\u00e9duire l&rsquo;usure. Le logiciel AnalystX permet l&rsquo;acquisition, l&rsquo;analyse et le compte rendu automatis\u00e9s des donn\u00e9es.<\/p>\n<ul>\n<li><strong>X2:<\/strong> Robot de cartographie X2 Spider, l\u2019ensemble de manette (X-series) avec c\u00e2ble de 15m (50&prime;), contr\u00f4leur X avec l&rsquo;appareil \u00e0 ultrasons int\u00e9gr\u00e9 avec \u00e9cran tactile, logiciel AnalystX, c\u00e2ble d\u2019alimentation de 30m (100&prime;), plapeur simple (2.25, 5 ou 10MHz) ou palpeur double (5MHz), syst\u00e8me de distribution de couplant WS3, trousse d\u2019outils, ensemble de pi\u00e8ces suppl\u00e9mentaires, PC Notebook avec valise, connecteur ACR pour deux sondes de type bubblers, c\u00e2ble coaxial, c\u00e2ble Ethernet, manuel de l\u2019utilisateur, certificat de conformit\u00e9 et valise de transport rigide.<\/li>\n<\/ul>\n<h4><strong>Options<\/strong><\/h4>\n<ul>\n<li><a href=\"https:\/\/www.qnde.ca\/fr\/produit\/blocs4-ultrason\/\"><strong>QXX-5050<\/strong><\/a>: Bloc 4-paliers, acier 1018, avec certificat &#8211; 0.25cm \u00e0 2.54cm (0.1&Prime; \u00e0 1.0&Prime;).<\/li>\n<li><a href=\"https:\/\/www.qnde.ca\/fr\/produit\/blocs4-ultrason\/\"><strong>QXX-5050A<\/strong><\/a>: Bloc 4-paliers, aluminium 7075, avec certificat &#8211; 0.25cm \u00e0 2.54cm (0.1&Prime; \u00e0 1.0&Prime;).<\/li>\n<li><a href=\"https:\/\/www.qnde.ca\/fr\/produit\/blocs4-ultrason\/\"><strong>QXX-5052<\/strong><\/a>: Bloc 4-paliers, stainless 304, avec certificat &#8211; 0.25cm \u00e0 2.54cm (0.1&Prime; \u00e0 1.0&Prime;).<\/li>\n<li><a href=\"https:\/\/www.qnde.ca\/fr\/produit\/bloc5-ultrason\/\"><strong>QXX-5053<\/strong><\/a>: Bloc 5-paliers, acier 1018, avec certificat &#8211; 0.25cm \u00e0 1.27cm (0.1&Prime; \u00e0 0.5&Prime;).<\/li>\n<li><a href=\"https:\/\/www.qnde.ca\/fr\/produit\/bloc5-ultrason\/\"><strong>QXX-5053-1<\/strong><\/a>: Bloc 5-paliers, acier 1018 m\u00e9trique, avec certificat &#8211; 0.25cm \u00e0 12.7cm<\/li>\n<li><a href=\"https:\/\/www.qnde.ca\/fr\/produit\/bloc5-ultrason\/\"><strong>QXX-5054<\/strong><\/a>: Bloc 5-paliers, aluminium 7075, avec certificat &#8211; 0.25cm \u00e0 1.27cm (0.1&Prime; \u00e0 0.5&Prime;).<\/li>\n<li><a href=\"https:\/\/www.qnde.ca\/fr\/produit\/bloc5-ultrason\/\"><strong>QXX-5056<\/strong><\/a>: Bloc 5-paliers, stainless 304, avec certificat &#8211; 0.25cm \u00e0 1.27cm (0.1&Prime; \u00e0 0.5&Prime;).<\/li>\n<li><strong>HC-SB:<\/strong> Bo\u00eetier standard en bois dur pour blocs \u00e0 paliers.<\/li>\n<\/ul>\n<h4><\/h4>\n","protected":false},"excerpt":{"rendered":"<p>ScanTech X2 Spider Robot de Cartographie de Corrosion Le robot de cartographie de la corrosion X2 Spider de ScanTech inclut un encodeur scell\u00e9 pour des B-Scan jusqu\u2019\u00e0 25.4cm (10&Prime;) par secondes. Capable de traverser des obstructions jusqu\u2019\u00e0 5.08cm (2&Prime;) de haut, il est fabriqu\u00e9 avec d\u2019engrenages \u00e0 entra\u00eenement direct ce qui \u00e9limine les glissements. L&rsquo;appareil [&hellip;]<\/p>\n","protected":false},"featured_media":19561,"template":"","meta":{"_monsterinsights_skip_tracking":false,"_monsterinsights_sitenote_active":false,"_monsterinsights_sitenote_note":"","_monsterinsights_sitenote_category":0},"product_brand":[],"product_cat":[402,328],"product_tag":[],"class_list":{"0":"post-3907","1":"product","2":"type-product","3":"status-publish","4":"has-post-thumbnail","6":"product_cat-autres-marques","7":"product_cat-scanners-ultrasons","9":"first","10":"instock","11":"shipping-taxable","12":"purchasable","13":"product-type-variable"},"yoast_head":"<!-- This site is optimized with the Yoast SEO plugin v23.9 - https:\/\/yoast.com\/wordpress\/plugins\/seo\/ -->\n<title>ScanTech X2 Spider Robot de Cartographie de Corrosion &#060; Qualit\u00e9 NDE<\/title>\n<meta name=\"description\" content=\"ScanTech X2 Spider Robot avec encodeur scell\u00e9 pour B-scan jusqu&#039;\u00e0 25.4 cm (10\u201d\/secondes). Engrenages direct.Appareil compl\u00e8tement scell\u00e9 + logiciel AnalystX\" \/>\n<meta name=\"robots\" content=\"index, follow, max-snippet:-1, max-image-preview:large, max-video-preview:-1\" \/>\n<link rel=\"canonical\" href=\"https:\/\/www.qnde.ca\/fr\/produit\/x2spider-fr\/\" \/>\n<meta name=\"twitter:label1\" content=\"Dur\u00e9e de lecture estim\u00e9e\" \/>\n\t<meta name=\"twitter:data1\" content=\"2 minutes\" \/>\n<script type=\"application\/ld+json\" class=\"yoast-schema-graph\">{\"@context\":\"https:\/\/schema.org\",\"@graph\":[{\"@type\":[\"WebPage\",\"ItemPage\"],\"@id\":\"https:\/\/www.qnde.ca\/fr\/produit\/x2spider-fr\/\",\"url\":\"https:\/\/www.qnde.ca\/fr\/produit\/x2spider-fr\/\",\"name\":\"ScanTech X2 Spider Robot de Cartographie de Corrosion &#060; Qualit\u00e9 NDE\",\"isPartOf\":{\"@id\":\"https:\/\/www.qnde.ca\/#website\"},\"primaryImageOfPage\":{\"@id\":\"https:\/\/www.qnde.ca\/fr\/produit\/x2spider-fr\/#primaryimage\"},\"image\":{\"@id\":\"https:\/\/www.qnde.ca\/fr\/produit\/x2spider-fr\/#primaryimage\"},\"thumbnailUrl\":\"https:\/\/www.qnde.ca\/wp-content\/uploads\/2021\/04\/ScanTech-X2-Spider-Corrosion-mapping-crawler-only.jpg\",\"datePublished\":\"2016-01-07T18:38:51+00:00\",\"dateModified\":\"2025-08-13T18:12:49+00:00\",\"description\":\"ScanTech X2 Spider Robot avec encodeur scell\u00e9 pour B-scan jusqu'\u00e0 25.4 cm (10\u201d\/secondes). Engrenages direct.Appareil compl\u00e8tement scell\u00e9 + logiciel AnalystX\",\"breadcrumb\":{\"@id\":\"https:\/\/www.qnde.ca\/fr\/produit\/x2spider-fr\/#breadcrumb\"},\"inLanguage\":\"fr-FR\",\"potentialAction\":[{\"@type\":\"ReadAction\",\"target\":[\"https:\/\/www.qnde.ca\/fr\/produit\/x2spider-fr\/\"]}]},{\"@type\":\"ImageObject\",\"inLanguage\":\"fr-FR\",\"@id\":\"https:\/\/www.qnde.ca\/fr\/produit\/x2spider-fr\/#primaryimage\",\"url\":\"https:\/\/www.qnde.ca\/wp-content\/uploads\/2021\/04\/ScanTech-X2-Spider-Corrosion-mapping-crawler-only.jpg\",\"contentUrl\":\"https:\/\/www.qnde.ca\/wp-content\/uploads\/2021\/04\/ScanTech-X2-Spider-Corrosion-mapping-crawler-only.jpg\",\"width\":707,\"height\":551,\"caption\":\"ScanTech X2 Spider, Corrosion mapping crawler only\"},{\"@type\":\"BreadcrumbList\",\"@id\":\"https:\/\/www.qnde.ca\/fr\/produit\/x2spider-fr\/#breadcrumb\",\"itemListElement\":[{\"@type\":\"ListItem\",\"position\":1,\"name\":\"Accueil\",\"item\":\"https:\/\/www.qnde.ca\/fr\/\"},{\"@type\":\"ListItem\",\"position\":2,\"name\":\"Produits\",\"item\":\"https:\/\/www.qnde.ca\/fr\/produits\/\"},{\"@type\":\"ListItem\",\"position\":3,\"name\":\"Ultrasons\",\"item\":\"https:\/\/www.qnde.ca\/fr\/product-category\/ultrasons\/\"},{\"@type\":\"ListItem\",\"position\":4,\"name\":\"Scanners\",\"item\":\"https:\/\/www.qnde.ca\/fr\/product-category\/ultrasons\/scanners-ultrasons\/\"},{\"@type\":\"ListItem\",\"position\":5,\"name\":\"ScanTech X2 Spider Robot de Cartographie de Corrosion\"}]},{\"@type\":\"WebSite\",\"@id\":\"https:\/\/www.qnde.ca\/#website\",\"url\":\"https:\/\/www.qnde.ca\/\",\"name\":\"Qualit\u00e9 NDE\",\"description\":\"\u00c9quipements d&#039;essais non destructifs \",\"publisher\":{\"@id\":\"https:\/\/www.qnde.ca\/#organization\"},\"potentialAction\":[{\"@type\":\"SearchAction\",\"target\":{\"@type\":\"EntryPoint\",\"urlTemplate\":\"https:\/\/www.qnde.ca\/?s={search_term_string}\"},\"query-input\":{\"@type\":\"PropertyValueSpecification\",\"valueRequired\":true,\"valueName\":\"search_term_string\"}}],\"inLanguage\":\"fr-FR\"},{\"@type\":\"Organization\",\"@id\":\"https:\/\/www.qnde.ca\/#organization\",\"name\":\"Quality NDT Ltd.\",\"url\":\"https:\/\/www.qnde.ca\/\",\"logo\":{\"@type\":\"ImageObject\",\"inLanguage\":\"fr-FR\",\"@id\":\"https:\/\/www.qnde.ca\/#\/schema\/logo\/image\/\",\"url\":\"https:\/\/www.qnde.ca\/wp-content\/uploads\/2022\/02\/QNDE_logo_RGB-gif.gif\",\"contentUrl\":\"https:\/\/www.qnde.ca\/wp-content\/uploads\/2022\/02\/QNDE_logo_RGB-gif.gif\",\"width\":250,\"height\":64,\"caption\":\"Quality NDT Ltd.\"},\"image\":{\"@id\":\"https:\/\/www.qnde.ca\/#\/schema\/logo\/image\/\"},\"sameAs\":[\"https:\/\/www.linkedin.com\/company\/qnde\/about\/?viewAsMember=true\"]}]}<\/script>\n<!-- \/ Yoast SEO plugin. -->","yoast_head_json":{"title":"ScanTech X2 Spider Robot de Cartographie de Corrosion &#060; Qualit\u00e9 NDE","description":"ScanTech X2 Spider Robot avec encodeur scell\u00e9 pour B-scan jusqu'\u00e0 25.4 cm (10\u201d\/secondes). Engrenages direct.Appareil compl\u00e8tement scell\u00e9 + logiciel AnalystX","robots":{"index":"index","follow":"follow","max-snippet":"max-snippet:-1","max-image-preview":"max-image-preview:large","max-video-preview":"max-video-preview:-1"},"canonical":"https:\/\/www.qnde.ca\/fr\/produit\/x2spider-fr\/","twitter_misc":{"Dur\u00e9e de lecture estim\u00e9e":"2 minutes"},"schema":{"@context":"https:\/\/schema.org","@graph":[{"@type":["WebPage","ItemPage"],"@id":"https:\/\/www.qnde.ca\/fr\/produit\/x2spider-fr\/","url":"https:\/\/www.qnde.ca\/fr\/produit\/x2spider-fr\/","name":"ScanTech X2 Spider Robot de Cartographie de Corrosion &#060; Qualit\u00e9 NDE","isPartOf":{"@id":"https:\/\/www.qnde.ca\/#website"},"primaryImageOfPage":{"@id":"https:\/\/www.qnde.ca\/fr\/produit\/x2spider-fr\/#primaryimage"},"image":{"@id":"https:\/\/www.qnde.ca\/fr\/produit\/x2spider-fr\/#primaryimage"},"thumbnailUrl":"https:\/\/www.qnde.ca\/wp-content\/uploads\/2021\/04\/ScanTech-X2-Spider-Corrosion-mapping-crawler-only.jpg","datePublished":"2016-01-07T18:38:51+00:00","dateModified":"2025-08-13T18:12:49+00:00","description":"ScanTech X2 Spider Robot avec encodeur scell\u00e9 pour B-scan jusqu'\u00e0 25.4 cm (10\u201d\/secondes). Engrenages direct.Appareil compl\u00e8tement scell\u00e9 + logiciel AnalystX","breadcrumb":{"@id":"https:\/\/www.qnde.ca\/fr\/produit\/x2spider-fr\/#breadcrumb"},"inLanguage":"fr-FR","potentialAction":[{"@type":"ReadAction","target":["https:\/\/www.qnde.ca\/fr\/produit\/x2spider-fr\/"]}]},{"@type":"ImageObject","inLanguage":"fr-FR","@id":"https:\/\/www.qnde.ca\/fr\/produit\/x2spider-fr\/#primaryimage","url":"https:\/\/www.qnde.ca\/wp-content\/uploads\/2021\/04\/ScanTech-X2-Spider-Corrosion-mapping-crawler-only.jpg","contentUrl":"https:\/\/www.qnde.ca\/wp-content\/uploads\/2021\/04\/ScanTech-X2-Spider-Corrosion-mapping-crawler-only.jpg","width":707,"height":551,"caption":"ScanTech X2 Spider, Corrosion mapping crawler only"},{"@type":"BreadcrumbList","@id":"https:\/\/www.qnde.ca\/fr\/produit\/x2spider-fr\/#breadcrumb","itemListElement":[{"@type":"ListItem","position":1,"name":"Accueil","item":"https:\/\/www.qnde.ca\/fr\/"},{"@type":"ListItem","position":2,"name":"Produits","item":"https:\/\/www.qnde.ca\/fr\/produits\/"},{"@type":"ListItem","position":3,"name":"Ultrasons","item":"https:\/\/www.qnde.ca\/fr\/product-category\/ultrasons\/"},{"@type":"ListItem","position":4,"name":"Scanners","item":"https:\/\/www.qnde.ca\/fr\/product-category\/ultrasons\/scanners-ultrasons\/"},{"@type":"ListItem","position":5,"name":"ScanTech X2 Spider Robot de Cartographie de Corrosion"}]},{"@type":"WebSite","@id":"https:\/\/www.qnde.ca\/#website","url":"https:\/\/www.qnde.ca\/","name":"Qualit\u00e9 NDE","description":"\u00c9quipements d&#039;essais non destructifs ","publisher":{"@id":"https:\/\/www.qnde.ca\/#organization"},"potentialAction":[{"@type":"SearchAction","target":{"@type":"EntryPoint","urlTemplate":"https:\/\/www.qnde.ca\/?s={search_term_string}"},"query-input":{"@type":"PropertyValueSpecification","valueRequired":true,"valueName":"search_term_string"}}],"inLanguage":"fr-FR"},{"@type":"Organization","@id":"https:\/\/www.qnde.ca\/#organization","name":"Quality NDT Ltd.","url":"https:\/\/www.qnde.ca\/","logo":{"@type":"ImageObject","inLanguage":"fr-FR","@id":"https:\/\/www.qnde.ca\/#\/schema\/logo\/image\/","url":"https:\/\/www.qnde.ca\/wp-content\/uploads\/2022\/02\/QNDE_logo_RGB-gif.gif","contentUrl":"https:\/\/www.qnde.ca\/wp-content\/uploads\/2022\/02\/QNDE_logo_RGB-gif.gif","width":250,"height":64,"caption":"Quality NDT Ltd."},"image":{"@id":"https:\/\/www.qnde.ca\/#\/schema\/logo\/image\/"},"sameAs":["https:\/\/www.linkedin.com\/company\/qnde\/about\/?viewAsMember=true"]}]}},"jetpack_sharing_enabled":true,"_links":{"self":[{"href":"https:\/\/www.qnde.ca\/fr\/wp-json\/wp\/v2\/product\/3907","targetHints":{"allow":["GET"]}}],"collection":[{"href":"https:\/\/www.qnde.ca\/fr\/wp-json\/wp\/v2\/product"}],"about":[{"href":"https:\/\/www.qnde.ca\/fr\/wp-json\/wp\/v2\/types\/product"}],"wp:featuredmedia":[{"embeddable":true,"href":"https:\/\/www.qnde.ca\/fr\/wp-json\/wp\/v2\/media\/19561"}],"wp:attachment":[{"href":"https:\/\/www.qnde.ca\/fr\/wp-json\/wp\/v2\/media?parent=3907"}],"wp:term":[{"taxonomy":"product_brand","embeddable":true,"href":"https:\/\/www.qnde.ca\/fr\/wp-json\/wp\/v2\/product_brand?post=3907"},{"taxonomy":"product_cat","embeddable":true,"href":"https:\/\/www.qnde.ca\/fr\/wp-json\/wp\/v2\/product_cat?post=3907"},{"taxonomy":"product_tag","embeddable":true,"href":"https:\/\/www.qnde.ca\/fr\/wp-json\/wp\/v2\/product_tag?post=3907"}],"curies":[{"name":"wp","href":"https:\/\/api.w.org\/{rel}","templated":true}]}}