{"id":3856,"date":"2016-01-07T16:18:31","date_gmt":"2016-01-07T16:18:31","guid":{"rendered":"https:\/\/www.qnde.ca\/?post_type=product&#038;p=3856"},"modified":"2025-08-14T11:32:28","modified_gmt":"2025-08-14T15:32:28","slug":"zl-67","status":"publish","type":"product","link":"https:\/\/www.qnde.ca\/fr\/produit\/zl-67\/","title":{"rendered":"Magnaflux Zyglo ZL-67, P\u00e9n\u00e9trant Fluorescent WW Niveau 3"},"content":{"rendered":"<h3><strong>Magnaflux Zyglo ZL-67, P\u00e9n\u00e9trant Fluorescent WW Niveau 3<\/strong><\/h3>\n<p>P\u00e9n\u00e9trant fluorescent lavable \u00e0 l\u2019eau de niveau 3. Utilis\u00e9 sur des applications critiques, notamment des pi\u00e8ces de moulage \u00e0 la cire perdue, des composantes de moteurs \u00e0 r\u00e9action et surfaces hautement usin\u00e9es.<\/p>\n<ul>\n<li>MGZL67-1: ZL-67, 5gal (18.9L) chaudi\u00e8re.<\/li>\n<li>MGZL67-3: ZL-67, 20gal (75.7L) baril.<\/li>\n<li>MGZL67: ZL-67, 55gal (208L) baril.<\/li>\n<\/ul>\n","protected":false},"excerpt":{"rendered":"<p>Magnaflux Zyglo ZL-67, P\u00e9n\u00e9trant Fluorescent WW Niveau 3 P\u00e9n\u00e9trant fluorescent lavable \u00e0 l\u2019eau de niveau 3. Utilis\u00e9 sur des applications critiques, notamment des pi\u00e8ces de moulage \u00e0 la cire perdue, des composantes de moteurs \u00e0 r\u00e9action et surfaces hautement usin\u00e9es. MGZL67-1: ZL-67, 5gal (18.9L) chaudi\u00e8re. MGZL67-3: ZL-67, 20gal (75.7L) baril. MGZL67: ZL-67, 55gal (208L) baril.<\/p>\n","protected":false},"featured_media":11638,"template":"","meta":{"_monsterinsights_skip_tracking":false,"_monsterinsights_sitenote_active":false,"_monsterinsights_sitenote_note":"","_monsterinsights_sitenote_category":0},"product_brand":[],"product_cat":[369,120],"product_tag":[],"class_list":{"0":"post-3856","1":"product","2":"type-product","3":"status-publish","4":"has-post-thumbnail","6":"product_cat-magnaflux-fr","7":"product_cat-penetrants-fluorescents","9":"first","10":"instock","11":"shipping-taxable","12":"purchasable","13":"product-type-variable"},"yoast_head":"<!-- This site is optimized with the Yoast SEO plugin v23.9 - https:\/\/yoast.com\/wordpress\/plugins\/seo\/ -->\n<title>Magnaflux Zyglo ZL-67, P\u00e9n\u00e9trant Fluorescent WW Niveau 3 &#060; Qualit\u00e9 NDE<\/title>\n<meta name=\"description\" content=\"Magnaflux Zyglo ZL-67 , p\u00e9n\u00e9trant fluorescent lavable \u00e0 l&#039;eau de niveau de 3. Pour applications critiques. Disponible en chaudi\u00e8re ou baril.\" \/>\n<meta name=\"robots\" content=\"index, follow, max-snippet:-1, max-image-preview:large, max-video-preview:-1\" \/>\n<link rel=\"canonical\" href=\"https:\/\/www.qnde.ca\/fr\/produit\/zl-67\/\" \/>\n<meta name=\"twitter:label1\" content=\"Dur\u00e9e de lecture estim\u00e9e\" \/>\n\t<meta name=\"twitter:data1\" content=\"1 minute\" \/>\n<script type=\"application\/ld+json\" class=\"yoast-schema-graph\">{\"@context\":\"https:\/\/schema.org\",\"@graph\":[{\"@type\":[\"WebPage\",\"ItemPage\"],\"@id\":\"https:\/\/www.qnde.ca\/fr\/produit\/zl-67\/\",\"url\":\"https:\/\/www.qnde.ca\/fr\/produit\/zl-67\/\",\"name\":\"Magnaflux Zyglo ZL-67, P\u00e9n\u00e9trant Fluorescent WW Niveau 3 &#060; Qualit\u00e9 NDE\",\"isPartOf\":{\"@id\":\"https:\/\/www.qnde.ca\/#website\"},\"primaryImageOfPage\":{\"@id\":\"https:\/\/www.qnde.ca\/fr\/produit\/zl-67\/#primaryimage\"},\"image\":{\"@id\":\"https:\/\/www.qnde.ca\/fr\/produit\/zl-67\/#primaryimage\"},\"thumbnailUrl\":\"https:\/\/www.qnde.ca\/wp-content\/uploads\/2016\/01\/ZL-67-Group.jpg\",\"datePublished\":\"2016-01-07T16:18:31+00:00\",\"dateModified\":\"2025-08-14T15:32:28+00:00\",\"description\":\"Magnaflux Zyglo ZL-67 , p\u00e9n\u00e9trant fluorescent lavable \u00e0 l'eau de niveau de 3. Pour applications critiques. Disponible en chaudi\u00e8re ou baril.\",\"breadcrumb\":{\"@id\":\"https:\/\/www.qnde.ca\/fr\/produit\/zl-67\/#breadcrumb\"},\"inLanguage\":\"fr-FR\",\"potentialAction\":[{\"@type\":\"ReadAction\",\"target\":[\"https:\/\/www.qnde.ca\/fr\/produit\/zl-67\/\"]}]},{\"@type\":\"ImageObject\",\"inLanguage\":\"fr-FR\",\"@id\":\"https:\/\/www.qnde.ca\/fr\/produit\/zl-67\/#primaryimage\",\"url\":\"https:\/\/www.qnde.ca\/wp-content\/uploads\/2016\/01\/ZL-67-Group.jpg\",\"contentUrl\":\"https:\/\/www.qnde.ca\/wp-content\/uploads\/2016\/01\/ZL-67-Group.jpg\",\"width\":2000,\"height\":2000},{\"@type\":\"BreadcrumbList\",\"@id\":\"https:\/\/www.qnde.ca\/fr\/produit\/zl-67\/#breadcrumb\",\"itemListElement\":[{\"@type\":\"ListItem\",\"position\":1,\"name\":\"Accueil\",\"item\":\"https:\/\/www.qnde.ca\/fr\/\"},{\"@type\":\"ListItem\",\"position\":2,\"name\":\"Produits\",\"item\":\"https:\/\/www.qnde.ca\/fr\/produits\/\"},{\"@type\":\"ListItem\",\"position\":3,\"name\":\"Marques\",\"item\":\"https:\/\/www.qnde.ca\/fr\/product-category\/marques\/\"},{\"@type\":\"ListItem\",\"position\":4,\"name\":\"Magnaflux\",\"item\":\"https:\/\/www.qnde.ca\/fr\/product-category\/marques\/magnaflux-fr\/\"},{\"@type\":\"ListItem\",\"position\":5,\"name\":\"Magnaflux Zyglo ZL-67, P\u00e9n\u00e9trant Fluorescent WW Niveau 3\"}]},{\"@type\":\"WebSite\",\"@id\":\"https:\/\/www.qnde.ca\/#website\",\"url\":\"https:\/\/www.qnde.ca\/\",\"name\":\"Qualit\u00e9 NDE\",\"description\":\"\u00c9quipements d&#039;essais non destructifs \",\"publisher\":{\"@id\":\"https:\/\/www.qnde.ca\/#organization\"},\"potentialAction\":[{\"@type\":\"SearchAction\",\"target\":{\"@type\":\"EntryPoint\",\"urlTemplate\":\"https:\/\/www.qnde.ca\/?s={search_term_string}\"},\"query-input\":{\"@type\":\"PropertyValueSpecification\",\"valueRequired\":true,\"valueName\":\"search_term_string\"}}],\"inLanguage\":\"fr-FR\"},{\"@type\":\"Organization\",\"@id\":\"https:\/\/www.qnde.ca\/#organization\",\"name\":\"Quality NDT Ltd.\",\"url\":\"https:\/\/www.qnde.ca\/\",\"logo\":{\"@type\":\"ImageObject\",\"inLanguage\":\"fr-FR\",\"@id\":\"https:\/\/www.qnde.ca\/#\/schema\/logo\/image\/\",\"url\":\"https:\/\/www.qnde.ca\/wp-content\/uploads\/2022\/02\/QNDE_logo_RGB-gif.gif\",\"contentUrl\":\"https:\/\/www.qnde.ca\/wp-content\/uploads\/2022\/02\/QNDE_logo_RGB-gif.gif\",\"width\":250,\"height\":64,\"caption\":\"Quality NDT Ltd.\"},\"image\":{\"@id\":\"https:\/\/www.qnde.ca\/#\/schema\/logo\/image\/\"},\"sameAs\":[\"https:\/\/www.linkedin.com\/company\/qnde\/about\/?viewAsMember=true\"]}]}<\/script>\n<!-- \/ Yoast SEO plugin. -->","yoast_head_json":{"title":"Magnaflux Zyglo ZL-67, P\u00e9n\u00e9trant Fluorescent WW Niveau 3 &#060; Qualit\u00e9 NDE","description":"Magnaflux Zyglo ZL-67 , p\u00e9n\u00e9trant fluorescent lavable \u00e0 l'eau de niveau de 3. Pour applications critiques. Disponible en chaudi\u00e8re ou baril.","robots":{"index":"index","follow":"follow","max-snippet":"max-snippet:-1","max-image-preview":"max-image-preview:large","max-video-preview":"max-video-preview:-1"},"canonical":"https:\/\/www.qnde.ca\/fr\/produit\/zl-67\/","twitter_misc":{"Dur\u00e9e de lecture estim\u00e9e":"1 minute"},"schema":{"@context":"https:\/\/schema.org","@graph":[{"@type":["WebPage","ItemPage"],"@id":"https:\/\/www.qnde.ca\/fr\/produit\/zl-67\/","url":"https:\/\/www.qnde.ca\/fr\/produit\/zl-67\/","name":"Magnaflux Zyglo ZL-67, P\u00e9n\u00e9trant Fluorescent WW Niveau 3 &#060; Qualit\u00e9 NDE","isPartOf":{"@id":"https:\/\/www.qnde.ca\/#website"},"primaryImageOfPage":{"@id":"https:\/\/www.qnde.ca\/fr\/produit\/zl-67\/#primaryimage"},"image":{"@id":"https:\/\/www.qnde.ca\/fr\/produit\/zl-67\/#primaryimage"},"thumbnailUrl":"https:\/\/www.qnde.ca\/wp-content\/uploads\/2016\/01\/ZL-67-Group.jpg","datePublished":"2016-01-07T16:18:31+00:00","dateModified":"2025-08-14T15:32:28+00:00","description":"Magnaflux Zyglo ZL-67 , p\u00e9n\u00e9trant fluorescent lavable \u00e0 l'eau de niveau de 3. Pour applications critiques. Disponible en chaudi\u00e8re ou baril.","breadcrumb":{"@id":"https:\/\/www.qnde.ca\/fr\/produit\/zl-67\/#breadcrumb"},"inLanguage":"fr-FR","potentialAction":[{"@type":"ReadAction","target":["https:\/\/www.qnde.ca\/fr\/produit\/zl-67\/"]}]},{"@type":"ImageObject","inLanguage":"fr-FR","@id":"https:\/\/www.qnde.ca\/fr\/produit\/zl-67\/#primaryimage","url":"https:\/\/www.qnde.ca\/wp-content\/uploads\/2016\/01\/ZL-67-Group.jpg","contentUrl":"https:\/\/www.qnde.ca\/wp-content\/uploads\/2016\/01\/ZL-67-Group.jpg","width":2000,"height":2000},{"@type":"BreadcrumbList","@id":"https:\/\/www.qnde.ca\/fr\/produit\/zl-67\/#breadcrumb","itemListElement":[{"@type":"ListItem","position":1,"name":"Accueil","item":"https:\/\/www.qnde.ca\/fr\/"},{"@type":"ListItem","position":2,"name":"Produits","item":"https:\/\/www.qnde.ca\/fr\/produits\/"},{"@type":"ListItem","position":3,"name":"Marques","item":"https:\/\/www.qnde.ca\/fr\/product-category\/marques\/"},{"@type":"ListItem","position":4,"name":"Magnaflux","item":"https:\/\/www.qnde.ca\/fr\/product-category\/marques\/magnaflux-fr\/"},{"@type":"ListItem","position":5,"name":"Magnaflux Zyglo ZL-67, P\u00e9n\u00e9trant Fluorescent WW Niveau 3"}]},{"@type":"WebSite","@id":"https:\/\/www.qnde.ca\/#website","url":"https:\/\/www.qnde.ca\/","name":"Qualit\u00e9 NDE","description":"\u00c9quipements d&#039;essais non destructifs ","publisher":{"@id":"https:\/\/www.qnde.ca\/#organization"},"potentialAction":[{"@type":"SearchAction","target":{"@type":"EntryPoint","urlTemplate":"https:\/\/www.qnde.ca\/?s={search_term_string}"},"query-input":{"@type":"PropertyValueSpecification","valueRequired":true,"valueName":"search_term_string"}}],"inLanguage":"fr-FR"},{"@type":"Organization","@id":"https:\/\/www.qnde.ca\/#organization","name":"Quality NDT Ltd.","url":"https:\/\/www.qnde.ca\/","logo":{"@type":"ImageObject","inLanguage":"fr-FR","@id":"https:\/\/www.qnde.ca\/#\/schema\/logo\/image\/","url":"https:\/\/www.qnde.ca\/wp-content\/uploads\/2022\/02\/QNDE_logo_RGB-gif.gif","contentUrl":"https:\/\/www.qnde.ca\/wp-content\/uploads\/2022\/02\/QNDE_logo_RGB-gif.gif","width":250,"height":64,"caption":"Quality NDT Ltd."},"image":{"@id":"https:\/\/www.qnde.ca\/#\/schema\/logo\/image\/"},"sameAs":["https:\/\/www.linkedin.com\/company\/qnde\/about\/?viewAsMember=true"]}]}},"jetpack_sharing_enabled":true,"_links":{"self":[{"href":"https:\/\/www.qnde.ca\/fr\/wp-json\/wp\/v2\/product\/3856","targetHints":{"allow":["GET"]}}],"collection":[{"href":"https:\/\/www.qnde.ca\/fr\/wp-json\/wp\/v2\/product"}],"about":[{"href":"https:\/\/www.qnde.ca\/fr\/wp-json\/wp\/v2\/types\/product"}],"wp:featuredmedia":[{"embeddable":true,"href":"https:\/\/www.qnde.ca\/fr\/wp-json\/wp\/v2\/media\/11638"}],"wp:attachment":[{"href":"https:\/\/www.qnde.ca\/fr\/wp-json\/wp\/v2\/media?parent=3856"}],"wp:term":[{"taxonomy":"product_brand","embeddable":true,"href":"https:\/\/www.qnde.ca\/fr\/wp-json\/wp\/v2\/product_brand?post=3856"},{"taxonomy":"product_cat","embeddable":true,"href":"https:\/\/www.qnde.ca\/fr\/wp-json\/wp\/v2\/product_cat?post=3856"},{"taxonomy":"product_tag","embeddable":true,"href":"https:\/\/www.qnde.ca\/fr\/wp-json\/wp\/v2\/product_tag?post=3856"}],"curies":[{"name":"wp","href":"https:\/\/api.w.org\/{rel}","templated":true}]}}