{"id":3802,"date":"2016-01-07T15:38:33","date_gmt":"2016-01-07T15:38:33","guid":{"rendered":"https:\/\/www.qnde.ca\/?post_type=product&#038;p=3802"},"modified":"2025-08-14T12:02:03","modified_gmt":"2025-08-14T16:02:03","slug":"zl-15b","status":"publish","type":"product","link":"https:\/\/www.qnde.ca\/fr\/produit\/zl-15b\/","title":{"rendered":"Magnalfux Zyglo ZL-15B, P\u00e9n\u00e9trant Fluorescent WW Niveau 1\/2"},"content":{"rendered":"<h3><strong>Magnalfux Zyglo ZL-15B, P\u00e9n\u00e9trant Fluorescent WW Niveau 1\/2<\/strong><\/h3>\n<p>Niveau 1\/2, p\u00e9n\u00e9trant fluorescent lavable \u00e0 l\u2019eau.<\/p>\n<ul>\n<li>MGZL15B-1: ZL-15B, 5gal (18.9L) chaudi\u00e8re.<\/li>\n<li>MGZL15B: ZL-15B, 55gal (208L) baril.<\/li>\n<\/ul>\n","protected":false},"excerpt":{"rendered":"<p>Magnalfux Zyglo ZL-15B, P\u00e9n\u00e9trant Fluorescent WW Niveau 1\/2 Niveau 1\/2, p\u00e9n\u00e9trant fluorescent lavable \u00e0 l\u2019eau. MGZL15B-1: ZL-15B, 5gal (18.9L) chaudi\u00e8re. MGZL15B: ZL-15B, 55gal (208L) baril.<\/p>\n","protected":false},"featured_media":11621,"template":"","meta":{"_monsterinsights_skip_tracking":false,"_monsterinsights_sitenote_active":false,"_monsterinsights_sitenote_note":"","_monsterinsights_sitenote_category":0},"product_brand":[],"product_cat":[120],"product_tag":[],"class_list":{"0":"post-3802","1":"product","2":"type-product","3":"status-publish","4":"has-post-thumbnail","6":"product_cat-penetrants-fluorescents","8":"first","9":"instock","10":"shipping-taxable","11":"purchasable","12":"product-type-variable"},"yoast_head":"<!-- This site is optimized with the Yoast SEO plugin v23.9 - https:\/\/yoast.com\/wordpress\/plugins\/seo\/ -->\n<title>Magnalfux Zyglo ZL-15B, P\u00e9n\u00e9trant Fluorescent WW Niveau 1\/2 &#060; Qualit\u00e9 NDE<\/title>\n<meta name=\"description\" content=\"Magnaflux Zyglo ZL-15B , p\u00e9n\u00e9trant fluorescent lavable \u00e0 l&#039;eau niveau 1\/2. Disponible en chaudi\u00e8re 5gal (18.9L) ou en baril 55gal (208L).\" \/>\n<meta name=\"robots\" content=\"index, follow, max-snippet:-1, max-image-preview:large, max-video-preview:-1\" \/>\n<link rel=\"canonical\" href=\"https:\/\/www.qnde.ca\/fr\/produit\/zl-15b\/\" \/>\n<meta name=\"twitter:label1\" content=\"Dur\u00e9e de lecture estim\u00e9e\" \/>\n\t<meta name=\"twitter:data1\" content=\"1 minute\" \/>\n<script type=\"application\/ld+json\" class=\"yoast-schema-graph\">{\"@context\":\"https:\/\/schema.org\",\"@graph\":[{\"@type\":[\"WebPage\",\"ItemPage\"],\"@id\":\"https:\/\/www.qnde.ca\/fr\/produit\/zl-15b\/\",\"url\":\"https:\/\/www.qnde.ca\/fr\/produit\/zl-15b\/\",\"name\":\"Magnalfux Zyglo ZL-15B, P\u00e9n\u00e9trant Fluorescent WW Niveau 1\/2 &#060; Qualit\u00e9 NDE\",\"isPartOf\":{\"@id\":\"https:\/\/www.qnde.ca\/#website\"},\"primaryImageOfPage\":{\"@id\":\"https:\/\/www.qnde.ca\/fr\/produit\/zl-15b\/#primaryimage\"},\"image\":{\"@id\":\"https:\/\/www.qnde.ca\/fr\/produit\/zl-15b\/#primaryimage\"},\"thumbnailUrl\":\"https:\/\/www.qnde.ca\/wp-content\/uploads\/2016\/01\/ZL-15B-Group.jpg\",\"datePublished\":\"2016-01-07T15:38:33+00:00\",\"dateModified\":\"2025-08-14T16:02:03+00:00\",\"description\":\"Magnaflux Zyglo ZL-15B , p\u00e9n\u00e9trant fluorescent lavable \u00e0 l'eau niveau 1\/2. Disponible en chaudi\u00e8re 5gal (18.9L) ou en baril 55gal (208L).\",\"breadcrumb\":{\"@id\":\"https:\/\/www.qnde.ca\/fr\/produit\/zl-15b\/#breadcrumb\"},\"inLanguage\":\"fr-FR\",\"potentialAction\":[{\"@type\":\"ReadAction\",\"target\":[\"https:\/\/www.qnde.ca\/fr\/produit\/zl-15b\/\"]}]},{\"@type\":\"ImageObject\",\"inLanguage\":\"fr-FR\",\"@id\":\"https:\/\/www.qnde.ca\/fr\/produit\/zl-15b\/#primaryimage\",\"url\":\"https:\/\/www.qnde.ca\/wp-content\/uploads\/2016\/01\/ZL-15B-Group.jpg\",\"contentUrl\":\"https:\/\/www.qnde.ca\/wp-content\/uploads\/2016\/01\/ZL-15B-Group.jpg\",\"width\":2000,\"height\":2000},{\"@type\":\"BreadcrumbList\",\"@id\":\"https:\/\/www.qnde.ca\/fr\/produit\/zl-15b\/#breadcrumb\",\"itemListElement\":[{\"@type\":\"ListItem\",\"position\":1,\"name\":\"Accueil\",\"item\":\"https:\/\/www.qnde.ca\/fr\/\"},{\"@type\":\"ListItem\",\"position\":2,\"name\":\"Produits\",\"item\":\"https:\/\/www.qnde.ca\/fr\/produits\/\"},{\"@type\":\"ListItem\",\"position\":3,\"name\":\"Ressuage\",\"item\":\"https:\/\/www.qnde.ca\/fr\/product-category\/ressuage\/\"},{\"@type\":\"ListItem\",\"position\":4,\"name\":\"P\u00e9n\u00e9trants Fluorescents\",\"item\":\"https:\/\/www.qnde.ca\/fr\/product-category\/ressuage\/penetrants-fluorescents\/\"},{\"@type\":\"ListItem\",\"position\":5,\"name\":\"Magnalfux Zyglo ZL-15B, P\u00e9n\u00e9trant Fluorescent WW Niveau 1\/2\"}]},{\"@type\":\"WebSite\",\"@id\":\"https:\/\/www.qnde.ca\/#website\",\"url\":\"https:\/\/www.qnde.ca\/\",\"name\":\"Qualit\u00e9 NDE\",\"description\":\"\u00c9quipements d&#039;essais non destructifs \",\"publisher\":{\"@id\":\"https:\/\/www.qnde.ca\/#organization\"},\"potentialAction\":[{\"@type\":\"SearchAction\",\"target\":{\"@type\":\"EntryPoint\",\"urlTemplate\":\"https:\/\/www.qnde.ca\/?s={search_term_string}\"},\"query-input\":{\"@type\":\"PropertyValueSpecification\",\"valueRequired\":true,\"valueName\":\"search_term_string\"}}],\"inLanguage\":\"fr-FR\"},{\"@type\":\"Organization\",\"@id\":\"https:\/\/www.qnde.ca\/#organization\",\"name\":\"Quality NDT Ltd.\",\"url\":\"https:\/\/www.qnde.ca\/\",\"logo\":{\"@type\":\"ImageObject\",\"inLanguage\":\"fr-FR\",\"@id\":\"https:\/\/www.qnde.ca\/#\/schema\/logo\/image\/\",\"url\":\"https:\/\/www.qnde.ca\/wp-content\/uploads\/2022\/02\/QNDE_logo_RGB-gif.gif\",\"contentUrl\":\"https:\/\/www.qnde.ca\/wp-content\/uploads\/2022\/02\/QNDE_logo_RGB-gif.gif\",\"width\":250,\"height\":64,\"caption\":\"Quality NDT Ltd.\"},\"image\":{\"@id\":\"https:\/\/www.qnde.ca\/#\/schema\/logo\/image\/\"},\"sameAs\":[\"https:\/\/www.linkedin.com\/company\/qnde\/about\/?viewAsMember=true\"]}]}<\/script>\n<!-- \/ Yoast SEO plugin. -->","yoast_head_json":{"title":"Magnalfux Zyglo ZL-15B, P\u00e9n\u00e9trant Fluorescent WW Niveau 1\/2 &#060; Qualit\u00e9 NDE","description":"Magnaflux Zyglo ZL-15B , p\u00e9n\u00e9trant fluorescent lavable \u00e0 l'eau niveau 1\/2. Disponible en chaudi\u00e8re 5gal (18.9L) ou en baril 55gal (208L).","robots":{"index":"index","follow":"follow","max-snippet":"max-snippet:-1","max-image-preview":"max-image-preview:large","max-video-preview":"max-video-preview:-1"},"canonical":"https:\/\/www.qnde.ca\/fr\/produit\/zl-15b\/","twitter_misc":{"Dur\u00e9e de lecture estim\u00e9e":"1 minute"},"schema":{"@context":"https:\/\/schema.org","@graph":[{"@type":["WebPage","ItemPage"],"@id":"https:\/\/www.qnde.ca\/fr\/produit\/zl-15b\/","url":"https:\/\/www.qnde.ca\/fr\/produit\/zl-15b\/","name":"Magnalfux Zyglo ZL-15B, P\u00e9n\u00e9trant Fluorescent WW Niveau 1\/2 &#060; Qualit\u00e9 NDE","isPartOf":{"@id":"https:\/\/www.qnde.ca\/#website"},"primaryImageOfPage":{"@id":"https:\/\/www.qnde.ca\/fr\/produit\/zl-15b\/#primaryimage"},"image":{"@id":"https:\/\/www.qnde.ca\/fr\/produit\/zl-15b\/#primaryimage"},"thumbnailUrl":"https:\/\/www.qnde.ca\/wp-content\/uploads\/2016\/01\/ZL-15B-Group.jpg","datePublished":"2016-01-07T15:38:33+00:00","dateModified":"2025-08-14T16:02:03+00:00","description":"Magnaflux Zyglo ZL-15B , p\u00e9n\u00e9trant fluorescent lavable \u00e0 l'eau niveau 1\/2. Disponible en chaudi\u00e8re 5gal (18.9L) ou en baril 55gal (208L).","breadcrumb":{"@id":"https:\/\/www.qnde.ca\/fr\/produit\/zl-15b\/#breadcrumb"},"inLanguage":"fr-FR","potentialAction":[{"@type":"ReadAction","target":["https:\/\/www.qnde.ca\/fr\/produit\/zl-15b\/"]}]},{"@type":"ImageObject","inLanguage":"fr-FR","@id":"https:\/\/www.qnde.ca\/fr\/produit\/zl-15b\/#primaryimage","url":"https:\/\/www.qnde.ca\/wp-content\/uploads\/2016\/01\/ZL-15B-Group.jpg","contentUrl":"https:\/\/www.qnde.ca\/wp-content\/uploads\/2016\/01\/ZL-15B-Group.jpg","width":2000,"height":2000},{"@type":"BreadcrumbList","@id":"https:\/\/www.qnde.ca\/fr\/produit\/zl-15b\/#breadcrumb","itemListElement":[{"@type":"ListItem","position":1,"name":"Accueil","item":"https:\/\/www.qnde.ca\/fr\/"},{"@type":"ListItem","position":2,"name":"Produits","item":"https:\/\/www.qnde.ca\/fr\/produits\/"},{"@type":"ListItem","position":3,"name":"Ressuage","item":"https:\/\/www.qnde.ca\/fr\/product-category\/ressuage\/"},{"@type":"ListItem","position":4,"name":"P\u00e9n\u00e9trants Fluorescents","item":"https:\/\/www.qnde.ca\/fr\/product-category\/ressuage\/penetrants-fluorescents\/"},{"@type":"ListItem","position":5,"name":"Magnalfux Zyglo ZL-15B, P\u00e9n\u00e9trant Fluorescent WW Niveau 1\/2"}]},{"@type":"WebSite","@id":"https:\/\/www.qnde.ca\/#website","url":"https:\/\/www.qnde.ca\/","name":"Qualit\u00e9 NDE","description":"\u00c9quipements d&#039;essais non destructifs ","publisher":{"@id":"https:\/\/www.qnde.ca\/#organization"},"potentialAction":[{"@type":"SearchAction","target":{"@type":"EntryPoint","urlTemplate":"https:\/\/www.qnde.ca\/?s={search_term_string}"},"query-input":{"@type":"PropertyValueSpecification","valueRequired":true,"valueName":"search_term_string"}}],"inLanguage":"fr-FR"},{"@type":"Organization","@id":"https:\/\/www.qnde.ca\/#organization","name":"Quality NDT Ltd.","url":"https:\/\/www.qnde.ca\/","logo":{"@type":"ImageObject","inLanguage":"fr-FR","@id":"https:\/\/www.qnde.ca\/#\/schema\/logo\/image\/","url":"https:\/\/www.qnde.ca\/wp-content\/uploads\/2022\/02\/QNDE_logo_RGB-gif.gif","contentUrl":"https:\/\/www.qnde.ca\/wp-content\/uploads\/2022\/02\/QNDE_logo_RGB-gif.gif","width":250,"height":64,"caption":"Quality NDT Ltd."},"image":{"@id":"https:\/\/www.qnde.ca\/#\/schema\/logo\/image\/"},"sameAs":["https:\/\/www.linkedin.com\/company\/qnde\/about\/?viewAsMember=true"]}]}},"jetpack_sharing_enabled":true,"_links":{"self":[{"href":"https:\/\/www.qnde.ca\/fr\/wp-json\/wp\/v2\/product\/3802","targetHints":{"allow":["GET"]}}],"collection":[{"href":"https:\/\/www.qnde.ca\/fr\/wp-json\/wp\/v2\/product"}],"about":[{"href":"https:\/\/www.qnde.ca\/fr\/wp-json\/wp\/v2\/types\/product"}],"wp:featuredmedia":[{"embeddable":true,"href":"https:\/\/www.qnde.ca\/fr\/wp-json\/wp\/v2\/media\/11621"}],"wp:attachment":[{"href":"https:\/\/www.qnde.ca\/fr\/wp-json\/wp\/v2\/media?parent=3802"}],"wp:term":[{"taxonomy":"product_brand","embeddable":true,"href":"https:\/\/www.qnde.ca\/fr\/wp-json\/wp\/v2\/product_brand?post=3802"},{"taxonomy":"product_cat","embeddable":true,"href":"https:\/\/www.qnde.ca\/fr\/wp-json\/wp\/v2\/product_cat?post=3802"},{"taxonomy":"product_tag","embeddable":true,"href":"https:\/\/www.qnde.ca\/fr\/wp-json\/wp\/v2\/product_tag?post=3802"}],"curies":[{"name":"wp","href":"https:\/\/api.w.org\/{rel}","templated":true}]}}