{"id":3794,"date":"2016-01-07T15:28:56","date_gmt":"2016-01-07T15:28:56","guid":{"rendered":"https:\/\/www.qnde.ca\/?post_type=product&#038;p=3794"},"modified":"2025-08-13T16:54:57","modified_gmt":"2025-08-13T20:54:57","slug":"paniers-fil-metallique-rond-carre-rectangle","status":"publish","type":"product","link":"https:\/\/www.qnde.ca\/fr\/produit\/paniers-fil-metallique-rond-carre-rectangle\/","title":{"rendered":"QNDE Panier en fil m\u00e9tallique &#8211; Fait sur mesure"},"content":{"rendered":"<h3><strong>QNDE Paniers en Fil M\u00e9tallique<\/strong><\/h3>\n<p id=\"ctl01_ctl00_cphMainContent_ProductTitle\">Permet le traitement simultan\u00e9 de plusieurs petites pi\u00e8ces. Construction robuste, sur mesure, selon vos besoins: (dimensions du panier, poids total des pi\u00e8ces, taille des pi\u00e8ces, hauteur des poign\u00e9es, empilable, \u00e9lectro-polie, acier inoxydable 304 ou 316, enduit de nylon).<\/p>\n","protected":false},"excerpt":{"rendered":"<p>QNDE Paniers en Fil M\u00e9tallique Permet le traitement simultan\u00e9 de plusieurs petites pi\u00e8ces. Construction robuste, sur mesure, selon vos besoins: (dimensions du panier, poids total des pi\u00e8ces, taille des pi\u00e8ces, hauteur des poign\u00e9es, empilable, \u00e9lectro-polie, acier inoxydable 304 ou 316, enduit de nylon).<\/p>\n","protected":false},"featured_media":10806,"template":"","meta":{"_monsterinsights_skip_tracking":false,"_monsterinsights_sitenote_active":false,"_monsterinsights_sitenote_note":"","_monsterinsights_sitenote_category":0},"product_brand":[],"product_cat":[392,123],"product_tag":[],"class_list":{"0":"post-3794","1":"product","2":"type-product","3":"status-publish","4":"has-post-thumbnail","6":"product_cat-qnde-fr","7":"product_cat-accessoires-ressuage","9":"first","10":"instock","11":"shipping-taxable","12":"purchasable","13":"product-type-simple"},"yoast_head":"<!-- This site is optimized with the Yoast SEO plugin v23.9 - https:\/\/yoast.com\/wordpress\/plugins\/seo\/ -->\n<title>QNDE Panier en fil m\u00e9tallique - Fait sur mesure &#060; Qualit\u00e9 NDE<\/title>\n<meta name=\"description\" content=\"Paniers en fil m\u00e9tallique sur mesure pour QNDE. Robustes, empilables, inox 304\/316, adapt\u00e9s au traitement simultan\u00e9 de petites pi\u00e8ces.\" \/>\n<meta name=\"robots\" content=\"index, follow, max-snippet:-1, max-image-preview:large, max-video-preview:-1\" \/>\n<link rel=\"canonical\" href=\"https:\/\/www.qnde.ca\/fr\/produit\/paniers-fil-metallique-rond-carre-rectangle\/\" \/>\n<meta name=\"twitter:label1\" content=\"Dur\u00e9e de lecture estim\u00e9e\" \/>\n\t<meta name=\"twitter:data1\" content=\"1 minute\" \/>\n<script type=\"application\/ld+json\" class=\"yoast-schema-graph\">{\"@context\":\"https:\/\/schema.org\",\"@graph\":[{\"@type\":[\"WebPage\",\"ItemPage\"],\"@id\":\"https:\/\/www.qnde.ca\/fr\/produit\/paniers-fil-metallique-rond-carre-rectangle\/\",\"url\":\"https:\/\/www.qnde.ca\/fr\/produit\/paniers-fil-metallique-rond-carre-rectangle\/\",\"name\":\"QNDE Panier en fil m\u00e9tallique - Fait sur mesure &#060; Qualit\u00e9 NDE\",\"isPartOf\":{\"@id\":\"https:\/\/www.qnde.ca\/#website\"},\"primaryImageOfPage\":{\"@id\":\"https:\/\/www.qnde.ca\/fr\/produit\/paniers-fil-metallique-rond-carre-rectangle\/#primaryimage\"},\"image\":{\"@id\":\"https:\/\/www.qnde.ca\/fr\/produit\/paniers-fil-metallique-rond-carre-rectangle\/#primaryimage\"},\"thumbnailUrl\":\"https:\/\/www.qnde.ca\/wp-content\/uploads\/2016\/01\/Basket-12dia-x-8H-0.25-opening-Mesh.-no.-4.jpg\",\"datePublished\":\"2016-01-07T15:28:56+00:00\",\"dateModified\":\"2025-08-13T20:54:57+00:00\",\"description\":\"Paniers en fil m\u00e9tallique sur mesure pour QNDE. Robustes, empilables, inox 304\/316, adapt\u00e9s au traitement simultan\u00e9 de petites pi\u00e8ces.\",\"breadcrumb\":{\"@id\":\"https:\/\/www.qnde.ca\/fr\/produit\/paniers-fil-metallique-rond-carre-rectangle\/#breadcrumb\"},\"inLanguage\":\"fr-FR\",\"potentialAction\":[{\"@type\":\"ReadAction\",\"target\":[\"https:\/\/www.qnde.ca\/fr\/produit\/paniers-fil-metallique-rond-carre-rectangle\/\"]}]},{\"@type\":\"ImageObject\",\"inLanguage\":\"fr-FR\",\"@id\":\"https:\/\/www.qnde.ca\/fr\/produit\/paniers-fil-metallique-rond-carre-rectangle\/#primaryimage\",\"url\":\"https:\/\/www.qnde.ca\/wp-content\/uploads\/2016\/01\/Basket-12dia-x-8H-0.25-opening-Mesh.-no.-4.jpg\",\"contentUrl\":\"https:\/\/www.qnde.ca\/wp-content\/uploads\/2016\/01\/Basket-12dia-x-8H-0.25-opening-Mesh.-no.-4.jpg\",\"width\":1000,\"height\":1000,\"caption\":\"Panier rond sur mesure\"},{\"@type\":\"BreadcrumbList\",\"@id\":\"https:\/\/www.qnde.ca\/fr\/produit\/paniers-fil-metallique-rond-carre-rectangle\/#breadcrumb\",\"itemListElement\":[{\"@type\":\"ListItem\",\"position\":1,\"name\":\"Accueil\",\"item\":\"https:\/\/www.qnde.ca\/fr\/\"},{\"@type\":\"ListItem\",\"position\":2,\"name\":\"Produits\",\"item\":\"https:\/\/www.qnde.ca\/fr\/produits\/\"},{\"@type\":\"ListItem\",\"position\":3,\"name\":\"Marques\",\"item\":\"https:\/\/www.qnde.ca\/fr\/product-category\/marques\/\"},{\"@type\":\"ListItem\",\"position\":4,\"name\":\"QNDE\",\"item\":\"https:\/\/www.qnde.ca\/fr\/product-category\/marques\/qnde-fr\/\"},{\"@type\":\"ListItem\",\"position\":5,\"name\":\"QNDE Panier en fil m\u00e9tallique &#8211; Fait sur mesure\"}]},{\"@type\":\"WebSite\",\"@id\":\"https:\/\/www.qnde.ca\/#website\",\"url\":\"https:\/\/www.qnde.ca\/\",\"name\":\"Qualit\u00e9 NDE\",\"description\":\"\u00c9quipements d&#039;essais non destructifs \",\"publisher\":{\"@id\":\"https:\/\/www.qnde.ca\/#organization\"},\"potentialAction\":[{\"@type\":\"SearchAction\",\"target\":{\"@type\":\"EntryPoint\",\"urlTemplate\":\"https:\/\/www.qnde.ca\/?s={search_term_string}\"},\"query-input\":{\"@type\":\"PropertyValueSpecification\",\"valueRequired\":true,\"valueName\":\"search_term_string\"}}],\"inLanguage\":\"fr-FR\"},{\"@type\":\"Organization\",\"@id\":\"https:\/\/www.qnde.ca\/#organization\",\"name\":\"Quality NDT Ltd.\",\"url\":\"https:\/\/www.qnde.ca\/\",\"logo\":{\"@type\":\"ImageObject\",\"inLanguage\":\"fr-FR\",\"@id\":\"https:\/\/www.qnde.ca\/#\/schema\/logo\/image\/\",\"url\":\"https:\/\/www.qnde.ca\/wp-content\/uploads\/2022\/02\/QNDE_logo_RGB-gif.gif\",\"contentUrl\":\"https:\/\/www.qnde.ca\/wp-content\/uploads\/2022\/02\/QNDE_logo_RGB-gif.gif\",\"width\":250,\"height\":64,\"caption\":\"Quality NDT Ltd.\"},\"image\":{\"@id\":\"https:\/\/www.qnde.ca\/#\/schema\/logo\/image\/\"},\"sameAs\":[\"https:\/\/www.linkedin.com\/company\/qnde\/about\/?viewAsMember=true\"]}]}<\/script>\n<!-- \/ Yoast SEO plugin. -->","yoast_head_json":{"title":"QNDE Panier en fil m\u00e9tallique - Fait sur mesure &#060; Qualit\u00e9 NDE","description":"Paniers en fil m\u00e9tallique sur mesure pour QNDE. Robustes, empilables, inox 304\/316, adapt\u00e9s au traitement simultan\u00e9 de petites pi\u00e8ces.","robots":{"index":"index","follow":"follow","max-snippet":"max-snippet:-1","max-image-preview":"max-image-preview:large","max-video-preview":"max-video-preview:-1"},"canonical":"https:\/\/www.qnde.ca\/fr\/produit\/paniers-fil-metallique-rond-carre-rectangle\/","twitter_misc":{"Dur\u00e9e de lecture estim\u00e9e":"1 minute"},"schema":{"@context":"https:\/\/schema.org","@graph":[{"@type":["WebPage","ItemPage"],"@id":"https:\/\/www.qnde.ca\/fr\/produit\/paniers-fil-metallique-rond-carre-rectangle\/","url":"https:\/\/www.qnde.ca\/fr\/produit\/paniers-fil-metallique-rond-carre-rectangle\/","name":"QNDE Panier en fil m\u00e9tallique - Fait sur mesure &#060; Qualit\u00e9 NDE","isPartOf":{"@id":"https:\/\/www.qnde.ca\/#website"},"primaryImageOfPage":{"@id":"https:\/\/www.qnde.ca\/fr\/produit\/paniers-fil-metallique-rond-carre-rectangle\/#primaryimage"},"image":{"@id":"https:\/\/www.qnde.ca\/fr\/produit\/paniers-fil-metallique-rond-carre-rectangle\/#primaryimage"},"thumbnailUrl":"https:\/\/www.qnde.ca\/wp-content\/uploads\/2016\/01\/Basket-12dia-x-8H-0.25-opening-Mesh.-no.-4.jpg","datePublished":"2016-01-07T15:28:56+00:00","dateModified":"2025-08-13T20:54:57+00:00","description":"Paniers en fil m\u00e9tallique sur mesure pour QNDE. Robustes, empilables, inox 304\/316, adapt\u00e9s au traitement simultan\u00e9 de petites pi\u00e8ces.","breadcrumb":{"@id":"https:\/\/www.qnde.ca\/fr\/produit\/paniers-fil-metallique-rond-carre-rectangle\/#breadcrumb"},"inLanguage":"fr-FR","potentialAction":[{"@type":"ReadAction","target":["https:\/\/www.qnde.ca\/fr\/produit\/paniers-fil-metallique-rond-carre-rectangle\/"]}]},{"@type":"ImageObject","inLanguage":"fr-FR","@id":"https:\/\/www.qnde.ca\/fr\/produit\/paniers-fil-metallique-rond-carre-rectangle\/#primaryimage","url":"https:\/\/www.qnde.ca\/wp-content\/uploads\/2016\/01\/Basket-12dia-x-8H-0.25-opening-Mesh.-no.-4.jpg","contentUrl":"https:\/\/www.qnde.ca\/wp-content\/uploads\/2016\/01\/Basket-12dia-x-8H-0.25-opening-Mesh.-no.-4.jpg","width":1000,"height":1000,"caption":"Panier rond sur mesure"},{"@type":"BreadcrumbList","@id":"https:\/\/www.qnde.ca\/fr\/produit\/paniers-fil-metallique-rond-carre-rectangle\/#breadcrumb","itemListElement":[{"@type":"ListItem","position":1,"name":"Accueil","item":"https:\/\/www.qnde.ca\/fr\/"},{"@type":"ListItem","position":2,"name":"Produits","item":"https:\/\/www.qnde.ca\/fr\/produits\/"},{"@type":"ListItem","position":3,"name":"Marques","item":"https:\/\/www.qnde.ca\/fr\/product-category\/marques\/"},{"@type":"ListItem","position":4,"name":"QNDE","item":"https:\/\/www.qnde.ca\/fr\/product-category\/marques\/qnde-fr\/"},{"@type":"ListItem","position":5,"name":"QNDE Panier en fil m\u00e9tallique &#8211; Fait sur mesure"}]},{"@type":"WebSite","@id":"https:\/\/www.qnde.ca\/#website","url":"https:\/\/www.qnde.ca\/","name":"Qualit\u00e9 NDE","description":"\u00c9quipements d&#039;essais non destructifs ","publisher":{"@id":"https:\/\/www.qnde.ca\/#organization"},"potentialAction":[{"@type":"SearchAction","target":{"@type":"EntryPoint","urlTemplate":"https:\/\/www.qnde.ca\/?s={search_term_string}"},"query-input":{"@type":"PropertyValueSpecification","valueRequired":true,"valueName":"search_term_string"}}],"inLanguage":"fr-FR"},{"@type":"Organization","@id":"https:\/\/www.qnde.ca\/#organization","name":"Quality NDT Ltd.","url":"https:\/\/www.qnde.ca\/","logo":{"@type":"ImageObject","inLanguage":"fr-FR","@id":"https:\/\/www.qnde.ca\/#\/schema\/logo\/image\/","url":"https:\/\/www.qnde.ca\/wp-content\/uploads\/2022\/02\/QNDE_logo_RGB-gif.gif","contentUrl":"https:\/\/www.qnde.ca\/wp-content\/uploads\/2022\/02\/QNDE_logo_RGB-gif.gif","width":250,"height":64,"caption":"Quality NDT Ltd."},"image":{"@id":"https:\/\/www.qnde.ca\/#\/schema\/logo\/image\/"},"sameAs":["https:\/\/www.linkedin.com\/company\/qnde\/about\/?viewAsMember=true"]}]}},"jetpack_sharing_enabled":true,"_links":{"self":[{"href":"https:\/\/www.qnde.ca\/fr\/wp-json\/wp\/v2\/product\/3794","targetHints":{"allow":["GET"]}}],"collection":[{"href":"https:\/\/www.qnde.ca\/fr\/wp-json\/wp\/v2\/product"}],"about":[{"href":"https:\/\/www.qnde.ca\/fr\/wp-json\/wp\/v2\/types\/product"}],"wp:featuredmedia":[{"embeddable":true,"href":"https:\/\/www.qnde.ca\/fr\/wp-json\/wp\/v2\/media\/10806"}],"wp:attachment":[{"href":"https:\/\/www.qnde.ca\/fr\/wp-json\/wp\/v2\/media?parent=3794"}],"wp:term":[{"taxonomy":"product_brand","embeddable":true,"href":"https:\/\/www.qnde.ca\/fr\/wp-json\/wp\/v2\/product_brand?post=3794"},{"taxonomy":"product_cat","embeddable":true,"href":"https:\/\/www.qnde.ca\/fr\/wp-json\/wp\/v2\/product_cat?post=3794"},{"taxonomy":"product_tag","embeddable":true,"href":"https:\/\/www.qnde.ca\/fr\/wp-json\/wp\/v2\/product_tag?post=3794"}],"curies":[{"name":"wp","href":"https:\/\/api.w.org\/{rel}","templated":true}]}}