{"id":3741,"date":"2016-01-07T14:38:38","date_gmt":"2016-01-07T14:38:38","guid":{"rendered":"https:\/\/www.qnde.ca\/?post_type=product&#038;p=3741"},"modified":"2025-08-14T10:42:03","modified_gmt":"2025-08-14T14:42:03","slug":"skl-4c","status":"publish","type":"product","link":"https:\/\/www.qnde.ca\/fr\/produit\/skl-4c\/","title":{"rendered":"Magnaflux Spotcheck SKL-4C, P\u00e9n\u00e9trant Visible\/Fluorescent \u00e0 Base d\u2019Eau"},"content":{"rendered":"<h3><strong>Magnaflux Spotcheck SKL-4C, P\u00e9n\u00e9trant Visible\/Fluorescent \u00e0 Base d\u2019Eau<\/strong><\/h3>\n<p>P\u00e9n\u00e9trant \u00e0 base d\u2019eau, lavable \u00e0 l\u2019eau, rouge clair \u00e0 la lumi\u00e8re du jour et orange fluorescent sous lumi\u00e8re UV. Con\u00e7u sp\u00e9cialement pour les plastiques sensibles aux produits chimiques et pour la d\u00e9tection de fuites.<\/p>\n<ul>\n<li>MGSKL4C-1: SKL-4C, 5gal (18.9L) chaudi\u00e8re.<\/li>\n<li>MGSKL4C: SKL-4C, 55gal (208L) baril.<\/li>\n<\/ul>\n","protected":false},"excerpt":{"rendered":"<p>Magnaflux Spotcheck SKL-4C, P\u00e9n\u00e9trant Visible\/Fluorescent \u00e0 Base d\u2019Eau P\u00e9n\u00e9trant \u00e0 base d\u2019eau, lavable \u00e0 l\u2019eau, rouge clair \u00e0 la lumi\u00e8re du jour et orange fluorescent sous lumi\u00e8re UV. Con\u00e7u sp\u00e9cialement pour les plastiques sensibles aux produits chimiques et pour la d\u00e9tection de fuites. MGSKL4C-1: SKL-4C, 5gal (18.9L) chaudi\u00e8re. MGSKL4C: SKL-4C, 55gal (208L) baril.<\/p>\n","protected":false},"featured_media":3744,"template":"","meta":{"_monsterinsights_skip_tracking":false,"_monsterinsights_sitenote_active":false,"_monsterinsights_sitenote_note":"","_monsterinsights_sitenote_category":0},"product_brand":[],"product_cat":[369,120,119],"product_tag":[],"class_list":{"0":"post-3741","1":"product","2":"type-product","3":"status-publish","4":"has-post-thumbnail","6":"product_cat-magnaflux-fr","7":"product_cat-penetrants-fluorescents","8":"product_cat-penetrants-visibles","10":"first","11":"instock","12":"shipping-taxable","13":"purchasable","14":"product-type-variable"},"yoast_head":"<!-- This site is optimized with the Yoast SEO plugin v23.9 - https:\/\/yoast.com\/wordpress\/plugins\/seo\/ -->\n<title>Magnaflux Spotcheck SKL-4C, P\u00e9n\u00e9trant Visible\/Fluorescent \u00e0 Base d\u2019Eau &#060; Qualit\u00e9 NDE<\/title>\n<meta name=\"description\" content=\"Magnaflux Spotcheck SKL-4C , p\u00e9n\u00e9trant \u00e0 base d&#039;eau.Con\u00e7u sp\u00e9cialement pour les plastiques sensibles aux produits chimiques et pour la d\u00e9tection de fuites.\" \/>\n<meta name=\"robots\" content=\"index, follow, max-snippet:-1, max-image-preview:large, max-video-preview:-1\" \/>\n<link rel=\"canonical\" href=\"https:\/\/www.qnde.ca\/fr\/produit\/skl-4c\/\" \/>\n<meta name=\"twitter:label1\" content=\"Dur\u00e9e de lecture estim\u00e9e\" \/>\n\t<meta name=\"twitter:data1\" content=\"1 minute\" \/>\n<script type=\"application\/ld+json\" class=\"yoast-schema-graph\">{\"@context\":\"https:\/\/schema.org\",\"@graph\":[{\"@type\":[\"WebPage\",\"ItemPage\"],\"@id\":\"https:\/\/www.qnde.ca\/fr\/produit\/skl-4c\/\",\"url\":\"https:\/\/www.qnde.ca\/fr\/produit\/skl-4c\/\",\"name\":\"Magnaflux Spotcheck SKL-4C, P\u00e9n\u00e9trant Visible\/Fluorescent \u00e0 Base d\u2019Eau &#060; Qualit\u00e9 NDE\",\"isPartOf\":{\"@id\":\"https:\/\/www.qnde.ca\/#website\"},\"primaryImageOfPage\":{\"@id\":\"https:\/\/www.qnde.ca\/fr\/produit\/skl-4c\/#primaryimage\"},\"image\":{\"@id\":\"https:\/\/www.qnde.ca\/fr\/produit\/skl-4c\/#primaryimage\"},\"thumbnailUrl\":\"https:\/\/www.qnde.ca\/wp-content\/uploads\/2016\/01\/SKL-4C.jpg\",\"datePublished\":\"2016-01-07T14:38:38+00:00\",\"dateModified\":\"2025-08-14T14:42:03+00:00\",\"description\":\"Magnaflux Spotcheck SKL-4C , p\u00e9n\u00e9trant \u00e0 base d'eau.Con\u00e7u sp\u00e9cialement pour les plastiques sensibles aux produits chimiques et pour la d\u00e9tection de fuites.\",\"breadcrumb\":{\"@id\":\"https:\/\/www.qnde.ca\/fr\/produit\/skl-4c\/#breadcrumb\"},\"inLanguage\":\"fr-FR\",\"potentialAction\":[{\"@type\":\"ReadAction\",\"target\":[\"https:\/\/www.qnde.ca\/fr\/produit\/skl-4c\/\"]}]},{\"@type\":\"ImageObject\",\"inLanguage\":\"fr-FR\",\"@id\":\"https:\/\/www.qnde.ca\/fr\/produit\/skl-4c\/#primaryimage\",\"url\":\"https:\/\/www.qnde.ca\/wp-content\/uploads\/2016\/01\/SKL-4C.jpg\",\"contentUrl\":\"https:\/\/www.qnde.ca\/wp-content\/uploads\/2016\/01\/SKL-4C.jpg\",\"width\":1015,\"height\":1024},{\"@type\":\"BreadcrumbList\",\"@id\":\"https:\/\/www.qnde.ca\/fr\/produit\/skl-4c\/#breadcrumb\",\"itemListElement\":[{\"@type\":\"ListItem\",\"position\":1,\"name\":\"Accueil\",\"item\":\"https:\/\/www.qnde.ca\/fr\/\"},{\"@type\":\"ListItem\",\"position\":2,\"name\":\"Produits\",\"item\":\"https:\/\/www.qnde.ca\/fr\/produits\/\"},{\"@type\":\"ListItem\",\"position\":3,\"name\":\"Marques\",\"item\":\"https:\/\/www.qnde.ca\/fr\/product-category\/marques\/\"},{\"@type\":\"ListItem\",\"position\":4,\"name\":\"Magnaflux\",\"item\":\"https:\/\/www.qnde.ca\/fr\/product-category\/marques\/magnaflux-fr\/\"},{\"@type\":\"ListItem\",\"position\":5,\"name\":\"Magnaflux Spotcheck SKL-4C, P\u00e9n\u00e9trant Visible\/Fluorescent \u00e0 Base d\u2019Eau\"}]},{\"@type\":\"WebSite\",\"@id\":\"https:\/\/www.qnde.ca\/#website\",\"url\":\"https:\/\/www.qnde.ca\/\",\"name\":\"Qualit\u00e9 NDE\",\"description\":\"\u00c9quipements d&#039;essais non destructifs \",\"publisher\":{\"@id\":\"https:\/\/www.qnde.ca\/#organization\"},\"potentialAction\":[{\"@type\":\"SearchAction\",\"target\":{\"@type\":\"EntryPoint\",\"urlTemplate\":\"https:\/\/www.qnde.ca\/?s={search_term_string}\"},\"query-input\":{\"@type\":\"PropertyValueSpecification\",\"valueRequired\":true,\"valueName\":\"search_term_string\"}}],\"inLanguage\":\"fr-FR\"},{\"@type\":\"Organization\",\"@id\":\"https:\/\/www.qnde.ca\/#organization\",\"name\":\"Quality NDT Ltd.\",\"url\":\"https:\/\/www.qnde.ca\/\",\"logo\":{\"@type\":\"ImageObject\",\"inLanguage\":\"fr-FR\",\"@id\":\"https:\/\/www.qnde.ca\/#\/schema\/logo\/image\/\",\"url\":\"https:\/\/www.qnde.ca\/wp-content\/uploads\/2022\/02\/QNDE_logo_RGB-gif.gif\",\"contentUrl\":\"https:\/\/www.qnde.ca\/wp-content\/uploads\/2022\/02\/QNDE_logo_RGB-gif.gif\",\"width\":250,\"height\":64,\"caption\":\"Quality NDT Ltd.\"},\"image\":{\"@id\":\"https:\/\/www.qnde.ca\/#\/schema\/logo\/image\/\"},\"sameAs\":[\"https:\/\/www.linkedin.com\/company\/qnde\/about\/?viewAsMember=true\"]}]}<\/script>\n<!-- \/ Yoast SEO plugin. -->","yoast_head_json":{"title":"Magnaflux Spotcheck SKL-4C, P\u00e9n\u00e9trant Visible\/Fluorescent \u00e0 Base d\u2019Eau &#060; Qualit\u00e9 NDE","description":"Magnaflux Spotcheck SKL-4C , p\u00e9n\u00e9trant \u00e0 base d'eau.Con\u00e7u sp\u00e9cialement pour les plastiques sensibles aux produits chimiques et pour la d\u00e9tection de fuites.","robots":{"index":"index","follow":"follow","max-snippet":"max-snippet:-1","max-image-preview":"max-image-preview:large","max-video-preview":"max-video-preview:-1"},"canonical":"https:\/\/www.qnde.ca\/fr\/produit\/skl-4c\/","twitter_misc":{"Dur\u00e9e de lecture estim\u00e9e":"1 minute"},"schema":{"@context":"https:\/\/schema.org","@graph":[{"@type":["WebPage","ItemPage"],"@id":"https:\/\/www.qnde.ca\/fr\/produit\/skl-4c\/","url":"https:\/\/www.qnde.ca\/fr\/produit\/skl-4c\/","name":"Magnaflux Spotcheck SKL-4C, P\u00e9n\u00e9trant Visible\/Fluorescent \u00e0 Base d\u2019Eau &#060; Qualit\u00e9 NDE","isPartOf":{"@id":"https:\/\/www.qnde.ca\/#website"},"primaryImageOfPage":{"@id":"https:\/\/www.qnde.ca\/fr\/produit\/skl-4c\/#primaryimage"},"image":{"@id":"https:\/\/www.qnde.ca\/fr\/produit\/skl-4c\/#primaryimage"},"thumbnailUrl":"https:\/\/www.qnde.ca\/wp-content\/uploads\/2016\/01\/SKL-4C.jpg","datePublished":"2016-01-07T14:38:38+00:00","dateModified":"2025-08-14T14:42:03+00:00","description":"Magnaflux Spotcheck SKL-4C , p\u00e9n\u00e9trant \u00e0 base d'eau.Con\u00e7u sp\u00e9cialement pour les plastiques sensibles aux produits chimiques et pour la d\u00e9tection de fuites.","breadcrumb":{"@id":"https:\/\/www.qnde.ca\/fr\/produit\/skl-4c\/#breadcrumb"},"inLanguage":"fr-FR","potentialAction":[{"@type":"ReadAction","target":["https:\/\/www.qnde.ca\/fr\/produit\/skl-4c\/"]}]},{"@type":"ImageObject","inLanguage":"fr-FR","@id":"https:\/\/www.qnde.ca\/fr\/produit\/skl-4c\/#primaryimage","url":"https:\/\/www.qnde.ca\/wp-content\/uploads\/2016\/01\/SKL-4C.jpg","contentUrl":"https:\/\/www.qnde.ca\/wp-content\/uploads\/2016\/01\/SKL-4C.jpg","width":1015,"height":1024},{"@type":"BreadcrumbList","@id":"https:\/\/www.qnde.ca\/fr\/produit\/skl-4c\/#breadcrumb","itemListElement":[{"@type":"ListItem","position":1,"name":"Accueil","item":"https:\/\/www.qnde.ca\/fr\/"},{"@type":"ListItem","position":2,"name":"Produits","item":"https:\/\/www.qnde.ca\/fr\/produits\/"},{"@type":"ListItem","position":3,"name":"Marques","item":"https:\/\/www.qnde.ca\/fr\/product-category\/marques\/"},{"@type":"ListItem","position":4,"name":"Magnaflux","item":"https:\/\/www.qnde.ca\/fr\/product-category\/marques\/magnaflux-fr\/"},{"@type":"ListItem","position":5,"name":"Magnaflux Spotcheck SKL-4C, P\u00e9n\u00e9trant Visible\/Fluorescent \u00e0 Base d\u2019Eau"}]},{"@type":"WebSite","@id":"https:\/\/www.qnde.ca\/#website","url":"https:\/\/www.qnde.ca\/","name":"Qualit\u00e9 NDE","description":"\u00c9quipements d&#039;essais non destructifs ","publisher":{"@id":"https:\/\/www.qnde.ca\/#organization"},"potentialAction":[{"@type":"SearchAction","target":{"@type":"EntryPoint","urlTemplate":"https:\/\/www.qnde.ca\/?s={search_term_string}"},"query-input":{"@type":"PropertyValueSpecification","valueRequired":true,"valueName":"search_term_string"}}],"inLanguage":"fr-FR"},{"@type":"Organization","@id":"https:\/\/www.qnde.ca\/#organization","name":"Quality NDT Ltd.","url":"https:\/\/www.qnde.ca\/","logo":{"@type":"ImageObject","inLanguage":"fr-FR","@id":"https:\/\/www.qnde.ca\/#\/schema\/logo\/image\/","url":"https:\/\/www.qnde.ca\/wp-content\/uploads\/2022\/02\/QNDE_logo_RGB-gif.gif","contentUrl":"https:\/\/www.qnde.ca\/wp-content\/uploads\/2022\/02\/QNDE_logo_RGB-gif.gif","width":250,"height":64,"caption":"Quality NDT Ltd."},"image":{"@id":"https:\/\/www.qnde.ca\/#\/schema\/logo\/image\/"},"sameAs":["https:\/\/www.linkedin.com\/company\/qnde\/about\/?viewAsMember=true"]}]}},"jetpack_sharing_enabled":true,"_links":{"self":[{"href":"https:\/\/www.qnde.ca\/fr\/wp-json\/wp\/v2\/product\/3741","targetHints":{"allow":["GET"]}}],"collection":[{"href":"https:\/\/www.qnde.ca\/fr\/wp-json\/wp\/v2\/product"}],"about":[{"href":"https:\/\/www.qnde.ca\/fr\/wp-json\/wp\/v2\/types\/product"}],"wp:featuredmedia":[{"embeddable":true,"href":"https:\/\/www.qnde.ca\/fr\/wp-json\/wp\/v2\/media\/3744"}],"wp:attachment":[{"href":"https:\/\/www.qnde.ca\/fr\/wp-json\/wp\/v2\/media?parent=3741"}],"wp:term":[{"taxonomy":"product_brand","embeddable":true,"href":"https:\/\/www.qnde.ca\/fr\/wp-json\/wp\/v2\/product_brand?post=3741"},{"taxonomy":"product_cat","embeddable":true,"href":"https:\/\/www.qnde.ca\/fr\/wp-json\/wp\/v2\/product_cat?post=3741"},{"taxonomy":"product_tag","embeddable":true,"href":"https:\/\/www.qnde.ca\/fr\/wp-json\/wp\/v2\/product_tag?post=3741"}],"curies":[{"name":"wp","href":"https:\/\/api.w.org\/{rel}","templated":true}]}}